{"id":8708,"date":"2021-02-02T16:39:23","date_gmt":"2021-02-02T16:39:23","guid":{"rendered":"https:\/\/lescollectionsprivees.com\/?page_id=8708"},"modified":"2025-05-23T09:16:51","modified_gmt":"2025-05-23T09:16:51","slug":"lieferungen-rucksendungen","status":"publish","type":"page","link":"https:\/\/lescollectionsprivees.com\/de\/livraisons-retours\/","title":{"rendered":"Lieferungen &amp; R\u00fccksendungen"},"content":{"rendered":"<h3><strong>Der Transport Ihres Pakets<\/strong><\/h3>\n<p>Die Pakete werden in der Regel innerhalb von 48 Stunden nach Eingang Ihrer Zahlung versandt. Die Standardversandart ist das verfolgte Colissimo, das ohne Unterschrift \u00fcbergeben wird. Wenn Sie eine \u00dcbergabe mit Unterschrift w\u00fcnschen, fallen zus\u00e4tzliche Kosten an, bitte kontaktieren Sie uns. Unabh\u00e4ngig von der gew\u00e4hlten Versandart stellen wir Ihnen so bald wie m\u00f6glich einen Link zur Verf\u00fcgung, \u00fcber den Sie die Lieferung Ihres Pakets online verfolgen k\u00f6nnen.<\/p>\n<p>Die Versandkosten umfassen Verpackung, Handhabung und Postgeb\u00fchren. Sie k\u00f6nnen einen festen und einen variablen Anteil enthalten, der sich nach dem Preis oder dem Gewicht Ihrer Bestellung richtet. Wir empfehlen Ihnen, Ihre Eink\u00e4ufe zu einer einzigen Bestellung zusammenzufassen. Wir k\u00f6nnen nicht zwei verschiedene Bestellungen zusammenfassen, und Sie m\u00fcssen f\u00fcr jede Bestellung die Versandkosten bezahlen. Ihr Paket wird auf Ihr eigenes Risiko versandt. Besondere Sorgfalt wird auf Pakete mit zerbrechlichen Produkten verwendet.<\/p>\n<p>Die Pakete sind \u00fcbergro\u00df und gesch\u00fctzt.<\/p>\n<h2 id=\"h-article-5-retour-remboursement-et-droit-de-retractation\" class=\"wp-block-heading\">R\u00dcCKGABE - ERSTATTUNG UND WIDERRUFSRECHT<\/h2>\n<h3 id=\"h-conditions-de-nbsp-retractation\" class=\"wp-block-heading\">Bedingungen f\u00fcr den Widerruf<\/h3>\n<p>Der Kunde hat ein R\u00fcckgaberecht von vierzehn (14) Tagen ab Erhalt der Gesamtheit seiner Bestellung, um ohne notwendigerweise einen Grund anzugeben, den Vertrag zu widerrufen.<br \/>\nUm das Widerrufsrecht auszu\u00fcben, muss der Kunde seinen Entschluss, seine Bestellung zu widerrufen, durch eine eindeutige Erkl\u00e4rung unter Angabe seines Vor- und Nachnamens, seiner E-Mail-Adresse, seiner Anschrift, seiner Bestellnummer und seines Bestelldatums mitteilen:<\/p>\n<ul class=\"wp-block-list\">\n<li>per E-Mail: contact@lescollectionsprivees.com<\/li>\n<li>per Telefon: +33 6 58 55 14 29<\/li>\n<\/ul>\n<h5 class=\"wp-block-heading\">Erstattung &amp; R\u00fcckgabe von Produkten<\/h5>\n<ol class=\"wp-block-list\">\n<li>Im Falle des Widerrufs durch den Kunden hat L.P.S die vom Kunden erhaltenen Zahlungen unverz\u00fcglich und in jedem Fall sp\u00e4testens binnen vierzehn (14) Tagen ab dem Tag zur\u00fcckzuzahlen, an dem L.P.S \u00fcber die Entscheidung des Kunden, den Vertrag zu widerrufen, unterrichtet wurde.<\/li>\n<li>Wenn der Kunde seine gesamte Bestellung widerruft, wird L.P.S alle Zahlungen, die er vom Kunden f\u00fcr diese Bestellung erhalten hat, zur\u00fcckerstatten.<\/li>\n<li>Falls der Kunde einen Teil der Produkte der Bestellung widerruft, wird L.P.S den Betrag f\u00fcr die zur\u00fcckgesandten Produkte erstatten.<\/li>\n<li>Die R\u00fcckerstattung erfolgt mit demselben Zahlungsmittel, das der Kunde f\u00fcr seine Bestellung verwendet hat, oder per Bank\u00fcberweisung.<\/li>\n<li>L.P.S kann diese R\u00fcckerstattung bis zum Erhalt und der \u00dcberpr\u00fcfung der Produkte aufschieben.<\/li>\n<\/ol>\n<p>Wir akzeptieren R\u00fccksendungen von defekten und nicht defekten Produkten. Nur neue, unbenutzte Produkte k\u00f6nnen zur\u00fcckgegeben werden. Die Kosten f\u00fcr die R\u00fccksendung tr\u00e4gt der Kunde. Die R\u00fcckerstattung erfolgt 48 Stunden nach Erhalt und \u00dcberpr\u00fcfung des Pakets.<br \/>\nDie R\u00fccksendung der Pakete muss an die folgende Adresse erfolgen:<\/p>\n<p>L.P.S<\/p>\n<p>15 rue de la litte<\/p>\n<p>92390 Villeneuve la garenne<\/p>\n<p>Der Kunde tr\u00e4gt die Kosten f\u00fcr die R\u00fccksendung der vollst\u00e4ndigen Bestellung oder der Produkte.<\/p>\n<h3><strong>Ausnahmen vom Widerrufsrecht<\/strong><\/h3>\n<p>Gem\u00e4\u00df den Bestimmungen von Artikel L.121-21-8 des franz\u00f6sischen Verbraucherschutzgesetzes gilt das Widerrufsrecht nicht f\u00fcr : Die Erbringung von Dienstleistungen, die vor Ablauf der Widerrufsfrist vollst\u00e4ndig ausgef\u00fchrt wurden und deren Ausf\u00fchrung nach der ausdr\u00fccklichen vorherigen Zustimmung des Verbrauchers und dem ausdr\u00fccklichen Verzicht auf sein Widerrufsrecht begonnen hat. Die Lieferung von Waren oder Dienstleistungen, deren Preis von Schwankungen auf dem Finanzmarkt abh\u00e4ngt, die sich der Kontrolle des Gewerbetreibenden entziehen und die w\u00e4hrend der Widerrufsfrist auftreten k\u00f6nnen. Die Lieferung von Waren, die nach den Spezifikationen des Verbrauchers angefertigt werden oder eindeutig auf die pers\u00f6nlichen Bed\u00fcrfnisse zugeschnitten sind. Die Lieferung von Waren, die schnell verderben oder verfallen k\u00f6nnen. Die Lieferung von Waren, die vom Verbraucher nach der Lieferung entsiegelt wurden und die aus Gr\u00fcnden der Hygiene oder des Gesundheitsschutzes nicht zur\u00fcckgesandt werden k\u00f6nnen. Die Lieferung von Waren, die nach der Lieferung aufgrund ihrer Beschaffenheit untrennbar mit anderen Artikeln vermischt werden; Die Lieferung von alkoholischen Getr\u00e4nken, deren Lieferung sich um mehr als 30 Tage verz\u00f6gert und deren bei Vertragsabschluss vereinbarter Wert von Schwankungen auf dem Markt abh\u00e4ngt, die au\u00dferhalb der Kontrolle des Gewerbetreibenden liegen. Die Lieferung von Audio- oder Videoaufzeichnungen oder von Computersoftware, wenn diese vom Verbraucher nach der Lieferung entsiegelt wurden. Die Lieferung von Zeitungen, Zeitschriften oder Magazinen, mit Ausnahme von Abonnementvertr\u00e4gen f\u00fcr diese Publikationen. Gesch\u00e4fte, die im Rahmen einer \u00f6ffentlichen Auktion abgeschlossen werden. Die Lieferung von digitalen Inhalten, die nicht auf einem materiellen Tr\u00e4ger geliefert werden und deren Ausf\u00fchrung nach der vorherigen ausdr\u00fccklichen Zustimmung des Verbrauchers und dem ausdr\u00fccklichen Verzicht auf sein Widerrufsrecht begonnen hat. Artikel 7- Verf\u00fcgbarkeit Unsere Produkte werden angeboten, solange sie auf der Website https:\/\/lescollectionsprivees.com sichtbar sind und solange der Vorrat reicht. F\u00fcr nicht auf Lager befindliche Produkte gelten unsere Angebote vorbehaltlich der Verf\u00fcgbarkeit bei unseren Lieferanten. Sollte ein Produkt nach Aufgabe Ihrer Bestellung nicht verf\u00fcgbar sein, werden Sie von uns per E-Mail dar\u00fcber informiert. Ihre Bestellung wird dann automatisch storniert und es erfolgt keine Bankabbuchung. Dar\u00fcber hinaus ist die Website https:\/\/lescollectionsprivees.com nicht dazu bestimmt, ihre Produkte in gro\u00dfen Mengen zu verkaufen. Daher wird das Unternehmen\u00a0<strong>Manager<\/strong>\u00a0beh\u00e4lt sich das Recht vor, Bestellungen von identischen Artikeln abzulehnen.<\/p>","protected":false},"excerpt":{"rendered":"<p>Le transport de votre colis Les colis sont g\u00e9n\u00e9ralement exp\u00e9di\u00e9s en 48h apr\u00e8s r\u00e9ception de votre paiement. Le mode d\u2019exp\u00e9dition standard est le Colissimo suivi, remis sans signature. Si vous souhaitez une remise avec signature, un co\u00fbt suppl\u00e9mentaire s\u2019applique, merci de nous contacter. Quel que soit le mode d\u2019exp\u00e9dition choisi, nous vous fournirons d\u00e8s que [&#8230;]\n","protected":false},"author":1,"featured_media":0,"parent":0,"menu_order":0,"comment_status":"closed","ping_status":"closed","template":"","meta":{"footnotes":""},"class_list":["post-8708","page","type-page","status-publish","hentry"],"yoast_head":"<!-- This site is optimized with the Yoast SEO plugin v27.3 - https:\/\/yoast.com\/product\/yoast-seo-wordpress\/ -->\n<title>Livraisons &amp; Retours - Les Collections Priv\u00e9es<\/title>\n<meta name=\"robots\" content=\"index, follow, max-snippet:-1, max-image-preview:large, max-video-preview:-1\" \/>\n<link rel=\"canonical\" href=\"https:\/\/lescollectionsprivees.com\/de\/lieferungen-rucksendungen\/\" \/>\n<meta property=\"og:locale\" content=\"de_DE\" \/>\n<meta property=\"og:type\" content=\"article\" \/>\n<meta property=\"og:title\" content=\"Livraisons &amp; Retours - Les Collections Priv\u00e9es\" \/>\n<meta property=\"og:description\" content=\"Le transport de votre colis Les colis sont g\u00e9n\u00e9ralement exp\u00e9di\u00e9s en 48h apr\u00e8s r\u00e9ception de votre paiement. Le mode d\u2019exp\u00e9dition standard est le Colissimo suivi, remis sans signature. Si vous souhaitez une remise avec signature, un co\u00fbt suppl\u00e9mentaire s\u2019applique, merci de nous contacter. Quel que soit le mode d\u2019exp\u00e9dition choisi, nous vous fournirons d\u00e8s que [...]\" \/>\n<meta property=\"og:url\" content=\"https:\/\/lescollectionsprivees.com\/de\/lieferungen-rucksendungen\/\" \/>\n<meta property=\"og:site_name\" content=\"Les Collections Priv\u00e9es\" \/>\n<meta property=\"article:modified_time\" content=\"2025-05-23T09:16:51+00:00\" \/>\n<meta name=\"twitter:card\" content=\"summary_large_image\" \/>\n<meta name=\"twitter:label1\" content=\"Gesch\u00e4tzte Lesezeit\" \/>\n\t<meta name=\"twitter:data1\" content=\"5\u00a0Minuten\" \/>\n<script type=\"application\/ld+json\" class=\"yoast-schema-graph\">{\"@context\":\"https:\\\/\\\/schema.org\",\"@graph\":[{\"@type\":\"WebPage\",\"@id\":\"https:\\\/\\\/lescollectionsprivees.com\\\/livraisons-retours\\\/\",\"url\":\"https:\\\/\\\/lescollectionsprivees.com\\\/livraisons-retours\\\/\",\"name\":\"Livraisons & Retours - Les Collections Priv\u00e9es\",\"isPartOf\":{\"@id\":\"https:\\\/\\\/lescollectionsprivees.com\\\/#website\"},\"datePublished\":\"2021-02-02T16:39:23+00:00\",\"dateModified\":\"2025-05-23T09:16:51+00:00\",\"breadcrumb\":{\"@id\":\"https:\\\/\\\/lescollectionsprivees.com\\\/livraisons-retours\\\/#breadcrumb\"},\"inLanguage\":\"de\",\"potentialAction\":[{\"@type\":\"ReadAction\",\"target\":[\"https:\\\/\\\/lescollectionsprivees.com\\\/livraisons-retours\\\/\"]}]},{\"@type\":\"BreadcrumbList\",\"@id\":\"https:\\\/\\\/lescollectionsprivees.com\\\/livraisons-retours\\\/#breadcrumb\",\"itemListElement\":[{\"@type\":\"ListItem\",\"position\":1,\"name\":\"Accueil\",\"item\":\"https:\\\/\\\/lescollectionsprivees.com\\\/\"},{\"@type\":\"ListItem\",\"position\":2,\"name\":\"Livraisons &#038; Retours\"}]},{\"@type\":\"WebSite\",\"@id\":\"https:\\\/\\\/lescollectionsprivees.com\\\/#website\",\"url\":\"https:\\\/\\\/lescollectionsprivees.com\\\/\",\"name\":\"Les Collections Priv\u00e9es\",\"description\":\"\",\"publisher\":{\"@id\":\"https:\\\/\\\/lescollectionsprivees.com\\\/#organization\"},\"potentialAction\":[{\"@type\":\"SearchAction\",\"target\":{\"@type\":\"EntryPoint\",\"urlTemplate\":\"https:\\\/\\\/lescollectionsprivees.com\\\/?s={search_term_string}\"},\"query-input\":{\"@type\":\"PropertyValueSpecification\",\"valueRequired\":true,\"valueName\":\"search_term_string\"}}],\"inLanguage\":\"de\"},{\"@type\":\"Organization\",\"@id\":\"https:\\\/\\\/lescollectionsprivees.com\\\/#organization\",\"name\":\"Les Collections Priv\u00e9es\",\"url\":\"https:\\\/\\\/lescollectionsprivees.com\\\/\",\"logo\":{\"@type\":\"ImageObject\",\"inLanguage\":\"de\",\"@id\":\"https:\\\/\\\/lescollectionsprivees.com\\\/#\\\/schema\\\/logo\\\/image\\\/\",\"url\":\"https:\\\/\\\/lescollectionsprivees.com\\\/wp-content\\\/uploads\\\/2020\\\/02\\\/Logo-Les-Collections-Priv\u00e9es-450x450-1.png\",\"contentUrl\":\"https:\\\/\\\/lescollectionsprivees.com\\\/wp-content\\\/uploads\\\/2020\\\/02\\\/Logo-Les-Collections-Priv\u00e9es-450x450-1.png\",\"width\":450,\"height\":450,\"caption\":\"Les Collections Priv\u00e9es\"},\"image\":{\"@id\":\"https:\\\/\\\/lescollectionsprivees.com\\\/#\\\/schema\\\/logo\\\/image\\\/\"}}]}<\/script>\n<!-- \/ Yoast SEO plugin. -->","yoast_head_json":{"title":"Lieferungen &amp; R\u00fccksendungen - Les Collections Priv\u00e9es","robots":{"index":"index","follow":"follow","max-snippet":"max-snippet:-1","max-image-preview":"max-image-preview:large","max-video-preview":"max-video-preview:-1"},"canonical":"https:\/\/lescollectionsprivees.com\/de\/lieferungen-rucksendungen\/","og_locale":"de_DE","og_type":"article","og_title":"Livraisons & Retours - Les Collections Priv\u00e9es","og_description":"Le transport de votre colis Les colis sont g\u00e9n\u00e9ralement exp\u00e9di\u00e9s en 48h apr\u00e8s r\u00e9ception de votre paiement. Le mode d\u2019exp\u00e9dition standard est le Colissimo suivi, remis sans signature. Si vous souhaitez une remise avec signature, un co\u00fbt suppl\u00e9mentaire s\u2019applique, merci de nous contacter. Quel que soit le mode d\u2019exp\u00e9dition choisi, nous vous fournirons d\u00e8s que [...]","og_url":"https:\/\/lescollectionsprivees.com\/de\/lieferungen-rucksendungen\/","og_site_name":"Les Collections Priv\u00e9es","article_modified_time":"2025-05-23T09:16:51+00:00","twitter_card":"summary_large_image","twitter_misc":{"Gesch\u00e4tzte Lesezeit":"5\u00a0Minuten"},"schema":{"@context":"https:\/\/schema.org","@graph":[{"@type":"WebPage","@id":"https:\/\/lescollectionsprivees.com\/livraisons-retours\/","url":"https:\/\/lescollectionsprivees.com\/livraisons-retours\/","name":"Lieferungen &amp; R\u00fccksendungen - Les Collections Priv\u00e9es","isPartOf":{"@id":"https:\/\/lescollectionsprivees.com\/#website"},"datePublished":"2021-02-02T16:39:23+00:00","dateModified":"2025-05-23T09:16:51+00:00","breadcrumb":{"@id":"https:\/\/lescollectionsprivees.com\/livraisons-retours\/#breadcrumb"},"inLanguage":"de","potentialAction":[{"@type":"ReadAction","target":["https:\/\/lescollectionsprivees.com\/livraisons-retours\/"]}]},{"@type":"BreadcrumbList","@id":"https:\/\/lescollectionsprivees.com\/livraisons-retours\/#breadcrumb","itemListElement":[{"@type":"ListItem","position":1,"name":"Accueil","item":"https:\/\/lescollectionsprivees.com\/"},{"@type":"ListItem","position":2,"name":"Livraisons &#038; Retours"}]},{"@type":"WebSite","@id":"https:\/\/lescollectionsprivees.com\/#website","url":"https:\/\/lescollectionsprivees.com\/","name":"Private Sammlungen","description":"","publisher":{"@id":"https:\/\/lescollectionsprivees.com\/#organization"},"potentialAction":[{"@type":"SearchAction","target":{"@type":"EntryPoint","urlTemplate":"https:\/\/lescollectionsprivees.com\/?s={search_term_string}"},"query-input":{"@type":"PropertyValueSpecification","valueRequired":true,"valueName":"search_term_string"}}],"inLanguage":"de"},{"@type":"Organization","@id":"https:\/\/lescollectionsprivees.com\/#organization","name":"Private Sammlungen","url":"https:\/\/lescollectionsprivees.com\/","logo":{"@type":"ImageObject","inLanguage":"de","@id":"https:\/\/lescollectionsprivees.com\/#\/schema\/logo\/image\/","url":"https:\/\/lescollectionsprivees.com\/wp-content\/uploads\/2020\/02\/Logo-Les-Collections-Priv\u00e9es-450x450-1.png","contentUrl":"https:\/\/lescollectionsprivees.com\/wp-content\/uploads\/2020\/02\/Logo-Les-Collections-Priv\u00e9es-450x450-1.png","width":450,"height":450,"caption":"Les Collections Priv\u00e9es"},"image":{"@id":"https:\/\/lescollectionsprivees.com\/#\/schema\/logo\/image\/"}}]}},"_links":{"self":[{"href":"https:\/\/lescollectionsprivees.com\/de\/wp-json\/wp\/v2\/pages\/8708","targetHints":{"allow":["GET"]}}],"collection":[{"href":"https:\/\/lescollectionsprivees.com\/de\/wp-json\/wp\/v2\/pages"}],"about":[{"href":"https:\/\/lescollectionsprivees.com\/de\/wp-json\/wp\/v2\/types\/page"}],"author":[{"embeddable":true,"href":"https:\/\/lescollectionsprivees.com\/de\/wp-json\/wp\/v2\/users\/1"}],"replies":[{"embeddable":true,"href":"https:\/\/lescollectionsprivees.com\/de\/wp-json\/wp\/v2\/comments?post=8708"}],"version-history":[{"count":3,"href":"https:\/\/lescollectionsprivees.com\/de\/wp-json\/wp\/v2\/pages\/8708\/revisions"}],"predecessor-version":[{"id":35185,"href":"https:\/\/lescollectionsprivees.com\/de\/wp-json\/wp\/v2\/pages\/8708\/revisions\/35185"}],"wp:attachment":[{"href":"https:\/\/lescollectionsprivees.com\/de\/wp-json\/wp\/v2\/media?parent=8708"}],"curies":[{"name":"wp","href":"https:\/\/api.w.org\/{rel}","templated":true}]}}