{"id":25696,"date":"2024-01-31T15:17:37","date_gmt":"2024-01-31T15:17:37","guid":{"rendered":"https:\/\/lescollectionsprivees.com\/?post_type=product&#038;p=25696"},"modified":"2026-04-30T08:37:04","modified_gmt":"2026-04-30T08:37:04","slug":"eau-de-parfum-khamrah","status":"publish","type":"product","link":"https:\/\/lescollectionsprivees.com\/de\/parfum\/eau-de-parfum-khamrah\/","title":{"rendered":"Khamrah Eau de Parfum 100ml - Lattafa"},"content":{"rendered":"<p>Von den ersten Augenblicken an sp\u00fcren Sie die Verschmelzung zweier Duftwelten durch den\u00a0<strong>Khamrah Geschmack\u00a0<\/strong>gedacht von\u00a0<strong>Lattafa<\/strong>. Erliegen Sie der Versuchung dieser wunderbaren Mischung, die in einem wundersch\u00f6nen, transparenten Flakon enthalten ist. Nehmen Sie teil an einer sensorischen Erfahrung, die Ihnen einen s\u00fc\u00dfen, ambraartigen Duft vermittelt.<\/p>\n<h2><strong>Khamrah Parfum von Lattafa: Zwei Welten f\u00fcr ein Elixier<\/strong><\/h2>\n<p>Die Marke Lattafa hat wieder einmal einen meisterhaften Treffer gelandet mit diesem\u00a0<strong>gemischtes Parf\u00fcm\u00a0<\/strong>von 100 mL. Die Verpackung ist sowohl elegant als auch minimalistisch, w\u00e4hrend der Duft uns sprachlos macht. Der goldene Verschluss erinnert an Luxus. \u00dcbrigens, Sie wissen es vielleicht nicht, aber einige Parfums dieser Welt erreichen manchmal horrende Betr\u00e4ge.<\/p>\n<p>Lattafa hat einen ziemlich imposanten Ruf in der Welt der\u00a0<strong>orientalische Parf\u00fcmerie<\/strong>. Er hat eine gro\u00dfe Auswahl an Parfums, darunter das<a href=\"https:\/\/lescollectionsprivees.com\/de\/duft\/eau-de-parfum-hayaati\/\"><strong>Hayaati Eau de Parfum<\/strong><\/a>, sehr ber\u00fchmt. Dieses Parfum aus Dubai konzentriert um sich herum das Know-how der orientalischen Parfumh\u00e4user und die Finesse westlicher D\u00fcfte.<\/p>\n<h2><strong>Parfum Khamrah by Lattafa: eine faszinierende Kombination<\/strong><\/h2>\n<p>Was die Duftpyramide dieses olfaktorischen Juwels betrifft, so umfasst sie ziemlich viele Zutaten. Hier ist sie:<\/p>\n<ul>\n<li><strong>Kopf: Bergamotte, Zimt, Muskatnuss,<\/strong><\/li>\n<li><strong>Herz: Datteln, Mahonia, Pralin\u00e9, Tuberose,<\/strong><\/li>\n<li><strong>Basisnote: Amber, Benzoe, Akigala-Holz, ger\u00f6stete Tonkabohne, Myrrhe, Vanille.<\/strong><\/li>\n<\/ul>\n<p>Schlie\u00dflich vereint das Parfum Khamrah viele verschiedene Noten, einige aus der orientalischen Kultur, andere eher aus dem Westen. Der erste Eindruck, der durch die Kopfnoten repr\u00e4sentiert wird, ist sowohl frisch als auch w\u00fcrzig.<\/p>\n<p>Wir erinnern uns auch an die S\u00fc\u00dfe und den fruchtigen Touch der Herznote. Schlie\u00dflich sch\u00e4tzen wir die W\u00e4rme und die holzige Seite in der Basisnote. All diese Parameter machen es zu einem komplexen und anspruchsvollen Parfum, das uns aber gef\u00e4llt!<\/p>\n<h3><strong>Der Nahe Osten nur einen Spritzer von Ihnen entfernt!<\/strong><\/h3>\n<p>Mit dem Parf\u00fcm Khamra k\u00f6nnen Sie durch die Welt reisen. Denn wenn Sie es auf die hei\u00dfen Stellen Ihres K\u00f6rpers spr\u00fchen, versetzt es Sie in den Orient. Wie w\u00e4re es mit Dubai, Abu Dhabi oder anderen Orten?<\/p>","protected":false},"excerpt":{"rendered":"<p><strong>Geruchsnoten :<\/strong><\/p>\n<p><strong>Kopfnoten<\/strong> : Bergamotte, Muskatnuss, Zimt<br \/>\n<strong>Herznoten<\/strong> : Datteln, Mahonial, Pralin\u00e9, Tuberose<br \/>\n<strong>Hintergrundnoten<\/strong> Myrrhe, ger\u00f6stete Tonkabohne, Vanille, Benzoe, Amber, Akigala-Holz.<\/p>\n<p><strong>Genre<\/strong> : Gemischt.<\/p>","protected":false},"featured_media":25745,"template":"","meta":[],"product_brand":[],"product_cat":[227,203,261,272,208,15],"product_tag":[],"class_list":{"0":"post-25696","1":"product","2":"type-product","3":"status-publish","4":"has-post-thumbnail","6":"product_cat-parfum-lattafa","7":"product_cat-parfum-ambre","8":"product_cat-parfum-boise","9":"product_cat-parfum-sucre","10":"product_cat-parfum-vanille","11":"product_cat-parfums-de-dubai","13":"first","14":"instock","15":"taxable","16":"shipping-taxable","17":"purchasable","18":"product-type-simple"},"yoast_head":"<!-- This site is optimized with the Yoast SEO plugin v27.5 - https:\/\/yoast.com\/product\/yoast-seo-wordpress\/ -->\n<title>Khamrah | Eau de parfum mixte 100ml | Lattafa<\/title>\n<meta name=\"description\" content=\"D\u00e8s les premiers instants, vous sentirez la fusion de deux mondes olfactifs s&#039;entrem\u00ealer \u00e0 travers le\u00a0parfum Khamrah\u00a0pens\u00e9 par\u00a0Lattafa.\" \/>\n<meta name=\"robots\" content=\"index, follow, max-snippet:-1, max-image-preview:large, max-video-preview:-1\" \/>\n<link rel=\"canonical\" href=\"https:\/\/lescollectionsprivees.com\/de\/duft\/eau-de-parfum-khamrah\/\" \/>\n<meta property=\"og:locale\" content=\"de_DE\" \/>\n<meta property=\"og:type\" content=\"article\" \/>\n<meta property=\"og:title\" content=\"Khamrah | Eau de parfum mixte 100ml | Lattafa\" \/>\n<meta property=\"og:description\" content=\"D\u00e8s les premiers instants, vous sentirez la fusion de deux mondes olfactifs s&#039;entrem\u00ealer \u00e0 travers le\u00a0parfum Khamrah\u00a0pens\u00e9 par\u00a0Lattafa.\" \/>\n<meta property=\"og:url\" content=\"https:\/\/lescollectionsprivees.com\/de\/duft\/eau-de-parfum-khamrah\/\" \/>\n<meta property=\"og:site_name\" content=\"Les Collections Priv\u00e9es\" \/>\n<meta property=\"article:modified_time\" content=\"2026-04-30T08:37:04+00:00\" \/>\n<meta property=\"og:image\" content=\"https:\/\/lescollectionsprivees.com\/wp-content\/uploads\/2023\/08\/khamrah-lattafa.jpg\" \/>\n\t<meta property=\"og:image:width\" content=\"600\" \/>\n\t<meta property=\"og:image:height\" content=\"600\" \/>\n\t<meta property=\"og:image:type\" content=\"image\/jpeg\" \/>\n<meta name=\"twitter:card\" content=\"summary_large_image\" \/>\n<meta name=\"twitter:label1\" content=\"Gesch\u00e4tzte Lesezeit\" \/>\n\t<meta name=\"twitter:data1\" content=\"2\u00a0Minuten\" \/>\n<script type=\"application\/ld+json\" class=\"yoast-schema-graph\">{\"@context\":\"https:\\\/\\\/schema.org\",\"@graph\":[{\"@type\":\"WebPage\",\"@id\":\"https:\\\/\\\/lescollectionsprivees.com\\\/parfum\\\/eau-de-parfum-khamrah\\\/\",\"url\":\"https:\\\/\\\/lescollectionsprivees.com\\\/parfum\\\/eau-de-parfum-khamrah\\\/\",\"name\":\"Khamrah | Eau de parfum mixte 100ml | Lattafa\",\"isPartOf\":{\"@id\":\"https:\\\/\\\/lescollectionsprivees.com\\\/#website\"},\"primaryImageOfPage\":{\"@id\":\"https:\\\/\\\/lescollectionsprivees.com\\\/parfum\\\/eau-de-parfum-khamrah\\\/#primaryimage\"},\"image\":{\"@id\":\"https:\\\/\\\/lescollectionsprivees.com\\\/parfum\\\/eau-de-parfum-khamrah\\\/#primaryimage\"},\"thumbnailUrl\":\"https:\\\/\\\/lescollectionsprivees.com\\\/wp-content\\\/uploads\\\/2023\\\/08\\\/khamrah-lattafa.jpg\",\"datePublished\":\"2024-01-31T15:17:37+00:00\",\"dateModified\":\"2026-04-30T08:37:04+00:00\",\"description\":\"D\u00e8s les premiers instants, vous sentirez la fusion de deux mondes olfactifs s'entrem\u00ealer \u00e0 travers le\u00a0parfum Khamrah\u00a0pens\u00e9 par\u00a0Lattafa.\",\"breadcrumb\":{\"@id\":\"https:\\\/\\\/lescollectionsprivees.com\\\/parfum\\\/eau-de-parfum-khamrah\\\/#breadcrumb\"},\"inLanguage\":\"de\",\"potentialAction\":[{\"@type\":\"ReadAction\",\"target\":[\"https:\\\/\\\/lescollectionsprivees.com\\\/parfum\\\/eau-de-parfum-khamrah\\\/\"]}]},{\"@type\":\"ImageObject\",\"inLanguage\":\"de\",\"@id\":\"https:\\\/\\\/lescollectionsprivees.com\\\/parfum\\\/eau-de-parfum-khamrah\\\/#primaryimage\",\"url\":\"https:\\\/\\\/lescollectionsprivees.com\\\/wp-content\\\/uploads\\\/2023\\\/08\\\/khamrah-lattafa.jpg\",\"contentUrl\":\"https:\\\/\\\/lescollectionsprivees.com\\\/wp-content\\\/uploads\\\/2023\\\/08\\\/khamrah-lattafa.jpg\",\"width\":600,\"height\":600,\"caption\":\"Eau de parfum Khamrah 100ml \u2013 Lattafa\"},{\"@type\":\"BreadcrumbList\",\"@id\":\"https:\\\/\\\/lescollectionsprivees.com\\\/parfum\\\/eau-de-parfum-khamrah\\\/#breadcrumb\",\"itemListElement\":[{\"@type\":\"ListItem\",\"position\":1,\"name\":\"Accueil\",\"item\":\"https:\\\/\\\/lescollectionsprivees.com\\\/\"},{\"@type\":\"ListItem\",\"position\":2,\"name\":\"Boutique\",\"item\":\"https:\\\/\\\/lescollectionsprivees.com\\\/boutique\\\/\"},{\"@type\":\"ListItem\",\"position\":3,\"name\":\"Eau de parfum Khamrah 100ml \u2013 Lattafa\"}]},{\"@type\":\"WebSite\",\"@id\":\"https:\\\/\\\/lescollectionsprivees.com\\\/#website\",\"url\":\"https:\\\/\\\/lescollectionsprivees.com\\\/\",\"name\":\"Les Collections Priv\u00e9es\",\"description\":\"\",\"publisher\":{\"@id\":\"https:\\\/\\\/lescollectionsprivees.com\\\/#organization\"},\"potentialAction\":[{\"@type\":\"SearchAction\",\"target\":{\"@type\":\"EntryPoint\",\"urlTemplate\":\"https:\\\/\\\/lescollectionsprivees.com\\\/?s={search_term_string}\"},\"query-input\":{\"@type\":\"PropertyValueSpecification\",\"valueRequired\":true,\"valueName\":\"search_term_string\"}}],\"inLanguage\":\"de\"},{\"@type\":\"Organization\",\"@id\":\"https:\\\/\\\/lescollectionsprivees.com\\\/#organization\",\"name\":\"Les Collections Priv\u00e9es\",\"url\":\"https:\\\/\\\/lescollectionsprivees.com\\\/\",\"logo\":{\"@type\":\"ImageObject\",\"inLanguage\":\"de\",\"@id\":\"https:\\\/\\\/lescollectionsprivees.com\\\/#\\\/schema\\\/logo\\\/image\\\/\",\"url\":\"https:\\\/\\\/lescollectionsprivees.com\\\/wp-content\\\/uploads\\\/2020\\\/02\\\/Logo-Les-Collections-Priv\u00e9es-450x450-1.png\",\"contentUrl\":\"https:\\\/\\\/lescollectionsprivees.com\\\/wp-content\\\/uploads\\\/2020\\\/02\\\/Logo-Les-Collections-Priv\u00e9es-450x450-1.png\",\"width\":450,\"height\":450,\"caption\":\"Les Collections Priv\u00e9es\"},\"image\":{\"@id\":\"https:\\\/\\\/lescollectionsprivees.com\\\/#\\\/schema\\\/logo\\\/image\\\/\"}}]}<\/script>\n<!-- \/ Yoast SEO plugin. -->","yoast_head_json":{"title":"Khamrah | Eau de Parfum Unisex 100ml | Lattafa","description":"Vom ersten Moment an werden Sie sp\u00fcren, wie sich durch das von Lattafa erdachte Parfum Khamrah zwei Duftwelten miteinander verschmelzen.","robots":{"index":"index","follow":"follow","max-snippet":"max-snippet:-1","max-image-preview":"max-image-preview:large","max-video-preview":"max-video-preview:-1"},"canonical":"https:\/\/lescollectionsprivees.com\/de\/duft\/eau-de-parfum-khamrah\/","og_locale":"de_DE","og_type":"article","og_title":"Khamrah | Eau de parfum mixte 100ml | Lattafa","og_description":"D\u00e8s les premiers instants, vous sentirez la fusion de deux mondes olfactifs s'entrem\u00ealer \u00e0 travers le\u00a0parfum Khamrah\u00a0pens\u00e9 par\u00a0Lattafa.","og_url":"https:\/\/lescollectionsprivees.com\/de\/duft\/eau-de-parfum-khamrah\/","og_site_name":"Les Collections Priv\u00e9es","article_modified_time":"2026-04-30T08:37:04+00:00","og_image":[{"width":600,"height":600,"url":"https:\/\/lescollectionsprivees.com\/wp-content\/uploads\/2023\/08\/khamrah-lattafa.jpg","type":"image\/jpeg"}],"twitter_card":"summary_large_image","twitter_misc":{"Gesch\u00e4tzte Lesezeit":"2\u00a0Minuten"},"schema":{"@context":"https:\/\/schema.org","@graph":[{"@type":"WebPage","@id":"https:\/\/lescollectionsprivees.com\/parfum\/eau-de-parfum-khamrah\/","url":"https:\/\/lescollectionsprivees.com\/parfum\/eau-de-parfum-khamrah\/","name":"Khamrah | Eau de Parfum Unisex 100ml | Lattafa","isPartOf":{"@id":"https:\/\/lescollectionsprivees.com\/#website"},"primaryImageOfPage":{"@id":"https:\/\/lescollectionsprivees.com\/parfum\/eau-de-parfum-khamrah\/#primaryimage"},"image":{"@id":"https:\/\/lescollectionsprivees.com\/parfum\/eau-de-parfum-khamrah\/#primaryimage"},"thumbnailUrl":"https:\/\/lescollectionsprivees.com\/wp-content\/uploads\/2023\/08\/khamrah-lattafa.jpg","datePublished":"2024-01-31T15:17:37+00:00","dateModified":"2026-04-30T08:37:04+00:00","description":"Vom ersten Moment an werden Sie sp\u00fcren, wie sich durch das von Lattafa erdachte Parfum Khamrah zwei Duftwelten miteinander verschmelzen.","breadcrumb":{"@id":"https:\/\/lescollectionsprivees.com\/parfum\/eau-de-parfum-khamrah\/#breadcrumb"},"inLanguage":"de","potentialAction":[{"@type":"ReadAction","target":["https:\/\/lescollectionsprivees.com\/parfum\/eau-de-parfum-khamrah\/"]}]},{"@type":"ImageObject","inLanguage":"de","@id":"https:\/\/lescollectionsprivees.com\/parfum\/eau-de-parfum-khamrah\/#primaryimage","url":"https:\/\/lescollectionsprivees.com\/wp-content\/uploads\/2023\/08\/khamrah-lattafa.jpg","contentUrl":"https:\/\/lescollectionsprivees.com\/wp-content\/uploads\/2023\/08\/khamrah-lattafa.jpg","width":600,"height":600,"caption":"Eau de parfum Khamrah 100ml \u2013 Lattafa"},{"@type":"BreadcrumbList","@id":"https:\/\/lescollectionsprivees.com\/parfum\/eau-de-parfum-khamrah\/#breadcrumb","itemListElement":[{"@type":"ListItem","position":1,"name":"Accueil","item":"https:\/\/lescollectionsprivees.com\/"},{"@type":"ListItem","position":2,"name":"Boutique","item":"https:\/\/lescollectionsprivees.com\/boutique\/"},{"@type":"ListItem","position":3,"name":"Eau de parfum Khamrah 100ml \u2013 Lattafa"}]},{"@type":"WebSite","@id":"https:\/\/lescollectionsprivees.com\/#website","url":"https:\/\/lescollectionsprivees.com\/","name":"Private Sammlungen","description":"","publisher":{"@id":"https:\/\/lescollectionsprivees.com\/#organization"},"potentialAction":[{"@type":"SearchAction","target":{"@type":"EntryPoint","urlTemplate":"https:\/\/lescollectionsprivees.com\/?s={search_term_string}"},"query-input":{"@type":"PropertyValueSpecification","valueRequired":true,"valueName":"search_term_string"}}],"inLanguage":"de"},{"@type":"Organization","@id":"https:\/\/lescollectionsprivees.com\/#organization","name":"Private Sammlungen","url":"https:\/\/lescollectionsprivees.com\/","logo":{"@type":"ImageObject","inLanguage":"de","@id":"https:\/\/lescollectionsprivees.com\/#\/schema\/logo\/image\/","url":"https:\/\/lescollectionsprivees.com\/wp-content\/uploads\/2020\/02\/Logo-Les-Collections-Priv\u00e9es-450x450-1.png","contentUrl":"https:\/\/lescollectionsprivees.com\/wp-content\/uploads\/2020\/02\/Logo-Les-Collections-Priv\u00e9es-450x450-1.png","width":450,"height":450,"caption":"Les Collections Priv\u00e9es"},"image":{"@id":"https:\/\/lescollectionsprivees.com\/#\/schema\/logo\/image\/"}}]}},"_links":{"self":[{"href":"https:\/\/lescollectionsprivees.com\/de\/wp-json\/wp\/v2\/product\/25696","targetHints":{"allow":["GET"]}}],"collection":[{"href":"https:\/\/lescollectionsprivees.com\/de\/wp-json\/wp\/v2\/product"}],"about":[{"href":"https:\/\/lescollectionsprivees.com\/de\/wp-json\/wp\/v2\/types\/product"}],"wp:featuredmedia":[{"embeddable":true,"href":"https:\/\/lescollectionsprivees.com\/de\/wp-json\/wp\/v2\/media\/25745"}],"wp:attachment":[{"href":"https:\/\/lescollectionsprivees.com\/de\/wp-json\/wp\/v2\/media?parent=25696"}],"wp:term":[{"taxonomy":"product_brand","embeddable":true,"href":"https:\/\/lescollectionsprivees.com\/de\/wp-json\/wp\/v2\/product_brand?post=25696"},{"taxonomy":"product_cat","embeddable":true,"href":"https:\/\/lescollectionsprivees.com\/de\/wp-json\/wp\/v2\/product_cat?post=25696"},{"taxonomy":"product_tag","embeddable":true,"href":"https:\/\/lescollectionsprivees.com\/de\/wp-json\/wp\/v2\/product_tag?post=25696"}],"curies":[{"name":"wp","href":"https:\/\/api.w.org\/{rel}","templated":true}]}}