{"id":25728,"date":"2024-09-28T10:18:01","date_gmt":"2024-09-28T10:18:01","guid":{"rendered":"https:\/\/lescollectionsprivees.com\/?post_type=product&#038;p=25728"},"modified":"2025-03-10T15:28:18","modified_gmt":"2025-03-10T15:28:18","slug":"eau-de-parfum-tharwah-silver","status":"publish","type":"product","link":"https:\/\/lescollectionsprivees.com\/de\/parfum\/eau-de-parfum-tharwah-silver\/","title":{"rendered":"Eau de Parfum Tharwah silver 100ml - Lattafa Pride"},"content":{"rendered":"<p>L'<strong>Eau de Parfum Tharwah Silver<\/strong> von <strong>Lattafa<\/strong> verk\u00f6rpert die Essenz von Raffinesse und Eleganz. Diese <strong>gemischter Duft<\/strong> hat sich als wahres Juwel in der Welt der orientalischen D\u00fcfte etabliert. Er geh\u00f6rt zur gro\u00dfen Lattafa-Familie, um die olfaktorischen W\u00fcnsche eines jeden zu erf\u00fcllen.<\/p>\n<h2><strong>Vorstellung des Duftes Tharwah Silver by Lattafa<\/strong><\/h2>\n<p>Dieses Parfum fesselt die Aufmerksamkeit vom ersten Augenblick an mit einem frischen und belebenden Akkord. Die Bergamotte mit ihrem spritzigen Zitruscharakter trifft auf die erfrischende Minze. Diese dynamische Er\u00f6ffnung weckt die Sinne und k\u00fcndigt ein au\u00dfergew\u00f6hnliches Dufterlebnis an.<\/p>\n<p>Anschlie\u00dfend enth\u00fcllt die Herznote des Parfums Tharwah Silver ihre ganze blumige Zartheit. Die <strong>Salbei<\/strong> und die <a href=\"https:\/\/lescollectionsprivees.com\/de\/duft\/textil-spray-lavendel-mosco-paris\/\"><strong>Lavendel<\/strong><\/a>Die sorgf\u00e4ltig abgestimmten, aromatischen und kr\u00e4uterartigen Aromen verleihen dem Tee einen Hauch von Eleganz. Diese s\u00fc\u00dfen <strong>blumige Noten<\/strong> verleihen dem Duft somit einen Hauch von Raffinesse, der Liebhaber raffinierter Parfums sicherlich begeistern wird.<\/p>\n<p>Schlie\u00dflich tritt der Hintergrund in Aktion und betont den <strong>Zeder<\/strong> majest\u00e4tisch und der <strong>moschus<\/strong>. Die <strong>Vetiver<\/strong> erdiger Duft gesellt sich ebenfalls dazu, um eine warme Sillage zu schaffen. Diese holzige und moschusartige Basis verleiht der gesamten Partitur einen geheimnisvollen und verf\u00fchrerischen Touch, der sie sublimiert.<\/p>\n<h2><strong>Tharwah Silver Parfum: Eine olfaktorische Qualit\u00e4t, die nicht mehr zu beweisen ist<\/strong><\/h2>\n<p>Das Haus Lattafa, das f\u00fcr seine Expertise in der Kunst der <strong>orientalische Parf\u00fcmerie<\/strong>zeigt erneut seine F\u00e4higkeit, au\u00dfergew\u00f6hnliche D\u00fcfte zu kreieren. Dieser <strong>gemischtes Parf\u00fcm<\/strong> ist das Ergebnis einer Mischung aus orientalischer Tradition und modernen D\u00fcften. Eine Mischung, die einen zeitlosen und entschieden zeitgem\u00e4\u00dfen Duft hervorbringt.<\/p>\n<p>Was Tharwah Silver auszeichnet, ist seine Vielseitigkeit. Das Parfum wurde entwickelt, um sowohl M\u00e4nner als auch Frauen anzusprechen, und richtet sich an Menschen, die distinguierte D\u00fcfte sch\u00e4tzen. Es eignet sich hervorragend f\u00fcr diejenigen, die einen eleganten Duft f\u00fcr den Alltag, aber auch f\u00fcr besondere Anl\u00e4sse suchen.<\/p>\n<h3><strong>Der olfaktorische Orient sublimiert Sie<\/strong><\/h3>\n<p>Das Parfum Tharwah Silver l\u00e4dt Sie ein, eine Welt zu entdecken, in der Frische auf Sinnlichkeit trifft und Eleganz auf Modernit\u00e4t. Heben Sie sich also ab und bekr\u00e4ftigen Sie Ihre Pers\u00f6nlichkeit mit diesem <strong>orientalischer Duft<\/strong> raffiniert.<\/p>","protected":false},"excerpt":{"rendered":"<p><strong><u>Technische Daten :<\/u><\/strong><\/p>\n<p><strong>Name des Duftes<\/strong> : Tharwah Silver<br \/>\n<strong>Marke<\/strong> : Lattafa Pride by Lattafa<br \/>\n<strong>Genre<\/strong> : Gemischt<br \/>\n<strong>Inhalt<\/strong> : 100 mL<\/p>\n<p><strong><u>Geruchsnoten :<\/u><\/strong><\/p>\n<p><strong>Kopfnoten<\/strong> : Minze, Bergamotte<br \/>\n<strong>Herznoten<\/strong> : Muskatellersalbei, Lavendel<br \/>\n<strong>Hintergrundnoten<\/strong> : Zeder, Moschus, Vetiver<\/p>\n<p>&nbsp;<\/p>","protected":false},"featured_media":25773,"template":"","meta":[],"product_brand":[],"product_cat":[227,336,236,15,287],"product_tag":[],"class_list":{"0":"post-25728","1":"product","2":"type-product","3":"status-publish","4":"has-post-thumbnail","6":"product_cat-parfum-lattafa","7":"product_cat-lattafa-pride","8":"product_cat-parfum-musque","9":"product_cat-parfums-de-dubai","10":"product_cat-parfums-orientaux","12":"first","13":"instock","14":"taxable","15":"shipping-taxable","16":"purchasable","17":"product-type-simple"},"yoast_head":"<!-- This site is optimized with the Yoast SEO plugin v27.5 - https:\/\/yoast.com\/product\/yoast-seo-wordpress\/ -->\n<title>Tharwah silver | Eau de parfum 100ml | Collection Lattafa Pride<\/title>\n<meta name=\"description\" content=\"L&#039;eau de parfum Tharwah Silver de Lattafa incarne l&#039;essence m\u00eame du raffinement et de l&#039;\u00e9l\u00e9gance. Adoptez-l\u00e0 sans plus attendre !\" \/>\n<meta name=\"robots\" content=\"index, follow, max-snippet:-1, max-image-preview:large, max-video-preview:-1\" \/>\n<link rel=\"canonical\" href=\"https:\/\/lescollectionsprivees.com\/de\/duft\/eau-de-parfum-tharwah-silver\/\" \/>\n<meta property=\"og:locale\" content=\"de_DE\" \/>\n<meta property=\"og:type\" content=\"article\" \/>\n<meta property=\"og:title\" content=\"Tharwah silver | Eau de parfum 100ml | Collection Lattafa Pride\" \/>\n<meta property=\"og:description\" content=\"L&#039;eau de parfum Tharwah Silver de Lattafa incarne l&#039;essence m\u00eame du raffinement et de l&#039;\u00e9l\u00e9gance. Adoptez-l\u00e0 sans plus attendre !\" \/>\n<meta property=\"og:url\" content=\"https:\/\/lescollectionsprivees.com\/de\/duft\/eau-de-parfum-tharwah-silver\/\" \/>\n<meta property=\"og:site_name\" content=\"Les Collections Priv\u00e9es\" \/>\n<meta property=\"article:modified_time\" content=\"2025-03-10T15:28:18+00:00\" \/>\n<meta property=\"og:image\" content=\"https:\/\/lescollectionsprivees.com\/wp-content\/uploads\/2023\/08\/parfum-tharwah-silver-lattafa.jpg\" \/>\n\t<meta property=\"og:image:width\" content=\"600\" \/>\n\t<meta property=\"og:image:height\" content=\"600\" \/>\n\t<meta property=\"og:image:type\" content=\"image\/jpeg\" \/>\n<meta name=\"twitter:card\" content=\"summary_large_image\" \/>\n<meta name=\"twitter:label1\" content=\"Gesch\u00e4tzte Lesezeit\" \/>\n\t<meta name=\"twitter:data1\" content=\"2\u00a0Minuten\" \/>\n<script type=\"application\/ld+json\" class=\"yoast-schema-graph\">{\"@context\":\"https:\\\/\\\/schema.org\",\"@graph\":[{\"@type\":\"WebPage\",\"@id\":\"https:\\\/\\\/lescollectionsprivees.com\\\/parfum\\\/eau-de-parfum-tharwah-silver\\\/\",\"url\":\"https:\\\/\\\/lescollectionsprivees.com\\\/parfum\\\/eau-de-parfum-tharwah-silver\\\/\",\"name\":\"Tharwah silver | Eau de parfum 100ml | Collection Lattafa Pride\",\"isPartOf\":{\"@id\":\"https:\\\/\\\/lescollectionsprivees.com\\\/#website\"},\"primaryImageOfPage\":{\"@id\":\"https:\\\/\\\/lescollectionsprivees.com\\\/parfum\\\/eau-de-parfum-tharwah-silver\\\/#primaryimage\"},\"image\":{\"@id\":\"https:\\\/\\\/lescollectionsprivees.com\\\/parfum\\\/eau-de-parfum-tharwah-silver\\\/#primaryimage\"},\"thumbnailUrl\":\"https:\\\/\\\/lescollectionsprivees.com\\\/wp-content\\\/uploads\\\/2023\\\/08\\\/parfum-tharwah-silver-lattafa.jpg\",\"datePublished\":\"2024-09-28T10:18:01+00:00\",\"dateModified\":\"2025-03-10T15:28:18+00:00\",\"description\":\"L'eau de parfum Tharwah Silver de Lattafa incarne l'essence m\u00eame du raffinement et de l'\u00e9l\u00e9gance. Adoptez-l\u00e0 sans plus attendre !\",\"breadcrumb\":{\"@id\":\"https:\\\/\\\/lescollectionsprivees.com\\\/parfum\\\/eau-de-parfum-tharwah-silver\\\/#breadcrumb\"},\"inLanguage\":\"de\",\"potentialAction\":[{\"@type\":\"ReadAction\",\"target\":[\"https:\\\/\\\/lescollectionsprivees.com\\\/parfum\\\/eau-de-parfum-tharwah-silver\\\/\"]}]},{\"@type\":\"ImageObject\",\"inLanguage\":\"de\",\"@id\":\"https:\\\/\\\/lescollectionsprivees.com\\\/parfum\\\/eau-de-parfum-tharwah-silver\\\/#primaryimage\",\"url\":\"https:\\\/\\\/lescollectionsprivees.com\\\/wp-content\\\/uploads\\\/2023\\\/08\\\/parfum-tharwah-silver-lattafa.jpg\",\"contentUrl\":\"https:\\\/\\\/lescollectionsprivees.com\\\/wp-content\\\/uploads\\\/2023\\\/08\\\/parfum-tharwah-silver-lattafa.jpg\",\"width\":600,\"height\":600},{\"@type\":\"BreadcrumbList\",\"@id\":\"https:\\\/\\\/lescollectionsprivees.com\\\/parfum\\\/eau-de-parfum-tharwah-silver\\\/#breadcrumb\",\"itemListElement\":[{\"@type\":\"ListItem\",\"position\":1,\"name\":\"Accueil\",\"item\":\"https:\\\/\\\/lescollectionsprivees.com\\\/\"},{\"@type\":\"ListItem\",\"position\":2,\"name\":\"Boutique\",\"item\":\"https:\\\/\\\/lescollectionsprivees.com\\\/boutique\\\/\"},{\"@type\":\"ListItem\",\"position\":3,\"name\":\"Eau de parfum Tharwah silver 100ml \u2013 Lattafa Pride\"}]},{\"@type\":\"WebSite\",\"@id\":\"https:\\\/\\\/lescollectionsprivees.com\\\/#website\",\"url\":\"https:\\\/\\\/lescollectionsprivees.com\\\/\",\"name\":\"Les Collections Priv\u00e9es\",\"description\":\"\",\"publisher\":{\"@id\":\"https:\\\/\\\/lescollectionsprivees.com\\\/#organization\"},\"potentialAction\":[{\"@type\":\"SearchAction\",\"target\":{\"@type\":\"EntryPoint\",\"urlTemplate\":\"https:\\\/\\\/lescollectionsprivees.com\\\/?s={search_term_string}\"},\"query-input\":{\"@type\":\"PropertyValueSpecification\",\"valueRequired\":true,\"valueName\":\"search_term_string\"}}],\"inLanguage\":\"de\"},{\"@type\":\"Organization\",\"@id\":\"https:\\\/\\\/lescollectionsprivees.com\\\/#organization\",\"name\":\"Les Collections Priv\u00e9es\",\"url\":\"https:\\\/\\\/lescollectionsprivees.com\\\/\",\"logo\":{\"@type\":\"ImageObject\",\"inLanguage\":\"de\",\"@id\":\"https:\\\/\\\/lescollectionsprivees.com\\\/#\\\/schema\\\/logo\\\/image\\\/\",\"url\":\"https:\\\/\\\/lescollectionsprivees.com\\\/wp-content\\\/uploads\\\/2020\\\/02\\\/Logo-Les-Collections-Priv\u00e9es-450x450-1.png\",\"contentUrl\":\"https:\\\/\\\/lescollectionsprivees.com\\\/wp-content\\\/uploads\\\/2020\\\/02\\\/Logo-Les-Collections-Priv\u00e9es-450x450-1.png\",\"width\":450,\"height\":450,\"caption\":\"Les Collections Priv\u00e9es\"},\"image\":{\"@id\":\"https:\\\/\\\/lescollectionsprivees.com\\\/#\\\/schema\\\/logo\\\/image\\\/\"}}]}<\/script>\n<!-- \/ Yoast SEO plugin. -->","yoast_head_json":{"title":"Tharwah silver | Eau de Parfum 100ml | Lattafa Pride Collection","description":"Das Eau de Parfum Tharwah Silver von Lattafa verk\u00f6rpert die Essenz von Raffinesse und Eleganz. Nehmen Sie es an!","robots":{"index":"index","follow":"follow","max-snippet":"max-snippet:-1","max-image-preview":"max-image-preview:large","max-video-preview":"max-video-preview:-1"},"canonical":"https:\/\/lescollectionsprivees.com\/de\/duft\/eau-de-parfum-tharwah-silver\/","og_locale":"de_DE","og_type":"article","og_title":"Tharwah silver | Eau de parfum 100ml | Collection Lattafa Pride","og_description":"L'eau de parfum Tharwah Silver de Lattafa incarne l'essence m\u00eame du raffinement et de l'\u00e9l\u00e9gance. Adoptez-l\u00e0 sans plus attendre !","og_url":"https:\/\/lescollectionsprivees.com\/de\/duft\/eau-de-parfum-tharwah-silver\/","og_site_name":"Les Collections Priv\u00e9es","article_modified_time":"2025-03-10T15:28:18+00:00","og_image":[{"width":600,"height":600,"url":"https:\/\/lescollectionsprivees.com\/wp-content\/uploads\/2023\/08\/parfum-tharwah-silver-lattafa.jpg","type":"image\/jpeg"}],"twitter_card":"summary_large_image","twitter_misc":{"Gesch\u00e4tzte Lesezeit":"2\u00a0Minuten"},"schema":{"@context":"https:\/\/schema.org","@graph":[{"@type":"WebPage","@id":"https:\/\/lescollectionsprivees.com\/parfum\/eau-de-parfum-tharwah-silver\/","url":"https:\/\/lescollectionsprivees.com\/parfum\/eau-de-parfum-tharwah-silver\/","name":"Tharwah silver | Eau de Parfum 100ml | Lattafa Pride Collection","isPartOf":{"@id":"https:\/\/lescollectionsprivees.com\/#website"},"primaryImageOfPage":{"@id":"https:\/\/lescollectionsprivees.com\/parfum\/eau-de-parfum-tharwah-silver\/#primaryimage"},"image":{"@id":"https:\/\/lescollectionsprivees.com\/parfum\/eau-de-parfum-tharwah-silver\/#primaryimage"},"thumbnailUrl":"https:\/\/lescollectionsprivees.com\/wp-content\/uploads\/2023\/08\/parfum-tharwah-silver-lattafa.jpg","datePublished":"2024-09-28T10:18:01+00:00","dateModified":"2025-03-10T15:28:18+00:00","description":"Das Eau de Parfum Tharwah Silver von Lattafa verk\u00f6rpert die Essenz von Raffinesse und Eleganz. Nehmen Sie es an!","breadcrumb":{"@id":"https:\/\/lescollectionsprivees.com\/parfum\/eau-de-parfum-tharwah-silver\/#breadcrumb"},"inLanguage":"de","potentialAction":[{"@type":"ReadAction","target":["https:\/\/lescollectionsprivees.com\/parfum\/eau-de-parfum-tharwah-silver\/"]}]},{"@type":"ImageObject","inLanguage":"de","@id":"https:\/\/lescollectionsprivees.com\/parfum\/eau-de-parfum-tharwah-silver\/#primaryimage","url":"https:\/\/lescollectionsprivees.com\/wp-content\/uploads\/2023\/08\/parfum-tharwah-silver-lattafa.jpg","contentUrl":"https:\/\/lescollectionsprivees.com\/wp-content\/uploads\/2023\/08\/parfum-tharwah-silver-lattafa.jpg","width":600,"height":600},{"@type":"BreadcrumbList","@id":"https:\/\/lescollectionsprivees.com\/parfum\/eau-de-parfum-tharwah-silver\/#breadcrumb","itemListElement":[{"@type":"ListItem","position":1,"name":"Accueil","item":"https:\/\/lescollectionsprivees.com\/"},{"@type":"ListItem","position":2,"name":"Boutique","item":"https:\/\/lescollectionsprivees.com\/boutique\/"},{"@type":"ListItem","position":3,"name":"Eau de parfum Tharwah silver 100ml \u2013 Lattafa Pride"}]},{"@type":"WebSite","@id":"https:\/\/lescollectionsprivees.com\/#website","url":"https:\/\/lescollectionsprivees.com\/","name":"Private Sammlungen","description":"","publisher":{"@id":"https:\/\/lescollectionsprivees.com\/#organization"},"potentialAction":[{"@type":"SearchAction","target":{"@type":"EntryPoint","urlTemplate":"https:\/\/lescollectionsprivees.com\/?s={search_term_string}"},"query-input":{"@type":"PropertyValueSpecification","valueRequired":true,"valueName":"search_term_string"}}],"inLanguage":"de"},{"@type":"Organization","@id":"https:\/\/lescollectionsprivees.com\/#organization","name":"Private Sammlungen","url":"https:\/\/lescollectionsprivees.com\/","logo":{"@type":"ImageObject","inLanguage":"de","@id":"https:\/\/lescollectionsprivees.com\/#\/schema\/logo\/image\/","url":"https:\/\/lescollectionsprivees.com\/wp-content\/uploads\/2020\/02\/Logo-Les-Collections-Priv\u00e9es-450x450-1.png","contentUrl":"https:\/\/lescollectionsprivees.com\/wp-content\/uploads\/2020\/02\/Logo-Les-Collections-Priv\u00e9es-450x450-1.png","width":450,"height":450,"caption":"Les Collections Priv\u00e9es"},"image":{"@id":"https:\/\/lescollectionsprivees.com\/#\/schema\/logo\/image\/"}}]}},"_links":{"self":[{"href":"https:\/\/lescollectionsprivees.com\/de\/wp-json\/wp\/v2\/product\/25728","targetHints":{"allow":["GET"]}}],"collection":[{"href":"https:\/\/lescollectionsprivees.com\/de\/wp-json\/wp\/v2\/product"}],"about":[{"href":"https:\/\/lescollectionsprivees.com\/de\/wp-json\/wp\/v2\/types\/product"}],"wp:featuredmedia":[{"embeddable":true,"href":"https:\/\/lescollectionsprivees.com\/de\/wp-json\/wp\/v2\/media\/25773"}],"wp:attachment":[{"href":"https:\/\/lescollectionsprivees.com\/de\/wp-json\/wp\/v2\/media?parent=25728"}],"wp:term":[{"taxonomy":"product_brand","embeddable":true,"href":"https:\/\/lescollectionsprivees.com\/de\/wp-json\/wp\/v2\/product_brand?post=25728"},{"taxonomy":"product_cat","embeddable":true,"href":"https:\/\/lescollectionsprivees.com\/de\/wp-json\/wp\/v2\/product_cat?post=25728"},{"taxonomy":"product_tag","embeddable":true,"href":"https:\/\/lescollectionsprivees.com\/de\/wp-json\/wp\/v2\/product_tag?post=25728"}],"curies":[{"name":"wp","href":"https:\/\/api.w.org\/{rel}","templated":true}]}}