{"id":26664,"date":"2023-11-08T09:03:53","date_gmt":"2023-11-08T09:03:53","guid":{"rendered":"https:\/\/lescollectionsprivees.com\/?post_type=product&#038;p=26664"},"modified":"2024-08-24T10:13:07","modified_gmt":"2024-08-24T10:13:07","slug":"eau-de-parfum-asateer","status":"publish","type":"product","link":"https:\/\/lescollectionsprivees.com\/de\/parfum\/eau-de-parfum-asateer\/","title":{"rendered":"Asateer Eau de Parfum 100ml - Nabeel Perfumes"},"content":{"rendered":"<p>Lassen Sie sich von diesem ebenso verf\u00fchrerischen wie fesselnden Parfum verf\u00fchren. In der Tat<strong>Asateer Eau de Parfum<\/strong>\u00a0ist eine Sch\u00f6pfung\u00a0<strong>herrlich komplex, der unsere Sinne bis zum letzten Tropfen weckt.<\/strong>\u00a0Wir stellen Ihnen ohne weitere Verz\u00f6gerung dieses absolut raffinierte Parfum vor.<\/p>\n<h2><strong>Begeben Sie sich auf ein Abenteuer mit dieser Kreation von Nabeel Perfumes<\/strong><\/h2>\n<p>Am Steuer dieser attraktiven Duftreise steht ein Parf\u00fcmeurhaus\u00a0<strong>von beredter Noblesse. Und von blendender Qualit\u00e4t.\u00a0<\/strong><\/p>\n<p>Denn Nabeel Perfumes ist\u00a0<strong>das \u00fcberlieferte Know-how im Bereich der orientalischen Parf\u00fcmerie.<\/strong>\u00a0<strong>Angepasst an eine innovative Modernit\u00e4t<\/strong>\u00a0die verf\u00fchrt.<\/p>\n<p>Wenn Sie sich f\u00fcr Nabeel entscheiden, k\u00f6nnen Sie sich auf Qualit\u00e4t und Genuss verlassen. Also z\u00f6gern Sie nicht l\u00e4nger und entdecken Sie\u00a0<strong>Asateer, ein Spiegelbild der Kostbarkeit dieser duftenden Juwelen.<\/strong><\/p>\n<h2><strong>Asateer Eau de Parfum: Wenn sich Komplexit\u00e4t auf Sinnlichkeit reimt<\/strong><\/h2>\n<p>Durch die Spur, die man in diesem denkw\u00fcrdigen Elixier entdeckt, segelt man auf\u00a0<strong>Aromen, die gleichzeitig frisch, wild und lieblich sind.<\/strong>\u00a0Und das aus gutem Grund, denn diese hervorragende Zusammensetzung beruht auf\u00a0<strong>s\u00e4uerliche, blumige, aber auch moschusartige Noten.<\/strong>\u00a0Ein Cocktail, der uns also immer wieder durch D\u00fcfte aus aller Welt tr\u00e4gt.<\/p>\n<p>So entdeckt man in den ersten Noten von Asateer\u00a0<strong>D\u00fcfte von Zitrusfr\u00fcchten, Pampelmuse, Tuberose und Neroli.<\/strong>\u00a0Dann k\u00fcndigt ein Hauch von Gew\u00fcrzen das schmackhafte Herz dieses exquisiten Duftes an. In der Tat sind die Herznoten die perfekte Kombination aus kostbaren Blumen und exotischen Fr\u00fcchten. Da es sich um\u00a0<strong>von Jasmin, Magnolie, rosa Pfingstrose, Orangenbl\u00fcten und Litschi.<\/strong>\u00a0Schlie\u00dflich zerflie\u00dft man vor dem sinnlichen Abschluss dieses Wunderwerks.\u00a0<strong>Oud, Amber Moschus und Mate<\/strong>\u00a0verw\u00f6hnen uns mit\u00a0<strong>ihre Wollust und ihre lange Hartn\u00e4ckigkeit!\u00a0<\/strong><\/p>\n<h3><strong>Verl\u00e4ngern Sie das Vergn\u00fcgen in unserer Nabeel-Auswahl<\/strong><\/h3>\n<p>Wenn Sie die anderen Sch\u00e4tze des Parf\u00fcmeurs Nabeel entdecken m\u00f6chten, die wir f\u00fcr Sie ausgew\u00e4hlt haben, sollten Sie sich die ihm gewidmete Kategorie in unserem Shop nicht entgehen lassen. Hier finden Sie weitere wertvolle Nuggets. Dazu geh\u00f6ren unter anderem<strong>Eau de Parfum<\/strong>\u00a0<strong><a href=\"https:\/\/lescollectionsprivees.com\/de\/duft\/eau-de-parfum-dahn-al-oud\/\">Dahn al oud<\/a>, <a href=\"https:\/\/lescollectionsprivees.com\/de\/duft\/eau-de-parfum-maghateer\/\">Maghateer<\/a> oder <a href=\"https:\/\/lescollectionsprivees.com\/de\/duft\/eau-de-parfum-al-bashiq\/\">Al Bashiq<\/a>.\u00a0<\/strong><\/p>","protected":false},"excerpt":{"rendered":"<p><strong>Geruchsnoten :<\/strong><\/p>\n<p><strong>Kopfnoten<\/strong> Cashmeran, Leder, Pamplewood, Tuberose, Safran, Neroli, Meeresnoten und Zitrusfr\u00fcchte<br \/>\n<strong>Herznoten<\/strong> : Orangenbl\u00fcte, Magnolie, Papyrus, Oud, Rosa Pfingstrose, Jasmin und Litschi<br \/>\n<strong>Hintergrundnoten<\/strong> : Amber, Moschus und Mate.<\/p>","protected":false},"featured_media":26669,"template":"","meta":[],"product_brand":[],"product_cat":[278,203,201,202,265,208],"product_tag":[],"class_list":{"0":"post-26664","1":"product","2":"type-product","3":"status-publish","4":"has-post-thumbnail","6":"product_cat-nabeel-perfumes","7":"product_cat-parfum-ambre","8":"product_cat-parfum-femme","9":"product_cat-parfum-homme","10":"product_cat-parfum-patchouli","11":"product_cat-parfum-vanille","13":"first","14":"instock","15":"taxable","16":"shipping-taxable","17":"purchasable","18":"product-type-simple"},"yoast_head":"<!-- This site is optimized with the Yoast SEO plugin v27.5 - https:\/\/yoast.com\/product\/yoast-seo-wordpress\/ -->\n<title>Asateer | Eau de parfum 100ml | Nabeel Perfumes<\/title>\n<meta name=\"description\" content=\"L&#039;eau de parfum Asateer\u00a0est une cr\u00e9ation\u00a0d\u00e9licieusement complexe qui \u00e9veille nos sens jusqu&#039;aux derni\u00e8res gouttelettes. Adoptez-l\u00e0 !\" \/>\n<meta name=\"robots\" content=\"index, follow, max-snippet:-1, max-image-preview:large, max-video-preview:-1\" \/>\n<link rel=\"canonical\" href=\"https:\/\/lescollectionsprivees.com\/de\/duft\/eau-de-parfum-asateer\/\" \/>\n<meta property=\"og:locale\" content=\"de_DE\" \/>\n<meta property=\"og:type\" content=\"article\" \/>\n<meta property=\"og:title\" content=\"Asateer | Eau de parfum 100ml | Nabeel Perfumes\" \/>\n<meta property=\"og:description\" content=\"L&#039;eau de parfum Asateer\u00a0est une cr\u00e9ation\u00a0d\u00e9licieusement complexe qui \u00e9veille nos sens jusqu&#039;aux derni\u00e8res gouttelettes. Adoptez-l\u00e0 !\" \/>\n<meta property=\"og:url\" content=\"https:\/\/lescollectionsprivees.com\/de\/duft\/eau-de-parfum-asateer\/\" \/>\n<meta property=\"og:site_name\" content=\"Les Collections Priv\u00e9es\" \/>\n<meta property=\"article:modified_time\" content=\"2024-08-24T10:13:07+00:00\" \/>\n<meta property=\"og:image\" content=\"https:\/\/lescollectionsprivees.com\/wp-content\/uploads\/2023\/11\/Eau-de-parfum-Asateer-100ml-Nabeel-Perfumes.jpg\" \/>\n\t<meta property=\"og:image:width\" content=\"600\" \/>\n\t<meta property=\"og:image:height\" content=\"600\" \/>\n\t<meta property=\"og:image:type\" content=\"image\/jpeg\" \/>\n<meta name=\"twitter:card\" content=\"summary_large_image\" \/>\n<meta name=\"twitter:label1\" content=\"Gesch\u00e4tzte Lesezeit\" \/>\n\t<meta name=\"twitter:data1\" content=\"2\u00a0Minuten\" \/>\n<script type=\"application\/ld+json\" class=\"yoast-schema-graph\">{\"@context\":\"https:\\\/\\\/schema.org\",\"@graph\":[{\"@type\":\"WebPage\",\"@id\":\"https:\\\/\\\/lescollectionsprivees.com\\\/parfum\\\/eau-de-parfum-asateer\\\/\",\"url\":\"https:\\\/\\\/lescollectionsprivees.com\\\/parfum\\\/eau-de-parfum-asateer\\\/\",\"name\":\"Asateer | Eau de parfum 100ml | Nabeel Perfumes\",\"isPartOf\":{\"@id\":\"https:\\\/\\\/lescollectionsprivees.com\\\/#website\"},\"primaryImageOfPage\":{\"@id\":\"https:\\\/\\\/lescollectionsprivees.com\\\/parfum\\\/eau-de-parfum-asateer\\\/#primaryimage\"},\"image\":{\"@id\":\"https:\\\/\\\/lescollectionsprivees.com\\\/parfum\\\/eau-de-parfum-asateer\\\/#primaryimage\"},\"thumbnailUrl\":\"https:\\\/\\\/lescollectionsprivees.com\\\/wp-content\\\/uploads\\\/2023\\\/11\\\/Eau-de-parfum-Asateer-100ml-Nabeel-Perfumes.jpg\",\"datePublished\":\"2023-11-08T09:03:53+00:00\",\"dateModified\":\"2024-08-24T10:13:07+00:00\",\"description\":\"L'eau de parfum Asateer\u00a0est une cr\u00e9ation\u00a0d\u00e9licieusement complexe qui \u00e9veille nos sens jusqu'aux derni\u00e8res gouttelettes. Adoptez-l\u00e0 !\",\"breadcrumb\":{\"@id\":\"https:\\\/\\\/lescollectionsprivees.com\\\/parfum\\\/eau-de-parfum-asateer\\\/#breadcrumb\"},\"inLanguage\":\"de\",\"potentialAction\":[{\"@type\":\"ReadAction\",\"target\":[\"https:\\\/\\\/lescollectionsprivees.com\\\/parfum\\\/eau-de-parfum-asateer\\\/\"]}]},{\"@type\":\"ImageObject\",\"inLanguage\":\"de\",\"@id\":\"https:\\\/\\\/lescollectionsprivees.com\\\/parfum\\\/eau-de-parfum-asateer\\\/#primaryimage\",\"url\":\"https:\\\/\\\/lescollectionsprivees.com\\\/wp-content\\\/uploads\\\/2023\\\/11\\\/Eau-de-parfum-Asateer-100ml-Nabeel-Perfumes.jpg\",\"contentUrl\":\"https:\\\/\\\/lescollectionsprivees.com\\\/wp-content\\\/uploads\\\/2023\\\/11\\\/Eau-de-parfum-Asateer-100ml-Nabeel-Perfumes.jpg\",\"width\":600,\"height\":600,\"caption\":\"Eau de parfum Asateer 100ml - Nabeel Perfumes\"},{\"@type\":\"BreadcrumbList\",\"@id\":\"https:\\\/\\\/lescollectionsprivees.com\\\/parfum\\\/eau-de-parfum-asateer\\\/#breadcrumb\",\"itemListElement\":[{\"@type\":\"ListItem\",\"position\":1,\"name\":\"Accueil\",\"item\":\"https:\\\/\\\/lescollectionsprivees.com\\\/\"},{\"@type\":\"ListItem\",\"position\":2,\"name\":\"Boutique\",\"item\":\"https:\\\/\\\/lescollectionsprivees.com\\\/boutique\\\/\"},{\"@type\":\"ListItem\",\"position\":3,\"name\":\"Eau de parfum Asateer 100ml &#8211; Nabeel Perfumes\"}]},{\"@type\":\"WebSite\",\"@id\":\"https:\\\/\\\/lescollectionsprivees.com\\\/#website\",\"url\":\"https:\\\/\\\/lescollectionsprivees.com\\\/\",\"name\":\"Les Collections Priv\u00e9es\",\"description\":\"\",\"publisher\":{\"@id\":\"https:\\\/\\\/lescollectionsprivees.com\\\/#organization\"},\"potentialAction\":[{\"@type\":\"SearchAction\",\"target\":{\"@type\":\"EntryPoint\",\"urlTemplate\":\"https:\\\/\\\/lescollectionsprivees.com\\\/?s={search_term_string}\"},\"query-input\":{\"@type\":\"PropertyValueSpecification\",\"valueRequired\":true,\"valueName\":\"search_term_string\"}}],\"inLanguage\":\"de\"},{\"@type\":\"Organization\",\"@id\":\"https:\\\/\\\/lescollectionsprivees.com\\\/#organization\",\"name\":\"Les Collections Priv\u00e9es\",\"url\":\"https:\\\/\\\/lescollectionsprivees.com\\\/\",\"logo\":{\"@type\":\"ImageObject\",\"inLanguage\":\"de\",\"@id\":\"https:\\\/\\\/lescollectionsprivees.com\\\/#\\\/schema\\\/logo\\\/image\\\/\",\"url\":\"https:\\\/\\\/lescollectionsprivees.com\\\/wp-content\\\/uploads\\\/2020\\\/02\\\/Logo-Les-Collections-Priv\u00e9es-450x450-1.png\",\"contentUrl\":\"https:\\\/\\\/lescollectionsprivees.com\\\/wp-content\\\/uploads\\\/2020\\\/02\\\/Logo-Les-Collections-Priv\u00e9es-450x450-1.png\",\"width\":450,\"height\":450,\"caption\":\"Les Collections Priv\u00e9es\"},\"image\":{\"@id\":\"https:\\\/\\\/lescollectionsprivees.com\\\/#\\\/schema\\\/logo\\\/image\\\/\"}}]}<\/script>\n<!-- \/ Yoast SEO plugin. -->","yoast_head_json":{"title":"Asateer | Eau de Parfum 100ml | Nabeel Perfumes","description":"Das Asateer Eau de Parfum ist eine herrlich komplexe Kreation, die unsere Sinne bis zum letzten Tropfen weckt. Nehmen Sie es an!","robots":{"index":"index","follow":"follow","max-snippet":"max-snippet:-1","max-image-preview":"max-image-preview:large","max-video-preview":"max-video-preview:-1"},"canonical":"https:\/\/lescollectionsprivees.com\/de\/duft\/eau-de-parfum-asateer\/","og_locale":"de_DE","og_type":"article","og_title":"Asateer | Eau de parfum 100ml | Nabeel Perfumes","og_description":"L'eau de parfum Asateer\u00a0est une cr\u00e9ation\u00a0d\u00e9licieusement complexe qui \u00e9veille nos sens jusqu'aux derni\u00e8res gouttelettes. Adoptez-l\u00e0 !","og_url":"https:\/\/lescollectionsprivees.com\/de\/duft\/eau-de-parfum-asateer\/","og_site_name":"Les Collections Priv\u00e9es","article_modified_time":"2024-08-24T10:13:07+00:00","og_image":[{"width":600,"height":600,"url":"https:\/\/lescollectionsprivees.com\/wp-content\/uploads\/2023\/11\/Eau-de-parfum-Asateer-100ml-Nabeel-Perfumes.jpg","type":"image\/jpeg"}],"twitter_card":"summary_large_image","twitter_misc":{"Gesch\u00e4tzte Lesezeit":"2\u00a0Minuten"},"schema":{"@context":"https:\/\/schema.org","@graph":[{"@type":"WebPage","@id":"https:\/\/lescollectionsprivees.com\/parfum\/eau-de-parfum-asateer\/","url":"https:\/\/lescollectionsprivees.com\/parfum\/eau-de-parfum-asateer\/","name":"Asateer | Eau de Parfum 100ml | Nabeel Perfumes","isPartOf":{"@id":"https:\/\/lescollectionsprivees.com\/#website"},"primaryImageOfPage":{"@id":"https:\/\/lescollectionsprivees.com\/parfum\/eau-de-parfum-asateer\/#primaryimage"},"image":{"@id":"https:\/\/lescollectionsprivees.com\/parfum\/eau-de-parfum-asateer\/#primaryimage"},"thumbnailUrl":"https:\/\/lescollectionsprivees.com\/wp-content\/uploads\/2023\/11\/Eau-de-parfum-Asateer-100ml-Nabeel-Perfumes.jpg","datePublished":"2023-11-08T09:03:53+00:00","dateModified":"2024-08-24T10:13:07+00:00","description":"Das Asateer Eau de Parfum ist eine herrlich komplexe Kreation, die unsere Sinne bis zum letzten Tropfen weckt. Nehmen Sie es an!","breadcrumb":{"@id":"https:\/\/lescollectionsprivees.com\/parfum\/eau-de-parfum-asateer\/#breadcrumb"},"inLanguage":"de","potentialAction":[{"@type":"ReadAction","target":["https:\/\/lescollectionsprivees.com\/parfum\/eau-de-parfum-asateer\/"]}]},{"@type":"ImageObject","inLanguage":"de","@id":"https:\/\/lescollectionsprivees.com\/parfum\/eau-de-parfum-asateer\/#primaryimage","url":"https:\/\/lescollectionsprivees.com\/wp-content\/uploads\/2023\/11\/Eau-de-parfum-Asateer-100ml-Nabeel-Perfumes.jpg","contentUrl":"https:\/\/lescollectionsprivees.com\/wp-content\/uploads\/2023\/11\/Eau-de-parfum-Asateer-100ml-Nabeel-Perfumes.jpg","width":600,"height":600,"caption":"Eau de parfum Asateer 100ml - Nabeel Perfumes"},{"@type":"BreadcrumbList","@id":"https:\/\/lescollectionsprivees.com\/parfum\/eau-de-parfum-asateer\/#breadcrumb","itemListElement":[{"@type":"ListItem","position":1,"name":"Accueil","item":"https:\/\/lescollectionsprivees.com\/"},{"@type":"ListItem","position":2,"name":"Boutique","item":"https:\/\/lescollectionsprivees.com\/boutique\/"},{"@type":"ListItem","position":3,"name":"Eau de parfum Asateer 100ml &#8211; Nabeel Perfumes"}]},{"@type":"WebSite","@id":"https:\/\/lescollectionsprivees.com\/#website","url":"https:\/\/lescollectionsprivees.com\/","name":"Private Sammlungen","description":"","publisher":{"@id":"https:\/\/lescollectionsprivees.com\/#organization"},"potentialAction":[{"@type":"SearchAction","target":{"@type":"EntryPoint","urlTemplate":"https:\/\/lescollectionsprivees.com\/?s={search_term_string}"},"query-input":{"@type":"PropertyValueSpecification","valueRequired":true,"valueName":"search_term_string"}}],"inLanguage":"de"},{"@type":"Organization","@id":"https:\/\/lescollectionsprivees.com\/#organization","name":"Private Sammlungen","url":"https:\/\/lescollectionsprivees.com\/","logo":{"@type":"ImageObject","inLanguage":"de","@id":"https:\/\/lescollectionsprivees.com\/#\/schema\/logo\/image\/","url":"https:\/\/lescollectionsprivees.com\/wp-content\/uploads\/2020\/02\/Logo-Les-Collections-Priv\u00e9es-450x450-1.png","contentUrl":"https:\/\/lescollectionsprivees.com\/wp-content\/uploads\/2020\/02\/Logo-Les-Collections-Priv\u00e9es-450x450-1.png","width":450,"height":450,"caption":"Les Collections Priv\u00e9es"},"image":{"@id":"https:\/\/lescollectionsprivees.com\/#\/schema\/logo\/image\/"}}]}},"_links":{"self":[{"href":"https:\/\/lescollectionsprivees.com\/de\/wp-json\/wp\/v2\/product\/26664","targetHints":{"allow":["GET"]}}],"collection":[{"href":"https:\/\/lescollectionsprivees.com\/de\/wp-json\/wp\/v2\/product"}],"about":[{"href":"https:\/\/lescollectionsprivees.com\/de\/wp-json\/wp\/v2\/types\/product"}],"wp:featuredmedia":[{"embeddable":true,"href":"https:\/\/lescollectionsprivees.com\/de\/wp-json\/wp\/v2\/media\/26669"}],"wp:attachment":[{"href":"https:\/\/lescollectionsprivees.com\/de\/wp-json\/wp\/v2\/media?parent=26664"}],"wp:term":[{"taxonomy":"product_brand","embeddable":true,"href":"https:\/\/lescollectionsprivees.com\/de\/wp-json\/wp\/v2\/product_brand?post=26664"},{"taxonomy":"product_cat","embeddable":true,"href":"https:\/\/lescollectionsprivees.com\/de\/wp-json\/wp\/v2\/product_cat?post=26664"},{"taxonomy":"product_tag","embeddable":true,"href":"https:\/\/lescollectionsprivees.com\/de\/wp-json\/wp\/v2\/product_tag?post=26664"}],"curies":[{"name":"wp","href":"https:\/\/api.w.org\/{rel}","templated":true}]}}