{"id":27431,"date":"2023-12-15T15:02:14","date_gmt":"2023-12-15T15:02:14","guid":{"rendered":"https:\/\/lescollectionsprivees.com\/?post_type=product&#038;p=27431"},"modified":"2023-12-15T15:02:36","modified_gmt":"2023-12-15T15:02:36","slug":"oud-mood-reminiscence-lattafa-perfumes-2","status":"publish","type":"product","link":"https:\/\/lescollectionsprivees.com\/de\/parfum\/oud-mood-reminiscence-lattafa-perfumes-2\/","title":{"rendered":"Oud Mood Reminiscence - Lattafa Perfumes"},"content":{"rendered":"","protected":false},"excerpt":{"rendered":"<p><strong><u>Technische Daten : <\/u><\/strong><\/p>\n<p><strong>Name des Duftes<\/strong> : Oud Mood Reminiscence<br \/>\n<strong>Marke<\/strong> : Lattafa Perfumes<br \/>\n<strong>Genre<\/strong> : Unisex<br \/>\n<strong>Inhalt<\/strong> : 100 mL<\/p>\n<p><span style=\"text-decoration: underline;\"><strong>Geruchsnotizen<\/strong> :<\/span><\/p>\n<p><strong>Kopf<\/strong> : Safran, Himbeere<br \/>\n<strong>Herz<\/strong> : Kardamom, Geranium<br \/>\n<strong>Hintergrund<\/strong> : Sandelholz, Zedernholz, Vetiver, Moschus, Oud<\/p>","protected":false},"featured_media":27468,"template":"","meta":[],"product_brand":[],"product_cat":[238,288,287],"product_tag":[],"class_list":{"0":"post-27431","1":"product","2":"type-product","3":"status-publish","4":"has-post-thumbnail","6":"product_cat-parfum-oud","7":"product_cat-parfums-de-dubai-parfums-orientaux","8":"product_cat-parfums-orientaux","9":"pa_marque-lattafa-perfumes","11":"first","12":"instock","13":"taxable","14":"shipping-taxable","15":"purchasable","16":"product-type-simple"},"yoast_head":"<!-- This site is optimized with the Yoast SEO plugin v27.5 - https:\/\/yoast.com\/product\/yoast-seo-wordpress\/ -->\n<title>Oud Mood Reminiscence - Lattafa Perfumes - Les Collections Priv\u00e9es<\/title>\n<meta name=\"robots\" content=\"index, follow, max-snippet:-1, max-image-preview:large, max-video-preview:-1\" \/>\n<link rel=\"canonical\" href=\"https:\/\/lescollectionsprivees.com\/de\/duft\/oud-mood-reminiscence-lattafa-perfumes-2\/\" \/>\n<meta property=\"og:locale\" content=\"de_DE\" \/>\n<meta property=\"og:type\" content=\"article\" \/>\n<meta property=\"og:title\" content=\"Oud Mood Reminiscence - Lattafa Perfumes - Les Collections Priv\u00e9es\" \/>\n<meta property=\"og:description\" content=\"Donn\u00e9es Techniques :   Nom du parfum : Oud Mood Reminiscence Marque : Lattafa Perfumes Genre : Unisexe Contenance : 100 mL  Notes olfactives :  T\u00eate : Safran, Framboise C\u0153ur : Cardamome, G\u00e9ranium Fond : Bois de Santal, Bois de C\u00e8dre, V\u00e9tiver, Musc, Oud\" \/>\n<meta property=\"og:url\" content=\"https:\/\/lescollectionsprivees.com\/de\/duft\/oud-mood-reminiscence-lattafa-perfumes-2\/\" \/>\n<meta property=\"og:site_name\" content=\"Les Collections Priv\u00e9es\" \/>\n<meta property=\"article:modified_time\" content=\"2023-12-15T15:02:36+00:00\" \/>\n<meta name=\"twitter:card\" content=\"summary_large_image\" \/>\n<script type=\"application\/ld+json\" class=\"yoast-schema-graph\">{\"@context\":\"https:\\\/\\\/schema.org\",\"@graph\":[{\"@type\":\"WebPage\",\"@id\":\"https:\\\/\\\/lescollectionsprivees.com\\\/parfum\\\/oud-mood-reminiscence-lattafa-perfumes-2\\\/\",\"url\":\"https:\\\/\\\/lescollectionsprivees.com\\\/parfum\\\/oud-mood-reminiscence-lattafa-perfumes-2\\\/\",\"name\":\"Oud Mood Reminiscence - Lattafa Perfumes - Les Collections Priv\u00e9es\",\"isPartOf\":{\"@id\":\"https:\\\/\\\/lescollectionsprivees.com\\\/#website\"},\"primaryImageOfPage\":{\"@id\":\"https:\\\/\\\/lescollectionsprivees.com\\\/parfum\\\/oud-mood-reminiscence-lattafa-perfumes-2\\\/#primaryimage\"},\"image\":{\"@id\":\"https:\\\/\\\/lescollectionsprivees.com\\\/parfum\\\/oud-mood-reminiscence-lattafa-perfumes-2\\\/#primaryimage\"},\"thumbnailUrl\":\"https:\\\/\\\/lescollectionsprivees.com\\\/wp-content\\\/uploads\\\/2023\\\/12\\\/Oud-Mood-Reminiscence-Lattafa-Perfumes-Luxurious-Fragrances.png\",\"datePublished\":\"2023-12-15T15:02:14+00:00\",\"dateModified\":\"2023-12-15T15:02:36+00:00\",\"breadcrumb\":{\"@id\":\"https:\\\/\\\/lescollectionsprivees.com\\\/parfum\\\/oud-mood-reminiscence-lattafa-perfumes-2\\\/#breadcrumb\"},\"inLanguage\":\"de\",\"potentialAction\":[{\"@type\":\"ReadAction\",\"target\":[\"https:\\\/\\\/lescollectionsprivees.com\\\/parfum\\\/oud-mood-reminiscence-lattafa-perfumes-2\\\/\"]}]},{\"@type\":\"ImageObject\",\"inLanguage\":\"de\",\"@id\":\"https:\\\/\\\/lescollectionsprivees.com\\\/parfum\\\/oud-mood-reminiscence-lattafa-perfumes-2\\\/#primaryimage\",\"url\":\"https:\\\/\\\/lescollectionsprivees.com\\\/wp-content\\\/uploads\\\/2023\\\/12\\\/Oud-Mood-Reminiscence-Lattafa-Perfumes-Luxurious-Fragrances.png\",\"contentUrl\":\"https:\\\/\\\/lescollectionsprivees.com\\\/wp-content\\\/uploads\\\/2023\\\/12\\\/Oud-Mood-Reminiscence-Lattafa-Perfumes-Luxurious-Fragrances.png\",\"width\":521,\"height\":695},{\"@type\":\"BreadcrumbList\",\"@id\":\"https:\\\/\\\/lescollectionsprivees.com\\\/parfum\\\/oud-mood-reminiscence-lattafa-perfumes-2\\\/#breadcrumb\",\"itemListElement\":[{\"@type\":\"ListItem\",\"position\":1,\"name\":\"Accueil\",\"item\":\"https:\\\/\\\/lescollectionsprivees.com\\\/\"},{\"@type\":\"ListItem\",\"position\":2,\"name\":\"Boutique\",\"item\":\"https:\\\/\\\/lescollectionsprivees.com\\\/boutique\\\/\"},{\"@type\":\"ListItem\",\"position\":3,\"name\":\"Oud Mood Reminiscence &#8211; Lattafa Perfumes\"}]},{\"@type\":\"WebSite\",\"@id\":\"https:\\\/\\\/lescollectionsprivees.com\\\/#website\",\"url\":\"https:\\\/\\\/lescollectionsprivees.com\\\/\",\"name\":\"Les Collections Priv\u00e9es\",\"description\":\"\",\"publisher\":{\"@id\":\"https:\\\/\\\/lescollectionsprivees.com\\\/#organization\"},\"potentialAction\":[{\"@type\":\"SearchAction\",\"target\":{\"@type\":\"EntryPoint\",\"urlTemplate\":\"https:\\\/\\\/lescollectionsprivees.com\\\/?s={search_term_string}\"},\"query-input\":{\"@type\":\"PropertyValueSpecification\",\"valueRequired\":true,\"valueName\":\"search_term_string\"}}],\"inLanguage\":\"de\"},{\"@type\":\"Organization\",\"@id\":\"https:\\\/\\\/lescollectionsprivees.com\\\/#organization\",\"name\":\"Les Collections Priv\u00e9es\",\"url\":\"https:\\\/\\\/lescollectionsprivees.com\\\/\",\"logo\":{\"@type\":\"ImageObject\",\"inLanguage\":\"de\",\"@id\":\"https:\\\/\\\/lescollectionsprivees.com\\\/#\\\/schema\\\/logo\\\/image\\\/\",\"url\":\"https:\\\/\\\/lescollectionsprivees.com\\\/wp-content\\\/uploads\\\/2020\\\/02\\\/Logo-Les-Collections-Priv\u00e9es-450x450-1.png\",\"contentUrl\":\"https:\\\/\\\/lescollectionsprivees.com\\\/wp-content\\\/uploads\\\/2020\\\/02\\\/Logo-Les-Collections-Priv\u00e9es-450x450-1.png\",\"width\":450,\"height\":450,\"caption\":\"Les Collections Priv\u00e9es\"},\"image\":{\"@id\":\"https:\\\/\\\/lescollectionsprivees.com\\\/#\\\/schema\\\/logo\\\/image\\\/\"}}]}<\/script>\n<!-- \/ Yoast SEO plugin. -->","yoast_head_json":{"title":"Oud Mood Reminiscence - Lattafa Perfumes - Private Collections","robots":{"index":"index","follow":"follow","max-snippet":"max-snippet:-1","max-image-preview":"max-image-preview:large","max-video-preview":"max-video-preview:-1"},"canonical":"https:\/\/lescollectionsprivees.com\/de\/duft\/oud-mood-reminiscence-lattafa-perfumes-2\/","og_locale":"de_DE","og_type":"article","og_title":"Oud Mood Reminiscence - Lattafa Perfumes - Les Collections Priv\u00e9es","og_description":"Donn\u00e9es Techniques :   Nom du parfum : Oud Mood Reminiscence Marque : Lattafa Perfumes Genre : Unisexe Contenance : 100 mL  Notes olfactives :  T\u00eate : Safran, Framboise C\u0153ur : Cardamome, G\u00e9ranium Fond : Bois de Santal, Bois de C\u00e8dre, V\u00e9tiver, Musc, Oud","og_url":"https:\/\/lescollectionsprivees.com\/de\/duft\/oud-mood-reminiscence-lattafa-perfumes-2\/","og_site_name":"Les Collections Priv\u00e9es","article_modified_time":"2023-12-15T15:02:36+00:00","twitter_card":"summary_large_image","schema":{"@context":"https:\/\/schema.org","@graph":[{"@type":"WebPage","@id":"https:\/\/lescollectionsprivees.com\/parfum\/oud-mood-reminiscence-lattafa-perfumes-2\/","url":"https:\/\/lescollectionsprivees.com\/parfum\/oud-mood-reminiscence-lattafa-perfumes-2\/","name":"Oud Mood Reminiscence - Lattafa Perfumes - Private Collections","isPartOf":{"@id":"https:\/\/lescollectionsprivees.com\/#website"},"primaryImageOfPage":{"@id":"https:\/\/lescollectionsprivees.com\/parfum\/oud-mood-reminiscence-lattafa-perfumes-2\/#primaryimage"},"image":{"@id":"https:\/\/lescollectionsprivees.com\/parfum\/oud-mood-reminiscence-lattafa-perfumes-2\/#primaryimage"},"thumbnailUrl":"https:\/\/lescollectionsprivees.com\/wp-content\/uploads\/2023\/12\/Oud-Mood-Reminiscence-Lattafa-Perfumes-Luxurious-Fragrances.png","datePublished":"2023-12-15T15:02:14+00:00","dateModified":"2023-12-15T15:02:36+00:00","breadcrumb":{"@id":"https:\/\/lescollectionsprivees.com\/parfum\/oud-mood-reminiscence-lattafa-perfumes-2\/#breadcrumb"},"inLanguage":"de","potentialAction":[{"@type":"ReadAction","target":["https:\/\/lescollectionsprivees.com\/parfum\/oud-mood-reminiscence-lattafa-perfumes-2\/"]}]},{"@type":"ImageObject","inLanguage":"de","@id":"https:\/\/lescollectionsprivees.com\/parfum\/oud-mood-reminiscence-lattafa-perfumes-2\/#primaryimage","url":"https:\/\/lescollectionsprivees.com\/wp-content\/uploads\/2023\/12\/Oud-Mood-Reminiscence-Lattafa-Perfumes-Luxurious-Fragrances.png","contentUrl":"https:\/\/lescollectionsprivees.com\/wp-content\/uploads\/2023\/12\/Oud-Mood-Reminiscence-Lattafa-Perfumes-Luxurious-Fragrances.png","width":521,"height":695},{"@type":"BreadcrumbList","@id":"https:\/\/lescollectionsprivees.com\/parfum\/oud-mood-reminiscence-lattafa-perfumes-2\/#breadcrumb","itemListElement":[{"@type":"ListItem","position":1,"name":"Accueil","item":"https:\/\/lescollectionsprivees.com\/"},{"@type":"ListItem","position":2,"name":"Boutique","item":"https:\/\/lescollectionsprivees.com\/boutique\/"},{"@type":"ListItem","position":3,"name":"Oud Mood Reminiscence &#8211; Lattafa Perfumes"}]},{"@type":"WebSite","@id":"https:\/\/lescollectionsprivees.com\/#website","url":"https:\/\/lescollectionsprivees.com\/","name":"Private Sammlungen","description":"","publisher":{"@id":"https:\/\/lescollectionsprivees.com\/#organization"},"potentialAction":[{"@type":"SearchAction","target":{"@type":"EntryPoint","urlTemplate":"https:\/\/lescollectionsprivees.com\/?s={search_term_string}"},"query-input":{"@type":"PropertyValueSpecification","valueRequired":true,"valueName":"search_term_string"}}],"inLanguage":"de"},{"@type":"Organization","@id":"https:\/\/lescollectionsprivees.com\/#organization","name":"Private Sammlungen","url":"https:\/\/lescollectionsprivees.com\/","logo":{"@type":"ImageObject","inLanguage":"de","@id":"https:\/\/lescollectionsprivees.com\/#\/schema\/logo\/image\/","url":"https:\/\/lescollectionsprivees.com\/wp-content\/uploads\/2020\/02\/Logo-Les-Collections-Priv\u00e9es-450x450-1.png","contentUrl":"https:\/\/lescollectionsprivees.com\/wp-content\/uploads\/2020\/02\/Logo-Les-Collections-Priv\u00e9es-450x450-1.png","width":450,"height":450,"caption":"Les Collections Priv\u00e9es"},"image":{"@id":"https:\/\/lescollectionsprivees.com\/#\/schema\/logo\/image\/"}}]}},"_links":{"self":[{"href":"https:\/\/lescollectionsprivees.com\/de\/wp-json\/wp\/v2\/product\/27431","targetHints":{"allow":["GET"]}}],"collection":[{"href":"https:\/\/lescollectionsprivees.com\/de\/wp-json\/wp\/v2\/product"}],"about":[{"href":"https:\/\/lescollectionsprivees.com\/de\/wp-json\/wp\/v2\/types\/product"}],"wp:featuredmedia":[{"embeddable":true,"href":"https:\/\/lescollectionsprivees.com\/de\/wp-json\/wp\/v2\/media\/27468"}],"wp:attachment":[{"href":"https:\/\/lescollectionsprivees.com\/de\/wp-json\/wp\/v2\/media?parent=27431"}],"wp:term":[{"taxonomy":"product_brand","embeddable":true,"href":"https:\/\/lescollectionsprivees.com\/de\/wp-json\/wp\/v2\/product_brand?post=27431"},{"taxonomy":"product_cat","embeddable":true,"href":"https:\/\/lescollectionsprivees.com\/de\/wp-json\/wp\/v2\/product_cat?post=27431"},{"taxonomy":"product_tag","embeddable":true,"href":"https:\/\/lescollectionsprivees.com\/de\/wp-json\/wp\/v2\/product_tag?post=27431"}],"curies":[{"name":"wp","href":"https:\/\/api.w.org\/{rel}","templated":true}]}}