{"id":29841,"date":"2024-06-08T16:17:36","date_gmt":"2024-06-08T16:17:36","guid":{"rendered":"https:\/\/lescollectionsprivees.com\/?post_type=product&#038;p=29841"},"modified":"2026-04-23T13:05:40","modified_gmt":"2026-04-23T13:05:40","slug":"parfumextrakt-royal-blend-nero","status":"publish","type":"product","link":"https:\/\/lescollectionsprivees.com\/de\/parfum\/extrait-de-parfum-royal-blend-nero\/","title":{"rendered":"Royal Blend Nero Extrait de Parfum 100ml - French Avenue"},"content":{"rendered":"<p><strong>Royal Blend Nero Parf\u00fcmextrakt<\/strong> der Marke French Avenue verk\u00f6rpert wahrhaftig Luxus und Eleganz. Er ist als hochwertiger Duft positioniert und bietet ein raffiniertes und bezauberndes Dufterlebnis. Entdecken Sie ihn jetzt...<\/p>\n<h2><strong>Die perfekte Balance von Royal Blend Nero Extrait de Parfum <\/strong><\/h2>\n<p>Diese <strong>gemischtes Parf\u00fcm<\/strong> hat das Zeug dazu, sowohl Frauen als auch M\u00e4nner zu begeistern. Die Zusammensetzung des Duftes ist einzigartig.<\/p>\n<ul>\n<li>Kopfnoten: Mandarine, Apfel, Vanille<\/li>\n<li>Dann im Herzen: Rose, Vanille, Gew\u00fcrze, Ylang-Ylang<\/li>\n<li>Basisnote: Oud, Wei\u00dfer Moschus, Sandelholz, Patchouli<\/li>\n<\/ul>\n<p>Die Kombination aus frischen und fruchtigen Kopfnoten, blumigen und w\u00fcrzigen Herznoten und holzigen und moschusartigen Basisnoten schafft einen <strong>Kielwasser<\/strong> fesselnd und anspruchsvoll. Zweitens schafft die subtile Harmonie zwischen diesen Noten einen einzigartigen Duft. Dieser entwickelt sich den ganzen Tag \u00fcber auf angenehme Weise und hinterl\u00e4sst einen unvergesslichen Eindruck.<\/p>\n<h2><strong>Unsere Anwendungstipps f\u00fcr Royal Blend Nero Extrait de Parfum<\/strong><\/h2>\n<p>F\u00fcr eine optimale Haltbarkeit tragen Sie den Royal Blend Nero Parf\u00fcmextrakt in kleinen Portionen auf die pulsierenden Stellen auf. Denn dieser Extrakt ist extrem gut dosiert und geeignet, Sie lange und intensiv zu parf\u00fcmieren.<\/p>\n<p>Achten Sie au\u00dferdem darauf, das Parfum nicht zu verreiben, da dies seine Zusammensetzung ver\u00e4ndert. Ein leichtes, gleichm\u00e4\u00dfiges Aufspr\u00fchen bringt die komplexen Duftnoten voll zur Geltung und verl\u00e4ngert die Haltbarkeit auf der Haut.<\/p>\n<h3><strong>Weitere Perlen der Marke French Avenue <\/strong><\/h3>\n<p>French Avenue bietet eine Reihe au\u00dfergew\u00f6hnlicher Parfums an, von denen jedes ein einzigartiges und raffiniertes Dufterlebnis bietet. Zu den weiteren Top-Parfums der Marke geh\u00f6ren \"?\u00a0<strong>Miraj exklusiv \"<\/strong> mit seinen Noten von Vanille und Kaffee. Sowie \"\u00a0<strong>Irida \"<\/strong> der auf subtile Weise Akkorde von u. a. Kirsche und Amber vereint.<\/p>\n<p>So wird jeder <strong>Saft<\/strong> der Marke verk\u00f6rpert Eleganz und Raffinesse und bietet so eine breite Palette an Auswahlm\u00f6glichkeiten f\u00fcr Liebhaber au\u00dfergew\u00f6hnlicher D\u00fcfte.<\/p>","protected":false},"excerpt":{"rendered":"<p><strong>Geruchsnoten :<\/strong><\/p>\n<p><strong>Kopf<\/strong>\u00a0: Mandarine, Apfel, Vanille<br \/>\n<strong>Herz<\/strong>\u00a0: Rose, Vanille, Gew\u00fcrze, Ylang-Ylang<br \/>\n<strong>Hintergrund<\/strong>\u00a0: Oud, Wei\u00dfer Moschus, Sandelholz, Patchouli<\/p>","protected":false},"featured_media":29842,"template":"","meta":[],"product_brand":[],"product_cat":[302],"product_tag":[],"class_list":{"0":"post-29841","1":"product","2":"type-product","3":"status-publish","4":"has-post-thumbnail","6":"product_cat-french-avenue","8":"first","9":"instock","10":"taxable","11":"shipping-taxable","12":"purchasable","13":"product-type-simple"},"yoast_head":"<!-- This site is optimized with the Yoast SEO plugin v27.5 - https:\/\/yoast.com\/product\/yoast-seo-wordpress\/ -->\n<title>Royal Blend Nero | Extrait de parfum en 100ml | French Avenue<\/title>\n<meta name=\"description\" content=\"L&#039;extrait de parfum Royal Blend Nero de la marque French Avenue incarne v\u00e9ritablement le luxe et l&#039;\u00e9l\u00e9gance. Adoptez-le rapidement !\" \/>\n<meta name=\"robots\" content=\"index, follow, max-snippet:-1, max-image-preview:large, max-video-preview:-1\" \/>\n<link rel=\"canonical\" href=\"https:\/\/lescollectionsprivees.com\/de\/duft\/parfumextrakt-royal-blend-nero\/\" \/>\n<meta property=\"og:locale\" content=\"de_DE\" \/>\n<meta property=\"og:type\" content=\"article\" \/>\n<meta property=\"og:title\" content=\"Royal Blend Nero | Extrait de parfum en 100ml | French Avenue\" \/>\n<meta property=\"og:description\" content=\"L&#039;extrait de parfum Royal Blend Nero de la marque French Avenue incarne v\u00e9ritablement le luxe et l&#039;\u00e9l\u00e9gance. Adoptez-le rapidement !\" \/>\n<meta property=\"og:url\" content=\"https:\/\/lescollectionsprivees.com\/de\/duft\/parfumextrakt-royal-blend-nero\/\" \/>\n<meta property=\"og:site_name\" content=\"Les Collections Priv\u00e9es\" \/>\n<meta property=\"article:modified_time\" content=\"2026-04-23T13:05:40+00:00\" \/>\n<meta property=\"og:image\" content=\"https:\/\/lescollectionsprivees.com\/wp-content\/uploads\/2024\/06\/royal-blend-hero-french-avenue.jpg\" \/>\n\t<meta property=\"og:image:width\" content=\"600\" \/>\n\t<meta property=\"og:image:height\" content=\"600\" \/>\n\t<meta property=\"og:image:type\" content=\"image\/jpeg\" \/>\n<meta name=\"twitter:card\" content=\"summary_large_image\" \/>\n<meta name=\"twitter:label1\" content=\"Gesch\u00e4tzte Lesezeit\" \/>\n\t<meta name=\"twitter:data1\" content=\"2\u00a0Minuten\" \/>\n<script type=\"application\/ld+json\" class=\"yoast-schema-graph\">{\"@context\":\"https:\\\/\\\/schema.org\",\"@graph\":[{\"@type\":\"WebPage\",\"@id\":\"https:\\\/\\\/lescollectionsprivees.com\\\/parfum\\\/extrait-de-parfum-royal-blend-nero\\\/\",\"url\":\"https:\\\/\\\/lescollectionsprivees.com\\\/parfum\\\/extrait-de-parfum-royal-blend-nero\\\/\",\"name\":\"Royal Blend Nero | Extrait de parfum en 100ml | French Avenue\",\"isPartOf\":{\"@id\":\"https:\\\/\\\/lescollectionsprivees.com\\\/#website\"},\"primaryImageOfPage\":{\"@id\":\"https:\\\/\\\/lescollectionsprivees.com\\\/parfum\\\/extrait-de-parfum-royal-blend-nero\\\/#primaryimage\"},\"image\":{\"@id\":\"https:\\\/\\\/lescollectionsprivees.com\\\/parfum\\\/extrait-de-parfum-royal-blend-nero\\\/#primaryimage\"},\"thumbnailUrl\":\"https:\\\/\\\/lescollectionsprivees.com\\\/wp-content\\\/uploads\\\/2024\\\/06\\\/royal-blend-hero-french-avenue.jpg\",\"datePublished\":\"2024-06-08T16:17:36+00:00\",\"dateModified\":\"2026-04-23T13:05:40+00:00\",\"description\":\"L'extrait de parfum Royal Blend Nero de la marque French Avenue incarne v\u00e9ritablement le luxe et l'\u00e9l\u00e9gance. Adoptez-le rapidement !\",\"breadcrumb\":{\"@id\":\"https:\\\/\\\/lescollectionsprivees.com\\\/parfum\\\/extrait-de-parfum-royal-blend-nero\\\/#breadcrumb\"},\"inLanguage\":\"de\",\"potentialAction\":[{\"@type\":\"ReadAction\",\"target\":[\"https:\\\/\\\/lescollectionsprivees.com\\\/parfum\\\/extrait-de-parfum-royal-blend-nero\\\/\"]}]},{\"@type\":\"ImageObject\",\"inLanguage\":\"de\",\"@id\":\"https:\\\/\\\/lescollectionsprivees.com\\\/parfum\\\/extrait-de-parfum-royal-blend-nero\\\/#primaryimage\",\"url\":\"https:\\\/\\\/lescollectionsprivees.com\\\/wp-content\\\/uploads\\\/2024\\\/06\\\/royal-blend-hero-french-avenue.jpg\",\"contentUrl\":\"https:\\\/\\\/lescollectionsprivees.com\\\/wp-content\\\/uploads\\\/2024\\\/06\\\/royal-blend-hero-french-avenue.jpg\",\"width\":600,\"height\":600,\"caption\":\"Extrait de parfum Royal Blend Nero 100ml \u2013 French Avenue\"},{\"@type\":\"BreadcrumbList\",\"@id\":\"https:\\\/\\\/lescollectionsprivees.com\\\/parfum\\\/extrait-de-parfum-royal-blend-nero\\\/#breadcrumb\",\"itemListElement\":[{\"@type\":\"ListItem\",\"position\":1,\"name\":\"Accueil\",\"item\":\"https:\\\/\\\/lescollectionsprivees.com\\\/\"},{\"@type\":\"ListItem\",\"position\":2,\"name\":\"Boutique\",\"item\":\"https:\\\/\\\/lescollectionsprivees.com\\\/boutique\\\/\"},{\"@type\":\"ListItem\",\"position\":3,\"name\":\"Extrait de parfum Royal Blend Nero 100ml \u2013 French Avenue\"}]},{\"@type\":\"WebSite\",\"@id\":\"https:\\\/\\\/lescollectionsprivees.com\\\/#website\",\"url\":\"https:\\\/\\\/lescollectionsprivees.com\\\/\",\"name\":\"Les Collections Priv\u00e9es\",\"description\":\"\",\"publisher\":{\"@id\":\"https:\\\/\\\/lescollectionsprivees.com\\\/#organization\"},\"potentialAction\":[{\"@type\":\"SearchAction\",\"target\":{\"@type\":\"EntryPoint\",\"urlTemplate\":\"https:\\\/\\\/lescollectionsprivees.com\\\/?s={search_term_string}\"},\"query-input\":{\"@type\":\"PropertyValueSpecification\",\"valueRequired\":true,\"valueName\":\"search_term_string\"}}],\"inLanguage\":\"de\"},{\"@type\":\"Organization\",\"@id\":\"https:\\\/\\\/lescollectionsprivees.com\\\/#organization\",\"name\":\"Les Collections Priv\u00e9es\",\"url\":\"https:\\\/\\\/lescollectionsprivees.com\\\/\",\"logo\":{\"@type\":\"ImageObject\",\"inLanguage\":\"de\",\"@id\":\"https:\\\/\\\/lescollectionsprivees.com\\\/#\\\/schema\\\/logo\\\/image\\\/\",\"url\":\"https:\\\/\\\/lescollectionsprivees.com\\\/wp-content\\\/uploads\\\/2020\\\/02\\\/Logo-Les-Collections-Priv\u00e9es-450x450-1.png\",\"contentUrl\":\"https:\\\/\\\/lescollectionsprivees.com\\\/wp-content\\\/uploads\\\/2020\\\/02\\\/Logo-Les-Collections-Priv\u00e9es-450x450-1.png\",\"width\":450,\"height\":450,\"caption\":\"Les Collections Priv\u00e9es\"},\"image\":{\"@id\":\"https:\\\/\\\/lescollectionsprivees.com\\\/#\\\/schema\\\/logo\\\/image\\\/\"}}]}<\/script>\n<!-- \/ Yoast SEO plugin. -->","yoast_head_json":{"title":"Royal Blend Nero | Extrait de parfum in 100ml | French Avenue","description":"Das Royal Blend Nero Extrait de Parfum von French Avenue ist eine wahre Verk\u00f6rperung von Luxus und Eleganz. Nehmen Sie es schnell an!","robots":{"index":"index","follow":"follow","max-snippet":"max-snippet:-1","max-image-preview":"max-image-preview:large","max-video-preview":"max-video-preview:-1"},"canonical":"https:\/\/lescollectionsprivees.com\/de\/duft\/parfumextrakt-royal-blend-nero\/","og_locale":"de_DE","og_type":"article","og_title":"Royal Blend Nero | Extrait de parfum en 100ml | French Avenue","og_description":"L'extrait de parfum Royal Blend Nero de la marque French Avenue incarne v\u00e9ritablement le luxe et l'\u00e9l\u00e9gance. Adoptez-le rapidement !","og_url":"https:\/\/lescollectionsprivees.com\/de\/duft\/parfumextrakt-royal-blend-nero\/","og_site_name":"Les Collections Priv\u00e9es","article_modified_time":"2026-04-23T13:05:40+00:00","og_image":[{"width":600,"height":600,"url":"https:\/\/lescollectionsprivees.com\/wp-content\/uploads\/2024\/06\/royal-blend-hero-french-avenue.jpg","type":"image\/jpeg"}],"twitter_card":"summary_large_image","twitter_misc":{"Gesch\u00e4tzte Lesezeit":"2\u00a0Minuten"},"schema":{"@context":"https:\/\/schema.org","@graph":[{"@type":"WebPage","@id":"https:\/\/lescollectionsprivees.com\/parfum\/extrait-de-parfum-royal-blend-nero\/","url":"https:\/\/lescollectionsprivees.com\/parfum\/extrait-de-parfum-royal-blend-nero\/","name":"Royal Blend Nero | Extrait de parfum in 100ml | French Avenue","isPartOf":{"@id":"https:\/\/lescollectionsprivees.com\/#website"},"primaryImageOfPage":{"@id":"https:\/\/lescollectionsprivees.com\/parfum\/extrait-de-parfum-royal-blend-nero\/#primaryimage"},"image":{"@id":"https:\/\/lescollectionsprivees.com\/parfum\/extrait-de-parfum-royal-blend-nero\/#primaryimage"},"thumbnailUrl":"https:\/\/lescollectionsprivees.com\/wp-content\/uploads\/2024\/06\/royal-blend-hero-french-avenue.jpg","datePublished":"2024-06-08T16:17:36+00:00","dateModified":"2026-04-23T13:05:40+00:00","description":"Das Royal Blend Nero Extrait de Parfum von French Avenue ist eine wahre Verk\u00f6rperung von Luxus und Eleganz. Nehmen Sie es schnell an!","breadcrumb":{"@id":"https:\/\/lescollectionsprivees.com\/parfum\/extrait-de-parfum-royal-blend-nero\/#breadcrumb"},"inLanguage":"de","potentialAction":[{"@type":"ReadAction","target":["https:\/\/lescollectionsprivees.com\/parfum\/extrait-de-parfum-royal-blend-nero\/"]}]},{"@type":"ImageObject","inLanguage":"de","@id":"https:\/\/lescollectionsprivees.com\/parfum\/extrait-de-parfum-royal-blend-nero\/#primaryimage","url":"https:\/\/lescollectionsprivees.com\/wp-content\/uploads\/2024\/06\/royal-blend-hero-french-avenue.jpg","contentUrl":"https:\/\/lescollectionsprivees.com\/wp-content\/uploads\/2024\/06\/royal-blend-hero-french-avenue.jpg","width":600,"height":600,"caption":"Extrait de parfum Royal Blend Nero 100ml \u2013 French Avenue"},{"@type":"BreadcrumbList","@id":"https:\/\/lescollectionsprivees.com\/parfum\/extrait-de-parfum-royal-blend-nero\/#breadcrumb","itemListElement":[{"@type":"ListItem","position":1,"name":"Accueil","item":"https:\/\/lescollectionsprivees.com\/"},{"@type":"ListItem","position":2,"name":"Boutique","item":"https:\/\/lescollectionsprivees.com\/boutique\/"},{"@type":"ListItem","position":3,"name":"Extrait de parfum Royal Blend Nero 100ml \u2013 French Avenue"}]},{"@type":"WebSite","@id":"https:\/\/lescollectionsprivees.com\/#website","url":"https:\/\/lescollectionsprivees.com\/","name":"Private Sammlungen","description":"","publisher":{"@id":"https:\/\/lescollectionsprivees.com\/#organization"},"potentialAction":[{"@type":"SearchAction","target":{"@type":"EntryPoint","urlTemplate":"https:\/\/lescollectionsprivees.com\/?s={search_term_string}"},"query-input":{"@type":"PropertyValueSpecification","valueRequired":true,"valueName":"search_term_string"}}],"inLanguage":"de"},{"@type":"Organization","@id":"https:\/\/lescollectionsprivees.com\/#organization","name":"Private Sammlungen","url":"https:\/\/lescollectionsprivees.com\/","logo":{"@type":"ImageObject","inLanguage":"de","@id":"https:\/\/lescollectionsprivees.com\/#\/schema\/logo\/image\/","url":"https:\/\/lescollectionsprivees.com\/wp-content\/uploads\/2020\/02\/Logo-Les-Collections-Priv\u00e9es-450x450-1.png","contentUrl":"https:\/\/lescollectionsprivees.com\/wp-content\/uploads\/2020\/02\/Logo-Les-Collections-Priv\u00e9es-450x450-1.png","width":450,"height":450,"caption":"Les Collections Priv\u00e9es"},"image":{"@id":"https:\/\/lescollectionsprivees.com\/#\/schema\/logo\/image\/"}}]}},"_links":{"self":[{"href":"https:\/\/lescollectionsprivees.com\/de\/wp-json\/wp\/v2\/product\/29841","targetHints":{"allow":["GET"]}}],"collection":[{"href":"https:\/\/lescollectionsprivees.com\/de\/wp-json\/wp\/v2\/product"}],"about":[{"href":"https:\/\/lescollectionsprivees.com\/de\/wp-json\/wp\/v2\/types\/product"}],"wp:featuredmedia":[{"embeddable":true,"href":"https:\/\/lescollectionsprivees.com\/de\/wp-json\/wp\/v2\/media\/29842"}],"wp:attachment":[{"href":"https:\/\/lescollectionsprivees.com\/de\/wp-json\/wp\/v2\/media?parent=29841"}],"wp:term":[{"taxonomy":"product_brand","embeddable":true,"href":"https:\/\/lescollectionsprivees.com\/de\/wp-json\/wp\/v2\/product_brand?post=29841"},{"taxonomy":"product_cat","embeddable":true,"href":"https:\/\/lescollectionsprivees.com\/de\/wp-json\/wp\/v2\/product_cat?post=29841"},{"taxonomy":"product_tag","embeddable":true,"href":"https:\/\/lescollectionsprivees.com\/de\/wp-json\/wp\/v2\/product_tag?post=29841"}],"curies":[{"name":"wp","href":"https:\/\/api.w.org\/{rel}","templated":true}]}}