{"id":31439,"date":"2024-10-13T16:52:31","date_gmt":"2024-10-13T16:52:31","guid":{"rendered":"https:\/\/lescollectionsprivees.com\/?post_type=product&#038;p=31439"},"modified":"2026-05-16T12:41:14","modified_gmt":"2026-05-16T12:41:14","slug":"liquid-braun","status":"publish","type":"product","link":"https:\/\/lescollectionsprivees.com\/de\/parfum\/liquid-brun\/","title":{"rendered":"Eau de Parfum Liquid brun 100ml - French Avenue"},"content":{"rendered":"<p>Entdecken Sie <strong>Liquid Braun<\/strong>ein <strong>Herrenduft<\/strong> unterzeichnet <strong>French Avenue<\/strong> in dem holzige und gourmandige Noten aufeinandertreffen. Dieser einzigartige Duft bietet ein unvergessliches Dufterlebnis, das sicher einen bleibenden Eindruck hinterl\u00e4sst.<\/p>\n<h2><strong>Ausf\u00fchrliche Beschreibung von Liquid Brun Eau de Parfum<\/strong><\/h2>\n<p>Dieser Unisexduft entf\u00fchrt Sie in eine Welt voller Frische und Raffinesse - und das schon beim ersten Eindruck. Die <strong>Bergamotte<\/strong> verb\u00fcndet sich mit der <strong>Kardamom<\/strong>Dadurch entsteht eine energetisierende Offenheit. Die <a href=\"https:\/\/lescollectionsprivees.com\/de\/duft\/musc-intime-tahara-aromatisiert-fleur-doranger\/\"><strong>Orangenbl\u00fcte<\/strong><\/a> Der Duft wird durch eine zarte, blumige Note abgerundet.<\/p>\n<p>In der Folgezeit <strong>Vanille<\/strong><strong> bourbon<\/strong> und die <strong>Zimt<\/strong> entfalten sich im Herzen des Parfums. Diese Mischung f\u00fchrt zu einer unwiderstehlichen w\u00fcrzigen S\u00fc\u00dfe. Die <strong>Elemiharz<\/strong> ist ebenfalls Teil dieser k\u00f6stlichen Kombination und verleiht dem Ganzen eine besondere Note. Es ist \u00fcbrigens diese Zutat, die f\u00fcr einen diskreten Hauch von Sinnlichkeit sorgt, der den ganzen Tag \u00fcber anh\u00e4lt.<\/p>\n<p>Schlie\u00dflich endet diese Partitur mit sorgf\u00e4ltig ausgew\u00e4hlten Hintergrundnoten. Die <strong>Pralin\u00e9<\/strong> sorgt f\u00fcr einen unerwarteten Gourmet-Touch, w\u00e4hrend die<strong>ambroxan<\/strong> f\u00fcgt eine bernsteinfarbene W\u00e4rme hinzu. Der <strong>Guajakholz<\/strong> kommt ebenfalls zu seinen Noten hinzu, um die Komposition zu vervollst\u00e4ndigen.<\/p>\n<h2><strong>Liquid Brun von French Avenue: die Verk\u00f6rperung des modernen Charismas<\/strong><\/h2>\n<p>Einer der gr\u00f6\u00dften Vorteile dieses Unisex-Duftes ist seine Vielseitigkeit. Er wurde so konzipiert, dass er zu jeder Jahreszeit passt, und begleitet Sie mit Leichtigkeit vom B\u00fcro bis zu den elegantesten Abenden. Seine Zusammensetzung macht ihn f\u00fcr einen entspannten Tag ebenso geeignet wie f\u00fcr einen besonderen Anlass.<\/p>\n<p>Dar\u00fcber hinaus verk\u00f6rpert Liquid Brun den modernen Mann in seiner ganzen Komplexit\u00e4t: elegant, ohne pr\u00e4tenti\u00f6s zu sein, modern und doch zeitlos. Mit seiner einzigartigen Mischung aus <strong>Holznoten<\/strong>Mit seinen w\u00fcrzigen und gourmandigen Noten schafft er eine unvergessliche Duftsignatur und hinterl\u00e4sst eine geheimnisvolle und verf\u00fchrerische Aura. Er wird mit Sicherheit das Interesse der Menschen in Ihrer Umgebung wecken.<\/p>\n<h3><strong>Wagen Sie Au\u00dfergew\u00f6hnliches, um sich von der Masse abzuheben<\/strong><\/h3>\n<p>Das Eau de Parfum Liquid Brun ist <strong>die perfekte Wahl f\u00fcr den Mann, der es wagt, sich von der Masse abzuheben<\/strong>. Ob Sie nun ein Signaturparfum oder einen besonderen Duft f\u00fcr besondere Anl\u00e4sse suchen, es wird all Ihre Erwartungen erf\u00fcllen. Lassen Sie sich von seiner olfaktorischen Komplexit\u00e4t und seiner Eleganz verf\u00fchren.<\/p>","protected":false},"excerpt":{"rendered":"<p><strong>Geruchsnoten :<\/strong><\/p>\n<p><strong>Kopfnoten<\/strong> : Zimt, Bergamotte, Kardamom, Orangenbl\u00fcte<br \/>\n<strong>Herznoten<\/strong> : Bourbon-Vanille, Elemis<br \/>\n<strong>Hintergrundnoten<\/strong> : Moschus, Pralin\u00e9, Ambroxan, Guajakholz<\/p>\n<p><strong>Genre<\/strong> : M\u00e4nnlich.<\/p>","protected":false},"featured_media":31440,"template":"","meta":[],"product_brand":[],"product_cat":[302,203,207,202,208],"product_tag":[],"class_list":{"0":"post-31439","1":"product","2":"type-product","3":"status-publish","4":"has-post-thumbnail","6":"product_cat-french-avenue","7":"product_cat-parfum-ambre","8":"product_cat-parfum-fleur-doranger","9":"product_cat-parfum-homme","10":"product_cat-parfum-vanille","12":"first","13":"instock","14":"taxable","15":"shipping-taxable","16":"purchasable","17":"product-type-simple"},"yoast_head":"<!-- This site is optimized with the Yoast SEO plugin v27.5 - https:\/\/yoast.com\/product\/yoast-seo-wordpress\/ -->\n<title>Liquid brun | Fragrance masculine de la marque French Avenue<\/title>\n<meta name=\"description\" content=\"D\u00e9couvrez l&#039;eau de parfum Liquid Brun, un parfum masculin sign\u00e9 French Avenue o\u00f9 se rencontrent des notes bois\u00e9es et gourmandes.\" \/>\n<meta name=\"robots\" content=\"index, follow, max-snippet:-1, max-image-preview:large, max-video-preview:-1\" \/>\n<link rel=\"canonical\" href=\"https:\/\/lescollectionsprivees.com\/de\/duft\/liquid-braun\/\" \/>\n<meta property=\"og:locale\" content=\"de_DE\" \/>\n<meta property=\"og:type\" content=\"article\" \/>\n<meta property=\"og:title\" content=\"Liquid brun | Fragrance masculine de la marque French Avenue\" \/>\n<meta property=\"og:description\" content=\"D\u00e9couvrez l&#039;eau de parfum Liquid Brun, un parfum masculin sign\u00e9 French Avenue o\u00f9 se rencontrent des notes bois\u00e9es et gourmandes.\" \/>\n<meta property=\"og:url\" content=\"https:\/\/lescollectionsprivees.com\/de\/duft\/liquid-braun\/\" \/>\n<meta property=\"og:site_name\" content=\"Les Collections Priv\u00e9es\" \/>\n<meta property=\"article:modified_time\" content=\"2026-05-16T12:41:14+00:00\" \/>\n<meta property=\"og:image\" content=\"https:\/\/lescollectionsprivees.com\/wp-content\/uploads\/2024\/10\/liquid-brun-french-avenue.jpg\" \/>\n\t<meta property=\"og:image:width\" content=\"600\" \/>\n\t<meta property=\"og:image:height\" content=\"600\" \/>\n\t<meta property=\"og:image:type\" content=\"image\/jpeg\" \/>\n<meta name=\"twitter:card\" content=\"summary_large_image\" \/>\n<meta name=\"twitter:label1\" content=\"Gesch\u00e4tzte Lesezeit\" \/>\n\t<meta name=\"twitter:data1\" content=\"3\u00a0Minuten\" \/>\n<script type=\"application\/ld+json\" class=\"yoast-schema-graph\">{\"@context\":\"https:\\\/\\\/schema.org\",\"@graph\":[{\"@type\":\"WebPage\",\"@id\":\"https:\\\/\\\/lescollectionsprivees.com\\\/parfum\\\/liquid-brun\\\/\",\"url\":\"https:\\\/\\\/lescollectionsprivees.com\\\/parfum\\\/liquid-brun\\\/\",\"name\":\"Liquid brun | Fragrance masculine de la marque French Avenue\",\"isPartOf\":{\"@id\":\"https:\\\/\\\/lescollectionsprivees.com\\\/#website\"},\"primaryImageOfPage\":{\"@id\":\"https:\\\/\\\/lescollectionsprivees.com\\\/parfum\\\/liquid-brun\\\/#primaryimage\"},\"image\":{\"@id\":\"https:\\\/\\\/lescollectionsprivees.com\\\/parfum\\\/liquid-brun\\\/#primaryimage\"},\"thumbnailUrl\":\"https:\\\/\\\/lescollectionsprivees.com\\\/wp-content\\\/uploads\\\/2024\\\/10\\\/liquid-brun-french-avenue.jpg\",\"datePublished\":\"2024-10-13T16:52:31+00:00\",\"dateModified\":\"2026-05-16T12:41:14+00:00\",\"description\":\"D\u00e9couvrez l'eau de parfum Liquid Brun, un parfum masculin sign\u00e9 French Avenue o\u00f9 se rencontrent des notes bois\u00e9es et gourmandes.\",\"breadcrumb\":{\"@id\":\"https:\\\/\\\/lescollectionsprivees.com\\\/parfum\\\/liquid-brun\\\/#breadcrumb\"},\"inLanguage\":\"de\",\"potentialAction\":[{\"@type\":\"ReadAction\",\"target\":[\"https:\\\/\\\/lescollectionsprivees.com\\\/parfum\\\/liquid-brun\\\/\"]}]},{\"@type\":\"ImageObject\",\"inLanguage\":\"de\",\"@id\":\"https:\\\/\\\/lescollectionsprivees.com\\\/parfum\\\/liquid-brun\\\/#primaryimage\",\"url\":\"https:\\\/\\\/lescollectionsprivees.com\\\/wp-content\\\/uploads\\\/2024\\\/10\\\/liquid-brun-french-avenue.jpg\",\"contentUrl\":\"https:\\\/\\\/lescollectionsprivees.com\\\/wp-content\\\/uploads\\\/2024\\\/10\\\/liquid-brun-french-avenue.jpg\",\"width\":600,\"height\":600,\"caption\":\"Eau de parfum Liquid brun 100ml - French Avenue\"},{\"@type\":\"BreadcrumbList\",\"@id\":\"https:\\\/\\\/lescollectionsprivees.com\\\/parfum\\\/liquid-brun\\\/#breadcrumb\",\"itemListElement\":[{\"@type\":\"ListItem\",\"position\":1,\"name\":\"Accueil\",\"item\":\"https:\\\/\\\/lescollectionsprivees.com\\\/\"},{\"@type\":\"ListItem\",\"position\":2,\"name\":\"Boutique\",\"item\":\"https:\\\/\\\/lescollectionsprivees.com\\\/boutique\\\/\"},{\"@type\":\"ListItem\",\"position\":3,\"name\":\"Eau de parfum Liquid brun 100ml &#8211; French Avenue\"}]},{\"@type\":\"WebSite\",\"@id\":\"https:\\\/\\\/lescollectionsprivees.com\\\/#website\",\"url\":\"https:\\\/\\\/lescollectionsprivees.com\\\/\",\"name\":\"Les Collections Priv\u00e9es\",\"description\":\"\",\"publisher\":{\"@id\":\"https:\\\/\\\/lescollectionsprivees.com\\\/#organization\"},\"potentialAction\":[{\"@type\":\"SearchAction\",\"target\":{\"@type\":\"EntryPoint\",\"urlTemplate\":\"https:\\\/\\\/lescollectionsprivees.com\\\/?s={search_term_string}\"},\"query-input\":{\"@type\":\"PropertyValueSpecification\",\"valueRequired\":true,\"valueName\":\"search_term_string\"}}],\"inLanguage\":\"de\"},{\"@type\":\"Organization\",\"@id\":\"https:\\\/\\\/lescollectionsprivees.com\\\/#organization\",\"name\":\"Les Collections Priv\u00e9es\",\"url\":\"https:\\\/\\\/lescollectionsprivees.com\\\/\",\"logo\":{\"@type\":\"ImageObject\",\"inLanguage\":\"de\",\"@id\":\"https:\\\/\\\/lescollectionsprivees.com\\\/#\\\/schema\\\/logo\\\/image\\\/\",\"url\":\"https:\\\/\\\/lescollectionsprivees.com\\\/wp-content\\\/uploads\\\/2020\\\/02\\\/Logo-Les-Collections-Priv\u00e9es-450x450-1.png\",\"contentUrl\":\"https:\\\/\\\/lescollectionsprivees.com\\\/wp-content\\\/uploads\\\/2020\\\/02\\\/Logo-Les-Collections-Priv\u00e9es-450x450-1.png\",\"width\":450,\"height\":450,\"caption\":\"Les Collections Priv\u00e9es\"},\"image\":{\"@id\":\"https:\\\/\\\/lescollectionsprivees.com\\\/#\\\/schema\\\/logo\\\/image\\\/\"}}]}<\/script>\n<!-- \/ Yoast SEO plugin. -->","yoast_head_json":{"title":"Liquid brun | Herrenduft der Marke French Avenue","description":"Entdecken Sie das Eau de Parfum Liquid Brun, einen Herrenduft von French Avenue, in dem sich holzige und k\u00f6stliche Noten treffen.","robots":{"index":"index","follow":"follow","max-snippet":"max-snippet:-1","max-image-preview":"max-image-preview:large","max-video-preview":"max-video-preview:-1"},"canonical":"https:\/\/lescollectionsprivees.com\/de\/duft\/liquid-braun\/","og_locale":"de_DE","og_type":"article","og_title":"Liquid brun | Fragrance masculine de la marque French Avenue","og_description":"D\u00e9couvrez l'eau de parfum Liquid Brun, un parfum masculin sign\u00e9 French Avenue o\u00f9 se rencontrent des notes bois\u00e9es et gourmandes.","og_url":"https:\/\/lescollectionsprivees.com\/de\/duft\/liquid-braun\/","og_site_name":"Les Collections Priv\u00e9es","article_modified_time":"2026-05-16T12:41:14+00:00","og_image":[{"width":600,"height":600,"url":"https:\/\/lescollectionsprivees.com\/wp-content\/uploads\/2024\/10\/liquid-brun-french-avenue.jpg","type":"image\/jpeg"}],"twitter_card":"summary_large_image","twitter_misc":{"Gesch\u00e4tzte Lesezeit":"3\u00a0Minuten"},"schema":{"@context":"https:\/\/schema.org","@graph":[{"@type":"WebPage","@id":"https:\/\/lescollectionsprivees.com\/parfum\/liquid-brun\/","url":"https:\/\/lescollectionsprivees.com\/parfum\/liquid-brun\/","name":"Liquid brun | Herrenduft der Marke French Avenue","isPartOf":{"@id":"https:\/\/lescollectionsprivees.com\/#website"},"primaryImageOfPage":{"@id":"https:\/\/lescollectionsprivees.com\/parfum\/liquid-brun\/#primaryimage"},"image":{"@id":"https:\/\/lescollectionsprivees.com\/parfum\/liquid-brun\/#primaryimage"},"thumbnailUrl":"https:\/\/lescollectionsprivees.com\/wp-content\/uploads\/2024\/10\/liquid-brun-french-avenue.jpg","datePublished":"2024-10-13T16:52:31+00:00","dateModified":"2026-05-16T12:41:14+00:00","description":"Entdecken Sie das Eau de Parfum Liquid Brun, einen Herrenduft von French Avenue, in dem sich holzige und k\u00f6stliche Noten treffen.","breadcrumb":{"@id":"https:\/\/lescollectionsprivees.com\/parfum\/liquid-brun\/#breadcrumb"},"inLanguage":"de","potentialAction":[{"@type":"ReadAction","target":["https:\/\/lescollectionsprivees.com\/parfum\/liquid-brun\/"]}]},{"@type":"ImageObject","inLanguage":"de","@id":"https:\/\/lescollectionsprivees.com\/parfum\/liquid-brun\/#primaryimage","url":"https:\/\/lescollectionsprivees.com\/wp-content\/uploads\/2024\/10\/liquid-brun-french-avenue.jpg","contentUrl":"https:\/\/lescollectionsprivees.com\/wp-content\/uploads\/2024\/10\/liquid-brun-french-avenue.jpg","width":600,"height":600,"caption":"Eau de parfum Liquid brun 100ml - French Avenue"},{"@type":"BreadcrumbList","@id":"https:\/\/lescollectionsprivees.com\/parfum\/liquid-brun\/#breadcrumb","itemListElement":[{"@type":"ListItem","position":1,"name":"Accueil","item":"https:\/\/lescollectionsprivees.com\/"},{"@type":"ListItem","position":2,"name":"Boutique","item":"https:\/\/lescollectionsprivees.com\/boutique\/"},{"@type":"ListItem","position":3,"name":"Eau de parfum Liquid brun 100ml &#8211; French Avenue"}]},{"@type":"WebSite","@id":"https:\/\/lescollectionsprivees.com\/#website","url":"https:\/\/lescollectionsprivees.com\/","name":"Private Sammlungen","description":"","publisher":{"@id":"https:\/\/lescollectionsprivees.com\/#organization"},"potentialAction":[{"@type":"SearchAction","target":{"@type":"EntryPoint","urlTemplate":"https:\/\/lescollectionsprivees.com\/?s={search_term_string}"},"query-input":{"@type":"PropertyValueSpecification","valueRequired":true,"valueName":"search_term_string"}}],"inLanguage":"de"},{"@type":"Organization","@id":"https:\/\/lescollectionsprivees.com\/#organization","name":"Private Sammlungen","url":"https:\/\/lescollectionsprivees.com\/","logo":{"@type":"ImageObject","inLanguage":"de","@id":"https:\/\/lescollectionsprivees.com\/#\/schema\/logo\/image\/","url":"https:\/\/lescollectionsprivees.com\/wp-content\/uploads\/2020\/02\/Logo-Les-Collections-Priv\u00e9es-450x450-1.png","contentUrl":"https:\/\/lescollectionsprivees.com\/wp-content\/uploads\/2020\/02\/Logo-Les-Collections-Priv\u00e9es-450x450-1.png","width":450,"height":450,"caption":"Les Collections Priv\u00e9es"},"image":{"@id":"https:\/\/lescollectionsprivees.com\/#\/schema\/logo\/image\/"}}]}},"_links":{"self":[{"href":"https:\/\/lescollectionsprivees.com\/de\/wp-json\/wp\/v2\/product\/31439","targetHints":{"allow":["GET"]}}],"collection":[{"href":"https:\/\/lescollectionsprivees.com\/de\/wp-json\/wp\/v2\/product"}],"about":[{"href":"https:\/\/lescollectionsprivees.com\/de\/wp-json\/wp\/v2\/types\/product"}],"wp:featuredmedia":[{"embeddable":true,"href":"https:\/\/lescollectionsprivees.com\/de\/wp-json\/wp\/v2\/media\/31440"}],"wp:attachment":[{"href":"https:\/\/lescollectionsprivees.com\/de\/wp-json\/wp\/v2\/media?parent=31439"}],"wp:term":[{"taxonomy":"product_brand","embeddable":true,"href":"https:\/\/lescollectionsprivees.com\/de\/wp-json\/wp\/v2\/product_brand?post=31439"},{"taxonomy":"product_cat","embeddable":true,"href":"https:\/\/lescollectionsprivees.com\/de\/wp-json\/wp\/v2\/product_cat?post=31439"},{"taxonomy":"product_tag","embeddable":true,"href":"https:\/\/lescollectionsprivees.com\/de\/wp-json\/wp\/v2\/product_tag?post=31439"}],"curies":[{"name":"wp","href":"https:\/\/api.w.org\/{rel}","templated":true}]}}