{"id":31853,"date":"2024-11-14T18:28:07","date_gmt":"2024-11-14T18:28:07","guid":{"rendered":"https:\/\/lescollectionsprivees.com\/?post_type=product&#038;p=31853"},"modified":"2025-09-03T13:01:48","modified_gmt":"2025-09-03T13:01:48","slug":"eau-de-parfum-meringue-french-avenue","status":"publish","type":"product","link":"https:\/\/lescollectionsprivees.com\/de\/parfum\/eau-de-parfum-meringue-french-avenue\/","title":{"rendered":"Eau de Parfum Meringue 100ml - French Avenue"},"content":{"rendered":"<p>Biete dich an <strong>Meringue French avenue<\/strong>ein <strong>orientalischer Duft<\/strong> der Sanftheit und Raffinesse zugleich vereint. Dieser Duft besticht durch seine raffinierte Einfachheit, aber auch durch seine Eleganz. Er wird sicherlich alle erfreuen, die nach einem Elixier suchen, das die Essenz der Weiblichkeit einf\u00e4ngt.<\/p>\n<h2><strong>Duftbeschreibung des Parfums Meringue French Avenue<\/strong><\/h2>\n<p>Diese <strong>Damenparf\u00fcm<\/strong> verzaubert die Sinne vom ersten Moment an mit einer subtilen Kopfnote, in der die <strong>Wildleder<\/strong> trifft die <strong>Fr\u00fcchte<\/strong>. Das Abkommen von<strong>cremige Zitrusfr\u00fcchte<\/strong> schafft ein Gef\u00fchl von Leichtigkeit und Helligkeit. Diese prickelnde Einf\u00fchrung ist nur der Auftakt zu einer unvergesslichen Duftreise. F\u00fcr noch mehr Gaumenfreuden k\u00f6nnen Sie auch Folgendes testen <strong>Luscious<\/strong>.<\/p>\n<p>Danach wird das Herz des Duftes nach und nach enth\u00fcllt. Hier haben wir es mit einer intensiveren und fesselnderen Komposition zu tun. Holz- und Amberakzente verbinden sich und machen Meringue French Avenue durch seine angeborene Frische zu einem Alltagsduft und zu einer geheimnisvollen Essenz, die perfekt f\u00fcr besondere Momente ist. Diese seltene Vielseitigkeit macht dieses Elixier \u00fcbrigens zu einer idealen Wahl f\u00fcr jeden Anlass.<\/p>\n<h3><strong>Meringue French Avenue: Der Duft, der Sie diskret veredelt<\/strong><\/h3>\n<p>Diese Duftkomposition offenbart ein besonderes Talent f\u00fcr die Zusammenstellung von Noten. In der Kopfnote das Trio <strong>Ananas<\/strong>\u2013<strong>Bergamotte<\/strong>\u2013<strong>orange<\/strong> sorgt f\u00fcr eine k\u00f6stliche und vitaminreiche Frische. Die Herznote enth\u00fcllt ihrerseits eine Verbindung aus <strong>Sandelholz<\/strong>von <strong>Wildleder<\/strong> seidig und von <strong>rosa Beeren<\/strong>. Der Hintergrund hingegen achtet darauf, die<a href=\"https:\/\/lescollectionsprivees.com\/de\/duft\/amber-parfums-dor-blanc\/\"><strong>bernsteinfarben<\/strong><\/a>am <strong>Birke<\/strong>am <strong>wei\u00dfer Moschus<\/strong> und die <strong>Vanille<\/strong>.<\/p>\n<p>Diese Kreation von French Avenue zeugt von einem bemerkenswerten Know-how in der Kunst der Parf\u00fcmerie. Meringue French Avenue zeichnet sich durch seine F\u00e4higkeit aus, ein hochwertiges Dufterlebnis zu bieten. Dieses Parfum erinnert auch an die Exzellenz der gro\u00dfen Parfumh\u00e4user, wobei es seiner eigenen Identit\u00e4t treu bleibt.<\/p>\n<p>Es ist ein <strong>Parf\u00fcm f\u00fcr Frauen<\/strong> der mit seiner anhaltenden Sanftheit und seiner markanten Duftsignatur besticht. Er wird schnell zu einem wertvollen olfaktorischen Begleiter im Alltag von Frauen, die auf der Suche nach diskreter Eleganz sind.<\/p>\n<h3><strong>Ein bis ins kleinste Detail eleganter Duft<\/strong><\/h3>\n<p>Erliegen Sie von nun an Meringue Franch Avenue, einem s\u00fc\u00dfen und angenehmen Duft, den Ihr Geruchssinn entdecken kann. Auch Ihr Auge wird von diesem pr\u00e4chtigen Flakon, der gleichzeitig schlicht und raffiniert ist, verf\u00fchrt werden. Seine goldene Farbe erinnert an Luxus und wird den Stil Ihrer Dekoration aufwerten.<\/p>","protected":false},"excerpt":{"rendered":"<p><strong>Geruchsnoten :<\/strong><\/p>\n<p><strong>Kopfnoten<\/strong>\u00a0: Bergamotte, Mandarine, Ananas<br \/>\n<strong>Herznoten<\/strong>\u00a0: Wildleder, rosa Beeren, Sandelholz<br \/>\n<strong>Hintergrundnoten<\/strong>\u00a0: Wei\u00dfer Moschus, Birke, Vanille, Ambergrau.<\/p>\n<p><strong>Genre<\/strong>\u00a0: Feminin.<\/p>","protected":false},"featured_media":31854,"template":"","meta":[],"product_brand":[],"product_cat":[302,203,260,201,208],"product_tag":[],"class_list":{"0":"post-31853","1":"product","2":"type-product","3":"status-publish","4":"has-post-thumbnail","6":"product_cat-french-avenue","7":"product_cat-parfum-ambre","8":"product_cat-parfum-ananas","9":"product_cat-parfum-femme","10":"product_cat-parfum-vanille","12":"first","13":"instock","14":"taxable","15":"shipping-taxable","16":"purchasable","17":"product-type-simple"},"yoast_head":"<!-- This site is optimized with the Yoast SEO plugin v27.5 - https:\/\/yoast.com\/product\/yoast-seo-wordpress\/ -->\n<title>Meringue | Parfum f\u00e9minin de la collection French Avenue<\/title>\n<meta name=\"description\" content=\"Offrez-vous Meringue French avenue, un parfum oriental qui allie douceur et raffinement \u00e0 la fois. Bonne senteur \u00e0 vous !\" \/>\n<meta name=\"robots\" content=\"index, follow, max-snippet:-1, max-image-preview:large, max-video-preview:-1\" \/>\n<link rel=\"canonical\" href=\"https:\/\/lescollectionsprivees.com\/de\/duft\/eau-de-parfum-meringue-french-avenue\/\" \/>\n<meta property=\"og:locale\" content=\"de_DE\" \/>\n<meta property=\"og:type\" content=\"article\" \/>\n<meta property=\"og:title\" content=\"Meringue | Parfum f\u00e9minin de la collection French Avenue\" \/>\n<meta property=\"og:description\" content=\"Offrez-vous Meringue French avenue, un parfum oriental qui allie douceur et raffinement \u00e0 la fois. Bonne senteur \u00e0 vous !\" \/>\n<meta property=\"og:url\" content=\"https:\/\/lescollectionsprivees.com\/de\/duft\/eau-de-parfum-meringue-french-avenue\/\" \/>\n<meta property=\"og:site_name\" content=\"Les Collections Priv\u00e9es\" \/>\n<meta property=\"article:modified_time\" content=\"2025-09-03T13:01:48+00:00\" \/>\n<meta property=\"og:image\" content=\"https:\/\/lescollectionsprivees.com\/wp-content\/uploads\/2024\/11\/meringue-french-avenue.jpg\" \/>\n\t<meta property=\"og:image:width\" content=\"600\" \/>\n\t<meta property=\"og:image:height\" content=\"600\" \/>\n\t<meta property=\"og:image:type\" content=\"image\/jpeg\" \/>\n<meta name=\"twitter:card\" content=\"summary_large_image\" \/>\n<meta name=\"twitter:label1\" content=\"Gesch\u00e4tzte Lesezeit\" \/>\n\t<meta name=\"twitter:data1\" content=\"3\u00a0Minuten\" \/>\n<script type=\"application\/ld+json\" class=\"yoast-schema-graph\">{\"@context\":\"https:\\\/\\\/schema.org\",\"@graph\":[{\"@type\":\"WebPage\",\"@id\":\"https:\\\/\\\/lescollectionsprivees.com\\\/parfum\\\/eau-de-parfum-meringue-french-avenue\\\/\",\"url\":\"https:\\\/\\\/lescollectionsprivees.com\\\/parfum\\\/eau-de-parfum-meringue-french-avenue\\\/\",\"name\":\"Meringue | Parfum f\u00e9minin de la collection French Avenue\",\"isPartOf\":{\"@id\":\"https:\\\/\\\/lescollectionsprivees.com\\\/#website\"},\"primaryImageOfPage\":{\"@id\":\"https:\\\/\\\/lescollectionsprivees.com\\\/parfum\\\/eau-de-parfum-meringue-french-avenue\\\/#primaryimage\"},\"image\":{\"@id\":\"https:\\\/\\\/lescollectionsprivees.com\\\/parfum\\\/eau-de-parfum-meringue-french-avenue\\\/#primaryimage\"},\"thumbnailUrl\":\"https:\\\/\\\/lescollectionsprivees.com\\\/wp-content\\\/uploads\\\/2024\\\/11\\\/meringue-french-avenue.jpg\",\"datePublished\":\"2024-11-14T18:28:07+00:00\",\"dateModified\":\"2025-09-03T13:01:48+00:00\",\"description\":\"Offrez-vous Meringue French avenue, un parfum oriental qui allie douceur et raffinement \u00e0 la fois. Bonne senteur \u00e0 vous !\",\"breadcrumb\":{\"@id\":\"https:\\\/\\\/lescollectionsprivees.com\\\/parfum\\\/eau-de-parfum-meringue-french-avenue\\\/#breadcrumb\"},\"inLanguage\":\"de\",\"potentialAction\":[{\"@type\":\"ReadAction\",\"target\":[\"https:\\\/\\\/lescollectionsprivees.com\\\/parfum\\\/eau-de-parfum-meringue-french-avenue\\\/\"]}]},{\"@type\":\"ImageObject\",\"inLanguage\":\"de\",\"@id\":\"https:\\\/\\\/lescollectionsprivees.com\\\/parfum\\\/eau-de-parfum-meringue-french-avenue\\\/#primaryimage\",\"url\":\"https:\\\/\\\/lescollectionsprivees.com\\\/wp-content\\\/uploads\\\/2024\\\/11\\\/meringue-french-avenue.jpg\",\"contentUrl\":\"https:\\\/\\\/lescollectionsprivees.com\\\/wp-content\\\/uploads\\\/2024\\\/11\\\/meringue-french-avenue.jpg\",\"width\":600,\"height\":600,\"caption\":\"Eau de parfum Meringue 100ml \u2013 French Avenue\"},{\"@type\":\"BreadcrumbList\",\"@id\":\"https:\\\/\\\/lescollectionsprivees.com\\\/parfum\\\/eau-de-parfum-meringue-french-avenue\\\/#breadcrumb\",\"itemListElement\":[{\"@type\":\"ListItem\",\"position\":1,\"name\":\"Accueil\",\"item\":\"https:\\\/\\\/lescollectionsprivees.com\\\/\"},{\"@type\":\"ListItem\",\"position\":2,\"name\":\"Boutique\",\"item\":\"https:\\\/\\\/lescollectionsprivees.com\\\/boutique\\\/\"},{\"@type\":\"ListItem\",\"position\":3,\"name\":\"Eau de parfum Meringue 100ml \u2013 French Avenue\"}]},{\"@type\":\"WebSite\",\"@id\":\"https:\\\/\\\/lescollectionsprivees.com\\\/#website\",\"url\":\"https:\\\/\\\/lescollectionsprivees.com\\\/\",\"name\":\"Les Collections Priv\u00e9es\",\"description\":\"\",\"publisher\":{\"@id\":\"https:\\\/\\\/lescollectionsprivees.com\\\/#organization\"},\"potentialAction\":[{\"@type\":\"SearchAction\",\"target\":{\"@type\":\"EntryPoint\",\"urlTemplate\":\"https:\\\/\\\/lescollectionsprivees.com\\\/?s={search_term_string}\"},\"query-input\":{\"@type\":\"PropertyValueSpecification\",\"valueRequired\":true,\"valueName\":\"search_term_string\"}}],\"inLanguage\":\"de\"},{\"@type\":\"Organization\",\"@id\":\"https:\\\/\\\/lescollectionsprivees.com\\\/#organization\",\"name\":\"Les Collections Priv\u00e9es\",\"url\":\"https:\\\/\\\/lescollectionsprivees.com\\\/\",\"logo\":{\"@type\":\"ImageObject\",\"inLanguage\":\"de\",\"@id\":\"https:\\\/\\\/lescollectionsprivees.com\\\/#\\\/schema\\\/logo\\\/image\\\/\",\"url\":\"https:\\\/\\\/lescollectionsprivees.com\\\/wp-content\\\/uploads\\\/2020\\\/02\\\/Logo-Les-Collections-Priv\u00e9es-450x450-1.png\",\"contentUrl\":\"https:\\\/\\\/lescollectionsprivees.com\\\/wp-content\\\/uploads\\\/2020\\\/02\\\/Logo-Les-Collections-Priv\u00e9es-450x450-1.png\",\"width\":450,\"height\":450,\"caption\":\"Les Collections Priv\u00e9es\"},\"image\":{\"@id\":\"https:\\\/\\\/lescollectionsprivees.com\\\/#\\\/schema\\\/logo\\\/image\\\/\"}}]}<\/script>\n<!-- \/ Yoast SEO plugin. -->","yoast_head_json":{"title":"Meringue | Damenparfum der Kollektion French Avenue","description":"G\u00f6nnen Sie sich Meringue French avenue, einen orientalischen Duft, der gleichzeitig S\u00fc\u00dfe und Raffinesse vereint. Viel Spa\u00df beim Riechen!","robots":{"index":"index","follow":"follow","max-snippet":"max-snippet:-1","max-image-preview":"max-image-preview:large","max-video-preview":"max-video-preview:-1"},"canonical":"https:\/\/lescollectionsprivees.com\/de\/duft\/eau-de-parfum-meringue-french-avenue\/","og_locale":"de_DE","og_type":"article","og_title":"Meringue | Parfum f\u00e9minin de la collection French Avenue","og_description":"Offrez-vous Meringue French avenue, un parfum oriental qui allie douceur et raffinement \u00e0 la fois. Bonne senteur \u00e0 vous !","og_url":"https:\/\/lescollectionsprivees.com\/de\/duft\/eau-de-parfum-meringue-french-avenue\/","og_site_name":"Les Collections Priv\u00e9es","article_modified_time":"2025-09-03T13:01:48+00:00","og_image":[{"width":600,"height":600,"url":"https:\/\/lescollectionsprivees.com\/wp-content\/uploads\/2024\/11\/meringue-french-avenue.jpg","type":"image\/jpeg"}],"twitter_card":"summary_large_image","twitter_misc":{"Gesch\u00e4tzte Lesezeit":"3\u00a0Minuten"},"schema":{"@context":"https:\/\/schema.org","@graph":[{"@type":"WebPage","@id":"https:\/\/lescollectionsprivees.com\/parfum\/eau-de-parfum-meringue-french-avenue\/","url":"https:\/\/lescollectionsprivees.com\/parfum\/eau-de-parfum-meringue-french-avenue\/","name":"Meringue | Damenparfum der Kollektion French Avenue","isPartOf":{"@id":"https:\/\/lescollectionsprivees.com\/#website"},"primaryImageOfPage":{"@id":"https:\/\/lescollectionsprivees.com\/parfum\/eau-de-parfum-meringue-french-avenue\/#primaryimage"},"image":{"@id":"https:\/\/lescollectionsprivees.com\/parfum\/eau-de-parfum-meringue-french-avenue\/#primaryimage"},"thumbnailUrl":"https:\/\/lescollectionsprivees.com\/wp-content\/uploads\/2024\/11\/meringue-french-avenue.jpg","datePublished":"2024-11-14T18:28:07+00:00","dateModified":"2025-09-03T13:01:48+00:00","description":"G\u00f6nnen Sie sich Meringue French avenue, einen orientalischen Duft, der gleichzeitig S\u00fc\u00dfe und Raffinesse vereint. Viel Spa\u00df beim Riechen!","breadcrumb":{"@id":"https:\/\/lescollectionsprivees.com\/parfum\/eau-de-parfum-meringue-french-avenue\/#breadcrumb"},"inLanguage":"de","potentialAction":[{"@type":"ReadAction","target":["https:\/\/lescollectionsprivees.com\/parfum\/eau-de-parfum-meringue-french-avenue\/"]}]},{"@type":"ImageObject","inLanguage":"de","@id":"https:\/\/lescollectionsprivees.com\/parfum\/eau-de-parfum-meringue-french-avenue\/#primaryimage","url":"https:\/\/lescollectionsprivees.com\/wp-content\/uploads\/2024\/11\/meringue-french-avenue.jpg","contentUrl":"https:\/\/lescollectionsprivees.com\/wp-content\/uploads\/2024\/11\/meringue-french-avenue.jpg","width":600,"height":600,"caption":"Eau de parfum Meringue 100ml \u2013 French Avenue"},{"@type":"BreadcrumbList","@id":"https:\/\/lescollectionsprivees.com\/parfum\/eau-de-parfum-meringue-french-avenue\/#breadcrumb","itemListElement":[{"@type":"ListItem","position":1,"name":"Accueil","item":"https:\/\/lescollectionsprivees.com\/"},{"@type":"ListItem","position":2,"name":"Boutique","item":"https:\/\/lescollectionsprivees.com\/boutique\/"},{"@type":"ListItem","position":3,"name":"Eau de parfum Meringue 100ml \u2013 French Avenue"}]},{"@type":"WebSite","@id":"https:\/\/lescollectionsprivees.com\/#website","url":"https:\/\/lescollectionsprivees.com\/","name":"Private Sammlungen","description":"","publisher":{"@id":"https:\/\/lescollectionsprivees.com\/#organization"},"potentialAction":[{"@type":"SearchAction","target":{"@type":"EntryPoint","urlTemplate":"https:\/\/lescollectionsprivees.com\/?s={search_term_string}"},"query-input":{"@type":"PropertyValueSpecification","valueRequired":true,"valueName":"search_term_string"}}],"inLanguage":"de"},{"@type":"Organization","@id":"https:\/\/lescollectionsprivees.com\/#organization","name":"Private Sammlungen","url":"https:\/\/lescollectionsprivees.com\/","logo":{"@type":"ImageObject","inLanguage":"de","@id":"https:\/\/lescollectionsprivees.com\/#\/schema\/logo\/image\/","url":"https:\/\/lescollectionsprivees.com\/wp-content\/uploads\/2020\/02\/Logo-Les-Collections-Priv\u00e9es-450x450-1.png","contentUrl":"https:\/\/lescollectionsprivees.com\/wp-content\/uploads\/2020\/02\/Logo-Les-Collections-Priv\u00e9es-450x450-1.png","width":450,"height":450,"caption":"Les Collections Priv\u00e9es"},"image":{"@id":"https:\/\/lescollectionsprivees.com\/#\/schema\/logo\/image\/"}}]}},"_links":{"self":[{"href":"https:\/\/lescollectionsprivees.com\/de\/wp-json\/wp\/v2\/product\/31853","targetHints":{"allow":["GET"]}}],"collection":[{"href":"https:\/\/lescollectionsprivees.com\/de\/wp-json\/wp\/v2\/product"}],"about":[{"href":"https:\/\/lescollectionsprivees.com\/de\/wp-json\/wp\/v2\/types\/product"}],"wp:featuredmedia":[{"embeddable":true,"href":"https:\/\/lescollectionsprivees.com\/de\/wp-json\/wp\/v2\/media\/31854"}],"wp:attachment":[{"href":"https:\/\/lescollectionsprivees.com\/de\/wp-json\/wp\/v2\/media?parent=31853"}],"wp:term":[{"taxonomy":"product_brand","embeddable":true,"href":"https:\/\/lescollectionsprivees.com\/de\/wp-json\/wp\/v2\/product_brand?post=31853"},{"taxonomy":"product_cat","embeddable":true,"href":"https:\/\/lescollectionsprivees.com\/de\/wp-json\/wp\/v2\/product_cat?post=31853"},{"taxonomy":"product_tag","embeddable":true,"href":"https:\/\/lescollectionsprivees.com\/de\/wp-json\/wp\/v2\/product_tag?post=31853"}],"curies":[{"name":"wp","href":"https:\/\/api.w.org\/{rel}","templated":true}]}}