{"id":32065,"date":"2024-11-30T14:33:22","date_gmt":"2024-11-30T14:33:22","guid":{"rendered":"https:\/\/lescollectionsprivees.com\/?post_type=product&#038;p=32065"},"modified":"2025-12-03T10:32:22","modified_gmt":"2025-12-03T10:32:22","slug":"dark-aoud-haus-alhambra","status":"publish","type":"product","link":"https:\/\/lescollectionsprivees.com\/de\/parfum\/dark-aoud-maison-alhambra\/","title":{"rendered":"Eau de Parfum Dark Aoud 80ml - Maison Alhambra"},"content":{"rendered":"<p>Lassen Sie sich verzaubern von <strong>Dark Aoud Haus Alhambra<\/strong>ein <strong>orientalischer Duft<\/strong> exklusiv bei Les Collections Priv\u00e9es erh\u00e4ltlich. Es ist f\u00fcr Sie geeignet, wenn und nur wenn Sie au\u00dfergew\u00f6hnliche D\u00fcfte m\u00f6gen.<\/p>\n<h2><strong>Dark Aoud Maison Alhambra: eine Zugabe von Edelh\u00f6lzern<\/strong><\/h2>\n<p>Von den ersten Augenblicken an werden Sie sofort die<strong>oud<\/strong>Das ist die symboltr\u00e4chtige Note der <strong>orientalische D\u00fcfte<\/strong>. Seine Intensit\u00e4t und Tiefe machen ihn so anders. Manche empfinden ihn anfangs als kr\u00e4ftig. Aber warten Sie, bis Sie den Rest dieser olfaktorischen Partitur entdecken ...<\/p>\n<p>Denn nach ein paar Minuten wird der Duft weicher durch den <a href=\"https:\/\/lescollectionsprivees.com\/de\/duft\/eau-de-parfum-santal-signature-by-sillage-dorient\/\"><strong>Holz<\/strong><strong> Sandelholz<\/strong><\/a>. Jetzt wird es erst richtig interessant. Sie behalten die Kraft des Anfangs bei, aber eingeh\u00fcllt in einen weichen, bequemeren Schleier. Sp\u00e4ter am Tag werden Sie weitere Facetten entdecken. Die <strong>Agarholz aus Kambodscha<\/strong> verleiht eine leicht rauchige Note, w\u00e4hrend der<strong>amberwood<\/strong> f\u00fcgt eine angenehme W\u00e4rme hinzu, die lange anh\u00e4lt. Sie m\u00fcssen sich also nicht alle paar Stunden neu einr\u00e4uchern.<\/p>\n<h3><strong>Dark Aoud Maison Alhambra: Ein alles andere als diskreter Duft<\/strong><\/h3>\n<p>Es ist eindeutig kein Allerweltsparf\u00fcm. Sie m\u00f6gen es lieber unauff\u00e4llig? Dann gehen Sie lieber einen Schritt weiter. Wenn Sie sich jedoch gerne von der Masse abheben und dabei elegant bleiben wollen, k\u00f6nnte er zu Ihrem Markenzeichen werden. Denken Sie daran, ihn dort aufzutragen, wo Ihre Haut am w\u00e4rmsten ist, d. h. an den Pulspunkten. So kann sich der Duft besser entfalten und begleitet Sie den ganzen Tag.<\/p>\n<p>Maison Alhambra hat ein einzigartiges olfaktorisches Werk geschaffen. Ein origineller, aber nicht ungew\u00f6hnlicher Duft. F\u00fcr diejenigen, die <strong>holzige D\u00fcfte<\/strong> mit Charakter, dann wissen Sie, was Sie zu tun haben! Wer k\u00f6nnte besser geeignet sein als eine <strong>orientalisches Parf\u00fcmhaus<\/strong> um einen charaktervollen Duft anzubieten.<\/p>\n<h3><strong>Ein Symbol der orientalischen Parf\u00fcmerie<\/strong><\/h3>\n<p>In der Komposition von Dark Aoud Maison Alhambra findet man die Wahrzeichen der Parf\u00fcmerie aus Dubai. Tats\u00e4chlich sind das Oud und die H\u00f6lzer, die in dieser Partitur zu finden sind, in den meisten <strong>D\u00fcfte aus Dubai<\/strong>. Sie machen dadurch die Liebhaber von <strong>arabische D\u00fcfte<\/strong>.<\/p>","protected":false},"excerpt":{"rendered":"<p><strong>Geruchsnoten :<\/strong><\/p>\n<p><strong>Kopfnoten<\/strong> : Oud<br \/>\n<strong>Herznoten<\/strong> : Sandelholz<br \/>\n<strong>Hintergrundnoten<\/strong> : Oud, Agarholz aus Kambodscha und Amberwood.<\/p>\n<p><strong>Genre<\/strong> : Gemischt.<\/p>","protected":false},"featured_media":32066,"template":"","meta":[],"product_brand":[],"product_cat":[262,201,202,238,15],"product_tag":[],"class_list":{"0":"post-32065","1":"product","2":"type-product","3":"status-publish","4":"has-post-thumbnail","6":"product_cat-maison-alhambra","7":"product_cat-parfum-femme","8":"product_cat-parfum-homme","9":"product_cat-parfum-oud","10":"product_cat-parfums-de-dubai","12":"first","13":"instock","14":"taxable","15":"shipping-taxable","16":"purchasable","17":"product-type-simple"},"yoast_head":"<!-- This site is optimized with the Yoast SEO plugin v27.5 - https:\/\/yoast.com\/product\/yoast-seo-wordpress\/ -->\n<title>Dark Aoud | Fragrance pour homme et femme | Maison Alhambra<\/title>\n<meta name=\"description\" content=\"Laissez-vous envo\u00fbter par Dark Aoud Maison Alhambra, un parfum oriental disponible en exclusivit\u00e9 chez Les Collections Priv\u00e9es.\" \/>\n<meta name=\"robots\" content=\"index, follow, max-snippet:-1, max-image-preview:large, max-video-preview:-1\" \/>\n<link rel=\"canonical\" href=\"https:\/\/lescollectionsprivees.com\/de\/duft\/dark-aoud-haus-alhambra\/\" \/>\n<meta property=\"og:locale\" content=\"de_DE\" \/>\n<meta property=\"og:type\" content=\"article\" \/>\n<meta property=\"og:title\" content=\"Dark Aoud | Fragrance pour homme et femme | Maison Alhambra\" \/>\n<meta property=\"og:description\" content=\"Laissez-vous envo\u00fbter par Dark Aoud Maison Alhambra, un parfum oriental disponible en exclusivit\u00e9 chez Les Collections Priv\u00e9es.\" \/>\n<meta property=\"og:url\" content=\"https:\/\/lescollectionsprivees.com\/de\/duft\/dark-aoud-haus-alhambra\/\" \/>\n<meta property=\"og:site_name\" content=\"Les Collections Priv\u00e9es\" \/>\n<meta property=\"article:modified_time\" content=\"2025-12-03T10:32:22+00:00\" \/>\n<meta property=\"og:image\" content=\"https:\/\/lescollectionsprivees.com\/wp-content\/uploads\/2024\/11\/dark-aoud-maison-alhambra.jpg\" \/>\n\t<meta property=\"og:image:width\" content=\"600\" \/>\n\t<meta property=\"og:image:height\" content=\"600\" \/>\n\t<meta property=\"og:image:type\" content=\"image\/jpeg\" \/>\n<meta name=\"twitter:card\" content=\"summary_large_image\" \/>\n<meta name=\"twitter:label1\" content=\"Gesch\u00e4tzte Lesezeit\" \/>\n\t<meta name=\"twitter:data1\" content=\"2\u00a0Minuten\" \/>\n<script type=\"application\/ld+json\" class=\"yoast-schema-graph\">{\"@context\":\"https:\\\/\\\/schema.org\",\"@graph\":[{\"@type\":\"WebPage\",\"@id\":\"https:\\\/\\\/lescollectionsprivees.com\\\/parfum\\\/dark-aoud-maison-alhambra\\\/\",\"url\":\"https:\\\/\\\/lescollectionsprivees.com\\\/parfum\\\/dark-aoud-maison-alhambra\\\/\",\"name\":\"Dark Aoud | Fragrance pour homme et femme | Maison Alhambra\",\"isPartOf\":{\"@id\":\"https:\\\/\\\/lescollectionsprivees.com\\\/#website\"},\"primaryImageOfPage\":{\"@id\":\"https:\\\/\\\/lescollectionsprivees.com\\\/parfum\\\/dark-aoud-maison-alhambra\\\/#primaryimage\"},\"image\":{\"@id\":\"https:\\\/\\\/lescollectionsprivees.com\\\/parfum\\\/dark-aoud-maison-alhambra\\\/#primaryimage\"},\"thumbnailUrl\":\"https:\\\/\\\/lescollectionsprivees.com\\\/wp-content\\\/uploads\\\/2024\\\/11\\\/dark-aoud-maison-alhambra.jpg\",\"datePublished\":\"2024-11-30T14:33:22+00:00\",\"dateModified\":\"2025-12-03T10:32:22+00:00\",\"description\":\"Laissez-vous envo\u00fbter par Dark Aoud Maison Alhambra, un parfum oriental disponible en exclusivit\u00e9 chez Les Collections Priv\u00e9es.\",\"breadcrumb\":{\"@id\":\"https:\\\/\\\/lescollectionsprivees.com\\\/parfum\\\/dark-aoud-maison-alhambra\\\/#breadcrumb\"},\"inLanguage\":\"de\",\"potentialAction\":[{\"@type\":\"ReadAction\",\"target\":[\"https:\\\/\\\/lescollectionsprivees.com\\\/parfum\\\/dark-aoud-maison-alhambra\\\/\"]}]},{\"@type\":\"ImageObject\",\"inLanguage\":\"de\",\"@id\":\"https:\\\/\\\/lescollectionsprivees.com\\\/parfum\\\/dark-aoud-maison-alhambra\\\/#primaryimage\",\"url\":\"https:\\\/\\\/lescollectionsprivees.com\\\/wp-content\\\/uploads\\\/2024\\\/11\\\/dark-aoud-maison-alhambra.jpg\",\"contentUrl\":\"https:\\\/\\\/lescollectionsprivees.com\\\/wp-content\\\/uploads\\\/2024\\\/11\\\/dark-aoud-maison-alhambra.jpg\",\"width\":600,\"height\":600,\"caption\":\"Eau de parfum Dark Aoud 80ml - Maison Alhambra\"},{\"@type\":\"BreadcrumbList\",\"@id\":\"https:\\\/\\\/lescollectionsprivees.com\\\/parfum\\\/dark-aoud-maison-alhambra\\\/#breadcrumb\",\"itemListElement\":[{\"@type\":\"ListItem\",\"position\":1,\"name\":\"Accueil\",\"item\":\"https:\\\/\\\/lescollectionsprivees.com\\\/\"},{\"@type\":\"ListItem\",\"position\":2,\"name\":\"Boutique\",\"item\":\"https:\\\/\\\/lescollectionsprivees.com\\\/boutique\\\/\"},{\"@type\":\"ListItem\",\"position\":3,\"name\":\"Eau de parfum Dark Aoud 80ml &#8211; Maison Alhambra\"}]},{\"@type\":\"WebSite\",\"@id\":\"https:\\\/\\\/lescollectionsprivees.com\\\/#website\",\"url\":\"https:\\\/\\\/lescollectionsprivees.com\\\/\",\"name\":\"Les Collections Priv\u00e9es\",\"description\":\"\",\"publisher\":{\"@id\":\"https:\\\/\\\/lescollectionsprivees.com\\\/#organization\"},\"potentialAction\":[{\"@type\":\"SearchAction\",\"target\":{\"@type\":\"EntryPoint\",\"urlTemplate\":\"https:\\\/\\\/lescollectionsprivees.com\\\/?s={search_term_string}\"},\"query-input\":{\"@type\":\"PropertyValueSpecification\",\"valueRequired\":true,\"valueName\":\"search_term_string\"}}],\"inLanguage\":\"de\"},{\"@type\":\"Organization\",\"@id\":\"https:\\\/\\\/lescollectionsprivees.com\\\/#organization\",\"name\":\"Les Collections Priv\u00e9es\",\"url\":\"https:\\\/\\\/lescollectionsprivees.com\\\/\",\"logo\":{\"@type\":\"ImageObject\",\"inLanguage\":\"de\",\"@id\":\"https:\\\/\\\/lescollectionsprivees.com\\\/#\\\/schema\\\/logo\\\/image\\\/\",\"url\":\"https:\\\/\\\/lescollectionsprivees.com\\\/wp-content\\\/uploads\\\/2020\\\/02\\\/Logo-Les-Collections-Priv\u00e9es-450x450-1.png\",\"contentUrl\":\"https:\\\/\\\/lescollectionsprivees.com\\\/wp-content\\\/uploads\\\/2020\\\/02\\\/Logo-Les-Collections-Priv\u00e9es-450x450-1.png\",\"width\":450,\"height\":450,\"caption\":\"Les Collections Priv\u00e9es\"},\"image\":{\"@id\":\"https:\\\/\\\/lescollectionsprivees.com\\\/#\\\/schema\\\/logo\\\/image\\\/\"}}]}<\/script>\n<!-- \/ Yoast SEO plugin. -->","yoast_head_json":{"title":"Dark Aoud | Parf\u00fcm f\u00fcr M\u00e4nner und Frauen | Maison Alhambra","description":"Lassen Sie sich von Dark Aoud Maison Alhambra verzaubern, einem orientalischen Duft, der exklusiv bei Les Collections Priv\u00e9es erh\u00e4ltlich ist.","robots":{"index":"index","follow":"follow","max-snippet":"max-snippet:-1","max-image-preview":"max-image-preview:large","max-video-preview":"max-video-preview:-1"},"canonical":"https:\/\/lescollectionsprivees.com\/de\/duft\/dark-aoud-haus-alhambra\/","og_locale":"de_DE","og_type":"article","og_title":"Dark Aoud | Fragrance pour homme et femme | Maison Alhambra","og_description":"Laissez-vous envo\u00fbter par Dark Aoud Maison Alhambra, un parfum oriental disponible en exclusivit\u00e9 chez Les Collections Priv\u00e9es.","og_url":"https:\/\/lescollectionsprivees.com\/de\/duft\/dark-aoud-haus-alhambra\/","og_site_name":"Les Collections Priv\u00e9es","article_modified_time":"2025-12-03T10:32:22+00:00","og_image":[{"width":600,"height":600,"url":"https:\/\/lescollectionsprivees.com\/wp-content\/uploads\/2024\/11\/dark-aoud-maison-alhambra.jpg","type":"image\/jpeg"}],"twitter_card":"summary_large_image","twitter_misc":{"Gesch\u00e4tzte Lesezeit":"2\u00a0Minuten"},"schema":{"@context":"https:\/\/schema.org","@graph":[{"@type":"WebPage","@id":"https:\/\/lescollectionsprivees.com\/parfum\/dark-aoud-maison-alhambra\/","url":"https:\/\/lescollectionsprivees.com\/parfum\/dark-aoud-maison-alhambra\/","name":"Dark Aoud | Parf\u00fcm f\u00fcr M\u00e4nner und Frauen | Maison Alhambra","isPartOf":{"@id":"https:\/\/lescollectionsprivees.com\/#website"},"primaryImageOfPage":{"@id":"https:\/\/lescollectionsprivees.com\/parfum\/dark-aoud-maison-alhambra\/#primaryimage"},"image":{"@id":"https:\/\/lescollectionsprivees.com\/parfum\/dark-aoud-maison-alhambra\/#primaryimage"},"thumbnailUrl":"https:\/\/lescollectionsprivees.com\/wp-content\/uploads\/2024\/11\/dark-aoud-maison-alhambra.jpg","datePublished":"2024-11-30T14:33:22+00:00","dateModified":"2025-12-03T10:32:22+00:00","description":"Lassen Sie sich von Dark Aoud Maison Alhambra verzaubern, einem orientalischen Duft, der exklusiv bei Les Collections Priv\u00e9es erh\u00e4ltlich ist.","breadcrumb":{"@id":"https:\/\/lescollectionsprivees.com\/parfum\/dark-aoud-maison-alhambra\/#breadcrumb"},"inLanguage":"de","potentialAction":[{"@type":"ReadAction","target":["https:\/\/lescollectionsprivees.com\/parfum\/dark-aoud-maison-alhambra\/"]}]},{"@type":"ImageObject","inLanguage":"de","@id":"https:\/\/lescollectionsprivees.com\/parfum\/dark-aoud-maison-alhambra\/#primaryimage","url":"https:\/\/lescollectionsprivees.com\/wp-content\/uploads\/2024\/11\/dark-aoud-maison-alhambra.jpg","contentUrl":"https:\/\/lescollectionsprivees.com\/wp-content\/uploads\/2024\/11\/dark-aoud-maison-alhambra.jpg","width":600,"height":600,"caption":"Eau de parfum Dark Aoud 80ml - Maison Alhambra"},{"@type":"BreadcrumbList","@id":"https:\/\/lescollectionsprivees.com\/parfum\/dark-aoud-maison-alhambra\/#breadcrumb","itemListElement":[{"@type":"ListItem","position":1,"name":"Accueil","item":"https:\/\/lescollectionsprivees.com\/"},{"@type":"ListItem","position":2,"name":"Boutique","item":"https:\/\/lescollectionsprivees.com\/boutique\/"},{"@type":"ListItem","position":3,"name":"Eau de parfum Dark Aoud 80ml &#8211; Maison Alhambra"}]},{"@type":"WebSite","@id":"https:\/\/lescollectionsprivees.com\/#website","url":"https:\/\/lescollectionsprivees.com\/","name":"Private Sammlungen","description":"","publisher":{"@id":"https:\/\/lescollectionsprivees.com\/#organization"},"potentialAction":[{"@type":"SearchAction","target":{"@type":"EntryPoint","urlTemplate":"https:\/\/lescollectionsprivees.com\/?s={search_term_string}"},"query-input":{"@type":"PropertyValueSpecification","valueRequired":true,"valueName":"search_term_string"}}],"inLanguage":"de"},{"@type":"Organization","@id":"https:\/\/lescollectionsprivees.com\/#organization","name":"Private Sammlungen","url":"https:\/\/lescollectionsprivees.com\/","logo":{"@type":"ImageObject","inLanguage":"de","@id":"https:\/\/lescollectionsprivees.com\/#\/schema\/logo\/image\/","url":"https:\/\/lescollectionsprivees.com\/wp-content\/uploads\/2020\/02\/Logo-Les-Collections-Priv\u00e9es-450x450-1.png","contentUrl":"https:\/\/lescollectionsprivees.com\/wp-content\/uploads\/2020\/02\/Logo-Les-Collections-Priv\u00e9es-450x450-1.png","width":450,"height":450,"caption":"Les Collections Priv\u00e9es"},"image":{"@id":"https:\/\/lescollectionsprivees.com\/#\/schema\/logo\/image\/"}}]}},"_links":{"self":[{"href":"https:\/\/lescollectionsprivees.com\/de\/wp-json\/wp\/v2\/product\/32065","targetHints":{"allow":["GET"]}}],"collection":[{"href":"https:\/\/lescollectionsprivees.com\/de\/wp-json\/wp\/v2\/product"}],"about":[{"href":"https:\/\/lescollectionsprivees.com\/de\/wp-json\/wp\/v2\/types\/product"}],"wp:featuredmedia":[{"embeddable":true,"href":"https:\/\/lescollectionsprivees.com\/de\/wp-json\/wp\/v2\/media\/32066"}],"wp:attachment":[{"href":"https:\/\/lescollectionsprivees.com\/de\/wp-json\/wp\/v2\/media?parent=32065"}],"wp:term":[{"taxonomy":"product_brand","embeddable":true,"href":"https:\/\/lescollectionsprivees.com\/de\/wp-json\/wp\/v2\/product_brand?post=32065"},{"taxonomy":"product_cat","embeddable":true,"href":"https:\/\/lescollectionsprivees.com\/de\/wp-json\/wp\/v2\/product_cat?post=32065"},{"taxonomy":"product_tag","embeddable":true,"href":"https:\/\/lescollectionsprivees.com\/de\/wp-json\/wp\/v2\/product_tag?post=32065"}],"curies":[{"name":"wp","href":"https:\/\/api.w.org\/{rel}","templated":true}]}}