{"id":32232,"date":"2025-07-23T18:52:15","date_gmt":"2025-07-23T18:52:15","guid":{"rendered":"https:\/\/lescollectionsprivees.com\/?post_type=product&#038;p=32232"},"modified":"2026-05-02T09:59:38","modified_gmt":"2026-05-02T09:59:38","slug":"eau-de-parfum-pinnace-blanc","status":"publish","type":"product","link":"https:\/\/lescollectionsprivees.com\/de\/parfum\/eau-de-parfum-pinnace-blanc\/","title":{"rendered":"Eau de Parfum Pinnace blanc 100ml - French Avenue"},"content":{"rendered":"<p>Ein zarter Duft breitet sich wie eine subtile und raffinierte Liebkosung aus, um Sie vollkommen zu verf\u00fchren. Das Eau de Parfum Pinnace Blanc und sein <strong>ambrierter Nachklang<\/strong>Eine raffinierte und elegante Kreation f\u00fcr eine sinnliche und unwiderstehliche Verf\u00fchrung.<\/p>\n<p>Bereiten Sie sich auf die Begegnung mit einem au\u00dfergew\u00f6hnlichen olfaktorischen Schatz vor, der Sie schon bei den ersten Ausd\u00fcnstungen nicht unber\u00fchrt lassen wird...<\/p>\n<h2><strong>Das Eau de Parfum Pinnace, eine Frage der Einstellung <\/strong><\/h2>\n<p>Wenn Verf\u00fchrung auf Verlangen trifft, ist der<strong> Pinnace Wei\u00df Geschmack<\/strong> zeigt auf die Spitze seines Duftes.<\/p>\n<p>Diese Duftkreation stammt aus dem ber\u00fchmten und ber\u00fcchtigten Haus von <a href=\"https:\/\/www.french-avenue-parfum.com\/\" target=\"_blank\" rel=\"noopener\"><strong>French Avenue Parf\u00fcm<\/strong><\/a>. Er ist daher von vielen Duftliebhabern begehrt. Der Duft wird wegen seiner einzigartigen und fesselnden Sillage gesch\u00e4tzt.<\/p>\n<p>Sobald Sie dieses raffinierte Elixier anwenden, wird Sie eine charismatische und elegante Aura umh\u00fcllen, die Ihre Mitmenschen verzaubert. Diese wundersch\u00f6ne <strong>Duftnugget<\/strong> beeindruckt immer wieder mit seinen zahlreichen, fein ausgearbeiteten Duftnoten. Eine delikate Mischung in Verbindung mit einzigartigem Know-how und einer unvergleichlichen Leidenschaft machen das Eau de Parfum Pinasse Blanc zu einem wahren Schatz f\u00fcr die Sinne.<\/p>\n<h2><strong>Das Eau de Parfum Pinnace Blanc und seine charmante Komposition <\/strong><\/h2>\n<p>Eine der Besonderheiten dieses Unisex-Parfums ist, dass es sich der Haut des Tr\u00e4gers anpasst.<\/p>\n<p>In der Tat geh\u00f6rt dieser Duft zu den<strong> M\u00e4nnerparfums<\/strong>sondern auch unter den <strong>Damenparfums<\/strong>. Eine Tendenz des <strong>orientalischer Duft <\/strong>die jeden, der es wagt, sich ihr zu n\u00e4hern, hemmungslos bezaubert.<\/p>\n<p>Orange und Grapefruit er\u00f6ffnen den Duft mit einer dynamischen und spritzigen Einleitung. Danach gleichen die Frische der Minze und die S\u00fc\u00dfe der schwarzen Johannisbeere den Duft subtil und z\u00e4rtlich aus. Schlie\u00dflich schlie\u00dfen Ambroxan und Moschus mit sinnlichen und warmen Akzenten ab. Ein Ensemble aus <strong>Duftnoten<\/strong> die mit Sorgfalt und Leidenschaft zusammengestellt wurden und so zu einem innovativen und attraktiven Duft f\u00fchren.<\/p>\n<h3><strong>Besuchen Sie schnell Les Collections Priv\u00e9es<\/strong><\/h3>\n<p>Nun, da Sie sich mit Ihrem <strong>olfaktorische Signatur<\/strong>Dann ist es Zeit, andere D\u00fcfte zu entdecken. Ihre Parf\u00fcmerie<em> Private Sammlungen <\/em>bietet in der Tat eine Vielzahl an raffinierten Elixieren, die Ihre Sinne beleben k\u00f6nnen.<\/p>\n<p>Mehr brauchen wir nicht zu sagen, und entdecken Sie sie alle in Ihrer Online-Parf\u00fcmerie.<\/p>","protected":false},"excerpt":{"rendered":"<p><strong>Geruchsnoten :<\/strong><\/p>\n<p><strong>Kopfnoten:<\/strong> Orange, Grapefruit<br \/>\n<strong>Herznoten:<\/strong> Minze, Schwarze Johannisbeere<br \/>\n<strong>Hintergrundnoten:<\/strong> Ambroxan, Moschus<\/p>\n<p><strong style=\"font-size: 14.4px;\">Gender:<\/strong><span style=\"font-size: 14.4px;\"> Gemischt<\/span><\/p>","protected":false},"featured_media":32233,"template":"","meta":[],"product_brand":[],"product_cat":[189,302,203,201,202],"product_tag":[],"class_list":{"0":"post-32232","1":"product","2":"type-product","3":"status-publish","4":"has-post-thumbnail","6":"product_cat-femmes","7":"product_cat-french-avenue","8":"product_cat-parfum-ambre","9":"product_cat-parfum-femme","10":"product_cat-parfum-homme","12":"first","13":"instock","14":"taxable","15":"shipping-taxable","16":"purchasable","17":"product-type-simple"},"yoast_head":"<!-- This site is optimized with the Yoast SEO plugin v27.5 - https:\/\/yoast.com\/product\/yoast-seo-wordpress\/ -->\n<title>Pinnace blanc | Fragrance irr\u00e9sistible de la marque French Avenue<\/title>\n<meta name=\"description\" content=\"L&#039;eau de parfum Pinnace Blanc, et son sillage ambr\u00e9, une cr\u00e9ation sophistiqu\u00e9e et \u00e9l\u00e9gante, pour une s\u00e9duction sensuelle et irr\u00e9sistible.\" \/>\n<meta name=\"robots\" content=\"index, follow, max-snippet:-1, max-image-preview:large, max-video-preview:-1\" \/>\n<link rel=\"canonical\" href=\"https:\/\/lescollectionsprivees.com\/de\/duft\/eau-de-parfum-pinnace-blanc\/\" \/>\n<meta property=\"og:locale\" content=\"de_DE\" \/>\n<meta property=\"og:type\" content=\"article\" \/>\n<meta property=\"og:title\" content=\"Pinnace blanc | Fragrance irr\u00e9sistible de la marque French Avenue\" \/>\n<meta property=\"og:description\" content=\"L&#039;eau de parfum Pinnace Blanc, et son sillage ambr\u00e9, une cr\u00e9ation sophistiqu\u00e9e et \u00e9l\u00e9gante, pour une s\u00e9duction sensuelle et irr\u00e9sistible.\" \/>\n<meta property=\"og:url\" content=\"https:\/\/lescollectionsprivees.com\/de\/duft\/eau-de-parfum-pinnace-blanc\/\" \/>\n<meta property=\"og:site_name\" content=\"Les Collections Priv\u00e9es\" \/>\n<meta property=\"article:modified_time\" content=\"2026-05-02T09:59:38+00:00\" \/>\n<meta property=\"og:image\" content=\"https:\/\/lescollectionsprivees.com\/wp-content\/uploads\/2024\/12\/Eau-de-parfum-Pinnace-Blanc-French-Avenue.jpg\" \/>\n\t<meta property=\"og:image:width\" content=\"600\" \/>\n\t<meta property=\"og:image:height\" content=\"600\" \/>\n\t<meta property=\"og:image:type\" content=\"image\/jpeg\" \/>\n<meta name=\"twitter:card\" content=\"summary_large_image\" \/>\n<meta name=\"twitter:label1\" content=\"Gesch\u00e4tzte Lesezeit\" \/>\n\t<meta name=\"twitter:data1\" content=\"3\u00a0Minuten\" \/>\n<script type=\"application\/ld+json\" class=\"yoast-schema-graph\">{\"@context\":\"https:\\\/\\\/schema.org\",\"@graph\":[{\"@type\":\"WebPage\",\"@id\":\"https:\\\/\\\/lescollectionsprivees.com\\\/parfum\\\/eau-de-parfum-pinnace-blanc\\\/\",\"url\":\"https:\\\/\\\/lescollectionsprivees.com\\\/parfum\\\/eau-de-parfum-pinnace-blanc\\\/\",\"name\":\"Pinnace blanc | Fragrance irr\u00e9sistible de la marque French Avenue\",\"isPartOf\":{\"@id\":\"https:\\\/\\\/lescollectionsprivees.com\\\/#website\"},\"primaryImageOfPage\":{\"@id\":\"https:\\\/\\\/lescollectionsprivees.com\\\/parfum\\\/eau-de-parfum-pinnace-blanc\\\/#primaryimage\"},\"image\":{\"@id\":\"https:\\\/\\\/lescollectionsprivees.com\\\/parfum\\\/eau-de-parfum-pinnace-blanc\\\/#primaryimage\"},\"thumbnailUrl\":\"https:\\\/\\\/lescollectionsprivees.com\\\/wp-content\\\/uploads\\\/2024\\\/12\\\/Eau-de-parfum-Pinnace-Blanc-French-Avenue.jpg\",\"datePublished\":\"2025-07-23T18:52:15+00:00\",\"dateModified\":\"2026-05-02T09:59:38+00:00\",\"description\":\"L'eau de parfum Pinnace Blanc, et son sillage ambr\u00e9, une cr\u00e9ation sophistiqu\u00e9e et \u00e9l\u00e9gante, pour une s\u00e9duction sensuelle et irr\u00e9sistible.\",\"breadcrumb\":{\"@id\":\"https:\\\/\\\/lescollectionsprivees.com\\\/parfum\\\/eau-de-parfum-pinnace-blanc\\\/#breadcrumb\"},\"inLanguage\":\"de\",\"potentialAction\":[{\"@type\":\"ReadAction\",\"target\":[\"https:\\\/\\\/lescollectionsprivees.com\\\/parfum\\\/eau-de-parfum-pinnace-blanc\\\/\"]}]},{\"@type\":\"ImageObject\",\"inLanguage\":\"de\",\"@id\":\"https:\\\/\\\/lescollectionsprivees.com\\\/parfum\\\/eau-de-parfum-pinnace-blanc\\\/#primaryimage\",\"url\":\"https:\\\/\\\/lescollectionsprivees.com\\\/wp-content\\\/uploads\\\/2024\\\/12\\\/Eau-de-parfum-Pinnace-Blanc-French-Avenue.jpg\",\"contentUrl\":\"https:\\\/\\\/lescollectionsprivees.com\\\/wp-content\\\/uploads\\\/2024\\\/12\\\/Eau-de-parfum-Pinnace-Blanc-French-Avenue.jpg\",\"width\":600,\"height\":600,\"caption\":\"Eau-de-parfum-Pinnace-Blanc-French-Avenue\"},{\"@type\":\"BreadcrumbList\",\"@id\":\"https:\\\/\\\/lescollectionsprivees.com\\\/parfum\\\/eau-de-parfum-pinnace-blanc\\\/#breadcrumb\",\"itemListElement\":[{\"@type\":\"ListItem\",\"position\":1,\"name\":\"Accueil\",\"item\":\"https:\\\/\\\/lescollectionsprivees.com\\\/\"},{\"@type\":\"ListItem\",\"position\":2,\"name\":\"Boutique\",\"item\":\"https:\\\/\\\/lescollectionsprivees.com\\\/boutique\\\/\"},{\"@type\":\"ListItem\",\"position\":3,\"name\":\"Eau de parfum Pinnace blanc 100ml \u2013 French Avenue\"}]},{\"@type\":\"WebSite\",\"@id\":\"https:\\\/\\\/lescollectionsprivees.com\\\/#website\",\"url\":\"https:\\\/\\\/lescollectionsprivees.com\\\/\",\"name\":\"Les Collections Priv\u00e9es\",\"description\":\"\",\"publisher\":{\"@id\":\"https:\\\/\\\/lescollectionsprivees.com\\\/#organization\"},\"potentialAction\":[{\"@type\":\"SearchAction\",\"target\":{\"@type\":\"EntryPoint\",\"urlTemplate\":\"https:\\\/\\\/lescollectionsprivees.com\\\/?s={search_term_string}\"},\"query-input\":{\"@type\":\"PropertyValueSpecification\",\"valueRequired\":true,\"valueName\":\"search_term_string\"}}],\"inLanguage\":\"de\"},{\"@type\":\"Organization\",\"@id\":\"https:\\\/\\\/lescollectionsprivees.com\\\/#organization\",\"name\":\"Les Collections Priv\u00e9es\",\"url\":\"https:\\\/\\\/lescollectionsprivees.com\\\/\",\"logo\":{\"@type\":\"ImageObject\",\"inLanguage\":\"de\",\"@id\":\"https:\\\/\\\/lescollectionsprivees.com\\\/#\\\/schema\\\/logo\\\/image\\\/\",\"url\":\"https:\\\/\\\/lescollectionsprivees.com\\\/wp-content\\\/uploads\\\/2020\\\/02\\\/Logo-Les-Collections-Priv\u00e9es-450x450-1.png\",\"contentUrl\":\"https:\\\/\\\/lescollectionsprivees.com\\\/wp-content\\\/uploads\\\/2020\\\/02\\\/Logo-Les-Collections-Priv\u00e9es-450x450-1.png\",\"width\":450,\"height\":450,\"caption\":\"Les Collections Priv\u00e9es\"},\"image\":{\"@id\":\"https:\\\/\\\/lescollectionsprivees.com\\\/#\\\/schema\\\/logo\\\/image\\\/\"}}]}<\/script>\n<!-- \/ Yoast SEO plugin. -->","yoast_head_json":{"title":"Pinnace blanc | Unwiderstehlicher Duft der Marke French Avenue","description":"Das Eau de Parfum Pinnace Blanc mit seiner ambrafarbenen Basisnote ist eine anspruchsvolle und elegante Kreation f\u00fcr eine sinnliche und unwiderstehliche Verf\u00fchrung.","robots":{"index":"index","follow":"follow","max-snippet":"max-snippet:-1","max-image-preview":"max-image-preview:large","max-video-preview":"max-video-preview:-1"},"canonical":"https:\/\/lescollectionsprivees.com\/de\/duft\/eau-de-parfum-pinnace-blanc\/","og_locale":"de_DE","og_type":"article","og_title":"Pinnace blanc | Fragrance irr\u00e9sistible de la marque French Avenue","og_description":"L'eau de parfum Pinnace Blanc, et son sillage ambr\u00e9, une cr\u00e9ation sophistiqu\u00e9e et \u00e9l\u00e9gante, pour une s\u00e9duction sensuelle et irr\u00e9sistible.","og_url":"https:\/\/lescollectionsprivees.com\/de\/duft\/eau-de-parfum-pinnace-blanc\/","og_site_name":"Les Collections Priv\u00e9es","article_modified_time":"2026-05-02T09:59:38+00:00","og_image":[{"width":600,"height":600,"url":"https:\/\/lescollectionsprivees.com\/wp-content\/uploads\/2024\/12\/Eau-de-parfum-Pinnace-Blanc-French-Avenue.jpg","type":"image\/jpeg"}],"twitter_card":"summary_large_image","twitter_misc":{"Gesch\u00e4tzte Lesezeit":"3\u00a0Minuten"},"schema":{"@context":"https:\/\/schema.org","@graph":[{"@type":"WebPage","@id":"https:\/\/lescollectionsprivees.com\/parfum\/eau-de-parfum-pinnace-blanc\/","url":"https:\/\/lescollectionsprivees.com\/parfum\/eau-de-parfum-pinnace-blanc\/","name":"Pinnace blanc | Unwiderstehlicher Duft der Marke French Avenue","isPartOf":{"@id":"https:\/\/lescollectionsprivees.com\/#website"},"primaryImageOfPage":{"@id":"https:\/\/lescollectionsprivees.com\/parfum\/eau-de-parfum-pinnace-blanc\/#primaryimage"},"image":{"@id":"https:\/\/lescollectionsprivees.com\/parfum\/eau-de-parfum-pinnace-blanc\/#primaryimage"},"thumbnailUrl":"https:\/\/lescollectionsprivees.com\/wp-content\/uploads\/2024\/12\/Eau-de-parfum-Pinnace-Blanc-French-Avenue.jpg","datePublished":"2025-07-23T18:52:15+00:00","dateModified":"2026-05-02T09:59:38+00:00","description":"Das Eau de Parfum Pinnace Blanc mit seiner ambrafarbenen Basisnote ist eine anspruchsvolle und elegante Kreation f\u00fcr eine sinnliche und unwiderstehliche Verf\u00fchrung.","breadcrumb":{"@id":"https:\/\/lescollectionsprivees.com\/parfum\/eau-de-parfum-pinnace-blanc\/#breadcrumb"},"inLanguage":"de","potentialAction":[{"@type":"ReadAction","target":["https:\/\/lescollectionsprivees.com\/parfum\/eau-de-parfum-pinnace-blanc\/"]}]},{"@type":"ImageObject","inLanguage":"de","@id":"https:\/\/lescollectionsprivees.com\/parfum\/eau-de-parfum-pinnace-blanc\/#primaryimage","url":"https:\/\/lescollectionsprivees.com\/wp-content\/uploads\/2024\/12\/Eau-de-parfum-Pinnace-Blanc-French-Avenue.jpg","contentUrl":"https:\/\/lescollectionsprivees.com\/wp-content\/uploads\/2024\/12\/Eau-de-parfum-Pinnace-Blanc-French-Avenue.jpg","width":600,"height":600,"caption":"Eau-de-parfum-Pinnace-Blanc-French-Avenue"},{"@type":"BreadcrumbList","@id":"https:\/\/lescollectionsprivees.com\/parfum\/eau-de-parfum-pinnace-blanc\/#breadcrumb","itemListElement":[{"@type":"ListItem","position":1,"name":"Accueil","item":"https:\/\/lescollectionsprivees.com\/"},{"@type":"ListItem","position":2,"name":"Boutique","item":"https:\/\/lescollectionsprivees.com\/boutique\/"},{"@type":"ListItem","position":3,"name":"Eau de parfum Pinnace blanc 100ml \u2013 French Avenue"}]},{"@type":"WebSite","@id":"https:\/\/lescollectionsprivees.com\/#website","url":"https:\/\/lescollectionsprivees.com\/","name":"Private Sammlungen","description":"","publisher":{"@id":"https:\/\/lescollectionsprivees.com\/#organization"},"potentialAction":[{"@type":"SearchAction","target":{"@type":"EntryPoint","urlTemplate":"https:\/\/lescollectionsprivees.com\/?s={search_term_string}"},"query-input":{"@type":"PropertyValueSpecification","valueRequired":true,"valueName":"search_term_string"}}],"inLanguage":"de"},{"@type":"Organization","@id":"https:\/\/lescollectionsprivees.com\/#organization","name":"Private Sammlungen","url":"https:\/\/lescollectionsprivees.com\/","logo":{"@type":"ImageObject","inLanguage":"de","@id":"https:\/\/lescollectionsprivees.com\/#\/schema\/logo\/image\/","url":"https:\/\/lescollectionsprivees.com\/wp-content\/uploads\/2020\/02\/Logo-Les-Collections-Priv\u00e9es-450x450-1.png","contentUrl":"https:\/\/lescollectionsprivees.com\/wp-content\/uploads\/2020\/02\/Logo-Les-Collections-Priv\u00e9es-450x450-1.png","width":450,"height":450,"caption":"Les Collections Priv\u00e9es"},"image":{"@id":"https:\/\/lescollectionsprivees.com\/#\/schema\/logo\/image\/"}}]}},"_links":{"self":[{"href":"https:\/\/lescollectionsprivees.com\/de\/wp-json\/wp\/v2\/product\/32232","targetHints":{"allow":["GET"]}}],"collection":[{"href":"https:\/\/lescollectionsprivees.com\/de\/wp-json\/wp\/v2\/product"}],"about":[{"href":"https:\/\/lescollectionsprivees.com\/de\/wp-json\/wp\/v2\/types\/product"}],"wp:featuredmedia":[{"embeddable":true,"href":"https:\/\/lescollectionsprivees.com\/de\/wp-json\/wp\/v2\/media\/32233"}],"wp:attachment":[{"href":"https:\/\/lescollectionsprivees.com\/de\/wp-json\/wp\/v2\/media?parent=32232"}],"wp:term":[{"taxonomy":"product_brand","embeddable":true,"href":"https:\/\/lescollectionsprivees.com\/de\/wp-json\/wp\/v2\/product_brand?post=32232"},{"taxonomy":"product_cat","embeddable":true,"href":"https:\/\/lescollectionsprivees.com\/de\/wp-json\/wp\/v2\/product_cat?post=32232"},{"taxonomy":"product_tag","embeddable":true,"href":"https:\/\/lescollectionsprivees.com\/de\/wp-json\/wp\/v2\/product_tag?post=32232"}],"curies":[{"name":"wp","href":"https:\/\/api.w.org\/{rel}","templated":true}]}}