{"id":32664,"date":"2024-12-30T21:08:32","date_gmt":"2024-12-30T21:08:32","guid":{"rendered":"https:\/\/lescollectionsprivees.com\/?post_type=product&#038;p=32664"},"modified":"2026-04-24T16:09:56","modified_gmt":"2026-04-24T16:09:56","slug":"nayel-king-arabiyat-prestige","status":"publish","type":"product","link":"https:\/\/lescollectionsprivees.com\/de\/parfum\/nayel-king-arabiyat-prestige\/","title":{"rendered":"Eau de Parfum Nayel king 70ml - Arabiyat Prestige"},"content":{"rendered":"","protected":false},"excerpt":{"rendered":"<p><strong><u>Technische Daten :<\/u><\/strong><\/p>\n<p><strong>Name des Duftes<\/strong> : Nayel King<br \/>\n<strong>Marke<\/strong> : Arabiyat Prestige<br \/>\n<strong>Genre<\/strong> : M\u00e4nnlich<br \/>\n<strong>Inhalt<\/strong> : 70 mL<\/p>\n<p><strong><u>Duftnoten :<\/u><\/strong><\/p>\n<p><strong>Kopfnoten<\/strong> : Treibholz, Efeu, Geranie, Pflaume, Kokosnuss<br \/>\n<strong>Herznoten<\/strong> Maigl\u00f6ckchen, Orangenbl\u00fcte, Jasmin, Veilchen, Aquatische Noten<br \/>\n<strong>Hintergrundnoten<\/strong> : Zedernholz, Amberholz, Kaschmirholz, Vanille, wei\u00dfer Moschus<\/p>","protected":false},"featured_media":32665,"template":"","meta":[],"product_brand":[],"product_cat":[324,203,216,207,202,210,208],"product_tag":[],"class_list":{"0":"post-32664","1":"product","2":"type-product","3":"status-publish","4":"has-post-thumbnail","6":"product_cat-arabiyat-prestige","7":"product_cat-parfum-ambre","8":"product_cat-parfum-coco","9":"product_cat-parfum-fleur-doranger","10":"product_cat-parfum-homme","11":"product_cat-parfum-jasmin","12":"product_cat-parfum-vanille","14":"first","15":"instock","16":"taxable","17":"shipping-taxable","18":"purchasable","19":"product-type-simple"},"yoast_head":"<!-- This site is optimized with the Yoast SEO plugin v27.5 - https:\/\/yoast.com\/product\/yoast-seo-wordpress\/ -->\n<title>Eau de parfum Nayel king 70ml \u2013 Arabiyat Prestige - Les Collections Priv\u00e9es<\/title>\n<meta name=\"robots\" content=\"index, follow, max-snippet:-1, max-image-preview:large, max-video-preview:-1\" \/>\n<link rel=\"canonical\" href=\"https:\/\/lescollectionsprivees.com\/de\/duft\/nayel-king-arabiyat-prestige\/\" \/>\n<meta property=\"og:locale\" content=\"de_DE\" \/>\n<meta property=\"og:type\" content=\"article\" \/>\n<meta property=\"og:title\" content=\"Eau de parfum Nayel king 70ml \u2013 Arabiyat Prestige - Les Collections Priv\u00e9es\" \/>\n<meta property=\"og:description\" content=\"Donn\u00e9es Techniques :  Nom du parfum : Nayel King Marque : Arabiyat Prestige Genre : Masculin Contenance : 70 mL  Notes Olfactives :  Notes de t\u00eate : Bois flott\u00e9, lierre, g\u00e9ranium, prune, noix de coco Notes de coeur : Muguet, Fleur d\u2019Oranger, Jasmin, Violette, Notes Aquatiques Notes de fond : Bois de c\u00e8dre, bois d\u2019ambre, bois de cachemire, vanille, muscs blancs\" \/>\n<meta property=\"og:url\" content=\"https:\/\/lescollectionsprivees.com\/de\/duft\/nayel-king-arabiyat-prestige\/\" \/>\n<meta property=\"og:site_name\" content=\"Les Collections Priv\u00e9es\" \/>\n<meta property=\"article:modified_time\" content=\"2026-04-24T16:09:56+00:00\" \/>\n<meta property=\"og:image\" content=\"https:\/\/lescollectionsprivees.com\/wp-content\/uploads\/2024\/12\/NAYEL-KING-ARABIYAT-PRESTIGE.jpg\" \/>\n\t<meta property=\"og:image:width\" content=\"600\" \/>\n\t<meta property=\"og:image:height\" content=\"600\" \/>\n\t<meta property=\"og:image:type\" content=\"image\/jpeg\" \/>\n<meta name=\"twitter:card\" content=\"summary_large_image\" \/>\n<meta name=\"twitter:label1\" content=\"Gesch\u00e4tzte Lesezeit\" \/>\n\t<meta name=\"twitter:data1\" content=\"1\u00a0Minute\" \/>\n<script type=\"application\/ld+json\" class=\"yoast-schema-graph\">{\"@context\":\"https:\\\/\\\/schema.org\",\"@graph\":[{\"@type\":\"WebPage\",\"@id\":\"https:\\\/\\\/lescollectionsprivees.com\\\/parfum\\\/nayel-king-arabiyat-prestige\\\/\",\"url\":\"https:\\\/\\\/lescollectionsprivees.com\\\/parfum\\\/nayel-king-arabiyat-prestige\\\/\",\"name\":\"Eau de parfum Nayel king 70ml \u2013 Arabiyat Prestige - Les Collections Priv\u00e9es\",\"isPartOf\":{\"@id\":\"https:\\\/\\\/lescollectionsprivees.com\\\/#website\"},\"primaryImageOfPage\":{\"@id\":\"https:\\\/\\\/lescollectionsprivees.com\\\/parfum\\\/nayel-king-arabiyat-prestige\\\/#primaryimage\"},\"image\":{\"@id\":\"https:\\\/\\\/lescollectionsprivees.com\\\/parfum\\\/nayel-king-arabiyat-prestige\\\/#primaryimage\"},\"thumbnailUrl\":\"https:\\\/\\\/lescollectionsprivees.com\\\/wp-content\\\/uploads\\\/2024\\\/12\\\/NAYEL-KING-ARABIYAT-PRESTIGE.jpg\",\"datePublished\":\"2024-12-30T21:08:32+00:00\",\"dateModified\":\"2026-04-24T16:09:56+00:00\",\"breadcrumb\":{\"@id\":\"https:\\\/\\\/lescollectionsprivees.com\\\/parfum\\\/nayel-king-arabiyat-prestige\\\/#breadcrumb\"},\"inLanguage\":\"de\",\"potentialAction\":[{\"@type\":\"ReadAction\",\"target\":[\"https:\\\/\\\/lescollectionsprivees.com\\\/parfum\\\/nayel-king-arabiyat-prestige\\\/\"]}]},{\"@type\":\"ImageObject\",\"inLanguage\":\"de\",\"@id\":\"https:\\\/\\\/lescollectionsprivees.com\\\/parfum\\\/nayel-king-arabiyat-prestige\\\/#primaryimage\",\"url\":\"https:\\\/\\\/lescollectionsprivees.com\\\/wp-content\\\/uploads\\\/2024\\\/12\\\/NAYEL-KING-ARABIYAT-PRESTIGE.jpg\",\"contentUrl\":\"https:\\\/\\\/lescollectionsprivees.com\\\/wp-content\\\/uploads\\\/2024\\\/12\\\/NAYEL-KING-ARABIYAT-PRESTIGE.jpg\",\"width\":600,\"height\":600,\"caption\":\"Eau de parfum Nayel king 70ml \u2013 Arabiyat Prestige\"},{\"@type\":\"BreadcrumbList\",\"@id\":\"https:\\\/\\\/lescollectionsprivees.com\\\/parfum\\\/nayel-king-arabiyat-prestige\\\/#breadcrumb\",\"itemListElement\":[{\"@type\":\"ListItem\",\"position\":1,\"name\":\"Accueil\",\"item\":\"https:\\\/\\\/lescollectionsprivees.com\\\/\"},{\"@type\":\"ListItem\",\"position\":2,\"name\":\"Boutique\",\"item\":\"https:\\\/\\\/lescollectionsprivees.com\\\/boutique\\\/\"},{\"@type\":\"ListItem\",\"position\":3,\"name\":\"Eau de parfum Nayel king 70ml \u2013 Arabiyat Prestige\"}]},{\"@type\":\"WebSite\",\"@id\":\"https:\\\/\\\/lescollectionsprivees.com\\\/#website\",\"url\":\"https:\\\/\\\/lescollectionsprivees.com\\\/\",\"name\":\"Les Collections Priv\u00e9es\",\"description\":\"\",\"publisher\":{\"@id\":\"https:\\\/\\\/lescollectionsprivees.com\\\/#organization\"},\"potentialAction\":[{\"@type\":\"SearchAction\",\"target\":{\"@type\":\"EntryPoint\",\"urlTemplate\":\"https:\\\/\\\/lescollectionsprivees.com\\\/?s={search_term_string}\"},\"query-input\":{\"@type\":\"PropertyValueSpecification\",\"valueRequired\":true,\"valueName\":\"search_term_string\"}}],\"inLanguage\":\"de\"},{\"@type\":\"Organization\",\"@id\":\"https:\\\/\\\/lescollectionsprivees.com\\\/#organization\",\"name\":\"Les Collections Priv\u00e9es\",\"url\":\"https:\\\/\\\/lescollectionsprivees.com\\\/\",\"logo\":{\"@type\":\"ImageObject\",\"inLanguage\":\"de\",\"@id\":\"https:\\\/\\\/lescollectionsprivees.com\\\/#\\\/schema\\\/logo\\\/image\\\/\",\"url\":\"https:\\\/\\\/lescollectionsprivees.com\\\/wp-content\\\/uploads\\\/2020\\\/02\\\/Logo-Les-Collections-Priv\u00e9es-450x450-1.png\",\"contentUrl\":\"https:\\\/\\\/lescollectionsprivees.com\\\/wp-content\\\/uploads\\\/2020\\\/02\\\/Logo-Les-Collections-Priv\u00e9es-450x450-1.png\",\"width\":450,\"height\":450,\"caption\":\"Les Collections Priv\u00e9es\"},\"image\":{\"@id\":\"https:\\\/\\\/lescollectionsprivees.com\\\/#\\\/schema\\\/logo\\\/image\\\/\"}}]}<\/script>\n<!-- \/ Yoast SEO plugin. -->","yoast_head_json":{"title":"Eau de Parfum Nayel king 70ml - Arabiyat Prestige - Private Collections","robots":{"index":"index","follow":"follow","max-snippet":"max-snippet:-1","max-image-preview":"max-image-preview:large","max-video-preview":"max-video-preview:-1"},"canonical":"https:\/\/lescollectionsprivees.com\/de\/duft\/nayel-king-arabiyat-prestige\/","og_locale":"de_DE","og_type":"article","og_title":"Eau de parfum Nayel king 70ml \u2013 Arabiyat Prestige - Les Collections Priv\u00e9es","og_description":"Donn\u00e9es Techniques :  Nom du parfum : Nayel King Marque : Arabiyat Prestige Genre : Masculin Contenance : 70 mL  Notes Olfactives :  Notes de t\u00eate : Bois flott\u00e9, lierre, g\u00e9ranium, prune, noix de coco Notes de coeur : Muguet, Fleur d\u2019Oranger, Jasmin, Violette, Notes Aquatiques Notes de fond : Bois de c\u00e8dre, bois d\u2019ambre, bois de cachemire, vanille, muscs blancs","og_url":"https:\/\/lescollectionsprivees.com\/de\/duft\/nayel-king-arabiyat-prestige\/","og_site_name":"Les Collections Priv\u00e9es","article_modified_time":"2026-04-24T16:09:56+00:00","og_image":[{"width":600,"height":600,"url":"https:\/\/lescollectionsprivees.com\/wp-content\/uploads\/2024\/12\/NAYEL-KING-ARABIYAT-PRESTIGE.jpg","type":"image\/jpeg"}],"twitter_card":"summary_large_image","twitter_misc":{"Gesch\u00e4tzte Lesezeit":"1\u00a0Minute"},"schema":{"@context":"https:\/\/schema.org","@graph":[{"@type":"WebPage","@id":"https:\/\/lescollectionsprivees.com\/parfum\/nayel-king-arabiyat-prestige\/","url":"https:\/\/lescollectionsprivees.com\/parfum\/nayel-king-arabiyat-prestige\/","name":"Eau de Parfum Nayel king 70ml - Arabiyat Prestige - Private Collections","isPartOf":{"@id":"https:\/\/lescollectionsprivees.com\/#website"},"primaryImageOfPage":{"@id":"https:\/\/lescollectionsprivees.com\/parfum\/nayel-king-arabiyat-prestige\/#primaryimage"},"image":{"@id":"https:\/\/lescollectionsprivees.com\/parfum\/nayel-king-arabiyat-prestige\/#primaryimage"},"thumbnailUrl":"https:\/\/lescollectionsprivees.com\/wp-content\/uploads\/2024\/12\/NAYEL-KING-ARABIYAT-PRESTIGE.jpg","datePublished":"2024-12-30T21:08:32+00:00","dateModified":"2026-04-24T16:09:56+00:00","breadcrumb":{"@id":"https:\/\/lescollectionsprivees.com\/parfum\/nayel-king-arabiyat-prestige\/#breadcrumb"},"inLanguage":"de","potentialAction":[{"@type":"ReadAction","target":["https:\/\/lescollectionsprivees.com\/parfum\/nayel-king-arabiyat-prestige\/"]}]},{"@type":"ImageObject","inLanguage":"de","@id":"https:\/\/lescollectionsprivees.com\/parfum\/nayel-king-arabiyat-prestige\/#primaryimage","url":"https:\/\/lescollectionsprivees.com\/wp-content\/uploads\/2024\/12\/NAYEL-KING-ARABIYAT-PRESTIGE.jpg","contentUrl":"https:\/\/lescollectionsprivees.com\/wp-content\/uploads\/2024\/12\/NAYEL-KING-ARABIYAT-PRESTIGE.jpg","width":600,"height":600,"caption":"Eau de parfum Nayel king 70ml \u2013 Arabiyat Prestige"},{"@type":"BreadcrumbList","@id":"https:\/\/lescollectionsprivees.com\/parfum\/nayel-king-arabiyat-prestige\/#breadcrumb","itemListElement":[{"@type":"ListItem","position":1,"name":"Accueil","item":"https:\/\/lescollectionsprivees.com\/"},{"@type":"ListItem","position":2,"name":"Boutique","item":"https:\/\/lescollectionsprivees.com\/boutique\/"},{"@type":"ListItem","position":3,"name":"Eau de parfum Nayel king 70ml \u2013 Arabiyat Prestige"}]},{"@type":"WebSite","@id":"https:\/\/lescollectionsprivees.com\/#website","url":"https:\/\/lescollectionsprivees.com\/","name":"Private Sammlungen","description":"","publisher":{"@id":"https:\/\/lescollectionsprivees.com\/#organization"},"potentialAction":[{"@type":"SearchAction","target":{"@type":"EntryPoint","urlTemplate":"https:\/\/lescollectionsprivees.com\/?s={search_term_string}"},"query-input":{"@type":"PropertyValueSpecification","valueRequired":true,"valueName":"search_term_string"}}],"inLanguage":"de"},{"@type":"Organization","@id":"https:\/\/lescollectionsprivees.com\/#organization","name":"Private Sammlungen","url":"https:\/\/lescollectionsprivees.com\/","logo":{"@type":"ImageObject","inLanguage":"de","@id":"https:\/\/lescollectionsprivees.com\/#\/schema\/logo\/image\/","url":"https:\/\/lescollectionsprivees.com\/wp-content\/uploads\/2020\/02\/Logo-Les-Collections-Priv\u00e9es-450x450-1.png","contentUrl":"https:\/\/lescollectionsprivees.com\/wp-content\/uploads\/2020\/02\/Logo-Les-Collections-Priv\u00e9es-450x450-1.png","width":450,"height":450,"caption":"Les Collections Priv\u00e9es"},"image":{"@id":"https:\/\/lescollectionsprivees.com\/#\/schema\/logo\/image\/"}}]}},"_links":{"self":[{"href":"https:\/\/lescollectionsprivees.com\/de\/wp-json\/wp\/v2\/product\/32664","targetHints":{"allow":["GET"]}}],"collection":[{"href":"https:\/\/lescollectionsprivees.com\/de\/wp-json\/wp\/v2\/product"}],"about":[{"href":"https:\/\/lescollectionsprivees.com\/de\/wp-json\/wp\/v2\/types\/product"}],"wp:featuredmedia":[{"embeddable":true,"href":"https:\/\/lescollectionsprivees.com\/de\/wp-json\/wp\/v2\/media\/32665"}],"wp:attachment":[{"href":"https:\/\/lescollectionsprivees.com\/de\/wp-json\/wp\/v2\/media?parent=32664"}],"wp:term":[{"taxonomy":"product_brand","embeddable":true,"href":"https:\/\/lescollectionsprivees.com\/de\/wp-json\/wp\/v2\/product_brand?post=32664"},{"taxonomy":"product_cat","embeddable":true,"href":"https:\/\/lescollectionsprivees.com\/de\/wp-json\/wp\/v2\/product_cat?post=32664"},{"taxonomy":"product_tag","embeddable":true,"href":"https:\/\/lescollectionsprivees.com\/de\/wp-json\/wp\/v2\/product_tag?post=32664"}],"curies":[{"name":"wp","href":"https:\/\/api.w.org\/{rel}","templated":true}]}}