{"id":32700,"date":"2024-12-30T22:00:19","date_gmt":"2024-12-30T22:00:19","guid":{"rendered":"https:\/\/lescollectionsprivees.com\/?post_type=product&#038;p=32700"},"modified":"2025-11-14T10:04:05","modified_gmt":"2025-11-14T10:04:05","slug":"ishatar-roses-vanilla-arabiyat-prestige","status":"publish","type":"product","link":"https:\/\/lescollectionsprivees.com\/de\/parfum\/ishatar-roses-vanilla-arabiyat-prestige\/","title":{"rendered":"Eau de Parfum Ishatar Rosen Vanille 110ml - Arabiyat Prestige"},"content":{"rendered":"","protected":false},"excerpt":{"rendered":"<p><strong><u>Technische Daten :<\/u><\/strong><\/p>\n<p><strong>Name des Duftes<\/strong> : Ishatar Roses Vanilla<br \/>\n<strong>Marke<\/strong> : Arabiyat Prestige<br \/>\n<strong>Genre<\/strong> : Weiblich<br \/>\n<strong>Inhalt<\/strong> : 110 mL<\/p>\n<p><strong><u>Duftnoten :<\/u><\/strong><\/p>\n<p><strong>Kopfnoten :<\/strong> Frische Zitrone aus Kalabrien<br \/>\n<strong>Herznoten :<\/strong> Rosen und t\u00fcrkische K\u00f6stlichkeiten<br \/>\n<strong>Basisnoten :<\/strong> Zedernholz, intensive Vanille und wei\u00dfer Moschus<\/p>","protected":false},"featured_media":35186,"template":"","meta":[],"product_brand":[],"product_cat":[324,201,207,265],"product_tag":[],"class_list":{"0":"post-32700","1":"product","2":"type-product","3":"status-publish","4":"has-post-thumbnail","6":"product_cat-arabiyat-prestige","7":"product_cat-parfum-femme","8":"product_cat-parfum-fleur-doranger","9":"product_cat-parfum-patchouli","11":"first","12":"instock","13":"taxable","14":"shipping-taxable","15":"purchasable","16":"product-type-simple"},"yoast_head":"<!-- This site is optimized with the Yoast SEO plugin v27.5 - https:\/\/yoast.com\/product\/yoast-seo-wordpress\/ -->\n<title>Eau de parfum Ishatar roses vanilla 110ml \u2013 Arabiyat Prestige - Les Collections Priv\u00e9es<\/title>\n<meta name=\"robots\" content=\"index, follow, max-snippet:-1, max-image-preview:large, max-video-preview:-1\" \/>\n<link rel=\"canonical\" href=\"https:\/\/lescollectionsprivees.com\/de\/duft\/ishatar-roses-vanilla-arabiyat-prestige\/\" \/>\n<meta property=\"og:locale\" content=\"de_DE\" \/>\n<meta property=\"og:type\" content=\"article\" \/>\n<meta property=\"og:title\" content=\"Eau de parfum Ishatar roses vanilla 110ml \u2013 Arabiyat Prestige - Les Collections Priv\u00e9es\" \/>\n<meta property=\"og:description\" content=\"Donn\u00e9es Techniques :  Nom du parfum : Ishatar Roses Vanilla Marque : Arabiyat Prestige Genre : F\u00e9minin Contenance : 110 mL  Notes Olfactives :  Notes de t\u00eate : Citron frais de Calabre Notes de c\u0153ur : Roses et d\u00e9lices turcs Notes de fond : Bois de c\u00e8dre, vanille intense et musc blanc\" \/>\n<meta property=\"og:url\" content=\"https:\/\/lescollectionsprivees.com\/de\/duft\/ishatar-roses-vanilla-arabiyat-prestige\/\" \/>\n<meta property=\"og:site_name\" content=\"Les Collections Priv\u00e9es\" \/>\n<meta property=\"article:modified_time\" content=\"2025-11-14T10:04:05+00:00\" \/>\n<meta property=\"og:image\" content=\"https:\/\/lescollectionsprivees.com\/wp-content\/uploads\/2024\/12\/Eau-de-parfum-Ishatar-roses-vanilla-110ml-\u2013-Arabiyat-Prestige.jpg\" \/>\n\t<meta property=\"og:image:width\" content=\"1000\" \/>\n\t<meta property=\"og:image:height\" content=\"1000\" \/>\n\t<meta property=\"og:image:type\" content=\"image\/jpeg\" \/>\n<meta name=\"twitter:card\" content=\"summary_large_image\" \/>\n<script type=\"application\/ld+json\" class=\"yoast-schema-graph\">{\"@context\":\"https:\\\/\\\/schema.org\",\"@graph\":[{\"@type\":\"WebPage\",\"@id\":\"https:\\\/\\\/lescollectionsprivees.com\\\/parfum\\\/ishatar-roses-vanilla-arabiyat-prestige\\\/\",\"url\":\"https:\\\/\\\/lescollectionsprivees.com\\\/parfum\\\/ishatar-roses-vanilla-arabiyat-prestige\\\/\",\"name\":\"Eau de parfum Ishatar roses vanilla 110ml \u2013 Arabiyat Prestige - Les Collections Priv\u00e9es\",\"isPartOf\":{\"@id\":\"https:\\\/\\\/lescollectionsprivees.com\\\/#website\"},\"primaryImageOfPage\":{\"@id\":\"https:\\\/\\\/lescollectionsprivees.com\\\/parfum\\\/ishatar-roses-vanilla-arabiyat-prestige\\\/#primaryimage\"},\"image\":{\"@id\":\"https:\\\/\\\/lescollectionsprivees.com\\\/parfum\\\/ishatar-roses-vanilla-arabiyat-prestige\\\/#primaryimage\"},\"thumbnailUrl\":\"https:\\\/\\\/lescollectionsprivees.com\\\/wp-content\\\/uploads\\\/2024\\\/12\\\/Eau-de-parfum-Ishatar-roses-vanilla-110ml-\u2013-Arabiyat-Prestige.jpg\",\"datePublished\":\"2024-12-30T22:00:19+00:00\",\"dateModified\":\"2025-11-14T10:04:05+00:00\",\"breadcrumb\":{\"@id\":\"https:\\\/\\\/lescollectionsprivees.com\\\/parfum\\\/ishatar-roses-vanilla-arabiyat-prestige\\\/#breadcrumb\"},\"inLanguage\":\"de\",\"potentialAction\":[{\"@type\":\"ReadAction\",\"target\":[\"https:\\\/\\\/lescollectionsprivees.com\\\/parfum\\\/ishatar-roses-vanilla-arabiyat-prestige\\\/\"]}]},{\"@type\":\"ImageObject\",\"inLanguage\":\"de\",\"@id\":\"https:\\\/\\\/lescollectionsprivees.com\\\/parfum\\\/ishatar-roses-vanilla-arabiyat-prestige\\\/#primaryimage\",\"url\":\"https:\\\/\\\/lescollectionsprivees.com\\\/wp-content\\\/uploads\\\/2024\\\/12\\\/Eau-de-parfum-Ishatar-roses-vanilla-110ml-\u2013-Arabiyat-Prestige.jpg\",\"contentUrl\":\"https:\\\/\\\/lescollectionsprivees.com\\\/wp-content\\\/uploads\\\/2024\\\/12\\\/Eau-de-parfum-Ishatar-roses-vanilla-110ml-\u2013-Arabiyat-Prestige.jpg\",\"width\":1000,\"height\":1000,\"caption\":\"Eau de parfum Ishatar roses vanilla 110ml \u2013 Arabiyat Prestige\"},{\"@type\":\"BreadcrumbList\",\"@id\":\"https:\\\/\\\/lescollectionsprivees.com\\\/parfum\\\/ishatar-roses-vanilla-arabiyat-prestige\\\/#breadcrumb\",\"itemListElement\":[{\"@type\":\"ListItem\",\"position\":1,\"name\":\"Accueil\",\"item\":\"https:\\\/\\\/lescollectionsprivees.com\\\/\"},{\"@type\":\"ListItem\",\"position\":2,\"name\":\"Boutique\",\"item\":\"https:\\\/\\\/lescollectionsprivees.com\\\/boutique\\\/\"},{\"@type\":\"ListItem\",\"position\":3,\"name\":\"Eau de parfum Ishatar roses vanilla 110ml \u2013 Arabiyat Prestige\"}]},{\"@type\":\"WebSite\",\"@id\":\"https:\\\/\\\/lescollectionsprivees.com\\\/#website\",\"url\":\"https:\\\/\\\/lescollectionsprivees.com\\\/\",\"name\":\"Les Collections Priv\u00e9es\",\"description\":\"\",\"publisher\":{\"@id\":\"https:\\\/\\\/lescollectionsprivees.com\\\/#organization\"},\"potentialAction\":[{\"@type\":\"SearchAction\",\"target\":{\"@type\":\"EntryPoint\",\"urlTemplate\":\"https:\\\/\\\/lescollectionsprivees.com\\\/?s={search_term_string}\"},\"query-input\":{\"@type\":\"PropertyValueSpecification\",\"valueRequired\":true,\"valueName\":\"search_term_string\"}}],\"inLanguage\":\"de\"},{\"@type\":\"Organization\",\"@id\":\"https:\\\/\\\/lescollectionsprivees.com\\\/#organization\",\"name\":\"Les Collections Priv\u00e9es\",\"url\":\"https:\\\/\\\/lescollectionsprivees.com\\\/\",\"logo\":{\"@type\":\"ImageObject\",\"inLanguage\":\"de\",\"@id\":\"https:\\\/\\\/lescollectionsprivees.com\\\/#\\\/schema\\\/logo\\\/image\\\/\",\"url\":\"https:\\\/\\\/lescollectionsprivees.com\\\/wp-content\\\/uploads\\\/2020\\\/02\\\/Logo-Les-Collections-Priv\u00e9es-450x450-1.png\",\"contentUrl\":\"https:\\\/\\\/lescollectionsprivees.com\\\/wp-content\\\/uploads\\\/2020\\\/02\\\/Logo-Les-Collections-Priv\u00e9es-450x450-1.png\",\"width\":450,\"height\":450,\"caption\":\"Les Collections Priv\u00e9es\"},\"image\":{\"@id\":\"https:\\\/\\\/lescollectionsprivees.com\\\/#\\\/schema\\\/logo\\\/image\\\/\"}}]}<\/script>\n<!-- \/ Yoast SEO plugin. -->","yoast_head_json":{"title":"Ishatar Rosen Vanille Eau de Parfum 110ml - Arabiyat Prestige - Private Collections","robots":{"index":"index","follow":"follow","max-snippet":"max-snippet:-1","max-image-preview":"max-image-preview:large","max-video-preview":"max-video-preview:-1"},"canonical":"https:\/\/lescollectionsprivees.com\/de\/duft\/ishatar-roses-vanilla-arabiyat-prestige\/","og_locale":"de_DE","og_type":"article","og_title":"Eau de parfum Ishatar roses vanilla 110ml \u2013 Arabiyat Prestige - Les Collections Priv\u00e9es","og_description":"Donn\u00e9es Techniques :  Nom du parfum : Ishatar Roses Vanilla Marque : Arabiyat Prestige Genre : F\u00e9minin Contenance : 110 mL  Notes Olfactives :  Notes de t\u00eate : Citron frais de Calabre Notes de c\u0153ur : Roses et d\u00e9lices turcs Notes de fond : Bois de c\u00e8dre, vanille intense et musc blanc","og_url":"https:\/\/lescollectionsprivees.com\/de\/duft\/ishatar-roses-vanilla-arabiyat-prestige\/","og_site_name":"Les Collections Priv\u00e9es","article_modified_time":"2025-11-14T10:04:05+00:00","og_image":[{"width":1000,"height":1000,"url":"https:\/\/lescollectionsprivees.com\/wp-content\/uploads\/2024\/12\/Eau-de-parfum-Ishatar-roses-vanilla-110ml-\u2013-Arabiyat-Prestige.jpg","type":"image\/jpeg"}],"twitter_card":"summary_large_image","schema":{"@context":"https:\/\/schema.org","@graph":[{"@type":"WebPage","@id":"https:\/\/lescollectionsprivees.com\/parfum\/ishatar-roses-vanilla-arabiyat-prestige\/","url":"https:\/\/lescollectionsprivees.com\/parfum\/ishatar-roses-vanilla-arabiyat-prestige\/","name":"Ishatar Rosen Vanille Eau de Parfum 110ml - Arabiyat Prestige - Private Collections","isPartOf":{"@id":"https:\/\/lescollectionsprivees.com\/#website"},"primaryImageOfPage":{"@id":"https:\/\/lescollectionsprivees.com\/parfum\/ishatar-roses-vanilla-arabiyat-prestige\/#primaryimage"},"image":{"@id":"https:\/\/lescollectionsprivees.com\/parfum\/ishatar-roses-vanilla-arabiyat-prestige\/#primaryimage"},"thumbnailUrl":"https:\/\/lescollectionsprivees.com\/wp-content\/uploads\/2024\/12\/Eau-de-parfum-Ishatar-roses-vanilla-110ml-\u2013-Arabiyat-Prestige.jpg","datePublished":"2024-12-30T22:00:19+00:00","dateModified":"2025-11-14T10:04:05+00:00","breadcrumb":{"@id":"https:\/\/lescollectionsprivees.com\/parfum\/ishatar-roses-vanilla-arabiyat-prestige\/#breadcrumb"},"inLanguage":"de","potentialAction":[{"@type":"ReadAction","target":["https:\/\/lescollectionsprivees.com\/parfum\/ishatar-roses-vanilla-arabiyat-prestige\/"]}]},{"@type":"ImageObject","inLanguage":"de","@id":"https:\/\/lescollectionsprivees.com\/parfum\/ishatar-roses-vanilla-arabiyat-prestige\/#primaryimage","url":"https:\/\/lescollectionsprivees.com\/wp-content\/uploads\/2024\/12\/Eau-de-parfum-Ishatar-roses-vanilla-110ml-\u2013-Arabiyat-Prestige.jpg","contentUrl":"https:\/\/lescollectionsprivees.com\/wp-content\/uploads\/2024\/12\/Eau-de-parfum-Ishatar-roses-vanilla-110ml-\u2013-Arabiyat-Prestige.jpg","width":1000,"height":1000,"caption":"Eau de parfum Ishatar roses vanilla 110ml \u2013 Arabiyat Prestige"},{"@type":"BreadcrumbList","@id":"https:\/\/lescollectionsprivees.com\/parfum\/ishatar-roses-vanilla-arabiyat-prestige\/#breadcrumb","itemListElement":[{"@type":"ListItem","position":1,"name":"Accueil","item":"https:\/\/lescollectionsprivees.com\/"},{"@type":"ListItem","position":2,"name":"Boutique","item":"https:\/\/lescollectionsprivees.com\/boutique\/"},{"@type":"ListItem","position":3,"name":"Eau de parfum Ishatar roses vanilla 110ml \u2013 Arabiyat Prestige"}]},{"@type":"WebSite","@id":"https:\/\/lescollectionsprivees.com\/#website","url":"https:\/\/lescollectionsprivees.com\/","name":"Private Sammlungen","description":"","publisher":{"@id":"https:\/\/lescollectionsprivees.com\/#organization"},"potentialAction":[{"@type":"SearchAction","target":{"@type":"EntryPoint","urlTemplate":"https:\/\/lescollectionsprivees.com\/?s={search_term_string}"},"query-input":{"@type":"PropertyValueSpecification","valueRequired":true,"valueName":"search_term_string"}}],"inLanguage":"de"},{"@type":"Organization","@id":"https:\/\/lescollectionsprivees.com\/#organization","name":"Private Sammlungen","url":"https:\/\/lescollectionsprivees.com\/","logo":{"@type":"ImageObject","inLanguage":"de","@id":"https:\/\/lescollectionsprivees.com\/#\/schema\/logo\/image\/","url":"https:\/\/lescollectionsprivees.com\/wp-content\/uploads\/2020\/02\/Logo-Les-Collections-Priv\u00e9es-450x450-1.png","contentUrl":"https:\/\/lescollectionsprivees.com\/wp-content\/uploads\/2020\/02\/Logo-Les-Collections-Priv\u00e9es-450x450-1.png","width":450,"height":450,"caption":"Les Collections Priv\u00e9es"},"image":{"@id":"https:\/\/lescollectionsprivees.com\/#\/schema\/logo\/image\/"}}]}},"_links":{"self":[{"href":"https:\/\/lescollectionsprivees.com\/de\/wp-json\/wp\/v2\/product\/32700","targetHints":{"allow":["GET"]}}],"collection":[{"href":"https:\/\/lescollectionsprivees.com\/de\/wp-json\/wp\/v2\/product"}],"about":[{"href":"https:\/\/lescollectionsprivees.com\/de\/wp-json\/wp\/v2\/types\/product"}],"wp:featuredmedia":[{"embeddable":true,"href":"https:\/\/lescollectionsprivees.com\/de\/wp-json\/wp\/v2\/media\/35186"}],"wp:attachment":[{"href":"https:\/\/lescollectionsprivees.com\/de\/wp-json\/wp\/v2\/media?parent=32700"}],"wp:term":[{"taxonomy":"product_brand","embeddable":true,"href":"https:\/\/lescollectionsprivees.com\/de\/wp-json\/wp\/v2\/product_brand?post=32700"},{"taxonomy":"product_cat","embeddable":true,"href":"https:\/\/lescollectionsprivees.com\/de\/wp-json\/wp\/v2\/product_cat?post=32700"},{"taxonomy":"product_tag","embeddable":true,"href":"https:\/\/lescollectionsprivees.com\/de\/wp-json\/wp\/v2\/product_tag?post=32700"}],"curies":[{"name":"wp","href":"https:\/\/api.w.org\/{rel}","templated":true}]}}