{"id":33118,"date":"2025-02-06T21:24:22","date_gmt":"2025-02-06T21:24:22","guid":{"rendered":"https:\/\/lescollectionsprivees.com\/?post_type=product&#038;p=33118"},"modified":"2026-04-10T05:23:31","modified_gmt":"2026-04-10T05:23:31","slug":"air-freshener-khamrah-300ml-lattafa","status":"publish","type":"product","link":"https:\/\/lescollectionsprivees.com\/de\/parfum\/air-freshener-khamrah-300ml-lattafa\/","title":{"rendered":"Air freshener Khamrah 300ml - Lattafa"},"content":{"rendered":"","protected":false},"excerpt":{"rendered":"<p><strong><u>Technische Daten :<\/u><\/strong><\/p>\n<p><strong>Name des Duftes<\/strong> : Khamrah<br \/>\n<strong>Marke<\/strong> : Lattafa<br \/>\n<strong>Besonderheit : <\/strong>Raumduft<br \/>\n<strong>Inhalt<\/strong> : 300 mL<\/p>\n<p><span style=\"text-decoration: underline;\"><strong>Duftnoten :<\/strong><\/span><\/p>\n<p><strong>Kopfnoten<\/strong>\u00a0: Bergamotte, Muskatnuss, Zimt<br \/>\n<strong>Herznoten<\/strong>\u00a0: Datteln, Mahonial, Pralin\u00e9, Tuberose<br \/>\n<strong>Hintergrundnoten<\/strong>\u00a0Myrrhe, ger\u00f6stete Tonkabohne, Vanille, Benzoe, Amber, Akigala-Holz<\/p>","protected":false},"featured_media":33120,"template":"","meta":[],"product_brand":[],"product_cat":[328],"product_tag":[],"class_list":{"0":"post-33118","1":"product","2":"type-product","3":"status-publish","4":"has-post-thumbnail","6":"product_cat-spray-parfums-dinterieur-lattafa","8":"first","9":"instock","10":"taxable","11":"shipping-taxable","12":"purchasable","13":"product-type-simple"},"yoast_head":"<!-- This site is optimized with the Yoast SEO plugin v27.5 - https:\/\/yoast.com\/product\/yoast-seo-wordpress\/ -->\n<title>Air freshener Khamrah 300ml \u2013 Lattafa - Les Collections Priv\u00e9es<\/title>\n<meta name=\"robots\" content=\"index, follow, max-snippet:-1, max-image-preview:large, max-video-preview:-1\" \/>\n<link rel=\"canonical\" href=\"https:\/\/lescollectionsprivees.com\/de\/duft\/air-freshener-khamrah-300ml-lattafa\/\" \/>\n<meta property=\"og:locale\" content=\"de_DE\" \/>\n<meta property=\"og:type\" content=\"article\" \/>\n<meta property=\"og:title\" content=\"Air freshener Khamrah 300ml \u2013 Lattafa - Les Collections Priv\u00e9es\" \/>\n<meta property=\"og:description\" content=\"Donn\u00e9es Techniques :  Nom du parfum : Khamrah Marque : Lattafa Sp\u00e9cificit\u00e9 : Parfum d&#039;int\u00e9rieur Contenance : 300 mL  Notes Olfactives :  Notes de t\u00eate\u00a0: Bergamote, Noix de Muscade, Cannelle Notes de coeur\u00a0: Dattes, Mahonial, Pralin\u00e9, Tub\u00e9reuse Notes de fond\u00a0: Myrrhe, f\u00e8ve Tonka grill\u00e9e, Vanille, Benjoin, Ambre, Bois d\u2019Akigala\" \/>\n<meta property=\"og:url\" content=\"https:\/\/lescollectionsprivees.com\/de\/duft\/air-freshener-khamrah-300ml-lattafa\/\" \/>\n<meta property=\"og:site_name\" content=\"Les Collections Priv\u00e9es\" \/>\n<meta property=\"article:modified_time\" content=\"2026-04-10T05:23:31+00:00\" \/>\n<meta property=\"og:image\" content=\"https:\/\/lescollectionsprivees.com\/wp-content\/uploads\/2025\/02\/AIR-FRESHENER-KHAMRAH-300ML-LATTAFA.jpg\" \/>\n\t<meta property=\"og:image:width\" content=\"600\" \/>\n\t<meta property=\"og:image:height\" content=\"600\" \/>\n\t<meta property=\"og:image:type\" content=\"image\/jpeg\" \/>\n<meta name=\"twitter:card\" content=\"summary_large_image\" \/>\n<meta name=\"twitter:label1\" content=\"Gesch\u00e4tzte Lesezeit\" \/>\n\t<meta name=\"twitter:data1\" content=\"1\u00a0Minute\" \/>\n<script type=\"application\/ld+json\" class=\"yoast-schema-graph\">{\"@context\":\"https:\\\/\\\/schema.org\",\"@graph\":[{\"@type\":\"WebPage\",\"@id\":\"https:\\\/\\\/lescollectionsprivees.com\\\/parfum\\\/air-freshener-khamrah-300ml-lattafa\\\/\",\"url\":\"https:\\\/\\\/lescollectionsprivees.com\\\/parfum\\\/air-freshener-khamrah-300ml-lattafa\\\/\",\"name\":\"Air freshener Khamrah 300ml \u2013 Lattafa - Les Collections Priv\u00e9es\",\"isPartOf\":{\"@id\":\"https:\\\/\\\/lescollectionsprivees.com\\\/#website\"},\"primaryImageOfPage\":{\"@id\":\"https:\\\/\\\/lescollectionsprivees.com\\\/parfum\\\/air-freshener-khamrah-300ml-lattafa\\\/#primaryimage\"},\"image\":{\"@id\":\"https:\\\/\\\/lescollectionsprivees.com\\\/parfum\\\/air-freshener-khamrah-300ml-lattafa\\\/#primaryimage\"},\"thumbnailUrl\":\"https:\\\/\\\/lescollectionsprivees.com\\\/wp-content\\\/uploads\\\/2025\\\/02\\\/AIR-FRESHENER-KHAMRAH-300ML-LATTAFA.jpg\",\"datePublished\":\"2025-02-06T21:24:22+00:00\",\"dateModified\":\"2026-04-10T05:23:31+00:00\",\"breadcrumb\":{\"@id\":\"https:\\\/\\\/lescollectionsprivees.com\\\/parfum\\\/air-freshener-khamrah-300ml-lattafa\\\/#breadcrumb\"},\"inLanguage\":\"de\",\"potentialAction\":[{\"@type\":\"ReadAction\",\"target\":[\"https:\\\/\\\/lescollectionsprivees.com\\\/parfum\\\/air-freshener-khamrah-300ml-lattafa\\\/\"]}]},{\"@type\":\"ImageObject\",\"inLanguage\":\"de\",\"@id\":\"https:\\\/\\\/lescollectionsprivees.com\\\/parfum\\\/air-freshener-khamrah-300ml-lattafa\\\/#primaryimage\",\"url\":\"https:\\\/\\\/lescollectionsprivees.com\\\/wp-content\\\/uploads\\\/2025\\\/02\\\/AIR-FRESHENER-KHAMRAH-300ML-LATTAFA.jpg\",\"contentUrl\":\"https:\\\/\\\/lescollectionsprivees.com\\\/wp-content\\\/uploads\\\/2025\\\/02\\\/AIR-FRESHENER-KHAMRAH-300ML-LATTAFA.jpg\",\"width\":600,\"height\":600,\"caption\":\"AIR-FRESHENER-KHAMRAH-300ML-LATTAFA\"},{\"@type\":\"BreadcrumbList\",\"@id\":\"https:\\\/\\\/lescollectionsprivees.com\\\/parfum\\\/air-freshener-khamrah-300ml-lattafa\\\/#breadcrumb\",\"itemListElement\":[{\"@type\":\"ListItem\",\"position\":1,\"name\":\"Accueil\",\"item\":\"https:\\\/\\\/lescollectionsprivees.com\\\/\"},{\"@type\":\"ListItem\",\"position\":2,\"name\":\"Boutique\",\"item\":\"https:\\\/\\\/lescollectionsprivees.com\\\/boutique\\\/\"},{\"@type\":\"ListItem\",\"position\":3,\"name\":\"Air freshener Khamrah 300ml \u2013 Lattafa\"}]},{\"@type\":\"WebSite\",\"@id\":\"https:\\\/\\\/lescollectionsprivees.com\\\/#website\",\"url\":\"https:\\\/\\\/lescollectionsprivees.com\\\/\",\"name\":\"Les Collections Priv\u00e9es\",\"description\":\"\",\"publisher\":{\"@id\":\"https:\\\/\\\/lescollectionsprivees.com\\\/#organization\"},\"potentialAction\":[{\"@type\":\"SearchAction\",\"target\":{\"@type\":\"EntryPoint\",\"urlTemplate\":\"https:\\\/\\\/lescollectionsprivees.com\\\/?s={search_term_string}\"},\"query-input\":{\"@type\":\"PropertyValueSpecification\",\"valueRequired\":true,\"valueName\":\"search_term_string\"}}],\"inLanguage\":\"de\"},{\"@type\":\"Organization\",\"@id\":\"https:\\\/\\\/lescollectionsprivees.com\\\/#organization\",\"name\":\"Les Collections Priv\u00e9es\",\"url\":\"https:\\\/\\\/lescollectionsprivees.com\\\/\",\"logo\":{\"@type\":\"ImageObject\",\"inLanguage\":\"de\",\"@id\":\"https:\\\/\\\/lescollectionsprivees.com\\\/#\\\/schema\\\/logo\\\/image\\\/\",\"url\":\"https:\\\/\\\/lescollectionsprivees.com\\\/wp-content\\\/uploads\\\/2020\\\/02\\\/Logo-Les-Collections-Priv\u00e9es-450x450-1.png\",\"contentUrl\":\"https:\\\/\\\/lescollectionsprivees.com\\\/wp-content\\\/uploads\\\/2020\\\/02\\\/Logo-Les-Collections-Priv\u00e9es-450x450-1.png\",\"width\":450,\"height\":450,\"caption\":\"Les Collections Priv\u00e9es\"},\"image\":{\"@id\":\"https:\\\/\\\/lescollectionsprivees.com\\\/#\\\/schema\\\/logo\\\/image\\\/\"}}]}<\/script>\n<!-- \/ Yoast SEO plugin. -->","yoast_head_json":{"title":"Air freshener Khamrah 300ml - Lattafa - Private Collections","robots":{"index":"index","follow":"follow","max-snippet":"max-snippet:-1","max-image-preview":"max-image-preview:large","max-video-preview":"max-video-preview:-1"},"canonical":"https:\/\/lescollectionsprivees.com\/de\/duft\/air-freshener-khamrah-300ml-lattafa\/","og_locale":"de_DE","og_type":"article","og_title":"Air freshener Khamrah 300ml \u2013 Lattafa - Les Collections Priv\u00e9es","og_description":"Donn\u00e9es Techniques :  Nom du parfum : Khamrah Marque : Lattafa Sp\u00e9cificit\u00e9 : Parfum d'int\u00e9rieur Contenance : 300 mL  Notes Olfactives :  Notes de t\u00eate\u00a0: Bergamote, Noix de Muscade, Cannelle Notes de coeur\u00a0: Dattes, Mahonial, Pralin\u00e9, Tub\u00e9reuse Notes de fond\u00a0: Myrrhe, f\u00e8ve Tonka grill\u00e9e, Vanille, Benjoin, Ambre, Bois d\u2019Akigala","og_url":"https:\/\/lescollectionsprivees.com\/de\/duft\/air-freshener-khamrah-300ml-lattafa\/","og_site_name":"Les Collections Priv\u00e9es","article_modified_time":"2026-04-10T05:23:31+00:00","og_image":[{"width":600,"height":600,"url":"https:\/\/lescollectionsprivees.com\/wp-content\/uploads\/2025\/02\/AIR-FRESHENER-KHAMRAH-300ML-LATTAFA.jpg","type":"image\/jpeg"}],"twitter_card":"summary_large_image","twitter_misc":{"Gesch\u00e4tzte Lesezeit":"1\u00a0Minute"},"schema":{"@context":"https:\/\/schema.org","@graph":[{"@type":"WebPage","@id":"https:\/\/lescollectionsprivees.com\/parfum\/air-freshener-khamrah-300ml-lattafa\/","url":"https:\/\/lescollectionsprivees.com\/parfum\/air-freshener-khamrah-300ml-lattafa\/","name":"Air freshener Khamrah 300ml - Lattafa - Private Collections","isPartOf":{"@id":"https:\/\/lescollectionsprivees.com\/#website"},"primaryImageOfPage":{"@id":"https:\/\/lescollectionsprivees.com\/parfum\/air-freshener-khamrah-300ml-lattafa\/#primaryimage"},"image":{"@id":"https:\/\/lescollectionsprivees.com\/parfum\/air-freshener-khamrah-300ml-lattafa\/#primaryimage"},"thumbnailUrl":"https:\/\/lescollectionsprivees.com\/wp-content\/uploads\/2025\/02\/AIR-FRESHENER-KHAMRAH-300ML-LATTAFA.jpg","datePublished":"2025-02-06T21:24:22+00:00","dateModified":"2026-04-10T05:23:31+00:00","breadcrumb":{"@id":"https:\/\/lescollectionsprivees.com\/parfum\/air-freshener-khamrah-300ml-lattafa\/#breadcrumb"},"inLanguage":"de","potentialAction":[{"@type":"ReadAction","target":["https:\/\/lescollectionsprivees.com\/parfum\/air-freshener-khamrah-300ml-lattafa\/"]}]},{"@type":"ImageObject","inLanguage":"de","@id":"https:\/\/lescollectionsprivees.com\/parfum\/air-freshener-khamrah-300ml-lattafa\/#primaryimage","url":"https:\/\/lescollectionsprivees.com\/wp-content\/uploads\/2025\/02\/AIR-FRESHENER-KHAMRAH-300ML-LATTAFA.jpg","contentUrl":"https:\/\/lescollectionsprivees.com\/wp-content\/uploads\/2025\/02\/AIR-FRESHENER-KHAMRAH-300ML-LATTAFA.jpg","width":600,"height":600,"caption":"AIR-FRESHENER-KHAMRAH-300ML-LATTAFA"},{"@type":"BreadcrumbList","@id":"https:\/\/lescollectionsprivees.com\/parfum\/air-freshener-khamrah-300ml-lattafa\/#breadcrumb","itemListElement":[{"@type":"ListItem","position":1,"name":"Accueil","item":"https:\/\/lescollectionsprivees.com\/"},{"@type":"ListItem","position":2,"name":"Boutique","item":"https:\/\/lescollectionsprivees.com\/boutique\/"},{"@type":"ListItem","position":3,"name":"Air freshener Khamrah 300ml \u2013 Lattafa"}]},{"@type":"WebSite","@id":"https:\/\/lescollectionsprivees.com\/#website","url":"https:\/\/lescollectionsprivees.com\/","name":"Private Sammlungen","description":"","publisher":{"@id":"https:\/\/lescollectionsprivees.com\/#organization"},"potentialAction":[{"@type":"SearchAction","target":{"@type":"EntryPoint","urlTemplate":"https:\/\/lescollectionsprivees.com\/?s={search_term_string}"},"query-input":{"@type":"PropertyValueSpecification","valueRequired":true,"valueName":"search_term_string"}}],"inLanguage":"de"},{"@type":"Organization","@id":"https:\/\/lescollectionsprivees.com\/#organization","name":"Private Sammlungen","url":"https:\/\/lescollectionsprivees.com\/","logo":{"@type":"ImageObject","inLanguage":"de","@id":"https:\/\/lescollectionsprivees.com\/#\/schema\/logo\/image\/","url":"https:\/\/lescollectionsprivees.com\/wp-content\/uploads\/2020\/02\/Logo-Les-Collections-Priv\u00e9es-450x450-1.png","contentUrl":"https:\/\/lescollectionsprivees.com\/wp-content\/uploads\/2020\/02\/Logo-Les-Collections-Priv\u00e9es-450x450-1.png","width":450,"height":450,"caption":"Les Collections Priv\u00e9es"},"image":{"@id":"https:\/\/lescollectionsprivees.com\/#\/schema\/logo\/image\/"}}]}},"_links":{"self":[{"href":"https:\/\/lescollectionsprivees.com\/de\/wp-json\/wp\/v2\/product\/33118","targetHints":{"allow":["GET"]}}],"collection":[{"href":"https:\/\/lescollectionsprivees.com\/de\/wp-json\/wp\/v2\/product"}],"about":[{"href":"https:\/\/lescollectionsprivees.com\/de\/wp-json\/wp\/v2\/types\/product"}],"wp:featuredmedia":[{"embeddable":true,"href":"https:\/\/lescollectionsprivees.com\/de\/wp-json\/wp\/v2\/media\/33120"}],"wp:attachment":[{"href":"https:\/\/lescollectionsprivees.com\/de\/wp-json\/wp\/v2\/media?parent=33118"}],"wp:term":[{"taxonomy":"product_brand","embeddable":true,"href":"https:\/\/lescollectionsprivees.com\/de\/wp-json\/wp\/v2\/product_brand?post=33118"},{"taxonomy":"product_cat","embeddable":true,"href":"https:\/\/lescollectionsprivees.com\/de\/wp-json\/wp\/v2\/product_cat?post=33118"},{"taxonomy":"product_tag","embeddable":true,"href":"https:\/\/lescollectionsprivees.com\/de\/wp-json\/wp\/v2\/product_tag?post=33118"}],"curies":[{"name":"wp","href":"https:\/\/api.w.org\/{rel}","templated":true}]}}