{"id":33397,"date":"2025-02-26T13:56:23","date_gmt":"2025-02-26T13:56:23","guid":{"rendered":"https:\/\/lescollectionsprivees.com\/?post_type=product&#038;p=33397"},"modified":"2026-02-25T09:24:50","modified_gmt":"2026-02-25T09:24:50","slug":"parfumextrakt-forbidden-sugar","status":"publish","type":"product","link":"https:\/\/lescollectionsprivees.com\/de\/parfum\/extrait-de-parfum-forbidden-sugar\/","title":{"rendered":"Forbidden Sugar Extrait de Parfum 100ml - \u00c9mir by Paris Corner"},"content":{"rendered":"","protected":false},"excerpt":{"rendered":"<p><strong><u>Technische Daten :<\/u><\/strong><\/p>\n<p><strong>Name des Duftes<\/strong> : Forbidden Sugar<br \/>\n<strong>Marke<\/strong> : Emir By Paris Corner<br \/>\n<strong>Genre<\/strong> : Gemischt<br \/>\n<strong>Inhalt<\/strong> : 100 mL<\/p>\n<p><strong><u>Geruchsnoten :<u><\/u><\/u><\/strong><\/p>\n<p><strong>Kopfnoten<\/strong> : Eibisch, Honig, Schwarze Johannisbeere, Kokosnuss und Bergamotte<br \/>\n<strong>Herznoten<\/strong> : Karamell, Vanille, Birne, Jasmin und Pfirsich<br \/>\n<strong>Hintergrundnoten<\/strong> : Wei\u00dfer Moschus, Orangenbl\u00fcte, Himbeere und Veilchen<\/p>\n<div class=\"fusion-woo-short-description-tb fusion-woo-short-description-tb-1\">\n<div class=\"post-content woocommerce-product-details__short-description\">\n<p>&nbsp;<\/p>\n<\/div>\n<\/div>","protected":false},"featured_media":33398,"template":"","meta":[],"product_brand":[],"product_cat":[331,189,332,216,201,207,202,208,300],"product_tag":[],"class_list":{"0":"post-33397","1":"product","2":"type-product","3":"status-publish","4":"has-post-thumbnail","6":"product_cat-emir-perfumes","7":"product_cat-femmes","8":"product_cat-parfum-au-miel","9":"product_cat-parfum-coco","10":"product_cat-parfum-femme","11":"product_cat-parfum-fleur-doranger","12":"product_cat-parfum-homme","13":"product_cat-parfum-vanille","14":"product_cat-paris-corner","16":"first","17":"instock","18":"taxable","19":"shipping-taxable","20":"purchasable","21":"product-type-simple"},"yoast_head":"<!-- This site is optimized with the Yoast SEO plugin v27.5 - https:\/\/yoast.com\/product\/yoast-seo-wordpress\/ -->\n<title>Extrait de parfum Forbidden Sugar 100ml \u2013 \u00c9mir by Paris Corner - Les Collections Priv\u00e9es<\/title>\n<meta name=\"robots\" content=\"index, follow, max-snippet:-1, max-image-preview:large, max-video-preview:-1\" \/>\n<link rel=\"canonical\" href=\"https:\/\/lescollectionsprivees.com\/de\/duft\/parfumextrakt-forbidden-sugar\/\" \/>\n<meta property=\"og:locale\" content=\"de_DE\" \/>\n<meta property=\"og:type\" content=\"article\" \/>\n<meta property=\"og:title\" content=\"Extrait de parfum Forbidden Sugar 100ml \u2013 \u00c9mir by Paris Corner - Les Collections Priv\u00e9es\" \/>\n<meta property=\"og:description\" content=\"Donn\u00e9es Techniques :  Nom du parfum : Forbidden Sugar Marque : \u00c9mir By Paris Corner Genre : Mixte Contenance : 100 mL  Notes olfactives :  Notes de t\u00eate : Guimauve, Miel, Cassis, Noix de Coco et Bergamote Notes de c\u0153ur : Caramel, Vanille, Poire, Jasmin et P\u00eache Notes de fond : Musc Blanc, Fleur d\u2019Oranger, Framboise et Violette    &nbsp;\" \/>\n<meta property=\"og:url\" content=\"https:\/\/lescollectionsprivees.com\/de\/duft\/parfumextrakt-forbidden-sugar\/\" \/>\n<meta property=\"og:site_name\" content=\"Les Collections Priv\u00e9es\" \/>\n<meta property=\"article:modified_time\" content=\"2026-02-25T09:24:50+00:00\" \/>\n<meta property=\"og:image\" content=\"https:\/\/lescollectionsprivees.com\/wp-content\/uploads\/2025\/02\/EXTRAIT-DE-PARFUM-FORBIDDEN-SUGAR-100ML-EMIR-BY-PARIS-CORNER.jpg\" \/>\n\t<meta property=\"og:image:width\" content=\"600\" \/>\n\t<meta property=\"og:image:height\" content=\"600\" \/>\n\t<meta property=\"og:image:type\" content=\"image\/jpeg\" \/>\n<meta name=\"twitter:card\" content=\"summary_large_image\" \/>\n<meta name=\"twitter:label1\" content=\"Gesch\u00e4tzte Lesezeit\" \/>\n\t<meta name=\"twitter:data1\" content=\"1\u00a0Minute\" \/>\n<script type=\"application\/ld+json\" class=\"yoast-schema-graph\">{\"@context\":\"https:\\\/\\\/schema.org\",\"@graph\":[{\"@type\":\"WebPage\",\"@id\":\"https:\\\/\\\/lescollectionsprivees.com\\\/parfum\\\/extrait-de-parfum-forbidden-sugar\\\/\",\"url\":\"https:\\\/\\\/lescollectionsprivees.com\\\/parfum\\\/extrait-de-parfum-forbidden-sugar\\\/\",\"name\":\"Extrait de parfum Forbidden Sugar 100ml \u2013 \u00c9mir by Paris Corner - Les Collections Priv\u00e9es\",\"isPartOf\":{\"@id\":\"https:\\\/\\\/lescollectionsprivees.com\\\/#website\"},\"primaryImageOfPage\":{\"@id\":\"https:\\\/\\\/lescollectionsprivees.com\\\/parfum\\\/extrait-de-parfum-forbidden-sugar\\\/#primaryimage\"},\"image\":{\"@id\":\"https:\\\/\\\/lescollectionsprivees.com\\\/parfum\\\/extrait-de-parfum-forbidden-sugar\\\/#primaryimage\"},\"thumbnailUrl\":\"https:\\\/\\\/lescollectionsprivees.com\\\/wp-content\\\/uploads\\\/2025\\\/02\\\/EXTRAIT-DE-PARFUM-FORBIDDEN-SUGAR-100ML-EMIR-BY-PARIS-CORNER.jpg\",\"datePublished\":\"2025-02-26T13:56:23+00:00\",\"dateModified\":\"2026-02-25T09:24:50+00:00\",\"breadcrumb\":{\"@id\":\"https:\\\/\\\/lescollectionsprivees.com\\\/parfum\\\/extrait-de-parfum-forbidden-sugar\\\/#breadcrumb\"},\"inLanguage\":\"de\",\"potentialAction\":[{\"@type\":\"ReadAction\",\"target\":[\"https:\\\/\\\/lescollectionsprivees.com\\\/parfum\\\/extrait-de-parfum-forbidden-sugar\\\/\"]}]},{\"@type\":\"ImageObject\",\"inLanguage\":\"de\",\"@id\":\"https:\\\/\\\/lescollectionsprivees.com\\\/parfum\\\/extrait-de-parfum-forbidden-sugar\\\/#primaryimage\",\"url\":\"https:\\\/\\\/lescollectionsprivees.com\\\/wp-content\\\/uploads\\\/2025\\\/02\\\/EXTRAIT-DE-PARFUM-FORBIDDEN-SUGAR-100ML-EMIR-BY-PARIS-CORNER.jpg\",\"contentUrl\":\"https:\\\/\\\/lescollectionsprivees.com\\\/wp-content\\\/uploads\\\/2025\\\/02\\\/EXTRAIT-DE-PARFUM-FORBIDDEN-SUGAR-100ML-EMIR-BY-PARIS-CORNER.jpg\",\"width\":600,\"height\":600,\"caption\":\"Extrait de parfum Forbidden Sugar 100ml \u2013 \u00c9mir by Paris Corner\"},{\"@type\":\"BreadcrumbList\",\"@id\":\"https:\\\/\\\/lescollectionsprivees.com\\\/parfum\\\/extrait-de-parfum-forbidden-sugar\\\/#breadcrumb\",\"itemListElement\":[{\"@type\":\"ListItem\",\"position\":1,\"name\":\"Accueil\",\"item\":\"https:\\\/\\\/lescollectionsprivees.com\\\/\"},{\"@type\":\"ListItem\",\"position\":2,\"name\":\"Boutique\",\"item\":\"https:\\\/\\\/lescollectionsprivees.com\\\/boutique\\\/\"},{\"@type\":\"ListItem\",\"position\":3,\"name\":\"Extrait de parfum Forbidden Sugar 100ml \u2013 \u00c9mir by Paris Corner\"}]},{\"@type\":\"WebSite\",\"@id\":\"https:\\\/\\\/lescollectionsprivees.com\\\/#website\",\"url\":\"https:\\\/\\\/lescollectionsprivees.com\\\/\",\"name\":\"Les Collections Priv\u00e9es\",\"description\":\"\",\"publisher\":{\"@id\":\"https:\\\/\\\/lescollectionsprivees.com\\\/#organization\"},\"potentialAction\":[{\"@type\":\"SearchAction\",\"target\":{\"@type\":\"EntryPoint\",\"urlTemplate\":\"https:\\\/\\\/lescollectionsprivees.com\\\/?s={search_term_string}\"},\"query-input\":{\"@type\":\"PropertyValueSpecification\",\"valueRequired\":true,\"valueName\":\"search_term_string\"}}],\"inLanguage\":\"de\"},{\"@type\":\"Organization\",\"@id\":\"https:\\\/\\\/lescollectionsprivees.com\\\/#organization\",\"name\":\"Les Collections Priv\u00e9es\",\"url\":\"https:\\\/\\\/lescollectionsprivees.com\\\/\",\"logo\":{\"@type\":\"ImageObject\",\"inLanguage\":\"de\",\"@id\":\"https:\\\/\\\/lescollectionsprivees.com\\\/#\\\/schema\\\/logo\\\/image\\\/\",\"url\":\"https:\\\/\\\/lescollectionsprivees.com\\\/wp-content\\\/uploads\\\/2020\\\/02\\\/Logo-Les-Collections-Priv\u00e9es-450x450-1.png\",\"contentUrl\":\"https:\\\/\\\/lescollectionsprivees.com\\\/wp-content\\\/uploads\\\/2020\\\/02\\\/Logo-Les-Collections-Priv\u00e9es-450x450-1.png\",\"width\":450,\"height\":450,\"caption\":\"Les Collections Priv\u00e9es\"},\"image\":{\"@id\":\"https:\\\/\\\/lescollectionsprivees.com\\\/#\\\/schema\\\/logo\\\/image\\\/\"}}]}<\/script>\n<!-- \/ Yoast SEO plugin. -->","yoast_head_json":{"title":"Forbidden Sugar Extrait de Parfum 100ml - \u00c9mir by Paris Corner - Les Collections Priv\u00e9es","robots":{"index":"index","follow":"follow","max-snippet":"max-snippet:-1","max-image-preview":"max-image-preview:large","max-video-preview":"max-video-preview:-1"},"canonical":"https:\/\/lescollectionsprivees.com\/de\/duft\/parfumextrakt-forbidden-sugar\/","og_locale":"de_DE","og_type":"article","og_title":"Extrait de parfum Forbidden Sugar 100ml \u2013 \u00c9mir by Paris Corner - Les Collections Priv\u00e9es","og_description":"Donn\u00e9es Techniques :  Nom du parfum : Forbidden Sugar Marque : \u00c9mir By Paris Corner Genre : Mixte Contenance : 100 mL  Notes olfactives :  Notes de t\u00eate : Guimauve, Miel, Cassis, Noix de Coco et Bergamote Notes de c\u0153ur : Caramel, Vanille, Poire, Jasmin et P\u00eache Notes de fond : Musc Blanc, Fleur d\u2019Oranger, Framboise et Violette    &nbsp;","og_url":"https:\/\/lescollectionsprivees.com\/de\/duft\/parfumextrakt-forbidden-sugar\/","og_site_name":"Les Collections Priv\u00e9es","article_modified_time":"2026-02-25T09:24:50+00:00","og_image":[{"width":600,"height":600,"url":"https:\/\/lescollectionsprivees.com\/wp-content\/uploads\/2025\/02\/EXTRAIT-DE-PARFUM-FORBIDDEN-SUGAR-100ML-EMIR-BY-PARIS-CORNER.jpg","type":"image\/jpeg"}],"twitter_card":"summary_large_image","twitter_misc":{"Gesch\u00e4tzte Lesezeit":"1\u00a0Minute"},"schema":{"@context":"https:\/\/schema.org","@graph":[{"@type":"WebPage","@id":"https:\/\/lescollectionsprivees.com\/parfum\/extrait-de-parfum-forbidden-sugar\/","url":"https:\/\/lescollectionsprivees.com\/parfum\/extrait-de-parfum-forbidden-sugar\/","name":"Forbidden Sugar Extrait de Parfum 100ml - \u00c9mir by Paris Corner - Les Collections Priv\u00e9es","isPartOf":{"@id":"https:\/\/lescollectionsprivees.com\/#website"},"primaryImageOfPage":{"@id":"https:\/\/lescollectionsprivees.com\/parfum\/extrait-de-parfum-forbidden-sugar\/#primaryimage"},"image":{"@id":"https:\/\/lescollectionsprivees.com\/parfum\/extrait-de-parfum-forbidden-sugar\/#primaryimage"},"thumbnailUrl":"https:\/\/lescollectionsprivees.com\/wp-content\/uploads\/2025\/02\/EXTRAIT-DE-PARFUM-FORBIDDEN-SUGAR-100ML-EMIR-BY-PARIS-CORNER.jpg","datePublished":"2025-02-26T13:56:23+00:00","dateModified":"2026-02-25T09:24:50+00:00","breadcrumb":{"@id":"https:\/\/lescollectionsprivees.com\/parfum\/extrait-de-parfum-forbidden-sugar\/#breadcrumb"},"inLanguage":"de","potentialAction":[{"@type":"ReadAction","target":["https:\/\/lescollectionsprivees.com\/parfum\/extrait-de-parfum-forbidden-sugar\/"]}]},{"@type":"ImageObject","inLanguage":"de","@id":"https:\/\/lescollectionsprivees.com\/parfum\/extrait-de-parfum-forbidden-sugar\/#primaryimage","url":"https:\/\/lescollectionsprivees.com\/wp-content\/uploads\/2025\/02\/EXTRAIT-DE-PARFUM-FORBIDDEN-SUGAR-100ML-EMIR-BY-PARIS-CORNER.jpg","contentUrl":"https:\/\/lescollectionsprivees.com\/wp-content\/uploads\/2025\/02\/EXTRAIT-DE-PARFUM-FORBIDDEN-SUGAR-100ML-EMIR-BY-PARIS-CORNER.jpg","width":600,"height":600,"caption":"Extrait de parfum Forbidden Sugar 100ml \u2013 \u00c9mir by Paris Corner"},{"@type":"BreadcrumbList","@id":"https:\/\/lescollectionsprivees.com\/parfum\/extrait-de-parfum-forbidden-sugar\/#breadcrumb","itemListElement":[{"@type":"ListItem","position":1,"name":"Accueil","item":"https:\/\/lescollectionsprivees.com\/"},{"@type":"ListItem","position":2,"name":"Boutique","item":"https:\/\/lescollectionsprivees.com\/boutique\/"},{"@type":"ListItem","position":3,"name":"Extrait de parfum Forbidden Sugar 100ml \u2013 \u00c9mir by Paris Corner"}]},{"@type":"WebSite","@id":"https:\/\/lescollectionsprivees.com\/#website","url":"https:\/\/lescollectionsprivees.com\/","name":"Private Sammlungen","description":"","publisher":{"@id":"https:\/\/lescollectionsprivees.com\/#organization"},"potentialAction":[{"@type":"SearchAction","target":{"@type":"EntryPoint","urlTemplate":"https:\/\/lescollectionsprivees.com\/?s={search_term_string}"},"query-input":{"@type":"PropertyValueSpecification","valueRequired":true,"valueName":"search_term_string"}}],"inLanguage":"de"},{"@type":"Organization","@id":"https:\/\/lescollectionsprivees.com\/#organization","name":"Private Sammlungen","url":"https:\/\/lescollectionsprivees.com\/","logo":{"@type":"ImageObject","inLanguage":"de","@id":"https:\/\/lescollectionsprivees.com\/#\/schema\/logo\/image\/","url":"https:\/\/lescollectionsprivees.com\/wp-content\/uploads\/2020\/02\/Logo-Les-Collections-Priv\u00e9es-450x450-1.png","contentUrl":"https:\/\/lescollectionsprivees.com\/wp-content\/uploads\/2020\/02\/Logo-Les-Collections-Priv\u00e9es-450x450-1.png","width":450,"height":450,"caption":"Les Collections Priv\u00e9es"},"image":{"@id":"https:\/\/lescollectionsprivees.com\/#\/schema\/logo\/image\/"}}]}},"_links":{"self":[{"href":"https:\/\/lescollectionsprivees.com\/de\/wp-json\/wp\/v2\/product\/33397","targetHints":{"allow":["GET"]}}],"collection":[{"href":"https:\/\/lescollectionsprivees.com\/de\/wp-json\/wp\/v2\/product"}],"about":[{"href":"https:\/\/lescollectionsprivees.com\/de\/wp-json\/wp\/v2\/types\/product"}],"wp:featuredmedia":[{"embeddable":true,"href":"https:\/\/lescollectionsprivees.com\/de\/wp-json\/wp\/v2\/media\/33398"}],"wp:attachment":[{"href":"https:\/\/lescollectionsprivees.com\/de\/wp-json\/wp\/v2\/media?parent=33397"}],"wp:term":[{"taxonomy":"product_brand","embeddable":true,"href":"https:\/\/lescollectionsprivees.com\/de\/wp-json\/wp\/v2\/product_brand?post=33397"},{"taxonomy":"product_cat","embeddable":true,"href":"https:\/\/lescollectionsprivees.com\/de\/wp-json\/wp\/v2\/product_cat?post=33397"},{"taxonomy":"product_tag","embeddable":true,"href":"https:\/\/lescollectionsprivees.com\/de\/wp-json\/wp\/v2\/product_tag?post=33397"}],"curies":[{"name":"wp","href":"https:\/\/api.w.org\/{rel}","templated":true}]}}