{"id":35741,"date":"2025-07-13T10:57:16","date_gmt":"2025-07-13T10:57:16","guid":{"rendered":"https:\/\/lescollectionsprivees.com\/?post_type=product&#038;p=35741"},"modified":"2026-02-01T16:06:28","modified_gmt":"2026-02-01T16:06:28","slug":"eau-de-parfum-urban-man-elixir","status":"publish","type":"product","link":"https:\/\/lescollectionsprivees.com\/de\/parfum\/eau-de-parfum-urban-man-elixir\/","title":{"rendered":"Eau de Parfum Urban Man \u00c9lixir 90ml - Fragrance World"},"content":{"rendered":"","protected":false},"excerpt":{"rendered":"<p><strong><u>Technische Daten :<\/u><\/strong><\/p>\n<p><strong>Name des Duftes<\/strong> : Urban Man Elixier<br \/>\n<strong>Marke<\/strong> : Fragrance World<br \/>\n<strong>Genre<\/strong> : M\u00e4nnlich<br \/>\n<strong>Inhalt<\/strong> : 90 mL<\/p>\n<p><strong><u>Duftnoten :<\/u><\/strong><\/p>\n<p><strong>Kopfnoten :<\/strong> Lavendel, Minze.<br \/>\n<strong>Herznoten :<\/strong> Vanille, Benzoe.<br \/>\n<strong>Basisnoten :<\/strong> Honig, Tonkabohne, Tabak<\/p>","protected":false},"featured_media":35742,"template":"","meta":[],"product_brand":[],"product_cat":[303,332,202,208],"product_tag":[],"class_list":{"0":"post-35741","1":"product","2":"type-product","3":"status-publish","4":"has-post-thumbnail","6":"product_cat-fragrance-world","7":"product_cat-parfum-au-miel","8":"product_cat-parfum-homme","9":"product_cat-parfum-vanille","11":"first","12":"instock","13":"taxable","14":"shipping-taxable","15":"purchasable","16":"product-type-simple"},"yoast_head":"<!-- This site is optimized with the Yoast SEO plugin v27.5 - https:\/\/yoast.com\/product\/yoast-seo-wordpress\/ -->\n<title>Eau de parfum Urban Man \u00c9lixir 90ml \u2013 Fragrance World - Les Collections Priv\u00e9es<\/title>\n<meta name=\"robots\" content=\"index, follow, max-snippet:-1, max-image-preview:large, max-video-preview:-1\" \/>\n<link rel=\"canonical\" href=\"https:\/\/lescollectionsprivees.com\/de\/duft\/eau-de-parfum-urban-man-elixir\/\" \/>\n<meta property=\"og:locale\" content=\"de_DE\" \/>\n<meta property=\"og:type\" content=\"article\" \/>\n<meta property=\"og:title\" content=\"Eau de parfum Urban Man \u00c9lixir 90ml \u2013 Fragrance World - Les Collections Priv\u00e9es\" \/>\n<meta property=\"og:description\" content=\"Donn\u00e9es Techniques :  Nom du parfum : Urban Man \u00c9lixir Marque : Fragrance World Genre : Masculin Contenance : 90 mL  Notes Olfactives :  Notes de t\u00eate : Lavande, menthe. Notes de c\u0153ur : Vanille, benjoin. Notes de fond : Miel, f\u00e8ve tonka, tabac\" \/>\n<meta property=\"og:url\" content=\"https:\/\/lescollectionsprivees.com\/de\/duft\/eau-de-parfum-urban-man-elixir\/\" \/>\n<meta property=\"og:site_name\" content=\"Les Collections Priv\u00e9es\" \/>\n<meta property=\"article:modified_time\" content=\"2026-02-01T16:06:28+00:00\" \/>\n<meta property=\"og:image\" content=\"https:\/\/lescollectionsprivees.com\/wp-content\/uploads\/2025\/07\/EAU-DE-PARFUM-URBAN-MAN-ELIXIR-90ML-FRAGRANCE-WORLD.jpg\" \/>\n\t<meta property=\"og:image:width\" content=\"600\" \/>\n\t<meta property=\"og:image:height\" content=\"600\" \/>\n\t<meta property=\"og:image:type\" content=\"image\/jpeg\" \/>\n<meta name=\"twitter:card\" content=\"summary_large_image\" \/>\n<meta name=\"twitter:label1\" content=\"Gesch\u00e4tzte Lesezeit\" \/>\n\t<meta name=\"twitter:data1\" content=\"1\u00a0Minute\" \/>\n<script type=\"application\/ld+json\" class=\"yoast-schema-graph\">{\"@context\":\"https:\\\/\\\/schema.org\",\"@graph\":[{\"@type\":\"WebPage\",\"@id\":\"https:\\\/\\\/lescollectionsprivees.com\\\/parfum\\\/eau-de-parfum-urban-man-elixir\\\/\",\"url\":\"https:\\\/\\\/lescollectionsprivees.com\\\/parfum\\\/eau-de-parfum-urban-man-elixir\\\/\",\"name\":\"Eau de parfum Urban Man \u00c9lixir 90ml \u2013 Fragrance World - Les Collections Priv\u00e9es\",\"isPartOf\":{\"@id\":\"https:\\\/\\\/lescollectionsprivees.com\\\/#website\"},\"primaryImageOfPage\":{\"@id\":\"https:\\\/\\\/lescollectionsprivees.com\\\/parfum\\\/eau-de-parfum-urban-man-elixir\\\/#primaryimage\"},\"image\":{\"@id\":\"https:\\\/\\\/lescollectionsprivees.com\\\/parfum\\\/eau-de-parfum-urban-man-elixir\\\/#primaryimage\"},\"thumbnailUrl\":\"https:\\\/\\\/lescollectionsprivees.com\\\/wp-content\\\/uploads\\\/2025\\\/07\\\/EAU-DE-PARFUM-URBAN-MAN-ELIXIR-90ML-FRAGRANCE-WORLD.jpg\",\"datePublished\":\"2025-07-13T10:57:16+00:00\",\"dateModified\":\"2026-02-01T16:06:28+00:00\",\"breadcrumb\":{\"@id\":\"https:\\\/\\\/lescollectionsprivees.com\\\/parfum\\\/eau-de-parfum-urban-man-elixir\\\/#breadcrumb\"},\"inLanguage\":\"de\",\"potentialAction\":[{\"@type\":\"ReadAction\",\"target\":[\"https:\\\/\\\/lescollectionsprivees.com\\\/parfum\\\/eau-de-parfum-urban-man-elixir\\\/\"]}]},{\"@type\":\"ImageObject\",\"inLanguage\":\"de\",\"@id\":\"https:\\\/\\\/lescollectionsprivees.com\\\/parfum\\\/eau-de-parfum-urban-man-elixir\\\/#primaryimage\",\"url\":\"https:\\\/\\\/lescollectionsprivees.com\\\/wp-content\\\/uploads\\\/2025\\\/07\\\/EAU-DE-PARFUM-URBAN-MAN-ELIXIR-90ML-FRAGRANCE-WORLD.jpg\",\"contentUrl\":\"https:\\\/\\\/lescollectionsprivees.com\\\/wp-content\\\/uploads\\\/2025\\\/07\\\/EAU-DE-PARFUM-URBAN-MAN-ELIXIR-90ML-FRAGRANCE-WORLD.jpg\",\"width\":600,\"height\":600,\"caption\":\"Eau de parfum Urban Man \u00c9lixir 90ml \u2013 Fragrance World\"},{\"@type\":\"BreadcrumbList\",\"@id\":\"https:\\\/\\\/lescollectionsprivees.com\\\/parfum\\\/eau-de-parfum-urban-man-elixir\\\/#breadcrumb\",\"itemListElement\":[{\"@type\":\"ListItem\",\"position\":1,\"name\":\"Accueil\",\"item\":\"https:\\\/\\\/lescollectionsprivees.com\\\/\"},{\"@type\":\"ListItem\",\"position\":2,\"name\":\"Boutique\",\"item\":\"https:\\\/\\\/lescollectionsprivees.com\\\/boutique\\\/\"},{\"@type\":\"ListItem\",\"position\":3,\"name\":\"Eau de parfum Urban Man \u00c9lixir 90ml \u2013 Fragrance World\"}]},{\"@type\":\"WebSite\",\"@id\":\"https:\\\/\\\/lescollectionsprivees.com\\\/#website\",\"url\":\"https:\\\/\\\/lescollectionsprivees.com\\\/\",\"name\":\"Les Collections Priv\u00e9es\",\"description\":\"\",\"publisher\":{\"@id\":\"https:\\\/\\\/lescollectionsprivees.com\\\/#organization\"},\"potentialAction\":[{\"@type\":\"SearchAction\",\"target\":{\"@type\":\"EntryPoint\",\"urlTemplate\":\"https:\\\/\\\/lescollectionsprivees.com\\\/?s={search_term_string}\"},\"query-input\":{\"@type\":\"PropertyValueSpecification\",\"valueRequired\":true,\"valueName\":\"search_term_string\"}}],\"inLanguage\":\"de\"},{\"@type\":\"Organization\",\"@id\":\"https:\\\/\\\/lescollectionsprivees.com\\\/#organization\",\"name\":\"Les Collections Priv\u00e9es\",\"url\":\"https:\\\/\\\/lescollectionsprivees.com\\\/\",\"logo\":{\"@type\":\"ImageObject\",\"inLanguage\":\"de\",\"@id\":\"https:\\\/\\\/lescollectionsprivees.com\\\/#\\\/schema\\\/logo\\\/image\\\/\",\"url\":\"https:\\\/\\\/lescollectionsprivees.com\\\/wp-content\\\/uploads\\\/2020\\\/02\\\/Logo-Les-Collections-Priv\u00e9es-450x450-1.png\",\"contentUrl\":\"https:\\\/\\\/lescollectionsprivees.com\\\/wp-content\\\/uploads\\\/2020\\\/02\\\/Logo-Les-Collections-Priv\u00e9es-450x450-1.png\",\"width\":450,\"height\":450,\"caption\":\"Les Collections Priv\u00e9es\"},\"image\":{\"@id\":\"https:\\\/\\\/lescollectionsprivees.com\\\/#\\\/schema\\\/logo\\\/image\\\/\"}}]}<\/script>\n<!-- \/ Yoast SEO plugin. -->","yoast_head_json":{"title":"Eau de Parfum Urban Man \u00c9lixir 90ml - Fragrance World - Private Collections","robots":{"index":"index","follow":"follow","max-snippet":"max-snippet:-1","max-image-preview":"max-image-preview:large","max-video-preview":"max-video-preview:-1"},"canonical":"https:\/\/lescollectionsprivees.com\/de\/duft\/eau-de-parfum-urban-man-elixir\/","og_locale":"de_DE","og_type":"article","og_title":"Eau de parfum Urban Man \u00c9lixir 90ml \u2013 Fragrance World - Les Collections Priv\u00e9es","og_description":"Donn\u00e9es Techniques :  Nom du parfum : Urban Man \u00c9lixir Marque : Fragrance World Genre : Masculin Contenance : 90 mL  Notes Olfactives :  Notes de t\u00eate : Lavande, menthe. Notes de c\u0153ur : Vanille, benjoin. Notes de fond : Miel, f\u00e8ve tonka, tabac","og_url":"https:\/\/lescollectionsprivees.com\/de\/duft\/eau-de-parfum-urban-man-elixir\/","og_site_name":"Les Collections Priv\u00e9es","article_modified_time":"2026-02-01T16:06:28+00:00","og_image":[{"width":600,"height":600,"url":"https:\/\/lescollectionsprivees.com\/wp-content\/uploads\/2025\/07\/EAU-DE-PARFUM-URBAN-MAN-ELIXIR-90ML-FRAGRANCE-WORLD.jpg","type":"image\/jpeg"}],"twitter_card":"summary_large_image","twitter_misc":{"Gesch\u00e4tzte Lesezeit":"1\u00a0Minute"},"schema":{"@context":"https:\/\/schema.org","@graph":[{"@type":"WebPage","@id":"https:\/\/lescollectionsprivees.com\/parfum\/eau-de-parfum-urban-man-elixir\/","url":"https:\/\/lescollectionsprivees.com\/parfum\/eau-de-parfum-urban-man-elixir\/","name":"Eau de Parfum Urban Man \u00c9lixir 90ml - Fragrance World - Private Collections","isPartOf":{"@id":"https:\/\/lescollectionsprivees.com\/#website"},"primaryImageOfPage":{"@id":"https:\/\/lescollectionsprivees.com\/parfum\/eau-de-parfum-urban-man-elixir\/#primaryimage"},"image":{"@id":"https:\/\/lescollectionsprivees.com\/parfum\/eau-de-parfum-urban-man-elixir\/#primaryimage"},"thumbnailUrl":"https:\/\/lescollectionsprivees.com\/wp-content\/uploads\/2025\/07\/EAU-DE-PARFUM-URBAN-MAN-ELIXIR-90ML-FRAGRANCE-WORLD.jpg","datePublished":"2025-07-13T10:57:16+00:00","dateModified":"2026-02-01T16:06:28+00:00","breadcrumb":{"@id":"https:\/\/lescollectionsprivees.com\/parfum\/eau-de-parfum-urban-man-elixir\/#breadcrumb"},"inLanguage":"de","potentialAction":[{"@type":"ReadAction","target":["https:\/\/lescollectionsprivees.com\/parfum\/eau-de-parfum-urban-man-elixir\/"]}]},{"@type":"ImageObject","inLanguage":"de","@id":"https:\/\/lescollectionsprivees.com\/parfum\/eau-de-parfum-urban-man-elixir\/#primaryimage","url":"https:\/\/lescollectionsprivees.com\/wp-content\/uploads\/2025\/07\/EAU-DE-PARFUM-URBAN-MAN-ELIXIR-90ML-FRAGRANCE-WORLD.jpg","contentUrl":"https:\/\/lescollectionsprivees.com\/wp-content\/uploads\/2025\/07\/EAU-DE-PARFUM-URBAN-MAN-ELIXIR-90ML-FRAGRANCE-WORLD.jpg","width":600,"height":600,"caption":"Eau de parfum Urban Man \u00c9lixir 90ml \u2013 Fragrance World"},{"@type":"BreadcrumbList","@id":"https:\/\/lescollectionsprivees.com\/parfum\/eau-de-parfum-urban-man-elixir\/#breadcrumb","itemListElement":[{"@type":"ListItem","position":1,"name":"Accueil","item":"https:\/\/lescollectionsprivees.com\/"},{"@type":"ListItem","position":2,"name":"Boutique","item":"https:\/\/lescollectionsprivees.com\/boutique\/"},{"@type":"ListItem","position":3,"name":"Eau de parfum Urban Man \u00c9lixir 90ml \u2013 Fragrance World"}]},{"@type":"WebSite","@id":"https:\/\/lescollectionsprivees.com\/#website","url":"https:\/\/lescollectionsprivees.com\/","name":"Private Sammlungen","description":"","publisher":{"@id":"https:\/\/lescollectionsprivees.com\/#organization"},"potentialAction":[{"@type":"SearchAction","target":{"@type":"EntryPoint","urlTemplate":"https:\/\/lescollectionsprivees.com\/?s={search_term_string}"},"query-input":{"@type":"PropertyValueSpecification","valueRequired":true,"valueName":"search_term_string"}}],"inLanguage":"de"},{"@type":"Organization","@id":"https:\/\/lescollectionsprivees.com\/#organization","name":"Private Sammlungen","url":"https:\/\/lescollectionsprivees.com\/","logo":{"@type":"ImageObject","inLanguage":"de","@id":"https:\/\/lescollectionsprivees.com\/#\/schema\/logo\/image\/","url":"https:\/\/lescollectionsprivees.com\/wp-content\/uploads\/2020\/02\/Logo-Les-Collections-Priv\u00e9es-450x450-1.png","contentUrl":"https:\/\/lescollectionsprivees.com\/wp-content\/uploads\/2020\/02\/Logo-Les-Collections-Priv\u00e9es-450x450-1.png","width":450,"height":450,"caption":"Les Collections Priv\u00e9es"},"image":{"@id":"https:\/\/lescollectionsprivees.com\/#\/schema\/logo\/image\/"}}]}},"_links":{"self":[{"href":"https:\/\/lescollectionsprivees.com\/de\/wp-json\/wp\/v2\/product\/35741","targetHints":{"allow":["GET"]}}],"collection":[{"href":"https:\/\/lescollectionsprivees.com\/de\/wp-json\/wp\/v2\/product"}],"about":[{"href":"https:\/\/lescollectionsprivees.com\/de\/wp-json\/wp\/v2\/types\/product"}],"wp:featuredmedia":[{"embeddable":true,"href":"https:\/\/lescollectionsprivees.com\/de\/wp-json\/wp\/v2\/media\/35742"}],"wp:attachment":[{"href":"https:\/\/lescollectionsprivees.com\/de\/wp-json\/wp\/v2\/media?parent=35741"}],"wp:term":[{"taxonomy":"product_brand","embeddable":true,"href":"https:\/\/lescollectionsprivees.com\/de\/wp-json\/wp\/v2\/product_brand?post=35741"},{"taxonomy":"product_cat","embeddable":true,"href":"https:\/\/lescollectionsprivees.com\/de\/wp-json\/wp\/v2\/product_cat?post=35741"},{"taxonomy":"product_tag","embeddable":true,"href":"https:\/\/lescollectionsprivees.com\/de\/wp-json\/wp\/v2\/product_tag?post=35741"}],"curies":[{"name":"wp","href":"https:\/\/api.w.org\/{rel}","templated":true}]}}