{"id":6329,"date":"2020-02-06T12:41:15","date_gmt":"2020-02-06T12:41:15","guid":{"rendered":"https:\/\/lescollectionsprivees.com\/produit\/import-placeholder-for-1759\/"},"modified":"2024-08-23T09:00:30","modified_gmt":"2024-08-23T09:00:30","slug":"shahrazad-lattafa-perfumes","status":"publish","type":"product","link":"https:\/\/lescollectionsprivees.com\/de\/parfum\/shahrazad-lattafa-perfumes\/","title":{"rendered":"Shahrazad - Lattafa Perfumes"},"content":{"rendered":"<h2><strong>Shahrazad von Lattafa Perfumes<\/strong><\/h2>\n<p>Shahrazad hat das Zeug zu einem Meisterwerk der Verf\u00fchrung. Und das merkt man schon in den ersten Augenblicken. Hier gelingt es Lattafa Perfumes geschickt, die Erwartungen und Traditionen zu durchkreuzen. Anstatt ein komplexes und \u00fcberladenes Parfum mit vielen Gourmand-D\u00fcften anzubieten, erweist sich Shahrazad als eine wahre Duftreise, die Sie von den ersten s\u00fc\u00dfen Eindr\u00fccken zu einer schlichten und subtilen Sch\u00f6nheit f\u00fchrt.<\/p>\n<h2><strong>Harmonisieren Um Besser zu Verf\u00fchren <\/strong><\/h2>\n<p>Dieses Eau de Parfum besteht aus Vanille, Kardamom und Safran und k\u00f6nnte ohne weiteres zu den s\u00fc\u00dfesten D\u00fcften der Marke gez\u00e4hlt werden. Dennoch ist der Ausdruck der Vanille bei der Er\u00f6ffnung weder zu stark noch zu lang. Es ist ein fast unerwarteter Seufzer, der schnell den holzigen D\u00fcften von Oud Platz macht. Von da an beginnt eine Symphonie von Akkorden. Von Guajak bis Cypriol stimmen alle Noten nacheinander mit dem Oud \u00fcberein, um ein Ensemble von \u00fcberraschendem Zusammenhalt zu schaffen.<\/p>\n<p>So gelingt es Shahrazad von Lattafa Perfumes trotz der bemerkenswerten Pr\u00e4senz von starken D\u00fcften und leicht identifizierbaren Noten, einen einfachen und angenehmen Duft zu kreieren. Dieser Duft erhebt sich \u00fcber die \u00fcbliche Raffinesse verf\u00fchrerischer Parfums und pr\u00e4sentiert eine Sch\u00f6nheit, die sich nicht hinter Tricks versteckt, sondern sich selbst gen\u00fcgt.<\/p>\n<h2><strong>Die ganze Subtilit\u00e4t Orientalischer D\u00fcfte<\/strong><\/h2>\n<p>Shahrazad von Lattafa Perfumes ist der Archetyp eines kostbaren orientalischen Parfums und hat eine relativ lange Haltbarkeit und eine zufriedenstellende Projektion. Es ist ein Parfum mit holzigen und k\u00f6stlichen Noten, das in Ihrem Gefolge immer eroberte Geister hinterlassen wird.<\/p>","protected":false},"excerpt":{"rendered":"<p><strong><u>Technische Daten :<\/u><\/strong><\/p>\n<p><strong>Name des Duftes<\/strong> : Shahrazad<br \/>\n<strong>Marke<\/strong> : Lattafa Perfumes<br \/>\n<strong>Genre<\/strong> : Unisex<br \/>\n<strong>Inhalt<\/strong> : 100 mL<\/p>\n<p><span style=\"text-decoration: underline;\"><strong>Olfaktorisches Profil<\/strong> :<\/span><\/p>\n<p>Oud, Kardamom, Guajak, Vanille, Safran, \u00c4therisches \u00d6l aus Cypriol<\/p>","protected":false},"featured_media":8359,"template":"","meta":[],"product_brand":[],"product_cat":[227,15],"product_tag":[],"class_list":{"0":"post-6329","1":"product","2":"type-product","3":"status-publish","4":"has-post-thumbnail","6":"product_cat-parfum-lattafa","7":"product_cat-parfums-de-dubai","8":"pa_marque-lattafa-perfumes","10":"first","11":"instock","12":"taxable","13":"shipping-taxable","14":"purchasable","15":"product-type-simple"},"yoast_head":"<!-- This site is optimized with the Yoast SEO plugin v27.5 - https:\/\/yoast.com\/product\/yoast-seo-wordpress\/ -->\n<title>Shahrazad de Lattafa Perfumes en 100 ml - Les Collections Priv\u00e9es<\/title>\n<meta name=\"description\" content=\"Shahrazad\u00a0de Lattafa Perfumes a tout d\u2019un chef-d\u2019\u0153uvre de s\u00e9duction. Et on s\u2019en rend bien compte d\u00e8s les premiers instants. Pour le d\u00e9couvrir, cliquez ici !\" \/>\n<meta name=\"robots\" content=\"index, follow, max-snippet:-1, max-image-preview:large, max-video-preview:-1\" \/>\n<link rel=\"canonical\" href=\"https:\/\/lescollectionsprivees.com\/de\/duft\/shahrazad-lattafa-perfumes\/\" \/>\n<meta property=\"og:locale\" content=\"de_DE\" \/>\n<meta property=\"og:type\" content=\"article\" \/>\n<meta property=\"og:title\" content=\"Shahrazad de Lattafa Perfumes en 100 ml - Les Collections Priv\u00e9es\" \/>\n<meta property=\"og:description\" content=\"Shahrazad\u00a0de Lattafa Perfumes a tout d\u2019un chef-d\u2019\u0153uvre de s\u00e9duction. Et on s\u2019en rend bien compte d\u00e8s les premiers instants. Pour le d\u00e9couvrir, cliquez ici !\" \/>\n<meta property=\"og:url\" content=\"https:\/\/lescollectionsprivees.com\/de\/duft\/shahrazad-lattafa-perfumes\/\" \/>\n<meta property=\"og:site_name\" content=\"Les Collections Priv\u00e9es\" \/>\n<meta property=\"article:modified_time\" content=\"2024-08-23T09:00:30+00:00\" \/>\n<meta property=\"og:image\" content=\"https:\/\/lescollectionsprivees.com\/wp-content\/uploads\/2020\/02\/Shahrazad-Ard-Al-Zaafaran-Les-Collections-Priv\u00e9es.jpg\" \/>\n\t<meta property=\"og:image:width\" content=\"521\" \/>\n\t<meta property=\"og:image:height\" content=\"695\" \/>\n\t<meta property=\"og:image:type\" content=\"image\/jpeg\" \/>\n<meta name=\"twitter:card\" content=\"summary_large_image\" \/>\n<meta name=\"twitter:label1\" content=\"Gesch\u00e4tzte Lesezeit\" \/>\n\t<meta name=\"twitter:data1\" content=\"2\u00a0Minuten\" \/>\n<script type=\"application\/ld+json\" class=\"yoast-schema-graph\">{\"@context\":\"https:\\\/\\\/schema.org\",\"@graph\":[{\"@type\":\"WebPage\",\"@id\":\"https:\\\/\\\/lescollectionsprivees.com\\\/parfum\\\/shahrazad-lattafa-perfumes\\\/\",\"url\":\"https:\\\/\\\/lescollectionsprivees.com\\\/parfum\\\/shahrazad-lattafa-perfumes\\\/\",\"name\":\"Shahrazad de Lattafa Perfumes en 100 ml - Les Collections Priv\u00e9es\",\"isPartOf\":{\"@id\":\"https:\\\/\\\/lescollectionsprivees.com\\\/#website\"},\"primaryImageOfPage\":{\"@id\":\"https:\\\/\\\/lescollectionsprivees.com\\\/parfum\\\/shahrazad-lattafa-perfumes\\\/#primaryimage\"},\"image\":{\"@id\":\"https:\\\/\\\/lescollectionsprivees.com\\\/parfum\\\/shahrazad-lattafa-perfumes\\\/#primaryimage\"},\"thumbnailUrl\":\"https:\\\/\\\/lescollectionsprivees.com\\\/wp-content\\\/uploads\\\/2020\\\/02\\\/Shahrazad-Ard-Al-Zaafaran-Les-Collections-Priv\u00e9es.jpg\",\"datePublished\":\"2020-02-06T12:41:15+00:00\",\"dateModified\":\"2024-08-23T09:00:30+00:00\",\"description\":\"Shahrazad\u00a0de Lattafa Perfumes a tout d\u2019un chef-d\u2019\u0153uvre de s\u00e9duction. Et on s\u2019en rend bien compte d\u00e8s les premiers instants. Pour le d\u00e9couvrir, cliquez ici !\",\"breadcrumb\":{\"@id\":\"https:\\\/\\\/lescollectionsprivees.com\\\/parfum\\\/shahrazad-lattafa-perfumes\\\/#breadcrumb\"},\"inLanguage\":\"de\",\"potentialAction\":[{\"@type\":\"ReadAction\",\"target\":[\"https:\\\/\\\/lescollectionsprivees.com\\\/parfum\\\/shahrazad-lattafa-perfumes\\\/\"]}]},{\"@type\":\"ImageObject\",\"inLanguage\":\"de\",\"@id\":\"https:\\\/\\\/lescollectionsprivees.com\\\/parfum\\\/shahrazad-lattafa-perfumes\\\/#primaryimage\",\"url\":\"https:\\\/\\\/lescollectionsprivees.com\\\/wp-content\\\/uploads\\\/2020\\\/02\\\/Shahrazad-Ard-Al-Zaafaran-Les-Collections-Priv\u00e9es.jpg\",\"contentUrl\":\"https:\\\/\\\/lescollectionsprivees.com\\\/wp-content\\\/uploads\\\/2020\\\/02\\\/Shahrazad-Ard-Al-Zaafaran-Les-Collections-Priv\u00e9es.jpg\",\"width\":521,\"height\":695,\"caption\":\"Shahrazad - Ard Al Zaafaran - Les Collections Priv\u00e9es\"},{\"@type\":\"BreadcrumbList\",\"@id\":\"https:\\\/\\\/lescollectionsprivees.com\\\/parfum\\\/shahrazad-lattafa-perfumes\\\/#breadcrumb\",\"itemListElement\":[{\"@type\":\"ListItem\",\"position\":1,\"name\":\"Accueil\",\"item\":\"https:\\\/\\\/lescollectionsprivees.com\\\/\"},{\"@type\":\"ListItem\",\"position\":2,\"name\":\"Boutique\",\"item\":\"https:\\\/\\\/lescollectionsprivees.com\\\/boutique\\\/\"},{\"@type\":\"ListItem\",\"position\":3,\"name\":\"Shahrazad &#8211; Lattafa Perfumes\"}]},{\"@type\":\"WebSite\",\"@id\":\"https:\\\/\\\/lescollectionsprivees.com\\\/#website\",\"url\":\"https:\\\/\\\/lescollectionsprivees.com\\\/\",\"name\":\"Les Collections Priv\u00e9es\",\"description\":\"\",\"publisher\":{\"@id\":\"https:\\\/\\\/lescollectionsprivees.com\\\/#organization\"},\"potentialAction\":[{\"@type\":\"SearchAction\",\"target\":{\"@type\":\"EntryPoint\",\"urlTemplate\":\"https:\\\/\\\/lescollectionsprivees.com\\\/?s={search_term_string}\"},\"query-input\":{\"@type\":\"PropertyValueSpecification\",\"valueRequired\":true,\"valueName\":\"search_term_string\"}}],\"inLanguage\":\"de\"},{\"@type\":\"Organization\",\"@id\":\"https:\\\/\\\/lescollectionsprivees.com\\\/#organization\",\"name\":\"Les Collections Priv\u00e9es\",\"url\":\"https:\\\/\\\/lescollectionsprivees.com\\\/\",\"logo\":{\"@type\":\"ImageObject\",\"inLanguage\":\"de\",\"@id\":\"https:\\\/\\\/lescollectionsprivees.com\\\/#\\\/schema\\\/logo\\\/image\\\/\",\"url\":\"https:\\\/\\\/lescollectionsprivees.com\\\/wp-content\\\/uploads\\\/2020\\\/02\\\/Logo-Les-Collections-Priv\u00e9es-450x450-1.png\",\"contentUrl\":\"https:\\\/\\\/lescollectionsprivees.com\\\/wp-content\\\/uploads\\\/2020\\\/02\\\/Logo-Les-Collections-Priv\u00e9es-450x450-1.png\",\"width\":450,\"height\":450,\"caption\":\"Les Collections Priv\u00e9es\"},\"image\":{\"@id\":\"https:\\\/\\\/lescollectionsprivees.com\\\/#\\\/schema\\\/logo\\\/image\\\/\"}}]}<\/script>\n<!-- \/ Yoast SEO plugin. -->","yoast_head_json":{"title":"Shahrazad von Lattafa Perfumes in 100 ml - Private Collections","description":"Shahrazad von Lattafa Perfumes hat das Zeug zu einem verf\u00fchrerischen Meisterwerk. Und das merkt man schon in den ersten Momenten. Um ihn zu entdecken, klicken Sie hier!","robots":{"index":"index","follow":"follow","max-snippet":"max-snippet:-1","max-image-preview":"max-image-preview:large","max-video-preview":"max-video-preview:-1"},"canonical":"https:\/\/lescollectionsprivees.com\/de\/duft\/shahrazad-lattafa-perfumes\/","og_locale":"de_DE","og_type":"article","og_title":"Shahrazad de Lattafa Perfumes en 100 ml - Les Collections Priv\u00e9es","og_description":"Shahrazad\u00a0de Lattafa Perfumes a tout d\u2019un chef-d\u2019\u0153uvre de s\u00e9duction. Et on s\u2019en rend bien compte d\u00e8s les premiers instants. Pour le d\u00e9couvrir, cliquez ici !","og_url":"https:\/\/lescollectionsprivees.com\/de\/duft\/shahrazad-lattafa-perfumes\/","og_site_name":"Les Collections Priv\u00e9es","article_modified_time":"2024-08-23T09:00:30+00:00","og_image":[{"width":521,"height":695,"url":"https:\/\/lescollectionsprivees.com\/wp-content\/uploads\/2020\/02\/Shahrazad-Ard-Al-Zaafaran-Les-Collections-Priv\u00e9es.jpg","type":"image\/jpeg"}],"twitter_card":"summary_large_image","twitter_misc":{"Gesch\u00e4tzte Lesezeit":"2\u00a0Minuten"},"schema":{"@context":"https:\/\/schema.org","@graph":[{"@type":"WebPage","@id":"https:\/\/lescollectionsprivees.com\/parfum\/shahrazad-lattafa-perfumes\/","url":"https:\/\/lescollectionsprivees.com\/parfum\/shahrazad-lattafa-perfumes\/","name":"Shahrazad von Lattafa Perfumes in 100 ml - Private Collections","isPartOf":{"@id":"https:\/\/lescollectionsprivees.com\/#website"},"primaryImageOfPage":{"@id":"https:\/\/lescollectionsprivees.com\/parfum\/shahrazad-lattafa-perfumes\/#primaryimage"},"image":{"@id":"https:\/\/lescollectionsprivees.com\/parfum\/shahrazad-lattafa-perfumes\/#primaryimage"},"thumbnailUrl":"https:\/\/lescollectionsprivees.com\/wp-content\/uploads\/2020\/02\/Shahrazad-Ard-Al-Zaafaran-Les-Collections-Priv\u00e9es.jpg","datePublished":"2020-02-06T12:41:15+00:00","dateModified":"2024-08-23T09:00:30+00:00","description":"Shahrazad von Lattafa Perfumes hat das Zeug zu einem verf\u00fchrerischen Meisterwerk. Und das merkt man schon in den ersten Momenten. Um ihn zu entdecken, klicken Sie hier!","breadcrumb":{"@id":"https:\/\/lescollectionsprivees.com\/parfum\/shahrazad-lattafa-perfumes\/#breadcrumb"},"inLanguage":"de","potentialAction":[{"@type":"ReadAction","target":["https:\/\/lescollectionsprivees.com\/parfum\/shahrazad-lattafa-perfumes\/"]}]},{"@type":"ImageObject","inLanguage":"de","@id":"https:\/\/lescollectionsprivees.com\/parfum\/shahrazad-lattafa-perfumes\/#primaryimage","url":"https:\/\/lescollectionsprivees.com\/wp-content\/uploads\/2020\/02\/Shahrazad-Ard-Al-Zaafaran-Les-Collections-Priv\u00e9es.jpg","contentUrl":"https:\/\/lescollectionsprivees.com\/wp-content\/uploads\/2020\/02\/Shahrazad-Ard-Al-Zaafaran-Les-Collections-Priv\u00e9es.jpg","width":521,"height":695,"caption":"Shahrazad - Ard Al Zaafaran - Les Collections Priv\u00e9es"},{"@type":"BreadcrumbList","@id":"https:\/\/lescollectionsprivees.com\/parfum\/shahrazad-lattafa-perfumes\/#breadcrumb","itemListElement":[{"@type":"ListItem","position":1,"name":"Accueil","item":"https:\/\/lescollectionsprivees.com\/"},{"@type":"ListItem","position":2,"name":"Boutique","item":"https:\/\/lescollectionsprivees.com\/boutique\/"},{"@type":"ListItem","position":3,"name":"Shahrazad &#8211; Lattafa Perfumes"}]},{"@type":"WebSite","@id":"https:\/\/lescollectionsprivees.com\/#website","url":"https:\/\/lescollectionsprivees.com\/","name":"Private Sammlungen","description":"","publisher":{"@id":"https:\/\/lescollectionsprivees.com\/#organization"},"potentialAction":[{"@type":"SearchAction","target":{"@type":"EntryPoint","urlTemplate":"https:\/\/lescollectionsprivees.com\/?s={search_term_string}"},"query-input":{"@type":"PropertyValueSpecification","valueRequired":true,"valueName":"search_term_string"}}],"inLanguage":"de"},{"@type":"Organization","@id":"https:\/\/lescollectionsprivees.com\/#organization","name":"Private Sammlungen","url":"https:\/\/lescollectionsprivees.com\/","logo":{"@type":"ImageObject","inLanguage":"de","@id":"https:\/\/lescollectionsprivees.com\/#\/schema\/logo\/image\/","url":"https:\/\/lescollectionsprivees.com\/wp-content\/uploads\/2020\/02\/Logo-Les-Collections-Priv\u00e9es-450x450-1.png","contentUrl":"https:\/\/lescollectionsprivees.com\/wp-content\/uploads\/2020\/02\/Logo-Les-Collections-Priv\u00e9es-450x450-1.png","width":450,"height":450,"caption":"Les Collections Priv\u00e9es"},"image":{"@id":"https:\/\/lescollectionsprivees.com\/#\/schema\/logo\/image\/"}}]}},"_links":{"self":[{"href":"https:\/\/lescollectionsprivees.com\/de\/wp-json\/wp\/v2\/product\/6329","targetHints":{"allow":["GET"]}}],"collection":[{"href":"https:\/\/lescollectionsprivees.com\/de\/wp-json\/wp\/v2\/product"}],"about":[{"href":"https:\/\/lescollectionsprivees.com\/de\/wp-json\/wp\/v2\/types\/product"}],"wp:featuredmedia":[{"embeddable":true,"href":"https:\/\/lescollectionsprivees.com\/de\/wp-json\/wp\/v2\/media\/8359"}],"wp:attachment":[{"href":"https:\/\/lescollectionsprivees.com\/de\/wp-json\/wp\/v2\/media?parent=6329"}],"wp:term":[{"taxonomy":"product_brand","embeddable":true,"href":"https:\/\/lescollectionsprivees.com\/de\/wp-json\/wp\/v2\/product_brand?post=6329"},{"taxonomy":"product_cat","embeddable":true,"href":"https:\/\/lescollectionsprivees.com\/de\/wp-json\/wp\/v2\/product_cat?post=6329"},{"taxonomy":"product_tag","embeddable":true,"href":"https:\/\/lescollectionsprivees.com\/de\/wp-json\/wp\/v2\/product_tag?post=6329"}],"curies":[{"name":"wp","href":"https:\/\/api.w.org\/{rel}","templated":true}]}}