{"id":6370,"date":"2020-02-06T12:41:24","date_gmt":"2020-02-06T12:41:24","guid":{"rendered":"https:\/\/lescollectionsprivees.com\/produit\/import-placeholder-for-1887\/"},"modified":"2025-11-07T16:02:54","modified_gmt":"2025-11-07T16:02:54","slug":"intesar-al-hub-ard-al-zaafaran","status":"publish","type":"product","link":"https:\/\/lescollectionsprivees.com\/de\/parfum\/intesar-al-hub-ard-al-zaafaran\/","title":{"rendered":"Intesar Al Hub - Ard Al Zaafaran"},"content":{"rendered":"<h2>Intesar Al Hub de Ard Al Zaafaran<\/h2>\n<p>Der fesselnde und sinnliche Intesar Al Hub von Ard Al Zaafaran begeistert Liebhaber gro\u00dfer orientalischer Parfums, nicht zuletzt mithilfe seiner zarten und pr\u00e4chtigen D\u00fcfte. Sie tr\u00e4umen davon, einen luxuri\u00f6sen Duft zu tragen, um sich elegant und wohl in Ihrer Haut zu f\u00fchlen. Au\u00dferdem lieben Sie es, gute Ger\u00fcche einzuatmen und sie mit anderen zu teilen. Dann genie\u00dfen Sie diesen herrlichen Duft aus Dubai, der Sie und Ihre Mitmenschen mit Gl\u00fcckseligkeit erf\u00fcllen wird. Entdecken Sie die wunderbaren Aromen von Zucker, Amber, Holz und Blumen, die bereit sind, Ihre Sinne zu wecken und Ihr Herz zu erweichen.<\/p>\n<h2>Ein erschwingliches und vern\u00fcnftiges Luxusparfum<\/h2>\n<p>Trotz seines sehr g\u00fcnstigen Preises besteht Intesar Al Hub von Ard Al Zaafaran aus einem der renommiertesten Luxusparfums des Nahen Ostens. Das ber\u00fchmte Parf\u00fcmhaus aus den Vereinigten Arabischen Emiraten hat es geschafft, einen Duft mit au\u00dfergew\u00f6hnlichen Qualit\u00e4ten zu entwerfen, der dennoch f\u00fcr die \u00d6ffentlichkeit zug\u00e4nglich ist. Die Komposition besteht aus hochwertigen Zutaten, die sorgf\u00e4ltig ausgew\u00e4hlt wurden, um einen sensationellen Duft zu erzeugen.<\/p>\n<p>Dieser liefert Ihnen ein wunderbares Duftbouquet mit Noten von Vanille, Amber, Sandelholz und Gardenie. Diese s\u00fc\u00dfen, saftigen D\u00fcfte bet\u00f6ren und verzaubern jede Nase, die sich im Horizont befindet. So haben Sie die M\u00f6glichkeit, einen wertvollen und modernen orientalischen Duft zu probieren, ohne all Ihre Ersparnisse auszugeben.<\/p>\n<h2>Absolute Sinnlichkeit und Raffinesse<\/h2>\n<p>Egal, ob Sie ein Mann oder eine Frau sind, Sie werden die attraktiven und klaren Eigenschaften dieses erhabenen Duftes sicher zu sch\u00e4tzen wissen. Sie werden Ihre sexy und galante Seite mit Leichtigkeit hervorheben, ohne Ihre Identit\u00e4t zu verlieren.<\/p>\n<p>Dieses luxuri\u00f6se Parfum hat eine intensive Sillage und eine breite Projektion. Das bedeutet, dass Sie den fantastischen Duft leicht und stundenlang verstr\u00f6men k\u00f6nnen. Sie werden sich \u00fcberall wohlf\u00fchlen, egal ob im Beruf oder im Privatleben.<\/p>","protected":false},"excerpt":{"rendered":"<p><strong><u>Technische Daten :<\/u><\/strong><\/p>\n<p><strong>Name des Duftes<\/strong>\u00a0: Intesar Al Hub<br \/>\n<strong>Marke<\/strong>\u00a0: Ard Al Zaafaran<br \/>\n<strong>Genre<\/strong>\u00a0: Unisex<br \/>\n<strong>Inhalt<\/strong>\u00a0: 100 mL<\/p>\n<p><span style=\"text-decoration: underline;\"><strong>Olfaktorisches Profil<\/strong>\u00a0:<\/span><\/p>\n<p>Noten von Vanille, Amber, Sandelholz und Gardenie.<\/p>","protected":false},"featured_media":7266,"template":"","meta":[],"product_brand":[],"product_cat":[274,15],"product_tag":[],"class_list":{"0":"post-6370","1":"product","2":"type-product","3":"status-publish","4":"has-post-thumbnail","6":"product_cat-ard-al-zaafaran","7":"product_cat-parfums-de-dubai","8":"pa_marque-ard-al-zaafaran","10":"first","11":"outofstock","12":"taxable","13":"shipping-taxable","14":"purchasable","15":"product-type-simple"},"yoast_head":"<!-- This site is optimized with the Yoast SEO plugin v27.5 - https:\/\/yoast.com\/product\/yoast-seo-wordpress\/ -->\n<title>Intesar Al Hub de Ard Al Zaafaran en 100ml - Les Collections Priv\u00e9es<\/title>\n<meta name=\"description\" content=\"Captivant et sensuel, Intesar Al Hub de Ard Al Zaafaran passionne les amateurs de parfums orientaux avec ses senteurs somptueuses. D\u00e9couvrez-le vite\u00a0!\" \/>\n<meta name=\"robots\" content=\"index, follow, max-snippet:-1, max-image-preview:large, max-video-preview:-1\" \/>\n<link rel=\"canonical\" href=\"https:\/\/lescollectionsprivees.com\/de\/duft\/intesar-al-hub-ard-al-zaafaran\/\" \/>\n<meta property=\"og:locale\" content=\"de_DE\" \/>\n<meta property=\"og:type\" content=\"article\" \/>\n<meta property=\"og:title\" content=\"Intesar Al Hub de Ard Al Zaafaran en 100ml - Les Collections Priv\u00e9es\" \/>\n<meta property=\"og:description\" content=\"Captivant et sensuel, Intesar Al Hub de Ard Al Zaafaran passionne les amateurs de parfums orientaux avec ses senteurs somptueuses. D\u00e9couvrez-le vite\u00a0!\" \/>\n<meta property=\"og:url\" content=\"https:\/\/lescollectionsprivees.com\/de\/duft\/intesar-al-hub-ard-al-zaafaran\/\" \/>\n<meta property=\"og:site_name\" content=\"Les Collections Priv\u00e9es\" \/>\n<meta property=\"article:modified_time\" content=\"2025-11-07T16:02:54+00:00\" \/>\n<meta property=\"og:image\" content=\"https:\/\/lescollectionsprivees.com\/wp-content\/uploads\/2020\/02\/Intesar-Al-Hub-Ard-Al-Zaafaran-Les-Collections-Priv\u00e9es.png\" \/>\n\t<meta property=\"og:image:width\" content=\"521\" \/>\n\t<meta property=\"og:image:height\" content=\"695\" \/>\n\t<meta property=\"og:image:type\" content=\"image\/png\" \/>\n<meta name=\"twitter:card\" content=\"summary_large_image\" \/>\n<meta name=\"twitter:label1\" content=\"Gesch\u00e4tzte Lesezeit\" \/>\n\t<meta name=\"twitter:data1\" content=\"2\u00a0Minuten\" \/>\n<script type=\"application\/ld+json\" class=\"yoast-schema-graph\">{\"@context\":\"https:\\\/\\\/schema.org\",\"@graph\":[{\"@type\":\"WebPage\",\"@id\":\"https:\\\/\\\/lescollectionsprivees.com\\\/parfum\\\/intesar-al-hub-ard-al-zaafaran\\\/\",\"url\":\"https:\\\/\\\/lescollectionsprivees.com\\\/parfum\\\/intesar-al-hub-ard-al-zaafaran\\\/\",\"name\":\"Intesar Al Hub de Ard Al Zaafaran en 100ml - Les Collections Priv\u00e9es\",\"isPartOf\":{\"@id\":\"https:\\\/\\\/lescollectionsprivees.com\\\/#website\"},\"primaryImageOfPage\":{\"@id\":\"https:\\\/\\\/lescollectionsprivees.com\\\/parfum\\\/intesar-al-hub-ard-al-zaafaran\\\/#primaryimage\"},\"image\":{\"@id\":\"https:\\\/\\\/lescollectionsprivees.com\\\/parfum\\\/intesar-al-hub-ard-al-zaafaran\\\/#primaryimage\"},\"thumbnailUrl\":\"https:\\\/\\\/lescollectionsprivees.com\\\/wp-content\\\/uploads\\\/2020\\\/02\\\/Intesar-Al-Hub-Ard-Al-Zaafaran-Les-Collections-Priv\u00e9es.png\",\"datePublished\":\"2020-02-06T12:41:24+00:00\",\"dateModified\":\"2025-11-07T16:02:54+00:00\",\"description\":\"Captivant et sensuel, Intesar Al Hub de Ard Al Zaafaran passionne les amateurs de parfums orientaux avec ses senteurs somptueuses. D\u00e9couvrez-le vite\u00a0!\",\"breadcrumb\":{\"@id\":\"https:\\\/\\\/lescollectionsprivees.com\\\/parfum\\\/intesar-al-hub-ard-al-zaafaran\\\/#breadcrumb\"},\"inLanguage\":\"de\",\"potentialAction\":[{\"@type\":\"ReadAction\",\"target\":[\"https:\\\/\\\/lescollectionsprivees.com\\\/parfum\\\/intesar-al-hub-ard-al-zaafaran\\\/\"]}]},{\"@type\":\"ImageObject\",\"inLanguage\":\"de\",\"@id\":\"https:\\\/\\\/lescollectionsprivees.com\\\/parfum\\\/intesar-al-hub-ard-al-zaafaran\\\/#primaryimage\",\"url\":\"https:\\\/\\\/lescollectionsprivees.com\\\/wp-content\\\/uploads\\\/2020\\\/02\\\/Intesar-Al-Hub-Ard-Al-Zaafaran-Les-Collections-Priv\u00e9es.png\",\"contentUrl\":\"https:\\\/\\\/lescollectionsprivees.com\\\/wp-content\\\/uploads\\\/2020\\\/02\\\/Intesar-Al-Hub-Ard-Al-Zaafaran-Les-Collections-Priv\u00e9es.png\",\"width\":521,\"height\":695,\"caption\":\"Intesar Al Hub - Ard Al Zaafaran - Les Collections Priv\u00e9es\"},{\"@type\":\"BreadcrumbList\",\"@id\":\"https:\\\/\\\/lescollectionsprivees.com\\\/parfum\\\/intesar-al-hub-ard-al-zaafaran\\\/#breadcrumb\",\"itemListElement\":[{\"@type\":\"ListItem\",\"position\":1,\"name\":\"Accueil\",\"item\":\"https:\\\/\\\/lescollectionsprivees.com\\\/\"},{\"@type\":\"ListItem\",\"position\":2,\"name\":\"Boutique\",\"item\":\"https:\\\/\\\/lescollectionsprivees.com\\\/boutique\\\/\"},{\"@type\":\"ListItem\",\"position\":3,\"name\":\"Intesar Al Hub &#8211; Ard Al Zaafaran\"}]},{\"@type\":\"WebSite\",\"@id\":\"https:\\\/\\\/lescollectionsprivees.com\\\/#website\",\"url\":\"https:\\\/\\\/lescollectionsprivees.com\\\/\",\"name\":\"Les Collections Priv\u00e9es\",\"description\":\"\",\"publisher\":{\"@id\":\"https:\\\/\\\/lescollectionsprivees.com\\\/#organization\"},\"potentialAction\":[{\"@type\":\"SearchAction\",\"target\":{\"@type\":\"EntryPoint\",\"urlTemplate\":\"https:\\\/\\\/lescollectionsprivees.com\\\/?s={search_term_string}\"},\"query-input\":{\"@type\":\"PropertyValueSpecification\",\"valueRequired\":true,\"valueName\":\"search_term_string\"}}],\"inLanguage\":\"de\"},{\"@type\":\"Organization\",\"@id\":\"https:\\\/\\\/lescollectionsprivees.com\\\/#organization\",\"name\":\"Les Collections Priv\u00e9es\",\"url\":\"https:\\\/\\\/lescollectionsprivees.com\\\/\",\"logo\":{\"@type\":\"ImageObject\",\"inLanguage\":\"de\",\"@id\":\"https:\\\/\\\/lescollectionsprivees.com\\\/#\\\/schema\\\/logo\\\/image\\\/\",\"url\":\"https:\\\/\\\/lescollectionsprivees.com\\\/wp-content\\\/uploads\\\/2020\\\/02\\\/Logo-Les-Collections-Priv\u00e9es-450x450-1.png\",\"contentUrl\":\"https:\\\/\\\/lescollectionsprivees.com\\\/wp-content\\\/uploads\\\/2020\\\/02\\\/Logo-Les-Collections-Priv\u00e9es-450x450-1.png\",\"width\":450,\"height\":450,\"caption\":\"Les Collections Priv\u00e9es\"},\"image\":{\"@id\":\"https:\\\/\\\/lescollectionsprivees.com\\\/#\\\/schema\\\/logo\\\/image\\\/\"}}]}<\/script>\n<!-- \/ Yoast SEO plugin. -->","yoast_head_json":{"title":"Intesar Al Hub von Ard Al Zaafaran in 100ml - Private Collections","description":"Fesselnd und sinnlich: Intesar Al Hub von Ard Al Zaafaran begeistert mit seinen prachtvollen D\u00fcften die Liebhaber orientalischer Parfums. Entdecken Sie ihn schnell!","robots":{"index":"index","follow":"follow","max-snippet":"max-snippet:-1","max-image-preview":"max-image-preview:large","max-video-preview":"max-video-preview:-1"},"canonical":"https:\/\/lescollectionsprivees.com\/de\/duft\/intesar-al-hub-ard-al-zaafaran\/","og_locale":"de_DE","og_type":"article","og_title":"Intesar Al Hub de Ard Al Zaafaran en 100ml - Les Collections Priv\u00e9es","og_description":"Captivant et sensuel, Intesar Al Hub de Ard Al Zaafaran passionne les amateurs de parfums orientaux avec ses senteurs somptueuses. D\u00e9couvrez-le vite\u00a0!","og_url":"https:\/\/lescollectionsprivees.com\/de\/duft\/intesar-al-hub-ard-al-zaafaran\/","og_site_name":"Les Collections Priv\u00e9es","article_modified_time":"2025-11-07T16:02:54+00:00","og_image":[{"width":521,"height":695,"url":"https:\/\/lescollectionsprivees.com\/wp-content\/uploads\/2020\/02\/Intesar-Al-Hub-Ard-Al-Zaafaran-Les-Collections-Priv\u00e9es.png","type":"image\/png"}],"twitter_card":"summary_large_image","twitter_misc":{"Gesch\u00e4tzte Lesezeit":"2\u00a0Minuten"},"schema":{"@context":"https:\/\/schema.org","@graph":[{"@type":"WebPage","@id":"https:\/\/lescollectionsprivees.com\/parfum\/intesar-al-hub-ard-al-zaafaran\/","url":"https:\/\/lescollectionsprivees.com\/parfum\/intesar-al-hub-ard-al-zaafaran\/","name":"Intesar Al Hub von Ard Al Zaafaran in 100ml - Private Collections","isPartOf":{"@id":"https:\/\/lescollectionsprivees.com\/#website"},"primaryImageOfPage":{"@id":"https:\/\/lescollectionsprivees.com\/parfum\/intesar-al-hub-ard-al-zaafaran\/#primaryimage"},"image":{"@id":"https:\/\/lescollectionsprivees.com\/parfum\/intesar-al-hub-ard-al-zaafaran\/#primaryimage"},"thumbnailUrl":"https:\/\/lescollectionsprivees.com\/wp-content\/uploads\/2020\/02\/Intesar-Al-Hub-Ard-Al-Zaafaran-Les-Collections-Priv\u00e9es.png","datePublished":"2020-02-06T12:41:24+00:00","dateModified":"2025-11-07T16:02:54+00:00","description":"Fesselnd und sinnlich: Intesar Al Hub von Ard Al Zaafaran begeistert mit seinen prachtvollen D\u00fcften die Liebhaber orientalischer Parfums. Entdecken Sie ihn schnell!","breadcrumb":{"@id":"https:\/\/lescollectionsprivees.com\/parfum\/intesar-al-hub-ard-al-zaafaran\/#breadcrumb"},"inLanguage":"de","potentialAction":[{"@type":"ReadAction","target":["https:\/\/lescollectionsprivees.com\/parfum\/intesar-al-hub-ard-al-zaafaran\/"]}]},{"@type":"ImageObject","inLanguage":"de","@id":"https:\/\/lescollectionsprivees.com\/parfum\/intesar-al-hub-ard-al-zaafaran\/#primaryimage","url":"https:\/\/lescollectionsprivees.com\/wp-content\/uploads\/2020\/02\/Intesar-Al-Hub-Ard-Al-Zaafaran-Les-Collections-Priv\u00e9es.png","contentUrl":"https:\/\/lescollectionsprivees.com\/wp-content\/uploads\/2020\/02\/Intesar-Al-Hub-Ard-Al-Zaafaran-Les-Collections-Priv\u00e9es.png","width":521,"height":695,"caption":"Intesar Al Hub - Ard Al Zaafaran - Les Collections Priv\u00e9es"},{"@type":"BreadcrumbList","@id":"https:\/\/lescollectionsprivees.com\/parfum\/intesar-al-hub-ard-al-zaafaran\/#breadcrumb","itemListElement":[{"@type":"ListItem","position":1,"name":"Accueil","item":"https:\/\/lescollectionsprivees.com\/"},{"@type":"ListItem","position":2,"name":"Boutique","item":"https:\/\/lescollectionsprivees.com\/boutique\/"},{"@type":"ListItem","position":3,"name":"Intesar Al Hub &#8211; Ard Al Zaafaran"}]},{"@type":"WebSite","@id":"https:\/\/lescollectionsprivees.com\/#website","url":"https:\/\/lescollectionsprivees.com\/","name":"Private Sammlungen","description":"","publisher":{"@id":"https:\/\/lescollectionsprivees.com\/#organization"},"potentialAction":[{"@type":"SearchAction","target":{"@type":"EntryPoint","urlTemplate":"https:\/\/lescollectionsprivees.com\/?s={search_term_string}"},"query-input":{"@type":"PropertyValueSpecification","valueRequired":true,"valueName":"search_term_string"}}],"inLanguage":"de"},{"@type":"Organization","@id":"https:\/\/lescollectionsprivees.com\/#organization","name":"Private Sammlungen","url":"https:\/\/lescollectionsprivees.com\/","logo":{"@type":"ImageObject","inLanguage":"de","@id":"https:\/\/lescollectionsprivees.com\/#\/schema\/logo\/image\/","url":"https:\/\/lescollectionsprivees.com\/wp-content\/uploads\/2020\/02\/Logo-Les-Collections-Priv\u00e9es-450x450-1.png","contentUrl":"https:\/\/lescollectionsprivees.com\/wp-content\/uploads\/2020\/02\/Logo-Les-Collections-Priv\u00e9es-450x450-1.png","width":450,"height":450,"caption":"Les Collections Priv\u00e9es"},"image":{"@id":"https:\/\/lescollectionsprivees.com\/#\/schema\/logo\/image\/"}}]}},"_links":{"self":[{"href":"https:\/\/lescollectionsprivees.com\/de\/wp-json\/wp\/v2\/product\/6370","targetHints":{"allow":["GET"]}}],"collection":[{"href":"https:\/\/lescollectionsprivees.com\/de\/wp-json\/wp\/v2\/product"}],"about":[{"href":"https:\/\/lescollectionsprivees.com\/de\/wp-json\/wp\/v2\/types\/product"}],"wp:featuredmedia":[{"embeddable":true,"href":"https:\/\/lescollectionsprivees.com\/de\/wp-json\/wp\/v2\/media\/7266"}],"wp:attachment":[{"href":"https:\/\/lescollectionsprivees.com\/de\/wp-json\/wp\/v2\/media?parent=6370"}],"wp:term":[{"taxonomy":"product_brand","embeddable":true,"href":"https:\/\/lescollectionsprivees.com\/de\/wp-json\/wp\/v2\/product_brand?post=6370"},{"taxonomy":"product_cat","embeddable":true,"href":"https:\/\/lescollectionsprivees.com\/de\/wp-json\/wp\/v2\/product_cat?post=6370"},{"taxonomy":"product_tag","embeddable":true,"href":"https:\/\/lescollectionsprivees.com\/de\/wp-json\/wp\/v2\/product_tag?post=6370"}],"curies":[{"name":"wp","href":"https:\/\/api.w.org\/{rel}","templated":true}]}}