{"id":6386,"date":"2020-02-06T12:41:31","date_gmt":"2020-02-06T12:41:31","guid":{"rendered":"https:\/\/lescollectionsprivees.com\/produit\/import-placeholder-for-2036\/"},"modified":"2023-04-24T20:26:37","modified_gmt":"2023-04-24T20:26:37","slug":"oud-mood-reminiscence-lattafa-perfumes","status":"publish","type":"product","link":"https:\/\/lescollectionsprivees.com\/de\/parfum\/oud-mood-reminiscence-lattafa-perfumes\/","title":{"rendered":"Oud Mood Reminiscence - Lattafa Perfumes"},"content":{"rendered":"<h2><strong>Oud Mood Reminiscence von Lattafa Perfumes<\/strong><\/h2>\n<p>Das Mindeste, was man sagen kann, ist, dass Lattafa Perfumes mit Oud Mood Reminiscence einen seiner ikonischen D\u00fcfte neu erfunden hat. Der Parf\u00fcmeur \u00fcberarbeitet seine beliebte Interpretation des Oud-Duftes und f\u00fcgt neue Noten hinzu, um unterschiedliche, aber ebenso berauschende Harmonien zu schaffen. Ein wahrer Cocktail aus fruchtigen, blumigen und holzigen D\u00fcften, der dem Oud in seiner ganzen Pracht als Wiege dient.<\/p>\n<h2><strong>Dem Oud eine neue Stimme geben<\/strong><\/h2>\n<p>Oud Mood Reminiscence setzt die Noten, aus denen es besteht, geschickt ein, um eine bemerkenswerte Symphonie zu schaffen. Die Kopfnoten aus Himbeere, Orange und Safran leiten die Frische und die fruchtigen Noten ein. Eine klare und belebende Er\u00f6ffnung, die den Herznoten den Vortritt l\u00e4sst. Hier sind es die verschiedenen Gew\u00fcrze: Lorbeer, Muskat oder Kardamom, die mit Amber, Geranie und Lavendel harmonieren, um Sie auf ein bet\u00f6rendes olfaktorisches Abenteuer zu entf\u00fchren. Schlie\u00dflich schaffen die Basisnoten mit einer starken Holzdominanz die robuste Grundlage, auf der dieses Parfum aufbaut.<\/p>\n<p>Diese Duftharmonie dient vor allem dazu, Oud in einem v\u00f6llig neuen Kontext in den Vordergrund zu stellen. F\u00fcr diejenigen, die die D\u00fcfte von Lattafa gewohnt sind, ist es ein vertrauter, aber v\u00f6llig neuer Duft, der sich den Sinnen darbietet.<\/p>\n<h2><strong>Komplex und vielseitig <\/strong><\/h2>\n<p>Mit einer ordentlichen Projektion und einer bemerkenswerten Langlebigkeit steigt Oud Mood Reminiscence von Lattafa Perfumes in die Riege der erstklassigen Parfums auf. Es ist ein komplexer Duft, der an ein blumiges, w\u00fcrziges, fruchtiges und immer frisches Erbe erinnert. Ein Duft, der Frauen und M\u00e4nner gleicherma\u00dfen anspricht und zu allen Anl\u00e4ssen des Lebens passt; von den formellsten bis zu den legersten...<\/p>","protected":false},"excerpt":{"rendered":"<p><strong><u>Technische Daten : <\/u><\/strong><\/p>\n<p><strong>Name des Duftes<\/strong> : Oud Mood Reminiscence<br \/>\n<strong>Marke<\/strong> : Lattafa Perfumes<br \/>\n<strong>Genre<\/strong> : Unisex<br \/>\n<strong>Inhalt<\/strong> : 100 mL<\/p>\n<p><span style=\"text-decoration: underline;\"><strong>Olfaktorisches Profil<\/strong> :<\/span><\/p>\n<p><strong>Kopf<\/strong> : Safran, Himbeere<br \/>\n<strong>Herz<\/strong> : Kardamom, Geranium<br \/>\n<strong>Hintergrund<\/strong> : Sandelholz, Zedernholz, Vetiver, Moschus und Oud<\/p>","protected":false},"featured_media":8335,"template":"","meta":[],"product_brand":[],"product_cat":[227,15],"product_tag":[],"class_list":{"0":"post-6386","1":"product","2":"type-product","3":"status-publish","4":"has-post-thumbnail","6":"product_cat-parfum-lattafa","7":"product_cat-parfums-de-dubai","8":"pa_marque-lattafa-perfumes","10":"first","11":"instock","12":"taxable","13":"shipping-taxable","14":"purchasable","15":"product-type-simple"},"yoast_head":"<!-- This site is optimized with the Yoast SEO plugin v27.5 - https:\/\/yoast.com\/product\/yoast-seo-wordpress\/ -->\n<title>Oud Mood Reminiscence de Lattafa en 100ml - Les Collections Priv\u00e9es<\/title>\n<meta name=\"description\" content=\"Oud Mood Reminiscence de Lattafa Perfumes est un v\u00e9ritable cocktail de senteurs fruit\u00e9es, fleuries et bois\u00e9es. Venez vite le d\u00e9couvrir !\" \/>\n<meta name=\"robots\" content=\"index, follow, max-snippet:-1, max-image-preview:large, max-video-preview:-1\" \/>\n<link rel=\"canonical\" href=\"https:\/\/lescollectionsprivees.com\/de\/duft\/oud-mood-reminiscence-lattafa-perfumes\/\" \/>\n<meta property=\"og:locale\" content=\"de_DE\" \/>\n<meta property=\"og:type\" content=\"article\" \/>\n<meta property=\"og:title\" content=\"Oud Mood Reminiscence de Lattafa en 100ml - Les Collections Priv\u00e9es\" \/>\n<meta property=\"og:description\" content=\"Oud Mood Reminiscence de Lattafa Perfumes est un v\u00e9ritable cocktail de senteurs fruit\u00e9es, fleuries et bois\u00e9es. Venez vite le d\u00e9couvrir !\" \/>\n<meta property=\"og:url\" content=\"https:\/\/lescollectionsprivees.com\/de\/duft\/oud-mood-reminiscence-lattafa-perfumes\/\" \/>\n<meta property=\"og:site_name\" content=\"Les Collections Priv\u00e9es\" \/>\n<meta property=\"article:modified_time\" content=\"2023-04-24T20:26:37+00:00\" \/>\n<meta property=\"og:image\" content=\"https:\/\/lescollectionsprivees.com\/wp-content\/uploads\/2020\/02\/Oud-Mood-Reminiscence-Lattafa-Perfumes-Les-Collections-Priv\u00e9es.jpg\" \/>\n\t<meta property=\"og:image:width\" content=\"521\" \/>\n\t<meta property=\"og:image:height\" content=\"695\" \/>\n\t<meta property=\"og:image:type\" content=\"image\/jpeg\" \/>\n<meta name=\"twitter:card\" content=\"summary_large_image\" \/>\n<meta name=\"twitter:label1\" content=\"Gesch\u00e4tzte Lesezeit\" \/>\n\t<meta name=\"twitter:data1\" content=\"2\u00a0Minuten\" \/>\n<script type=\"application\/ld+json\" class=\"yoast-schema-graph\">{\"@context\":\"https:\\\/\\\/schema.org\",\"@graph\":[{\"@type\":\"WebPage\",\"@id\":\"https:\\\/\\\/lescollectionsprivees.com\\\/parfum\\\/oud-mood-reminiscence-lattafa-perfumes\\\/\",\"url\":\"https:\\\/\\\/lescollectionsprivees.com\\\/parfum\\\/oud-mood-reminiscence-lattafa-perfumes\\\/\",\"name\":\"Oud Mood Reminiscence de Lattafa en 100ml - Les Collections Priv\u00e9es\",\"isPartOf\":{\"@id\":\"https:\\\/\\\/lescollectionsprivees.com\\\/#website\"},\"primaryImageOfPage\":{\"@id\":\"https:\\\/\\\/lescollectionsprivees.com\\\/parfum\\\/oud-mood-reminiscence-lattafa-perfumes\\\/#primaryimage\"},\"image\":{\"@id\":\"https:\\\/\\\/lescollectionsprivees.com\\\/parfum\\\/oud-mood-reminiscence-lattafa-perfumes\\\/#primaryimage\"},\"thumbnailUrl\":\"https:\\\/\\\/lescollectionsprivees.com\\\/wp-content\\\/uploads\\\/2020\\\/02\\\/Oud-Mood-Reminiscence-Lattafa-Perfumes-Les-Collections-Priv\u00e9es.jpg\",\"datePublished\":\"2020-02-06T12:41:31+00:00\",\"dateModified\":\"2023-04-24T20:26:37+00:00\",\"description\":\"Oud Mood Reminiscence de Lattafa Perfumes est un v\u00e9ritable cocktail de senteurs fruit\u00e9es, fleuries et bois\u00e9es. Venez vite le d\u00e9couvrir !\",\"breadcrumb\":{\"@id\":\"https:\\\/\\\/lescollectionsprivees.com\\\/parfum\\\/oud-mood-reminiscence-lattafa-perfumes\\\/#breadcrumb\"},\"inLanguage\":\"de\",\"potentialAction\":[{\"@type\":\"ReadAction\",\"target\":[\"https:\\\/\\\/lescollectionsprivees.com\\\/parfum\\\/oud-mood-reminiscence-lattafa-perfumes\\\/\"]}]},{\"@type\":\"ImageObject\",\"inLanguage\":\"de\",\"@id\":\"https:\\\/\\\/lescollectionsprivees.com\\\/parfum\\\/oud-mood-reminiscence-lattafa-perfumes\\\/#primaryimage\",\"url\":\"https:\\\/\\\/lescollectionsprivees.com\\\/wp-content\\\/uploads\\\/2020\\\/02\\\/Oud-Mood-Reminiscence-Lattafa-Perfumes-Les-Collections-Priv\u00e9es.jpg\",\"contentUrl\":\"https:\\\/\\\/lescollectionsprivees.com\\\/wp-content\\\/uploads\\\/2020\\\/02\\\/Oud-Mood-Reminiscence-Lattafa-Perfumes-Les-Collections-Priv\u00e9es.jpg\",\"width\":521,\"height\":695,\"caption\":\"Oud Mood Reminiscence - Lattafa Perfumes - Les Collections Priv\u00e9es\"},{\"@type\":\"BreadcrumbList\",\"@id\":\"https:\\\/\\\/lescollectionsprivees.com\\\/parfum\\\/oud-mood-reminiscence-lattafa-perfumes\\\/#breadcrumb\",\"itemListElement\":[{\"@type\":\"ListItem\",\"position\":1,\"name\":\"Accueil\",\"item\":\"https:\\\/\\\/lescollectionsprivees.com\\\/\"},{\"@type\":\"ListItem\",\"position\":2,\"name\":\"Boutique\",\"item\":\"https:\\\/\\\/lescollectionsprivees.com\\\/boutique\\\/\"},{\"@type\":\"ListItem\",\"position\":3,\"name\":\"Oud Mood Reminiscence &#8211; Lattafa Perfumes\"}]},{\"@type\":\"WebSite\",\"@id\":\"https:\\\/\\\/lescollectionsprivees.com\\\/#website\",\"url\":\"https:\\\/\\\/lescollectionsprivees.com\\\/\",\"name\":\"Les Collections Priv\u00e9es\",\"description\":\"\",\"publisher\":{\"@id\":\"https:\\\/\\\/lescollectionsprivees.com\\\/#organization\"},\"potentialAction\":[{\"@type\":\"SearchAction\",\"target\":{\"@type\":\"EntryPoint\",\"urlTemplate\":\"https:\\\/\\\/lescollectionsprivees.com\\\/?s={search_term_string}\"},\"query-input\":{\"@type\":\"PropertyValueSpecification\",\"valueRequired\":true,\"valueName\":\"search_term_string\"}}],\"inLanguage\":\"de\"},{\"@type\":\"Organization\",\"@id\":\"https:\\\/\\\/lescollectionsprivees.com\\\/#organization\",\"name\":\"Les Collections Priv\u00e9es\",\"url\":\"https:\\\/\\\/lescollectionsprivees.com\\\/\",\"logo\":{\"@type\":\"ImageObject\",\"inLanguage\":\"de\",\"@id\":\"https:\\\/\\\/lescollectionsprivees.com\\\/#\\\/schema\\\/logo\\\/image\\\/\",\"url\":\"https:\\\/\\\/lescollectionsprivees.com\\\/wp-content\\\/uploads\\\/2020\\\/02\\\/Logo-Les-Collections-Priv\u00e9es-450x450-1.png\",\"contentUrl\":\"https:\\\/\\\/lescollectionsprivees.com\\\/wp-content\\\/uploads\\\/2020\\\/02\\\/Logo-Les-Collections-Priv\u00e9es-450x450-1.png\",\"width\":450,\"height\":450,\"caption\":\"Les Collections Priv\u00e9es\"},\"image\":{\"@id\":\"https:\\\/\\\/lescollectionsprivees.com\\\/#\\\/schema\\\/logo\\\/image\\\/\"}}]}<\/script>\n<!-- \/ Yoast SEO plugin. -->","yoast_head_json":{"title":"Oud Mood Reminiscence von Lattafa in 100ml - Private Collections","description":"Oud Mood Reminiscence von Lattafa Perfumes ist ein wahrer Cocktail aus fruchtigen, blumigen und holzigen D\u00fcften. Kommen Sie schnell und entdecken Sie ihn!","robots":{"index":"index","follow":"follow","max-snippet":"max-snippet:-1","max-image-preview":"max-image-preview:large","max-video-preview":"max-video-preview:-1"},"canonical":"https:\/\/lescollectionsprivees.com\/de\/duft\/oud-mood-reminiscence-lattafa-perfumes\/","og_locale":"de_DE","og_type":"article","og_title":"Oud Mood Reminiscence de Lattafa en 100ml - Les Collections Priv\u00e9es","og_description":"Oud Mood Reminiscence de Lattafa Perfumes est un v\u00e9ritable cocktail de senteurs fruit\u00e9es, fleuries et bois\u00e9es. Venez vite le d\u00e9couvrir !","og_url":"https:\/\/lescollectionsprivees.com\/de\/duft\/oud-mood-reminiscence-lattafa-perfumes\/","og_site_name":"Les Collections Priv\u00e9es","article_modified_time":"2023-04-24T20:26:37+00:00","og_image":[{"width":521,"height":695,"url":"https:\/\/lescollectionsprivees.com\/wp-content\/uploads\/2020\/02\/Oud-Mood-Reminiscence-Lattafa-Perfumes-Les-Collections-Priv\u00e9es.jpg","type":"image\/jpeg"}],"twitter_card":"summary_large_image","twitter_misc":{"Gesch\u00e4tzte Lesezeit":"2\u00a0Minuten"},"schema":{"@context":"https:\/\/schema.org","@graph":[{"@type":"WebPage","@id":"https:\/\/lescollectionsprivees.com\/parfum\/oud-mood-reminiscence-lattafa-perfumes\/","url":"https:\/\/lescollectionsprivees.com\/parfum\/oud-mood-reminiscence-lattafa-perfumes\/","name":"Oud Mood Reminiscence von Lattafa in 100ml - Private Collections","isPartOf":{"@id":"https:\/\/lescollectionsprivees.com\/#website"},"primaryImageOfPage":{"@id":"https:\/\/lescollectionsprivees.com\/parfum\/oud-mood-reminiscence-lattafa-perfumes\/#primaryimage"},"image":{"@id":"https:\/\/lescollectionsprivees.com\/parfum\/oud-mood-reminiscence-lattafa-perfumes\/#primaryimage"},"thumbnailUrl":"https:\/\/lescollectionsprivees.com\/wp-content\/uploads\/2020\/02\/Oud-Mood-Reminiscence-Lattafa-Perfumes-Les-Collections-Priv\u00e9es.jpg","datePublished":"2020-02-06T12:41:31+00:00","dateModified":"2023-04-24T20:26:37+00:00","description":"Oud Mood Reminiscence von Lattafa Perfumes ist ein wahrer Cocktail aus fruchtigen, blumigen und holzigen D\u00fcften. Kommen Sie schnell und entdecken Sie ihn!","breadcrumb":{"@id":"https:\/\/lescollectionsprivees.com\/parfum\/oud-mood-reminiscence-lattafa-perfumes\/#breadcrumb"},"inLanguage":"de","potentialAction":[{"@type":"ReadAction","target":["https:\/\/lescollectionsprivees.com\/parfum\/oud-mood-reminiscence-lattafa-perfumes\/"]}]},{"@type":"ImageObject","inLanguage":"de","@id":"https:\/\/lescollectionsprivees.com\/parfum\/oud-mood-reminiscence-lattafa-perfumes\/#primaryimage","url":"https:\/\/lescollectionsprivees.com\/wp-content\/uploads\/2020\/02\/Oud-Mood-Reminiscence-Lattafa-Perfumes-Les-Collections-Priv\u00e9es.jpg","contentUrl":"https:\/\/lescollectionsprivees.com\/wp-content\/uploads\/2020\/02\/Oud-Mood-Reminiscence-Lattafa-Perfumes-Les-Collections-Priv\u00e9es.jpg","width":521,"height":695,"caption":"Oud Mood Reminiscence - Lattafa Perfumes - Les Collections Priv\u00e9es"},{"@type":"BreadcrumbList","@id":"https:\/\/lescollectionsprivees.com\/parfum\/oud-mood-reminiscence-lattafa-perfumes\/#breadcrumb","itemListElement":[{"@type":"ListItem","position":1,"name":"Accueil","item":"https:\/\/lescollectionsprivees.com\/"},{"@type":"ListItem","position":2,"name":"Boutique","item":"https:\/\/lescollectionsprivees.com\/boutique\/"},{"@type":"ListItem","position":3,"name":"Oud Mood Reminiscence &#8211; Lattafa Perfumes"}]},{"@type":"WebSite","@id":"https:\/\/lescollectionsprivees.com\/#website","url":"https:\/\/lescollectionsprivees.com\/","name":"Private Sammlungen","description":"","publisher":{"@id":"https:\/\/lescollectionsprivees.com\/#organization"},"potentialAction":[{"@type":"SearchAction","target":{"@type":"EntryPoint","urlTemplate":"https:\/\/lescollectionsprivees.com\/?s={search_term_string}"},"query-input":{"@type":"PropertyValueSpecification","valueRequired":true,"valueName":"search_term_string"}}],"inLanguage":"de"},{"@type":"Organization","@id":"https:\/\/lescollectionsprivees.com\/#organization","name":"Private Sammlungen","url":"https:\/\/lescollectionsprivees.com\/","logo":{"@type":"ImageObject","inLanguage":"de","@id":"https:\/\/lescollectionsprivees.com\/#\/schema\/logo\/image\/","url":"https:\/\/lescollectionsprivees.com\/wp-content\/uploads\/2020\/02\/Logo-Les-Collections-Priv\u00e9es-450x450-1.png","contentUrl":"https:\/\/lescollectionsprivees.com\/wp-content\/uploads\/2020\/02\/Logo-Les-Collections-Priv\u00e9es-450x450-1.png","width":450,"height":450,"caption":"Les Collections Priv\u00e9es"},"image":{"@id":"https:\/\/lescollectionsprivees.com\/#\/schema\/logo\/image\/"}}]}},"_links":{"self":[{"href":"https:\/\/lescollectionsprivees.com\/de\/wp-json\/wp\/v2\/product\/6386","targetHints":{"allow":["GET"]}}],"collection":[{"href":"https:\/\/lescollectionsprivees.com\/de\/wp-json\/wp\/v2\/product"}],"about":[{"href":"https:\/\/lescollectionsprivees.com\/de\/wp-json\/wp\/v2\/types\/product"}],"wp:featuredmedia":[{"embeddable":true,"href":"https:\/\/lescollectionsprivees.com\/de\/wp-json\/wp\/v2\/media\/8335"}],"wp:attachment":[{"href":"https:\/\/lescollectionsprivees.com\/de\/wp-json\/wp\/v2\/media?parent=6386"}],"wp:term":[{"taxonomy":"product_brand","embeddable":true,"href":"https:\/\/lescollectionsprivees.com\/de\/wp-json\/wp\/v2\/product_brand?post=6386"},{"taxonomy":"product_cat","embeddable":true,"href":"https:\/\/lescollectionsprivees.com\/de\/wp-json\/wp\/v2\/product_cat?post=6386"},{"taxonomy":"product_tag","embeddable":true,"href":"https:\/\/lescollectionsprivees.com\/de\/wp-json\/wp\/v2\/product_tag?post=6386"}],"curies":[{"name":"wp","href":"https:\/\/api.w.org\/{rel}","templated":true}]}}