{"id":6536,"date":"2020-02-06T12:41:55","date_gmt":"2020-02-06T12:41:55","guid":{"rendered":"https:\/\/lescollectionsprivees.com\/produit\/import-placeholder-for-2618\/"},"modified":"2026-04-18T17:51:46","modified_gmt":"2026-04-18T17:51:46","slug":"holz-digor-die-parfums-digor","status":"publish","type":"product","link":"https:\/\/lescollectionsprivees.com\/de\/parfum\/bois-digor-les-parfums-digor\/","title":{"rendered":"Bois d'Igor ( K\u00f6nigliche Prozession ) - Les Parfums d'Igor"},"content":{"rendered":"<p>Noch einmal,<strong> die Parf\u00fcms von Igor<\/strong> gelingt ein wahres Meisterst\u00fcck. Eine Harmonie sorgf\u00e4ltig ausgew\u00e4hlter D\u00fcfte, die ein bemerkenswertes Ganzes entstehen l\u00e4sst. <strong>Igor-Holz<\/strong> ist von der ikonischen Handwerkskunst der gro\u00dfen H\u00e4user inspiriert. Dieses Parfum ist im Vergleich zu seiner Qualit\u00e4t sehr preiswert und gilt als Meisterwerk der Parf\u00fcmeriewelt.<\/p>\n<p>Bez\u00fcglich der Duftnoten von\u00a0<strong>Igor Holz :<\/strong><\/p>\n<ul>\n<li><strong>Kopf :\u00a0<\/strong>Orangenessenz, Minzessenz, Bergamotteessenz<\/li>\n<li><strong>Herz :\u00a0<\/strong>Rosa Beeren-Essenz, Weihrauch-Essenz, Gurjum-Essenz<\/li>\n<li><strong>Hintergrund :\u00a0<\/strong>Iris, Zistrose und Vanille<\/li>\n<\/ul>\n<h2><strong>Igorholz: Eine delikate Alchemie<\/strong><\/h2>\n<p>Die Duftpyramide dieses Parfums ist ein wahres Labyrinth aus exotischen D\u00fcften und sehr vertrauten Noten. Ein sorgf\u00e4ltig durchdachtes Amalgam, das zu neuen Akkorden f\u00fchrt. St\u00e4ndig neue Harmonien und gekonnt hervorgehobene Noten. Mit der Kopfnote, die den Anfang macht, der Herznote, die die Pers\u00f6nlichkeit des Parfums pr\u00e4gt, und der Basisnote, die den Charakter des Duftes nachhaltig pr\u00e4gt, er\u00f6ffnet sich Ihnen ein v\u00f6llig neuer Horizont!<\/p>\n<p>Mit seiner bemerkenswerten Haltbarkeit auf der Haut und auf der Kleidung, <strong>Igor-Holz<\/strong> unterzeichnet\" <strong>Die D\u00fcfte von Igor<\/strong> \" erweist sich als w\u00fcrdig f\u00fcr hochkar\u00e4tige D\u00fcfte, ebenso wie der <a href=\"https:\/\/lescollectionsprivees.com\/de\/duft\/aisha-die-digor-parfums\/\"><strong>Aisha Parf\u00fcm<\/strong><\/a> aus der gleichen Kollektion. Sie m\u00fcssen nicht bef\u00fcrchten, dass Sie den ganzen Tag \u00fcber an Wirkung und Projektion verlieren. Und das dank der geschickten Auswahl der Inhaltsstoffe und ihrer perfekten Verwendung.<\/p>\n<p>Die Basisnote besteht aus einem harmonischen Gleichgewicht von beruhigenden und vertrauten D\u00fcften.<\/p>\n<h3><strong>Erobern Durch Qualit\u00e4t<\/strong><\/h3>\n<p>Jenseits von Tricksereien und historischem Ruf. Die <strong>Igors D\u00fcfte<\/strong> machen sich durch ihre Qualit\u00e4t einen Platz an der Spitze der Szene. Genie\u00dfen Sie den ganzen Reichtum von Bois d'Igor in vollen Z\u00fcgen und z\u00f6gern Sie nicht, es zu einem Hauptst\u00fcck Ihrer Sammlung zu machen. Ein Parfum mit einfachen All\u00fcren, das immer wieder \u00fcberraschen und erobern wird. Z\u00f6gern Sie also nicht, sich ein au\u00dfergew\u00f6hnliches Parfum zu g\u00f6nnen, das alle Ihre Erwartungen erf\u00fcllen wird und Ihnen den Horizont f\u00fcr neue Erfahrungen und D\u00fcfte \u00f6ffnet.<\/p>","protected":false},"excerpt":{"rendered":"<p><strong><u>Technische Daten :<\/u><\/strong><\/p>\n<p><strong>Name des Duftes<\/strong>\u00a0: Igor Holz<br \/>\n<strong>Marke<\/strong>\u00a0: Die D\u00fcfte von Igor<br \/>\n<strong>Genre<\/strong>\u00a0: Unisex<br \/>\n<strong>Inhalt<\/strong>\u00a0: 50 mL<\/p>\n<p><span style=\"text-decoration: underline;\"><strong>Duftnoten :<\/strong><\/span><\/p>\n<p><strong>Kopf :\u00a0<\/strong>Orangenessenz, Minzessenz, Bergamotteessenz<br \/>\n<strong>Herz :\u00a0<\/strong>Rosa Beeren-Essenz, Weihrauch-Essenz, Gurjum-Essenz<br \/>\n<strong>Hintergrund :\u00a0<\/strong>Iris, Zistrose und Vanille<\/p>","protected":false},"featured_media":6878,"template":"","meta":[],"product_brand":[],"product_cat":[108,101],"product_tag":[],"class_list":{"0":"post-6536","1":"product","2":"type-product","3":"status-publish","4":"has-post-thumbnail","6":"product_cat-les-parfums-digor","7":"product_cat-parfums-occidentaux","8":"pa_marque-les-parfums-digor","10":"first","11":"instock","12":"taxable","13":"shipping-taxable","14":"purchasable","15":"product-type-simple"},"yoast_head":"<!-- This site is optimized with the Yoast SEO plugin v27.5 - https:\/\/yoast.com\/product\/yoast-seo-wordpress\/ -->\n<title>Bois d&#039;Igor parfum longue dur\u00e9e en 50ml | Bon rapport qualit\u00e9 prix<\/title>\n<meta name=\"description\" content=\"Bois d&#039;Igor : ce parfum by Parfums d&#039;Igor prendra place dans votre quotidien. Commandez votre parfum pr\u00e9f\u00e9r\u00e9 sur les collectionsprivees.com !\" \/>\n<meta name=\"robots\" content=\"index, follow, max-snippet:-1, max-image-preview:large, max-video-preview:-1\" \/>\n<link rel=\"canonical\" href=\"https:\/\/lescollectionsprivees.com\/de\/duft\/holz-digor-die-parfums-digor\/\" \/>\n<meta property=\"og:locale\" content=\"de_DE\" \/>\n<meta property=\"og:type\" content=\"article\" \/>\n<meta property=\"og:title\" content=\"Bois d&#039;Igor parfum longue dur\u00e9e en 50ml | Bon rapport qualit\u00e9 prix\" \/>\n<meta property=\"og:description\" content=\"Bois d&#039;Igor : ce parfum by Parfums d&#039;Igor prendra place dans votre quotidien. Commandez votre parfum pr\u00e9f\u00e9r\u00e9 sur les collectionsprivees.com !\" \/>\n<meta property=\"og:url\" content=\"https:\/\/lescollectionsprivees.com\/de\/duft\/holz-digor-die-parfums-digor\/\" \/>\n<meta property=\"og:site_name\" content=\"Les Collections Priv\u00e9es\" \/>\n<meta property=\"article:modified_time\" content=\"2026-04-18T17:51:46+00:00\" \/>\n<meta property=\"og:image\" content=\"https:\/\/lescollectionsprivees.com\/wp-content\/uploads\/2020\/02\/Bois-dIgor-Les-Parfums-dIgor-Les-Collections-Priv\u00e9es.jpg\" \/>\n\t<meta property=\"og:image:width\" content=\"521\" \/>\n\t<meta property=\"og:image:height\" content=\"695\" \/>\n\t<meta property=\"og:image:type\" content=\"image\/jpeg\" \/>\n<meta name=\"twitter:card\" content=\"summary_large_image\" \/>\n<meta name=\"twitter:label1\" content=\"Gesch\u00e4tzte Lesezeit\" \/>\n\t<meta name=\"twitter:data1\" content=\"2\u00a0Minuten\" \/>\n<script type=\"application\/ld+json\" class=\"yoast-schema-graph\">{\"@context\":\"https:\\\/\\\/schema.org\",\"@graph\":[{\"@type\":\"WebPage\",\"@id\":\"https:\\\/\\\/lescollectionsprivees.com\\\/parfum\\\/bois-digor-les-parfums-digor\\\/\",\"url\":\"https:\\\/\\\/lescollectionsprivees.com\\\/parfum\\\/bois-digor-les-parfums-digor\\\/\",\"name\":\"Bois d'Igor parfum longue dur\u00e9e en 50ml | Bon rapport qualit\u00e9 prix\",\"isPartOf\":{\"@id\":\"https:\\\/\\\/lescollectionsprivees.com\\\/#website\"},\"primaryImageOfPage\":{\"@id\":\"https:\\\/\\\/lescollectionsprivees.com\\\/parfum\\\/bois-digor-les-parfums-digor\\\/#primaryimage\"},\"image\":{\"@id\":\"https:\\\/\\\/lescollectionsprivees.com\\\/parfum\\\/bois-digor-les-parfums-digor\\\/#primaryimage\"},\"thumbnailUrl\":\"https:\\\/\\\/lescollectionsprivees.com\\\/wp-content\\\/uploads\\\/2020\\\/02\\\/Bois-dIgor-Les-Parfums-dIgor-Les-Collections-Priv\u00e9es.jpg\",\"datePublished\":\"2020-02-06T12:41:55+00:00\",\"dateModified\":\"2026-04-18T17:51:46+00:00\",\"description\":\"Bois d'Igor : ce parfum by Parfums d'Igor prendra place dans votre quotidien. Commandez votre parfum pr\u00e9f\u00e9r\u00e9 sur les collectionsprivees.com !\",\"breadcrumb\":{\"@id\":\"https:\\\/\\\/lescollectionsprivees.com\\\/parfum\\\/bois-digor-les-parfums-digor\\\/#breadcrumb\"},\"inLanguage\":\"de\",\"potentialAction\":[{\"@type\":\"ReadAction\",\"target\":[\"https:\\\/\\\/lescollectionsprivees.com\\\/parfum\\\/bois-digor-les-parfums-digor\\\/\"]}]},{\"@type\":\"ImageObject\",\"inLanguage\":\"de\",\"@id\":\"https:\\\/\\\/lescollectionsprivees.com\\\/parfum\\\/bois-digor-les-parfums-digor\\\/#primaryimage\",\"url\":\"https:\\\/\\\/lescollectionsprivees.com\\\/wp-content\\\/uploads\\\/2020\\\/02\\\/Bois-dIgor-Les-Parfums-dIgor-Les-Collections-Priv\u00e9es.jpg\",\"contentUrl\":\"https:\\\/\\\/lescollectionsprivees.com\\\/wp-content\\\/uploads\\\/2020\\\/02\\\/Bois-dIgor-Les-Parfums-dIgor-Les-Collections-Priv\u00e9es.jpg\",\"width\":521,\"height\":695,\"caption\":\"Bois d'Igor - Les Parfums d'Igor - Les Collections Priv\u00e9es\"},{\"@type\":\"BreadcrumbList\",\"@id\":\"https:\\\/\\\/lescollectionsprivees.com\\\/parfum\\\/bois-digor-les-parfums-digor\\\/#breadcrumb\",\"itemListElement\":[{\"@type\":\"ListItem\",\"position\":1,\"name\":\"Accueil\",\"item\":\"https:\\\/\\\/lescollectionsprivees.com\\\/\"},{\"@type\":\"ListItem\",\"position\":2,\"name\":\"Boutique\",\"item\":\"https:\\\/\\\/lescollectionsprivees.com\\\/boutique\\\/\"},{\"@type\":\"ListItem\",\"position\":3,\"name\":\"Bois d&#8217;Igor ( Cort\u00e8ge Royal ) &#8211; Les Parfums d&#8217;Igor\"}]},{\"@type\":\"WebSite\",\"@id\":\"https:\\\/\\\/lescollectionsprivees.com\\\/#website\",\"url\":\"https:\\\/\\\/lescollectionsprivees.com\\\/\",\"name\":\"Les Collections Priv\u00e9es\",\"description\":\"\",\"publisher\":{\"@id\":\"https:\\\/\\\/lescollectionsprivees.com\\\/#organization\"},\"potentialAction\":[{\"@type\":\"SearchAction\",\"target\":{\"@type\":\"EntryPoint\",\"urlTemplate\":\"https:\\\/\\\/lescollectionsprivees.com\\\/?s={search_term_string}\"},\"query-input\":{\"@type\":\"PropertyValueSpecification\",\"valueRequired\":true,\"valueName\":\"search_term_string\"}}],\"inLanguage\":\"de\"},{\"@type\":\"Organization\",\"@id\":\"https:\\\/\\\/lescollectionsprivees.com\\\/#organization\",\"name\":\"Les Collections Priv\u00e9es\",\"url\":\"https:\\\/\\\/lescollectionsprivees.com\\\/\",\"logo\":{\"@type\":\"ImageObject\",\"inLanguage\":\"de\",\"@id\":\"https:\\\/\\\/lescollectionsprivees.com\\\/#\\\/schema\\\/logo\\\/image\\\/\",\"url\":\"https:\\\/\\\/lescollectionsprivees.com\\\/wp-content\\\/uploads\\\/2020\\\/02\\\/Logo-Les-Collections-Priv\u00e9es-450x450-1.png\",\"contentUrl\":\"https:\\\/\\\/lescollectionsprivees.com\\\/wp-content\\\/uploads\\\/2020\\\/02\\\/Logo-Les-Collections-Priv\u00e9es-450x450-1.png\",\"width\":450,\"height\":450,\"caption\":\"Les Collections Priv\u00e9es\"},\"image\":{\"@id\":\"https:\\\/\\\/lescollectionsprivees.com\\\/#\\\/schema\\\/logo\\\/image\\\/\"}}]}<\/script>\n<!-- \/ Yoast SEO plugin. -->","yoast_head_json":{"title":"Bois d'Igor langanhaltender Duft in 50ml | Gutes Preis-Leistungs-Verh\u00e4ltnis","description":"Bois d'Igor: Dieser Duft by Parfums d'Igor wird einen festen Platz in Ihrem Alltag einnehmen. Bestellen Sie Ihren Lieblingsduft bei collectionsprivees.com!","robots":{"index":"index","follow":"follow","max-snippet":"max-snippet:-1","max-image-preview":"max-image-preview:large","max-video-preview":"max-video-preview:-1"},"canonical":"https:\/\/lescollectionsprivees.com\/de\/duft\/holz-digor-die-parfums-digor\/","og_locale":"de_DE","og_type":"article","og_title":"Bois d'Igor parfum longue dur\u00e9e en 50ml | Bon rapport qualit\u00e9 prix","og_description":"Bois d'Igor : ce parfum by Parfums d'Igor prendra place dans votre quotidien. Commandez votre parfum pr\u00e9f\u00e9r\u00e9 sur les collectionsprivees.com !","og_url":"https:\/\/lescollectionsprivees.com\/de\/duft\/holz-digor-die-parfums-digor\/","og_site_name":"Les Collections Priv\u00e9es","article_modified_time":"2026-04-18T17:51:46+00:00","og_image":[{"width":521,"height":695,"url":"https:\/\/lescollectionsprivees.com\/wp-content\/uploads\/2020\/02\/Bois-dIgor-Les-Parfums-dIgor-Les-Collections-Priv\u00e9es.jpg","type":"image\/jpeg"}],"twitter_card":"summary_large_image","twitter_misc":{"Gesch\u00e4tzte Lesezeit":"2\u00a0Minuten"},"schema":{"@context":"https:\/\/schema.org","@graph":[{"@type":"WebPage","@id":"https:\/\/lescollectionsprivees.com\/parfum\/bois-digor-les-parfums-digor\/","url":"https:\/\/lescollectionsprivees.com\/parfum\/bois-digor-les-parfums-digor\/","name":"Bois d'Igor langanhaltender Duft in 50ml | Gutes Preis-Leistungs-Verh\u00e4ltnis","isPartOf":{"@id":"https:\/\/lescollectionsprivees.com\/#website"},"primaryImageOfPage":{"@id":"https:\/\/lescollectionsprivees.com\/parfum\/bois-digor-les-parfums-digor\/#primaryimage"},"image":{"@id":"https:\/\/lescollectionsprivees.com\/parfum\/bois-digor-les-parfums-digor\/#primaryimage"},"thumbnailUrl":"https:\/\/lescollectionsprivees.com\/wp-content\/uploads\/2020\/02\/Bois-dIgor-Les-Parfums-dIgor-Les-Collections-Priv\u00e9es.jpg","datePublished":"2020-02-06T12:41:55+00:00","dateModified":"2026-04-18T17:51:46+00:00","description":"Bois d'Igor: Dieser Duft by Parfums d'Igor wird einen festen Platz in Ihrem Alltag einnehmen. Bestellen Sie Ihren Lieblingsduft bei collectionsprivees.com!","breadcrumb":{"@id":"https:\/\/lescollectionsprivees.com\/parfum\/bois-digor-les-parfums-digor\/#breadcrumb"},"inLanguage":"de","potentialAction":[{"@type":"ReadAction","target":["https:\/\/lescollectionsprivees.com\/parfum\/bois-digor-les-parfums-digor\/"]}]},{"@type":"ImageObject","inLanguage":"de","@id":"https:\/\/lescollectionsprivees.com\/parfum\/bois-digor-les-parfums-digor\/#primaryimage","url":"https:\/\/lescollectionsprivees.com\/wp-content\/uploads\/2020\/02\/Bois-dIgor-Les-Parfums-dIgor-Les-Collections-Priv\u00e9es.jpg","contentUrl":"https:\/\/lescollectionsprivees.com\/wp-content\/uploads\/2020\/02\/Bois-dIgor-Les-Parfums-dIgor-Les-Collections-Priv\u00e9es.jpg","width":521,"height":695,"caption":"Bois d'Igor - Les Parfums d'Igor - Les Collections Priv\u00e9es"},{"@type":"BreadcrumbList","@id":"https:\/\/lescollectionsprivees.com\/parfum\/bois-digor-les-parfums-digor\/#breadcrumb","itemListElement":[{"@type":"ListItem","position":1,"name":"Accueil","item":"https:\/\/lescollectionsprivees.com\/"},{"@type":"ListItem","position":2,"name":"Boutique","item":"https:\/\/lescollectionsprivees.com\/boutique\/"},{"@type":"ListItem","position":3,"name":"Bois d&#8217;Igor ( Cort\u00e8ge Royal ) &#8211; Les Parfums d&#8217;Igor"}]},{"@type":"WebSite","@id":"https:\/\/lescollectionsprivees.com\/#website","url":"https:\/\/lescollectionsprivees.com\/","name":"Private Sammlungen","description":"","publisher":{"@id":"https:\/\/lescollectionsprivees.com\/#organization"},"potentialAction":[{"@type":"SearchAction","target":{"@type":"EntryPoint","urlTemplate":"https:\/\/lescollectionsprivees.com\/?s={search_term_string}"},"query-input":{"@type":"PropertyValueSpecification","valueRequired":true,"valueName":"search_term_string"}}],"inLanguage":"de"},{"@type":"Organization","@id":"https:\/\/lescollectionsprivees.com\/#organization","name":"Private Sammlungen","url":"https:\/\/lescollectionsprivees.com\/","logo":{"@type":"ImageObject","inLanguage":"de","@id":"https:\/\/lescollectionsprivees.com\/#\/schema\/logo\/image\/","url":"https:\/\/lescollectionsprivees.com\/wp-content\/uploads\/2020\/02\/Logo-Les-Collections-Priv\u00e9es-450x450-1.png","contentUrl":"https:\/\/lescollectionsprivees.com\/wp-content\/uploads\/2020\/02\/Logo-Les-Collections-Priv\u00e9es-450x450-1.png","width":450,"height":450,"caption":"Les Collections Priv\u00e9es"},"image":{"@id":"https:\/\/lescollectionsprivees.com\/#\/schema\/logo\/image\/"}}]}},"_links":{"self":[{"href":"https:\/\/lescollectionsprivees.com\/de\/wp-json\/wp\/v2\/product\/6536","targetHints":{"allow":["GET"]}}],"collection":[{"href":"https:\/\/lescollectionsprivees.com\/de\/wp-json\/wp\/v2\/product"}],"about":[{"href":"https:\/\/lescollectionsprivees.com\/de\/wp-json\/wp\/v2\/types\/product"}],"wp:featuredmedia":[{"embeddable":true,"href":"https:\/\/lescollectionsprivees.com\/de\/wp-json\/wp\/v2\/media\/6878"}],"wp:attachment":[{"href":"https:\/\/lescollectionsprivees.com\/de\/wp-json\/wp\/v2\/media?parent=6536"}],"wp:term":[{"taxonomy":"product_brand","embeddable":true,"href":"https:\/\/lescollectionsprivees.com\/de\/wp-json\/wp\/v2\/product_brand?post=6536"},{"taxonomy":"product_cat","embeddable":true,"href":"https:\/\/lescollectionsprivees.com\/de\/wp-json\/wp\/v2\/product_cat?post=6536"},{"taxonomy":"product_tag","embeddable":true,"href":"https:\/\/lescollectionsprivees.com\/de\/wp-json\/wp\/v2\/product_tag?post=6536"}],"curies":[{"name":"wp","href":"https:\/\/api.w.org\/{rel}","templated":true}]}}