{"id":6605,"date":"2020-02-08T23:06:30","date_gmt":"2020-02-08T23:06:30","guid":{"rendered":"https:\/\/lescollectionsprivees.com\/?post_type=product&#038;p=6605"},"modified":"2025-12-20T18:46:26","modified_gmt":"2025-12-20T18:46:26","slug":"night-day-die-digor-parfums","status":"publish","type":"product","link":"https:\/\/lescollectionsprivees.com\/de\/parfum\/night-day-les-parfums-digor\/","title":{"rendered":"Night &amp; Day - Igors Parfums"},"content":{"rendered":"<h2><strong>Night &amp; Day - Igors Parfums<\/strong><\/h2>\n<p>Wieder einmal gelingt den Parfums d'Igor ein wahrer Meisterstreich. Eine Harmonie sorgf\u00e4ltig ausgew\u00e4hlter D\u00fcfte, die ein bemerkenswertes Ganzes ergeben. Night &amp; Day ist vom ikonischen Know-how der gro\u00dfen H\u00e4user inspiriert und steigt zu einem wahren Meisterwerk der Parf\u00fcmeriewelt auf. Das Duftprofil von Night &amp; Day von Igor Parfums besteht aus Rosa Beere, Bergamotte, T\u00fcrkischer Rose, Gew\u00fcrzen, Grauem Amber, Zedernholz, Gaiac, Patchouli und einer balsamischen Note.<\/p>\n<h2><strong>Eine delikate Alchemie<\/strong><\/h2>\n<p>Die Duftpyramide dieses Parfums ist ein wahres Labyrinth aus exotischen D\u00fcften und sehr vertrauten Noten. Ein sorgf\u00e4ltig durchdachtes Amalgam, das zu neuen Akkorden, st\u00e4ndig erneuerten Harmonien und geschickt hervorgehobenen Noten f\u00fchrt. Mit der Kopfnote, die den Anfang macht, der Herznote, die die Pers\u00f6nlichkeit des Duftes pr\u00e4gt, und der Basisnote, die den Charakter des Duftes nachhaltig pr\u00e4gt, er\u00f6ffnet sich Ihnen ein v\u00f6llig neuer Horizont!<\/p>\n<p>Night &amp; Day von \"Les Parfums d'Igor\" ist mit seiner bemerkenswerten Haltbarkeit auf der Haut und auf der Kleidung ein Parfum von gro\u00dfem Kaliber. Sie m\u00fcssen nicht bef\u00fcrchten, dass Ihr Duft den ganzen Tag \u00fcber an Wirkung und Projektion verliert. Dank der geschickten Auswahl der Inhaltsstoffe und ihrer perfekten Verwendung besteht die Basisnote aus einem harmonischen Gleichgewicht von beruhigenden und vertrauten D\u00fcften.<\/p>\n<h2><strong>Erobern Durch Qualit\u00e4t<\/strong><\/h2>\n<p>Jenseits von Tricks und historischem Ruf erobern sich die Parfums von Igor durch ihre Qualit\u00e4t einen Platz an der Spitze. Genie\u00dfen Sie den ganzen Reichtum von Night &amp; Day in vollen Z\u00fcgen und z\u00f6gern Sie nicht, es zu einem Hauptst\u00fcck Ihrer Sammlung zu machen. Ein Parfum mit einfachen All\u00fcren, das immer wieder \u00fcberraschen und erobern wird. Z\u00f6gern Sie also nicht, sich ein au\u00dfergew\u00f6hnliches Parfum zu g\u00f6nnen, das all Ihre Erwartungen erf\u00fcllen wird und Ihnen den Horizont f\u00fcr neue Erfahrungen und D\u00fcfte \u00f6ffnet.<\/p>","protected":false},"excerpt":{"rendered":"<p><strong><u>Technische Daten :<\/u><\/strong><\/p>\n<p><strong>Name des Duftes<\/strong> : Night &amp; Day<br \/>\n<strong>Marke<\/strong>\u00a0: Die D\u00fcfte von Igor<br \/>\n<strong>Genre<\/strong>\u00a0: Unisex<br \/>\n<strong>Inhalt<\/strong>\u00a0: 50 mL<\/p>\n<p><span style=\"text-decoration: underline;\"><strong>Olfaktorisches Profil :<\/strong><\/span><\/p>\n<p><strong>Kopf :\u00a0<\/strong>Rosa Beere, Bergamotte<br \/>\n<strong>Herz :\u00a0<\/strong>T\u00fcrkische Rose, Gew\u00fcrze<br \/>\n<strong>Hintergrund :\u00a0<\/strong>Graue Ambra, Zedernholz, Gaiac, Patschuli und mit balsamischen Noten<\/p>","protected":false},"featured_media":6865,"template":"","meta":[],"product_brand":[],"product_cat":[108,101],"product_tag":[],"class_list":{"0":"post-6605","1":"product","2":"type-product","3":"status-publish","4":"has-post-thumbnail","6":"product_cat-les-parfums-digor","7":"product_cat-parfums-occidentaux","8":"pa_marque-les-parfums-digor","10":"first","11":"instock","12":"taxable","13":"shipping-taxable","14":"purchasable","15":"product-type-simple"},"yoast_head":"<!-- This site is optimized with the Yoast SEO plugin v27.5 - https:\/\/yoast.com\/product\/yoast-seo-wordpress\/ -->\n<title>Night &amp; Day Des Parfums d&#039;Igor en 50ml - Les Collections Priv\u00e9es<\/title>\n<meta name=\"description\" content=\"Night &amp; Day Parfums d&#039;Igor est inspir\u00e9 du savoir-faire iconique des grandes maisons et est un v\u00e9ritable chef-d\u2019\u0153uvre de la parfumerie, venez le d\u00e9couvrir !\" \/>\n<meta name=\"robots\" content=\"index, follow, max-snippet:-1, max-image-preview:large, max-video-preview:-1\" \/>\n<link rel=\"canonical\" href=\"https:\/\/lescollectionsprivees.com\/de\/duft\/night-day-die-digor-parfums\/\" \/>\n<meta property=\"og:locale\" content=\"de_DE\" \/>\n<meta property=\"og:type\" content=\"article\" \/>\n<meta property=\"og:title\" content=\"Night &amp; Day Des Parfums d&#039;Igor en 50ml - Les Collections Priv\u00e9es\" \/>\n<meta property=\"og:description\" content=\"Night &amp; Day Parfums d&#039;Igor est inspir\u00e9 du savoir-faire iconique des grandes maisons et est un v\u00e9ritable chef-d\u2019\u0153uvre de la parfumerie, venez le d\u00e9couvrir !\" \/>\n<meta property=\"og:url\" content=\"https:\/\/lescollectionsprivees.com\/de\/duft\/night-day-die-digor-parfums\/\" \/>\n<meta property=\"og:site_name\" content=\"Les Collections Priv\u00e9es\" \/>\n<meta property=\"article:modified_time\" content=\"2025-12-20T18:46:26+00:00\" \/>\n<meta property=\"og:image\" content=\"https:\/\/lescollectionsprivees.com\/wp-content\/uploads\/2020\/02\/Night-Day-Les-Parfums-dIgor-Les-Collections-Priv\u00e9es.jpg\" \/>\n\t<meta property=\"og:image:width\" content=\"521\" \/>\n\t<meta property=\"og:image:height\" content=\"695\" \/>\n\t<meta property=\"og:image:type\" content=\"image\/jpeg\" \/>\n<meta name=\"twitter:card\" content=\"summary_large_image\" \/>\n<meta name=\"twitter:label1\" content=\"Gesch\u00e4tzte Lesezeit\" \/>\n\t<meta name=\"twitter:data1\" content=\"2\u00a0Minuten\" \/>\n<script type=\"application\/ld+json\" class=\"yoast-schema-graph\">{\"@context\":\"https:\\\/\\\/schema.org\",\"@graph\":[{\"@type\":\"WebPage\",\"@id\":\"https:\\\/\\\/lescollectionsprivees.com\\\/parfum\\\/night-day-les-parfums-digor\\\/\",\"url\":\"https:\\\/\\\/lescollectionsprivees.com\\\/parfum\\\/night-day-les-parfums-digor\\\/\",\"name\":\"Night & Day Des Parfums d'Igor en 50ml - Les Collections Priv\u00e9es\",\"isPartOf\":{\"@id\":\"https:\\\/\\\/lescollectionsprivees.com\\\/#website\"},\"primaryImageOfPage\":{\"@id\":\"https:\\\/\\\/lescollectionsprivees.com\\\/parfum\\\/night-day-les-parfums-digor\\\/#primaryimage\"},\"image\":{\"@id\":\"https:\\\/\\\/lescollectionsprivees.com\\\/parfum\\\/night-day-les-parfums-digor\\\/#primaryimage\"},\"thumbnailUrl\":\"https:\\\/\\\/lescollectionsprivees.com\\\/wp-content\\\/uploads\\\/2020\\\/02\\\/Night-Day-Les-Parfums-dIgor-Les-Collections-Priv\u00e9es.jpg\",\"datePublished\":\"2020-02-08T23:06:30+00:00\",\"dateModified\":\"2025-12-20T18:46:26+00:00\",\"description\":\"Night & Day Parfums d'Igor est inspir\u00e9 du savoir-faire iconique des grandes maisons et est un v\u00e9ritable chef-d\u2019\u0153uvre de la parfumerie, venez le d\u00e9couvrir !\",\"breadcrumb\":{\"@id\":\"https:\\\/\\\/lescollectionsprivees.com\\\/parfum\\\/night-day-les-parfums-digor\\\/#breadcrumb\"},\"inLanguage\":\"de\",\"potentialAction\":[{\"@type\":\"ReadAction\",\"target\":[\"https:\\\/\\\/lescollectionsprivees.com\\\/parfum\\\/night-day-les-parfums-digor\\\/\"]}]},{\"@type\":\"ImageObject\",\"inLanguage\":\"de\",\"@id\":\"https:\\\/\\\/lescollectionsprivees.com\\\/parfum\\\/night-day-les-parfums-digor\\\/#primaryimage\",\"url\":\"https:\\\/\\\/lescollectionsprivees.com\\\/wp-content\\\/uploads\\\/2020\\\/02\\\/Night-Day-Les-Parfums-dIgor-Les-Collections-Priv\u00e9es.jpg\",\"contentUrl\":\"https:\\\/\\\/lescollectionsprivees.com\\\/wp-content\\\/uploads\\\/2020\\\/02\\\/Night-Day-Les-Parfums-dIgor-Les-Collections-Priv\u00e9es.jpg\",\"width\":521,\"height\":695,\"caption\":\"Night & Day - Les Parfums d'Igor - Les Collections Priv\u00e9es\"},{\"@type\":\"BreadcrumbList\",\"@id\":\"https:\\\/\\\/lescollectionsprivees.com\\\/parfum\\\/night-day-les-parfums-digor\\\/#breadcrumb\",\"itemListElement\":[{\"@type\":\"ListItem\",\"position\":1,\"name\":\"Accueil\",\"item\":\"https:\\\/\\\/lescollectionsprivees.com\\\/\"},{\"@type\":\"ListItem\",\"position\":2,\"name\":\"Boutique\",\"item\":\"https:\\\/\\\/lescollectionsprivees.com\\\/boutique\\\/\"},{\"@type\":\"ListItem\",\"position\":3,\"name\":\"Night &#038; Day &#8211; Les Parfums d&#8217;Igor\"}]},{\"@type\":\"WebSite\",\"@id\":\"https:\\\/\\\/lescollectionsprivees.com\\\/#website\",\"url\":\"https:\\\/\\\/lescollectionsprivees.com\\\/\",\"name\":\"Les Collections Priv\u00e9es\",\"description\":\"\",\"publisher\":{\"@id\":\"https:\\\/\\\/lescollectionsprivees.com\\\/#organization\"},\"potentialAction\":[{\"@type\":\"SearchAction\",\"target\":{\"@type\":\"EntryPoint\",\"urlTemplate\":\"https:\\\/\\\/lescollectionsprivees.com\\\/?s={search_term_string}\"},\"query-input\":{\"@type\":\"PropertyValueSpecification\",\"valueRequired\":true,\"valueName\":\"search_term_string\"}}],\"inLanguage\":\"de\"},{\"@type\":\"Organization\",\"@id\":\"https:\\\/\\\/lescollectionsprivees.com\\\/#organization\",\"name\":\"Les Collections Priv\u00e9es\",\"url\":\"https:\\\/\\\/lescollectionsprivees.com\\\/\",\"logo\":{\"@type\":\"ImageObject\",\"inLanguage\":\"de\",\"@id\":\"https:\\\/\\\/lescollectionsprivees.com\\\/#\\\/schema\\\/logo\\\/image\\\/\",\"url\":\"https:\\\/\\\/lescollectionsprivees.com\\\/wp-content\\\/uploads\\\/2020\\\/02\\\/Logo-Les-Collections-Priv\u00e9es-450x450-1.png\",\"contentUrl\":\"https:\\\/\\\/lescollectionsprivees.com\\\/wp-content\\\/uploads\\\/2020\\\/02\\\/Logo-Les-Collections-Priv\u00e9es-450x450-1.png\",\"width\":450,\"height\":450,\"caption\":\"Les Collections Priv\u00e9es\"},\"image\":{\"@id\":\"https:\\\/\\\/lescollectionsprivees.com\\\/#\\\/schema\\\/logo\\\/image\\\/\"}}]}<\/script>\n<!-- \/ Yoast SEO plugin. -->","yoast_head_json":{"title":"Night &amp; Day Des Parfums d'Igor in 50ml - Private Collections","description":"Night &amp; Day Parfums d'Igor ist inspiriert vom ikonischen Know-how der gro\u00dfen H\u00e4user und ist ein wahres Meisterwerk der Parf\u00fcmerie. Kommen Sie und entdecken Sie es!","robots":{"index":"index","follow":"follow","max-snippet":"max-snippet:-1","max-image-preview":"max-image-preview:large","max-video-preview":"max-video-preview:-1"},"canonical":"https:\/\/lescollectionsprivees.com\/de\/duft\/night-day-die-digor-parfums\/","og_locale":"de_DE","og_type":"article","og_title":"Night & Day Des Parfums d'Igor en 50ml - Les Collections Priv\u00e9es","og_description":"Night & Day Parfums d'Igor est inspir\u00e9 du savoir-faire iconique des grandes maisons et est un v\u00e9ritable chef-d\u2019\u0153uvre de la parfumerie, venez le d\u00e9couvrir !","og_url":"https:\/\/lescollectionsprivees.com\/de\/duft\/night-day-die-digor-parfums\/","og_site_name":"Les Collections Priv\u00e9es","article_modified_time":"2025-12-20T18:46:26+00:00","og_image":[{"width":521,"height":695,"url":"https:\/\/lescollectionsprivees.com\/wp-content\/uploads\/2020\/02\/Night-Day-Les-Parfums-dIgor-Les-Collections-Priv\u00e9es.jpg","type":"image\/jpeg"}],"twitter_card":"summary_large_image","twitter_misc":{"Gesch\u00e4tzte Lesezeit":"2\u00a0Minuten"},"schema":{"@context":"https:\/\/schema.org","@graph":[{"@type":"WebPage","@id":"https:\/\/lescollectionsprivees.com\/parfum\/night-day-les-parfums-digor\/","url":"https:\/\/lescollectionsprivees.com\/parfum\/night-day-les-parfums-digor\/","name":"Night &amp; Day Des Parfums d'Igor in 50ml - Private Collections","isPartOf":{"@id":"https:\/\/lescollectionsprivees.com\/#website"},"primaryImageOfPage":{"@id":"https:\/\/lescollectionsprivees.com\/parfum\/night-day-les-parfums-digor\/#primaryimage"},"image":{"@id":"https:\/\/lescollectionsprivees.com\/parfum\/night-day-les-parfums-digor\/#primaryimage"},"thumbnailUrl":"https:\/\/lescollectionsprivees.com\/wp-content\/uploads\/2020\/02\/Night-Day-Les-Parfums-dIgor-Les-Collections-Priv\u00e9es.jpg","datePublished":"2020-02-08T23:06:30+00:00","dateModified":"2025-12-20T18:46:26+00:00","description":"Night &amp; Day Parfums d'Igor ist inspiriert vom ikonischen Know-how der gro\u00dfen H\u00e4user und ist ein wahres Meisterwerk der Parf\u00fcmerie. Kommen Sie und entdecken Sie es!","breadcrumb":{"@id":"https:\/\/lescollectionsprivees.com\/parfum\/night-day-les-parfums-digor\/#breadcrumb"},"inLanguage":"de","potentialAction":[{"@type":"ReadAction","target":["https:\/\/lescollectionsprivees.com\/parfum\/night-day-les-parfums-digor\/"]}]},{"@type":"ImageObject","inLanguage":"de","@id":"https:\/\/lescollectionsprivees.com\/parfum\/night-day-les-parfums-digor\/#primaryimage","url":"https:\/\/lescollectionsprivees.com\/wp-content\/uploads\/2020\/02\/Night-Day-Les-Parfums-dIgor-Les-Collections-Priv\u00e9es.jpg","contentUrl":"https:\/\/lescollectionsprivees.com\/wp-content\/uploads\/2020\/02\/Night-Day-Les-Parfums-dIgor-Les-Collections-Priv\u00e9es.jpg","width":521,"height":695,"caption":"Night & Day - Les Parfums d'Igor - Les Collections Priv\u00e9es"},{"@type":"BreadcrumbList","@id":"https:\/\/lescollectionsprivees.com\/parfum\/night-day-les-parfums-digor\/#breadcrumb","itemListElement":[{"@type":"ListItem","position":1,"name":"Accueil","item":"https:\/\/lescollectionsprivees.com\/"},{"@type":"ListItem","position":2,"name":"Boutique","item":"https:\/\/lescollectionsprivees.com\/boutique\/"},{"@type":"ListItem","position":3,"name":"Night &#038; Day &#8211; Les Parfums d&#8217;Igor"}]},{"@type":"WebSite","@id":"https:\/\/lescollectionsprivees.com\/#website","url":"https:\/\/lescollectionsprivees.com\/","name":"Private Sammlungen","description":"","publisher":{"@id":"https:\/\/lescollectionsprivees.com\/#organization"},"potentialAction":[{"@type":"SearchAction","target":{"@type":"EntryPoint","urlTemplate":"https:\/\/lescollectionsprivees.com\/?s={search_term_string}"},"query-input":{"@type":"PropertyValueSpecification","valueRequired":true,"valueName":"search_term_string"}}],"inLanguage":"de"},{"@type":"Organization","@id":"https:\/\/lescollectionsprivees.com\/#organization","name":"Private Sammlungen","url":"https:\/\/lescollectionsprivees.com\/","logo":{"@type":"ImageObject","inLanguage":"de","@id":"https:\/\/lescollectionsprivees.com\/#\/schema\/logo\/image\/","url":"https:\/\/lescollectionsprivees.com\/wp-content\/uploads\/2020\/02\/Logo-Les-Collections-Priv\u00e9es-450x450-1.png","contentUrl":"https:\/\/lescollectionsprivees.com\/wp-content\/uploads\/2020\/02\/Logo-Les-Collections-Priv\u00e9es-450x450-1.png","width":450,"height":450,"caption":"Les Collections Priv\u00e9es"},"image":{"@id":"https:\/\/lescollectionsprivees.com\/#\/schema\/logo\/image\/"}}]}},"_links":{"self":[{"href":"https:\/\/lescollectionsprivees.com\/de\/wp-json\/wp\/v2\/product\/6605","targetHints":{"allow":["GET"]}}],"collection":[{"href":"https:\/\/lescollectionsprivees.com\/de\/wp-json\/wp\/v2\/product"}],"about":[{"href":"https:\/\/lescollectionsprivees.com\/de\/wp-json\/wp\/v2\/types\/product"}],"wp:featuredmedia":[{"embeddable":true,"href":"https:\/\/lescollectionsprivees.com\/de\/wp-json\/wp\/v2\/media\/6865"}],"wp:attachment":[{"href":"https:\/\/lescollectionsprivees.com\/de\/wp-json\/wp\/v2\/media?parent=6605"}],"wp:term":[{"taxonomy":"product_brand","embeddable":true,"href":"https:\/\/lescollectionsprivees.com\/de\/wp-json\/wp\/v2\/product_brand?post=6605"},{"taxonomy":"product_cat","embeddable":true,"href":"https:\/\/lescollectionsprivees.com\/de\/wp-json\/wp\/v2\/product_cat?post=6605"},{"taxonomy":"product_tag","embeddable":true,"href":"https:\/\/lescollectionsprivees.com\/de\/wp-json\/wp\/v2\/product_tag?post=6605"}],"curies":[{"name":"wp","href":"https:\/\/api.w.org\/{rel}","templated":true}]}}