{"id":7028,"date":"2020-02-15T12:27:19","date_gmt":"2020-02-15T12:27:19","guid":{"rendered":"https:\/\/lescollectionsprivees.com\/?post_type=product&#038;p=7028"},"modified":"2024-11-26T15:18:21","modified_gmt":"2024-11-26T15:18:21","slug":"privat-n14-rp-parfums","status":"publish","type":"product","link":"https:\/\/lescollectionsprivees.com\/de\/parfum\/prive-n14-rp-parfums\/","title":{"rendered":"Priv\u00e9 n\u00b014 - RP Parfums"},"content":{"rendered":"<h2><strong>Priv\u00e9 Nr. 14 von RP Parfums<\/strong><\/h2>\n<p>Priv\u00e9 n\u00b014 von RP Parfums wurde mit gr\u00f6\u00dfter R\u00fccksicht auf das Know-how von RP Parfums entwickelt. Es ist eine Hymne der Extraklasse, die die besonderen Eigenschaften von Aldehyden, Tangerine, Patchouli, Immortelle, Vanille, Wildleder und Heliotrop hervorhebt. Priv\u00e9 n\u00b014 ist alles andere als ein beliebiger Duft, sondern setzt auf geschickte Ausgewogenheit und reiche Harmonien, die die Sinne verf\u00fchren, beruhigen und verzaubern.<\/p>\n<p>Wie alle anderen D\u00fcfte der Marke ruft auch Priv\u00e9 n\u00b014 bei Kennern ikonische D\u00fcfte hervor. Es ist das Beste aus zwei Welten: die Kraft eines komplexen Parf\u00fcmerieerbes und die elegante Einfachheit der Kreationen von RP Parfums.<\/p>\n<h2><strong>Die ganze Harmonie zarter D\u00fcfte<\/strong><\/h2>\n<p>Genie\u00dfen Sie dieses Parfum also bei jeder Gelegenheit. Seine Zusammensetzung macht ihn zu einem ausgezeichneten, authentischen Begleiter, der Ihnen noch mehr Pr\u00e4senz und Ausstrahlung verleiht. Erleben Sie die Facetten der Kopf-, Herz- und Basisnote und lassen Sie sich den ganzen Tag lang auf einer unnachahmlichen Duftreise begleiten. Die D\u00fcfte ver\u00e4ndern sich allm\u00e4hlich von den Er\u00f6ffnungsnoten zu der robusten Basis, die Priv\u00e9 n\u00b014 ausmacht.<\/p>\n<p>Genie\u00dfen Sie auch die bemerkenswerte Haltbarkeit auf der Haut und die ph\u00e4nomenale Projektion dieses Duftes. Markieren Sie \u00fcberall auf angenehme Weise mit Ihrer Pr\u00e4senz. Nutzen Sie auch die balsamische Sillage, die Ihnen Priv\u00e9 n\u00b014 von RP Parfums verleiht, um einen guten Eindruck zu machen.<\/p>\n<h2><strong>Ein Parfum f\u00fcr alle F\u00e4lle<\/strong><\/h2>\n<p>Kurz gesagt, machen Sie Priv\u00e9 n\u00b014 zu Ihrer t\u00e4glichen Referenz. Bereichern Sie Ihren Alltag mit harmonischen Akkorden zarter D\u00fcfte, die in aller Bescheidenheit die Sch\u00e4tze der orientalischen und westlichen Parf\u00fcmerie nachbilden. Ein au\u00dfergew\u00f6hnliches Parfum, das ohne die geringste Komplikation zu allen Anl\u00e4ssen passt.<\/p>","protected":false},"excerpt":{"rendered":"<p><strong><u>Technische Daten :<\/u><\/strong><\/p>\n<p><strong>Name des Duftes<\/strong> : Privat Nr. 14<br \/>\n<strong>Geheimer Name<\/strong> Poudre D'escampette<br \/>\n<strong>Marke<\/strong> : RP Parfums<br \/>\n<strong>Genre<\/strong>\u00a0: Unisex<br \/>\n<strong>Inhalt<\/strong>\u00a0: 50 mL<\/p>\n<p><span style=\"text-decoration: underline;\"><strong>Olfaktorisches Profil :<\/strong><\/span><\/p>\n<p><strong>Kopf : <\/strong>Aldehyde, Tangerine<br \/>\n<strong>Herz : <\/strong>Patchouli, Immortelle<br \/>\n<strong>Hintergrund : <\/strong>Vanille, Damhirsch und Heliotrop<\/p>","protected":false},"featured_media":7059,"template":"","meta":[],"product_brand":[],"product_cat":[101,109],"product_tag":[],"class_list":{"0":"post-7028","1":"product","2":"type-product","3":"status-publish","4":"has-post-thumbnail","6":"product_cat-parfums-occidentaux","7":"product_cat-rp-parfums","8":"pa_marque-rp-parfums","10":"first","11":"outofstock","12":"taxable","13":"shipping-taxable","14":"purchasable","15":"product-type-simple"},"yoast_head":"<!-- This site is optimized with the Yoast SEO plugin v27.5 - https:\/\/yoast.com\/product\/yoast-seo-wordpress\/ -->\n<title>Priv\u00e9 n\u00b014 de RP Parfums en 50ml - Les Collections Priv\u00e9es<\/title>\n<meta name=\"description\" content=\"Priv\u00e9 n\u00b014 de RP Parfums est un hymne supr\u00eame qui met en avant les propri\u00e9t\u00e9s somptueuses des notes et senteurs qui le composent. Venez vite le d\u00e9couvrir !\" \/>\n<meta name=\"robots\" content=\"index, follow, max-snippet:-1, max-image-preview:large, max-video-preview:-1\" \/>\n<link rel=\"canonical\" href=\"https:\/\/lescollectionsprivees.com\/de\/kategorie-parfum\/westliche-dufte\/rp-parfums\/\" \/>\n<meta property=\"og:locale\" content=\"de_DE\" \/>\n<meta property=\"og:type\" content=\"article\" \/>\n<meta property=\"og:title\" content=\"Priv\u00e9 n\u00b014 de RP Parfums en 50ml - Les Collections Priv\u00e9es\" \/>\n<meta property=\"og:description\" content=\"Priv\u00e9 n\u00b014 de RP Parfums est un hymne supr\u00eame qui met en avant les propri\u00e9t\u00e9s somptueuses des notes et senteurs qui le composent. Venez vite le d\u00e9couvrir !\" \/>\n<meta property=\"og:url\" content=\"https:\/\/lescollectionsprivees.com\/de\/kategorie-parfum\/westliche-dufte\/rp-parfums\/\" \/>\n<meta property=\"og:site_name\" content=\"Les Collections Priv\u00e9es\" \/>\n<meta property=\"article:modified_time\" content=\"2024-11-26T15:18:21+00:00\" \/>\n<meta property=\"og:image\" content=\"https:\/\/lescollectionsprivees.com\/wp-content\/uploads\/2020\/02\/Priv\u00e9-N\u00b014-RP-Parfums-Les-Collections-Priv\u00e9es.jpg\" \/>\n\t<meta property=\"og:image:width\" content=\"521\" \/>\n\t<meta property=\"og:image:height\" content=\"695\" \/>\n\t<meta property=\"og:image:type\" content=\"image\/jpeg\" \/>\n<meta name=\"twitter:card\" content=\"summary_large_image\" \/>\n<meta name=\"twitter:label1\" content=\"Gesch\u00e4tzte Lesezeit\" \/>\n\t<meta name=\"twitter:data1\" content=\"2\u00a0Minuten\" \/>\n<script type=\"application\/ld+json\" class=\"yoast-schema-graph\">{\"@context\":\"https:\\\/\\\/schema.org\",\"@graph\":[{\"@type\":\"WebPage\",\"@id\":\"https:\\\/\\\/lescollectionsprivees.com\\\/parfum\\\/prive-n14-rp-parfums\\\/\",\"url\":\"https:\\\/\\\/lescollectionsprivees.com\\\/categorie-parfum\\\/parfums-occidentaux\\\/rp-parfums\\\/\",\"name\":\"Priv\u00e9 n\u00b014 de RP Parfums en 50ml - Les Collections Priv\u00e9es\",\"isPartOf\":{\"@id\":\"https:\\\/\\\/lescollectionsprivees.com\\\/#website\"},\"primaryImageOfPage\":{\"@id\":\"https:\\\/\\\/lescollectionsprivees.com\\\/categorie-parfum\\\/parfums-occidentaux\\\/rp-parfums\\\/#primaryimage\"},\"image\":{\"@id\":\"https:\\\/\\\/lescollectionsprivees.com\\\/categorie-parfum\\\/parfums-occidentaux\\\/rp-parfums\\\/#primaryimage\"},\"thumbnailUrl\":\"https:\\\/\\\/lescollectionsprivees.com\\\/wp-content\\\/uploads\\\/2020\\\/02\\\/Priv\u00e9-N\u00b014-RP-Parfums-Les-Collections-Priv\u00e9es.jpg\",\"datePublished\":\"2020-02-15T12:27:19+00:00\",\"dateModified\":\"2024-11-26T15:18:21+00:00\",\"description\":\"Priv\u00e9 n\u00b014 de RP Parfums est un hymne supr\u00eame qui met en avant les propri\u00e9t\u00e9s somptueuses des notes et senteurs qui le composent. Venez vite le d\u00e9couvrir !\",\"breadcrumb\":{\"@id\":\"https:\\\/\\\/lescollectionsprivees.com\\\/categorie-parfum\\\/parfums-occidentaux\\\/rp-parfums\\\/#breadcrumb\"},\"inLanguage\":\"de\",\"potentialAction\":[{\"@type\":\"ReadAction\",\"target\":[\"https:\\\/\\\/lescollectionsprivees.com\\\/categorie-parfum\\\/parfums-occidentaux\\\/rp-parfums\\\/\"]}]},{\"@type\":\"ImageObject\",\"inLanguage\":\"de\",\"@id\":\"https:\\\/\\\/lescollectionsprivees.com\\\/categorie-parfum\\\/parfums-occidentaux\\\/rp-parfums\\\/#primaryimage\",\"url\":\"https:\\\/\\\/lescollectionsprivees.com\\\/wp-content\\\/uploads\\\/2020\\\/02\\\/Priv\u00e9-N\u00b014-RP-Parfums-Les-Collections-Priv\u00e9es.jpg\",\"contentUrl\":\"https:\\\/\\\/lescollectionsprivees.com\\\/wp-content\\\/uploads\\\/2020\\\/02\\\/Priv\u00e9-N\u00b014-RP-Parfums-Les-Collections-Priv\u00e9es.jpg\",\"width\":521,\"height\":695,\"caption\":\"Priv\u00e9 N\u00b014 - RP Parfums - Les Collections Priv\u00e9es\"},{\"@type\":\"BreadcrumbList\",\"@id\":\"https:\\\/\\\/lescollectionsprivees.com\\\/categorie-parfum\\\/parfums-occidentaux\\\/rp-parfums\\\/#breadcrumb\",\"itemListElement\":[{\"@type\":\"ListItem\",\"position\":1,\"name\":\"Accueil\",\"item\":\"https:\\\/\\\/lescollectionsprivees.com\\\/\"},{\"@type\":\"ListItem\",\"position\":2,\"name\":\"Boutique\",\"item\":\"https:\\\/\\\/lescollectionsprivees.com\\\/boutique\\\/\"},{\"@type\":\"ListItem\",\"position\":3,\"name\":\"Priv\u00e9 n\u00b014 &#8211; RP Parfums\"}]},{\"@type\":\"WebSite\",\"@id\":\"https:\\\/\\\/lescollectionsprivees.com\\\/#website\",\"url\":\"https:\\\/\\\/lescollectionsprivees.com\\\/\",\"name\":\"Les Collections Priv\u00e9es\",\"description\":\"\",\"publisher\":{\"@id\":\"https:\\\/\\\/lescollectionsprivees.com\\\/#organization\"},\"potentialAction\":[{\"@type\":\"SearchAction\",\"target\":{\"@type\":\"EntryPoint\",\"urlTemplate\":\"https:\\\/\\\/lescollectionsprivees.com\\\/?s={search_term_string}\"},\"query-input\":{\"@type\":\"PropertyValueSpecification\",\"valueRequired\":true,\"valueName\":\"search_term_string\"}}],\"inLanguage\":\"de\"},{\"@type\":\"Organization\",\"@id\":\"https:\\\/\\\/lescollectionsprivees.com\\\/#organization\",\"name\":\"Les Collections Priv\u00e9es\",\"url\":\"https:\\\/\\\/lescollectionsprivees.com\\\/\",\"logo\":{\"@type\":\"ImageObject\",\"inLanguage\":\"de\",\"@id\":\"https:\\\/\\\/lescollectionsprivees.com\\\/#\\\/schema\\\/logo\\\/image\\\/\",\"url\":\"https:\\\/\\\/lescollectionsprivees.com\\\/wp-content\\\/uploads\\\/2020\\\/02\\\/Logo-Les-Collections-Priv\u00e9es-450x450-1.png\",\"contentUrl\":\"https:\\\/\\\/lescollectionsprivees.com\\\/wp-content\\\/uploads\\\/2020\\\/02\\\/Logo-Les-Collections-Priv\u00e9es-450x450-1.png\",\"width\":450,\"height\":450,\"caption\":\"Les Collections Priv\u00e9es\"},\"image\":{\"@id\":\"https:\\\/\\\/lescollectionsprivees.com\\\/#\\\/schema\\\/logo\\\/image\\\/\"}}]}<\/script>\n<!-- \/ Yoast SEO plugin. -->","yoast_head_json":{"title":"Priv\u00e9 n\u00b014 von RP Parfums in 50ml - Les Collections Priv\u00e9es","description":"Priv\u00e9 n\u00b014 von RP Parfums ist eine h\u00f6chste Hymne, die die pr\u00e4chtigen Eigenschaften der Noten und D\u00fcfte, aus denen sie besteht, hervorhebt. Entdecken Sie ihn schnell!","robots":{"index":"index","follow":"follow","max-snippet":"max-snippet:-1","max-image-preview":"max-image-preview:large","max-video-preview":"max-video-preview:-1"},"canonical":"https:\/\/lescollectionsprivees.com\/de\/kategorie-parfum\/westliche-dufte\/rp-parfums\/","og_locale":"de_DE","og_type":"article","og_title":"Priv\u00e9 n\u00b014 de RP Parfums en 50ml - Les Collections Priv\u00e9es","og_description":"Priv\u00e9 n\u00b014 de RP Parfums est un hymne supr\u00eame qui met en avant les propri\u00e9t\u00e9s somptueuses des notes et senteurs qui le composent. Venez vite le d\u00e9couvrir !","og_url":"https:\/\/lescollectionsprivees.com\/de\/kategorie-parfum\/westliche-dufte\/rp-parfums\/","og_site_name":"Les Collections Priv\u00e9es","article_modified_time":"2024-11-26T15:18:21+00:00","og_image":[{"width":521,"height":695,"url":"https:\/\/lescollectionsprivees.com\/wp-content\/uploads\/2020\/02\/Priv\u00e9-N\u00b014-RP-Parfums-Les-Collections-Priv\u00e9es.jpg","type":"image\/jpeg"}],"twitter_card":"summary_large_image","twitter_misc":{"Gesch\u00e4tzte Lesezeit":"2\u00a0Minuten"},"schema":{"@context":"https:\/\/schema.org","@graph":[{"@type":"WebPage","@id":"https:\/\/lescollectionsprivees.com\/parfum\/prive-n14-rp-parfums\/","url":"https:\/\/lescollectionsprivees.com\/categorie-parfum\/parfums-occidentaux\/rp-parfums\/","name":"Priv\u00e9 n\u00b014 von RP Parfums in 50ml - Les Collections Priv\u00e9es","isPartOf":{"@id":"https:\/\/lescollectionsprivees.com\/#website"},"primaryImageOfPage":{"@id":"https:\/\/lescollectionsprivees.com\/categorie-parfum\/parfums-occidentaux\/rp-parfums\/#primaryimage"},"image":{"@id":"https:\/\/lescollectionsprivees.com\/categorie-parfum\/parfums-occidentaux\/rp-parfums\/#primaryimage"},"thumbnailUrl":"https:\/\/lescollectionsprivees.com\/wp-content\/uploads\/2020\/02\/Priv\u00e9-N\u00b014-RP-Parfums-Les-Collections-Priv\u00e9es.jpg","datePublished":"2020-02-15T12:27:19+00:00","dateModified":"2024-11-26T15:18:21+00:00","description":"Priv\u00e9 n\u00b014 von RP Parfums ist eine h\u00f6chste Hymne, die die pr\u00e4chtigen Eigenschaften der Noten und D\u00fcfte, aus denen sie besteht, hervorhebt. Entdecken Sie ihn schnell!","breadcrumb":{"@id":"https:\/\/lescollectionsprivees.com\/categorie-parfum\/parfums-occidentaux\/rp-parfums\/#breadcrumb"},"inLanguage":"de","potentialAction":[{"@type":"ReadAction","target":["https:\/\/lescollectionsprivees.com\/categorie-parfum\/parfums-occidentaux\/rp-parfums\/"]}]},{"@type":"ImageObject","inLanguage":"de","@id":"https:\/\/lescollectionsprivees.com\/categorie-parfum\/parfums-occidentaux\/rp-parfums\/#primaryimage","url":"https:\/\/lescollectionsprivees.com\/wp-content\/uploads\/2020\/02\/Priv\u00e9-N\u00b014-RP-Parfums-Les-Collections-Priv\u00e9es.jpg","contentUrl":"https:\/\/lescollectionsprivees.com\/wp-content\/uploads\/2020\/02\/Priv\u00e9-N\u00b014-RP-Parfums-Les-Collections-Priv\u00e9es.jpg","width":521,"height":695,"caption":"Priv\u00e9 N\u00b014 - RP Parfums - Les Collections Priv\u00e9es"},{"@type":"BreadcrumbList","@id":"https:\/\/lescollectionsprivees.com\/categorie-parfum\/parfums-occidentaux\/rp-parfums\/#breadcrumb","itemListElement":[{"@type":"ListItem","position":1,"name":"Accueil","item":"https:\/\/lescollectionsprivees.com\/"},{"@type":"ListItem","position":2,"name":"Boutique","item":"https:\/\/lescollectionsprivees.com\/boutique\/"},{"@type":"ListItem","position":3,"name":"Priv\u00e9 n\u00b014 &#8211; RP Parfums"}]},{"@type":"WebSite","@id":"https:\/\/lescollectionsprivees.com\/#website","url":"https:\/\/lescollectionsprivees.com\/","name":"Private Sammlungen","description":"","publisher":{"@id":"https:\/\/lescollectionsprivees.com\/#organization"},"potentialAction":[{"@type":"SearchAction","target":{"@type":"EntryPoint","urlTemplate":"https:\/\/lescollectionsprivees.com\/?s={search_term_string}"},"query-input":{"@type":"PropertyValueSpecification","valueRequired":true,"valueName":"search_term_string"}}],"inLanguage":"de"},{"@type":"Organization","@id":"https:\/\/lescollectionsprivees.com\/#organization","name":"Private Sammlungen","url":"https:\/\/lescollectionsprivees.com\/","logo":{"@type":"ImageObject","inLanguage":"de","@id":"https:\/\/lescollectionsprivees.com\/#\/schema\/logo\/image\/","url":"https:\/\/lescollectionsprivees.com\/wp-content\/uploads\/2020\/02\/Logo-Les-Collections-Priv\u00e9es-450x450-1.png","contentUrl":"https:\/\/lescollectionsprivees.com\/wp-content\/uploads\/2020\/02\/Logo-Les-Collections-Priv\u00e9es-450x450-1.png","width":450,"height":450,"caption":"Les Collections Priv\u00e9es"},"image":{"@id":"https:\/\/lescollectionsprivees.com\/#\/schema\/logo\/image\/"}}]}},"_links":{"self":[{"href":"https:\/\/lescollectionsprivees.com\/de\/wp-json\/wp\/v2\/product\/7028","targetHints":{"allow":["GET"]}}],"collection":[{"href":"https:\/\/lescollectionsprivees.com\/de\/wp-json\/wp\/v2\/product"}],"about":[{"href":"https:\/\/lescollectionsprivees.com\/de\/wp-json\/wp\/v2\/types\/product"}],"wp:featuredmedia":[{"embeddable":true,"href":"https:\/\/lescollectionsprivees.com\/de\/wp-json\/wp\/v2\/media\/7059"}],"wp:attachment":[{"href":"https:\/\/lescollectionsprivees.com\/de\/wp-json\/wp\/v2\/media?parent=7028"}],"wp:term":[{"taxonomy":"product_brand","embeddable":true,"href":"https:\/\/lescollectionsprivees.com\/de\/wp-json\/wp\/v2\/product_brand?post=7028"},{"taxonomy":"product_cat","embeddable":true,"href":"https:\/\/lescollectionsprivees.com\/de\/wp-json\/wp\/v2\/product_cat?post=7028"},{"taxonomy":"product_tag","embeddable":true,"href":"https:\/\/lescollectionsprivees.com\/de\/wp-json\/wp\/v2\/product_tag?post=7028"}],"curies":[{"name":"wp","href":"https:\/\/api.w.org\/{rel}","templated":true}]}}