{"id":7109,"date":"2020-02-17T15:36:48","date_gmt":"2020-02-17T15:36:48","guid":{"rendered":"https:\/\/lescollectionsprivees.com\/?post_type=product&#038;p=7109"},"modified":"2026-03-27T08:48:24","modified_gmt":"2026-03-27T08:48:24","slug":"girl-pink-edition","status":"publish","type":"product","link":"https:\/\/lescollectionsprivees.com\/de\/parfum\/girl-pink-edition\/","title":{"rendered":"Girl - Pink Edition"},"content":{"rendered":"<h2><strong>Girl von Pink Edition<\/strong><\/h2>\n<p>Trotz seiner sehr diskreten und fast bescheidenen Verpackung ist dieser Duft von Pink Edition ein wahres Konzentrat an erstklassigen Noten in einer melodischen Duftsymphonie aus Bigarade Orange, Centifolia Rose und Tonkabohne. Die ausgewogene Komposition aus Kopf-, Herz- und Basisnote schafft keine unangenehmen Kontraste. Im Gegenteil, die D\u00fcfte bereichern sich gegenseitig und verleihen Girl seine charakteristischen Noten.<\/p>\n<p>Sinnlich und zart, robust und doch subtil, schafft er es m\u00fchelos, selbst die strengsten Nasen zu verf\u00fchren. Girl de Pink Edition erbt traditionelles Wissen und z\u00f6gert nicht, neue Horizonte zu erobern. Seine beachtliche Langlebigkeit und seine bemerkenswerte Projektion sind ein perfektes Zeugnis f\u00fcr das gesamte Fachwissen der Parf\u00fcmeure von Pink Edition. Und man versteht m\u00fchelos, warum Girl so beliebt war und immer noch ist!<\/p>\n<h2><strong>Ihre Meisterwaffe<\/strong><\/h2>\n<p>Mit ihren neu erfundenen D\u00fcften gelingt es der Pink Edition, das gesamte Dufterlebnis ikonischer D\u00fcfte zu erneuern. Auch hier ist es ein Meisterst\u00fcck, das sich in Girl verdichtet. Ein Duft, der Sie durch seinen majest\u00e4tischen Charakter hervorheben wird und dem es m\u00fchelos gelingt, die Menschen in Ihrer Umgebung zu verf\u00fchren und ihre Aufmerksamkeit zu fesseln. Ob zu besonderen Anl\u00e4ssen oder im Alltag, machen Sie diesen Duft zu Ihrer Hauptwaffe!<\/p>","protected":false},"excerpt":{"rendered":"<p><strong><u>Technische Daten :<\/u><\/strong><\/p>\n<p><strong>Name des Duftes<\/strong> : Girl<br \/>\n<strong>Marke<\/strong>\u00a0: Black Edition<br \/>\n<strong>Sammlung<\/strong> : Pink Edition<br \/>\n<strong>Genre<\/strong> : Weiblich<br \/>\n<strong>Inhalt<\/strong>\u00a0: 50 mL<\/p>\n<p><span style=\"text-decoration: underline;\"><strong>Olfaktorisches Profil<\/strong> :<\/span><\/p>\n<p><strong>Kopf<\/strong> : Orange Bigarade<br \/>\n<strong>Herz<\/strong> : Centifolia-Rose<br \/>\n<strong>Hintergrund<\/strong> : Tonkabohne<\/p>","protected":false},"featured_media":32497,"template":"","meta":[],"product_brand":[],"product_cat":[110,101],"product_tag":[],"class_list":{"0":"post-7109","1":"product","2":"type-product","3":"status-publish","4":"has-post-thumbnail","6":"product_cat-black-edition","7":"product_cat-parfums-occidentaux","8":"pa_marque-black-edition","10":"first","11":"instock","12":"taxable","13":"shipping-taxable","14":"purchasable","15":"product-type-simple"},"yoast_head":"<!-- This site is optimized with the Yoast SEO plugin v27.5 - https:\/\/yoast.com\/product\/yoast-seo-wordpress\/ -->\n<title>Girl de Pink Edition en 50ml - Les Collections Priv\u00e9es<\/title>\n<meta name=\"description\" content=\"Girl de Pink Edition vient rejoindre des parfums et senteur hors du commun. Laissez-vous charmez par ses d\u00e9licieuses fragrances en venant le d\u00e9couvrir !\" \/>\n<meta name=\"robots\" content=\"index, follow, max-snippet:-1, max-image-preview:large, max-video-preview:-1\" \/>\n<link rel=\"canonical\" href=\"https:\/\/lescollectionsprivees.com\/de\/duft\/girl-pink-edition\/\" \/>\n<meta property=\"og:locale\" content=\"de_DE\" \/>\n<meta property=\"og:type\" content=\"article\" \/>\n<meta property=\"og:title\" content=\"Girl de Pink Edition en 50ml - Les Collections Priv\u00e9es\" \/>\n<meta property=\"og:description\" content=\"Girl de Pink Edition vient rejoindre des parfums et senteur hors du commun. Laissez-vous charmez par ses d\u00e9licieuses fragrances en venant le d\u00e9couvrir !\" \/>\n<meta property=\"og:url\" content=\"https:\/\/lescollectionsprivees.com\/de\/duft\/girl-pink-edition\/\" \/>\n<meta property=\"og:site_name\" content=\"Les Collections Priv\u00e9es\" \/>\n<meta property=\"article:modified_time\" content=\"2026-03-27T08:48:24+00:00\" \/>\n<meta property=\"og:image\" content=\"https:\/\/lescollectionsprivees.com\/wp-content\/uploads\/2024\/12\/BLACK-EDITION-GIRL.webp\" \/>\n\t<meta property=\"og:image:width\" content=\"2560\" \/>\n\t<meta property=\"og:image:height\" content=\"2560\" \/>\n\t<meta property=\"og:image:type\" content=\"image\/webp\" \/>\n<meta name=\"twitter:card\" content=\"summary_large_image\" \/>\n<meta name=\"twitter:label1\" content=\"Gesch\u00e4tzte Lesezeit\" \/>\n\t<meta name=\"twitter:data1\" content=\"2\u00a0Minuten\" \/>\n<script type=\"application\/ld+json\" class=\"yoast-schema-graph\">{\"@context\":\"https:\\\/\\\/schema.org\",\"@graph\":[{\"@type\":\"WebPage\",\"@id\":\"https:\\\/\\\/lescollectionsprivees.com\\\/parfum\\\/girl-pink-edition\\\/\",\"url\":\"https:\\\/\\\/lescollectionsprivees.com\\\/parfum\\\/girl-pink-edition\\\/\",\"name\":\"Girl de Pink Edition en 50ml - Les Collections Priv\u00e9es\",\"isPartOf\":{\"@id\":\"https:\\\/\\\/lescollectionsprivees.com\\\/#website\"},\"primaryImageOfPage\":{\"@id\":\"https:\\\/\\\/lescollectionsprivees.com\\\/parfum\\\/girl-pink-edition\\\/#primaryimage\"},\"image\":{\"@id\":\"https:\\\/\\\/lescollectionsprivees.com\\\/parfum\\\/girl-pink-edition\\\/#primaryimage\"},\"thumbnailUrl\":\"https:\\\/\\\/lescollectionsprivees.com\\\/wp-content\\\/uploads\\\/2024\\\/12\\\/BLACK-EDITION-GIRL.webp\",\"datePublished\":\"2020-02-17T15:36:48+00:00\",\"dateModified\":\"2026-03-27T08:48:24+00:00\",\"description\":\"Girl de Pink Edition vient rejoindre des parfums et senteur hors du commun. Laissez-vous charmez par ses d\u00e9licieuses fragrances en venant le d\u00e9couvrir !\",\"breadcrumb\":{\"@id\":\"https:\\\/\\\/lescollectionsprivees.com\\\/parfum\\\/girl-pink-edition\\\/#breadcrumb\"},\"inLanguage\":\"de\",\"potentialAction\":[{\"@type\":\"ReadAction\",\"target\":[\"https:\\\/\\\/lescollectionsprivees.com\\\/parfum\\\/girl-pink-edition\\\/\"]}]},{\"@type\":\"ImageObject\",\"inLanguage\":\"de\",\"@id\":\"https:\\\/\\\/lescollectionsprivees.com\\\/parfum\\\/girl-pink-edition\\\/#primaryimage\",\"url\":\"https:\\\/\\\/lescollectionsprivees.com\\\/wp-content\\\/uploads\\\/2024\\\/12\\\/BLACK-EDITION-GIRL.webp\",\"contentUrl\":\"https:\\\/\\\/lescollectionsprivees.com\\\/wp-content\\\/uploads\\\/2024\\\/12\\\/BLACK-EDITION-GIRL.webp\",\"width\":2560,\"height\":2560,\"caption\":\"BLACK-EDITION-GIRL\"},{\"@type\":\"BreadcrumbList\",\"@id\":\"https:\\\/\\\/lescollectionsprivees.com\\\/parfum\\\/girl-pink-edition\\\/#breadcrumb\",\"itemListElement\":[{\"@type\":\"ListItem\",\"position\":1,\"name\":\"Accueil\",\"item\":\"https:\\\/\\\/lescollectionsprivees.com\\\/\"},{\"@type\":\"ListItem\",\"position\":2,\"name\":\"Boutique\",\"item\":\"https:\\\/\\\/lescollectionsprivees.com\\\/boutique\\\/\"},{\"@type\":\"ListItem\",\"position\":3,\"name\":\"Girl &#8211; Pink Edition\"}]},{\"@type\":\"WebSite\",\"@id\":\"https:\\\/\\\/lescollectionsprivees.com\\\/#website\",\"url\":\"https:\\\/\\\/lescollectionsprivees.com\\\/\",\"name\":\"Les Collections Priv\u00e9es\",\"description\":\"\",\"publisher\":{\"@id\":\"https:\\\/\\\/lescollectionsprivees.com\\\/#organization\"},\"potentialAction\":[{\"@type\":\"SearchAction\",\"target\":{\"@type\":\"EntryPoint\",\"urlTemplate\":\"https:\\\/\\\/lescollectionsprivees.com\\\/?s={search_term_string}\"},\"query-input\":{\"@type\":\"PropertyValueSpecification\",\"valueRequired\":true,\"valueName\":\"search_term_string\"}}],\"inLanguage\":\"de\"},{\"@type\":\"Organization\",\"@id\":\"https:\\\/\\\/lescollectionsprivees.com\\\/#organization\",\"name\":\"Les Collections Priv\u00e9es\",\"url\":\"https:\\\/\\\/lescollectionsprivees.com\\\/\",\"logo\":{\"@type\":\"ImageObject\",\"inLanguage\":\"de\",\"@id\":\"https:\\\/\\\/lescollectionsprivees.com\\\/#\\\/schema\\\/logo\\\/image\\\/\",\"url\":\"https:\\\/\\\/lescollectionsprivees.com\\\/wp-content\\\/uploads\\\/2020\\\/02\\\/Logo-Les-Collections-Priv\u00e9es-450x450-1.png\",\"contentUrl\":\"https:\\\/\\\/lescollectionsprivees.com\\\/wp-content\\\/uploads\\\/2020\\\/02\\\/Logo-Les-Collections-Priv\u00e9es-450x450-1.png\",\"width\":450,\"height\":450,\"caption\":\"Les Collections Priv\u00e9es\"},\"image\":{\"@id\":\"https:\\\/\\\/lescollectionsprivees.com\\\/#\\\/schema\\\/logo\\\/image\\\/\"}}]}<\/script>\n<!-- \/ Yoast SEO plugin. -->","yoast_head_json":{"title":"Girl de Pink Edition in 50ml - Private Collections","description":"Girl von Pink Edition reiht sich in die Riege der au\u00dfergew\u00f6hnlichen Parfums und D\u00fcfte ein. Lassen Sie sich von seinen k\u00f6stlichen D\u00fcften verzaubern und entdecken Sie ihn!","robots":{"index":"index","follow":"follow","max-snippet":"max-snippet:-1","max-image-preview":"max-image-preview:large","max-video-preview":"max-video-preview:-1"},"canonical":"https:\/\/lescollectionsprivees.com\/de\/duft\/girl-pink-edition\/","og_locale":"de_DE","og_type":"article","og_title":"Girl de Pink Edition en 50ml - Les Collections Priv\u00e9es","og_description":"Girl de Pink Edition vient rejoindre des parfums et senteur hors du commun. Laissez-vous charmez par ses d\u00e9licieuses fragrances en venant le d\u00e9couvrir !","og_url":"https:\/\/lescollectionsprivees.com\/de\/duft\/girl-pink-edition\/","og_site_name":"Les Collections Priv\u00e9es","article_modified_time":"2026-03-27T08:48:24+00:00","og_image":[{"width":2560,"height":2560,"url":"https:\/\/lescollectionsprivees.com\/wp-content\/uploads\/2024\/12\/BLACK-EDITION-GIRL.webp","type":"image\/webp"}],"twitter_card":"summary_large_image","twitter_misc":{"Gesch\u00e4tzte Lesezeit":"2\u00a0Minuten"},"schema":{"@context":"https:\/\/schema.org","@graph":[{"@type":"WebPage","@id":"https:\/\/lescollectionsprivees.com\/parfum\/girl-pink-edition\/","url":"https:\/\/lescollectionsprivees.com\/parfum\/girl-pink-edition\/","name":"Girl de Pink Edition in 50ml - Private Collections","isPartOf":{"@id":"https:\/\/lescollectionsprivees.com\/#website"},"primaryImageOfPage":{"@id":"https:\/\/lescollectionsprivees.com\/parfum\/girl-pink-edition\/#primaryimage"},"image":{"@id":"https:\/\/lescollectionsprivees.com\/parfum\/girl-pink-edition\/#primaryimage"},"thumbnailUrl":"https:\/\/lescollectionsprivees.com\/wp-content\/uploads\/2024\/12\/BLACK-EDITION-GIRL.webp","datePublished":"2020-02-17T15:36:48+00:00","dateModified":"2026-03-27T08:48:24+00:00","description":"Girl von Pink Edition reiht sich in die Riege der au\u00dfergew\u00f6hnlichen Parfums und D\u00fcfte ein. Lassen Sie sich von seinen k\u00f6stlichen D\u00fcften verzaubern und entdecken Sie ihn!","breadcrumb":{"@id":"https:\/\/lescollectionsprivees.com\/parfum\/girl-pink-edition\/#breadcrumb"},"inLanguage":"de","potentialAction":[{"@type":"ReadAction","target":["https:\/\/lescollectionsprivees.com\/parfum\/girl-pink-edition\/"]}]},{"@type":"ImageObject","inLanguage":"de","@id":"https:\/\/lescollectionsprivees.com\/parfum\/girl-pink-edition\/#primaryimage","url":"https:\/\/lescollectionsprivees.com\/wp-content\/uploads\/2024\/12\/BLACK-EDITION-GIRL.webp","contentUrl":"https:\/\/lescollectionsprivees.com\/wp-content\/uploads\/2024\/12\/BLACK-EDITION-GIRL.webp","width":2560,"height":2560,"caption":"BLACK-EDITION-GIRL"},{"@type":"BreadcrumbList","@id":"https:\/\/lescollectionsprivees.com\/parfum\/girl-pink-edition\/#breadcrumb","itemListElement":[{"@type":"ListItem","position":1,"name":"Accueil","item":"https:\/\/lescollectionsprivees.com\/"},{"@type":"ListItem","position":2,"name":"Boutique","item":"https:\/\/lescollectionsprivees.com\/boutique\/"},{"@type":"ListItem","position":3,"name":"Girl &#8211; Pink Edition"}]},{"@type":"WebSite","@id":"https:\/\/lescollectionsprivees.com\/#website","url":"https:\/\/lescollectionsprivees.com\/","name":"Private Sammlungen","description":"","publisher":{"@id":"https:\/\/lescollectionsprivees.com\/#organization"},"potentialAction":[{"@type":"SearchAction","target":{"@type":"EntryPoint","urlTemplate":"https:\/\/lescollectionsprivees.com\/?s={search_term_string}"},"query-input":{"@type":"PropertyValueSpecification","valueRequired":true,"valueName":"search_term_string"}}],"inLanguage":"de"},{"@type":"Organization","@id":"https:\/\/lescollectionsprivees.com\/#organization","name":"Private Sammlungen","url":"https:\/\/lescollectionsprivees.com\/","logo":{"@type":"ImageObject","inLanguage":"de","@id":"https:\/\/lescollectionsprivees.com\/#\/schema\/logo\/image\/","url":"https:\/\/lescollectionsprivees.com\/wp-content\/uploads\/2020\/02\/Logo-Les-Collections-Priv\u00e9es-450x450-1.png","contentUrl":"https:\/\/lescollectionsprivees.com\/wp-content\/uploads\/2020\/02\/Logo-Les-Collections-Priv\u00e9es-450x450-1.png","width":450,"height":450,"caption":"Les Collections Priv\u00e9es"},"image":{"@id":"https:\/\/lescollectionsprivees.com\/#\/schema\/logo\/image\/"}}]}},"_links":{"self":[{"href":"https:\/\/lescollectionsprivees.com\/de\/wp-json\/wp\/v2\/product\/7109","targetHints":{"allow":["GET"]}}],"collection":[{"href":"https:\/\/lescollectionsprivees.com\/de\/wp-json\/wp\/v2\/product"}],"about":[{"href":"https:\/\/lescollectionsprivees.com\/de\/wp-json\/wp\/v2\/types\/product"}],"wp:featuredmedia":[{"embeddable":true,"href":"https:\/\/lescollectionsprivees.com\/de\/wp-json\/wp\/v2\/media\/32497"}],"wp:attachment":[{"href":"https:\/\/lescollectionsprivees.com\/de\/wp-json\/wp\/v2\/media?parent=7109"}],"wp:term":[{"taxonomy":"product_brand","embeddable":true,"href":"https:\/\/lescollectionsprivees.com\/de\/wp-json\/wp\/v2\/product_brand?post=7109"},{"taxonomy":"product_cat","embeddable":true,"href":"https:\/\/lescollectionsprivees.com\/de\/wp-json\/wp\/v2\/product_cat?post=7109"},{"taxonomy":"product_tag","embeddable":true,"href":"https:\/\/lescollectionsprivees.com\/de\/wp-json\/wp\/v2\/product_tag?post=7109"}],"curies":[{"name":"wp","href":"https:\/\/api.w.org\/{rel}","templated":true}]}}