{"id":8387,"date":"2020-04-29T00:14:32","date_gmt":"2020-04-29T00:14:32","guid":{"rendered":"https:\/\/lescollectionsprivees.com\/?post_type=product&#038;p=8387"},"modified":"2021-07-15T14:52:43","modified_gmt":"2021-07-15T14:52:43","slug":"oud-al-nujoom-abedini","status":"publish","type":"product","link":"https:\/\/lescollectionsprivees.com\/de\/parfum\/oud-al-nujoom-abedini\/","title":{"rendered":"Oud Al Nujoom - Abedini"},"content":{"rendered":"<h2><strong>Oud Al Nujoom von Abedini<\/strong><\/h2>\n<p>Oud Al Nujoom von Abedini wurde mit einer Struktur entworfen, die haupts\u00e4chlich aus Oud besteht, und interpretiert auf wunderbare Weise die ehrenhaften orientalischen Traditionen und die wunderbaren Eigenschaften der Araber. Im Gegensatz zu dem, was man sich vorstellen k\u00f6nnte, zieht dieser erhabene Duft aus Dubai viele Menschen an, die normalerweise westliche D\u00fcfte bevorzugen.<\/p>\n<p>Dieser fantastische Duft wurde auf moderne Weise entwickelt und enth\u00fcllt die wertvollen Attribute des Nahen Ostens auf originelle Weise. So verzaubert dieses exklusive Design sein Publikum, ohne sich an Grenzen zu halten. Es stimmt allerdings, dass die Menschen im Westen den besonderen Duft mittlerweile zu sch\u00e4tzen wissen. Die Marke aus den Vereinigten Arabischen Emiraten hat dies sicherlich verstanden und nutzt diesen Trend zu ihren Gunsten.<\/p>\n<h2><strong>Oud in voller St\u00e4rke In einer raffinierten Flasche<\/strong><\/h2>\n<p>Oud Al Nujoom von Abedini ist voll von Oud in seiner Zusammensetzung und k\u00fcndigt von Anfang an die Farbe an. Sicherlich erweist sich dieser uralte Stoff als eine wirksame, ja sogar unverzichtbare Zutatenwahl f\u00fcr einige gro\u00dfe orientalische Parf\u00fcmeure. Seit vielen Jahren erm\u00f6glicht diese Substanz die Herstellung au\u00dfergew\u00f6hnlicher Luxusparfums in den Golfstaaten.<\/p>\n<p>Das ber\u00fchmte Parf\u00fcmhaus aus den Emiraten verwendet das Agarholz jedoch auf subtile und geschickte Weise. Das Unternehmen schafft es, seinen starken und ausgepr\u00e4gten Geruch zu betonen und ihn gleichzeitig an die aktuellen Trends und die empfindlichsten Nasen anzupassen.<\/p>\n<p>Die \u00c4sthetik des Flakons zeigt eine unglaubliche Eleganz, die den sch\u00f6nen Landschaften der Emirate w\u00fcrdig ist. Gleichzeitig vermittelt er aber auch eine gewisse Zartheit, die die Gem\u00fcter zu beruhigen scheint und den Wunsch weckt, das bemerkenswerte Beh\u00e4ltnis zu entdecken. Daher ist dieser arabische Duft in der Lage, nahezu jedes Publikum zu z\u00e4hmen, ob im Orient oder im Okzident.<\/p>\n<h2><strong>Ein wunderbarer Fluss, der an die Segnungen der Natur erinnert<\/strong><\/h2>\n<p>Ganz klar, dieser majest\u00e4tische Duft bezieht seine Vorz\u00fcge aus der Natur. Seine nat\u00fcrlichen und reinen Inhaltsstoffe beweisen seine hohe Qualit\u00e4t und garantieren seine Authentizit\u00e4t. Wenn Sie seine kostbaren D\u00fcfte einatmen, werden Sie das Gef\u00fchl haben, die sensationellen Landschaften des Nahen Ostens an sich vorbeiziehen zu sehen.<\/p>\n<p>Auch seine charmanten D\u00fcfte mit ihren harmonischen Akkorden faszinieren M\u00e4nner und Frauen gleicherma\u00dfen. Dar\u00fcber hinaus hat dieser unwiderstehliche Duft eine beeindruckende Sillage und eine \u00fcberraschende Projektion. Z\u00f6gern Sie also nicht, sich mit diesem frischen und verf\u00fchrerischen Duft einzuh\u00fcllen.<\/p>","protected":false},"excerpt":{"rendered":"<p><strong><u>Technische Daten :<\/u><\/strong><\/p>\n<p><strong>Name des Duftes<\/strong> : Oud Al Nujoom<br \/>\n<strong>Marke<\/strong> : Abedini<br \/>\n<strong>Genre<\/strong> : Unisex<br \/>\n<strong>Inhalt<\/strong> : 100 mL<\/p>","protected":false},"featured_media":8374,"template":"","meta":[],"product_brand":[],"product_cat":[15],"product_tag":[],"class_list":{"0":"post-8387","1":"product","2":"type-product","3":"status-publish","4":"has-post-thumbnail","6":"product_cat-parfums-de-dubai","7":"pa_marque-abedini","9":"first","10":"outofstock","11":"taxable","12":"shipping-taxable","13":"purchasable","14":"product-type-simple"},"yoast_head":"<!-- This site is optimized with the Yoast SEO plugin v27.5 - https:\/\/yoast.com\/product\/yoast-seo-wordpress\/ -->\n<title>Oud Al Nujoom De Abedini en 100 ml - Les Collections Priv\u00e9es<\/title>\n<meta name=\"description\" content=\"Con\u00e7u \u00e0 base d&#039;oud, Oud Al Nujoom\u00a0de Abedini interpr\u00e8te magnifiquement les honorables traditions orientales. D\u00e9couvrez ce parfum d&#039;exception\u00a0!\" \/>\n<meta name=\"robots\" content=\"index, follow, max-snippet:-1, max-image-preview:large, max-video-preview:-1\" \/>\n<link rel=\"canonical\" href=\"https:\/\/lescollectionsprivees.com\/de\/duft\/oud-al-nujoom-abedini\/\" \/>\n<meta property=\"og:locale\" content=\"de_DE\" \/>\n<meta property=\"og:type\" content=\"article\" \/>\n<meta property=\"og:title\" content=\"Oud Al Nujoom De Abedini en 100 ml - Les Collections Priv\u00e9es\" \/>\n<meta property=\"og:description\" content=\"Con\u00e7u \u00e0 base d&#039;oud, Oud Al Nujoom\u00a0de Abedini interpr\u00e8te magnifiquement les honorables traditions orientales. D\u00e9couvrez ce parfum d&#039;exception\u00a0!\" \/>\n<meta property=\"og:url\" content=\"https:\/\/lescollectionsprivees.com\/de\/duft\/oud-al-nujoom-abedini\/\" \/>\n<meta property=\"og:site_name\" content=\"Les Collections Priv\u00e9es\" \/>\n<meta property=\"article:modified_time\" content=\"2021-07-15T14:52:43+00:00\" \/>\n<meta property=\"og:image\" content=\"https:\/\/lescollectionsprivees.com\/wp-content\/uploads\/2020\/04\/Oud-Al-Nujoom-Abedini-Les-Collections-Priv\u00e9es.jpg\" \/>\n\t<meta property=\"og:image:width\" content=\"521\" \/>\n\t<meta property=\"og:image:height\" content=\"695\" \/>\n\t<meta property=\"og:image:type\" content=\"image\/jpeg\" \/>\n<meta name=\"twitter:card\" content=\"summary_large_image\" \/>\n<meta name=\"twitter:label1\" content=\"Gesch\u00e4tzte Lesezeit\" \/>\n\t<meta name=\"twitter:data1\" content=\"2\u00a0Minuten\" \/>\n<script type=\"application\/ld+json\" class=\"yoast-schema-graph\">{\"@context\":\"https:\\\/\\\/schema.org\",\"@graph\":[{\"@type\":\"WebPage\",\"@id\":\"https:\\\/\\\/lescollectionsprivees.com\\\/parfum\\\/oud-al-nujoom-abedini\\\/\",\"url\":\"https:\\\/\\\/lescollectionsprivees.com\\\/parfum\\\/oud-al-nujoom-abedini\\\/\",\"name\":\"Oud Al Nujoom De Abedini en 100 ml - Les Collections Priv\u00e9es\",\"isPartOf\":{\"@id\":\"https:\\\/\\\/lescollectionsprivees.com\\\/#website\"},\"primaryImageOfPage\":{\"@id\":\"https:\\\/\\\/lescollectionsprivees.com\\\/parfum\\\/oud-al-nujoom-abedini\\\/#primaryimage\"},\"image\":{\"@id\":\"https:\\\/\\\/lescollectionsprivees.com\\\/parfum\\\/oud-al-nujoom-abedini\\\/#primaryimage\"},\"thumbnailUrl\":\"https:\\\/\\\/lescollectionsprivees.com\\\/wp-content\\\/uploads\\\/2020\\\/04\\\/Oud-Al-Nujoom-Abedini-Les-Collections-Priv\u00e9es.jpg\",\"datePublished\":\"2020-04-29T00:14:32+00:00\",\"dateModified\":\"2021-07-15T14:52:43+00:00\",\"description\":\"Con\u00e7u \u00e0 base d'oud, Oud Al Nujoom\u00a0de Abedini interpr\u00e8te magnifiquement les honorables traditions orientales. D\u00e9couvrez ce parfum d'exception\u00a0!\",\"breadcrumb\":{\"@id\":\"https:\\\/\\\/lescollectionsprivees.com\\\/parfum\\\/oud-al-nujoom-abedini\\\/#breadcrumb\"},\"inLanguage\":\"de\",\"potentialAction\":[{\"@type\":\"ReadAction\",\"target\":[\"https:\\\/\\\/lescollectionsprivees.com\\\/parfum\\\/oud-al-nujoom-abedini\\\/\"]}]},{\"@type\":\"ImageObject\",\"inLanguage\":\"de\",\"@id\":\"https:\\\/\\\/lescollectionsprivees.com\\\/parfum\\\/oud-al-nujoom-abedini\\\/#primaryimage\",\"url\":\"https:\\\/\\\/lescollectionsprivees.com\\\/wp-content\\\/uploads\\\/2020\\\/04\\\/Oud-Al-Nujoom-Abedini-Les-Collections-Priv\u00e9es.jpg\",\"contentUrl\":\"https:\\\/\\\/lescollectionsprivees.com\\\/wp-content\\\/uploads\\\/2020\\\/04\\\/Oud-Al-Nujoom-Abedini-Les-Collections-Priv\u00e9es.jpg\",\"width\":521,\"height\":695,\"caption\":\"Oud Al Nujoom - Abedini - Les Collections Priv\u00e9es\"},{\"@type\":\"BreadcrumbList\",\"@id\":\"https:\\\/\\\/lescollectionsprivees.com\\\/parfum\\\/oud-al-nujoom-abedini\\\/#breadcrumb\",\"itemListElement\":[{\"@type\":\"ListItem\",\"position\":1,\"name\":\"Accueil\",\"item\":\"https:\\\/\\\/lescollectionsprivees.com\\\/\"},{\"@type\":\"ListItem\",\"position\":2,\"name\":\"Boutique\",\"item\":\"https:\\\/\\\/lescollectionsprivees.com\\\/boutique\\\/\"},{\"@type\":\"ListItem\",\"position\":3,\"name\":\"Oud Al Nujoom &#8211; Abedini\"}]},{\"@type\":\"WebSite\",\"@id\":\"https:\\\/\\\/lescollectionsprivees.com\\\/#website\",\"url\":\"https:\\\/\\\/lescollectionsprivees.com\\\/\",\"name\":\"Les Collections Priv\u00e9es\",\"description\":\"\",\"publisher\":{\"@id\":\"https:\\\/\\\/lescollectionsprivees.com\\\/#organization\"},\"potentialAction\":[{\"@type\":\"SearchAction\",\"target\":{\"@type\":\"EntryPoint\",\"urlTemplate\":\"https:\\\/\\\/lescollectionsprivees.com\\\/?s={search_term_string}\"},\"query-input\":{\"@type\":\"PropertyValueSpecification\",\"valueRequired\":true,\"valueName\":\"search_term_string\"}}],\"inLanguage\":\"de\"},{\"@type\":\"Organization\",\"@id\":\"https:\\\/\\\/lescollectionsprivees.com\\\/#organization\",\"name\":\"Les Collections Priv\u00e9es\",\"url\":\"https:\\\/\\\/lescollectionsprivees.com\\\/\",\"logo\":{\"@type\":\"ImageObject\",\"inLanguage\":\"de\",\"@id\":\"https:\\\/\\\/lescollectionsprivees.com\\\/#\\\/schema\\\/logo\\\/image\\\/\",\"url\":\"https:\\\/\\\/lescollectionsprivees.com\\\/wp-content\\\/uploads\\\/2020\\\/02\\\/Logo-Les-Collections-Priv\u00e9es-450x450-1.png\",\"contentUrl\":\"https:\\\/\\\/lescollectionsprivees.com\\\/wp-content\\\/uploads\\\/2020\\\/02\\\/Logo-Les-Collections-Priv\u00e9es-450x450-1.png\",\"width\":450,\"height\":450,\"caption\":\"Les Collections Priv\u00e9es\"},\"image\":{\"@id\":\"https:\\\/\\\/lescollectionsprivees.com\\\/#\\\/schema\\\/logo\\\/image\\\/\"}}]}<\/script>\n<!-- \/ Yoast SEO plugin. -->","yoast_head_json":{"title":"Oud Al Nujoom Von Abedini in 100 ml - Private Kollektionen","description":"Oud Al Nujoom von Abedini wurde auf der Basis von Oud entwickelt und interpretiert auf wunderbare Weise die ehrenwerten orientalischen Traditionen. Entdecken Sie diesen au\u00dfergew\u00f6hnlichen Duft!","robots":{"index":"index","follow":"follow","max-snippet":"max-snippet:-1","max-image-preview":"max-image-preview:large","max-video-preview":"max-video-preview:-1"},"canonical":"https:\/\/lescollectionsprivees.com\/de\/duft\/oud-al-nujoom-abedini\/","og_locale":"de_DE","og_type":"article","og_title":"Oud Al Nujoom De Abedini en 100 ml - Les Collections Priv\u00e9es","og_description":"Con\u00e7u \u00e0 base d'oud, Oud Al Nujoom\u00a0de Abedini interpr\u00e8te magnifiquement les honorables traditions orientales. D\u00e9couvrez ce parfum d'exception\u00a0!","og_url":"https:\/\/lescollectionsprivees.com\/de\/duft\/oud-al-nujoom-abedini\/","og_site_name":"Les Collections Priv\u00e9es","article_modified_time":"2021-07-15T14:52:43+00:00","og_image":[{"width":521,"height":695,"url":"https:\/\/lescollectionsprivees.com\/wp-content\/uploads\/2020\/04\/Oud-Al-Nujoom-Abedini-Les-Collections-Priv\u00e9es.jpg","type":"image\/jpeg"}],"twitter_card":"summary_large_image","twitter_misc":{"Gesch\u00e4tzte Lesezeit":"2\u00a0Minuten"},"schema":{"@context":"https:\/\/schema.org","@graph":[{"@type":"WebPage","@id":"https:\/\/lescollectionsprivees.com\/parfum\/oud-al-nujoom-abedini\/","url":"https:\/\/lescollectionsprivees.com\/parfum\/oud-al-nujoom-abedini\/","name":"Oud Al Nujoom Von Abedini in 100 ml - Private Kollektionen","isPartOf":{"@id":"https:\/\/lescollectionsprivees.com\/#website"},"primaryImageOfPage":{"@id":"https:\/\/lescollectionsprivees.com\/parfum\/oud-al-nujoom-abedini\/#primaryimage"},"image":{"@id":"https:\/\/lescollectionsprivees.com\/parfum\/oud-al-nujoom-abedini\/#primaryimage"},"thumbnailUrl":"https:\/\/lescollectionsprivees.com\/wp-content\/uploads\/2020\/04\/Oud-Al-Nujoom-Abedini-Les-Collections-Priv\u00e9es.jpg","datePublished":"2020-04-29T00:14:32+00:00","dateModified":"2021-07-15T14:52:43+00:00","description":"Oud Al Nujoom von Abedini wurde auf der Basis von Oud entwickelt und interpretiert auf wunderbare Weise die ehrenwerten orientalischen Traditionen. Entdecken Sie diesen au\u00dfergew\u00f6hnlichen Duft!","breadcrumb":{"@id":"https:\/\/lescollectionsprivees.com\/parfum\/oud-al-nujoom-abedini\/#breadcrumb"},"inLanguage":"de","potentialAction":[{"@type":"ReadAction","target":["https:\/\/lescollectionsprivees.com\/parfum\/oud-al-nujoom-abedini\/"]}]},{"@type":"ImageObject","inLanguage":"de","@id":"https:\/\/lescollectionsprivees.com\/parfum\/oud-al-nujoom-abedini\/#primaryimage","url":"https:\/\/lescollectionsprivees.com\/wp-content\/uploads\/2020\/04\/Oud-Al-Nujoom-Abedini-Les-Collections-Priv\u00e9es.jpg","contentUrl":"https:\/\/lescollectionsprivees.com\/wp-content\/uploads\/2020\/04\/Oud-Al-Nujoom-Abedini-Les-Collections-Priv\u00e9es.jpg","width":521,"height":695,"caption":"Oud Al Nujoom - Abedini - Les Collections Priv\u00e9es"},{"@type":"BreadcrumbList","@id":"https:\/\/lescollectionsprivees.com\/parfum\/oud-al-nujoom-abedini\/#breadcrumb","itemListElement":[{"@type":"ListItem","position":1,"name":"Accueil","item":"https:\/\/lescollectionsprivees.com\/"},{"@type":"ListItem","position":2,"name":"Boutique","item":"https:\/\/lescollectionsprivees.com\/boutique\/"},{"@type":"ListItem","position":3,"name":"Oud Al Nujoom &#8211; Abedini"}]},{"@type":"WebSite","@id":"https:\/\/lescollectionsprivees.com\/#website","url":"https:\/\/lescollectionsprivees.com\/","name":"Private Sammlungen","description":"","publisher":{"@id":"https:\/\/lescollectionsprivees.com\/#organization"},"potentialAction":[{"@type":"SearchAction","target":{"@type":"EntryPoint","urlTemplate":"https:\/\/lescollectionsprivees.com\/?s={search_term_string}"},"query-input":{"@type":"PropertyValueSpecification","valueRequired":true,"valueName":"search_term_string"}}],"inLanguage":"de"},{"@type":"Organization","@id":"https:\/\/lescollectionsprivees.com\/#organization","name":"Private Sammlungen","url":"https:\/\/lescollectionsprivees.com\/","logo":{"@type":"ImageObject","inLanguage":"de","@id":"https:\/\/lescollectionsprivees.com\/#\/schema\/logo\/image\/","url":"https:\/\/lescollectionsprivees.com\/wp-content\/uploads\/2020\/02\/Logo-Les-Collections-Priv\u00e9es-450x450-1.png","contentUrl":"https:\/\/lescollectionsprivees.com\/wp-content\/uploads\/2020\/02\/Logo-Les-Collections-Priv\u00e9es-450x450-1.png","width":450,"height":450,"caption":"Les Collections Priv\u00e9es"},"image":{"@id":"https:\/\/lescollectionsprivees.com\/#\/schema\/logo\/image\/"}}]}},"_links":{"self":[{"href":"https:\/\/lescollectionsprivees.com\/de\/wp-json\/wp\/v2\/product\/8387","targetHints":{"allow":["GET"]}}],"collection":[{"href":"https:\/\/lescollectionsprivees.com\/de\/wp-json\/wp\/v2\/product"}],"about":[{"href":"https:\/\/lescollectionsprivees.com\/de\/wp-json\/wp\/v2\/types\/product"}],"wp:featuredmedia":[{"embeddable":true,"href":"https:\/\/lescollectionsprivees.com\/de\/wp-json\/wp\/v2\/media\/8374"}],"wp:attachment":[{"href":"https:\/\/lescollectionsprivees.com\/de\/wp-json\/wp\/v2\/media?parent=8387"}],"wp:term":[{"taxonomy":"product_brand","embeddable":true,"href":"https:\/\/lescollectionsprivees.com\/de\/wp-json\/wp\/v2\/product_brand?post=8387"},{"taxonomy":"product_cat","embeddable":true,"href":"https:\/\/lescollectionsprivees.com\/de\/wp-json\/wp\/v2\/product_cat?post=8387"},{"taxonomy":"product_tag","embeddable":true,"href":"https:\/\/lescollectionsprivees.com\/de\/wp-json\/wp\/v2\/product_tag?post=8387"}],"curies":[{"name":"wp","href":"https:\/\/api.w.org\/{rel}","templated":true}]}}