{"id":8389,"date":"2020-04-29T00:20:53","date_gmt":"2020-04-29T00:20:53","guid":{"rendered":"https:\/\/lescollectionsprivees.com\/?post_type=product&#038;p=8389"},"modified":"2024-08-27T14:13:00","modified_gmt":"2024-08-27T14:13:00","slug":"fakhar-al-oud-ard-al-zaafaran","status":"publish","type":"product","link":"https:\/\/lescollectionsprivees.com\/de\/parfum\/fakhar-al-oud-ard-al-zaafaran\/","title":{"rendered":"Fakhar Al Oud - Ard Al Zaafaran"},"content":{"rendered":"<h2><strong>Fakhar Al Oud von Ard Al Zaafaran<\/strong><\/h2>\n<p>Der vibrierende und pr\u00e4chtige Fakhar Al Oud von Ard Al Zaafaran nimmt Ihren Geist durch seine majest\u00e4tischen Emanationen mit orientalischen, w\u00fcrzigen, balsamischen, blumigen, holzigen, ambrierten und moschusartigen Noten in sich auf. Ein Luxusduft, der sich seinen Platz unter den besten Entw\u00fcrfen der ber\u00fchmten Marke aus den Emiraten verdient hat. In der Tat verstr\u00f6mt dieser faszinierende Duft erhabene und begehrenswerte D\u00fcfte, die Sie in eine neue Dimension eintauchen lassen.<\/p>\n<h2><strong>Ein luxuri\u00f6ser Abfluss, der die Kunst des Nahen Ostens atmet<\/strong><\/h2>\n<p>Wie seine Artgenossen interpretiert auch Fakhar Al Oud von Ard Al Zaafaran das orientalische Erbe auf wunderbare Weise. Es versteht sich von selbst, dass dieser Duft aus Dubai spezifische Merkmale der Traditionen des Nahen Ostens aufweist.<\/p>\n<p>Sie brauchen nur seinen wunderbaren Duft einzuatmen, um sich dessen bewusst zu werden. Sie k\u00f6nnen diese Besonderheit auch leicht an der fantastischen Verpackung und der Flasche mit der h\u00fcbschen traditionellen Quaste erkennen.<\/p>\n<p>Doch auch Nasen, die westliche D\u00fcfte bevorzugen, fallen in den Bann. Alles in allem ist dieser herrliche arabische Duft bei M\u00e4nnern und Frauen gleicherma\u00dfen beliebt. Au\u00dferdem wird er in allen L\u00e4ndern der Welt gesch\u00e4tzt.<\/p>\n<h2><strong>Eine pr\u00e4chtige Komposition und eine au\u00dfergew\u00f6hnliche Sillage<\/strong><\/h2>\n<p>Was diesen Duft aus dem Orient so beliebt macht, ist sein reiches und prunkvolles Duftprofil. Die Kopfnote ist orientalisch und w\u00fcrzig mit Nagarmotha, Muskat und Safran.<\/p>\n<p>Ebenso werden Sie seiner orientalischen, holzigen und blumigen Herznote vollkommen erliegen. Eine unwiderstehliche Mischung aus Sandelholz, Zedernholz, Gurjun-Holz, Guajakholz, Patchouli und Jasmin, die Sie berauschen wird.<\/p>\n<p>Die Basisnote aus Moschus, Amber und Balsam, die aus Vanille und Tonka gewonnen wird, wird Sie intensiv verf\u00fchren. Dieses bemerkenswerte Parfum hat eine beeindruckende Sillage und eine zufriedenstellende Projektion. Dieses orientalische Schmuckst\u00fcck wird Ihre Tage und Abende versch\u00f6nern.<\/p>","protected":false},"excerpt":{"rendered":"<p><strong><u>Technische Daten :<\/u><\/strong><\/p>\n<p><strong>Name des Duftes<\/strong> : Fakhar Al Oud<br \/>\n<strong>Marke :<\/strong> Ard Al Zaafaran<br \/>\n<strong>Genre<\/strong> : Unisex<br \/>\n<strong>Inhalt<\/strong> : 100 mL<\/p>","protected":false},"featured_media":8373,"template":"","meta":[],"product_brand":[],"product_cat":[274,15],"product_tag":[],"class_list":{"0":"post-8389","1":"product","2":"type-product","3":"status-publish","4":"has-post-thumbnail","6":"product_cat-ard-al-zaafaran","7":"product_cat-parfums-de-dubai","8":"pa_marque-ard-al-zaafaran","10":"first","11":"instock","12":"taxable","13":"shipping-taxable","14":"purchasable","15":"product-type-simple"},"yoast_head":"<!-- This site is optimized with the Yoast SEO plugin v27.5 - https:\/\/yoast.com\/product\/yoast-seo-wordpress\/ -->\n<title>Fakhar Al Oud de Ard Al Zaafaran en 100 ml - Les Collections Priv\u00e9es<\/title>\n<meta name=\"description\" content=\"Parfum oriental vibrant et somptueux, Fakhar Al Oud de Ard Al Zaafaran absorbe votre esprit \u00e0 travers ses majestueuses \u00e9manations. Venez vite le d\u00e9couvrir\u00a0!\" \/>\n<meta name=\"robots\" content=\"index, follow, max-snippet:-1, max-image-preview:large, max-video-preview:-1\" \/>\n<link rel=\"canonical\" href=\"https:\/\/lescollectionsprivees.com\/de\/duft\/fakhar-al-oud-ard-al-zaafaran\/\" \/>\n<meta property=\"og:locale\" content=\"de_DE\" \/>\n<meta property=\"og:type\" content=\"article\" \/>\n<meta property=\"og:title\" content=\"Fakhar Al Oud de Ard Al Zaafaran en 100 ml - Les Collections Priv\u00e9es\" \/>\n<meta property=\"og:description\" content=\"Parfum oriental vibrant et somptueux, Fakhar Al Oud de Ard Al Zaafaran absorbe votre esprit \u00e0 travers ses majestueuses \u00e9manations. Venez vite le d\u00e9couvrir\u00a0!\" \/>\n<meta property=\"og:url\" content=\"https:\/\/lescollectionsprivees.com\/de\/duft\/fakhar-al-oud-ard-al-zaafaran\/\" \/>\n<meta property=\"og:site_name\" content=\"Les Collections Priv\u00e9es\" \/>\n<meta property=\"article:modified_time\" content=\"2024-08-27T14:13:00+00:00\" \/>\n<meta property=\"og:image\" content=\"https:\/\/lescollectionsprivees.com\/wp-content\/uploads\/2020\/04\/Fakhar-Al-Oud-Les-Collections-Priv\u00e9es.jpg\" \/>\n\t<meta property=\"og:image:width\" content=\"521\" \/>\n\t<meta property=\"og:image:height\" content=\"695\" \/>\n\t<meta property=\"og:image:type\" content=\"image\/jpeg\" \/>\n<meta name=\"twitter:card\" content=\"summary_large_image\" \/>\n<meta name=\"twitter:label1\" content=\"Gesch\u00e4tzte Lesezeit\" \/>\n\t<meta name=\"twitter:data1\" content=\"2\u00a0Minuten\" \/>\n<script type=\"application\/ld+json\" class=\"yoast-schema-graph\">{\"@context\":\"https:\\\/\\\/schema.org\",\"@graph\":[{\"@type\":\"WebPage\",\"@id\":\"https:\\\/\\\/lescollectionsprivees.com\\\/parfum\\\/fakhar-al-oud-ard-al-zaafaran\\\/\",\"url\":\"https:\\\/\\\/lescollectionsprivees.com\\\/parfum\\\/fakhar-al-oud-ard-al-zaafaran\\\/\",\"name\":\"Fakhar Al Oud de Ard Al Zaafaran en 100 ml - Les Collections Priv\u00e9es\",\"isPartOf\":{\"@id\":\"https:\\\/\\\/lescollectionsprivees.com\\\/#website\"},\"primaryImageOfPage\":{\"@id\":\"https:\\\/\\\/lescollectionsprivees.com\\\/parfum\\\/fakhar-al-oud-ard-al-zaafaran\\\/#primaryimage\"},\"image\":{\"@id\":\"https:\\\/\\\/lescollectionsprivees.com\\\/parfum\\\/fakhar-al-oud-ard-al-zaafaran\\\/#primaryimage\"},\"thumbnailUrl\":\"https:\\\/\\\/lescollectionsprivees.com\\\/wp-content\\\/uploads\\\/2020\\\/04\\\/Fakhar-Al-Oud-Les-Collections-Priv\u00e9es.jpg\",\"datePublished\":\"2020-04-29T00:20:53+00:00\",\"dateModified\":\"2024-08-27T14:13:00+00:00\",\"description\":\"Parfum oriental vibrant et somptueux, Fakhar Al Oud de Ard Al Zaafaran absorbe votre esprit \u00e0 travers ses majestueuses \u00e9manations. Venez vite le d\u00e9couvrir\u00a0!\",\"breadcrumb\":{\"@id\":\"https:\\\/\\\/lescollectionsprivees.com\\\/parfum\\\/fakhar-al-oud-ard-al-zaafaran\\\/#breadcrumb\"},\"inLanguage\":\"de\",\"potentialAction\":[{\"@type\":\"ReadAction\",\"target\":[\"https:\\\/\\\/lescollectionsprivees.com\\\/parfum\\\/fakhar-al-oud-ard-al-zaafaran\\\/\"]}]},{\"@type\":\"ImageObject\",\"inLanguage\":\"de\",\"@id\":\"https:\\\/\\\/lescollectionsprivees.com\\\/parfum\\\/fakhar-al-oud-ard-al-zaafaran\\\/#primaryimage\",\"url\":\"https:\\\/\\\/lescollectionsprivees.com\\\/wp-content\\\/uploads\\\/2020\\\/04\\\/Fakhar-Al-Oud-Les-Collections-Priv\u00e9es.jpg\",\"contentUrl\":\"https:\\\/\\\/lescollectionsprivees.com\\\/wp-content\\\/uploads\\\/2020\\\/04\\\/Fakhar-Al-Oud-Les-Collections-Priv\u00e9es.jpg\",\"width\":521,\"height\":695,\"caption\":\"Fakhar Al Oud de Ard Al Zaafaran - Les Collections Priv\u00e9es\"},{\"@type\":\"BreadcrumbList\",\"@id\":\"https:\\\/\\\/lescollectionsprivees.com\\\/parfum\\\/fakhar-al-oud-ard-al-zaafaran\\\/#breadcrumb\",\"itemListElement\":[{\"@type\":\"ListItem\",\"position\":1,\"name\":\"Accueil\",\"item\":\"https:\\\/\\\/lescollectionsprivees.com\\\/\"},{\"@type\":\"ListItem\",\"position\":2,\"name\":\"Boutique\",\"item\":\"https:\\\/\\\/lescollectionsprivees.com\\\/boutique\\\/\"},{\"@type\":\"ListItem\",\"position\":3,\"name\":\"Fakhar Al Oud &#8211; Ard Al Zaafaran\"}]},{\"@type\":\"WebSite\",\"@id\":\"https:\\\/\\\/lescollectionsprivees.com\\\/#website\",\"url\":\"https:\\\/\\\/lescollectionsprivees.com\\\/\",\"name\":\"Les Collections Priv\u00e9es\",\"description\":\"\",\"publisher\":{\"@id\":\"https:\\\/\\\/lescollectionsprivees.com\\\/#organization\"},\"potentialAction\":[{\"@type\":\"SearchAction\",\"target\":{\"@type\":\"EntryPoint\",\"urlTemplate\":\"https:\\\/\\\/lescollectionsprivees.com\\\/?s={search_term_string}\"},\"query-input\":{\"@type\":\"PropertyValueSpecification\",\"valueRequired\":true,\"valueName\":\"search_term_string\"}}],\"inLanguage\":\"de\"},{\"@type\":\"Organization\",\"@id\":\"https:\\\/\\\/lescollectionsprivees.com\\\/#organization\",\"name\":\"Les Collections Priv\u00e9es\",\"url\":\"https:\\\/\\\/lescollectionsprivees.com\\\/\",\"logo\":{\"@type\":\"ImageObject\",\"inLanguage\":\"de\",\"@id\":\"https:\\\/\\\/lescollectionsprivees.com\\\/#\\\/schema\\\/logo\\\/image\\\/\",\"url\":\"https:\\\/\\\/lescollectionsprivees.com\\\/wp-content\\\/uploads\\\/2020\\\/02\\\/Logo-Les-Collections-Priv\u00e9es-450x450-1.png\",\"contentUrl\":\"https:\\\/\\\/lescollectionsprivees.com\\\/wp-content\\\/uploads\\\/2020\\\/02\\\/Logo-Les-Collections-Priv\u00e9es-450x450-1.png\",\"width\":450,\"height\":450,\"caption\":\"Les Collections Priv\u00e9es\"},\"image\":{\"@id\":\"https:\\\/\\\/lescollectionsprivees.com\\\/#\\\/schema\\\/logo\\\/image\\\/\"}}]}<\/script>\n<!-- \/ Yoast SEO plugin. -->","yoast_head_json":{"title":"Fakhar Al Oud von Ard Al Zaafaran in 100 ml - Private Collections","description":"Fakhar Al Oud von Ard Al Zaafaran ist ein vibrierender und pr\u00e4chtiger orientalischer Duft, der Ihren Geist durch seine majest\u00e4tischen Ausd\u00fcnstungen absorbiert. Entdecken Sie ihn schnell!","robots":{"index":"index","follow":"follow","max-snippet":"max-snippet:-1","max-image-preview":"max-image-preview:large","max-video-preview":"max-video-preview:-1"},"canonical":"https:\/\/lescollectionsprivees.com\/de\/duft\/fakhar-al-oud-ard-al-zaafaran\/","og_locale":"de_DE","og_type":"article","og_title":"Fakhar Al Oud de Ard Al Zaafaran en 100 ml - Les Collections Priv\u00e9es","og_description":"Parfum oriental vibrant et somptueux, Fakhar Al Oud de Ard Al Zaafaran absorbe votre esprit \u00e0 travers ses majestueuses \u00e9manations. Venez vite le d\u00e9couvrir\u00a0!","og_url":"https:\/\/lescollectionsprivees.com\/de\/duft\/fakhar-al-oud-ard-al-zaafaran\/","og_site_name":"Les Collections Priv\u00e9es","article_modified_time":"2024-08-27T14:13:00+00:00","og_image":[{"width":521,"height":695,"url":"https:\/\/lescollectionsprivees.com\/wp-content\/uploads\/2020\/04\/Fakhar-Al-Oud-Les-Collections-Priv\u00e9es.jpg","type":"image\/jpeg"}],"twitter_card":"summary_large_image","twitter_misc":{"Gesch\u00e4tzte Lesezeit":"2\u00a0Minuten"},"schema":{"@context":"https:\/\/schema.org","@graph":[{"@type":"WebPage","@id":"https:\/\/lescollectionsprivees.com\/parfum\/fakhar-al-oud-ard-al-zaafaran\/","url":"https:\/\/lescollectionsprivees.com\/parfum\/fakhar-al-oud-ard-al-zaafaran\/","name":"Fakhar Al Oud von Ard Al Zaafaran in 100 ml - Private Collections","isPartOf":{"@id":"https:\/\/lescollectionsprivees.com\/#website"},"primaryImageOfPage":{"@id":"https:\/\/lescollectionsprivees.com\/parfum\/fakhar-al-oud-ard-al-zaafaran\/#primaryimage"},"image":{"@id":"https:\/\/lescollectionsprivees.com\/parfum\/fakhar-al-oud-ard-al-zaafaran\/#primaryimage"},"thumbnailUrl":"https:\/\/lescollectionsprivees.com\/wp-content\/uploads\/2020\/04\/Fakhar-Al-Oud-Les-Collections-Priv\u00e9es.jpg","datePublished":"2020-04-29T00:20:53+00:00","dateModified":"2024-08-27T14:13:00+00:00","description":"Fakhar Al Oud von Ard Al Zaafaran ist ein vibrierender und pr\u00e4chtiger orientalischer Duft, der Ihren Geist durch seine majest\u00e4tischen Ausd\u00fcnstungen absorbiert. Entdecken Sie ihn schnell!","breadcrumb":{"@id":"https:\/\/lescollectionsprivees.com\/parfum\/fakhar-al-oud-ard-al-zaafaran\/#breadcrumb"},"inLanguage":"de","potentialAction":[{"@type":"ReadAction","target":["https:\/\/lescollectionsprivees.com\/parfum\/fakhar-al-oud-ard-al-zaafaran\/"]}]},{"@type":"ImageObject","inLanguage":"de","@id":"https:\/\/lescollectionsprivees.com\/parfum\/fakhar-al-oud-ard-al-zaafaran\/#primaryimage","url":"https:\/\/lescollectionsprivees.com\/wp-content\/uploads\/2020\/04\/Fakhar-Al-Oud-Les-Collections-Priv\u00e9es.jpg","contentUrl":"https:\/\/lescollectionsprivees.com\/wp-content\/uploads\/2020\/04\/Fakhar-Al-Oud-Les-Collections-Priv\u00e9es.jpg","width":521,"height":695,"caption":"Fakhar Al Oud de Ard Al Zaafaran - Les Collections Priv\u00e9es"},{"@type":"BreadcrumbList","@id":"https:\/\/lescollectionsprivees.com\/parfum\/fakhar-al-oud-ard-al-zaafaran\/#breadcrumb","itemListElement":[{"@type":"ListItem","position":1,"name":"Accueil","item":"https:\/\/lescollectionsprivees.com\/"},{"@type":"ListItem","position":2,"name":"Boutique","item":"https:\/\/lescollectionsprivees.com\/boutique\/"},{"@type":"ListItem","position":3,"name":"Fakhar Al Oud &#8211; Ard Al Zaafaran"}]},{"@type":"WebSite","@id":"https:\/\/lescollectionsprivees.com\/#website","url":"https:\/\/lescollectionsprivees.com\/","name":"Private Sammlungen","description":"","publisher":{"@id":"https:\/\/lescollectionsprivees.com\/#organization"},"potentialAction":[{"@type":"SearchAction","target":{"@type":"EntryPoint","urlTemplate":"https:\/\/lescollectionsprivees.com\/?s={search_term_string}"},"query-input":{"@type":"PropertyValueSpecification","valueRequired":true,"valueName":"search_term_string"}}],"inLanguage":"de"},{"@type":"Organization","@id":"https:\/\/lescollectionsprivees.com\/#organization","name":"Private Sammlungen","url":"https:\/\/lescollectionsprivees.com\/","logo":{"@type":"ImageObject","inLanguage":"de","@id":"https:\/\/lescollectionsprivees.com\/#\/schema\/logo\/image\/","url":"https:\/\/lescollectionsprivees.com\/wp-content\/uploads\/2020\/02\/Logo-Les-Collections-Priv\u00e9es-450x450-1.png","contentUrl":"https:\/\/lescollectionsprivees.com\/wp-content\/uploads\/2020\/02\/Logo-Les-Collections-Priv\u00e9es-450x450-1.png","width":450,"height":450,"caption":"Les Collections Priv\u00e9es"},"image":{"@id":"https:\/\/lescollectionsprivees.com\/#\/schema\/logo\/image\/"}}]}},"_links":{"self":[{"href":"https:\/\/lescollectionsprivees.com\/de\/wp-json\/wp\/v2\/product\/8389","targetHints":{"allow":["GET"]}}],"collection":[{"href":"https:\/\/lescollectionsprivees.com\/de\/wp-json\/wp\/v2\/product"}],"about":[{"href":"https:\/\/lescollectionsprivees.com\/de\/wp-json\/wp\/v2\/types\/product"}],"wp:featuredmedia":[{"embeddable":true,"href":"https:\/\/lescollectionsprivees.com\/de\/wp-json\/wp\/v2\/media\/8373"}],"wp:attachment":[{"href":"https:\/\/lescollectionsprivees.com\/de\/wp-json\/wp\/v2\/media?parent=8389"}],"wp:term":[{"taxonomy":"product_brand","embeddable":true,"href":"https:\/\/lescollectionsprivees.com\/de\/wp-json\/wp\/v2\/product_brand?post=8389"},{"taxonomy":"product_cat","embeddable":true,"href":"https:\/\/lescollectionsprivees.com\/de\/wp-json\/wp\/v2\/product_cat?post=8389"},{"taxonomy":"product_tag","embeddable":true,"href":"https:\/\/lescollectionsprivees.com\/de\/wp-json\/wp\/v2\/product_tag?post=8389"}],"curies":[{"name":"wp","href":"https:\/\/api.w.org\/{rel}","templated":true}]}}