{"id":10227,"date":"2021-08-18T15:17:04","date_gmt":"2021-08-18T15:17:04","guid":{"rendered":"https:\/\/lescollectionsprivees.com\/?post_type=product&#038;p=10227"},"modified":"2021-12-13T15:48:49","modified_gmt":"2021-12-13T15:48:49","slug":"romantic-perfumed-lotion-victorias-secret","status":"publish","type":"product","link":"https:\/\/lescollectionsprivees.com\/en\/parfum\/lotion-parfumee-romantic-victorias-secret\/","title":{"rendered":"Romantic Fragrance Lotion - Victoria's Secret"},"content":{"rendered":"","protected":false},"excerpt":{"rendered":"<p><strong><u>Technical data :<\/u><\/strong><\/p>\n<p><strong>Perfume name<\/strong> : Romantic<br \/>\n<strong>Brand<\/strong> : Victoria's Secret<br \/>\n<strong>Specificity: <\/strong>Scented lotion<br \/>\n<strong>Capacity<\/strong>\u00a0: 236 mL<\/p>\n<p><strong>Olfactory profile :<\/strong><\/p>\n<p>Rose petals and sunny musk.<\/p>","protected":false},"featured_media":10261,"template":"","meta":[],"product_brand":[],"product_cat":[174,173,165],"product_tag":[],"class_list":{"0":"post-10227","1":"product","2":"type-product","3":"status-publish","4":"has-post-thumbnail","6":"product_cat-brumes-corporelles","7":"product_cat-cosmetique","8":"product_cat-brume-victoria-secret","9":"pa_marque-victorias-secret","11":"first","12":"outofstock","13":"taxable","14":"shipping-taxable","15":"purchasable","16":"product-type-simple"},"yoast_head":"<!-- This site is optimized with the Yoast SEO plugin v27.5 - https:\/\/yoast.com\/product\/yoast-seo-wordpress\/ -->\n<title>Lotion parfum\u00e9e Romantic - Victoria&#039;s Secret - Les Collections Priv\u00e9es<\/title>\n<meta name=\"robots\" content=\"index, follow, max-snippet:-1, max-image-preview:large, max-video-preview:-1\" \/>\n<link rel=\"canonical\" href=\"https:\/\/lescollectionsprivees.com\/en\/fragrance\/romantic-perfumed-lotion-victorias-secret\/\" \/>\n<meta property=\"og:locale\" content=\"en_US\" \/>\n<meta property=\"og:type\" content=\"article\" \/>\n<meta property=\"og:title\" content=\"Lotion parfum\u00e9e Romantic - Victoria&#039;s Secret - Les Collections Priv\u00e9es\" \/>\n<meta property=\"og:description\" content=\"Donn\u00e9es Techniques :  Nom du parfum : Romantic Marque : Victoria&#039;s Secret Sp\u00e9cificit\u00e9 : Lotion\u00a0parfum\u00e9e Contenance\u00a0: 236 mL  Profil olfactif :  P\u00e9tales de roses et musc ensoleill\u00e9.\" \/>\n<meta property=\"og:url\" content=\"https:\/\/lescollectionsprivees.com\/en\/fragrance\/romantic-perfumed-lotion-victorias-secret\/\" \/>\n<meta property=\"og:site_name\" content=\"Les Collections Priv\u00e9es\" \/>\n<meta property=\"article:modified_time\" content=\"2021-12-13T15:48:49+00:00\" \/>\n<meta property=\"og:image\" content=\"https:\/\/lescollectionsprivees.com\/wp-content\/uploads\/2021\/08\/lotion-romantic-victioria-secret.jpg\" \/>\n\t<meta property=\"og:image:width\" content=\"600\" \/>\n\t<meta property=\"og:image:height\" content=\"600\" \/>\n\t<meta property=\"og:image:type\" content=\"image\/jpeg\" \/>\n<meta name=\"twitter:card\" content=\"summary_large_image\" \/>\n<script type=\"application\/ld+json\" class=\"yoast-schema-graph\">{\"@context\":\"https:\\\/\\\/schema.org\",\"@graph\":[{\"@type\":\"WebPage\",\"@id\":\"https:\\\/\\\/lescollectionsprivees.com\\\/parfum\\\/lotion-parfumee-romantic-victorias-secret\\\/\",\"url\":\"https:\\\/\\\/lescollectionsprivees.com\\\/parfum\\\/lotion-parfumee-romantic-victorias-secret\\\/\",\"name\":\"Lotion parfum\u00e9e Romantic - Victoria's Secret - Les Collections Priv\u00e9es\",\"isPartOf\":{\"@id\":\"https:\\\/\\\/lescollectionsprivees.com\\\/#website\"},\"primaryImageOfPage\":{\"@id\":\"https:\\\/\\\/lescollectionsprivees.com\\\/parfum\\\/lotion-parfumee-romantic-victorias-secret\\\/#primaryimage\"},\"image\":{\"@id\":\"https:\\\/\\\/lescollectionsprivees.com\\\/parfum\\\/lotion-parfumee-romantic-victorias-secret\\\/#primaryimage\"},\"thumbnailUrl\":\"https:\\\/\\\/lescollectionsprivees.com\\\/wp-content\\\/uploads\\\/2021\\\/08\\\/lotion-romantic-victioria-secret.jpg\",\"datePublished\":\"2021-08-18T15:17:04+00:00\",\"dateModified\":\"2021-12-13T15:48:49+00:00\",\"breadcrumb\":{\"@id\":\"https:\\\/\\\/lescollectionsprivees.com\\\/parfum\\\/lotion-parfumee-romantic-victorias-secret\\\/#breadcrumb\"},\"inLanguage\":\"en-US\",\"potentialAction\":[{\"@type\":\"ReadAction\",\"target\":[\"https:\\\/\\\/lescollectionsprivees.com\\\/parfum\\\/lotion-parfumee-romantic-victorias-secret\\\/\"]}]},{\"@type\":\"ImageObject\",\"inLanguage\":\"en-US\",\"@id\":\"https:\\\/\\\/lescollectionsprivees.com\\\/parfum\\\/lotion-parfumee-romantic-victorias-secret\\\/#primaryimage\",\"url\":\"https:\\\/\\\/lescollectionsprivees.com\\\/wp-content\\\/uploads\\\/2021\\\/08\\\/lotion-romantic-victioria-secret.jpg\",\"contentUrl\":\"https:\\\/\\\/lescollectionsprivees.com\\\/wp-content\\\/uploads\\\/2021\\\/08\\\/lotion-romantic-victioria-secret.jpg\",\"width\":600,\"height\":600},{\"@type\":\"BreadcrumbList\",\"@id\":\"https:\\\/\\\/lescollectionsprivees.com\\\/parfum\\\/lotion-parfumee-romantic-victorias-secret\\\/#breadcrumb\",\"itemListElement\":[{\"@type\":\"ListItem\",\"position\":1,\"name\":\"Accueil\",\"item\":\"https:\\\/\\\/lescollectionsprivees.com\\\/\"},{\"@type\":\"ListItem\",\"position\":2,\"name\":\"Boutique\",\"item\":\"https:\\\/\\\/lescollectionsprivees.com\\\/boutique\\\/\"},{\"@type\":\"ListItem\",\"position\":3,\"name\":\"Lotion parfum\u00e9e Romantic &#8211; Victoria&#8217;s Secret\"}]},{\"@type\":\"WebSite\",\"@id\":\"https:\\\/\\\/lescollectionsprivees.com\\\/#website\",\"url\":\"https:\\\/\\\/lescollectionsprivees.com\\\/\",\"name\":\"Les Collections Priv\u00e9es\",\"description\":\"\",\"publisher\":{\"@id\":\"https:\\\/\\\/lescollectionsprivees.com\\\/#organization\"},\"potentialAction\":[{\"@type\":\"SearchAction\",\"target\":{\"@type\":\"EntryPoint\",\"urlTemplate\":\"https:\\\/\\\/lescollectionsprivees.com\\\/?s={search_term_string}\"},\"query-input\":{\"@type\":\"PropertyValueSpecification\",\"valueRequired\":true,\"valueName\":\"search_term_string\"}}],\"inLanguage\":\"en-US\"},{\"@type\":\"Organization\",\"@id\":\"https:\\\/\\\/lescollectionsprivees.com\\\/#organization\",\"name\":\"Les Collections Priv\u00e9es\",\"url\":\"https:\\\/\\\/lescollectionsprivees.com\\\/\",\"logo\":{\"@type\":\"ImageObject\",\"inLanguage\":\"en-US\",\"@id\":\"https:\\\/\\\/lescollectionsprivees.com\\\/#\\\/schema\\\/logo\\\/image\\\/\",\"url\":\"https:\\\/\\\/lescollectionsprivees.com\\\/wp-content\\\/uploads\\\/2020\\\/02\\\/Logo-Les-Collections-Priv\u00e9es-450x450-1.png\",\"contentUrl\":\"https:\\\/\\\/lescollectionsprivees.com\\\/wp-content\\\/uploads\\\/2020\\\/02\\\/Logo-Les-Collections-Priv\u00e9es-450x450-1.png\",\"width\":450,\"height\":450,\"caption\":\"Les Collections Priv\u00e9es\"},\"image\":{\"@id\":\"https:\\\/\\\/lescollectionsprivees.com\\\/#\\\/schema\\\/logo\\\/image\\\/\"}}]}<\/script>\n<!-- \/ Yoast SEO plugin. -->","yoast_head_json":{"title":"Romantic scented lotion - Victoria's Secret - Les Collections Priv\u00e9es","robots":{"index":"index","follow":"follow","max-snippet":"max-snippet:-1","max-image-preview":"max-image-preview:large","max-video-preview":"max-video-preview:-1"},"canonical":"https:\/\/lescollectionsprivees.com\/en\/fragrance\/romantic-perfumed-lotion-victorias-secret\/","og_locale":"en_US","og_type":"article","og_title":"Lotion parfum\u00e9e Romantic - Victoria's Secret - Les Collections Priv\u00e9es","og_description":"Donn\u00e9es Techniques :  Nom du parfum : Romantic Marque : Victoria's Secret Sp\u00e9cificit\u00e9 : Lotion\u00a0parfum\u00e9e Contenance\u00a0: 236 mL  Profil olfactif :  P\u00e9tales de roses et musc ensoleill\u00e9.","og_url":"https:\/\/lescollectionsprivees.com\/en\/fragrance\/romantic-perfumed-lotion-victorias-secret\/","og_site_name":"Les Collections Priv\u00e9es","article_modified_time":"2021-12-13T15:48:49+00:00","og_image":[{"width":600,"height":600,"url":"https:\/\/lescollectionsprivees.com\/wp-content\/uploads\/2021\/08\/lotion-romantic-victioria-secret.jpg","type":"image\/jpeg"}],"twitter_card":"summary_large_image","schema":{"@context":"https:\/\/schema.org","@graph":[{"@type":"WebPage","@id":"https:\/\/lescollectionsprivees.com\/parfum\/lotion-parfumee-romantic-victorias-secret\/","url":"https:\/\/lescollectionsprivees.com\/parfum\/lotion-parfumee-romantic-victorias-secret\/","name":"Romantic scented lotion - Victoria's Secret - Les Collections Priv\u00e9es","isPartOf":{"@id":"https:\/\/lescollectionsprivees.com\/#website"},"primaryImageOfPage":{"@id":"https:\/\/lescollectionsprivees.com\/parfum\/lotion-parfumee-romantic-victorias-secret\/#primaryimage"},"image":{"@id":"https:\/\/lescollectionsprivees.com\/parfum\/lotion-parfumee-romantic-victorias-secret\/#primaryimage"},"thumbnailUrl":"https:\/\/lescollectionsprivees.com\/wp-content\/uploads\/2021\/08\/lotion-romantic-victioria-secret.jpg","datePublished":"2021-08-18T15:17:04+00:00","dateModified":"2021-12-13T15:48:49+00:00","breadcrumb":{"@id":"https:\/\/lescollectionsprivees.com\/parfum\/lotion-parfumee-romantic-victorias-secret\/#breadcrumb"},"inLanguage":"en-US","potentialAction":[{"@type":"ReadAction","target":["https:\/\/lescollectionsprivees.com\/parfum\/lotion-parfumee-romantic-victorias-secret\/"]}]},{"@type":"ImageObject","inLanguage":"en-US","@id":"https:\/\/lescollectionsprivees.com\/parfum\/lotion-parfumee-romantic-victorias-secret\/#primaryimage","url":"https:\/\/lescollectionsprivees.com\/wp-content\/uploads\/2021\/08\/lotion-romantic-victioria-secret.jpg","contentUrl":"https:\/\/lescollectionsprivees.com\/wp-content\/uploads\/2021\/08\/lotion-romantic-victioria-secret.jpg","width":600,"height":600},{"@type":"BreadcrumbList","@id":"https:\/\/lescollectionsprivees.com\/parfum\/lotion-parfumee-romantic-victorias-secret\/#breadcrumb","itemListElement":[{"@type":"ListItem","position":1,"name":"Accueil","item":"https:\/\/lescollectionsprivees.com\/"},{"@type":"ListItem","position":2,"name":"Boutique","item":"https:\/\/lescollectionsprivees.com\/boutique\/"},{"@type":"ListItem","position":3,"name":"Lotion parfum\u00e9e Romantic &#8211; Victoria&#8217;s Secret"}]},{"@type":"WebSite","@id":"https:\/\/lescollectionsprivees.com\/#website","url":"https:\/\/lescollectionsprivees.com\/","name":"Private Collections","description":"","publisher":{"@id":"https:\/\/lescollectionsprivees.com\/#organization"},"potentialAction":[{"@type":"SearchAction","target":{"@type":"EntryPoint","urlTemplate":"https:\/\/lescollectionsprivees.com\/?s={search_term_string}"},"query-input":{"@type":"PropertyValueSpecification","valueRequired":true,"valueName":"search_term_string"}}],"inLanguage":"en-US"},{"@type":"Organization","@id":"https:\/\/lescollectionsprivees.com\/#organization","name":"Private Collections","url":"https:\/\/lescollectionsprivees.com\/","logo":{"@type":"ImageObject","inLanguage":"en-US","@id":"https:\/\/lescollectionsprivees.com\/#\/schema\/logo\/image\/","url":"https:\/\/lescollectionsprivees.com\/wp-content\/uploads\/2020\/02\/Logo-Les-Collections-Priv\u00e9es-450x450-1.png","contentUrl":"https:\/\/lescollectionsprivees.com\/wp-content\/uploads\/2020\/02\/Logo-Les-Collections-Priv\u00e9es-450x450-1.png","width":450,"height":450,"caption":"Les Collections Priv\u00e9es"},"image":{"@id":"https:\/\/lescollectionsprivees.com\/#\/schema\/logo\/image\/"}}]}},"_links":{"self":[{"href":"https:\/\/lescollectionsprivees.com\/en\/wp-json\/wp\/v2\/product\/10227","targetHints":{"allow":["GET"]}}],"collection":[{"href":"https:\/\/lescollectionsprivees.com\/en\/wp-json\/wp\/v2\/product"}],"about":[{"href":"https:\/\/lescollectionsprivees.com\/en\/wp-json\/wp\/v2\/types\/product"}],"wp:featuredmedia":[{"embeddable":true,"href":"https:\/\/lescollectionsprivees.com\/en\/wp-json\/wp\/v2\/media\/10261"}],"wp:attachment":[{"href":"https:\/\/lescollectionsprivees.com\/en\/wp-json\/wp\/v2\/media?parent=10227"}],"wp:term":[{"taxonomy":"product_brand","embeddable":true,"href":"https:\/\/lescollectionsprivees.com\/en\/wp-json\/wp\/v2\/product_brand?post=10227"},{"taxonomy":"product_cat","embeddable":true,"href":"https:\/\/lescollectionsprivees.com\/en\/wp-json\/wp\/v2\/product_cat?post=10227"},{"taxonomy":"product_tag","embeddable":true,"href":"https:\/\/lescollectionsprivees.com\/en\/wp-json\/wp\/v2\/product_tag?post=10227"}],"curies":[{"name":"wp","href":"https:\/\/api.w.org\/{rel}","templated":true}]}}