{"id":25647,"date":"2023-08-31T15:17:11","date_gmt":"2023-08-31T15:17:11","guid":{"rendered":"https:\/\/lescollectionsprivees.com\/?post_type=product&#038;p=25647"},"modified":"2024-03-31T14:00:31","modified_gmt":"2024-03-31T14:00:31","slug":"opulent-red-lattafa-perfumes","status":"publish","type":"product","link":"https:\/\/lescollectionsprivees.com\/en\/parfum\/opulent-red-lattafa-perfumes\/","title":{"rendered":"Opulent Red - Lattafa Perfumes"},"content":{"rendered":"","protected":false},"excerpt":{"rendered":"<p><strong><u>Technical data :<\/u><\/strong><\/p>\n<p><strong>Perfume name<\/strong> : Opulent Red<br \/>\n<strong>Brand<\/strong>\u00a0: Lattafa Perfumes<br \/>\n<strong>Type<\/strong>\u00a0Unisex<br \/>\n<strong>Capacity<\/strong> 100 mL<\/p>\n<p><span style=\"text-decoration: underline;\"><strong>Olfactory notes<\/strong>\u00a0:<\/span><\/p>\n<p><strong>Head :<\/strong> Pear, blood orange, pink pepper and cardamom<br \/>\n<b>Heart :<\/b> Jasmine, Tuberose, Brazilian Rosewood, Cognac and Heliotrope<br \/>\n<strong>Background :<\/strong> Oud, Vanilla, Amber, Patchouli, Cashmere wood, Sandalwood and Tonka bean<\/p>","protected":false},"featured_media":25678,"template":"","meta":[],"product_brand":[],"product_cat":[227,238,15],"product_tag":[],"class_list":{"0":"post-25647","1":"product","2":"type-product","3":"status-publish","4":"has-post-thumbnail","6":"product_cat-parfum-lattafa","7":"product_cat-parfum-oud","8":"product_cat-parfums-de-dubai","9":"pa_marque-lattafa-perfumes","11":"first","12":"instock","13":"taxable","14":"shipping-taxable","15":"purchasable","16":"product-type-simple"},"yoast_head":"<!-- This site is optimized with the Yoast SEO plugin v27.5 - https:\/\/yoast.com\/product\/yoast-seo-wordpress\/ -->\n<title>Opulent Red - Lattafa Perfumes - Les Collections Priv\u00e9es<\/title>\n<meta name=\"robots\" content=\"index, follow, max-snippet:-1, max-image-preview:large, max-video-preview:-1\" \/>\n<link rel=\"canonical\" href=\"https:\/\/lescollectionsprivees.com\/en\/fragrance\/opulent-red-lattafa-perfumes\/\" \/>\n<meta property=\"og:locale\" content=\"en_US\" \/>\n<meta property=\"og:type\" content=\"article\" \/>\n<meta property=\"og:title\" content=\"Opulent Red - Lattafa Perfumes - Les Collections Priv\u00e9es\" \/>\n<meta property=\"og:description\" content=\"Donn\u00e9es Techniques :  Nom du parfum : Opulent Red Marque\u00a0: Lattafa Perfumes Genre\u00a0: Unisexe Contenance : 100 mL  Notes olfactives\u00a0:  T\u00eate : Poire, Orange sanguine, Poivre rose et Cardamome C\u0153ur\u00a0: Jasmin, Tub\u00e9reuse, Palissandre du Br\u00e9sil, Cognac et H\u00e9liotrope Fond : Oud, Vanille, Ambre, Patchouli, Bois de cachemire, Bois de santal et F\u00e8ve de tonka\" \/>\n<meta property=\"og:url\" content=\"https:\/\/lescollectionsprivees.com\/en\/fragrance\/opulent-red-lattafa-perfumes\/\" \/>\n<meta property=\"og:site_name\" content=\"Les Collections Priv\u00e9es\" \/>\n<meta property=\"article:modified_time\" content=\"2024-03-31T14:00:31+00:00\" \/>\n<meta property=\"og:image\" content=\"https:\/\/lescollectionsprivees.com\/wp-content\/uploads\/2023\/08\/opulent-red.jpg\" \/>\n\t<meta property=\"og:image:width\" content=\"600\" \/>\n\t<meta property=\"og:image:height\" content=\"600\" \/>\n\t<meta property=\"og:image:type\" content=\"image\/jpeg\" \/>\n<meta name=\"twitter:card\" content=\"summary_large_image\" \/>\n<script type=\"application\/ld+json\" class=\"yoast-schema-graph\">{\"@context\":\"https:\\\/\\\/schema.org\",\"@graph\":[{\"@type\":\"WebPage\",\"@id\":\"https:\\\/\\\/lescollectionsprivees.com\\\/parfum\\\/opulent-red-lattafa-perfumes\\\/\",\"url\":\"https:\\\/\\\/lescollectionsprivees.com\\\/parfum\\\/opulent-red-lattafa-perfumes\\\/\",\"name\":\"Opulent Red - Lattafa Perfumes - Les Collections Priv\u00e9es\",\"isPartOf\":{\"@id\":\"https:\\\/\\\/lescollectionsprivees.com\\\/#website\"},\"primaryImageOfPage\":{\"@id\":\"https:\\\/\\\/lescollectionsprivees.com\\\/parfum\\\/opulent-red-lattafa-perfumes\\\/#primaryimage\"},\"image\":{\"@id\":\"https:\\\/\\\/lescollectionsprivees.com\\\/parfum\\\/opulent-red-lattafa-perfumes\\\/#primaryimage\"},\"thumbnailUrl\":\"https:\\\/\\\/lescollectionsprivees.com\\\/wp-content\\\/uploads\\\/2023\\\/08\\\/opulent-red.jpg\",\"datePublished\":\"2023-08-31T15:17:11+00:00\",\"dateModified\":\"2024-03-31T14:00:31+00:00\",\"breadcrumb\":{\"@id\":\"https:\\\/\\\/lescollectionsprivees.com\\\/parfum\\\/opulent-red-lattafa-perfumes\\\/#breadcrumb\"},\"inLanguage\":\"en-US\",\"potentialAction\":[{\"@type\":\"ReadAction\",\"target\":[\"https:\\\/\\\/lescollectionsprivees.com\\\/parfum\\\/opulent-red-lattafa-perfumes\\\/\"]}]},{\"@type\":\"ImageObject\",\"inLanguage\":\"en-US\",\"@id\":\"https:\\\/\\\/lescollectionsprivees.com\\\/parfum\\\/opulent-red-lattafa-perfumes\\\/#primaryimage\",\"url\":\"https:\\\/\\\/lescollectionsprivees.com\\\/wp-content\\\/uploads\\\/2023\\\/08\\\/opulent-red.jpg\",\"contentUrl\":\"https:\\\/\\\/lescollectionsprivees.com\\\/wp-content\\\/uploads\\\/2023\\\/08\\\/opulent-red.jpg\",\"width\":600,\"height\":600},{\"@type\":\"BreadcrumbList\",\"@id\":\"https:\\\/\\\/lescollectionsprivees.com\\\/parfum\\\/opulent-red-lattafa-perfumes\\\/#breadcrumb\",\"itemListElement\":[{\"@type\":\"ListItem\",\"position\":1,\"name\":\"Accueil\",\"item\":\"https:\\\/\\\/lescollectionsprivees.com\\\/\"},{\"@type\":\"ListItem\",\"position\":2,\"name\":\"Boutique\",\"item\":\"https:\\\/\\\/lescollectionsprivees.com\\\/boutique\\\/\"},{\"@type\":\"ListItem\",\"position\":3,\"name\":\"Opulent Red &#8211; Lattafa Perfumes\"}]},{\"@type\":\"WebSite\",\"@id\":\"https:\\\/\\\/lescollectionsprivees.com\\\/#website\",\"url\":\"https:\\\/\\\/lescollectionsprivees.com\\\/\",\"name\":\"Les Collections Priv\u00e9es\",\"description\":\"\",\"publisher\":{\"@id\":\"https:\\\/\\\/lescollectionsprivees.com\\\/#organization\"},\"potentialAction\":[{\"@type\":\"SearchAction\",\"target\":{\"@type\":\"EntryPoint\",\"urlTemplate\":\"https:\\\/\\\/lescollectionsprivees.com\\\/?s={search_term_string}\"},\"query-input\":{\"@type\":\"PropertyValueSpecification\",\"valueRequired\":true,\"valueName\":\"search_term_string\"}}],\"inLanguage\":\"en-US\"},{\"@type\":\"Organization\",\"@id\":\"https:\\\/\\\/lescollectionsprivees.com\\\/#organization\",\"name\":\"Les Collections Priv\u00e9es\",\"url\":\"https:\\\/\\\/lescollectionsprivees.com\\\/\",\"logo\":{\"@type\":\"ImageObject\",\"inLanguage\":\"en-US\",\"@id\":\"https:\\\/\\\/lescollectionsprivees.com\\\/#\\\/schema\\\/logo\\\/image\\\/\",\"url\":\"https:\\\/\\\/lescollectionsprivees.com\\\/wp-content\\\/uploads\\\/2020\\\/02\\\/Logo-Les-Collections-Priv\u00e9es-450x450-1.png\",\"contentUrl\":\"https:\\\/\\\/lescollectionsprivees.com\\\/wp-content\\\/uploads\\\/2020\\\/02\\\/Logo-Les-Collections-Priv\u00e9es-450x450-1.png\",\"width\":450,\"height\":450,\"caption\":\"Les Collections Priv\u00e9es\"},\"image\":{\"@id\":\"https:\\\/\\\/lescollectionsprivees.com\\\/#\\\/schema\\\/logo\\\/image\\\/\"}}]}<\/script>\n<!-- \/ Yoast SEO plugin. -->","yoast_head_json":{"title":"Opulent Red - Lattafa Perfumes - Les Collections Priv\u00e9es","robots":{"index":"index","follow":"follow","max-snippet":"max-snippet:-1","max-image-preview":"max-image-preview:large","max-video-preview":"max-video-preview:-1"},"canonical":"https:\/\/lescollectionsprivees.com\/en\/fragrance\/opulent-red-lattafa-perfumes\/","og_locale":"en_US","og_type":"article","og_title":"Opulent Red - Lattafa Perfumes - Les Collections Priv\u00e9es","og_description":"Donn\u00e9es Techniques :  Nom du parfum : Opulent Red Marque\u00a0: Lattafa Perfumes Genre\u00a0: Unisexe Contenance : 100 mL  Notes olfactives\u00a0:  T\u00eate : Poire, Orange sanguine, Poivre rose et Cardamome C\u0153ur\u00a0: Jasmin, Tub\u00e9reuse, Palissandre du Br\u00e9sil, Cognac et H\u00e9liotrope Fond : Oud, Vanille, Ambre, Patchouli, Bois de cachemire, Bois de santal et F\u00e8ve de tonka","og_url":"https:\/\/lescollectionsprivees.com\/en\/fragrance\/opulent-red-lattafa-perfumes\/","og_site_name":"Les Collections Priv\u00e9es","article_modified_time":"2024-03-31T14:00:31+00:00","og_image":[{"width":600,"height":600,"url":"https:\/\/lescollectionsprivees.com\/wp-content\/uploads\/2023\/08\/opulent-red.jpg","type":"image\/jpeg"}],"twitter_card":"summary_large_image","schema":{"@context":"https:\/\/schema.org","@graph":[{"@type":"WebPage","@id":"https:\/\/lescollectionsprivees.com\/parfum\/opulent-red-lattafa-perfumes\/","url":"https:\/\/lescollectionsprivees.com\/parfum\/opulent-red-lattafa-perfumes\/","name":"Opulent Red - Lattafa Perfumes - Les Collections Priv\u00e9es","isPartOf":{"@id":"https:\/\/lescollectionsprivees.com\/#website"},"primaryImageOfPage":{"@id":"https:\/\/lescollectionsprivees.com\/parfum\/opulent-red-lattafa-perfumes\/#primaryimage"},"image":{"@id":"https:\/\/lescollectionsprivees.com\/parfum\/opulent-red-lattafa-perfumes\/#primaryimage"},"thumbnailUrl":"https:\/\/lescollectionsprivees.com\/wp-content\/uploads\/2023\/08\/opulent-red.jpg","datePublished":"2023-08-31T15:17:11+00:00","dateModified":"2024-03-31T14:00:31+00:00","breadcrumb":{"@id":"https:\/\/lescollectionsprivees.com\/parfum\/opulent-red-lattafa-perfumes\/#breadcrumb"},"inLanguage":"en-US","potentialAction":[{"@type":"ReadAction","target":["https:\/\/lescollectionsprivees.com\/parfum\/opulent-red-lattafa-perfumes\/"]}]},{"@type":"ImageObject","inLanguage":"en-US","@id":"https:\/\/lescollectionsprivees.com\/parfum\/opulent-red-lattafa-perfumes\/#primaryimage","url":"https:\/\/lescollectionsprivees.com\/wp-content\/uploads\/2023\/08\/opulent-red.jpg","contentUrl":"https:\/\/lescollectionsprivees.com\/wp-content\/uploads\/2023\/08\/opulent-red.jpg","width":600,"height":600},{"@type":"BreadcrumbList","@id":"https:\/\/lescollectionsprivees.com\/parfum\/opulent-red-lattafa-perfumes\/#breadcrumb","itemListElement":[{"@type":"ListItem","position":1,"name":"Accueil","item":"https:\/\/lescollectionsprivees.com\/"},{"@type":"ListItem","position":2,"name":"Boutique","item":"https:\/\/lescollectionsprivees.com\/boutique\/"},{"@type":"ListItem","position":3,"name":"Opulent Red &#8211; Lattafa Perfumes"}]},{"@type":"WebSite","@id":"https:\/\/lescollectionsprivees.com\/#website","url":"https:\/\/lescollectionsprivees.com\/","name":"Private Collections","description":"","publisher":{"@id":"https:\/\/lescollectionsprivees.com\/#organization"},"potentialAction":[{"@type":"SearchAction","target":{"@type":"EntryPoint","urlTemplate":"https:\/\/lescollectionsprivees.com\/?s={search_term_string}"},"query-input":{"@type":"PropertyValueSpecification","valueRequired":true,"valueName":"search_term_string"}}],"inLanguage":"en-US"},{"@type":"Organization","@id":"https:\/\/lescollectionsprivees.com\/#organization","name":"Private Collections","url":"https:\/\/lescollectionsprivees.com\/","logo":{"@type":"ImageObject","inLanguage":"en-US","@id":"https:\/\/lescollectionsprivees.com\/#\/schema\/logo\/image\/","url":"https:\/\/lescollectionsprivees.com\/wp-content\/uploads\/2020\/02\/Logo-Les-Collections-Priv\u00e9es-450x450-1.png","contentUrl":"https:\/\/lescollectionsprivees.com\/wp-content\/uploads\/2020\/02\/Logo-Les-Collections-Priv\u00e9es-450x450-1.png","width":450,"height":450,"caption":"Les Collections Priv\u00e9es"},"image":{"@id":"https:\/\/lescollectionsprivees.com\/#\/schema\/logo\/image\/"}}]}},"_links":{"self":[{"href":"https:\/\/lescollectionsprivees.com\/en\/wp-json\/wp\/v2\/product\/25647","targetHints":{"allow":["GET"]}}],"collection":[{"href":"https:\/\/lescollectionsprivees.com\/en\/wp-json\/wp\/v2\/product"}],"about":[{"href":"https:\/\/lescollectionsprivees.com\/en\/wp-json\/wp\/v2\/types\/product"}],"wp:featuredmedia":[{"embeddable":true,"href":"https:\/\/lescollectionsprivees.com\/en\/wp-json\/wp\/v2\/media\/25678"}],"wp:attachment":[{"href":"https:\/\/lescollectionsprivees.com\/en\/wp-json\/wp\/v2\/media?parent=25647"}],"wp:term":[{"taxonomy":"product_brand","embeddable":true,"href":"https:\/\/lescollectionsprivees.com\/en\/wp-json\/wp\/v2\/product_brand?post=25647"},{"taxonomy":"product_cat","embeddable":true,"href":"https:\/\/lescollectionsprivees.com\/en\/wp-json\/wp\/v2\/product_cat?post=25647"},{"taxonomy":"product_tag","embeddable":true,"href":"https:\/\/lescollectionsprivees.com\/en\/wp-json\/wp\/v2\/product_tag?post=25647"}],"curies":[{"name":"wp","href":"https:\/\/api.w.org\/{rel}","templated":true}]}}