{"id":25696,"date":"2024-01-31T15:17:37","date_gmt":"2024-01-31T15:17:37","guid":{"rendered":"https:\/\/lescollectionsprivees.com\/?post_type=product&#038;p=25696"},"modified":"2026-04-30T08:37:04","modified_gmt":"2026-04-30T08:37:04","slug":"eau-de-parfum-khamrah","status":"publish","type":"product","link":"https:\/\/lescollectionsprivees.com\/en\/parfum\/eau-de-parfum-khamrah\/","title":{"rendered":"Eau de parfum Khamrah 100ml - Lattafa"},"content":{"rendered":"<p>From the very first moment, you'll feel the fusion of two olfactory worlds as they intertwine through the\u00a0<strong>Khamrah perfume\u00a0<\/strong>designed by\u00a0<strong>Lattafa<\/strong>. Succumb to the temptation of this marvelous blend contained in a sublime, transparent bottle. Take part in a sensory experience that introduces you to a sweet, amber scent.<\/p>\n<h2><strong>Parfum Khamrah de Lattafa: two worlds in one elixir<\/strong><\/h2>\n<p>The Lattafa brand has once again struck a masterly blow with this\u00a0<strong>mixed fragrance\u00a0<\/strong>of 100 mL. The packaging is both elegant and minimalist, while the scent leaves us speechless. The golden cap evokes luxury. You may not be aware of it, but some of the world's perfumes can fetch staggering sums.<\/p>\n<p>Lattafa has a fairly impressive reputation in the world of\u00a0<strong>oriental perfumery<\/strong>. We owe him a wide selection of fragrances, including the<a href=\"https:\/\/lescollectionsprivees.com\/en\/fragrance\/eau-de-parfum-hayaati\/\"><strong>eau de parfum Hayaati<\/strong><\/a>very famous. This Dubai fragrance combines the expertise of Oriental perfume houses with the finesse of Western fragrances.<\/p>\n<h2><strong>Parfum Khamrah by Lattafa: a fascinating combination<\/strong><\/h2>\n<p>As for the olfactory pyramid of this olfactory gem, it includes quite a few ingredients. Here it is:<\/p>\n<ul>\n<li><strong>Top notes: bergamot, cinnamon, nutmeg,<\/strong><\/li>\n<li><strong>Heart: dates, Mahonia, Praline, Tuberose,<\/strong><\/li>\n<li><strong>Base notes: amber, benzoin, Akigala wood, roasted Tonka bean, myrrh, vanilla.<\/strong><\/li>\n<\/ul>\n<p>Finally, Khamrah fragrance brings together a number of different notes, some specific to Eastern culture, others more Western. The first impression represented by the top notes is both fresh and spicy.<\/p>\n<p>There's also a sweet, fruity touch in the heart. Finally, we appreciate the warmth and woodiness of the base notes. All these parameters make this a complex, sophisticated fragrance, but one we love!<\/p>\n<h3><strong>The Middle East just a few spritzes away!<\/strong><\/h3>\n<p>Khamra perfume lets you travel the world. Indeed, spraying it on your body's hot spots transports you to the Orient. Why not Dubai, Abu Dhabi or elsewhere?<\/p>","protected":false},"excerpt":{"rendered":"<p><strong>Olfactory notes :<\/strong><\/p>\n<p><strong>Top notes<\/strong> Bergamot, Nutmeg, Cinnamon<br \/>\n<strong>Heart notes<\/strong> : Dates, Mahonial, Praline, Tuberose<br \/>\n<strong>Base notes<\/strong> Myrrh, toasted Tonka bean, vanilla, benzoin, amber, Akigala wood.<\/p>\n<p><strong>Type<\/strong> Mixed.<\/p>","protected":false},"featured_media":25745,"template":"","meta":[],"product_brand":[],"product_cat":[227,203,261,272,208,15],"product_tag":[],"class_list":{"0":"post-25696","1":"product","2":"type-product","3":"status-publish","4":"has-post-thumbnail","6":"product_cat-parfum-lattafa","7":"product_cat-parfum-ambre","8":"product_cat-parfum-boise","9":"product_cat-parfum-sucre","10":"product_cat-parfum-vanille","11":"product_cat-parfums-de-dubai","13":"first","14":"instock","15":"taxable","16":"shipping-taxable","17":"purchasable","18":"product-type-simple"},"yoast_head":"<!-- This site is optimized with the Yoast SEO plugin v27.5 - https:\/\/yoast.com\/product\/yoast-seo-wordpress\/ -->\n<title>Khamrah | Eau de parfum mixte 100ml | Lattafa<\/title>\n<meta name=\"description\" content=\"D\u00e8s les premiers instants, vous sentirez la fusion de deux mondes olfactifs s&#039;entrem\u00ealer \u00e0 travers le\u00a0parfum Khamrah\u00a0pens\u00e9 par\u00a0Lattafa.\" \/>\n<meta name=\"robots\" content=\"index, follow, max-snippet:-1, max-image-preview:large, max-video-preview:-1\" \/>\n<link rel=\"canonical\" href=\"https:\/\/lescollectionsprivees.com\/en\/fragrance\/eau-de-parfum-khamrah\/\" \/>\n<meta property=\"og:locale\" content=\"en_US\" \/>\n<meta property=\"og:type\" content=\"article\" \/>\n<meta property=\"og:title\" content=\"Khamrah | Eau de parfum mixte 100ml | Lattafa\" \/>\n<meta property=\"og:description\" content=\"D\u00e8s les premiers instants, vous sentirez la fusion de deux mondes olfactifs s&#039;entrem\u00ealer \u00e0 travers le\u00a0parfum Khamrah\u00a0pens\u00e9 par\u00a0Lattafa.\" \/>\n<meta property=\"og:url\" content=\"https:\/\/lescollectionsprivees.com\/en\/fragrance\/eau-de-parfum-khamrah\/\" \/>\n<meta property=\"og:site_name\" content=\"Les Collections Priv\u00e9es\" \/>\n<meta property=\"article:modified_time\" content=\"2026-04-30T08:37:04+00:00\" \/>\n<meta property=\"og:image\" content=\"https:\/\/lescollectionsprivees.com\/wp-content\/uploads\/2023\/08\/khamrah-lattafa.jpg\" \/>\n\t<meta property=\"og:image:width\" content=\"600\" \/>\n\t<meta property=\"og:image:height\" content=\"600\" \/>\n\t<meta property=\"og:image:type\" content=\"image\/jpeg\" \/>\n<meta name=\"twitter:card\" content=\"summary_large_image\" \/>\n<meta name=\"twitter:label1\" content=\"Est. reading time\" \/>\n\t<meta name=\"twitter:data1\" content=\"2 minutes\" \/>\n<script type=\"application\/ld+json\" class=\"yoast-schema-graph\">{\"@context\":\"https:\\\/\\\/schema.org\",\"@graph\":[{\"@type\":\"WebPage\",\"@id\":\"https:\\\/\\\/lescollectionsprivees.com\\\/parfum\\\/eau-de-parfum-khamrah\\\/\",\"url\":\"https:\\\/\\\/lescollectionsprivees.com\\\/parfum\\\/eau-de-parfum-khamrah\\\/\",\"name\":\"Khamrah | Eau de parfum mixte 100ml | Lattafa\",\"isPartOf\":{\"@id\":\"https:\\\/\\\/lescollectionsprivees.com\\\/#website\"},\"primaryImageOfPage\":{\"@id\":\"https:\\\/\\\/lescollectionsprivees.com\\\/parfum\\\/eau-de-parfum-khamrah\\\/#primaryimage\"},\"image\":{\"@id\":\"https:\\\/\\\/lescollectionsprivees.com\\\/parfum\\\/eau-de-parfum-khamrah\\\/#primaryimage\"},\"thumbnailUrl\":\"https:\\\/\\\/lescollectionsprivees.com\\\/wp-content\\\/uploads\\\/2023\\\/08\\\/khamrah-lattafa.jpg\",\"datePublished\":\"2024-01-31T15:17:37+00:00\",\"dateModified\":\"2026-04-30T08:37:04+00:00\",\"description\":\"D\u00e8s les premiers instants, vous sentirez la fusion de deux mondes olfactifs s'entrem\u00ealer \u00e0 travers le\u00a0parfum Khamrah\u00a0pens\u00e9 par\u00a0Lattafa.\",\"breadcrumb\":{\"@id\":\"https:\\\/\\\/lescollectionsprivees.com\\\/parfum\\\/eau-de-parfum-khamrah\\\/#breadcrumb\"},\"inLanguage\":\"en-US\",\"potentialAction\":[{\"@type\":\"ReadAction\",\"target\":[\"https:\\\/\\\/lescollectionsprivees.com\\\/parfum\\\/eau-de-parfum-khamrah\\\/\"]}]},{\"@type\":\"ImageObject\",\"inLanguage\":\"en-US\",\"@id\":\"https:\\\/\\\/lescollectionsprivees.com\\\/parfum\\\/eau-de-parfum-khamrah\\\/#primaryimage\",\"url\":\"https:\\\/\\\/lescollectionsprivees.com\\\/wp-content\\\/uploads\\\/2023\\\/08\\\/khamrah-lattafa.jpg\",\"contentUrl\":\"https:\\\/\\\/lescollectionsprivees.com\\\/wp-content\\\/uploads\\\/2023\\\/08\\\/khamrah-lattafa.jpg\",\"width\":600,\"height\":600,\"caption\":\"Eau de parfum Khamrah 100ml \u2013 Lattafa\"},{\"@type\":\"BreadcrumbList\",\"@id\":\"https:\\\/\\\/lescollectionsprivees.com\\\/parfum\\\/eau-de-parfum-khamrah\\\/#breadcrumb\",\"itemListElement\":[{\"@type\":\"ListItem\",\"position\":1,\"name\":\"Accueil\",\"item\":\"https:\\\/\\\/lescollectionsprivees.com\\\/\"},{\"@type\":\"ListItem\",\"position\":2,\"name\":\"Boutique\",\"item\":\"https:\\\/\\\/lescollectionsprivees.com\\\/boutique\\\/\"},{\"@type\":\"ListItem\",\"position\":3,\"name\":\"Eau de parfum Khamrah 100ml \u2013 Lattafa\"}]},{\"@type\":\"WebSite\",\"@id\":\"https:\\\/\\\/lescollectionsprivees.com\\\/#website\",\"url\":\"https:\\\/\\\/lescollectionsprivees.com\\\/\",\"name\":\"Les Collections Priv\u00e9es\",\"description\":\"\",\"publisher\":{\"@id\":\"https:\\\/\\\/lescollectionsprivees.com\\\/#organization\"},\"potentialAction\":[{\"@type\":\"SearchAction\",\"target\":{\"@type\":\"EntryPoint\",\"urlTemplate\":\"https:\\\/\\\/lescollectionsprivees.com\\\/?s={search_term_string}\"},\"query-input\":{\"@type\":\"PropertyValueSpecification\",\"valueRequired\":true,\"valueName\":\"search_term_string\"}}],\"inLanguage\":\"en-US\"},{\"@type\":\"Organization\",\"@id\":\"https:\\\/\\\/lescollectionsprivees.com\\\/#organization\",\"name\":\"Les Collections Priv\u00e9es\",\"url\":\"https:\\\/\\\/lescollectionsprivees.com\\\/\",\"logo\":{\"@type\":\"ImageObject\",\"inLanguage\":\"en-US\",\"@id\":\"https:\\\/\\\/lescollectionsprivees.com\\\/#\\\/schema\\\/logo\\\/image\\\/\",\"url\":\"https:\\\/\\\/lescollectionsprivees.com\\\/wp-content\\\/uploads\\\/2020\\\/02\\\/Logo-Les-Collections-Priv\u00e9es-450x450-1.png\",\"contentUrl\":\"https:\\\/\\\/lescollectionsprivees.com\\\/wp-content\\\/uploads\\\/2020\\\/02\\\/Logo-Les-Collections-Priv\u00e9es-450x450-1.png\",\"width\":450,\"height\":450,\"caption\":\"Les Collections Priv\u00e9es\"},\"image\":{\"@id\":\"https:\\\/\\\/lescollectionsprivees.com\\\/#\\\/schema\\\/logo\\\/image\\\/\"}}]}<\/script>\n<!-- \/ Yoast SEO plugin. -->","yoast_head_json":{"title":"Khamrah | Eau de parfum mixte 100ml | Lattafa","description":"From the very first moment, you'll feel the fusion of two olfactory worlds through the Khamrah fragrance designed by Lattafa.","robots":{"index":"index","follow":"follow","max-snippet":"max-snippet:-1","max-image-preview":"max-image-preview:large","max-video-preview":"max-video-preview:-1"},"canonical":"https:\/\/lescollectionsprivees.com\/en\/fragrance\/eau-de-parfum-khamrah\/","og_locale":"en_US","og_type":"article","og_title":"Khamrah | Eau de parfum mixte 100ml | Lattafa","og_description":"D\u00e8s les premiers instants, vous sentirez la fusion de deux mondes olfactifs s'entrem\u00ealer \u00e0 travers le\u00a0parfum Khamrah\u00a0pens\u00e9 par\u00a0Lattafa.","og_url":"https:\/\/lescollectionsprivees.com\/en\/fragrance\/eau-de-parfum-khamrah\/","og_site_name":"Les Collections Priv\u00e9es","article_modified_time":"2026-04-30T08:37:04+00:00","og_image":[{"width":600,"height":600,"url":"https:\/\/lescollectionsprivees.com\/wp-content\/uploads\/2023\/08\/khamrah-lattafa.jpg","type":"image\/jpeg"}],"twitter_card":"summary_large_image","twitter_misc":{"Est. reading time":"2 minutes"},"schema":{"@context":"https:\/\/schema.org","@graph":[{"@type":"WebPage","@id":"https:\/\/lescollectionsprivees.com\/parfum\/eau-de-parfum-khamrah\/","url":"https:\/\/lescollectionsprivees.com\/parfum\/eau-de-parfum-khamrah\/","name":"Khamrah | Eau de parfum mixte 100ml | Lattafa","isPartOf":{"@id":"https:\/\/lescollectionsprivees.com\/#website"},"primaryImageOfPage":{"@id":"https:\/\/lescollectionsprivees.com\/parfum\/eau-de-parfum-khamrah\/#primaryimage"},"image":{"@id":"https:\/\/lescollectionsprivees.com\/parfum\/eau-de-parfum-khamrah\/#primaryimage"},"thumbnailUrl":"https:\/\/lescollectionsprivees.com\/wp-content\/uploads\/2023\/08\/khamrah-lattafa.jpg","datePublished":"2024-01-31T15:17:37+00:00","dateModified":"2026-04-30T08:37:04+00:00","description":"From the very first moment, you'll feel the fusion of two olfactory worlds through the Khamrah fragrance designed by Lattafa.","breadcrumb":{"@id":"https:\/\/lescollectionsprivees.com\/parfum\/eau-de-parfum-khamrah\/#breadcrumb"},"inLanguage":"en-US","potentialAction":[{"@type":"ReadAction","target":["https:\/\/lescollectionsprivees.com\/parfum\/eau-de-parfum-khamrah\/"]}]},{"@type":"ImageObject","inLanguage":"en-US","@id":"https:\/\/lescollectionsprivees.com\/parfum\/eau-de-parfum-khamrah\/#primaryimage","url":"https:\/\/lescollectionsprivees.com\/wp-content\/uploads\/2023\/08\/khamrah-lattafa.jpg","contentUrl":"https:\/\/lescollectionsprivees.com\/wp-content\/uploads\/2023\/08\/khamrah-lattafa.jpg","width":600,"height":600,"caption":"Eau de parfum Khamrah 100ml \u2013 Lattafa"},{"@type":"BreadcrumbList","@id":"https:\/\/lescollectionsprivees.com\/parfum\/eau-de-parfum-khamrah\/#breadcrumb","itemListElement":[{"@type":"ListItem","position":1,"name":"Accueil","item":"https:\/\/lescollectionsprivees.com\/"},{"@type":"ListItem","position":2,"name":"Boutique","item":"https:\/\/lescollectionsprivees.com\/boutique\/"},{"@type":"ListItem","position":3,"name":"Eau de parfum Khamrah 100ml \u2013 Lattafa"}]},{"@type":"WebSite","@id":"https:\/\/lescollectionsprivees.com\/#website","url":"https:\/\/lescollectionsprivees.com\/","name":"Private Collections","description":"","publisher":{"@id":"https:\/\/lescollectionsprivees.com\/#organization"},"potentialAction":[{"@type":"SearchAction","target":{"@type":"EntryPoint","urlTemplate":"https:\/\/lescollectionsprivees.com\/?s={search_term_string}"},"query-input":{"@type":"PropertyValueSpecification","valueRequired":true,"valueName":"search_term_string"}}],"inLanguage":"en-US"},{"@type":"Organization","@id":"https:\/\/lescollectionsprivees.com\/#organization","name":"Private Collections","url":"https:\/\/lescollectionsprivees.com\/","logo":{"@type":"ImageObject","inLanguage":"en-US","@id":"https:\/\/lescollectionsprivees.com\/#\/schema\/logo\/image\/","url":"https:\/\/lescollectionsprivees.com\/wp-content\/uploads\/2020\/02\/Logo-Les-Collections-Priv\u00e9es-450x450-1.png","contentUrl":"https:\/\/lescollectionsprivees.com\/wp-content\/uploads\/2020\/02\/Logo-Les-Collections-Priv\u00e9es-450x450-1.png","width":450,"height":450,"caption":"Les Collections Priv\u00e9es"},"image":{"@id":"https:\/\/lescollectionsprivees.com\/#\/schema\/logo\/image\/"}}]}},"_links":{"self":[{"href":"https:\/\/lescollectionsprivees.com\/en\/wp-json\/wp\/v2\/product\/25696","targetHints":{"allow":["GET"]}}],"collection":[{"href":"https:\/\/lescollectionsprivees.com\/en\/wp-json\/wp\/v2\/product"}],"about":[{"href":"https:\/\/lescollectionsprivees.com\/en\/wp-json\/wp\/v2\/types\/product"}],"wp:featuredmedia":[{"embeddable":true,"href":"https:\/\/lescollectionsprivees.com\/en\/wp-json\/wp\/v2\/media\/25745"}],"wp:attachment":[{"href":"https:\/\/lescollectionsprivees.com\/en\/wp-json\/wp\/v2\/media?parent=25696"}],"wp:term":[{"taxonomy":"product_brand","embeddable":true,"href":"https:\/\/lescollectionsprivees.com\/en\/wp-json\/wp\/v2\/product_brand?post=25696"},{"taxonomy":"product_cat","embeddable":true,"href":"https:\/\/lescollectionsprivees.com\/en\/wp-json\/wp\/v2\/product_cat?post=25696"},{"taxonomy":"product_tag","embeddable":true,"href":"https:\/\/lescollectionsprivees.com\/en\/wp-json\/wp\/v2\/product_tag?post=25696"}],"curies":[{"name":"wp","href":"https:\/\/api.w.org\/{rel}","templated":true}]}}