{"id":26660,"date":"2023-11-08T09:03:51","date_gmt":"2023-11-08T09:03:51","guid":{"rendered":"https:\/\/lescollectionsprivees.com\/?post_type=product&#038;p=26660"},"modified":"2024-08-24T10:14:03","modified_gmt":"2024-08-24T10:14:03","slug":"eau-de-parfum-dahn-al-oud-amiri","status":"publish","type":"product","link":"https:\/\/lescollectionsprivees.com\/en\/parfum\/eau-de-parfum-dahn-al-oud-amiri\/","title":{"rendered":"Eau de parfum Dahn Al Oud Amiri 100ml - Nabeel Perfumes"},"content":{"rendered":"<p>A veritable hymn to oriental perfumery,<strong> Dahn Al Oud Amiri eau de parfum<\/strong> offers us <strong>an elegant, captivating fragrance without equal.<\/strong> This elixir of proven quality offers us an olfactory moment of character. A wind of freshness and sensuality that inevitably plunges us into a world of sensuality. <strong>a sparkling, bewitching atmosphere.<\/strong> Zoom in on this little marvel.<\/p>\n<h2><strong>Dahn Al Oud Amiri eau de parfum: oriental luxury and relaxation<\/strong><\/h2>\n<p>This Nabeel water is the<strong> full reflection of the scents of 1001 Nights.<\/strong> Its elegant character is based on fresh, spicy scents.<\/p>\n<p>Here, fresh, tangy bergamot meets thyme to make us succumb from the very first notes. We appreciate this dimension too <strong>scintillating and captivating, with a clear echo of luxury.<\/strong><\/p>\n<p>In addition, <strong>the ounce of frankincense<\/strong> immerses us in an absolutely pleasant and relaxing atmosphere. A setting conducive to relaxation. And a place to get closer. We're sure to be seduced by this captivating fragrance.<\/p>\n<h2><strong>Then sensuality makes its lasting presence felt<\/strong><\/h2>\n<p>Perfumer Nabeel's warm, suave heart is absolutely sublime. <strong>accords of leather, guaiac wood and patchouli<\/strong> offer a sensuality that's hard to resist. And who knows how to make all those who have the audacity to smell them succumb.<\/p>\n<p>We appreciate<strong>hese woody, earthy and leathery aromas<\/strong> that give it a charm that few other creations can match. And it's also <strong>through these chords that Dahn al oud Amiri offers his sublime tenacity.\u00a0<\/strong><\/p>\n<h3><strong>And finally, a touch of the exotic\u00a0\u00a0<\/strong><\/h3>\n<p>With this creation as chic as it is sensual, a hint of the exotic rises brilliantly in the final notes of this magnificent bottle. And with good reason. <a href=\"https:\/\/lescollectionsprivees.com\/en\/fragrance\/baccara-vanille-les-fleurs-du-golfe\/\"><strong>the warm and inviting vanilla<\/strong><\/a> which cleverly rises right up here. Accompanied by labdanum and amber, essential to the creation of an oriental fragrance.<\/p>\n<p>So don't miss out on this Nabeel creation that will seduce everyone. Treat yourself to this bottle as luxuriously exquisite as the olfactory pleasure that lies within.<\/p>","protected":false},"excerpt":{"rendered":"<p><strong>Olfactory notes :<\/strong><\/p>\n<p><strong>Top notes<\/strong> Bergamot, thyme and frankincense<br \/>\n<strong>Heart notes<\/strong> leather, patchouli and guaiac wood<br \/>\n<strong>Base notes<\/strong> Labdanum, Vanilla and Amber<\/p>","protected":false},"featured_media":26665,"template":"","meta":[],"product_brand":[],"product_cat":[278,203,201,202,265,208],"product_tag":[],"class_list":{"0":"post-26660","1":"product","2":"type-product","3":"status-publish","4":"has-post-thumbnail","6":"product_cat-nabeel-perfumes","7":"product_cat-parfum-ambre","8":"product_cat-parfum-femme","9":"product_cat-parfum-homme","10":"product_cat-parfum-patchouli","11":"product_cat-parfum-vanille","13":"first","14":"instock","15":"taxable","16":"shipping-taxable","17":"purchasable","18":"product-type-simple"},"yoast_head":"<!-- This site is optimized with the Yoast SEO plugin v27.5 - https:\/\/yoast.com\/product\/yoast-seo-wordpress\/ -->\n<title>Dahn Al Oud Amiri | Eau de parfum 100ml | Nabeel Perfumes<\/title>\n<meta name=\"description\" content=\"V\u00e9ritable hymne de la parfumerie orientale, l&#039;eau de parfum Dahn Al Oud Amiri nous offre une fragrance \u00e9l\u00e9gante et captivante sans \u00e9gale.\" \/>\n<meta name=\"robots\" content=\"index, follow, max-snippet:-1, max-image-preview:large, max-video-preview:-1\" \/>\n<link rel=\"canonical\" href=\"https:\/\/lescollectionsprivees.com\/en\/fragrance\/eau-de-parfum-dahn-al-oud-amiri\/\" \/>\n<meta property=\"og:locale\" content=\"en_US\" \/>\n<meta property=\"og:type\" content=\"article\" \/>\n<meta property=\"og:title\" content=\"Dahn Al Oud Amiri | Eau de parfum 100ml | Nabeel Perfumes\" \/>\n<meta property=\"og:description\" content=\"V\u00e9ritable hymne de la parfumerie orientale, l&#039;eau de parfum Dahn Al Oud Amiri nous offre une fragrance \u00e9l\u00e9gante et captivante sans \u00e9gale.\" \/>\n<meta property=\"og:url\" content=\"https:\/\/lescollectionsprivees.com\/en\/fragrance\/eau-de-parfum-dahn-al-oud-amiri\/\" \/>\n<meta property=\"og:site_name\" content=\"Les Collections Priv\u00e9es\" \/>\n<meta property=\"article:modified_time\" content=\"2024-08-24T10:14:03+00:00\" \/>\n<meta property=\"og:image\" content=\"https:\/\/lescollectionsprivees.com\/wp-content\/uploads\/2023\/11\/Eau-de-parfum-Dahn-Al-Oud-Amiri-100ml-Nabeel-Perfumes.jpg\" \/>\n\t<meta property=\"og:image:width\" content=\"600\" \/>\n\t<meta property=\"og:image:height\" content=\"600\" \/>\n\t<meta property=\"og:image:type\" content=\"image\/jpeg\" \/>\n<meta name=\"twitter:card\" content=\"summary_large_image\" \/>\n<meta name=\"twitter:label1\" content=\"Est. reading time\" \/>\n\t<meta name=\"twitter:data1\" content=\"2 minutes\" \/>\n<script type=\"application\/ld+json\" class=\"yoast-schema-graph\">{\"@context\":\"https:\\\/\\\/schema.org\",\"@graph\":[{\"@type\":\"WebPage\",\"@id\":\"https:\\\/\\\/lescollectionsprivees.com\\\/parfum\\\/eau-de-parfum-dahn-al-oud-amiri\\\/\",\"url\":\"https:\\\/\\\/lescollectionsprivees.com\\\/parfum\\\/eau-de-parfum-dahn-al-oud-amiri\\\/\",\"name\":\"Dahn Al Oud Amiri | Eau de parfum 100ml | Nabeel Perfumes\",\"isPartOf\":{\"@id\":\"https:\\\/\\\/lescollectionsprivees.com\\\/#website\"},\"primaryImageOfPage\":{\"@id\":\"https:\\\/\\\/lescollectionsprivees.com\\\/parfum\\\/eau-de-parfum-dahn-al-oud-amiri\\\/#primaryimage\"},\"image\":{\"@id\":\"https:\\\/\\\/lescollectionsprivees.com\\\/parfum\\\/eau-de-parfum-dahn-al-oud-amiri\\\/#primaryimage\"},\"thumbnailUrl\":\"https:\\\/\\\/lescollectionsprivees.com\\\/wp-content\\\/uploads\\\/2023\\\/11\\\/Eau-de-parfum-Dahn-Al-Oud-Amiri-100ml-Nabeel-Perfumes.jpg\",\"datePublished\":\"2023-11-08T09:03:51+00:00\",\"dateModified\":\"2024-08-24T10:14:03+00:00\",\"description\":\"V\u00e9ritable hymne de la parfumerie orientale, l'eau de parfum Dahn Al Oud Amiri nous offre une fragrance \u00e9l\u00e9gante et captivante sans \u00e9gale.\",\"breadcrumb\":{\"@id\":\"https:\\\/\\\/lescollectionsprivees.com\\\/parfum\\\/eau-de-parfum-dahn-al-oud-amiri\\\/#breadcrumb\"},\"inLanguage\":\"en-US\",\"potentialAction\":[{\"@type\":\"ReadAction\",\"target\":[\"https:\\\/\\\/lescollectionsprivees.com\\\/parfum\\\/eau-de-parfum-dahn-al-oud-amiri\\\/\"]}]},{\"@type\":\"ImageObject\",\"inLanguage\":\"en-US\",\"@id\":\"https:\\\/\\\/lescollectionsprivees.com\\\/parfum\\\/eau-de-parfum-dahn-al-oud-amiri\\\/#primaryimage\",\"url\":\"https:\\\/\\\/lescollectionsprivees.com\\\/wp-content\\\/uploads\\\/2023\\\/11\\\/Eau-de-parfum-Dahn-Al-Oud-Amiri-100ml-Nabeel-Perfumes.jpg\",\"contentUrl\":\"https:\\\/\\\/lescollectionsprivees.com\\\/wp-content\\\/uploads\\\/2023\\\/11\\\/Eau-de-parfum-Dahn-Al-Oud-Amiri-100ml-Nabeel-Perfumes.jpg\",\"width\":600,\"height\":600,\"caption\":\"Eau de parfum Dahn Al Oud Amiri 100ml - Nabeel Perfumes\"},{\"@type\":\"BreadcrumbList\",\"@id\":\"https:\\\/\\\/lescollectionsprivees.com\\\/parfum\\\/eau-de-parfum-dahn-al-oud-amiri\\\/#breadcrumb\",\"itemListElement\":[{\"@type\":\"ListItem\",\"position\":1,\"name\":\"Accueil\",\"item\":\"https:\\\/\\\/lescollectionsprivees.com\\\/\"},{\"@type\":\"ListItem\",\"position\":2,\"name\":\"Boutique\",\"item\":\"https:\\\/\\\/lescollectionsprivees.com\\\/boutique\\\/\"},{\"@type\":\"ListItem\",\"position\":3,\"name\":\"Eau de parfum Dahn Al Oud Amiri 100ml &#8211; Nabeel Perfumes\"}]},{\"@type\":\"WebSite\",\"@id\":\"https:\\\/\\\/lescollectionsprivees.com\\\/#website\",\"url\":\"https:\\\/\\\/lescollectionsprivees.com\\\/\",\"name\":\"Les Collections Priv\u00e9es\",\"description\":\"\",\"publisher\":{\"@id\":\"https:\\\/\\\/lescollectionsprivees.com\\\/#organization\"},\"potentialAction\":[{\"@type\":\"SearchAction\",\"target\":{\"@type\":\"EntryPoint\",\"urlTemplate\":\"https:\\\/\\\/lescollectionsprivees.com\\\/?s={search_term_string}\"},\"query-input\":{\"@type\":\"PropertyValueSpecification\",\"valueRequired\":true,\"valueName\":\"search_term_string\"}}],\"inLanguage\":\"en-US\"},{\"@type\":\"Organization\",\"@id\":\"https:\\\/\\\/lescollectionsprivees.com\\\/#organization\",\"name\":\"Les Collections Priv\u00e9es\",\"url\":\"https:\\\/\\\/lescollectionsprivees.com\\\/\",\"logo\":{\"@type\":\"ImageObject\",\"inLanguage\":\"en-US\",\"@id\":\"https:\\\/\\\/lescollectionsprivees.com\\\/#\\\/schema\\\/logo\\\/image\\\/\",\"url\":\"https:\\\/\\\/lescollectionsprivees.com\\\/wp-content\\\/uploads\\\/2020\\\/02\\\/Logo-Les-Collections-Priv\u00e9es-450x450-1.png\",\"contentUrl\":\"https:\\\/\\\/lescollectionsprivees.com\\\/wp-content\\\/uploads\\\/2020\\\/02\\\/Logo-Les-Collections-Priv\u00e9es-450x450-1.png\",\"width\":450,\"height\":450,\"caption\":\"Les Collections Priv\u00e9es\"},\"image\":{\"@id\":\"https:\\\/\\\/lescollectionsprivees.com\\\/#\\\/schema\\\/logo\\\/image\\\/\"}}]}<\/script>\n<!-- \/ Yoast SEO plugin. -->","yoast_head_json":{"title":"Dahn Al Oud Amiri | Eau de parfum 100ml | Nabeel Perfumes","description":"A veritable anthem of oriental perfumery, Dahn Al Oud Amiri eau de parfum is an elegant, captivating fragrance without equal.","robots":{"index":"index","follow":"follow","max-snippet":"max-snippet:-1","max-image-preview":"max-image-preview:large","max-video-preview":"max-video-preview:-1"},"canonical":"https:\/\/lescollectionsprivees.com\/en\/fragrance\/eau-de-parfum-dahn-al-oud-amiri\/","og_locale":"en_US","og_type":"article","og_title":"Dahn Al Oud Amiri | Eau de parfum 100ml | Nabeel Perfumes","og_description":"V\u00e9ritable hymne de la parfumerie orientale, l'eau de parfum Dahn Al Oud Amiri nous offre une fragrance \u00e9l\u00e9gante et captivante sans \u00e9gale.","og_url":"https:\/\/lescollectionsprivees.com\/en\/fragrance\/eau-de-parfum-dahn-al-oud-amiri\/","og_site_name":"Les Collections Priv\u00e9es","article_modified_time":"2024-08-24T10:14:03+00:00","og_image":[{"width":600,"height":600,"url":"https:\/\/lescollectionsprivees.com\/wp-content\/uploads\/2023\/11\/Eau-de-parfum-Dahn-Al-Oud-Amiri-100ml-Nabeel-Perfumes.jpg","type":"image\/jpeg"}],"twitter_card":"summary_large_image","twitter_misc":{"Est. reading time":"2 minutes"},"schema":{"@context":"https:\/\/schema.org","@graph":[{"@type":"WebPage","@id":"https:\/\/lescollectionsprivees.com\/parfum\/eau-de-parfum-dahn-al-oud-amiri\/","url":"https:\/\/lescollectionsprivees.com\/parfum\/eau-de-parfum-dahn-al-oud-amiri\/","name":"Dahn Al Oud Amiri | Eau de parfum 100ml | Nabeel Perfumes","isPartOf":{"@id":"https:\/\/lescollectionsprivees.com\/#website"},"primaryImageOfPage":{"@id":"https:\/\/lescollectionsprivees.com\/parfum\/eau-de-parfum-dahn-al-oud-amiri\/#primaryimage"},"image":{"@id":"https:\/\/lescollectionsprivees.com\/parfum\/eau-de-parfum-dahn-al-oud-amiri\/#primaryimage"},"thumbnailUrl":"https:\/\/lescollectionsprivees.com\/wp-content\/uploads\/2023\/11\/Eau-de-parfum-Dahn-Al-Oud-Amiri-100ml-Nabeel-Perfumes.jpg","datePublished":"2023-11-08T09:03:51+00:00","dateModified":"2024-08-24T10:14:03+00:00","description":"A veritable anthem of oriental perfumery, Dahn Al Oud Amiri eau de parfum is an elegant, captivating fragrance without equal.","breadcrumb":{"@id":"https:\/\/lescollectionsprivees.com\/parfum\/eau-de-parfum-dahn-al-oud-amiri\/#breadcrumb"},"inLanguage":"en-US","potentialAction":[{"@type":"ReadAction","target":["https:\/\/lescollectionsprivees.com\/parfum\/eau-de-parfum-dahn-al-oud-amiri\/"]}]},{"@type":"ImageObject","inLanguage":"en-US","@id":"https:\/\/lescollectionsprivees.com\/parfum\/eau-de-parfum-dahn-al-oud-amiri\/#primaryimage","url":"https:\/\/lescollectionsprivees.com\/wp-content\/uploads\/2023\/11\/Eau-de-parfum-Dahn-Al-Oud-Amiri-100ml-Nabeel-Perfumes.jpg","contentUrl":"https:\/\/lescollectionsprivees.com\/wp-content\/uploads\/2023\/11\/Eau-de-parfum-Dahn-Al-Oud-Amiri-100ml-Nabeel-Perfumes.jpg","width":600,"height":600,"caption":"Eau de parfum Dahn Al Oud Amiri 100ml - Nabeel Perfumes"},{"@type":"BreadcrumbList","@id":"https:\/\/lescollectionsprivees.com\/parfum\/eau-de-parfum-dahn-al-oud-amiri\/#breadcrumb","itemListElement":[{"@type":"ListItem","position":1,"name":"Accueil","item":"https:\/\/lescollectionsprivees.com\/"},{"@type":"ListItem","position":2,"name":"Boutique","item":"https:\/\/lescollectionsprivees.com\/boutique\/"},{"@type":"ListItem","position":3,"name":"Eau de parfum Dahn Al Oud Amiri 100ml &#8211; Nabeel Perfumes"}]},{"@type":"WebSite","@id":"https:\/\/lescollectionsprivees.com\/#website","url":"https:\/\/lescollectionsprivees.com\/","name":"Private Collections","description":"","publisher":{"@id":"https:\/\/lescollectionsprivees.com\/#organization"},"potentialAction":[{"@type":"SearchAction","target":{"@type":"EntryPoint","urlTemplate":"https:\/\/lescollectionsprivees.com\/?s={search_term_string}"},"query-input":{"@type":"PropertyValueSpecification","valueRequired":true,"valueName":"search_term_string"}}],"inLanguage":"en-US"},{"@type":"Organization","@id":"https:\/\/lescollectionsprivees.com\/#organization","name":"Private Collections","url":"https:\/\/lescollectionsprivees.com\/","logo":{"@type":"ImageObject","inLanguage":"en-US","@id":"https:\/\/lescollectionsprivees.com\/#\/schema\/logo\/image\/","url":"https:\/\/lescollectionsprivees.com\/wp-content\/uploads\/2020\/02\/Logo-Les-Collections-Priv\u00e9es-450x450-1.png","contentUrl":"https:\/\/lescollectionsprivees.com\/wp-content\/uploads\/2020\/02\/Logo-Les-Collections-Priv\u00e9es-450x450-1.png","width":450,"height":450,"caption":"Les Collections Priv\u00e9es"},"image":{"@id":"https:\/\/lescollectionsprivees.com\/#\/schema\/logo\/image\/"}}]}},"_links":{"self":[{"href":"https:\/\/lescollectionsprivees.com\/en\/wp-json\/wp\/v2\/product\/26660","targetHints":{"allow":["GET"]}}],"collection":[{"href":"https:\/\/lescollectionsprivees.com\/en\/wp-json\/wp\/v2\/product"}],"about":[{"href":"https:\/\/lescollectionsprivees.com\/en\/wp-json\/wp\/v2\/types\/product"}],"wp:featuredmedia":[{"embeddable":true,"href":"https:\/\/lescollectionsprivees.com\/en\/wp-json\/wp\/v2\/media\/26665"}],"wp:attachment":[{"href":"https:\/\/lescollectionsprivees.com\/en\/wp-json\/wp\/v2\/media?parent=26660"}],"wp:term":[{"taxonomy":"product_brand","embeddable":true,"href":"https:\/\/lescollectionsprivees.com\/en\/wp-json\/wp\/v2\/product_brand?post=26660"},{"taxonomy":"product_cat","embeddable":true,"href":"https:\/\/lescollectionsprivees.com\/en\/wp-json\/wp\/v2\/product_cat?post=26660"},{"taxonomy":"product_tag","embeddable":true,"href":"https:\/\/lescollectionsprivees.com\/en\/wp-json\/wp\/v2\/product_tag?post=26660"}],"curies":[{"name":"wp","href":"https:\/\/api.w.org\/{rel}","templated":true}]}}