{"id":26664,"date":"2023-11-08T09:03:53","date_gmt":"2023-11-08T09:03:53","guid":{"rendered":"https:\/\/lescollectionsprivees.com\/?post_type=product&#038;p=26664"},"modified":"2024-08-24T10:13:07","modified_gmt":"2024-08-24T10:13:07","slug":"eau-de-parfum-asateer","status":"publish","type":"product","link":"https:\/\/lescollectionsprivees.com\/en\/parfum\/eau-de-parfum-asateer\/","title":{"rendered":"Eau de parfum Asateer 100ml - Nabeel Perfumes"},"content":{"rendered":"<p>Let yourself be seduced by this fragrance, as seductive as it is captivating. Indeed<strong>Asateer eau de parfum<\/strong>\u00a0is a creation\u00a0<strong>deliciously complex, awakening our senses to the very last drop.<\/strong>\u00a0Without further ado, we present this absolutely refined fragrance.<\/p>\n<h2><strong>Enjoy the adventure of this creation by Nabeel Perfumes<\/strong><\/h2>\n<p>At the helm of this enticing olfactory journey is a perfumery house\u00a0<strong>of eloquent nobility. And dazzling quality.\u00a0<\/strong><\/p>\n<p>In fact, Nabeel Perfumes is\u00a0<strong>ancestral know-how in oriental perfumery.<\/strong>\u00a0<strong>Fitted with innovative modernity<\/strong>\u00a0seductive.<\/p>\n<p>Choosing Nabeel means ensuring quality and deliciousness. So don't delay in discovering\u00a0<strong>Asateer, reflecting the preciousness of these fragrant jewels.<\/strong><\/p>\n<h2><strong>Asateer eau de parfum: when complexity rhymes with sensuality<\/strong><\/h2>\n<p>The trail of this memorable elixir takes us on a voyage of discovery.\u00a0<strong>fresh, wild and suave aromas.<\/strong>\u00a0And for good reason, this excellent composition is based on\u00a0<strong>tangy, floral and musky notes.<\/strong>\u00a0A cocktail that continues to transport us with fragrances from all over the world.<\/p>\n<p>In the first notes of Asateer, for example, we discover\u00a0<strong>scents of citrus, pamplewood, tuberose and neroli.<\/strong>\u00a0Then, a hint of spice heralds the savory heart of this exquisite fragrance. Indeed, the heart notes are the perfect blend of precious flowers and exotic fruits. Since this is\u00a0<strong>jasmine, magnolia, pink peony, orange blossom and lychee.<\/strong>\u00a0Finally, we melt at the sensual conclusion of this marvel.\u00a0<strong>Oud, musk amber and mate<\/strong>\u00a0regale us with\u00a0<strong>their voluptuousness and long-lasting tenacity!\u00a0<\/strong><\/p>\n<h3><strong>Prolong the pleasure with our Nabeel selection<\/strong><\/h3>\n<p>If you'd like to discover the other treasures we've selected for you from perfumer Nabeel, don't miss the category dedicated to him in our boutique. Here you'll savor other precious nuggets. These include<strong>perfume water<\/strong>\u00a0<strong><a href=\"https:\/\/lescollectionsprivees.com\/en\/fragrance\/eau-de-parfum-dahn-al-oud\/\">Dahn al oud<\/a>, <a href=\"https:\/\/lescollectionsprivees.com\/en\/fragrance\/maghateer-eau-de-parfum\/\">Maghateer<\/a> or even <a href=\"https:\/\/lescollectionsprivees.com\/en\/fragrance\/eau-de-parfum-al-bashiq\/\">Al Bashiq<\/a>.\u00a0<\/strong><\/p>","protected":false},"excerpt":{"rendered":"<p><strong>Olfactory notes :<\/strong><\/p>\n<p><strong>Top notes<\/strong> Cashmeran, Leather, Pamplewood, Tuberose, Saffron, Neroli, Marine and Citrus notes<br \/>\n<strong>Heart notes<\/strong> Orange blossom, Magnolia, Papyrus, Oud, Pink peony, Jasmine and Litchi<br \/>\n<strong>Base notes<\/strong> Amber, Musk and Mat\u00e9.<\/p>","protected":false},"featured_media":26669,"template":"","meta":[],"product_brand":[],"product_cat":[278,203,201,202,265,208],"product_tag":[],"class_list":{"0":"post-26664","1":"product","2":"type-product","3":"status-publish","4":"has-post-thumbnail","6":"product_cat-nabeel-perfumes","7":"product_cat-parfum-ambre","8":"product_cat-parfum-femme","9":"product_cat-parfum-homme","10":"product_cat-parfum-patchouli","11":"product_cat-parfum-vanille","13":"first","14":"instock","15":"taxable","16":"shipping-taxable","17":"purchasable","18":"product-type-simple"},"yoast_head":"<!-- This site is optimized with the Yoast SEO plugin v27.5 - https:\/\/yoast.com\/product\/yoast-seo-wordpress\/ -->\n<title>Asateer | Eau de parfum 100ml | Nabeel Perfumes<\/title>\n<meta name=\"description\" content=\"L&#039;eau de parfum Asateer\u00a0est une cr\u00e9ation\u00a0d\u00e9licieusement complexe qui \u00e9veille nos sens jusqu&#039;aux derni\u00e8res gouttelettes. Adoptez-l\u00e0 !\" \/>\n<meta name=\"robots\" content=\"index, follow, max-snippet:-1, max-image-preview:large, max-video-preview:-1\" \/>\n<link rel=\"canonical\" href=\"https:\/\/lescollectionsprivees.com\/en\/fragrance\/eau-de-parfum-asateer\/\" \/>\n<meta property=\"og:locale\" content=\"en_US\" \/>\n<meta property=\"og:type\" content=\"article\" \/>\n<meta property=\"og:title\" content=\"Asateer | Eau de parfum 100ml | Nabeel Perfumes\" \/>\n<meta property=\"og:description\" content=\"L&#039;eau de parfum Asateer\u00a0est une cr\u00e9ation\u00a0d\u00e9licieusement complexe qui \u00e9veille nos sens jusqu&#039;aux derni\u00e8res gouttelettes. Adoptez-l\u00e0 !\" \/>\n<meta property=\"og:url\" content=\"https:\/\/lescollectionsprivees.com\/en\/fragrance\/eau-de-parfum-asateer\/\" \/>\n<meta property=\"og:site_name\" content=\"Les Collections Priv\u00e9es\" \/>\n<meta property=\"article:modified_time\" content=\"2024-08-24T10:13:07+00:00\" \/>\n<meta property=\"og:image\" content=\"https:\/\/lescollectionsprivees.com\/wp-content\/uploads\/2023\/11\/Eau-de-parfum-Asateer-100ml-Nabeel-Perfumes.jpg\" \/>\n\t<meta property=\"og:image:width\" content=\"600\" \/>\n\t<meta property=\"og:image:height\" content=\"600\" \/>\n\t<meta property=\"og:image:type\" content=\"image\/jpeg\" \/>\n<meta name=\"twitter:card\" content=\"summary_large_image\" \/>\n<meta name=\"twitter:label1\" content=\"Est. reading time\" \/>\n\t<meta name=\"twitter:data1\" content=\"2 minutes\" \/>\n<script type=\"application\/ld+json\" class=\"yoast-schema-graph\">{\"@context\":\"https:\\\/\\\/schema.org\",\"@graph\":[{\"@type\":\"WebPage\",\"@id\":\"https:\\\/\\\/lescollectionsprivees.com\\\/parfum\\\/eau-de-parfum-asateer\\\/\",\"url\":\"https:\\\/\\\/lescollectionsprivees.com\\\/parfum\\\/eau-de-parfum-asateer\\\/\",\"name\":\"Asateer | Eau de parfum 100ml | Nabeel Perfumes\",\"isPartOf\":{\"@id\":\"https:\\\/\\\/lescollectionsprivees.com\\\/#website\"},\"primaryImageOfPage\":{\"@id\":\"https:\\\/\\\/lescollectionsprivees.com\\\/parfum\\\/eau-de-parfum-asateer\\\/#primaryimage\"},\"image\":{\"@id\":\"https:\\\/\\\/lescollectionsprivees.com\\\/parfum\\\/eau-de-parfum-asateer\\\/#primaryimage\"},\"thumbnailUrl\":\"https:\\\/\\\/lescollectionsprivees.com\\\/wp-content\\\/uploads\\\/2023\\\/11\\\/Eau-de-parfum-Asateer-100ml-Nabeel-Perfumes.jpg\",\"datePublished\":\"2023-11-08T09:03:53+00:00\",\"dateModified\":\"2024-08-24T10:13:07+00:00\",\"description\":\"L'eau de parfum Asateer\u00a0est une cr\u00e9ation\u00a0d\u00e9licieusement complexe qui \u00e9veille nos sens jusqu'aux derni\u00e8res gouttelettes. Adoptez-l\u00e0 !\",\"breadcrumb\":{\"@id\":\"https:\\\/\\\/lescollectionsprivees.com\\\/parfum\\\/eau-de-parfum-asateer\\\/#breadcrumb\"},\"inLanguage\":\"en-US\",\"potentialAction\":[{\"@type\":\"ReadAction\",\"target\":[\"https:\\\/\\\/lescollectionsprivees.com\\\/parfum\\\/eau-de-parfum-asateer\\\/\"]}]},{\"@type\":\"ImageObject\",\"inLanguage\":\"en-US\",\"@id\":\"https:\\\/\\\/lescollectionsprivees.com\\\/parfum\\\/eau-de-parfum-asateer\\\/#primaryimage\",\"url\":\"https:\\\/\\\/lescollectionsprivees.com\\\/wp-content\\\/uploads\\\/2023\\\/11\\\/Eau-de-parfum-Asateer-100ml-Nabeel-Perfumes.jpg\",\"contentUrl\":\"https:\\\/\\\/lescollectionsprivees.com\\\/wp-content\\\/uploads\\\/2023\\\/11\\\/Eau-de-parfum-Asateer-100ml-Nabeel-Perfumes.jpg\",\"width\":600,\"height\":600,\"caption\":\"Eau de parfum Asateer 100ml - Nabeel Perfumes\"},{\"@type\":\"BreadcrumbList\",\"@id\":\"https:\\\/\\\/lescollectionsprivees.com\\\/parfum\\\/eau-de-parfum-asateer\\\/#breadcrumb\",\"itemListElement\":[{\"@type\":\"ListItem\",\"position\":1,\"name\":\"Accueil\",\"item\":\"https:\\\/\\\/lescollectionsprivees.com\\\/\"},{\"@type\":\"ListItem\",\"position\":2,\"name\":\"Boutique\",\"item\":\"https:\\\/\\\/lescollectionsprivees.com\\\/boutique\\\/\"},{\"@type\":\"ListItem\",\"position\":3,\"name\":\"Eau de parfum Asateer 100ml &#8211; Nabeel Perfumes\"}]},{\"@type\":\"WebSite\",\"@id\":\"https:\\\/\\\/lescollectionsprivees.com\\\/#website\",\"url\":\"https:\\\/\\\/lescollectionsprivees.com\\\/\",\"name\":\"Les Collections Priv\u00e9es\",\"description\":\"\",\"publisher\":{\"@id\":\"https:\\\/\\\/lescollectionsprivees.com\\\/#organization\"},\"potentialAction\":[{\"@type\":\"SearchAction\",\"target\":{\"@type\":\"EntryPoint\",\"urlTemplate\":\"https:\\\/\\\/lescollectionsprivees.com\\\/?s={search_term_string}\"},\"query-input\":{\"@type\":\"PropertyValueSpecification\",\"valueRequired\":true,\"valueName\":\"search_term_string\"}}],\"inLanguage\":\"en-US\"},{\"@type\":\"Organization\",\"@id\":\"https:\\\/\\\/lescollectionsprivees.com\\\/#organization\",\"name\":\"Les Collections Priv\u00e9es\",\"url\":\"https:\\\/\\\/lescollectionsprivees.com\\\/\",\"logo\":{\"@type\":\"ImageObject\",\"inLanguage\":\"en-US\",\"@id\":\"https:\\\/\\\/lescollectionsprivees.com\\\/#\\\/schema\\\/logo\\\/image\\\/\",\"url\":\"https:\\\/\\\/lescollectionsprivees.com\\\/wp-content\\\/uploads\\\/2020\\\/02\\\/Logo-Les-Collections-Priv\u00e9es-450x450-1.png\",\"contentUrl\":\"https:\\\/\\\/lescollectionsprivees.com\\\/wp-content\\\/uploads\\\/2020\\\/02\\\/Logo-Les-Collections-Priv\u00e9es-450x450-1.png\",\"width\":450,\"height\":450,\"caption\":\"Les Collections Priv\u00e9es\"},\"image\":{\"@id\":\"https:\\\/\\\/lescollectionsprivees.com\\\/#\\\/schema\\\/logo\\\/image\\\/\"}}]}<\/script>\n<!-- \/ Yoast SEO plugin. -->","yoast_head_json":{"title":"Asateer | Eau de parfum 100ml | Nabeel Perfumes","description":"Asateer eau de parfum is a deliciously complex creation that awakens our senses to the very last drop. Adopt it!","robots":{"index":"index","follow":"follow","max-snippet":"max-snippet:-1","max-image-preview":"max-image-preview:large","max-video-preview":"max-video-preview:-1"},"canonical":"https:\/\/lescollectionsprivees.com\/en\/fragrance\/eau-de-parfum-asateer\/","og_locale":"en_US","og_type":"article","og_title":"Asateer | Eau de parfum 100ml | Nabeel Perfumes","og_description":"L'eau de parfum Asateer\u00a0est une cr\u00e9ation\u00a0d\u00e9licieusement complexe qui \u00e9veille nos sens jusqu'aux derni\u00e8res gouttelettes. Adoptez-l\u00e0 !","og_url":"https:\/\/lescollectionsprivees.com\/en\/fragrance\/eau-de-parfum-asateer\/","og_site_name":"Les Collections Priv\u00e9es","article_modified_time":"2024-08-24T10:13:07+00:00","og_image":[{"width":600,"height":600,"url":"https:\/\/lescollectionsprivees.com\/wp-content\/uploads\/2023\/11\/Eau-de-parfum-Asateer-100ml-Nabeel-Perfumes.jpg","type":"image\/jpeg"}],"twitter_card":"summary_large_image","twitter_misc":{"Est. reading time":"2 minutes"},"schema":{"@context":"https:\/\/schema.org","@graph":[{"@type":"WebPage","@id":"https:\/\/lescollectionsprivees.com\/parfum\/eau-de-parfum-asateer\/","url":"https:\/\/lescollectionsprivees.com\/parfum\/eau-de-parfum-asateer\/","name":"Asateer | Eau de parfum 100ml | Nabeel Perfumes","isPartOf":{"@id":"https:\/\/lescollectionsprivees.com\/#website"},"primaryImageOfPage":{"@id":"https:\/\/lescollectionsprivees.com\/parfum\/eau-de-parfum-asateer\/#primaryimage"},"image":{"@id":"https:\/\/lescollectionsprivees.com\/parfum\/eau-de-parfum-asateer\/#primaryimage"},"thumbnailUrl":"https:\/\/lescollectionsprivees.com\/wp-content\/uploads\/2023\/11\/Eau-de-parfum-Asateer-100ml-Nabeel-Perfumes.jpg","datePublished":"2023-11-08T09:03:53+00:00","dateModified":"2024-08-24T10:13:07+00:00","description":"Asateer eau de parfum is a deliciously complex creation that awakens our senses to the very last drop. Adopt it!","breadcrumb":{"@id":"https:\/\/lescollectionsprivees.com\/parfum\/eau-de-parfum-asateer\/#breadcrumb"},"inLanguage":"en-US","potentialAction":[{"@type":"ReadAction","target":["https:\/\/lescollectionsprivees.com\/parfum\/eau-de-parfum-asateer\/"]}]},{"@type":"ImageObject","inLanguage":"en-US","@id":"https:\/\/lescollectionsprivees.com\/parfum\/eau-de-parfum-asateer\/#primaryimage","url":"https:\/\/lescollectionsprivees.com\/wp-content\/uploads\/2023\/11\/Eau-de-parfum-Asateer-100ml-Nabeel-Perfumes.jpg","contentUrl":"https:\/\/lescollectionsprivees.com\/wp-content\/uploads\/2023\/11\/Eau-de-parfum-Asateer-100ml-Nabeel-Perfumes.jpg","width":600,"height":600,"caption":"Eau de parfum Asateer 100ml - Nabeel Perfumes"},{"@type":"BreadcrumbList","@id":"https:\/\/lescollectionsprivees.com\/parfum\/eau-de-parfum-asateer\/#breadcrumb","itemListElement":[{"@type":"ListItem","position":1,"name":"Accueil","item":"https:\/\/lescollectionsprivees.com\/"},{"@type":"ListItem","position":2,"name":"Boutique","item":"https:\/\/lescollectionsprivees.com\/boutique\/"},{"@type":"ListItem","position":3,"name":"Eau de parfum Asateer 100ml &#8211; Nabeel Perfumes"}]},{"@type":"WebSite","@id":"https:\/\/lescollectionsprivees.com\/#website","url":"https:\/\/lescollectionsprivees.com\/","name":"Private Collections","description":"","publisher":{"@id":"https:\/\/lescollectionsprivees.com\/#organization"},"potentialAction":[{"@type":"SearchAction","target":{"@type":"EntryPoint","urlTemplate":"https:\/\/lescollectionsprivees.com\/?s={search_term_string}"},"query-input":{"@type":"PropertyValueSpecification","valueRequired":true,"valueName":"search_term_string"}}],"inLanguage":"en-US"},{"@type":"Organization","@id":"https:\/\/lescollectionsprivees.com\/#organization","name":"Private Collections","url":"https:\/\/lescollectionsprivees.com\/","logo":{"@type":"ImageObject","inLanguage":"en-US","@id":"https:\/\/lescollectionsprivees.com\/#\/schema\/logo\/image\/","url":"https:\/\/lescollectionsprivees.com\/wp-content\/uploads\/2020\/02\/Logo-Les-Collections-Priv\u00e9es-450x450-1.png","contentUrl":"https:\/\/lescollectionsprivees.com\/wp-content\/uploads\/2020\/02\/Logo-Les-Collections-Priv\u00e9es-450x450-1.png","width":450,"height":450,"caption":"Les Collections Priv\u00e9es"},"image":{"@id":"https:\/\/lescollectionsprivees.com\/#\/schema\/logo\/image\/"}}]}},"_links":{"self":[{"href":"https:\/\/lescollectionsprivees.com\/en\/wp-json\/wp\/v2\/product\/26664","targetHints":{"allow":["GET"]}}],"collection":[{"href":"https:\/\/lescollectionsprivees.com\/en\/wp-json\/wp\/v2\/product"}],"about":[{"href":"https:\/\/lescollectionsprivees.com\/en\/wp-json\/wp\/v2\/types\/product"}],"wp:featuredmedia":[{"embeddable":true,"href":"https:\/\/lescollectionsprivees.com\/en\/wp-json\/wp\/v2\/media\/26669"}],"wp:attachment":[{"href":"https:\/\/lescollectionsprivees.com\/en\/wp-json\/wp\/v2\/media?parent=26664"}],"wp:term":[{"taxonomy":"product_brand","embeddable":true,"href":"https:\/\/lescollectionsprivees.com\/en\/wp-json\/wp\/v2\/product_brand?post=26664"},{"taxonomy":"product_cat","embeddable":true,"href":"https:\/\/lescollectionsprivees.com\/en\/wp-json\/wp\/v2\/product_cat?post=26664"},{"taxonomy":"product_tag","embeddable":true,"href":"https:\/\/lescollectionsprivees.com\/en\/wp-json\/wp\/v2\/product_tag?post=26664"}],"curies":[{"name":"wp","href":"https:\/\/api.w.org\/{rel}","templated":true}]}}