{"id":28337,"date":"2024-02-13T16:41:18","date_gmt":"2024-02-13T16:41:18","guid":{"rendered":"https:\/\/lescollectionsprivees.com\/?post_type=product&#038;p=28337"},"modified":"2024-02-13T16:41:31","modified_gmt":"2024-02-13T16:41:31","slug":"eau-de-parfum-my-stone-100-ml-surrati","status":"publish","type":"product","link":"https:\/\/lescollectionsprivees.com\/en\/parfum\/eau-de-parfum-my-stone-100-ml-surrati\/","title":{"rendered":"Eau de parfum My Stone 100 ml - Surrati"},"content":{"rendered":"<p>Discover My Stone, a captivating eau de parfum that leaves a lasting impression. Created by Surrati, a renowned perfumery, this fragrance is a true masterpiece. With its unique blend of notes, it's designed to captivate the senses and leave a lasting impression.<\/p>\n<h2><strong>A sensory journey with My Stone eau de parfum<\/strong><\/h2>\n<p>Embark on a sensory voyage with the<strong>My Stone eau de parfum\u00a0<\/strong>and discover the pleasure it brings. Top notes of Calabrian bergamot and African orange blossom create a vibrant, refreshing opening that instantly brightens the mood.<\/p>\n<p>As the fragrance settles, heart notes of tuberose and Indian jasmine emerge, adding a touch of elegance. Finally, base notes of Virginia juniper, Madagascar vanilla and white musk offer a warm, sensual finish that lingers on the skin.<\/p>\n<h2><strong>My Stone Eau de Parfum: a unisex fragrance for everyone<\/strong><\/h2>\n<p>This creation is a\u00a0<strong>versatile fragrance<\/strong>\u00a0which can be enjoyed by men and women alike. Its balanced composition makes it suitable for all occasions. Whether it's a formal event, a casual outing or a romantic evening, it's sure to suit you. Fragrance adapts to the wearer, creating a unique, personal and seductive scent.<\/p>\n<p>Express your individuality with this fragrance and enjoy it wherever you go.<\/p>\n<h3><strong>Made with excellence and quality<\/strong><\/h3>\n<p>Surrati is renowned for its commitment to excellence and quality.\u00a0<strong><a href=\"https:\/\/luxurious-fragrances.com\/produit\/eau-de-parfum-ameer-al-oud\/\">Ameer al Oud<\/a>\u00a0<\/strong>and My Stone are no exception. The fragrance is meticulously crafted with the finest ingredients, guaranteeing a luxurious scent and long-lasting wear. The elegant bottle reflects the sophistication of the fragrance, making it a perfect addition to any perfume collection. Discover the art and craftsmanship of Surrati with fragrances to suit you.<\/p>","protected":false},"excerpt":{"rendered":"<p><strong>Olfactory notes :<\/strong><\/p>\n<p><strong>Top Notes<\/strong> Bergamot from Calabria, Orange blossom from Africa<br \/>\n<strong>Heart notes<\/strong> Tuberose, Indian Jasmine<br \/>\n<strong>Base Notes<\/strong> Virginia juniper, Madagascar vanilla, white musk<\/p>","protected":false},"featured_media":28350,"template":"","meta":[],"product_brand":[],"product_cat":[281],"product_tag":[],"class_list":{"0":"post-28337","1":"product","2":"type-product","3":"status-publish","4":"has-post-thumbnail","6":"product_cat-surrati","8":"first","9":"instock","10":"taxable","11":"shipping-taxable","12":"purchasable","13":"product-type-simple"},"yoast_head":"<!-- This site is optimized with the Yoast SEO plugin v27.5 - https:\/\/yoast.com\/product\/yoast-seo-wordpress\/ -->\n<title>Eau de parfum My Stone 100 ml - Surrati - Les Collections Priv\u00e9es<\/title>\n<meta name=\"robots\" content=\"index, follow, max-snippet:-1, max-image-preview:large, max-video-preview:-1\" \/>\n<link rel=\"canonical\" href=\"https:\/\/lescollectionsprivees.com\/en\/fragrance\/eau-de-parfum-my-stone-100-ml-surrati\/\" \/>\n<meta property=\"og:locale\" content=\"en_US\" \/>\n<meta property=\"og:type\" content=\"article\" \/>\n<meta property=\"og:title\" content=\"Eau de parfum My Stone 100 ml - Surrati - Les Collections Priv\u00e9es\" \/>\n<meta property=\"og:description\" content=\"Notes olfactives :  Notes de T\u00eate : Bergamote de Calabria, Fleur d&#039;oranger d&#039;Afrique Notes de C\u0153ur : Tub\u00e9reuse, Jasmin d&#039;Inde Notes de Fond : Gen\u00e9vrier de Virginie, Vanille de Madagascar, Musc blanc\" \/>\n<meta property=\"og:url\" content=\"https:\/\/lescollectionsprivees.com\/en\/fragrance\/eau-de-parfum-my-stone-100-ml-surrati\/\" \/>\n<meta property=\"og:site_name\" content=\"Les Collections Priv\u00e9es\" \/>\n<meta property=\"article:modified_time\" content=\"2024-02-13T16:41:31+00:00\" \/>\n<meta name=\"twitter:card\" content=\"summary_large_image\" \/>\n<meta name=\"twitter:label1\" content=\"Est. reading time\" \/>\n\t<meta name=\"twitter:data1\" content=\"2 minutes\" \/>\n<script type=\"application\/ld+json\" class=\"yoast-schema-graph\">{\"@context\":\"https:\\\/\\\/schema.org\",\"@graph\":[{\"@type\":\"WebPage\",\"@id\":\"https:\\\/\\\/lescollectionsprivees.com\\\/parfum\\\/eau-de-parfum-my-stone-100-ml-surrati\\\/\",\"url\":\"https:\\\/\\\/lescollectionsprivees.com\\\/parfum\\\/eau-de-parfum-my-stone-100-ml-surrati\\\/\",\"name\":\"Eau de parfum My Stone 100 ml - Surrati - Les Collections Priv\u00e9es\",\"isPartOf\":{\"@id\":\"https:\\\/\\\/lescollectionsprivees.com\\\/#website\"},\"primaryImageOfPage\":{\"@id\":\"https:\\\/\\\/lescollectionsprivees.com\\\/parfum\\\/eau-de-parfum-my-stone-100-ml-surrati\\\/#primaryimage\"},\"image\":{\"@id\":\"https:\\\/\\\/lescollectionsprivees.com\\\/parfum\\\/eau-de-parfum-my-stone-100-ml-surrati\\\/#primaryimage\"},\"thumbnailUrl\":\"https:\\\/\\\/lescollectionsprivees.com\\\/wp-content\\\/uploads\\\/2024\\\/02\\\/eau-de-parfum-my-stone-surrati.jpg\",\"datePublished\":\"2024-02-13T16:41:18+00:00\",\"dateModified\":\"2024-02-13T16:41:31+00:00\",\"breadcrumb\":{\"@id\":\"https:\\\/\\\/lescollectionsprivees.com\\\/parfum\\\/eau-de-parfum-my-stone-100-ml-surrati\\\/#breadcrumb\"},\"inLanguage\":\"en-US\",\"potentialAction\":[{\"@type\":\"ReadAction\",\"target\":[\"https:\\\/\\\/lescollectionsprivees.com\\\/parfum\\\/eau-de-parfum-my-stone-100-ml-surrati\\\/\"]}]},{\"@type\":\"ImageObject\",\"inLanguage\":\"en-US\",\"@id\":\"https:\\\/\\\/lescollectionsprivees.com\\\/parfum\\\/eau-de-parfum-my-stone-100-ml-surrati\\\/#primaryimage\",\"url\":\"https:\\\/\\\/lescollectionsprivees.com\\\/wp-content\\\/uploads\\\/2024\\\/02\\\/eau-de-parfum-my-stone-surrati.jpg\",\"contentUrl\":\"https:\\\/\\\/lescollectionsprivees.com\\\/wp-content\\\/uploads\\\/2024\\\/02\\\/eau-de-parfum-my-stone-surrati.jpg\",\"width\":600,\"height\":600},{\"@type\":\"BreadcrumbList\",\"@id\":\"https:\\\/\\\/lescollectionsprivees.com\\\/parfum\\\/eau-de-parfum-my-stone-100-ml-surrati\\\/#breadcrumb\",\"itemListElement\":[{\"@type\":\"ListItem\",\"position\":1,\"name\":\"Accueil\",\"item\":\"https:\\\/\\\/lescollectionsprivees.com\\\/\"},{\"@type\":\"ListItem\",\"position\":2,\"name\":\"Boutique\",\"item\":\"https:\\\/\\\/lescollectionsprivees.com\\\/boutique\\\/\"},{\"@type\":\"ListItem\",\"position\":3,\"name\":\"Eau de parfum My Stone 100 ml &#8211; Surrati\"}]},{\"@type\":\"WebSite\",\"@id\":\"https:\\\/\\\/lescollectionsprivees.com\\\/#website\",\"url\":\"https:\\\/\\\/lescollectionsprivees.com\\\/\",\"name\":\"Les Collections Priv\u00e9es\",\"description\":\"\",\"publisher\":{\"@id\":\"https:\\\/\\\/lescollectionsprivees.com\\\/#organization\"},\"potentialAction\":[{\"@type\":\"SearchAction\",\"target\":{\"@type\":\"EntryPoint\",\"urlTemplate\":\"https:\\\/\\\/lescollectionsprivees.com\\\/?s={search_term_string}\"},\"query-input\":{\"@type\":\"PropertyValueSpecification\",\"valueRequired\":true,\"valueName\":\"search_term_string\"}}],\"inLanguage\":\"en-US\"},{\"@type\":\"Organization\",\"@id\":\"https:\\\/\\\/lescollectionsprivees.com\\\/#organization\",\"name\":\"Les Collections Priv\u00e9es\",\"url\":\"https:\\\/\\\/lescollectionsprivees.com\\\/\",\"logo\":{\"@type\":\"ImageObject\",\"inLanguage\":\"en-US\",\"@id\":\"https:\\\/\\\/lescollectionsprivees.com\\\/#\\\/schema\\\/logo\\\/image\\\/\",\"url\":\"https:\\\/\\\/lescollectionsprivees.com\\\/wp-content\\\/uploads\\\/2020\\\/02\\\/Logo-Les-Collections-Priv\u00e9es-450x450-1.png\",\"contentUrl\":\"https:\\\/\\\/lescollectionsprivees.com\\\/wp-content\\\/uploads\\\/2020\\\/02\\\/Logo-Les-Collections-Priv\u00e9es-450x450-1.png\",\"width\":450,\"height\":450,\"caption\":\"Les Collections Priv\u00e9es\"},\"image\":{\"@id\":\"https:\\\/\\\/lescollectionsprivees.com\\\/#\\\/schema\\\/logo\\\/image\\\/\"}}]}<\/script>\n<!-- \/ Yoast SEO plugin. -->","yoast_head_json":{"title":"Eau de parfum My Stone 100 ml - Surrati - Les Collections Priv\u00e9es","robots":{"index":"index","follow":"follow","max-snippet":"max-snippet:-1","max-image-preview":"max-image-preview:large","max-video-preview":"max-video-preview:-1"},"canonical":"https:\/\/lescollectionsprivees.com\/en\/fragrance\/eau-de-parfum-my-stone-100-ml-surrati\/","og_locale":"en_US","og_type":"article","og_title":"Eau de parfum My Stone 100 ml - Surrati - Les Collections Priv\u00e9es","og_description":"Notes olfactives :  Notes de T\u00eate : Bergamote de Calabria, Fleur d'oranger d'Afrique Notes de C\u0153ur : Tub\u00e9reuse, Jasmin d'Inde Notes de Fond : Gen\u00e9vrier de Virginie, Vanille de Madagascar, Musc blanc","og_url":"https:\/\/lescollectionsprivees.com\/en\/fragrance\/eau-de-parfum-my-stone-100-ml-surrati\/","og_site_name":"Les Collections Priv\u00e9es","article_modified_time":"2024-02-13T16:41:31+00:00","twitter_card":"summary_large_image","twitter_misc":{"Est. reading time":"2 minutes"},"schema":{"@context":"https:\/\/schema.org","@graph":[{"@type":"WebPage","@id":"https:\/\/lescollectionsprivees.com\/parfum\/eau-de-parfum-my-stone-100-ml-surrati\/","url":"https:\/\/lescollectionsprivees.com\/parfum\/eau-de-parfum-my-stone-100-ml-surrati\/","name":"Eau de parfum My Stone 100 ml - Surrati - Les Collections Priv\u00e9es","isPartOf":{"@id":"https:\/\/lescollectionsprivees.com\/#website"},"primaryImageOfPage":{"@id":"https:\/\/lescollectionsprivees.com\/parfum\/eau-de-parfum-my-stone-100-ml-surrati\/#primaryimage"},"image":{"@id":"https:\/\/lescollectionsprivees.com\/parfum\/eau-de-parfum-my-stone-100-ml-surrati\/#primaryimage"},"thumbnailUrl":"https:\/\/lescollectionsprivees.com\/wp-content\/uploads\/2024\/02\/eau-de-parfum-my-stone-surrati.jpg","datePublished":"2024-02-13T16:41:18+00:00","dateModified":"2024-02-13T16:41:31+00:00","breadcrumb":{"@id":"https:\/\/lescollectionsprivees.com\/parfum\/eau-de-parfum-my-stone-100-ml-surrati\/#breadcrumb"},"inLanguage":"en-US","potentialAction":[{"@type":"ReadAction","target":["https:\/\/lescollectionsprivees.com\/parfum\/eau-de-parfum-my-stone-100-ml-surrati\/"]}]},{"@type":"ImageObject","inLanguage":"en-US","@id":"https:\/\/lescollectionsprivees.com\/parfum\/eau-de-parfum-my-stone-100-ml-surrati\/#primaryimage","url":"https:\/\/lescollectionsprivees.com\/wp-content\/uploads\/2024\/02\/eau-de-parfum-my-stone-surrati.jpg","contentUrl":"https:\/\/lescollectionsprivees.com\/wp-content\/uploads\/2024\/02\/eau-de-parfum-my-stone-surrati.jpg","width":600,"height":600},{"@type":"BreadcrumbList","@id":"https:\/\/lescollectionsprivees.com\/parfum\/eau-de-parfum-my-stone-100-ml-surrati\/#breadcrumb","itemListElement":[{"@type":"ListItem","position":1,"name":"Accueil","item":"https:\/\/lescollectionsprivees.com\/"},{"@type":"ListItem","position":2,"name":"Boutique","item":"https:\/\/lescollectionsprivees.com\/boutique\/"},{"@type":"ListItem","position":3,"name":"Eau de parfum My Stone 100 ml &#8211; Surrati"}]},{"@type":"WebSite","@id":"https:\/\/lescollectionsprivees.com\/#website","url":"https:\/\/lescollectionsprivees.com\/","name":"Private Collections","description":"","publisher":{"@id":"https:\/\/lescollectionsprivees.com\/#organization"},"potentialAction":[{"@type":"SearchAction","target":{"@type":"EntryPoint","urlTemplate":"https:\/\/lescollectionsprivees.com\/?s={search_term_string}"},"query-input":{"@type":"PropertyValueSpecification","valueRequired":true,"valueName":"search_term_string"}}],"inLanguage":"en-US"},{"@type":"Organization","@id":"https:\/\/lescollectionsprivees.com\/#organization","name":"Private Collections","url":"https:\/\/lescollectionsprivees.com\/","logo":{"@type":"ImageObject","inLanguage":"en-US","@id":"https:\/\/lescollectionsprivees.com\/#\/schema\/logo\/image\/","url":"https:\/\/lescollectionsprivees.com\/wp-content\/uploads\/2020\/02\/Logo-Les-Collections-Priv\u00e9es-450x450-1.png","contentUrl":"https:\/\/lescollectionsprivees.com\/wp-content\/uploads\/2020\/02\/Logo-Les-Collections-Priv\u00e9es-450x450-1.png","width":450,"height":450,"caption":"Les Collections Priv\u00e9es"},"image":{"@id":"https:\/\/lescollectionsprivees.com\/#\/schema\/logo\/image\/"}}]}},"_links":{"self":[{"href":"https:\/\/lescollectionsprivees.com\/en\/wp-json\/wp\/v2\/product\/28337","targetHints":{"allow":["GET"]}}],"collection":[{"href":"https:\/\/lescollectionsprivees.com\/en\/wp-json\/wp\/v2\/product"}],"about":[{"href":"https:\/\/lescollectionsprivees.com\/en\/wp-json\/wp\/v2\/types\/product"}],"wp:featuredmedia":[{"embeddable":true,"href":"https:\/\/lescollectionsprivees.com\/en\/wp-json\/wp\/v2\/media\/28350"}],"wp:attachment":[{"href":"https:\/\/lescollectionsprivees.com\/en\/wp-json\/wp\/v2\/media?parent=28337"}],"wp:term":[{"taxonomy":"product_brand","embeddable":true,"href":"https:\/\/lescollectionsprivees.com\/en\/wp-json\/wp\/v2\/product_brand?post=28337"},{"taxonomy":"product_cat","embeddable":true,"href":"https:\/\/lescollectionsprivees.com\/en\/wp-json\/wp\/v2\/product_cat?post=28337"},{"taxonomy":"product_tag","embeddable":true,"href":"https:\/\/lescollectionsprivees.com\/en\/wp-json\/wp\/v2\/product_tag?post=28337"}],"curies":[{"name":"wp","href":"https:\/\/api.w.org\/{rel}","templated":true}]}}