{"id":29841,"date":"2024-06-08T16:17:36","date_gmt":"2024-06-08T16:17:36","guid":{"rendered":"https:\/\/lescollectionsprivees.com\/?post_type=product&#038;p=29841"},"modified":"2026-04-23T13:05:40","modified_gmt":"2026-04-23T13:05:40","slug":"royal-blend-nero-perfume-extract","status":"publish","type":"product","link":"https:\/\/lescollectionsprivees.com\/en\/parfum\/extrait-de-parfum-royal-blend-nero\/","title":{"rendered":"Royal Blend Nero Perfume Extract 100ml - French Avenue"},"content":{"rendered":"<p><strong>Royal Blend Nero perfume extract<\/strong> from the French Avenue brand truly embodies luxury and elegance. Positioned as a high-end fragrance, it offers a refined and captivating olfactory experience. Discover it now...<\/p>\n<h2><strong>The perfect balance of Royal Blend Nero perfume extract <\/strong><\/h2>\n<p>This <strong>mixed fragrance<\/strong> has something to charm both men and women. Indeed, its composition is such that its scent is truly unique.<\/p>\n<ul>\n<li>Top notes: Mandarin, Apple, Vanilla<\/li>\n<li>Heart notes: rose, vanilla, spices, ylang-ylang<\/li>\n<li>Base notes: oud, White Musk, Sandalwood, Patchouli<\/li>\n<\/ul>\n<p>The combination of fresh, fruity top notes, floral and spicy middle notes, and woody, musky base notes creates a <strong>wake<\/strong> captivating and sophisticated. Then, the subtle harmony between these notes creates a unique fragrance. It evolves pleasantly throughout the day, leaving behind a memorable imprint.<\/p>\n<h2><strong>Our application tips for Royal Blend Nero perfume extract<\/strong><\/h2>\n<p>For optimum hold, apply Royal Blend Nero perfume extract in small dabs to pulse areas. In fact, this extract is extremely well dosed and capable of providing long-lasting, intense fragrance.<\/p>\n<p>Also, be careful not to rub the fragrance, as this alters its composition. A light, even spray will fully reveal its complex notes and prolong its hold on the skin.<\/p>\n<h3><strong>Other French Avenue beads <\/strong><\/h3>\n<p>French Avenue offers a range of exceptional fragrances, each offering a unique and refined olfactory experience. The brand's other flagship fragrances include \"\u00a0<strong>Miraj exclusive \"<\/strong> with its notes of vanilla and coffee. As well as \"\u00a0<strong>Irida \"<\/strong> a subtle blend of cherry and amber, among other notes.<\/p>\n<p>In this way, each <strong>juice<\/strong> embodies elegance and sophistication, offering a wide range of choices for lovers of exceptional fragrances.<\/p>","protected":false},"excerpt":{"rendered":"<p><strong>Olfactory notes :<\/strong><\/p>\n<p><strong>Head<\/strong>\u00a0: Mandarin, Apple, Vanilla<br \/>\n<strong>Heart<\/strong>\u00a0Rose, Vanilla, Spices, Ylang-ylang<br \/>\n<strong>Background<\/strong>\u00a0Oud, White Musk, Sandalwood, Patchouli<\/p>","protected":false},"featured_media":29842,"template":"","meta":[],"product_brand":[],"product_cat":[302],"product_tag":[],"class_list":{"0":"post-29841","1":"product","2":"type-product","3":"status-publish","4":"has-post-thumbnail","6":"product_cat-french-avenue","8":"first","9":"instock","10":"taxable","11":"shipping-taxable","12":"purchasable","13":"product-type-simple"},"yoast_head":"<!-- This site is optimized with the Yoast SEO plugin v27.5 - https:\/\/yoast.com\/product\/yoast-seo-wordpress\/ -->\n<title>Royal Blend Nero | Extrait de parfum en 100ml | French Avenue<\/title>\n<meta name=\"description\" content=\"L&#039;extrait de parfum Royal Blend Nero de la marque French Avenue incarne v\u00e9ritablement le luxe et l&#039;\u00e9l\u00e9gance. Adoptez-le rapidement !\" \/>\n<meta name=\"robots\" content=\"index, follow, max-snippet:-1, max-image-preview:large, max-video-preview:-1\" \/>\n<link rel=\"canonical\" href=\"https:\/\/lescollectionsprivees.com\/en\/fragrance\/royal-blend-nero-perfume-extract\/\" \/>\n<meta property=\"og:locale\" content=\"en_US\" \/>\n<meta property=\"og:type\" content=\"article\" \/>\n<meta property=\"og:title\" content=\"Royal Blend Nero | Extrait de parfum en 100ml | French Avenue\" \/>\n<meta property=\"og:description\" content=\"L&#039;extrait de parfum Royal Blend Nero de la marque French Avenue incarne v\u00e9ritablement le luxe et l&#039;\u00e9l\u00e9gance. Adoptez-le rapidement !\" \/>\n<meta property=\"og:url\" content=\"https:\/\/lescollectionsprivees.com\/en\/fragrance\/royal-blend-nero-perfume-extract\/\" \/>\n<meta property=\"og:site_name\" content=\"Les Collections Priv\u00e9es\" \/>\n<meta property=\"article:modified_time\" content=\"2026-04-23T13:05:40+00:00\" \/>\n<meta property=\"og:image\" content=\"https:\/\/lescollectionsprivees.com\/wp-content\/uploads\/2024\/06\/royal-blend-hero-french-avenue.jpg\" \/>\n\t<meta property=\"og:image:width\" content=\"600\" \/>\n\t<meta property=\"og:image:height\" content=\"600\" \/>\n\t<meta property=\"og:image:type\" content=\"image\/jpeg\" \/>\n<meta name=\"twitter:card\" content=\"summary_large_image\" \/>\n<meta name=\"twitter:label1\" content=\"Est. reading time\" \/>\n\t<meta name=\"twitter:data1\" content=\"2 minutes\" \/>\n<script type=\"application\/ld+json\" class=\"yoast-schema-graph\">{\"@context\":\"https:\\\/\\\/schema.org\",\"@graph\":[{\"@type\":\"WebPage\",\"@id\":\"https:\\\/\\\/lescollectionsprivees.com\\\/parfum\\\/extrait-de-parfum-royal-blend-nero\\\/\",\"url\":\"https:\\\/\\\/lescollectionsprivees.com\\\/parfum\\\/extrait-de-parfum-royal-blend-nero\\\/\",\"name\":\"Royal Blend Nero | Extrait de parfum en 100ml | French Avenue\",\"isPartOf\":{\"@id\":\"https:\\\/\\\/lescollectionsprivees.com\\\/#website\"},\"primaryImageOfPage\":{\"@id\":\"https:\\\/\\\/lescollectionsprivees.com\\\/parfum\\\/extrait-de-parfum-royal-blend-nero\\\/#primaryimage\"},\"image\":{\"@id\":\"https:\\\/\\\/lescollectionsprivees.com\\\/parfum\\\/extrait-de-parfum-royal-blend-nero\\\/#primaryimage\"},\"thumbnailUrl\":\"https:\\\/\\\/lescollectionsprivees.com\\\/wp-content\\\/uploads\\\/2024\\\/06\\\/royal-blend-hero-french-avenue.jpg\",\"datePublished\":\"2024-06-08T16:17:36+00:00\",\"dateModified\":\"2026-04-23T13:05:40+00:00\",\"description\":\"L'extrait de parfum Royal Blend Nero de la marque French Avenue incarne v\u00e9ritablement le luxe et l'\u00e9l\u00e9gance. Adoptez-le rapidement !\",\"breadcrumb\":{\"@id\":\"https:\\\/\\\/lescollectionsprivees.com\\\/parfum\\\/extrait-de-parfum-royal-blend-nero\\\/#breadcrumb\"},\"inLanguage\":\"en-US\",\"potentialAction\":[{\"@type\":\"ReadAction\",\"target\":[\"https:\\\/\\\/lescollectionsprivees.com\\\/parfum\\\/extrait-de-parfum-royal-blend-nero\\\/\"]}]},{\"@type\":\"ImageObject\",\"inLanguage\":\"en-US\",\"@id\":\"https:\\\/\\\/lescollectionsprivees.com\\\/parfum\\\/extrait-de-parfum-royal-blend-nero\\\/#primaryimage\",\"url\":\"https:\\\/\\\/lescollectionsprivees.com\\\/wp-content\\\/uploads\\\/2024\\\/06\\\/royal-blend-hero-french-avenue.jpg\",\"contentUrl\":\"https:\\\/\\\/lescollectionsprivees.com\\\/wp-content\\\/uploads\\\/2024\\\/06\\\/royal-blend-hero-french-avenue.jpg\",\"width\":600,\"height\":600,\"caption\":\"Extrait de parfum Royal Blend Nero 100ml \u2013 French Avenue\"},{\"@type\":\"BreadcrumbList\",\"@id\":\"https:\\\/\\\/lescollectionsprivees.com\\\/parfum\\\/extrait-de-parfum-royal-blend-nero\\\/#breadcrumb\",\"itemListElement\":[{\"@type\":\"ListItem\",\"position\":1,\"name\":\"Accueil\",\"item\":\"https:\\\/\\\/lescollectionsprivees.com\\\/\"},{\"@type\":\"ListItem\",\"position\":2,\"name\":\"Boutique\",\"item\":\"https:\\\/\\\/lescollectionsprivees.com\\\/boutique\\\/\"},{\"@type\":\"ListItem\",\"position\":3,\"name\":\"Extrait de parfum Royal Blend Nero 100ml \u2013 French Avenue\"}]},{\"@type\":\"WebSite\",\"@id\":\"https:\\\/\\\/lescollectionsprivees.com\\\/#website\",\"url\":\"https:\\\/\\\/lescollectionsprivees.com\\\/\",\"name\":\"Les Collections Priv\u00e9es\",\"description\":\"\",\"publisher\":{\"@id\":\"https:\\\/\\\/lescollectionsprivees.com\\\/#organization\"},\"potentialAction\":[{\"@type\":\"SearchAction\",\"target\":{\"@type\":\"EntryPoint\",\"urlTemplate\":\"https:\\\/\\\/lescollectionsprivees.com\\\/?s={search_term_string}\"},\"query-input\":{\"@type\":\"PropertyValueSpecification\",\"valueRequired\":true,\"valueName\":\"search_term_string\"}}],\"inLanguage\":\"en-US\"},{\"@type\":\"Organization\",\"@id\":\"https:\\\/\\\/lescollectionsprivees.com\\\/#organization\",\"name\":\"Les Collections Priv\u00e9es\",\"url\":\"https:\\\/\\\/lescollectionsprivees.com\\\/\",\"logo\":{\"@type\":\"ImageObject\",\"inLanguage\":\"en-US\",\"@id\":\"https:\\\/\\\/lescollectionsprivees.com\\\/#\\\/schema\\\/logo\\\/image\\\/\",\"url\":\"https:\\\/\\\/lescollectionsprivees.com\\\/wp-content\\\/uploads\\\/2020\\\/02\\\/Logo-Les-Collections-Priv\u00e9es-450x450-1.png\",\"contentUrl\":\"https:\\\/\\\/lescollectionsprivees.com\\\/wp-content\\\/uploads\\\/2020\\\/02\\\/Logo-Les-Collections-Priv\u00e9es-450x450-1.png\",\"width\":450,\"height\":450,\"caption\":\"Les Collections Priv\u00e9es\"},\"image\":{\"@id\":\"https:\\\/\\\/lescollectionsprivees.com\\\/#\\\/schema\\\/logo\\\/image\\\/\"}}]}<\/script>\n<!-- \/ Yoast SEO plugin. -->","yoast_head_json":{"title":"Royal Blend Nero | Perfume Extract 100ml | French Avenue","description":"French Avenue's Royal Blend Nero perfume extract truly embodies luxury and elegance. Adopt it now!","robots":{"index":"index","follow":"follow","max-snippet":"max-snippet:-1","max-image-preview":"max-image-preview:large","max-video-preview":"max-video-preview:-1"},"canonical":"https:\/\/lescollectionsprivees.com\/en\/fragrance\/royal-blend-nero-perfume-extract\/","og_locale":"en_US","og_type":"article","og_title":"Royal Blend Nero | Extrait de parfum en 100ml | French Avenue","og_description":"L'extrait de parfum Royal Blend Nero de la marque French Avenue incarne v\u00e9ritablement le luxe et l'\u00e9l\u00e9gance. Adoptez-le rapidement !","og_url":"https:\/\/lescollectionsprivees.com\/en\/fragrance\/royal-blend-nero-perfume-extract\/","og_site_name":"Les Collections Priv\u00e9es","article_modified_time":"2026-04-23T13:05:40+00:00","og_image":[{"width":600,"height":600,"url":"https:\/\/lescollectionsprivees.com\/wp-content\/uploads\/2024\/06\/royal-blend-hero-french-avenue.jpg","type":"image\/jpeg"}],"twitter_card":"summary_large_image","twitter_misc":{"Est. reading time":"2 minutes"},"schema":{"@context":"https:\/\/schema.org","@graph":[{"@type":"WebPage","@id":"https:\/\/lescollectionsprivees.com\/parfum\/extrait-de-parfum-royal-blend-nero\/","url":"https:\/\/lescollectionsprivees.com\/parfum\/extrait-de-parfum-royal-blend-nero\/","name":"Royal Blend Nero | Perfume Extract 100ml | French Avenue","isPartOf":{"@id":"https:\/\/lescollectionsprivees.com\/#website"},"primaryImageOfPage":{"@id":"https:\/\/lescollectionsprivees.com\/parfum\/extrait-de-parfum-royal-blend-nero\/#primaryimage"},"image":{"@id":"https:\/\/lescollectionsprivees.com\/parfum\/extrait-de-parfum-royal-blend-nero\/#primaryimage"},"thumbnailUrl":"https:\/\/lescollectionsprivees.com\/wp-content\/uploads\/2024\/06\/royal-blend-hero-french-avenue.jpg","datePublished":"2024-06-08T16:17:36+00:00","dateModified":"2026-04-23T13:05:40+00:00","description":"French Avenue's Royal Blend Nero perfume extract truly embodies luxury and elegance. Adopt it now!","breadcrumb":{"@id":"https:\/\/lescollectionsprivees.com\/parfum\/extrait-de-parfum-royal-blend-nero\/#breadcrumb"},"inLanguage":"en-US","potentialAction":[{"@type":"ReadAction","target":["https:\/\/lescollectionsprivees.com\/parfum\/extrait-de-parfum-royal-blend-nero\/"]}]},{"@type":"ImageObject","inLanguage":"en-US","@id":"https:\/\/lescollectionsprivees.com\/parfum\/extrait-de-parfum-royal-blend-nero\/#primaryimage","url":"https:\/\/lescollectionsprivees.com\/wp-content\/uploads\/2024\/06\/royal-blend-hero-french-avenue.jpg","contentUrl":"https:\/\/lescollectionsprivees.com\/wp-content\/uploads\/2024\/06\/royal-blend-hero-french-avenue.jpg","width":600,"height":600,"caption":"Extrait de parfum Royal Blend Nero 100ml \u2013 French Avenue"},{"@type":"BreadcrumbList","@id":"https:\/\/lescollectionsprivees.com\/parfum\/extrait-de-parfum-royal-blend-nero\/#breadcrumb","itemListElement":[{"@type":"ListItem","position":1,"name":"Accueil","item":"https:\/\/lescollectionsprivees.com\/"},{"@type":"ListItem","position":2,"name":"Boutique","item":"https:\/\/lescollectionsprivees.com\/boutique\/"},{"@type":"ListItem","position":3,"name":"Extrait de parfum Royal Blend Nero 100ml \u2013 French Avenue"}]},{"@type":"WebSite","@id":"https:\/\/lescollectionsprivees.com\/#website","url":"https:\/\/lescollectionsprivees.com\/","name":"Private Collections","description":"","publisher":{"@id":"https:\/\/lescollectionsprivees.com\/#organization"},"potentialAction":[{"@type":"SearchAction","target":{"@type":"EntryPoint","urlTemplate":"https:\/\/lescollectionsprivees.com\/?s={search_term_string}"},"query-input":{"@type":"PropertyValueSpecification","valueRequired":true,"valueName":"search_term_string"}}],"inLanguage":"en-US"},{"@type":"Organization","@id":"https:\/\/lescollectionsprivees.com\/#organization","name":"Private Collections","url":"https:\/\/lescollectionsprivees.com\/","logo":{"@type":"ImageObject","inLanguage":"en-US","@id":"https:\/\/lescollectionsprivees.com\/#\/schema\/logo\/image\/","url":"https:\/\/lescollectionsprivees.com\/wp-content\/uploads\/2020\/02\/Logo-Les-Collections-Priv\u00e9es-450x450-1.png","contentUrl":"https:\/\/lescollectionsprivees.com\/wp-content\/uploads\/2020\/02\/Logo-Les-Collections-Priv\u00e9es-450x450-1.png","width":450,"height":450,"caption":"Les Collections Priv\u00e9es"},"image":{"@id":"https:\/\/lescollectionsprivees.com\/#\/schema\/logo\/image\/"}}]}},"_links":{"self":[{"href":"https:\/\/lescollectionsprivees.com\/en\/wp-json\/wp\/v2\/product\/29841","targetHints":{"allow":["GET"]}}],"collection":[{"href":"https:\/\/lescollectionsprivees.com\/en\/wp-json\/wp\/v2\/product"}],"about":[{"href":"https:\/\/lescollectionsprivees.com\/en\/wp-json\/wp\/v2\/types\/product"}],"wp:featuredmedia":[{"embeddable":true,"href":"https:\/\/lescollectionsprivees.com\/en\/wp-json\/wp\/v2\/media\/29842"}],"wp:attachment":[{"href":"https:\/\/lescollectionsprivees.com\/en\/wp-json\/wp\/v2\/media?parent=29841"}],"wp:term":[{"taxonomy":"product_brand","embeddable":true,"href":"https:\/\/lescollectionsprivees.com\/en\/wp-json\/wp\/v2\/product_brand?post=29841"},{"taxonomy":"product_cat","embeddable":true,"href":"https:\/\/lescollectionsprivees.com\/en\/wp-json\/wp\/v2\/product_cat?post=29841"},{"taxonomy":"product_tag","embeddable":true,"href":"https:\/\/lescollectionsprivees.com\/en\/wp-json\/wp\/v2\/product_tag?post=29841"}],"curies":[{"name":"wp","href":"https:\/\/api.w.org\/{rel}","templated":true}]}}