{"id":31415,"date":"2024-10-09T19:04:18","date_gmt":"2024-10-09T19:04:18","guid":{"rendered":"https:\/\/lescollectionsprivees.com\/?post_type=product&#038;p=31415"},"modified":"2024-10-09T19:04:18","modified_gmt":"2024-10-09T19:04:18","slug":"safeer-al-hub-everlasting","status":"publish","type":"product","link":"https:\/\/lescollectionsprivees.com\/en\/parfum\/safeer-al-hub-everlasting\/","title":{"rendered":"Eau de parfum Safeer Al Hub (Everlasting) 100ml - Ard Al Zaafaran"},"content":{"rendered":"<p><strong>Ard Al Zaafaran<\/strong> enchants us with his latest creation, <strong>Safeer Al Hub Everlasting<\/strong>a <strong>unisex fragrance<\/strong> that redefines olfactory elegance. This exclusive fragrance combines freshness, spices and <strong>woody notes<\/strong> for a striking result.<\/p>\n<h2><strong>Diving into the heart of Safeer Al Hub Everlasting<\/strong><\/h2>\n<p>The olfactory symphony of this <strong>oriental fragrance<\/strong> unfolds in three acts. It begins with an invigorating start, as in the top notes, the <strong>bergamot<\/strong>the <a href=\"https:\/\/lescollectionsprivees.com\/en\/fragrance\/lemon-vanilla-eau-de-parfum\/\"><strong>lemon<\/strong><\/a> and <strong>spices<\/strong> form an energizing accord. The freshness of <strong>citrus<\/strong>enhanced by carefully selected spices, awakens the senses. It also prepares the wearer for an unforgettable olfactory journey.<\/p>\n<p>Then we are gently seduced by the bewitching floral heart of this fragrance, composed of <strong>jasmine<\/strong>of <strong>rose<\/strong> and <strong>cinnamon<\/strong>. This <strong>royal bouquet<\/strong> adds a sensual touch to the fragrance, accompanied by the original touch of cinnamon.<\/p>\n<p>Finally, the score ends with a trio formed by the <strong>sandalwood<\/strong>the <strong>musk<\/strong> and the<strong>amber<\/strong>. Together, they ensure exceptional fragrance longevity.<\/p>\n<h2><strong>Who is Safeer Al Hub Everlasting for?<\/strong><\/h2>\n<p>It's for men and women looking for a versatile fragrance, suitable for everyday use as well as special occasions. Its balanced composition makes it an ideal choice for perfume lovers who don't want to go unnoticed.<\/p>\n<p>Ard Al Zaafaran manages to combine freshness, warmth and depth in this olfactory symphony. Don't wait any longer to set your sights on this fragrance, which is suitable for all genders and all seasons. It's also guaranteed to last.<\/p>\n<h3><strong>Tradition joins olfactory modernity<\/strong><\/h3>\n<p>Finally, Ard Al Zaafaran's Safeer Al Hub Everlasting is a must-have for connoisseurs of <strong>refined fragrances<\/strong>. Its exceptional quality makes it an olfactory investment of choice, promising to enhance every moment of your day.<\/p>","protected":false},"excerpt":{"rendered":"<p><strong>Olfactory notes :<\/strong><\/p>\n<p><strong>Top notes<\/strong> Bergamot, Lemon, Spices<br \/>\n<strong>Heart notes<\/strong> Jasmine, Rose, Cinnamon<br \/>\n<strong>Base notes<\/strong> Sandalwood, Musk, Amber<\/p>\n<p><strong>Type<\/strong> Mixed.<\/p>","protected":false},"featured_media":31416,"template":"","meta":[],"product_brand":[],"product_cat":[274,203,204,210,206],"product_tag":[],"class_list":{"0":"post-31415","1":"product","2":"type-product","3":"status-publish","4":"has-post-thumbnail","6":"product_cat-ard-al-zaafaran","7":"product_cat-parfum-ambre","8":"product_cat-parfum-citron","9":"product_cat-parfum-jasmin","10":"product_cat-parfum-rose","12":"first","13":"instock","14":"taxable","15":"shipping-taxable","16":"purchasable","17":"product-type-simple"},"yoast_head":"<!-- This site is optimized with the Yoast SEO plugin v27.5 - https:\/\/yoast.com\/product\/yoast-seo-wordpress\/ -->\n<title>Safeer Al Hub Everlasting (Bleu) | Parfum pour homme et femme<\/title>\n<meta name=\"description\" content=\"Ard Al Zaafaran nous enchante avec sa derni\u00e8re cr\u00e9ation, Safeer Al Hub Everlasting, un parfum unisexe qui red\u00e9finit l&#039;\u00e9l\u00e9gance olfactive\" \/>\n<meta name=\"robots\" content=\"index, follow, max-snippet:-1, max-image-preview:large, max-video-preview:-1\" \/>\n<link rel=\"canonical\" href=\"https:\/\/lescollectionsprivees.com\/en\/fragrance\/safeer-al-hub-everlasting\/\" \/>\n<meta property=\"og:locale\" content=\"en_US\" \/>\n<meta property=\"og:type\" content=\"article\" \/>\n<meta property=\"og:title\" content=\"Safeer Al Hub Everlasting (Bleu) | Parfum pour homme et femme\" \/>\n<meta property=\"og:description\" content=\"Ard Al Zaafaran nous enchante avec sa derni\u00e8re cr\u00e9ation, Safeer Al Hub Everlasting, un parfum unisexe qui red\u00e9finit l&#039;\u00e9l\u00e9gance olfactive\" \/>\n<meta property=\"og:url\" content=\"https:\/\/lescollectionsprivees.com\/en\/fragrance\/safeer-al-hub-everlasting\/\" \/>\n<meta property=\"og:site_name\" content=\"Les Collections Priv\u00e9es\" \/>\n<meta property=\"og:image\" content=\"https:\/\/lescollectionsprivees.com\/wp-content\/uploads\/2024\/10\/safer-al-hub-everstanding.jpg\" \/>\n\t<meta property=\"og:image:width\" content=\"600\" \/>\n\t<meta property=\"og:image:height\" content=\"600\" \/>\n\t<meta property=\"og:image:type\" content=\"image\/jpeg\" \/>\n<meta name=\"twitter:card\" content=\"summary_large_image\" \/>\n<meta name=\"twitter:label1\" content=\"Est. reading time\" \/>\n\t<meta name=\"twitter:data1\" content=\"2 minutes\" \/>\n<script type=\"application\/ld+json\" class=\"yoast-schema-graph\">{\"@context\":\"https:\\\/\\\/schema.org\",\"@graph\":[{\"@type\":\"WebPage\",\"@id\":\"https:\\\/\\\/lescollectionsprivees.com\\\/parfum\\\/safeer-al-hub-everlasting\\\/\",\"url\":\"https:\\\/\\\/lescollectionsprivees.com\\\/parfum\\\/safeer-al-hub-everlasting\\\/\",\"name\":\"Safeer Al Hub Everlasting (Bleu) | Parfum pour homme et femme\",\"isPartOf\":{\"@id\":\"https:\\\/\\\/lescollectionsprivees.com\\\/#website\"},\"primaryImageOfPage\":{\"@id\":\"https:\\\/\\\/lescollectionsprivees.com\\\/parfum\\\/safeer-al-hub-everlasting\\\/#primaryimage\"},\"image\":{\"@id\":\"https:\\\/\\\/lescollectionsprivees.com\\\/parfum\\\/safeer-al-hub-everlasting\\\/#primaryimage\"},\"thumbnailUrl\":\"https:\\\/\\\/lescollectionsprivees.com\\\/wp-content\\\/uploads\\\/2024\\\/10\\\/safer-al-hub-everstanding.jpg\",\"datePublished\":\"2024-10-09T19:04:18+00:00\",\"description\":\"Ard Al Zaafaran nous enchante avec sa derni\u00e8re cr\u00e9ation, Safeer Al Hub Everlasting, un parfum unisexe qui red\u00e9finit l'\u00e9l\u00e9gance olfactive\",\"breadcrumb\":{\"@id\":\"https:\\\/\\\/lescollectionsprivees.com\\\/parfum\\\/safeer-al-hub-everlasting\\\/#breadcrumb\"},\"inLanguage\":\"en-US\",\"potentialAction\":[{\"@type\":\"ReadAction\",\"target\":[\"https:\\\/\\\/lescollectionsprivees.com\\\/parfum\\\/safeer-al-hub-everlasting\\\/\"]}]},{\"@type\":\"ImageObject\",\"inLanguage\":\"en-US\",\"@id\":\"https:\\\/\\\/lescollectionsprivees.com\\\/parfum\\\/safeer-al-hub-everlasting\\\/#primaryimage\",\"url\":\"https:\\\/\\\/lescollectionsprivees.com\\\/wp-content\\\/uploads\\\/2024\\\/10\\\/safer-al-hub-everstanding.jpg\",\"contentUrl\":\"https:\\\/\\\/lescollectionsprivees.com\\\/wp-content\\\/uploads\\\/2024\\\/10\\\/safer-al-hub-everstanding.jpg\",\"width\":600,\"height\":600,\"caption\":\"Safeer Al Hub Everlasting\"},{\"@type\":\"BreadcrumbList\",\"@id\":\"https:\\\/\\\/lescollectionsprivees.com\\\/parfum\\\/safeer-al-hub-everlasting\\\/#breadcrumb\",\"itemListElement\":[{\"@type\":\"ListItem\",\"position\":1,\"name\":\"Accueil\",\"item\":\"https:\\\/\\\/lescollectionsprivees.com\\\/\"},{\"@type\":\"ListItem\",\"position\":2,\"name\":\"Boutique\",\"item\":\"https:\\\/\\\/lescollectionsprivees.com\\\/boutique\\\/\"},{\"@type\":\"ListItem\",\"position\":3,\"name\":\"Eau de parfum Safeer Al Hub (Everlasting) 100ml &#8211; Ard Al Zaafaran\"}]},{\"@type\":\"WebSite\",\"@id\":\"https:\\\/\\\/lescollectionsprivees.com\\\/#website\",\"url\":\"https:\\\/\\\/lescollectionsprivees.com\\\/\",\"name\":\"Les Collections Priv\u00e9es\",\"description\":\"\",\"publisher\":{\"@id\":\"https:\\\/\\\/lescollectionsprivees.com\\\/#organization\"},\"potentialAction\":[{\"@type\":\"SearchAction\",\"target\":{\"@type\":\"EntryPoint\",\"urlTemplate\":\"https:\\\/\\\/lescollectionsprivees.com\\\/?s={search_term_string}\"},\"query-input\":{\"@type\":\"PropertyValueSpecification\",\"valueRequired\":true,\"valueName\":\"search_term_string\"}}],\"inLanguage\":\"en-US\"},{\"@type\":\"Organization\",\"@id\":\"https:\\\/\\\/lescollectionsprivees.com\\\/#organization\",\"name\":\"Les Collections Priv\u00e9es\",\"url\":\"https:\\\/\\\/lescollectionsprivees.com\\\/\",\"logo\":{\"@type\":\"ImageObject\",\"inLanguage\":\"en-US\",\"@id\":\"https:\\\/\\\/lescollectionsprivees.com\\\/#\\\/schema\\\/logo\\\/image\\\/\",\"url\":\"https:\\\/\\\/lescollectionsprivees.com\\\/wp-content\\\/uploads\\\/2020\\\/02\\\/Logo-Les-Collections-Priv\u00e9es-450x450-1.png\",\"contentUrl\":\"https:\\\/\\\/lescollectionsprivees.com\\\/wp-content\\\/uploads\\\/2020\\\/02\\\/Logo-Les-Collections-Priv\u00e9es-450x450-1.png\",\"width\":450,\"height\":450,\"caption\":\"Les Collections Priv\u00e9es\"},\"image\":{\"@id\":\"https:\\\/\\\/lescollectionsprivees.com\\\/#\\\/schema\\\/logo\\\/image\\\/\"}}]}<\/script>\n<!-- \/ Yoast SEO plugin. -->","yoast_head_json":{"title":"Safeer Al Hub Everlasting (Blue) | Fragrance for men and women","description":"Ard Al Zaafaran delights us with his latest creation, Safeer Al Hub Everlasting, a unisex fragrance that redefines olfactory elegance.","robots":{"index":"index","follow":"follow","max-snippet":"max-snippet:-1","max-image-preview":"max-image-preview:large","max-video-preview":"max-video-preview:-1"},"canonical":"https:\/\/lescollectionsprivees.com\/en\/fragrance\/safeer-al-hub-everlasting\/","og_locale":"en_US","og_type":"article","og_title":"Safeer Al Hub Everlasting (Bleu) | Parfum pour homme et femme","og_description":"Ard Al Zaafaran nous enchante avec sa derni\u00e8re cr\u00e9ation, Safeer Al Hub Everlasting, un parfum unisexe qui red\u00e9finit l'\u00e9l\u00e9gance olfactive","og_url":"https:\/\/lescollectionsprivees.com\/en\/fragrance\/safeer-al-hub-everlasting\/","og_site_name":"Les Collections Priv\u00e9es","og_image":[{"width":600,"height":600,"url":"https:\/\/lescollectionsprivees.com\/wp-content\/uploads\/2024\/10\/safer-al-hub-everstanding.jpg","type":"image\/jpeg"}],"twitter_card":"summary_large_image","twitter_misc":{"Est. reading time":"2 minutes"},"schema":{"@context":"https:\/\/schema.org","@graph":[{"@type":"WebPage","@id":"https:\/\/lescollectionsprivees.com\/parfum\/safeer-al-hub-everlasting\/","url":"https:\/\/lescollectionsprivees.com\/parfum\/safeer-al-hub-everlasting\/","name":"Safeer Al Hub Everlasting (Blue) | Fragrance for men and women","isPartOf":{"@id":"https:\/\/lescollectionsprivees.com\/#website"},"primaryImageOfPage":{"@id":"https:\/\/lescollectionsprivees.com\/parfum\/safeer-al-hub-everlasting\/#primaryimage"},"image":{"@id":"https:\/\/lescollectionsprivees.com\/parfum\/safeer-al-hub-everlasting\/#primaryimage"},"thumbnailUrl":"https:\/\/lescollectionsprivees.com\/wp-content\/uploads\/2024\/10\/safer-al-hub-everstanding.jpg","datePublished":"2024-10-09T19:04:18+00:00","description":"Ard Al Zaafaran delights us with his latest creation, Safeer Al Hub Everlasting, a unisex fragrance that redefines olfactory elegance.","breadcrumb":{"@id":"https:\/\/lescollectionsprivees.com\/parfum\/safeer-al-hub-everlasting\/#breadcrumb"},"inLanguage":"en-US","potentialAction":[{"@type":"ReadAction","target":["https:\/\/lescollectionsprivees.com\/parfum\/safeer-al-hub-everlasting\/"]}]},{"@type":"ImageObject","inLanguage":"en-US","@id":"https:\/\/lescollectionsprivees.com\/parfum\/safeer-al-hub-everlasting\/#primaryimage","url":"https:\/\/lescollectionsprivees.com\/wp-content\/uploads\/2024\/10\/safer-al-hub-everstanding.jpg","contentUrl":"https:\/\/lescollectionsprivees.com\/wp-content\/uploads\/2024\/10\/safer-al-hub-everstanding.jpg","width":600,"height":600,"caption":"Safeer Al Hub Everlasting"},{"@type":"BreadcrumbList","@id":"https:\/\/lescollectionsprivees.com\/parfum\/safeer-al-hub-everlasting\/#breadcrumb","itemListElement":[{"@type":"ListItem","position":1,"name":"Accueil","item":"https:\/\/lescollectionsprivees.com\/"},{"@type":"ListItem","position":2,"name":"Boutique","item":"https:\/\/lescollectionsprivees.com\/boutique\/"},{"@type":"ListItem","position":3,"name":"Eau de parfum Safeer Al Hub (Everlasting) 100ml &#8211; Ard Al Zaafaran"}]},{"@type":"WebSite","@id":"https:\/\/lescollectionsprivees.com\/#website","url":"https:\/\/lescollectionsprivees.com\/","name":"Private Collections","description":"","publisher":{"@id":"https:\/\/lescollectionsprivees.com\/#organization"},"potentialAction":[{"@type":"SearchAction","target":{"@type":"EntryPoint","urlTemplate":"https:\/\/lescollectionsprivees.com\/?s={search_term_string}"},"query-input":{"@type":"PropertyValueSpecification","valueRequired":true,"valueName":"search_term_string"}}],"inLanguage":"en-US"},{"@type":"Organization","@id":"https:\/\/lescollectionsprivees.com\/#organization","name":"Private Collections","url":"https:\/\/lescollectionsprivees.com\/","logo":{"@type":"ImageObject","inLanguage":"en-US","@id":"https:\/\/lescollectionsprivees.com\/#\/schema\/logo\/image\/","url":"https:\/\/lescollectionsprivees.com\/wp-content\/uploads\/2020\/02\/Logo-Les-Collections-Priv\u00e9es-450x450-1.png","contentUrl":"https:\/\/lescollectionsprivees.com\/wp-content\/uploads\/2020\/02\/Logo-Les-Collections-Priv\u00e9es-450x450-1.png","width":450,"height":450,"caption":"Les Collections Priv\u00e9es"},"image":{"@id":"https:\/\/lescollectionsprivees.com\/#\/schema\/logo\/image\/"}}]}},"_links":{"self":[{"href":"https:\/\/lescollectionsprivees.com\/en\/wp-json\/wp\/v2\/product\/31415","targetHints":{"allow":["GET"]}}],"collection":[{"href":"https:\/\/lescollectionsprivees.com\/en\/wp-json\/wp\/v2\/product"}],"about":[{"href":"https:\/\/lescollectionsprivees.com\/en\/wp-json\/wp\/v2\/types\/product"}],"wp:featuredmedia":[{"embeddable":true,"href":"https:\/\/lescollectionsprivees.com\/en\/wp-json\/wp\/v2\/media\/31416"}],"wp:attachment":[{"href":"https:\/\/lescollectionsprivees.com\/en\/wp-json\/wp\/v2\/media?parent=31415"}],"wp:term":[{"taxonomy":"product_brand","embeddable":true,"href":"https:\/\/lescollectionsprivees.com\/en\/wp-json\/wp\/v2\/product_brand?post=31415"},{"taxonomy":"product_cat","embeddable":true,"href":"https:\/\/lescollectionsprivees.com\/en\/wp-json\/wp\/v2\/product_cat?post=31415"},{"taxonomy":"product_tag","embeddable":true,"href":"https:\/\/lescollectionsprivees.com\/en\/wp-json\/wp\/v2\/product_tag?post=31415"}],"curies":[{"name":"wp","href":"https:\/\/api.w.org\/{rel}","templated":true}]}}