{"id":32218,"date":"2024-12-07T19:11:00","date_gmt":"2024-12-07T19:11:00","guid":{"rendered":"https:\/\/lescollectionsprivees.com\/?post_type=product&#038;p=32218"},"modified":"2026-02-15T19:43:40","modified_gmt":"2026-02-15T19:43:40","slug":"eau-de-parfum-divin-asylum","status":"publish","type":"product","link":"https:\/\/lescollectionsprivees.com\/en\/parfum\/eau-de-parfum-divin-asylum\/","title":{"rendered":"Eau de parfum Divin Asylum 100ml - French Avenue"},"content":{"rendered":"","protected":false},"excerpt":{"rendered":"<p><strong>Olfactory notes :<\/strong><\/p>\n<p><strong>Top notes:<\/strong> Grapefruit, Bergamot, Thyme, Lemon, Lime<br \/>\n<strong>Heart notes:<\/strong> Vetiver, Rose, Pink pepper, Cypress, Genevieve berries, Blackcurrant, Jasmine, Apple, Bergamot<br \/>\n<strong>Base notes:<\/strong> Vanilla, Amber, Labdanum, Cedar, Leather, Benzoin<\/p>\n<p><strong style=\"font-size: 14.4px;\">Genre:<\/strong><span style=\"font-size: 14.4px;\"> Male<\/span><\/p>","protected":false},"featured_media":32219,"template":"","meta":[],"product_brand":[],"product_cat":[303,302,203,204,202,210,304,206,208],"product_tag":[],"class_list":{"0":"post-32218","1":"product","2":"type-product","3":"status-publish","4":"has-post-thumbnail","6":"product_cat-fragrance-world","7":"product_cat-french-avenue","8":"product_cat-parfum-ambre","9":"product_cat-parfum-citron","10":"product_cat-parfum-homme","11":"product_cat-parfum-jasmin","12":"product_cat-parfum-poivre","13":"product_cat-parfum-rose","14":"product_cat-parfum-vanille","16":"first","17":"instock","18":"taxable","19":"shipping-taxable","20":"purchasable","21":"product-type-simple"},"yoast_head":"<!-- This site is optimized with the Yoast SEO plugin v27.5 - https:\/\/yoast.com\/product\/yoast-seo-wordpress\/ -->\n<title>Eau de parfum Divin Asylum 100ml \u2013 French Avenue - Les Collections Priv\u00e9es<\/title>\n<meta name=\"robots\" content=\"index, follow, max-snippet:-1, max-image-preview:large, max-video-preview:-1\" \/>\n<link rel=\"canonical\" href=\"https:\/\/lescollectionsprivees.com\/en\/fragrance\/eau-de-parfum-divin-asylum\/\" \/>\n<meta property=\"og:locale\" content=\"en_US\" \/>\n<meta property=\"og:type\" content=\"article\" \/>\n<meta property=\"og:title\" content=\"Eau de parfum Divin Asylum 100ml \u2013 French Avenue - Les Collections Priv\u00e9es\" \/>\n<meta property=\"og:description\" content=\"Notes olfactives :  Notes de t\u00eate: Pamplemousse, Bergamote, Thym, Citron, Citron vert Notes de coeur: V\u00e9tiver, Rose, Poivre rose, Cypr\u00e8s, Baies de Genevi\u00e8ve, Cassis, Jasmin, Pomme, Bergamote Notes de fond: Vanille, Ambre, Labdanum, C\u00e8dre, Cuir, Benjoin  Genre: Masculin\" \/>\n<meta property=\"og:url\" content=\"https:\/\/lescollectionsprivees.com\/en\/fragrance\/eau-de-parfum-divin-asylum\/\" \/>\n<meta property=\"og:site_name\" content=\"Les Collections Priv\u00e9es\" \/>\n<meta property=\"article:modified_time\" content=\"2026-02-15T19:43:40+00:00\" \/>\n<meta property=\"og:image\" content=\"https:\/\/lescollectionsprivees.com\/wp-content\/uploads\/2024\/12\/Eau-de-parfum-Divin-Asylum-French-Avenue.jpg\" \/>\n\t<meta property=\"og:image:width\" content=\"600\" \/>\n\t<meta property=\"og:image:height\" content=\"600\" \/>\n\t<meta property=\"og:image:type\" content=\"image\/jpeg\" \/>\n<meta name=\"twitter:card\" content=\"summary_large_image\" \/>\n<meta name=\"twitter:label1\" content=\"Est. reading time\" \/>\n\t<meta name=\"twitter:data1\" content=\"1 minute\" \/>\n<script type=\"application\/ld+json\" class=\"yoast-schema-graph\">{\"@context\":\"https:\\\/\\\/schema.org\",\"@graph\":[{\"@type\":\"WebPage\",\"@id\":\"https:\\\/\\\/lescollectionsprivees.com\\\/parfum\\\/eau-de-parfum-divin-asylum\\\/\",\"url\":\"https:\\\/\\\/lescollectionsprivees.com\\\/parfum\\\/eau-de-parfum-divin-asylum\\\/\",\"name\":\"Eau de parfum Divin Asylum 100ml \u2013 French Avenue - Les Collections Priv\u00e9es\",\"isPartOf\":{\"@id\":\"https:\\\/\\\/lescollectionsprivees.com\\\/#website\"},\"primaryImageOfPage\":{\"@id\":\"https:\\\/\\\/lescollectionsprivees.com\\\/parfum\\\/eau-de-parfum-divin-asylum\\\/#primaryimage\"},\"image\":{\"@id\":\"https:\\\/\\\/lescollectionsprivees.com\\\/parfum\\\/eau-de-parfum-divin-asylum\\\/#primaryimage\"},\"thumbnailUrl\":\"https:\\\/\\\/lescollectionsprivees.com\\\/wp-content\\\/uploads\\\/2024\\\/12\\\/Eau-de-parfum-Divin-Asylum-French-Avenue.jpg\",\"datePublished\":\"2024-12-07T19:11:00+00:00\",\"dateModified\":\"2026-02-15T19:43:40+00:00\",\"breadcrumb\":{\"@id\":\"https:\\\/\\\/lescollectionsprivees.com\\\/parfum\\\/eau-de-parfum-divin-asylum\\\/#breadcrumb\"},\"inLanguage\":\"en-US\",\"potentialAction\":[{\"@type\":\"ReadAction\",\"target\":[\"https:\\\/\\\/lescollectionsprivees.com\\\/parfum\\\/eau-de-parfum-divin-asylum\\\/\"]}]},{\"@type\":\"ImageObject\",\"inLanguage\":\"en-US\",\"@id\":\"https:\\\/\\\/lescollectionsprivees.com\\\/parfum\\\/eau-de-parfum-divin-asylum\\\/#primaryimage\",\"url\":\"https:\\\/\\\/lescollectionsprivees.com\\\/wp-content\\\/uploads\\\/2024\\\/12\\\/Eau-de-parfum-Divin-Asylum-French-Avenue.jpg\",\"contentUrl\":\"https:\\\/\\\/lescollectionsprivees.com\\\/wp-content\\\/uploads\\\/2024\\\/12\\\/Eau-de-parfum-Divin-Asylum-French-Avenue.jpg\",\"width\":600,\"height\":600,\"caption\":\"Eau de parfum Divin Asylum 100ml \u2013 French Avenue\"},{\"@type\":\"BreadcrumbList\",\"@id\":\"https:\\\/\\\/lescollectionsprivees.com\\\/parfum\\\/eau-de-parfum-divin-asylum\\\/#breadcrumb\",\"itemListElement\":[{\"@type\":\"ListItem\",\"position\":1,\"name\":\"Accueil\",\"item\":\"https:\\\/\\\/lescollectionsprivees.com\\\/\"},{\"@type\":\"ListItem\",\"position\":2,\"name\":\"Boutique\",\"item\":\"https:\\\/\\\/lescollectionsprivees.com\\\/boutique\\\/\"},{\"@type\":\"ListItem\",\"position\":3,\"name\":\"Eau de parfum Divin Asylum 100ml \u2013 French Avenue\"}]},{\"@type\":\"WebSite\",\"@id\":\"https:\\\/\\\/lescollectionsprivees.com\\\/#website\",\"url\":\"https:\\\/\\\/lescollectionsprivees.com\\\/\",\"name\":\"Les Collections Priv\u00e9es\",\"description\":\"\",\"publisher\":{\"@id\":\"https:\\\/\\\/lescollectionsprivees.com\\\/#organization\"},\"potentialAction\":[{\"@type\":\"SearchAction\",\"target\":{\"@type\":\"EntryPoint\",\"urlTemplate\":\"https:\\\/\\\/lescollectionsprivees.com\\\/?s={search_term_string}\"},\"query-input\":{\"@type\":\"PropertyValueSpecification\",\"valueRequired\":true,\"valueName\":\"search_term_string\"}}],\"inLanguage\":\"en-US\"},{\"@type\":\"Organization\",\"@id\":\"https:\\\/\\\/lescollectionsprivees.com\\\/#organization\",\"name\":\"Les Collections Priv\u00e9es\",\"url\":\"https:\\\/\\\/lescollectionsprivees.com\\\/\",\"logo\":{\"@type\":\"ImageObject\",\"inLanguage\":\"en-US\",\"@id\":\"https:\\\/\\\/lescollectionsprivees.com\\\/#\\\/schema\\\/logo\\\/image\\\/\",\"url\":\"https:\\\/\\\/lescollectionsprivees.com\\\/wp-content\\\/uploads\\\/2020\\\/02\\\/Logo-Les-Collections-Priv\u00e9es-450x450-1.png\",\"contentUrl\":\"https:\\\/\\\/lescollectionsprivees.com\\\/wp-content\\\/uploads\\\/2020\\\/02\\\/Logo-Les-Collections-Priv\u00e9es-450x450-1.png\",\"width\":450,\"height\":450,\"caption\":\"Les Collections Priv\u00e9es\"},\"image\":{\"@id\":\"https:\\\/\\\/lescollectionsprivees.com\\\/#\\\/schema\\\/logo\\\/image\\\/\"}}]}<\/script>\n<!-- \/ Yoast SEO plugin. -->","yoast_head_json":{"title":"Eau de parfum Divin Asylum 100ml - French Avenue - Les Collections Priv\u00e9es","robots":{"index":"index","follow":"follow","max-snippet":"max-snippet:-1","max-image-preview":"max-image-preview:large","max-video-preview":"max-video-preview:-1"},"canonical":"https:\/\/lescollectionsprivees.com\/en\/fragrance\/eau-de-parfum-divin-asylum\/","og_locale":"en_US","og_type":"article","og_title":"Eau de parfum Divin Asylum 100ml \u2013 French Avenue - Les Collections Priv\u00e9es","og_description":"Notes olfactives :  Notes de t\u00eate: Pamplemousse, Bergamote, Thym, Citron, Citron vert Notes de coeur: V\u00e9tiver, Rose, Poivre rose, Cypr\u00e8s, Baies de Genevi\u00e8ve, Cassis, Jasmin, Pomme, Bergamote Notes de fond: Vanille, Ambre, Labdanum, C\u00e8dre, Cuir, Benjoin  Genre: Masculin","og_url":"https:\/\/lescollectionsprivees.com\/en\/fragrance\/eau-de-parfum-divin-asylum\/","og_site_name":"Les Collections Priv\u00e9es","article_modified_time":"2026-02-15T19:43:40+00:00","og_image":[{"width":600,"height":600,"url":"https:\/\/lescollectionsprivees.com\/wp-content\/uploads\/2024\/12\/Eau-de-parfum-Divin-Asylum-French-Avenue.jpg","type":"image\/jpeg"}],"twitter_card":"summary_large_image","twitter_misc":{"Est. reading time":"1 minute"},"schema":{"@context":"https:\/\/schema.org","@graph":[{"@type":"WebPage","@id":"https:\/\/lescollectionsprivees.com\/parfum\/eau-de-parfum-divin-asylum\/","url":"https:\/\/lescollectionsprivees.com\/parfum\/eau-de-parfum-divin-asylum\/","name":"Eau de parfum Divin Asylum 100ml - French Avenue - Les Collections Priv\u00e9es","isPartOf":{"@id":"https:\/\/lescollectionsprivees.com\/#website"},"primaryImageOfPage":{"@id":"https:\/\/lescollectionsprivees.com\/parfum\/eau-de-parfum-divin-asylum\/#primaryimage"},"image":{"@id":"https:\/\/lescollectionsprivees.com\/parfum\/eau-de-parfum-divin-asylum\/#primaryimage"},"thumbnailUrl":"https:\/\/lescollectionsprivees.com\/wp-content\/uploads\/2024\/12\/Eau-de-parfum-Divin-Asylum-French-Avenue.jpg","datePublished":"2024-12-07T19:11:00+00:00","dateModified":"2026-02-15T19:43:40+00:00","breadcrumb":{"@id":"https:\/\/lescollectionsprivees.com\/parfum\/eau-de-parfum-divin-asylum\/#breadcrumb"},"inLanguage":"en-US","potentialAction":[{"@type":"ReadAction","target":["https:\/\/lescollectionsprivees.com\/parfum\/eau-de-parfum-divin-asylum\/"]}]},{"@type":"ImageObject","inLanguage":"en-US","@id":"https:\/\/lescollectionsprivees.com\/parfum\/eau-de-parfum-divin-asylum\/#primaryimage","url":"https:\/\/lescollectionsprivees.com\/wp-content\/uploads\/2024\/12\/Eau-de-parfum-Divin-Asylum-French-Avenue.jpg","contentUrl":"https:\/\/lescollectionsprivees.com\/wp-content\/uploads\/2024\/12\/Eau-de-parfum-Divin-Asylum-French-Avenue.jpg","width":600,"height":600,"caption":"Eau de parfum Divin Asylum 100ml \u2013 French Avenue"},{"@type":"BreadcrumbList","@id":"https:\/\/lescollectionsprivees.com\/parfum\/eau-de-parfum-divin-asylum\/#breadcrumb","itemListElement":[{"@type":"ListItem","position":1,"name":"Accueil","item":"https:\/\/lescollectionsprivees.com\/"},{"@type":"ListItem","position":2,"name":"Boutique","item":"https:\/\/lescollectionsprivees.com\/boutique\/"},{"@type":"ListItem","position":3,"name":"Eau de parfum Divin Asylum 100ml \u2013 French Avenue"}]},{"@type":"WebSite","@id":"https:\/\/lescollectionsprivees.com\/#website","url":"https:\/\/lescollectionsprivees.com\/","name":"Private Collections","description":"","publisher":{"@id":"https:\/\/lescollectionsprivees.com\/#organization"},"potentialAction":[{"@type":"SearchAction","target":{"@type":"EntryPoint","urlTemplate":"https:\/\/lescollectionsprivees.com\/?s={search_term_string}"},"query-input":{"@type":"PropertyValueSpecification","valueRequired":true,"valueName":"search_term_string"}}],"inLanguage":"en-US"},{"@type":"Organization","@id":"https:\/\/lescollectionsprivees.com\/#organization","name":"Private Collections","url":"https:\/\/lescollectionsprivees.com\/","logo":{"@type":"ImageObject","inLanguage":"en-US","@id":"https:\/\/lescollectionsprivees.com\/#\/schema\/logo\/image\/","url":"https:\/\/lescollectionsprivees.com\/wp-content\/uploads\/2020\/02\/Logo-Les-Collections-Priv\u00e9es-450x450-1.png","contentUrl":"https:\/\/lescollectionsprivees.com\/wp-content\/uploads\/2020\/02\/Logo-Les-Collections-Priv\u00e9es-450x450-1.png","width":450,"height":450,"caption":"Les Collections Priv\u00e9es"},"image":{"@id":"https:\/\/lescollectionsprivees.com\/#\/schema\/logo\/image\/"}}]}},"_links":{"self":[{"href":"https:\/\/lescollectionsprivees.com\/en\/wp-json\/wp\/v2\/product\/32218","targetHints":{"allow":["GET"]}}],"collection":[{"href":"https:\/\/lescollectionsprivees.com\/en\/wp-json\/wp\/v2\/product"}],"about":[{"href":"https:\/\/lescollectionsprivees.com\/en\/wp-json\/wp\/v2\/types\/product"}],"wp:featuredmedia":[{"embeddable":true,"href":"https:\/\/lescollectionsprivees.com\/en\/wp-json\/wp\/v2\/media\/32219"}],"wp:attachment":[{"href":"https:\/\/lescollectionsprivees.com\/en\/wp-json\/wp\/v2\/media?parent=32218"}],"wp:term":[{"taxonomy":"product_brand","embeddable":true,"href":"https:\/\/lescollectionsprivees.com\/en\/wp-json\/wp\/v2\/product_brand?post=32218"},{"taxonomy":"product_cat","embeddable":true,"href":"https:\/\/lescollectionsprivees.com\/en\/wp-json\/wp\/v2\/product_cat?post=32218"},{"taxonomy":"product_tag","embeddable":true,"href":"https:\/\/lescollectionsprivees.com\/en\/wp-json\/wp\/v2\/product_tag?post=32218"}],"curies":[{"name":"wp","href":"https:\/\/api.w.org\/{rel}","templated":true}]}}