{"id":32878,"date":"2025-01-22T08:32:59","date_gmt":"2025-01-22T08:32:59","guid":{"rendered":"https:\/\/lescollectionsprivees.com\/?post_type=product&#038;p=32878"},"modified":"2026-01-31T00:33:31","modified_gmt":"2026-01-31T00:33:31","slug":"when-soul-gets-high","status":"publish","type":"product","link":"https:\/\/lescollectionsprivees.com\/en\/parfum\/when-soul-gets-high\/","title":{"rendered":"Eau de parfum When Soul Gets High 100ml - \u00c9mir by Paris Corner"},"content":{"rendered":"<p>A fascinating fragrance is one that seduces deeply.<strong> Paris Corner perfumery<\/strong> demonstrates this with When Soul Gets High. This fragrant creation is an absolute must-have.<\/p>\n<p>Discover a captivating fragrance that could become the perfume you've been waiting for.<\/p>\n<h2><strong>When Soul Gets High, a deep fragrance <\/strong><\/h2>\n<p>When passion meets expertise, the result is a most refined fragrance. The Paris Corner perfume house has highlighted this eau de parfum not only by the beauty of its bottle, but above all by the quality of its elixir.<\/p>\n<p>Indeed, this <strong>romantic fragrance<\/strong> embodies the very spirit of seduction. Its olfactory composition is a real pleasure for the senses.<\/p>\n<h2><strong>Discover a few notes from When Soul Gets High <\/strong><\/h2>\n<p>You were eager to know his <strong>olfactory pyramid<\/strong>so find out for yourself.<\/p>\n<p>The top notes open with white honey and tobacco. This harmonious duo embodies sweetness and mystery. Cherry and vanilla, <a href=\"https:\/\/lescollectionsprivees.com\/en\/fragrance\/musk-tahara-strawberry-raspberry-flavoring\/\"><strong>raspberry<\/strong><\/a>Almond and gingerbread are added to bring a sweet, fruity note to the fragrance.<\/p>\n<p>Then, at the heart of the fragrance, amber, saffron and cardamom balance the trail with powerful notes. Finally, patchouli, oak and bergamot round out the base notes for a remarkable eau de parfum.<\/p>\n<h3><strong>Master your oriental fragrance!<\/strong><\/h3>\n<p>When you perfume yourself with a <strong>oriental fragrance<\/strong>It must be used sparingly. The strength and character of the scent must be controlled to avoid altering the fragrance.<\/p>\n<p>What's more, good perfuming is done on the body's pulse zones, for better longevity of the eau de parfum.<\/p>\n<p>Now that you know a little more about the art of perfumery, it's time to find the scent that's right for you. To do so, visit<em> Private Collections<\/em>\u00a0!<\/p>","protected":false},"excerpt":{"rendered":"<p><strong>Olfactory notes :<\/strong><\/p>\n<p><strong>Top notes<\/strong> White honey, tobacco, cherries, vanilla, raspberry, almonds, gingerbread<br \/>\n<strong>Heart notes<\/strong> Amber, tonka bean, nutmeg, benzoin, chamomile, saffron, cardamom<br \/>\n<strong>Base notes<\/strong> Patchouli, French labdanum, incense, oak, Virginia cedar, coriander, geranium, bergamot.<\/p>\n<p><strong>Type<\/strong>\u00a0Mixed.<\/p>","protected":false},"featured_media":32879,"template":"","meta":[],"product_brand":[],"product_cat":[291,203,201,202,208,300],"product_tag":[],"class_list":{"0":"post-32878","1":"product","2":"type-product","3":"status-publish","4":"has-post-thumbnail","6":"product_cat-parfum-amande","7":"product_cat-parfum-ambre","8":"product_cat-parfum-femme","9":"product_cat-parfum-homme","10":"product_cat-parfum-vanille","11":"product_cat-paris-corner","13":"first","14":"instock","15":"taxable","16":"shipping-taxable","17":"purchasable","18":"product-type-simple"},"yoast_head":"<!-- This site is optimized with the Yoast SEO plugin v27.5 - https:\/\/yoast.com\/product\/yoast-seo-wordpress\/ -->\n<title>When Soul Gets High | Fragrance mixte | \u00c9mir by Paris Corner<\/title>\n<meta name=\"description\" content=\"Une fragrance fascinante est une fragrance qui s\u00e9duit profond\u00e9ment. La parfumerie Paris Corner le d\u00e9montre \u00e0 l\u2019aide du parfum When Soul Gets High.\" \/>\n<meta name=\"robots\" content=\"index, follow, max-snippet:-1, max-image-preview:large, max-video-preview:-1\" \/>\n<link rel=\"canonical\" href=\"https:\/\/lescollectionsprivees.com\/en\/fragrance\/when-soul-gets-high\/\" \/>\n<meta property=\"og:locale\" content=\"en_US\" \/>\n<meta property=\"og:type\" content=\"article\" \/>\n<meta property=\"og:title\" content=\"When Soul Gets High | Fragrance mixte | \u00c9mir by Paris Corner\" \/>\n<meta property=\"og:description\" content=\"Une fragrance fascinante est une fragrance qui s\u00e9duit profond\u00e9ment. La parfumerie Paris Corner le d\u00e9montre \u00e0 l\u2019aide du parfum When Soul Gets High.\" \/>\n<meta property=\"og:url\" content=\"https:\/\/lescollectionsprivees.com\/en\/fragrance\/when-soul-gets-high\/\" \/>\n<meta property=\"og:site_name\" content=\"Les Collections Priv\u00e9es\" \/>\n<meta property=\"article:modified_time\" content=\"2026-01-31T00:33:31+00:00\" \/>\n<meta property=\"og:image\" content=\"https:\/\/lescollectionsprivees.com\/wp-content\/uploads\/2025\/01\/When-Soul-Gets-High.jpg\" \/>\n\t<meta property=\"og:image:width\" content=\"600\" \/>\n\t<meta property=\"og:image:height\" content=\"600\" \/>\n\t<meta property=\"og:image:type\" content=\"image\/jpeg\" \/>\n<meta name=\"twitter:card\" content=\"summary_large_image\" \/>\n<meta name=\"twitter:label1\" content=\"Est. reading time\" \/>\n\t<meta name=\"twitter:data1\" content=\"2 minutes\" \/>\n<script type=\"application\/ld+json\" class=\"yoast-schema-graph\">{\"@context\":\"https:\\\/\\\/schema.org\",\"@graph\":[{\"@type\":\"WebPage\",\"@id\":\"https:\\\/\\\/lescollectionsprivees.com\\\/parfum\\\/when-soul-gets-high\\\/\",\"url\":\"https:\\\/\\\/lescollectionsprivees.com\\\/parfum\\\/when-soul-gets-high\\\/\",\"name\":\"When Soul Gets High | Fragrance mixte | \u00c9mir by Paris Corner\",\"isPartOf\":{\"@id\":\"https:\\\/\\\/lescollectionsprivees.com\\\/#website\"},\"primaryImageOfPage\":{\"@id\":\"https:\\\/\\\/lescollectionsprivees.com\\\/parfum\\\/when-soul-gets-high\\\/#primaryimage\"},\"image\":{\"@id\":\"https:\\\/\\\/lescollectionsprivees.com\\\/parfum\\\/when-soul-gets-high\\\/#primaryimage\"},\"thumbnailUrl\":\"https:\\\/\\\/lescollectionsprivees.com\\\/wp-content\\\/uploads\\\/2025\\\/01\\\/When-Soul-Gets-High.jpg\",\"datePublished\":\"2025-01-22T08:32:59+00:00\",\"dateModified\":\"2026-01-31T00:33:31+00:00\",\"description\":\"Une fragrance fascinante est une fragrance qui s\u00e9duit profond\u00e9ment. La parfumerie Paris Corner le d\u00e9montre \u00e0 l\u2019aide du parfum When Soul Gets High.\",\"breadcrumb\":{\"@id\":\"https:\\\/\\\/lescollectionsprivees.com\\\/parfum\\\/when-soul-gets-high\\\/#breadcrumb\"},\"inLanguage\":\"en-US\",\"potentialAction\":[{\"@type\":\"ReadAction\",\"target\":[\"https:\\\/\\\/lescollectionsprivees.com\\\/parfum\\\/when-soul-gets-high\\\/\"]}]},{\"@type\":\"ImageObject\",\"inLanguage\":\"en-US\",\"@id\":\"https:\\\/\\\/lescollectionsprivees.com\\\/parfum\\\/when-soul-gets-high\\\/#primaryimage\",\"url\":\"https:\\\/\\\/lescollectionsprivees.com\\\/wp-content\\\/uploads\\\/2025\\\/01\\\/When-Soul-Gets-High.jpg\",\"contentUrl\":\"https:\\\/\\\/lescollectionsprivees.com\\\/wp-content\\\/uploads\\\/2025\\\/01\\\/When-Soul-Gets-High.jpg\",\"width\":600,\"height\":600,\"caption\":\"Eau de parfum When Soul Gets High\"},{\"@type\":\"BreadcrumbList\",\"@id\":\"https:\\\/\\\/lescollectionsprivees.com\\\/parfum\\\/when-soul-gets-high\\\/#breadcrumb\",\"itemListElement\":[{\"@type\":\"ListItem\",\"position\":1,\"name\":\"Accueil\",\"item\":\"https:\\\/\\\/lescollectionsprivees.com\\\/\"},{\"@type\":\"ListItem\",\"position\":2,\"name\":\"Boutique\",\"item\":\"https:\\\/\\\/lescollectionsprivees.com\\\/boutique\\\/\"},{\"@type\":\"ListItem\",\"position\":3,\"name\":\"Eau de parfum When Soul Gets High 100ml &#8211; \u00c9mir by Paris Corner\"}]},{\"@type\":\"WebSite\",\"@id\":\"https:\\\/\\\/lescollectionsprivees.com\\\/#website\",\"url\":\"https:\\\/\\\/lescollectionsprivees.com\\\/\",\"name\":\"Les Collections Priv\u00e9es\",\"description\":\"\",\"publisher\":{\"@id\":\"https:\\\/\\\/lescollectionsprivees.com\\\/#organization\"},\"potentialAction\":[{\"@type\":\"SearchAction\",\"target\":{\"@type\":\"EntryPoint\",\"urlTemplate\":\"https:\\\/\\\/lescollectionsprivees.com\\\/?s={search_term_string}\"},\"query-input\":{\"@type\":\"PropertyValueSpecification\",\"valueRequired\":true,\"valueName\":\"search_term_string\"}}],\"inLanguage\":\"en-US\"},{\"@type\":\"Organization\",\"@id\":\"https:\\\/\\\/lescollectionsprivees.com\\\/#organization\",\"name\":\"Les Collections Priv\u00e9es\",\"url\":\"https:\\\/\\\/lescollectionsprivees.com\\\/\",\"logo\":{\"@type\":\"ImageObject\",\"inLanguage\":\"en-US\",\"@id\":\"https:\\\/\\\/lescollectionsprivees.com\\\/#\\\/schema\\\/logo\\\/image\\\/\",\"url\":\"https:\\\/\\\/lescollectionsprivees.com\\\/wp-content\\\/uploads\\\/2020\\\/02\\\/Logo-Les-Collections-Priv\u00e9es-450x450-1.png\",\"contentUrl\":\"https:\\\/\\\/lescollectionsprivees.com\\\/wp-content\\\/uploads\\\/2020\\\/02\\\/Logo-Les-Collections-Priv\u00e9es-450x450-1.png\",\"width\":450,\"height\":450,\"caption\":\"Les Collections Priv\u00e9es\"},\"image\":{\"@id\":\"https:\\\/\\\/lescollectionsprivees.com\\\/#\\\/schema\\\/logo\\\/image\\\/\"}}]}<\/script>\n<!-- \/ Yoast SEO plugin. -->","yoast_head_json":{"title":"When Soul Gets High | Fragrance mixte | \u00c9mir by Paris Corner","description":"A fascinating fragrance is one that seduces deeply. Paris Corner perfumery demonstrates this with When Soul Gets High.","robots":{"index":"index","follow":"follow","max-snippet":"max-snippet:-1","max-image-preview":"max-image-preview:large","max-video-preview":"max-video-preview:-1"},"canonical":"https:\/\/lescollectionsprivees.com\/en\/fragrance\/when-soul-gets-high\/","og_locale":"en_US","og_type":"article","og_title":"When Soul Gets High | Fragrance mixte | \u00c9mir by Paris Corner","og_description":"Une fragrance fascinante est une fragrance qui s\u00e9duit profond\u00e9ment. La parfumerie Paris Corner le d\u00e9montre \u00e0 l\u2019aide du parfum When Soul Gets High.","og_url":"https:\/\/lescollectionsprivees.com\/en\/fragrance\/when-soul-gets-high\/","og_site_name":"Les Collections Priv\u00e9es","article_modified_time":"2026-01-31T00:33:31+00:00","og_image":[{"width":600,"height":600,"url":"https:\/\/lescollectionsprivees.com\/wp-content\/uploads\/2025\/01\/When-Soul-Gets-High.jpg","type":"image\/jpeg"}],"twitter_card":"summary_large_image","twitter_misc":{"Est. reading time":"2 minutes"},"schema":{"@context":"https:\/\/schema.org","@graph":[{"@type":"WebPage","@id":"https:\/\/lescollectionsprivees.com\/parfum\/when-soul-gets-high\/","url":"https:\/\/lescollectionsprivees.com\/parfum\/when-soul-gets-high\/","name":"When Soul Gets High | Fragrance mixte | \u00c9mir by Paris Corner","isPartOf":{"@id":"https:\/\/lescollectionsprivees.com\/#website"},"primaryImageOfPage":{"@id":"https:\/\/lescollectionsprivees.com\/parfum\/when-soul-gets-high\/#primaryimage"},"image":{"@id":"https:\/\/lescollectionsprivees.com\/parfum\/when-soul-gets-high\/#primaryimage"},"thumbnailUrl":"https:\/\/lescollectionsprivees.com\/wp-content\/uploads\/2025\/01\/When-Soul-Gets-High.jpg","datePublished":"2025-01-22T08:32:59+00:00","dateModified":"2026-01-31T00:33:31+00:00","description":"A fascinating fragrance is one that seduces deeply. Paris Corner perfumery demonstrates this with When Soul Gets High.","breadcrumb":{"@id":"https:\/\/lescollectionsprivees.com\/parfum\/when-soul-gets-high\/#breadcrumb"},"inLanguage":"en-US","potentialAction":[{"@type":"ReadAction","target":["https:\/\/lescollectionsprivees.com\/parfum\/when-soul-gets-high\/"]}]},{"@type":"ImageObject","inLanguage":"en-US","@id":"https:\/\/lescollectionsprivees.com\/parfum\/when-soul-gets-high\/#primaryimage","url":"https:\/\/lescollectionsprivees.com\/wp-content\/uploads\/2025\/01\/When-Soul-Gets-High.jpg","contentUrl":"https:\/\/lescollectionsprivees.com\/wp-content\/uploads\/2025\/01\/When-Soul-Gets-High.jpg","width":600,"height":600,"caption":"Eau de parfum When Soul Gets High"},{"@type":"BreadcrumbList","@id":"https:\/\/lescollectionsprivees.com\/parfum\/when-soul-gets-high\/#breadcrumb","itemListElement":[{"@type":"ListItem","position":1,"name":"Accueil","item":"https:\/\/lescollectionsprivees.com\/"},{"@type":"ListItem","position":2,"name":"Boutique","item":"https:\/\/lescollectionsprivees.com\/boutique\/"},{"@type":"ListItem","position":3,"name":"Eau de parfum When Soul Gets High 100ml &#8211; \u00c9mir by Paris Corner"}]},{"@type":"WebSite","@id":"https:\/\/lescollectionsprivees.com\/#website","url":"https:\/\/lescollectionsprivees.com\/","name":"Private Collections","description":"","publisher":{"@id":"https:\/\/lescollectionsprivees.com\/#organization"},"potentialAction":[{"@type":"SearchAction","target":{"@type":"EntryPoint","urlTemplate":"https:\/\/lescollectionsprivees.com\/?s={search_term_string}"},"query-input":{"@type":"PropertyValueSpecification","valueRequired":true,"valueName":"search_term_string"}}],"inLanguage":"en-US"},{"@type":"Organization","@id":"https:\/\/lescollectionsprivees.com\/#organization","name":"Private Collections","url":"https:\/\/lescollectionsprivees.com\/","logo":{"@type":"ImageObject","inLanguage":"en-US","@id":"https:\/\/lescollectionsprivees.com\/#\/schema\/logo\/image\/","url":"https:\/\/lescollectionsprivees.com\/wp-content\/uploads\/2020\/02\/Logo-Les-Collections-Priv\u00e9es-450x450-1.png","contentUrl":"https:\/\/lescollectionsprivees.com\/wp-content\/uploads\/2020\/02\/Logo-Les-Collections-Priv\u00e9es-450x450-1.png","width":450,"height":450,"caption":"Les Collections Priv\u00e9es"},"image":{"@id":"https:\/\/lescollectionsprivees.com\/#\/schema\/logo\/image\/"}}]}},"_links":{"self":[{"href":"https:\/\/lescollectionsprivees.com\/en\/wp-json\/wp\/v2\/product\/32878","targetHints":{"allow":["GET"]}}],"collection":[{"href":"https:\/\/lescollectionsprivees.com\/en\/wp-json\/wp\/v2\/product"}],"about":[{"href":"https:\/\/lescollectionsprivees.com\/en\/wp-json\/wp\/v2\/types\/product"}],"wp:featuredmedia":[{"embeddable":true,"href":"https:\/\/lescollectionsprivees.com\/en\/wp-json\/wp\/v2\/media\/32879"}],"wp:attachment":[{"href":"https:\/\/lescollectionsprivees.com\/en\/wp-json\/wp\/v2\/media?parent=32878"}],"wp:term":[{"taxonomy":"product_brand","embeddable":true,"href":"https:\/\/lescollectionsprivees.com\/en\/wp-json\/wp\/v2\/product_brand?post=32878"},{"taxonomy":"product_cat","embeddable":true,"href":"https:\/\/lescollectionsprivees.com\/en\/wp-json\/wp\/v2\/product_cat?post=32878"},{"taxonomy":"product_tag","embeddable":true,"href":"https:\/\/lescollectionsprivees.com\/en\/wp-json\/wp\/v2\/product_tag?post=32878"}],"curies":[{"name":"wp","href":"https:\/\/api.w.org\/{rel}","templated":true}]}}