{"id":33489,"date":"2025-03-04T07:43:46","date_gmt":"2025-03-04T07:43:46","guid":{"rendered":"https:\/\/lescollectionsprivees.com\/?post_type=product&#038;p=33489"},"modified":"2025-08-01T14:45:38","modified_gmt":"2025-08-01T14:45:38","slug":"amber-oud-ruby-edition","status":"publish","type":"product","link":"https:\/\/lescollectionsprivees.com\/en\/parfum\/amber-oud-ruby-edition\/","title":{"rendered":"Amber oud ruby edition 60ml - Al Haramain"},"content":{"rendered":"","protected":false},"excerpt":{"rendered":"<p><strong><u>Technical data :<\/u><\/strong><\/p>\n<p><strong>Perfume name<\/strong> Amber Oud Ruby Edition<br \/>\n<strong>Brand<\/strong> : Al Haramain<br \/>\n<strong>Type<\/strong> Mixed<br \/>\n<strong>Capacity<\/strong> : 60 mL<\/p>\n<p><strong><u>Olfactory notes :<u><\/u><\/u><\/strong><\/p>\n<p><strong>Top notes<\/strong> Saffron and bitter almond<br \/>\n<strong>Heart notes<\/strong> Cedar and Egyptian Jasmine<br \/>\n<strong>Base notes<\/strong> Ambergris, Woody notes and Musk<\/p>\n<div class=\"fusion-woo-short-description-tb fusion-woo-short-description-tb-1\">\n<div class=\"post-content woocommerce-product-details__short-description\">\n<p>&nbsp;<\/p>\n<\/div>\n<\/div>","protected":false},"featured_media":33490,"template":"","meta":[],"product_brand":[],"product_cat":[333,189,291,203,261,264,201,202,210,236,287],"product_tag":[],"class_list":{"0":"post-33489","1":"product","2":"type-product","3":"status-publish","4":"has-post-thumbnail","6":"product_cat-al-haramain","7":"product_cat-femmes","8":"product_cat-parfum-amande","9":"product_cat-parfum-ambre","10":"product_cat-parfum-boise","11":"product_cat-parfum-de-luxe","12":"product_cat-parfum-femme","13":"product_cat-parfum-homme","14":"product_cat-parfum-jasmin","15":"product_cat-parfum-musque","16":"product_cat-parfums-orientaux","18":"first","19":"instock","20":"taxable","21":"shipping-taxable","22":"purchasable","23":"product-type-simple"},"yoast_head":"<!-- This site is optimized with the Yoast SEO plugin v27.5 - https:\/\/yoast.com\/product\/yoast-seo-wordpress\/ -->\n<title>Amber oud ruby \u00e9dition 60ml \u2013 Al Haramain - Les Collections Priv\u00e9es<\/title>\n<meta name=\"robots\" content=\"index, follow, max-snippet:-1, max-image-preview:large, max-video-preview:-1\" \/>\n<link rel=\"canonical\" href=\"https:\/\/lescollectionsprivees.com\/en\/fragrance\/amber-oud-ruby-edition\/\" \/>\n<meta property=\"og:locale\" content=\"en_US\" \/>\n<meta property=\"og:type\" content=\"article\" \/>\n<meta property=\"og:title\" content=\"Amber oud ruby \u00e9dition 60ml \u2013 Al Haramain - Les Collections Priv\u00e9es\" \/>\n<meta property=\"og:description\" content=\"Donn\u00e9es Techniques :  Nom du parfum : Amber Oud Ruby \u00c9dition Marque : Al Haramain Genre : Mixte Contenance : 60 mL  Notes olfactives :  Notes de t\u00eate : Safran et Amande am\u00e8re Notes de coeur : C\u00e8dre et Jasmin d\u2019\u00c9gypte Notes de fond : Ambre gris, Notes bois\u00e9es et Musc    &nbsp;\" \/>\n<meta property=\"og:url\" content=\"https:\/\/lescollectionsprivees.com\/en\/fragrance\/amber-oud-ruby-edition\/\" \/>\n<meta property=\"og:site_name\" content=\"Les Collections Priv\u00e9es\" \/>\n<meta property=\"article:modified_time\" content=\"2025-08-01T14:45:38+00:00\" \/>\n<meta property=\"og:image\" content=\"https:\/\/lescollectionsprivees.com\/wp-content\/uploads\/2025\/03\/AMBER-OUD-RUBY-EDITION-AL-HARAMAIN.jpg\" \/>\n\t<meta property=\"og:image:width\" content=\"600\" \/>\n\t<meta property=\"og:image:height\" content=\"600\" \/>\n\t<meta property=\"og:image:type\" content=\"image\/jpeg\" \/>\n<meta name=\"twitter:card\" content=\"summary_large_image\" \/>\n<meta name=\"twitter:label1\" content=\"Est. reading time\" \/>\n\t<meta name=\"twitter:data1\" content=\"1 minute\" \/>\n<script type=\"application\/ld+json\" class=\"yoast-schema-graph\">{\"@context\":\"https:\\\/\\\/schema.org\",\"@graph\":[{\"@type\":\"WebPage\",\"@id\":\"https:\\\/\\\/lescollectionsprivees.com\\\/parfum\\\/amber-oud-ruby-edition\\\/\",\"url\":\"https:\\\/\\\/lescollectionsprivees.com\\\/parfum\\\/amber-oud-ruby-edition\\\/\",\"name\":\"Amber oud ruby \u00e9dition 60ml \u2013 Al Haramain - Les Collections Priv\u00e9es\",\"isPartOf\":{\"@id\":\"https:\\\/\\\/lescollectionsprivees.com\\\/#website\"},\"primaryImageOfPage\":{\"@id\":\"https:\\\/\\\/lescollectionsprivees.com\\\/parfum\\\/amber-oud-ruby-edition\\\/#primaryimage\"},\"image\":{\"@id\":\"https:\\\/\\\/lescollectionsprivees.com\\\/parfum\\\/amber-oud-ruby-edition\\\/#primaryimage\"},\"thumbnailUrl\":\"https:\\\/\\\/lescollectionsprivees.com\\\/wp-content\\\/uploads\\\/2025\\\/03\\\/AMBER-OUD-RUBY-EDITION-AL-HARAMAIN.jpg\",\"datePublished\":\"2025-03-04T07:43:46+00:00\",\"dateModified\":\"2025-08-01T14:45:38+00:00\",\"breadcrumb\":{\"@id\":\"https:\\\/\\\/lescollectionsprivees.com\\\/parfum\\\/amber-oud-ruby-edition\\\/#breadcrumb\"},\"inLanguage\":\"en-US\",\"potentialAction\":[{\"@type\":\"ReadAction\",\"target\":[\"https:\\\/\\\/lescollectionsprivees.com\\\/parfum\\\/amber-oud-ruby-edition\\\/\"]}]},{\"@type\":\"ImageObject\",\"inLanguage\":\"en-US\",\"@id\":\"https:\\\/\\\/lescollectionsprivees.com\\\/parfum\\\/amber-oud-ruby-edition\\\/#primaryimage\",\"url\":\"https:\\\/\\\/lescollectionsprivees.com\\\/wp-content\\\/uploads\\\/2025\\\/03\\\/AMBER-OUD-RUBY-EDITION-AL-HARAMAIN.jpg\",\"contentUrl\":\"https:\\\/\\\/lescollectionsprivees.com\\\/wp-content\\\/uploads\\\/2025\\\/03\\\/AMBER-OUD-RUBY-EDITION-AL-HARAMAIN.jpg\",\"width\":600,\"height\":600,\"caption\":\"Amber oud ruby \u00e9dition 60ml \u2013 Al Haramain\"},{\"@type\":\"BreadcrumbList\",\"@id\":\"https:\\\/\\\/lescollectionsprivees.com\\\/parfum\\\/amber-oud-ruby-edition\\\/#breadcrumb\",\"itemListElement\":[{\"@type\":\"ListItem\",\"position\":1,\"name\":\"Accueil\",\"item\":\"https:\\\/\\\/lescollectionsprivees.com\\\/\"},{\"@type\":\"ListItem\",\"position\":2,\"name\":\"Boutique\",\"item\":\"https:\\\/\\\/lescollectionsprivees.com\\\/boutique\\\/\"},{\"@type\":\"ListItem\",\"position\":3,\"name\":\"Amber oud ruby \u00e9dition 60ml \u2013 Al Haramain\"}]},{\"@type\":\"WebSite\",\"@id\":\"https:\\\/\\\/lescollectionsprivees.com\\\/#website\",\"url\":\"https:\\\/\\\/lescollectionsprivees.com\\\/\",\"name\":\"Les Collections Priv\u00e9es\",\"description\":\"\",\"publisher\":{\"@id\":\"https:\\\/\\\/lescollectionsprivees.com\\\/#organization\"},\"potentialAction\":[{\"@type\":\"SearchAction\",\"target\":{\"@type\":\"EntryPoint\",\"urlTemplate\":\"https:\\\/\\\/lescollectionsprivees.com\\\/?s={search_term_string}\"},\"query-input\":{\"@type\":\"PropertyValueSpecification\",\"valueRequired\":true,\"valueName\":\"search_term_string\"}}],\"inLanguage\":\"en-US\"},{\"@type\":\"Organization\",\"@id\":\"https:\\\/\\\/lescollectionsprivees.com\\\/#organization\",\"name\":\"Les Collections Priv\u00e9es\",\"url\":\"https:\\\/\\\/lescollectionsprivees.com\\\/\",\"logo\":{\"@type\":\"ImageObject\",\"inLanguage\":\"en-US\",\"@id\":\"https:\\\/\\\/lescollectionsprivees.com\\\/#\\\/schema\\\/logo\\\/image\\\/\",\"url\":\"https:\\\/\\\/lescollectionsprivees.com\\\/wp-content\\\/uploads\\\/2020\\\/02\\\/Logo-Les-Collections-Priv\u00e9es-450x450-1.png\",\"contentUrl\":\"https:\\\/\\\/lescollectionsprivees.com\\\/wp-content\\\/uploads\\\/2020\\\/02\\\/Logo-Les-Collections-Priv\u00e9es-450x450-1.png\",\"width\":450,\"height\":450,\"caption\":\"Les Collections Priv\u00e9es\"},\"image\":{\"@id\":\"https:\\\/\\\/lescollectionsprivees.com\\\/#\\\/schema\\\/logo\\\/image\\\/\"}}]}<\/script>\n<!-- \/ Yoast SEO plugin. -->","yoast_head_json":{"title":"Amber oud ruby edition 60ml - Al Haramain - Les Collections Priv\u00e9es","robots":{"index":"index","follow":"follow","max-snippet":"max-snippet:-1","max-image-preview":"max-image-preview:large","max-video-preview":"max-video-preview:-1"},"canonical":"https:\/\/lescollectionsprivees.com\/en\/fragrance\/amber-oud-ruby-edition\/","og_locale":"en_US","og_type":"article","og_title":"Amber oud ruby \u00e9dition 60ml \u2013 Al Haramain - Les Collections Priv\u00e9es","og_description":"Donn\u00e9es Techniques :  Nom du parfum : Amber Oud Ruby \u00c9dition Marque : Al Haramain Genre : Mixte Contenance : 60 mL  Notes olfactives :  Notes de t\u00eate : Safran et Amande am\u00e8re Notes de coeur : C\u00e8dre et Jasmin d\u2019\u00c9gypte Notes de fond : Ambre gris, Notes bois\u00e9es et Musc    &nbsp;","og_url":"https:\/\/lescollectionsprivees.com\/en\/fragrance\/amber-oud-ruby-edition\/","og_site_name":"Les Collections Priv\u00e9es","article_modified_time":"2025-08-01T14:45:38+00:00","og_image":[{"width":600,"height":600,"url":"https:\/\/lescollectionsprivees.com\/wp-content\/uploads\/2025\/03\/AMBER-OUD-RUBY-EDITION-AL-HARAMAIN.jpg","type":"image\/jpeg"}],"twitter_card":"summary_large_image","twitter_misc":{"Est. reading time":"1 minute"},"schema":{"@context":"https:\/\/schema.org","@graph":[{"@type":"WebPage","@id":"https:\/\/lescollectionsprivees.com\/parfum\/amber-oud-ruby-edition\/","url":"https:\/\/lescollectionsprivees.com\/parfum\/amber-oud-ruby-edition\/","name":"Amber oud ruby edition 60ml - Al Haramain - Les Collections Priv\u00e9es","isPartOf":{"@id":"https:\/\/lescollectionsprivees.com\/#website"},"primaryImageOfPage":{"@id":"https:\/\/lescollectionsprivees.com\/parfum\/amber-oud-ruby-edition\/#primaryimage"},"image":{"@id":"https:\/\/lescollectionsprivees.com\/parfum\/amber-oud-ruby-edition\/#primaryimage"},"thumbnailUrl":"https:\/\/lescollectionsprivees.com\/wp-content\/uploads\/2025\/03\/AMBER-OUD-RUBY-EDITION-AL-HARAMAIN.jpg","datePublished":"2025-03-04T07:43:46+00:00","dateModified":"2025-08-01T14:45:38+00:00","breadcrumb":{"@id":"https:\/\/lescollectionsprivees.com\/parfum\/amber-oud-ruby-edition\/#breadcrumb"},"inLanguage":"en-US","potentialAction":[{"@type":"ReadAction","target":["https:\/\/lescollectionsprivees.com\/parfum\/amber-oud-ruby-edition\/"]}]},{"@type":"ImageObject","inLanguage":"en-US","@id":"https:\/\/lescollectionsprivees.com\/parfum\/amber-oud-ruby-edition\/#primaryimage","url":"https:\/\/lescollectionsprivees.com\/wp-content\/uploads\/2025\/03\/AMBER-OUD-RUBY-EDITION-AL-HARAMAIN.jpg","contentUrl":"https:\/\/lescollectionsprivees.com\/wp-content\/uploads\/2025\/03\/AMBER-OUD-RUBY-EDITION-AL-HARAMAIN.jpg","width":600,"height":600,"caption":"Amber oud ruby \u00e9dition 60ml \u2013 Al Haramain"},{"@type":"BreadcrumbList","@id":"https:\/\/lescollectionsprivees.com\/parfum\/amber-oud-ruby-edition\/#breadcrumb","itemListElement":[{"@type":"ListItem","position":1,"name":"Accueil","item":"https:\/\/lescollectionsprivees.com\/"},{"@type":"ListItem","position":2,"name":"Boutique","item":"https:\/\/lescollectionsprivees.com\/boutique\/"},{"@type":"ListItem","position":3,"name":"Amber oud ruby \u00e9dition 60ml \u2013 Al Haramain"}]},{"@type":"WebSite","@id":"https:\/\/lescollectionsprivees.com\/#website","url":"https:\/\/lescollectionsprivees.com\/","name":"Private Collections","description":"","publisher":{"@id":"https:\/\/lescollectionsprivees.com\/#organization"},"potentialAction":[{"@type":"SearchAction","target":{"@type":"EntryPoint","urlTemplate":"https:\/\/lescollectionsprivees.com\/?s={search_term_string}"},"query-input":{"@type":"PropertyValueSpecification","valueRequired":true,"valueName":"search_term_string"}}],"inLanguage":"en-US"},{"@type":"Organization","@id":"https:\/\/lescollectionsprivees.com\/#organization","name":"Private Collections","url":"https:\/\/lescollectionsprivees.com\/","logo":{"@type":"ImageObject","inLanguage":"en-US","@id":"https:\/\/lescollectionsprivees.com\/#\/schema\/logo\/image\/","url":"https:\/\/lescollectionsprivees.com\/wp-content\/uploads\/2020\/02\/Logo-Les-Collections-Priv\u00e9es-450x450-1.png","contentUrl":"https:\/\/lescollectionsprivees.com\/wp-content\/uploads\/2020\/02\/Logo-Les-Collections-Priv\u00e9es-450x450-1.png","width":450,"height":450,"caption":"Les Collections Priv\u00e9es"},"image":{"@id":"https:\/\/lescollectionsprivees.com\/#\/schema\/logo\/image\/"}}]}},"_links":{"self":[{"href":"https:\/\/lescollectionsprivees.com\/en\/wp-json\/wp\/v2\/product\/33489","targetHints":{"allow":["GET"]}}],"collection":[{"href":"https:\/\/lescollectionsprivees.com\/en\/wp-json\/wp\/v2\/product"}],"about":[{"href":"https:\/\/lescollectionsprivees.com\/en\/wp-json\/wp\/v2\/types\/product"}],"wp:featuredmedia":[{"embeddable":true,"href":"https:\/\/lescollectionsprivees.com\/en\/wp-json\/wp\/v2\/media\/33490"}],"wp:attachment":[{"href":"https:\/\/lescollectionsprivees.com\/en\/wp-json\/wp\/v2\/media?parent=33489"}],"wp:term":[{"taxonomy":"product_brand","embeddable":true,"href":"https:\/\/lescollectionsprivees.com\/en\/wp-json\/wp\/v2\/product_brand?post=33489"},{"taxonomy":"product_cat","embeddable":true,"href":"https:\/\/lescollectionsprivees.com\/en\/wp-json\/wp\/v2\/product_cat?post=33489"},{"taxonomy":"product_tag","embeddable":true,"href":"https:\/\/lescollectionsprivees.com\/en\/wp-json\/wp\/v2\/product_tag?post=33489"}],"curies":[{"name":"wp","href":"https:\/\/api.w.org\/{rel}","templated":true}]}}