{"id":34937,"date":"2025-08-01T09:32:52","date_gmt":"2025-08-01T09:32:52","guid":{"rendered":"https:\/\/lescollectionsprivees.com\/?post_type=product&#038;p=34937"},"modified":"2025-08-01T10:50:35","modified_gmt":"2025-08-01T10:50:35","slug":"eau-de-parfum-enamor-rouge","status":"publish","type":"product","link":"https:\/\/lescollectionsprivees.com\/en\/parfum\/eau-de-parfum-enamor-rouge\/","title":{"rendered":"Eau de parfum Enamor Rouge 100ml - Volar\u00e9"},"content":{"rendered":"<p>Discover <strong>Enamor Rouge<\/strong> from <strong>Volar\u00e9<\/strong>This eau de parfum will seduce you from the very first moment. It transports you into a world of softness and charm. To seduce, women need a sophisticated arsenal. And this fragrance must be part of yours, because of its olfactory power.<\/p>\n<h2>The charming bottle of Enamor Rouge<\/h2>\n<p>This <strong>women's fragrance<\/strong> has a number of undeniable assets, starting with its striking bottle. Its <strong>bright red trim<\/strong> with golden accents gives it an elegant, modern look. Beautiful to look at, this bottle will easily find its place among your <strong>feminine fragrances<\/strong> the ones you like to display.<\/p>\n<p>The bottle is a perfect reflection of what you'll find inside. <strong>quality fragrance<\/strong> combining beauty and character. <a href=\"https:\/\/lescollectionsprivees.com\/en\/fragrance\/be-in-romance-eau-de-parfum\/\">Be in Romance<\/a> is in the same vein with its <strong>red bottle<\/strong> full of charm. On the other hand, it's a <strong>mixed fragrance<\/strong>.<\/p>\n<h2>Enamor Rouge de Volar\u00e9 brings out the best in you<\/h2>\n<p>Through this <strong>feminine fragrance<\/strong>Volar\u00e9 is for women who like to feel beautiful and confident. Its gentle yet present scent accompanies you throughout the day, without ever being too strong. It strikes just the right balance between freshness and warmth. There's no need to worry about what occasion you should reserve it for. In fact, you can wear it at any time, it knows how to adapt and use its olfactory power to make you stand out.<\/p>\n<p>But what makes Enamor Rouge so exceptional are its <strong>oriental notes<\/strong>. Indeed, their warmth and long-lasting hold are what make <strong>oriental fragrances<\/strong>. You'll also appreciate how this fragrance evolves over the hours. In fact, it'll give you the impression of wearing several fragrances in one!<\/p>\n<h3>Why try it now?<\/h3>\n<p>Are you desperately looking for a fragrance that's out of the ordinary without being eccentric? Then order Enamor Rouge. Its scent will set you apart and attract compliments.<\/p>\n<div itemscope=\"\" itemtype=\"https:\/\/schema.org\/FAQPage\">\n<h2><span itemprop=\"name\">Frequently asked questions about Enamor Rouge by Volar\u00e9<\/span><\/h2>\n<div itemprop=\"mainEntity\" itemscope=\"\" itemtype=\"https:\/\/schema.org\/Question\">\n<h3 itemprop=\"name\">How long does Enamor Rouge last on the skin?<\/h3>\n<div itemprop=\"acceptedAnswer\" itemscope=\"\" itemtype=\"https:\/\/schema.org\/Answer\">\n<p itemprop=\"text\">Enamor Rouge de Volar\u00e9 offers a <strong>long-lasting hold<\/strong> thanks to its <strong>warm oriental notes<\/strong>. It accompanies the skin throughout the day without fading quickly, leaving an elegant, subtle trail for hours.<\/p>\n<\/div>\n<\/div>\n<div itemprop=\"mainEntity\" itemscope=\"\" itemtype=\"https:\/\/schema.org\/Question\">\n<h3 itemprop=\"name\">Is Enamor Rouge fragrance suitable for all seasons?<\/h3>\n<div itemprop=\"acceptedAnswer\" itemscope=\"\" itemtype=\"https:\/\/schema.org\/Answer\">\n<p itemprop=\"text\">Yes, Enamor Rouge can be worn <strong>all year round<\/strong>. Its balanced fragrance of softness, freshness and sensuality makes it a perfect choice for summer days and winter evenings alike.<\/p>\n<\/div>\n<\/div>\n<div itemprop=\"mainEntity\" itemscope=\"\" itemtype=\"https:\/\/schema.org\/Question\">\n<h3 itemprop=\"name\">Who is Enamor Rouge primarily aimed at?<\/h3>\n<div itemprop=\"acceptedAnswer\" itemscope=\"\" itemtype=\"https:\/\/schema.org\/Answer\">\n<p itemprop=\"text\">This fragrance is for <strong>elegant, confident women<\/strong> who want to assert their personality without extravagance. It's perfect for those looking for a fragrance <strong>original, feminine and refined<\/strong>.<\/p>\n<\/div>\n<\/div>\n<div itemprop=\"mainEntity\" itemscope=\"\" itemtype=\"https:\/\/schema.org\/Question\">\n<h3 itemprop=\"name\">What was the inspiration behind the Enamor Rouge bottle?<\/h3>\n<div itemprop=\"acceptedAnswer\" itemscope=\"\" itemtype=\"https:\/\/schema.org\/Answer\">\n<p itemprop=\"text\">The Enamor Rouge bottle is distinguished by its <strong>bright red design with gold accents<\/strong>It evokes luxury, passion and refinement. It's as beautiful to display as it is to use, making it a true decorative object.<\/p>\n<\/div>\n<\/div>\n<\/div>","protected":false},"excerpt":{"rendered":"<p><strong><u>Technical data :<\/u><\/strong><\/p>\n<p><strong>Perfume name<\/strong> : Enamor Rouge<br \/>\n<strong>Brand<\/strong> : Volar\u00e9<br \/>\n<strong>Type<\/strong> : Female<br \/>\n<strong>Capacity<\/strong> 100 mL<\/p>\n<p><strong><u>Notes Olfactives :<\/u><\/strong><\/p>\n<p><strong>Top notes<\/strong> Rose, saffron<br \/>\n<strong>Heart notes<\/strong> : Cedar<br \/>\n<strong>Base notes<\/strong> Musk.<\/p>","protected":false},"featured_media":34938,"template":"","meta":[],"product_brand":[],"product_cat":[201,236,206,326],"product_tag":[],"class_list":{"0":"post-34937","1":"product","2":"type-product","3":"status-publish","4":"has-post-thumbnail","6":"product_cat-parfum-femme","7":"product_cat-parfum-musque","8":"product_cat-parfum-rose","9":"product_cat-volare","11":"first","12":"instock","13":"taxable","14":"shipping-taxable","15":"purchasable","16":"product-type-simple"},"yoast_head":"<!-- This site is optimized with the Yoast SEO plugin v27.5 - https:\/\/yoast.com\/product\/yoast-seo-wordpress\/ -->\n<title>Enamor Rouge Volar\u00e9 | Parfum oriental floral | Rose &amp; Safran<\/title>\n<meta name=\"description\" content=\"D\u00e9couvrez Enamor Rouge de Volar\u00e9 : une fragrance \u00e9l\u00e9gante et envo\u00fbtante. Ses notes de rose, safran et musc cr\u00e9ent un sillage profond et inoubliable.\" \/>\n<meta name=\"robots\" content=\"index, follow, max-snippet:-1, max-image-preview:large, max-video-preview:-1\" \/>\n<link rel=\"canonical\" href=\"https:\/\/lescollectionsprivees.com\/en\/fragrance\/eau-de-parfum-enamor-rouge\/\" \/>\n<meta property=\"og:locale\" content=\"en_US\" \/>\n<meta property=\"og:type\" content=\"article\" \/>\n<meta property=\"og:title\" content=\"Enamor Rouge Volar\u00e9 | Parfum oriental floral | Rose &amp; Safran\" \/>\n<meta property=\"og:description\" content=\"D\u00e9couvrez Enamor Rouge de Volar\u00e9 : une fragrance \u00e9l\u00e9gante et envo\u00fbtante. Ses notes de rose, safran et musc cr\u00e9ent un sillage profond et inoubliable.\" \/>\n<meta property=\"og:url\" content=\"https:\/\/lescollectionsprivees.com\/en\/fragrance\/eau-de-parfum-enamor-rouge\/\" \/>\n<meta property=\"og:site_name\" content=\"Les Collections Priv\u00e9es\" \/>\n<meta property=\"article:modified_time\" content=\"2025-08-01T10:50:35+00:00\" \/>\n<meta property=\"og:image\" content=\"https:\/\/lescollectionsprivees.com\/wp-content\/uploads\/2025\/05\/EAU-DE-PARFUM-ENAMOR-ROUGE-100ML-VOLARE.jpg\" \/>\n\t<meta property=\"og:image:width\" content=\"600\" \/>\n\t<meta property=\"og:image:height\" content=\"600\" \/>\n\t<meta property=\"og:image:type\" content=\"image\/jpeg\" \/>\n<meta name=\"twitter:card\" content=\"summary_large_image\" \/>\n<meta name=\"twitter:label1\" content=\"Est. reading time\" \/>\n\t<meta name=\"twitter:data1\" content=\"1 minute\" \/>\n<script type=\"application\/ld+json\" class=\"yoast-schema-graph\">{\"@context\":\"https:\\\/\\\/schema.org\",\"@graph\":[{\"@type\":\"WebPage\",\"@id\":\"https:\\\/\\\/lescollectionsprivees.com\\\/parfum\\\/eau-de-parfum-enamor-rouge\\\/\",\"url\":\"https:\\\/\\\/lescollectionsprivees.com\\\/parfum\\\/eau-de-parfum-enamor-rouge\\\/\",\"name\":\"Enamor Rouge Volar\u00e9 | Parfum oriental floral | Rose & Safran\",\"isPartOf\":{\"@id\":\"https:\\\/\\\/lescollectionsprivees.com\\\/#website\"},\"primaryImageOfPage\":{\"@id\":\"https:\\\/\\\/lescollectionsprivees.com\\\/parfum\\\/eau-de-parfum-enamor-rouge\\\/#primaryimage\"},\"image\":{\"@id\":\"https:\\\/\\\/lescollectionsprivees.com\\\/parfum\\\/eau-de-parfum-enamor-rouge\\\/#primaryimage\"},\"thumbnailUrl\":\"https:\\\/\\\/lescollectionsprivees.com\\\/wp-content\\\/uploads\\\/2025\\\/05\\\/EAU-DE-PARFUM-ENAMOR-ROUGE-100ML-VOLARE.jpg\",\"datePublished\":\"2025-08-01T09:32:52+00:00\",\"dateModified\":\"2025-08-01T10:50:35+00:00\",\"description\":\"D\u00e9couvrez Enamor Rouge de Volar\u00e9 : une fragrance \u00e9l\u00e9gante et envo\u00fbtante. Ses notes de rose, safran et musc cr\u00e9ent un sillage profond et inoubliable.\",\"breadcrumb\":{\"@id\":\"https:\\\/\\\/lescollectionsprivees.com\\\/parfum\\\/eau-de-parfum-enamor-rouge\\\/#breadcrumb\"},\"inLanguage\":\"en-US\",\"potentialAction\":[{\"@type\":\"ReadAction\",\"target\":[\"https:\\\/\\\/lescollectionsprivees.com\\\/parfum\\\/eau-de-parfum-enamor-rouge\\\/\"]}]},{\"@type\":\"ImageObject\",\"inLanguage\":\"en-US\",\"@id\":\"https:\\\/\\\/lescollectionsprivees.com\\\/parfum\\\/eau-de-parfum-enamor-rouge\\\/#primaryimage\",\"url\":\"https:\\\/\\\/lescollectionsprivees.com\\\/wp-content\\\/uploads\\\/2025\\\/05\\\/EAU-DE-PARFUM-ENAMOR-ROUGE-100ML-VOLARE.jpg\",\"contentUrl\":\"https:\\\/\\\/lescollectionsprivees.com\\\/wp-content\\\/uploads\\\/2025\\\/05\\\/EAU-DE-PARFUM-ENAMOR-ROUGE-100ML-VOLARE.jpg\",\"width\":600,\"height\":600,\"caption\":\"Eau de parfum Enamor Rouge 100ml \u2013 Volar\u00e9\"},{\"@type\":\"BreadcrumbList\",\"@id\":\"https:\\\/\\\/lescollectionsprivees.com\\\/parfum\\\/eau-de-parfum-enamor-rouge\\\/#breadcrumb\",\"itemListElement\":[{\"@type\":\"ListItem\",\"position\":1,\"name\":\"Accueil\",\"item\":\"https:\\\/\\\/lescollectionsprivees.com\\\/\"},{\"@type\":\"ListItem\",\"position\":2,\"name\":\"Boutique\",\"item\":\"https:\\\/\\\/lescollectionsprivees.com\\\/boutique\\\/\"},{\"@type\":\"ListItem\",\"position\":3,\"name\":\"Eau de parfum Enamor Rouge 100ml \u2013 Volar\u00e9\"}]},{\"@type\":\"WebSite\",\"@id\":\"https:\\\/\\\/lescollectionsprivees.com\\\/#website\",\"url\":\"https:\\\/\\\/lescollectionsprivees.com\\\/\",\"name\":\"Les Collections Priv\u00e9es\",\"description\":\"\",\"publisher\":{\"@id\":\"https:\\\/\\\/lescollectionsprivees.com\\\/#organization\"},\"potentialAction\":[{\"@type\":\"SearchAction\",\"target\":{\"@type\":\"EntryPoint\",\"urlTemplate\":\"https:\\\/\\\/lescollectionsprivees.com\\\/?s={search_term_string}\"},\"query-input\":{\"@type\":\"PropertyValueSpecification\",\"valueRequired\":true,\"valueName\":\"search_term_string\"}}],\"inLanguage\":\"en-US\"},{\"@type\":\"Organization\",\"@id\":\"https:\\\/\\\/lescollectionsprivees.com\\\/#organization\",\"name\":\"Les Collections Priv\u00e9es\",\"url\":\"https:\\\/\\\/lescollectionsprivees.com\\\/\",\"logo\":{\"@type\":\"ImageObject\",\"inLanguage\":\"en-US\",\"@id\":\"https:\\\/\\\/lescollectionsprivees.com\\\/#\\\/schema\\\/logo\\\/image\\\/\",\"url\":\"https:\\\/\\\/lescollectionsprivees.com\\\/wp-content\\\/uploads\\\/2020\\\/02\\\/Logo-Les-Collections-Priv\u00e9es-450x450-1.png\",\"contentUrl\":\"https:\\\/\\\/lescollectionsprivees.com\\\/wp-content\\\/uploads\\\/2020\\\/02\\\/Logo-Les-Collections-Priv\u00e9es-450x450-1.png\",\"width\":450,\"height\":450,\"caption\":\"Les Collections Priv\u00e9es\"},\"image\":{\"@id\":\"https:\\\/\\\/lescollectionsprivees.com\\\/#\\\/schema\\\/logo\\\/image\\\/\"}}]}<\/script>\n<!-- \/ Yoast SEO plugin. -->","yoast_head_json":{"title":"Enamor Rouge Volar\u00e9 | Oriental floral fragrance | Rose &amp; Saffron","description":"Discover Enamor Rouge by Volar\u00e9: an elegant, bewitching fragrance. Its notes of rose, saffron and musk create a deep, unforgettable trail.","robots":{"index":"index","follow":"follow","max-snippet":"max-snippet:-1","max-image-preview":"max-image-preview:large","max-video-preview":"max-video-preview:-1"},"canonical":"https:\/\/lescollectionsprivees.com\/en\/fragrance\/eau-de-parfum-enamor-rouge\/","og_locale":"en_US","og_type":"article","og_title":"Enamor Rouge Volar\u00e9 | Parfum oriental floral | Rose & Safran","og_description":"D\u00e9couvrez Enamor Rouge de Volar\u00e9 : une fragrance \u00e9l\u00e9gante et envo\u00fbtante. Ses notes de rose, safran et musc cr\u00e9ent un sillage profond et inoubliable.","og_url":"https:\/\/lescollectionsprivees.com\/en\/fragrance\/eau-de-parfum-enamor-rouge\/","og_site_name":"Les Collections Priv\u00e9es","article_modified_time":"2025-08-01T10:50:35+00:00","og_image":[{"width":600,"height":600,"url":"https:\/\/lescollectionsprivees.com\/wp-content\/uploads\/2025\/05\/EAU-DE-PARFUM-ENAMOR-ROUGE-100ML-VOLARE.jpg","type":"image\/jpeg"}],"twitter_card":"summary_large_image","twitter_misc":{"Est. reading time":"1 minute"},"schema":{"@context":"https:\/\/schema.org","@graph":[{"@type":"WebPage","@id":"https:\/\/lescollectionsprivees.com\/parfum\/eau-de-parfum-enamor-rouge\/","url":"https:\/\/lescollectionsprivees.com\/parfum\/eau-de-parfum-enamor-rouge\/","name":"Enamor Rouge Volar\u00e9 | Oriental floral fragrance | Rose &amp; Saffron","isPartOf":{"@id":"https:\/\/lescollectionsprivees.com\/#website"},"primaryImageOfPage":{"@id":"https:\/\/lescollectionsprivees.com\/parfum\/eau-de-parfum-enamor-rouge\/#primaryimage"},"image":{"@id":"https:\/\/lescollectionsprivees.com\/parfum\/eau-de-parfum-enamor-rouge\/#primaryimage"},"thumbnailUrl":"https:\/\/lescollectionsprivees.com\/wp-content\/uploads\/2025\/05\/EAU-DE-PARFUM-ENAMOR-ROUGE-100ML-VOLARE.jpg","datePublished":"2025-08-01T09:32:52+00:00","dateModified":"2025-08-01T10:50:35+00:00","description":"Discover Enamor Rouge by Volar\u00e9: an elegant, bewitching fragrance. Its notes of rose, saffron and musk create a deep, unforgettable trail.","breadcrumb":{"@id":"https:\/\/lescollectionsprivees.com\/parfum\/eau-de-parfum-enamor-rouge\/#breadcrumb"},"inLanguage":"en-US","potentialAction":[{"@type":"ReadAction","target":["https:\/\/lescollectionsprivees.com\/parfum\/eau-de-parfum-enamor-rouge\/"]}]},{"@type":"ImageObject","inLanguage":"en-US","@id":"https:\/\/lescollectionsprivees.com\/parfum\/eau-de-parfum-enamor-rouge\/#primaryimage","url":"https:\/\/lescollectionsprivees.com\/wp-content\/uploads\/2025\/05\/EAU-DE-PARFUM-ENAMOR-ROUGE-100ML-VOLARE.jpg","contentUrl":"https:\/\/lescollectionsprivees.com\/wp-content\/uploads\/2025\/05\/EAU-DE-PARFUM-ENAMOR-ROUGE-100ML-VOLARE.jpg","width":600,"height":600,"caption":"Eau de parfum Enamor Rouge 100ml \u2013 Volar\u00e9"},{"@type":"BreadcrumbList","@id":"https:\/\/lescollectionsprivees.com\/parfum\/eau-de-parfum-enamor-rouge\/#breadcrumb","itemListElement":[{"@type":"ListItem","position":1,"name":"Accueil","item":"https:\/\/lescollectionsprivees.com\/"},{"@type":"ListItem","position":2,"name":"Boutique","item":"https:\/\/lescollectionsprivees.com\/boutique\/"},{"@type":"ListItem","position":3,"name":"Eau de parfum Enamor Rouge 100ml \u2013 Volar\u00e9"}]},{"@type":"WebSite","@id":"https:\/\/lescollectionsprivees.com\/#website","url":"https:\/\/lescollectionsprivees.com\/","name":"Private Collections","description":"","publisher":{"@id":"https:\/\/lescollectionsprivees.com\/#organization"},"potentialAction":[{"@type":"SearchAction","target":{"@type":"EntryPoint","urlTemplate":"https:\/\/lescollectionsprivees.com\/?s={search_term_string}"},"query-input":{"@type":"PropertyValueSpecification","valueRequired":true,"valueName":"search_term_string"}}],"inLanguage":"en-US"},{"@type":"Organization","@id":"https:\/\/lescollectionsprivees.com\/#organization","name":"Private Collections","url":"https:\/\/lescollectionsprivees.com\/","logo":{"@type":"ImageObject","inLanguage":"en-US","@id":"https:\/\/lescollectionsprivees.com\/#\/schema\/logo\/image\/","url":"https:\/\/lescollectionsprivees.com\/wp-content\/uploads\/2020\/02\/Logo-Les-Collections-Priv\u00e9es-450x450-1.png","contentUrl":"https:\/\/lescollectionsprivees.com\/wp-content\/uploads\/2020\/02\/Logo-Les-Collections-Priv\u00e9es-450x450-1.png","width":450,"height":450,"caption":"Les Collections Priv\u00e9es"},"image":{"@id":"https:\/\/lescollectionsprivees.com\/#\/schema\/logo\/image\/"}}]}},"_links":{"self":[{"href":"https:\/\/lescollectionsprivees.com\/en\/wp-json\/wp\/v2\/product\/34937","targetHints":{"allow":["GET"]}}],"collection":[{"href":"https:\/\/lescollectionsprivees.com\/en\/wp-json\/wp\/v2\/product"}],"about":[{"href":"https:\/\/lescollectionsprivees.com\/en\/wp-json\/wp\/v2\/types\/product"}],"wp:featuredmedia":[{"embeddable":true,"href":"https:\/\/lescollectionsprivees.com\/en\/wp-json\/wp\/v2\/media\/34938"}],"wp:attachment":[{"href":"https:\/\/lescollectionsprivees.com\/en\/wp-json\/wp\/v2\/media?parent=34937"}],"wp:term":[{"taxonomy":"product_brand","embeddable":true,"href":"https:\/\/lescollectionsprivees.com\/en\/wp-json\/wp\/v2\/product_brand?post=34937"},{"taxonomy":"product_cat","embeddable":true,"href":"https:\/\/lescollectionsprivees.com\/en\/wp-json\/wp\/v2\/product_cat?post=34937"},{"taxonomy":"product_tag","embeddable":true,"href":"https:\/\/lescollectionsprivees.com\/en\/wp-json\/wp\/v2\/product_tag?post=34937"}],"curies":[{"name":"wp","href":"https:\/\/api.w.org\/{rel}","templated":true}]}}