{"id":6386,"date":"2020-02-06T12:41:31","date_gmt":"2020-02-06T12:41:31","guid":{"rendered":"https:\/\/lescollectionsprivees.com\/produit\/import-placeholder-for-2036\/"},"modified":"2023-04-24T20:26:37","modified_gmt":"2023-04-24T20:26:37","slug":"oud-mood-reminiscence-lattafa-perfumes","status":"publish","type":"product","link":"https:\/\/lescollectionsprivees.com\/en\/parfum\/oud-mood-reminiscence-lattafa-perfumes\/","title":{"rendered":"Oud Mood Reminiscence - Lattafa Perfumes"},"content":{"rendered":"<h2><strong>Oud Mood Reminiscence by Lattafa Perfumes<\/strong><\/h2>\n<p>With Oud Mood Reminiscence, Lattafa Perfumes has reinvented one of its iconic fragrances, to say the least. The perfumer revisits his popular interpretation of the Oud scent and adds new notes to create different, but equally intoxicating harmonies. A veritable cocktail of fruity, floral and woody scents that cradles the Oud in all its splendor.<\/p>\n<h2><strong>Giving the Oud a New Voice<\/strong><\/h2>\n<p>Oud Mood Reminiscence makes skilful use of its component notes to create a remarkable symphony. Top notes of raspberry, orange and saffron introduce both freshness and fruity notes. A clean, invigorating opening that gives way to the heart notes. Here, a variety of spices - laurel, nutmeg and cardamom - harmonize with amber, geranium and lavender to take you on a spellbinding olfactory adventure. Finally, base notes with a strong woody predominance create the robust foundation on which this fragrance is built.<\/p>\n<p>This harmony of scents serves primarily to showcase the Oud in an entirely new context. For those accustomed to Lattafa fragrances, it's a familiar, yet completely new fragrance that opens up to the senses.<\/p>\n<h2><strong>Complex and versatile <\/strong><\/h2>\n<p>With its correct projection and remarkable longevity, Oud Mood Reminiscence by Lattafa Perfumes ranks among the top-quality fragrances. It's a complex fragrance that evokes a floral, spicy, fruity and always fresh heritage. A fragrance that appeals to women and men alike, and is suitable for all of life's occasions, from the most formal to the most casual...<\/p>","protected":false},"excerpt":{"rendered":"<p><strong><u>Technical data : <\/u><\/strong><\/p>\n<p><strong>Perfume name<\/strong> Oud Mood Reminiscence<br \/>\n<strong>Brand<\/strong> : Lattafa Perfumes<br \/>\n<strong>Type<\/strong> Unisex<br \/>\n<strong>Capacity<\/strong> 100 mL<\/p>\n<p><span style=\"text-decoration: underline;\"><strong>Olfactory profile<\/strong> :<\/span><\/p>\n<p><strong>Head<\/strong> Saffron, Raspberry<br \/>\n<strong>Heart<\/strong> Cardamom, Geranium<br \/>\n<strong>Background<\/strong> Sandalwood, Cedarwood, Vetiver, Musk and Oud<\/p>","protected":false},"featured_media":8335,"template":"","meta":[],"product_brand":[],"product_cat":[227,15],"product_tag":[],"class_list":{"0":"post-6386","1":"product","2":"type-product","3":"status-publish","4":"has-post-thumbnail","6":"product_cat-parfum-lattafa","7":"product_cat-parfums-de-dubai","8":"pa_marque-lattafa-perfumes","10":"first","11":"instock","12":"taxable","13":"shipping-taxable","14":"purchasable","15":"product-type-simple"},"yoast_head":"<!-- This site is optimized with the Yoast SEO plugin v27.5 - https:\/\/yoast.com\/product\/yoast-seo-wordpress\/ -->\n<title>Oud Mood Reminiscence de Lattafa en 100ml - Les Collections Priv\u00e9es<\/title>\n<meta name=\"description\" content=\"Oud Mood Reminiscence de Lattafa Perfumes est un v\u00e9ritable cocktail de senteurs fruit\u00e9es, fleuries et bois\u00e9es. Venez vite le d\u00e9couvrir !\" \/>\n<meta name=\"robots\" content=\"index, follow, max-snippet:-1, max-image-preview:large, max-video-preview:-1\" \/>\n<link rel=\"canonical\" href=\"https:\/\/lescollectionsprivees.com\/en\/fragrance\/oud-mood-reminiscence-lattafa-perfumes\/\" \/>\n<meta property=\"og:locale\" content=\"en_US\" \/>\n<meta property=\"og:type\" content=\"article\" \/>\n<meta property=\"og:title\" content=\"Oud Mood Reminiscence de Lattafa en 100ml - Les Collections Priv\u00e9es\" \/>\n<meta property=\"og:description\" content=\"Oud Mood Reminiscence de Lattafa Perfumes est un v\u00e9ritable cocktail de senteurs fruit\u00e9es, fleuries et bois\u00e9es. Venez vite le d\u00e9couvrir !\" \/>\n<meta property=\"og:url\" content=\"https:\/\/lescollectionsprivees.com\/en\/fragrance\/oud-mood-reminiscence-lattafa-perfumes\/\" \/>\n<meta property=\"og:site_name\" content=\"Les Collections Priv\u00e9es\" \/>\n<meta property=\"article:modified_time\" content=\"2023-04-24T20:26:37+00:00\" \/>\n<meta property=\"og:image\" content=\"https:\/\/lescollectionsprivees.com\/wp-content\/uploads\/2020\/02\/Oud-Mood-Reminiscence-Lattafa-Perfumes-Les-Collections-Priv\u00e9es.jpg\" \/>\n\t<meta property=\"og:image:width\" content=\"521\" \/>\n\t<meta property=\"og:image:height\" content=\"695\" \/>\n\t<meta property=\"og:image:type\" content=\"image\/jpeg\" \/>\n<meta name=\"twitter:card\" content=\"summary_large_image\" \/>\n<meta name=\"twitter:label1\" content=\"Est. reading time\" \/>\n\t<meta name=\"twitter:data1\" content=\"2 minutes\" \/>\n<script type=\"application\/ld+json\" class=\"yoast-schema-graph\">{\"@context\":\"https:\\\/\\\/schema.org\",\"@graph\":[{\"@type\":\"WebPage\",\"@id\":\"https:\\\/\\\/lescollectionsprivees.com\\\/parfum\\\/oud-mood-reminiscence-lattafa-perfumes\\\/\",\"url\":\"https:\\\/\\\/lescollectionsprivees.com\\\/parfum\\\/oud-mood-reminiscence-lattafa-perfumes\\\/\",\"name\":\"Oud Mood Reminiscence de Lattafa en 100ml - Les Collections Priv\u00e9es\",\"isPartOf\":{\"@id\":\"https:\\\/\\\/lescollectionsprivees.com\\\/#website\"},\"primaryImageOfPage\":{\"@id\":\"https:\\\/\\\/lescollectionsprivees.com\\\/parfum\\\/oud-mood-reminiscence-lattafa-perfumes\\\/#primaryimage\"},\"image\":{\"@id\":\"https:\\\/\\\/lescollectionsprivees.com\\\/parfum\\\/oud-mood-reminiscence-lattafa-perfumes\\\/#primaryimage\"},\"thumbnailUrl\":\"https:\\\/\\\/lescollectionsprivees.com\\\/wp-content\\\/uploads\\\/2020\\\/02\\\/Oud-Mood-Reminiscence-Lattafa-Perfumes-Les-Collections-Priv\u00e9es.jpg\",\"datePublished\":\"2020-02-06T12:41:31+00:00\",\"dateModified\":\"2023-04-24T20:26:37+00:00\",\"description\":\"Oud Mood Reminiscence de Lattafa Perfumes est un v\u00e9ritable cocktail de senteurs fruit\u00e9es, fleuries et bois\u00e9es. Venez vite le d\u00e9couvrir !\",\"breadcrumb\":{\"@id\":\"https:\\\/\\\/lescollectionsprivees.com\\\/parfum\\\/oud-mood-reminiscence-lattafa-perfumes\\\/#breadcrumb\"},\"inLanguage\":\"en-US\",\"potentialAction\":[{\"@type\":\"ReadAction\",\"target\":[\"https:\\\/\\\/lescollectionsprivees.com\\\/parfum\\\/oud-mood-reminiscence-lattafa-perfumes\\\/\"]}]},{\"@type\":\"ImageObject\",\"inLanguage\":\"en-US\",\"@id\":\"https:\\\/\\\/lescollectionsprivees.com\\\/parfum\\\/oud-mood-reminiscence-lattafa-perfumes\\\/#primaryimage\",\"url\":\"https:\\\/\\\/lescollectionsprivees.com\\\/wp-content\\\/uploads\\\/2020\\\/02\\\/Oud-Mood-Reminiscence-Lattafa-Perfumes-Les-Collections-Priv\u00e9es.jpg\",\"contentUrl\":\"https:\\\/\\\/lescollectionsprivees.com\\\/wp-content\\\/uploads\\\/2020\\\/02\\\/Oud-Mood-Reminiscence-Lattafa-Perfumes-Les-Collections-Priv\u00e9es.jpg\",\"width\":521,\"height\":695,\"caption\":\"Oud Mood Reminiscence - Lattafa Perfumes - Les Collections Priv\u00e9es\"},{\"@type\":\"BreadcrumbList\",\"@id\":\"https:\\\/\\\/lescollectionsprivees.com\\\/parfum\\\/oud-mood-reminiscence-lattafa-perfumes\\\/#breadcrumb\",\"itemListElement\":[{\"@type\":\"ListItem\",\"position\":1,\"name\":\"Accueil\",\"item\":\"https:\\\/\\\/lescollectionsprivees.com\\\/\"},{\"@type\":\"ListItem\",\"position\":2,\"name\":\"Boutique\",\"item\":\"https:\\\/\\\/lescollectionsprivees.com\\\/boutique\\\/\"},{\"@type\":\"ListItem\",\"position\":3,\"name\":\"Oud Mood Reminiscence &#8211; Lattafa Perfumes\"}]},{\"@type\":\"WebSite\",\"@id\":\"https:\\\/\\\/lescollectionsprivees.com\\\/#website\",\"url\":\"https:\\\/\\\/lescollectionsprivees.com\\\/\",\"name\":\"Les Collections Priv\u00e9es\",\"description\":\"\",\"publisher\":{\"@id\":\"https:\\\/\\\/lescollectionsprivees.com\\\/#organization\"},\"potentialAction\":[{\"@type\":\"SearchAction\",\"target\":{\"@type\":\"EntryPoint\",\"urlTemplate\":\"https:\\\/\\\/lescollectionsprivees.com\\\/?s={search_term_string}\"},\"query-input\":{\"@type\":\"PropertyValueSpecification\",\"valueRequired\":true,\"valueName\":\"search_term_string\"}}],\"inLanguage\":\"en-US\"},{\"@type\":\"Organization\",\"@id\":\"https:\\\/\\\/lescollectionsprivees.com\\\/#organization\",\"name\":\"Les Collections Priv\u00e9es\",\"url\":\"https:\\\/\\\/lescollectionsprivees.com\\\/\",\"logo\":{\"@type\":\"ImageObject\",\"inLanguage\":\"en-US\",\"@id\":\"https:\\\/\\\/lescollectionsprivees.com\\\/#\\\/schema\\\/logo\\\/image\\\/\",\"url\":\"https:\\\/\\\/lescollectionsprivees.com\\\/wp-content\\\/uploads\\\/2020\\\/02\\\/Logo-Les-Collections-Priv\u00e9es-450x450-1.png\",\"contentUrl\":\"https:\\\/\\\/lescollectionsprivees.com\\\/wp-content\\\/uploads\\\/2020\\\/02\\\/Logo-Les-Collections-Priv\u00e9es-450x450-1.png\",\"width\":450,\"height\":450,\"caption\":\"Les Collections Priv\u00e9es\"},\"image\":{\"@id\":\"https:\\\/\\\/lescollectionsprivees.com\\\/#\\\/schema\\\/logo\\\/image\\\/\"}}]}<\/script>\n<!-- \/ Yoast SEO plugin. -->","yoast_head_json":{"title":"Lattafa Oud Mood Reminiscence 100ml - Les Collections Priv\u00e9es","description":"Oud Mood Reminiscence by Lattafa Perfumes is a veritable cocktail of fruity, floral and woody scents. Come and discover it!","robots":{"index":"index","follow":"follow","max-snippet":"max-snippet:-1","max-image-preview":"max-image-preview:large","max-video-preview":"max-video-preview:-1"},"canonical":"https:\/\/lescollectionsprivees.com\/en\/fragrance\/oud-mood-reminiscence-lattafa-perfumes\/","og_locale":"en_US","og_type":"article","og_title":"Oud Mood Reminiscence de Lattafa en 100ml - Les Collections Priv\u00e9es","og_description":"Oud Mood Reminiscence de Lattafa Perfumes est un v\u00e9ritable cocktail de senteurs fruit\u00e9es, fleuries et bois\u00e9es. Venez vite le d\u00e9couvrir !","og_url":"https:\/\/lescollectionsprivees.com\/en\/fragrance\/oud-mood-reminiscence-lattafa-perfumes\/","og_site_name":"Les Collections Priv\u00e9es","article_modified_time":"2023-04-24T20:26:37+00:00","og_image":[{"width":521,"height":695,"url":"https:\/\/lescollectionsprivees.com\/wp-content\/uploads\/2020\/02\/Oud-Mood-Reminiscence-Lattafa-Perfumes-Les-Collections-Priv\u00e9es.jpg","type":"image\/jpeg"}],"twitter_card":"summary_large_image","twitter_misc":{"Est. reading time":"2 minutes"},"schema":{"@context":"https:\/\/schema.org","@graph":[{"@type":"WebPage","@id":"https:\/\/lescollectionsprivees.com\/parfum\/oud-mood-reminiscence-lattafa-perfumes\/","url":"https:\/\/lescollectionsprivees.com\/parfum\/oud-mood-reminiscence-lattafa-perfumes\/","name":"Lattafa Oud Mood Reminiscence 100ml - Les Collections Priv\u00e9es","isPartOf":{"@id":"https:\/\/lescollectionsprivees.com\/#website"},"primaryImageOfPage":{"@id":"https:\/\/lescollectionsprivees.com\/parfum\/oud-mood-reminiscence-lattafa-perfumes\/#primaryimage"},"image":{"@id":"https:\/\/lescollectionsprivees.com\/parfum\/oud-mood-reminiscence-lattafa-perfumes\/#primaryimage"},"thumbnailUrl":"https:\/\/lescollectionsprivees.com\/wp-content\/uploads\/2020\/02\/Oud-Mood-Reminiscence-Lattafa-Perfumes-Les-Collections-Priv\u00e9es.jpg","datePublished":"2020-02-06T12:41:31+00:00","dateModified":"2023-04-24T20:26:37+00:00","description":"Oud Mood Reminiscence by Lattafa Perfumes is a veritable cocktail of fruity, floral and woody scents. Come and discover it!","breadcrumb":{"@id":"https:\/\/lescollectionsprivees.com\/parfum\/oud-mood-reminiscence-lattafa-perfumes\/#breadcrumb"},"inLanguage":"en-US","potentialAction":[{"@type":"ReadAction","target":["https:\/\/lescollectionsprivees.com\/parfum\/oud-mood-reminiscence-lattafa-perfumes\/"]}]},{"@type":"ImageObject","inLanguage":"en-US","@id":"https:\/\/lescollectionsprivees.com\/parfum\/oud-mood-reminiscence-lattafa-perfumes\/#primaryimage","url":"https:\/\/lescollectionsprivees.com\/wp-content\/uploads\/2020\/02\/Oud-Mood-Reminiscence-Lattafa-Perfumes-Les-Collections-Priv\u00e9es.jpg","contentUrl":"https:\/\/lescollectionsprivees.com\/wp-content\/uploads\/2020\/02\/Oud-Mood-Reminiscence-Lattafa-Perfumes-Les-Collections-Priv\u00e9es.jpg","width":521,"height":695,"caption":"Oud Mood Reminiscence - Lattafa Perfumes - Les Collections Priv\u00e9es"},{"@type":"BreadcrumbList","@id":"https:\/\/lescollectionsprivees.com\/parfum\/oud-mood-reminiscence-lattafa-perfumes\/#breadcrumb","itemListElement":[{"@type":"ListItem","position":1,"name":"Accueil","item":"https:\/\/lescollectionsprivees.com\/"},{"@type":"ListItem","position":2,"name":"Boutique","item":"https:\/\/lescollectionsprivees.com\/boutique\/"},{"@type":"ListItem","position":3,"name":"Oud Mood Reminiscence &#8211; Lattafa Perfumes"}]},{"@type":"WebSite","@id":"https:\/\/lescollectionsprivees.com\/#website","url":"https:\/\/lescollectionsprivees.com\/","name":"Private Collections","description":"","publisher":{"@id":"https:\/\/lescollectionsprivees.com\/#organization"},"potentialAction":[{"@type":"SearchAction","target":{"@type":"EntryPoint","urlTemplate":"https:\/\/lescollectionsprivees.com\/?s={search_term_string}"},"query-input":{"@type":"PropertyValueSpecification","valueRequired":true,"valueName":"search_term_string"}}],"inLanguage":"en-US"},{"@type":"Organization","@id":"https:\/\/lescollectionsprivees.com\/#organization","name":"Private Collections","url":"https:\/\/lescollectionsprivees.com\/","logo":{"@type":"ImageObject","inLanguage":"en-US","@id":"https:\/\/lescollectionsprivees.com\/#\/schema\/logo\/image\/","url":"https:\/\/lescollectionsprivees.com\/wp-content\/uploads\/2020\/02\/Logo-Les-Collections-Priv\u00e9es-450x450-1.png","contentUrl":"https:\/\/lescollectionsprivees.com\/wp-content\/uploads\/2020\/02\/Logo-Les-Collections-Priv\u00e9es-450x450-1.png","width":450,"height":450,"caption":"Les Collections Priv\u00e9es"},"image":{"@id":"https:\/\/lescollectionsprivees.com\/#\/schema\/logo\/image\/"}}]}},"_links":{"self":[{"href":"https:\/\/lescollectionsprivees.com\/en\/wp-json\/wp\/v2\/product\/6386","targetHints":{"allow":["GET"]}}],"collection":[{"href":"https:\/\/lescollectionsprivees.com\/en\/wp-json\/wp\/v2\/product"}],"about":[{"href":"https:\/\/lescollectionsprivees.com\/en\/wp-json\/wp\/v2\/types\/product"}],"wp:featuredmedia":[{"embeddable":true,"href":"https:\/\/lescollectionsprivees.com\/en\/wp-json\/wp\/v2\/media\/8335"}],"wp:attachment":[{"href":"https:\/\/lescollectionsprivees.com\/en\/wp-json\/wp\/v2\/media?parent=6386"}],"wp:term":[{"taxonomy":"product_brand","embeddable":true,"href":"https:\/\/lescollectionsprivees.com\/en\/wp-json\/wp\/v2\/product_brand?post=6386"},{"taxonomy":"product_cat","embeddable":true,"href":"https:\/\/lescollectionsprivees.com\/en\/wp-json\/wp\/v2\/product_cat?post=6386"},{"taxonomy":"product_tag","embeddable":true,"href":"https:\/\/lescollectionsprivees.com\/en\/wp-json\/wp\/v2\/product_tag?post=6386"}],"curies":[{"name":"wp","href":"https:\/\/api.w.org\/{rel}","templated":true}]}}