{"id":6411,"date":"2020-02-06T12:41:40","date_gmt":"2020-02-06T12:41:40","guid":{"rendered":"https:\/\/lescollectionsprivees.com\/produit\/import-placeholder-for-2119\/"},"modified":"2026-04-29T13:59:05","modified_gmt":"2026-04-29T13:59:05","slug":"baccara-vanille-les-fleurs-du-golfe","status":"publish","type":"product","link":"https:\/\/lescollectionsprivees.com\/en\/parfum\/baccara-vanille-les-fleurs-du-golfe\/","title":{"rendered":"Baccara Vanille - Les Fleurs du Golfe"},"content":{"rendered":"<p>In many ways, Baccara Vanille Les Fleurs du Golfe exemplifies the brand's philosophy. A fragrance inspired by the scents of the Orient, but made entirely in France. It's an unexpected union that brings together exotic scents and new olfactory horizons. Succumb to the delights of this unique fragrance and take full advantage of its richness.<\/p>\n<h2><strong>The best of both worlds with Baccara Vanille<\/strong><\/h2>\n<p>The top notes of this fragrance from the brand are a wave of fresh scents. <a href=\"https:\/\/lescollectionsprivees.com\/en\/fragrance-category\/western-fragrances\/les-fleurs-du-golfe\/\"><strong>the flowers of the Gulf<\/strong><\/a> Vanilla, tropical flowers, amber, Indian roses and almonds.<\/p>\n<p>Notes that marry each other and effectively capture the senses. Then come the heart notes, which reinforce the effect by giving Baccara Vanille.<\/p>\n<p>A character both robust and melodious. Delicate, intoxicating chords of scents follow one another, with a remarkable interplay of their best attributes. Finally, the base notes close the ball.<\/p>\n<p>It's a veritable procession of oriental scents that will conquer even the most rigorous noses.<\/p>\n<p>Its intriguing trail, remarkable projection and long life make it an excellent vanilla fragrance for any occasion.<\/p>\n<p>Not to mention the harmonious harmony of scents that will effectively titillate the senses and arouse the interest of all those around you. Don't wait any longer and discover it now!<\/p>\n<h3><strong>Vanilla fragrance for every occasion<\/strong><\/h3>\n<p>Don't hesitate to make Baccara Vanille the pillar of your private collection. Halfway between a sensory journey, a state of mind and a cascade of emotions. This vanilla fragrance will give you all the presence you need. A captivating, imposing fragrance that makes good use of its long-lasting hold and strong projection to accompany you for hours on end.<\/p>","protected":false},"excerpt":{"rendered":"<p><strong><u>Technical data :<\/u><\/strong><\/p>\n<p><strong>Perfume name<\/strong>\u00a0Baccara Vanille<br \/>\n<strong>Brand<\/strong>\u00a0Les Fleurs du Golfe<br \/>\n<strong>Type<\/strong>\u00a0Unisex<br \/>\n<strong>Capacity<\/strong>\u00a0: 50 mL<\/p>\n<p><span style=\"text-decoration: underline;\"><strong>Olfactory profile :<\/strong><\/span><\/p>\n<p>Vanilla, tropical flowers, amber, Indian roses and almonds.<\/p>","protected":false},"featured_media":30485,"template":"","meta":[],"product_brand":[],"product_cat":[111,101],"product_tag":[],"class_list":{"0":"post-6411","1":"product","2":"type-product","3":"status-publish","4":"has-post-thumbnail","6":"product_cat-les-fleurs-du-golfe","7":"product_cat-parfums-occidentaux","8":"pa_marque-les-fleurs-du-golfe","10":"first","11":"instock","12":"taxable","13":"shipping-taxable","14":"purchasable","15":"product-type-simple"},"yoast_head":"<!-- This site is optimized with the Yoast SEO plugin v27.5 - https:\/\/yoast.com\/product\/yoast-seo-wordpress\/ -->\n<title>Baccara vanille parfum 50ml | Collection Les Fleurs du Golfe<\/title>\n<meta name=\"description\" content=\"Inspir\u00e9 des senteurs d\u2019Orient et enti\u00e8rement fabriqu\u00e9 en France, Baccara Vanille Les Fleurs du Golfe refl\u00e8te la philosophie de la marque.\" \/>\n<meta name=\"robots\" content=\"index, follow, max-snippet:-1, max-image-preview:large, max-video-preview:-1\" \/>\n<link rel=\"canonical\" href=\"https:\/\/lescollectionsprivees.com\/en\/fragrance\/baccara-vanille-les-fleurs-du-golfe\/\" \/>\n<meta property=\"og:locale\" content=\"en_US\" \/>\n<meta property=\"og:type\" content=\"article\" \/>\n<meta property=\"og:title\" content=\"Baccara vanille parfum 50ml | Collection Les Fleurs du Golfe\" \/>\n<meta property=\"og:description\" content=\"Inspir\u00e9 des senteurs d\u2019Orient et enti\u00e8rement fabriqu\u00e9 en France, Baccara Vanille Les Fleurs du Golfe refl\u00e8te la philosophie de la marque.\" \/>\n<meta property=\"og:url\" content=\"https:\/\/lescollectionsprivees.com\/en\/fragrance\/baccara-vanille-les-fleurs-du-golfe\/\" \/>\n<meta property=\"og:site_name\" content=\"Les Collections Priv\u00e9es\" \/>\n<meta property=\"article:modified_time\" content=\"2026-04-29T13:59:05+00:00\" \/>\n<meta property=\"og:image\" content=\"https:\/\/lescollectionsprivees.com\/wp-content\/uploads\/2020\/02\/baccara-vanille.jpg\" \/>\n\t<meta property=\"og:image:width\" content=\"600\" \/>\n\t<meta property=\"og:image:height\" content=\"600\" \/>\n\t<meta property=\"og:image:type\" content=\"image\/jpeg\" \/>\n<meta name=\"twitter:card\" content=\"summary_large_image\" \/>\n<meta name=\"twitter:label1\" content=\"Est. reading time\" \/>\n\t<meta name=\"twitter:data1\" content=\"2 minutes\" \/>\n<script type=\"application\/ld+json\" class=\"yoast-schema-graph\">{\"@context\":\"https:\\\/\\\/schema.org\",\"@graph\":[{\"@type\":\"WebPage\",\"@id\":\"https:\\\/\\\/lescollectionsprivees.com\\\/parfum\\\/baccara-vanille-les-fleurs-du-golfe\\\/\",\"url\":\"https:\\\/\\\/lescollectionsprivees.com\\\/parfum\\\/baccara-vanille-les-fleurs-du-golfe\\\/\",\"name\":\"Baccara vanille parfum 50ml | Collection Les Fleurs du Golfe\",\"isPartOf\":{\"@id\":\"https:\\\/\\\/lescollectionsprivees.com\\\/#website\"},\"primaryImageOfPage\":{\"@id\":\"https:\\\/\\\/lescollectionsprivees.com\\\/parfum\\\/baccara-vanille-les-fleurs-du-golfe\\\/#primaryimage\"},\"image\":{\"@id\":\"https:\\\/\\\/lescollectionsprivees.com\\\/parfum\\\/baccara-vanille-les-fleurs-du-golfe\\\/#primaryimage\"},\"thumbnailUrl\":\"https:\\\/\\\/lescollectionsprivees.com\\\/wp-content\\\/uploads\\\/2020\\\/02\\\/baccara-vanille.jpg\",\"datePublished\":\"2020-02-06T12:41:40+00:00\",\"dateModified\":\"2026-04-29T13:59:05+00:00\",\"description\":\"Inspir\u00e9 des senteurs d\u2019Orient et enti\u00e8rement fabriqu\u00e9 en France, Baccara Vanille Les Fleurs du Golfe refl\u00e8te la philosophie de la marque.\",\"breadcrumb\":{\"@id\":\"https:\\\/\\\/lescollectionsprivees.com\\\/parfum\\\/baccara-vanille-les-fleurs-du-golfe\\\/#breadcrumb\"},\"inLanguage\":\"en-US\",\"potentialAction\":[{\"@type\":\"ReadAction\",\"target\":[\"https:\\\/\\\/lescollectionsprivees.com\\\/parfum\\\/baccara-vanille-les-fleurs-du-golfe\\\/\"]}]},{\"@type\":\"ImageObject\",\"inLanguage\":\"en-US\",\"@id\":\"https:\\\/\\\/lescollectionsprivees.com\\\/parfum\\\/baccara-vanille-les-fleurs-du-golfe\\\/#primaryimage\",\"url\":\"https:\\\/\\\/lescollectionsprivees.com\\\/wp-content\\\/uploads\\\/2020\\\/02\\\/baccara-vanille.jpg\",\"contentUrl\":\"https:\\\/\\\/lescollectionsprivees.com\\\/wp-content\\\/uploads\\\/2020\\\/02\\\/baccara-vanille.jpg\",\"width\":600,\"height\":600,\"caption\":\"baccara vanille\"},{\"@type\":\"BreadcrumbList\",\"@id\":\"https:\\\/\\\/lescollectionsprivees.com\\\/parfum\\\/baccara-vanille-les-fleurs-du-golfe\\\/#breadcrumb\",\"itemListElement\":[{\"@type\":\"ListItem\",\"position\":1,\"name\":\"Accueil\",\"item\":\"https:\\\/\\\/lescollectionsprivees.com\\\/\"},{\"@type\":\"ListItem\",\"position\":2,\"name\":\"Boutique\",\"item\":\"https:\\\/\\\/lescollectionsprivees.com\\\/boutique\\\/\"},{\"@type\":\"ListItem\",\"position\":3,\"name\":\"Baccara Vanille &#8211; Les Fleurs du Golfe\"}]},{\"@type\":\"WebSite\",\"@id\":\"https:\\\/\\\/lescollectionsprivees.com\\\/#website\",\"url\":\"https:\\\/\\\/lescollectionsprivees.com\\\/\",\"name\":\"Les Collections Priv\u00e9es\",\"description\":\"\",\"publisher\":{\"@id\":\"https:\\\/\\\/lescollectionsprivees.com\\\/#organization\"},\"potentialAction\":[{\"@type\":\"SearchAction\",\"target\":{\"@type\":\"EntryPoint\",\"urlTemplate\":\"https:\\\/\\\/lescollectionsprivees.com\\\/?s={search_term_string}\"},\"query-input\":{\"@type\":\"PropertyValueSpecification\",\"valueRequired\":true,\"valueName\":\"search_term_string\"}}],\"inLanguage\":\"en-US\"},{\"@type\":\"Organization\",\"@id\":\"https:\\\/\\\/lescollectionsprivees.com\\\/#organization\",\"name\":\"Les Collections Priv\u00e9es\",\"url\":\"https:\\\/\\\/lescollectionsprivees.com\\\/\",\"logo\":{\"@type\":\"ImageObject\",\"inLanguage\":\"en-US\",\"@id\":\"https:\\\/\\\/lescollectionsprivees.com\\\/#\\\/schema\\\/logo\\\/image\\\/\",\"url\":\"https:\\\/\\\/lescollectionsprivees.com\\\/wp-content\\\/uploads\\\/2020\\\/02\\\/Logo-Les-Collections-Priv\u00e9es-450x450-1.png\",\"contentUrl\":\"https:\\\/\\\/lescollectionsprivees.com\\\/wp-content\\\/uploads\\\/2020\\\/02\\\/Logo-Les-Collections-Priv\u00e9es-450x450-1.png\",\"width\":450,\"height\":450,\"caption\":\"Les Collections Priv\u00e9es\"},\"image\":{\"@id\":\"https:\\\/\\\/lescollectionsprivees.com\\\/#\\\/schema\\\/logo\\\/image\\\/\"}}]}<\/script>\n<!-- \/ Yoast SEO plugin. -->","yoast_head_json":{"title":"Baccara vanilla perfume 50ml | Collection Les Fleurs du Golfe","description":"Inspired by the scents of the Orient and made entirely in France, Baccara Vanille Les Fleurs du Golfe reflects the brand's philosophy.","robots":{"index":"index","follow":"follow","max-snippet":"max-snippet:-1","max-image-preview":"max-image-preview:large","max-video-preview":"max-video-preview:-1"},"canonical":"https:\/\/lescollectionsprivees.com\/en\/fragrance\/baccara-vanille-les-fleurs-du-golfe\/","og_locale":"en_US","og_type":"article","og_title":"Baccara vanille parfum 50ml | Collection Les Fleurs du Golfe","og_description":"Inspir\u00e9 des senteurs d\u2019Orient et enti\u00e8rement fabriqu\u00e9 en France, Baccara Vanille Les Fleurs du Golfe refl\u00e8te la philosophie de la marque.","og_url":"https:\/\/lescollectionsprivees.com\/en\/fragrance\/baccara-vanille-les-fleurs-du-golfe\/","og_site_name":"Les Collections Priv\u00e9es","article_modified_time":"2026-04-29T13:59:05+00:00","og_image":[{"width":600,"height":600,"url":"https:\/\/lescollectionsprivees.com\/wp-content\/uploads\/2020\/02\/baccara-vanille.jpg","type":"image\/jpeg"}],"twitter_card":"summary_large_image","twitter_misc":{"Est. reading time":"2 minutes"},"schema":{"@context":"https:\/\/schema.org","@graph":[{"@type":"WebPage","@id":"https:\/\/lescollectionsprivees.com\/parfum\/baccara-vanille-les-fleurs-du-golfe\/","url":"https:\/\/lescollectionsprivees.com\/parfum\/baccara-vanille-les-fleurs-du-golfe\/","name":"Baccara vanilla perfume 50ml | Collection Les Fleurs du Golfe","isPartOf":{"@id":"https:\/\/lescollectionsprivees.com\/#website"},"primaryImageOfPage":{"@id":"https:\/\/lescollectionsprivees.com\/parfum\/baccara-vanille-les-fleurs-du-golfe\/#primaryimage"},"image":{"@id":"https:\/\/lescollectionsprivees.com\/parfum\/baccara-vanille-les-fleurs-du-golfe\/#primaryimage"},"thumbnailUrl":"https:\/\/lescollectionsprivees.com\/wp-content\/uploads\/2020\/02\/baccara-vanille.jpg","datePublished":"2020-02-06T12:41:40+00:00","dateModified":"2026-04-29T13:59:05+00:00","description":"Inspired by the scents of the Orient and made entirely in France, Baccara Vanille Les Fleurs du Golfe reflects the brand's philosophy.","breadcrumb":{"@id":"https:\/\/lescollectionsprivees.com\/parfum\/baccara-vanille-les-fleurs-du-golfe\/#breadcrumb"},"inLanguage":"en-US","potentialAction":[{"@type":"ReadAction","target":["https:\/\/lescollectionsprivees.com\/parfum\/baccara-vanille-les-fleurs-du-golfe\/"]}]},{"@type":"ImageObject","inLanguage":"en-US","@id":"https:\/\/lescollectionsprivees.com\/parfum\/baccara-vanille-les-fleurs-du-golfe\/#primaryimage","url":"https:\/\/lescollectionsprivees.com\/wp-content\/uploads\/2020\/02\/baccara-vanille.jpg","contentUrl":"https:\/\/lescollectionsprivees.com\/wp-content\/uploads\/2020\/02\/baccara-vanille.jpg","width":600,"height":600,"caption":"baccara vanille"},{"@type":"BreadcrumbList","@id":"https:\/\/lescollectionsprivees.com\/parfum\/baccara-vanille-les-fleurs-du-golfe\/#breadcrumb","itemListElement":[{"@type":"ListItem","position":1,"name":"Accueil","item":"https:\/\/lescollectionsprivees.com\/"},{"@type":"ListItem","position":2,"name":"Boutique","item":"https:\/\/lescollectionsprivees.com\/boutique\/"},{"@type":"ListItem","position":3,"name":"Baccara Vanille &#8211; Les Fleurs du Golfe"}]},{"@type":"WebSite","@id":"https:\/\/lescollectionsprivees.com\/#website","url":"https:\/\/lescollectionsprivees.com\/","name":"Private Collections","description":"","publisher":{"@id":"https:\/\/lescollectionsprivees.com\/#organization"},"potentialAction":[{"@type":"SearchAction","target":{"@type":"EntryPoint","urlTemplate":"https:\/\/lescollectionsprivees.com\/?s={search_term_string}"},"query-input":{"@type":"PropertyValueSpecification","valueRequired":true,"valueName":"search_term_string"}}],"inLanguage":"en-US"},{"@type":"Organization","@id":"https:\/\/lescollectionsprivees.com\/#organization","name":"Private Collections","url":"https:\/\/lescollectionsprivees.com\/","logo":{"@type":"ImageObject","inLanguage":"en-US","@id":"https:\/\/lescollectionsprivees.com\/#\/schema\/logo\/image\/","url":"https:\/\/lescollectionsprivees.com\/wp-content\/uploads\/2020\/02\/Logo-Les-Collections-Priv\u00e9es-450x450-1.png","contentUrl":"https:\/\/lescollectionsprivees.com\/wp-content\/uploads\/2020\/02\/Logo-Les-Collections-Priv\u00e9es-450x450-1.png","width":450,"height":450,"caption":"Les Collections Priv\u00e9es"},"image":{"@id":"https:\/\/lescollectionsprivees.com\/#\/schema\/logo\/image\/"}}]}},"_links":{"self":[{"href":"https:\/\/lescollectionsprivees.com\/en\/wp-json\/wp\/v2\/product\/6411","targetHints":{"allow":["GET"]}}],"collection":[{"href":"https:\/\/lescollectionsprivees.com\/en\/wp-json\/wp\/v2\/product"}],"about":[{"href":"https:\/\/lescollectionsprivees.com\/en\/wp-json\/wp\/v2\/types\/product"}],"wp:featuredmedia":[{"embeddable":true,"href":"https:\/\/lescollectionsprivees.com\/en\/wp-json\/wp\/v2\/media\/30485"}],"wp:attachment":[{"href":"https:\/\/lescollectionsprivees.com\/en\/wp-json\/wp\/v2\/media?parent=6411"}],"wp:term":[{"taxonomy":"product_brand","embeddable":true,"href":"https:\/\/lescollectionsprivees.com\/en\/wp-json\/wp\/v2\/product_brand?post=6411"},{"taxonomy":"product_cat","embeddable":true,"href":"https:\/\/lescollectionsprivees.com\/en\/wp-json\/wp\/v2\/product_cat?post=6411"},{"taxonomy":"product_tag","embeddable":true,"href":"https:\/\/lescollectionsprivees.com\/en\/wp-json\/wp\/v2\/product_tag?post=6411"}],"curies":[{"name":"wp","href":"https:\/\/api.w.org\/{rel}","templated":true}]}}