{"id":6754,"date":"2020-02-10T20:29:19","date_gmt":"2020-02-10T20:29:19","guid":{"rendered":"https:\/\/lescollectionsprivees.com\/?page_id=6754"},"modified":"2021-09-30T18:00:23","modified_gmt":"2021-09-30T18:00:23","slug":"confidencialidad","status":"publish","type":"page","link":"https:\/\/lescollectionsprivees.com\/es\/confidentialite\/","title":{"rendered":"Confidencialidad"},"content":{"rendered":"<h2>POL\u00cdTICA DE PRIVACIDAD<\/h2>\n<p>Se recuerda que los datos personales solicitados a EL COMPRADOR son necesarios para la tramitaci\u00f3n de su pedido y la elaboraci\u00f3n de facturas, en particular.<\/p>\n<p>LES COLLECTIONS PRIVEES se compromete a no divulgar a terceros la informaci\u00f3n comunicada por EL COMPRADOR y los visitantes del sitio web. Esta informaci\u00f3n es confidencial. S\u00f3lo ser\u00e1n utilizadas por los servicios internos de LES COLLECTIONS PRIVEES para la tramitaci\u00f3n del pedido y para reforzar y personalizar la comunicaci\u00f3n, especialmente mediante cartas informativas y correos electr\u00f3nicos, as\u00ed como en el marco de la personalizaci\u00f3n del sitio Internet seg\u00fan las preferencias se\u00f1aladas por los usuarios.<\/p>\n<p>De conformidad con la Ley francesa n\u00ba 78-17 de 6 de enero de 1978 relativa a la inform\u00e1tica, a los ficheros y a las libertades, el COMPRADOR dispone de un derecho de rectificaci\u00f3n, consulta, modificaci\u00f3n y supresi\u00f3n de los datos facilitados.<\/p>\n<h3><u>1. Cookies<\/u><\/h3>\n<p>Al utilizar nuestro sitio, la informaci\u00f3n relativa a la navegaci\u00f3n del terminal del COMPRADOR (ordenador, tableta, smartphone, etc.) puede quedar registrada en archivos \"Cookies\" colocados en dicho terminal, a reserva de las elecciones del COMPRADOR en materia de Cookies, que podr\u00e1 modificar en cualquier momento.<\/p>\n<p>El t\u00e9rmino cookie engloba una serie de tecnolog\u00edas utilizadas para rastrear el comportamiento de navegaci\u00f3n o analizar el comportamiento de los usuarios de Internet. Estas tecnolog\u00edas son numerosas y est\u00e1n en constante evoluci\u00f3n.<\/p>\n<p>La cookie http, que es actualmente la tecnolog\u00eda m\u00e1s utilizada, es un peque\u00f1o archivo de texto guardado por el navegador en su ordenador, tableta o smartphone que se utiliza para almacenar datos del usuario con el fin de facilitar la navegaci\u00f3n y permitir ciertas funciones.<\/p>\n<p>Las Cookies que LES COLLECTIONS PRIVEES emite en el sitio web y en la aplicaci\u00f3n m\u00f3vil nos permiten :<br \/>\n- elaborar estad\u00edsticas y vol\u00famenes de visitas y utilizaci\u00f3n de los distintos elementos que componen nuestros servicios. Para ello, utilizamos cookies de medici\u00f3n de audiencia.<br \/>\n- adaptar la presentaci\u00f3n de nuestro sitio en funci\u00f3n del terminal utilizado;<br \/>\n- adaptar la presentaci\u00f3n de nuestro sitio en funci\u00f3n de las afinidades de cada usuario;<br \/>\n- almacenar informaci\u00f3n relativa a un formulario que EL COMPRADOR haya rellenado en nuestro sitio (inscripci\u00f3n o acceso a su cuenta, servicio al que se ha suscrito, contenido de una cesta de pedido, etc.);<br \/>\n- permitir al COMPRADOR acceder a zonas reservadas y personales de nuestro sitio, como su cuenta, mediante identificadores ;<br \/>\n- aplicar medidas de seguridad, por ejemplo cuando se pide al COMPRADOR que vuelva a iniciar sesi\u00f3n en su cuenta despu\u00e9s de un determinado per\u00edodo de tiempo;<br \/>\n- compartir informaci\u00f3n con anunciantes de otros sitios web con el fin de ofrecer a EL COMPRADOR anuncios relevantes y acordes con sus centros de inter\u00e9s. Para ello utilizamos cookies publicitarias.<br \/>\n- compartir informaci\u00f3n en las redes sociales. Para ello, utilizamos cookies que permiten compartir en estas redes.<\/p>\n<p>De conformidad con el art\u00edculo 32II de la ley 78-17, LES COLLECTIONS PRIVEES recaba el consentimiento previo de EL COMPRADOR para el dep\u00f3sito de cookies publicitarias, cookies de medici\u00f3n de audiencia y cookies de compartici\u00f3n en redes sociales.<\/p>\n<p>El COMPRADOR puede elegir en cualquier momento expresar y modificar sus deseos con respecto a las cookies, por los medios descritos a continuaci\u00f3n.<\/p>\n<p><a name=\"_Toc473733755\"><\/a><strong>Configuraci\u00f3n del software de navegaci\u00f3n<\/strong><\/p>\n<p>El COMPRADOR puede configurar su programa de navegaci\u00f3n para que las cookies se almacenen en su terminal o, por el contrario, para que se rechacen, ya sea sistem\u00e1ticamente o en funci\u00f3n del remitente. Tambi\u00e9n puede configurar su software de navegaci\u00f3n de modo que se le ofrezca la opci\u00f3n de aceptar o rechazar las cookies de vez en cuando, antes de que sea probable que se almacene una cookie en su terminal.<\/p>\n<p><u>\u00bfC\u00f3mo ejerzo mis opciones seg\u00fan el navegador que utilice?<\/u><br \/>\nLa configuraci\u00f3n de cada navegador es diferente. Se describe en el men\u00fa de ayuda del navegador de EL COMPRADOR, que le permitir\u00e1 saber c\u00f3mo modificar sus deseos en relaci\u00f3n con las cookies.<\/p>\n<p>Para Internet Explorer\u2122 : <a href=\"http:\/\/windows.microsoft.com\/fr-FR\/windows-vista\/Block-or-allow-cookies\">http:\/\/windows.microsoft.com\/fr-FR\/windows-vista\/Block-or-allow-cookies<\/a> ,<br \/>\nPara Safari\u2122: <a href=\"http:\/\/docs.info.apple.com\/article.html?path=Safari\/3.0\/fr\/9277.html\">http:\/\/docs.info.apple.com\/article.html?path=Safari\/3.0\/fr\/9277.html<\/a> ,<br \/>\nPara Chrome\u2122: <a href=\"http:\/\/support.google.com\/chrome\/bin\/answer.py?hl=fr&amp;hlrm=en&amp;answer=95647\">http:\/\/support.google.com\/chrome\/bin\/answer.py?hl=fr&amp;hlrm=en&amp;answer=95647<\/a> ,<br \/>\nPara Firefox\u2122: <a href=\"http:\/\/support.mozilla.org\/fr\/kb\/Activer%20et%20d%C3%A9sactiver%20les%20cookies\">http:\/\/support.mozilla.org\/fr\/kb\/Activer%20et%20d%C3%A9sactiver%20les%20cookies<\/a> ,<br \/>\nPara Opera\u2122 : <a href=\"http:\/\/help.opera.com\/Windows\/10.20\/fr\/cookies.html\">http:\/\/help.opera.com\/Windows\/10.20\/fr\/cookies.html<\/a><\/p>\n<p><a name=\"_Toc473733756\"><\/a><strong>Configurar el sistema operativo de un smartphone<\/strong><\/p>\n<p>El COMPRADOR tiene la posibilidad de controlar el dep\u00f3sito de Cookies en su smartphone en las reglas del sistema operativo.<br \/>\nEn iOS: https:\/\/support.apple.com\/fr-fr\/HT201265<br \/>\nEn Android : <a href=\"https:\/\/support.google.com\/chrome\/topic\/3434352\">https:\/\/support.google.com\/chrome\/topic\/3434352<\/a><\/p>","protected":false},"excerpt":{"rendered":"<p>POLITIQUE DE CONFIDENTIALIT\u00c9 Il est rappel\u00e9 que les donn\u00e9es nominatives qui sont demand\u00e9es \u00e0 L\u2019ACHETEUR sont n\u00e9cessaires au traitement de sa commande et \u00e0 l\u2019\u00e9tablissement des factures, notamment. LES COLLECTIONS PRIVEES s\u2019engage \u00e0 ne pas divulguer \u00e0 des tiers les informations communiqu\u00e9es par L\u2019 ACHETEUR et les visiteurs sur le site Internet. Celles-ci sont confidentielles. [&#8230;]\n","protected":false},"author":1,"featured_media":0,"parent":0,"menu_order":0,"comment_status":"closed","ping_status":"closed","template":"","meta":{"footnotes":""},"class_list":["post-6754","page","type-page","status-publish","hentry"],"yoast_head":"<!-- This site is optimized with the Yoast SEO plugin v27.3 - https:\/\/yoast.com\/product\/yoast-seo-wordpress\/ -->\n<title>Confidentialit\u00e9 - Les Collections Priv\u00e9es<\/title>\n<meta name=\"robots\" content=\"index, follow, max-snippet:-1, max-image-preview:large, max-video-preview:-1\" \/>\n<link rel=\"canonical\" href=\"https:\/\/lescollectionsprivees.com\/es\/confidencialidad\/\" \/>\n<meta property=\"og:locale\" content=\"es_ES\" \/>\n<meta property=\"og:type\" content=\"article\" \/>\n<meta property=\"og:title\" content=\"Confidentialit\u00e9 - Les Collections Priv\u00e9es\" \/>\n<meta property=\"og:description\" content=\"POLITIQUE DE CONFIDENTIALIT\u00c9 Il est rappel\u00e9 que les donn\u00e9es nominatives qui sont demand\u00e9es \u00e0 L\u2019ACHETEUR sont n\u00e9cessaires au traitement de sa commande et \u00e0 l\u2019\u00e9tablissement des factures, notamment. LES COLLECTIONS PRIVEES s\u2019engage \u00e0 ne pas divulguer \u00e0 des tiers les informations communiqu\u00e9es par L\u2019 ACHETEUR et les visiteurs sur le site Internet. Celles-ci sont confidentielles. [...]\" \/>\n<meta property=\"og:url\" content=\"https:\/\/lescollectionsprivees.com\/es\/confidencialidad\/\" \/>\n<meta property=\"og:site_name\" content=\"Les Collections Priv\u00e9es\" \/>\n<meta property=\"article:modified_time\" content=\"2021-09-30T18:00:23+00:00\" \/>\n<meta name=\"twitter:card\" content=\"summary_large_image\" \/>\n<meta name=\"twitter:label1\" content=\"Tiempo de lectura\" \/>\n\t<meta name=\"twitter:data1\" content=\"3 minutos\" \/>\n<script type=\"application\/ld+json\" class=\"yoast-schema-graph\">{\"@context\":\"https:\\\/\\\/schema.org\",\"@graph\":[{\"@type\":\"WebPage\",\"@id\":\"https:\\\/\\\/lescollectionsprivees.com\\\/confidentialite\\\/\",\"url\":\"https:\\\/\\\/lescollectionsprivees.com\\\/confidentialite\\\/\",\"name\":\"Confidentialit\u00e9 - Les Collections Priv\u00e9es\",\"isPartOf\":{\"@id\":\"https:\\\/\\\/lescollectionsprivees.com\\\/#website\"},\"datePublished\":\"2020-02-10T20:29:19+00:00\",\"dateModified\":\"2021-09-30T18:00:23+00:00\",\"breadcrumb\":{\"@id\":\"https:\\\/\\\/lescollectionsprivees.com\\\/confidentialite\\\/#breadcrumb\"},\"inLanguage\":\"es\",\"potentialAction\":[{\"@type\":\"ReadAction\",\"target\":[\"https:\\\/\\\/lescollectionsprivees.com\\\/confidentialite\\\/\"]}]},{\"@type\":\"BreadcrumbList\",\"@id\":\"https:\\\/\\\/lescollectionsprivees.com\\\/confidentialite\\\/#breadcrumb\",\"itemListElement\":[{\"@type\":\"ListItem\",\"position\":1,\"name\":\"Accueil\",\"item\":\"https:\\\/\\\/lescollectionsprivees.com\\\/\"},{\"@type\":\"ListItem\",\"position\":2,\"name\":\"Confidentialit\u00e9\"}]},{\"@type\":\"WebSite\",\"@id\":\"https:\\\/\\\/lescollectionsprivees.com\\\/#website\",\"url\":\"https:\\\/\\\/lescollectionsprivees.com\\\/\",\"name\":\"Les Collections Priv\u00e9es\",\"description\":\"\",\"publisher\":{\"@id\":\"https:\\\/\\\/lescollectionsprivees.com\\\/#organization\"},\"potentialAction\":[{\"@type\":\"SearchAction\",\"target\":{\"@type\":\"EntryPoint\",\"urlTemplate\":\"https:\\\/\\\/lescollectionsprivees.com\\\/?s={search_term_string}\"},\"query-input\":{\"@type\":\"PropertyValueSpecification\",\"valueRequired\":true,\"valueName\":\"search_term_string\"}}],\"inLanguage\":\"es\"},{\"@type\":\"Organization\",\"@id\":\"https:\\\/\\\/lescollectionsprivees.com\\\/#organization\",\"name\":\"Les Collections Priv\u00e9es\",\"url\":\"https:\\\/\\\/lescollectionsprivees.com\\\/\",\"logo\":{\"@type\":\"ImageObject\",\"inLanguage\":\"es\",\"@id\":\"https:\\\/\\\/lescollectionsprivees.com\\\/#\\\/schema\\\/logo\\\/image\\\/\",\"url\":\"https:\\\/\\\/lescollectionsprivees.com\\\/wp-content\\\/uploads\\\/2020\\\/02\\\/Logo-Les-Collections-Priv\u00e9es-450x450-1.png\",\"contentUrl\":\"https:\\\/\\\/lescollectionsprivees.com\\\/wp-content\\\/uploads\\\/2020\\\/02\\\/Logo-Les-Collections-Priv\u00e9es-450x450-1.png\",\"width\":450,\"height\":450,\"caption\":\"Les Collections Priv\u00e9es\"},\"image\":{\"@id\":\"https:\\\/\\\/lescollectionsprivees.com\\\/#\\\/schema\\\/logo\\\/image\\\/\"}}]}<\/script>\n<!-- \/ Yoast SEO plugin. -->","yoast_head_json":{"title":"Confidencialidad - Colecciones privadas","robots":{"index":"index","follow":"follow","max-snippet":"max-snippet:-1","max-image-preview":"max-image-preview:large","max-video-preview":"max-video-preview:-1"},"canonical":"https:\/\/lescollectionsprivees.com\/es\/confidencialidad\/","og_locale":"es_ES","og_type":"article","og_title":"Confidentialit\u00e9 - Les Collections Priv\u00e9es","og_description":"POLITIQUE DE CONFIDENTIALIT\u00c9 Il est rappel\u00e9 que les donn\u00e9es nominatives qui sont demand\u00e9es \u00e0 L\u2019ACHETEUR sont n\u00e9cessaires au traitement de sa commande et \u00e0 l\u2019\u00e9tablissement des factures, notamment. LES COLLECTIONS PRIVEES s\u2019engage \u00e0 ne pas divulguer \u00e0 des tiers les informations communiqu\u00e9es par L\u2019 ACHETEUR et les visiteurs sur le site Internet. Celles-ci sont confidentielles. [...]","og_url":"https:\/\/lescollectionsprivees.com\/es\/confidencialidad\/","og_site_name":"Les Collections Priv\u00e9es","article_modified_time":"2021-09-30T18:00:23+00:00","twitter_card":"summary_large_image","twitter_misc":{"Tiempo de lectura":"3 minutos"},"schema":{"@context":"https:\/\/schema.org","@graph":[{"@type":"WebPage","@id":"https:\/\/lescollectionsprivees.com\/confidentialite\/","url":"https:\/\/lescollectionsprivees.com\/confidentialite\/","name":"Confidencialidad - Colecciones privadas","isPartOf":{"@id":"https:\/\/lescollectionsprivees.com\/#website"},"datePublished":"2020-02-10T20:29:19+00:00","dateModified":"2021-09-30T18:00:23+00:00","breadcrumb":{"@id":"https:\/\/lescollectionsprivees.com\/confidentialite\/#breadcrumb"},"inLanguage":"es","potentialAction":[{"@type":"ReadAction","target":["https:\/\/lescollectionsprivees.com\/confidentialite\/"]}]},{"@type":"BreadcrumbList","@id":"https:\/\/lescollectionsprivees.com\/confidentialite\/#breadcrumb","itemListElement":[{"@type":"ListItem","position":1,"name":"Accueil","item":"https:\/\/lescollectionsprivees.com\/"},{"@type":"ListItem","position":2,"name":"Confidentialit\u00e9"}]},{"@type":"WebSite","@id":"https:\/\/lescollectionsprivees.com\/#website","url":"https:\/\/lescollectionsprivees.com\/","name":"Colecciones privadas","description":"","publisher":{"@id":"https:\/\/lescollectionsprivees.com\/#organization"},"potentialAction":[{"@type":"SearchAction","target":{"@type":"EntryPoint","urlTemplate":"https:\/\/lescollectionsprivees.com\/?s={search_term_string}"},"query-input":{"@type":"PropertyValueSpecification","valueRequired":true,"valueName":"search_term_string"}}],"inLanguage":"es"},{"@type":"Organization","@id":"https:\/\/lescollectionsprivees.com\/#organization","name":"Colecciones privadas","url":"https:\/\/lescollectionsprivees.com\/","logo":{"@type":"ImageObject","inLanguage":"es","@id":"https:\/\/lescollectionsprivees.com\/#\/schema\/logo\/image\/","url":"https:\/\/lescollectionsprivees.com\/wp-content\/uploads\/2020\/02\/Logo-Les-Collections-Priv\u00e9es-450x450-1.png","contentUrl":"https:\/\/lescollectionsprivees.com\/wp-content\/uploads\/2020\/02\/Logo-Les-Collections-Priv\u00e9es-450x450-1.png","width":450,"height":450,"caption":"Les Collections Priv\u00e9es"},"image":{"@id":"https:\/\/lescollectionsprivees.com\/#\/schema\/logo\/image\/"}}]}},"_links":{"self":[{"href":"https:\/\/lescollectionsprivees.com\/es\/wp-json\/wp\/v2\/pages\/6754","targetHints":{"allow":["GET"]}}],"collection":[{"href":"https:\/\/lescollectionsprivees.com\/es\/wp-json\/wp\/v2\/pages"}],"about":[{"href":"https:\/\/lescollectionsprivees.com\/es\/wp-json\/wp\/v2\/types\/page"}],"author":[{"embeddable":true,"href":"https:\/\/lescollectionsprivees.com\/es\/wp-json\/wp\/v2\/users\/1"}],"replies":[{"embeddable":true,"href":"https:\/\/lescollectionsprivees.com\/es\/wp-json\/wp\/v2\/comments?post=6754"}],"version-history":[{"count":2,"href":"https:\/\/lescollectionsprivees.com\/es\/wp-json\/wp\/v2\/pages\/6754\/revisions"}],"predecessor-version":[{"id":11304,"href":"https:\/\/lescollectionsprivees.com\/es\/wp-json\/wp\/v2\/pages\/6754\/revisions\/11304"}],"wp:attachment":[{"href":"https:\/\/lescollectionsprivees.com\/es\/wp-json\/wp\/v2\/media?parent=6754"}],"curies":[{"name":"wp","href":"https:\/\/api.w.org\/{rel}","templated":true}]}}