{"id":23355,"date":"2023-04-12T10:15:42","date_gmt":"2023-04-12T10:15:42","guid":{"rendered":"https:\/\/lescollectionsprivees.com\/?post_type=product&#038;p=23355"},"modified":"2023-04-12T10:15:43","modified_gmt":"2023-04-12T10:15:43","slug":"azucar-negro","status":"publish","type":"product","link":"https:\/\/lescollectionsprivees.com\/es\/parfum\/sucre-noir\/","title":{"rendered":"Az\u00facar negro - Rp Paris"},"content":{"rendered":"<p><strong>Hay algo a la vez atractivo y misterioso tras el nombre de az\u00facar negro.<\/strong>\u00a0Rp Parfum nos lleva en un viaje de\u00a0<strong>un viaje dulce, ex\u00f3tico y lejano<\/strong>\u00a0Y lo que es m\u00e1s. Una fragancia exquisita con un car\u00e1cter sutilmente \u00fanico. Ac\u00e9rquese a sucre noir, esta fragancia incomparable.<\/p>\n<h2><strong>Un enfoque innegablemente dulce<\/strong><\/h2>\n<p>Las primeras notas del az\u00facar negro son\u00a0<strong>aromas potentes que son signo inequ\u00edvoco de codicia y candor.<\/strong>\u00a0Estos son\u00a0<strong>\u00a1ca\u00f1a de az\u00facar en todo su esplendor!<\/strong>\u00a0Suave y suave, nos sumerge intensamente en este placentero viaje. Notas de salida\u00a0<strong>un personaje ex\u00f3tico<\/strong>\u00a0que nos transportan a una atm\u00f3sfera tan c\u00e1lida como remota.<\/p>\n<p><strong>La dosis justa de exotismo<\/strong>\u00a0que las notas de coraz\u00f3n mantendr\u00e1n vivas de forma delicada y sutil.<\/p>\n<h2><strong>Az\u00facar negro, el ex\u00f3tico imprescindible<\/strong><\/h2>\n<p><strong>Un tierno coraz\u00f3n de vainilla<\/strong>\u00a0\u00a1! \u00a1Ese es el misterio que se esconde tras las notas de salida! Un dulce y voluptuoso <a href=\"https:\/\/lescollectionsprivees.com\/es\/fragancia\/oro-blanco-con-sabor-a-vainilla-2\/\"><strong>vainilla<\/strong><\/a> que sin duda dar\u00e1,<strong>\u00a0tanto para hombres como para mujeres.<\/strong><\/p>\n<p>Adem\u00e1s, su\u00a0<strong>con sus sabores gourmet y toques de especias<\/strong>\u00a0una elecci\u00f3n sublime para las notas de coraz\u00f3n de esta exquisita fragancia. \u00a1Y la composici\u00f3n concluye con un delicado toque floral que inevitablemente nos hace derretirnos!<\/p>\n<h3><strong>Az\u00facar negro, un fino final floral.<\/strong><\/h3>\n<p>Las notas de fondo de az\u00facar negro son tan sorprendentes como seductoras. As\u00ed que<strong>\u00a0su delicado toque de orqu\u00eddea est\u00e1 ciertamente bien pensado<\/strong> en la creaci\u00f3n de esta fragante joya.<\/p>\n<p>Proporciona un final precisamente floral. De hecho, la orqu\u00eddea aporta varios aromas entrelazados, que a su vez dan\u00a0<strong>profunda originalidad y un verdadero soplo de aire fresco<\/strong>\u00a0Es m\u00e1s.<\/p>\n<p>El resultado de este viaje olfativo es una fragancia \u00fanica, la mezcla perfecta de\u00a0<strong>frescura ex\u00f3tica, dulzor isle\u00f1o y c\u00e1lidas especias.<\/strong><\/p>","protected":false},"excerpt":{"rendered":"<p><strong><u>Datos t\u00e9cnicos :<\/u><\/strong><\/p>\n<p><strong>Nombre del perfume<\/strong>\u00a0Az\u00facar negro<br \/>\n<strong>Marca<\/strong>\u00a0: RP Parfums<br \/>\n<strong>Tipo<\/strong>\u00a0Unisex<br \/>\n<strong>Capacidad<\/strong>\u00a050 ml<\/p>\n<p><strong>Notas olfativas :<\/strong><\/p>\n<p><strong>Nota superior<\/strong>\u00a0Ca\u00f1a de az\u00facar<br \/>\n<strong>Nota de coraz\u00f3n<\/strong>\u00a0Vaina de vainilla<br \/>\n<strong>Nota de antecedentes<\/strong>\u00a0Orqu\u00eddea<\/p>","protected":false},"featured_media":23357,"template":"","meta":[],"product_brand":[],"product_cat":[201,202,109],"product_tag":[],"class_list":{"0":"post-23355","1":"product","2":"type-product","3":"status-publish","4":"has-post-thumbnail","6":"product_cat-parfum-femme","7":"product_cat-parfum-homme","8":"product_cat-rp-parfums","10":"first","11":"instock","12":"taxable","13":"shipping-taxable","14":"purchasable","15":"product-type-simple"},"yoast_head":"<!-- This site is optimized with the Yoast SEO plugin v27.5 - https:\/\/yoast.com\/product\/yoast-seo-wordpress\/ -->\n<title>Sucre noir I Parfum mixte 50ml I Collection Rp Paris<\/title>\n<meta name=\"description\" content=\"Quelque chose d\u2019attirant et \u00e0 la fois myst\u00e9rieux, se cache derri\u00e8re le nom de sucre noir.\u00a0Ici, d\u00e9couvrez le parfum mixte de la collection Rp Paris !\" \/>\n<meta name=\"robots\" content=\"index, follow, max-snippet:-1, max-image-preview:large, max-video-preview:-1\" \/>\n<link rel=\"canonical\" href=\"https:\/\/lescollectionsprivees.com\/es\/fragancia\/azucar-negro\/\" \/>\n<meta property=\"og:locale\" content=\"es_ES\" \/>\n<meta property=\"og:type\" content=\"article\" \/>\n<meta property=\"og:title\" content=\"Sucre noir I Parfum mixte 50ml I Collection Rp Paris\" \/>\n<meta property=\"og:description\" content=\"Quelque chose d\u2019attirant et \u00e0 la fois myst\u00e9rieux, se cache derri\u00e8re le nom de sucre noir.\u00a0Ici, d\u00e9couvrez le parfum mixte de la collection Rp Paris !\" \/>\n<meta property=\"og:url\" content=\"https:\/\/lescollectionsprivees.com\/es\/fragancia\/azucar-negro\/\" \/>\n<meta property=\"og:site_name\" content=\"Les Collections Priv\u00e9es\" \/>\n<meta property=\"article:modified_time\" content=\"2023-04-12T10:15:43+00:00\" \/>\n<meta property=\"og:image\" content=\"https:\/\/lescollectionsprivees.com\/wp-content\/uploads\/2023\/04\/sucre-noir-rp-paris.jpg\" \/>\n\t<meta property=\"og:image:width\" content=\"600\" \/>\n\t<meta property=\"og:image:height\" content=\"600\" \/>\n\t<meta property=\"og:image:type\" content=\"image\/jpeg\" \/>\n<meta name=\"twitter:card\" content=\"summary_large_image\" \/>\n<meta name=\"twitter:label1\" content=\"Tiempo de lectura\" \/>\n\t<meta name=\"twitter:data1\" content=\"2 minutos\" \/>\n<script type=\"application\/ld+json\" class=\"yoast-schema-graph\">{\"@context\":\"https:\\\/\\\/schema.org\",\"@graph\":[{\"@type\":\"WebPage\",\"@id\":\"https:\\\/\\\/lescollectionsprivees.com\\\/parfum\\\/sucre-noir\\\/\",\"url\":\"https:\\\/\\\/lescollectionsprivees.com\\\/parfum\\\/sucre-noir\\\/\",\"name\":\"Sucre noir I Parfum mixte 50ml I Collection Rp Paris\",\"isPartOf\":{\"@id\":\"https:\\\/\\\/lescollectionsprivees.com\\\/#website\"},\"primaryImageOfPage\":{\"@id\":\"https:\\\/\\\/lescollectionsprivees.com\\\/parfum\\\/sucre-noir\\\/#primaryimage\"},\"image\":{\"@id\":\"https:\\\/\\\/lescollectionsprivees.com\\\/parfum\\\/sucre-noir\\\/#primaryimage\"},\"thumbnailUrl\":\"https:\\\/\\\/lescollectionsprivees.com\\\/wp-content\\\/uploads\\\/2023\\\/04\\\/sucre-noir-rp-paris.jpg\",\"datePublished\":\"2023-04-12T10:15:42+00:00\",\"dateModified\":\"2023-04-12T10:15:43+00:00\",\"description\":\"Quelque chose d\u2019attirant et \u00e0 la fois myst\u00e9rieux, se cache derri\u00e8re le nom de sucre noir.\u00a0Ici, d\u00e9couvrez le parfum mixte de la collection Rp Paris !\",\"breadcrumb\":{\"@id\":\"https:\\\/\\\/lescollectionsprivees.com\\\/parfum\\\/sucre-noir\\\/#breadcrumb\"},\"inLanguage\":\"es\",\"potentialAction\":[{\"@type\":\"ReadAction\",\"target\":[\"https:\\\/\\\/lescollectionsprivees.com\\\/parfum\\\/sucre-noir\\\/\"]}]},{\"@type\":\"ImageObject\",\"inLanguage\":\"es\",\"@id\":\"https:\\\/\\\/lescollectionsprivees.com\\\/parfum\\\/sucre-noir\\\/#primaryimage\",\"url\":\"https:\\\/\\\/lescollectionsprivees.com\\\/wp-content\\\/uploads\\\/2023\\\/04\\\/sucre-noir-rp-paris.jpg\",\"contentUrl\":\"https:\\\/\\\/lescollectionsprivees.com\\\/wp-content\\\/uploads\\\/2023\\\/04\\\/sucre-noir-rp-paris.jpg\",\"width\":600,\"height\":600,\"caption\":\"Sucre noir - Rp Paris\"},{\"@type\":\"BreadcrumbList\",\"@id\":\"https:\\\/\\\/lescollectionsprivees.com\\\/parfum\\\/sucre-noir\\\/#breadcrumb\",\"itemListElement\":[{\"@type\":\"ListItem\",\"position\":1,\"name\":\"Accueil\",\"item\":\"https:\\\/\\\/lescollectionsprivees.com\\\/\"},{\"@type\":\"ListItem\",\"position\":2,\"name\":\"Boutique\",\"item\":\"https:\\\/\\\/lescollectionsprivees.com\\\/boutique\\\/\"},{\"@type\":\"ListItem\",\"position\":3,\"name\":\"Sucre noir &#8211; Rp Paris\"}]},{\"@type\":\"WebSite\",\"@id\":\"https:\\\/\\\/lescollectionsprivees.com\\\/#website\",\"url\":\"https:\\\/\\\/lescollectionsprivees.com\\\/\",\"name\":\"Les Collections Priv\u00e9es\",\"description\":\"\",\"publisher\":{\"@id\":\"https:\\\/\\\/lescollectionsprivees.com\\\/#organization\"},\"potentialAction\":[{\"@type\":\"SearchAction\",\"target\":{\"@type\":\"EntryPoint\",\"urlTemplate\":\"https:\\\/\\\/lescollectionsprivees.com\\\/?s={search_term_string}\"},\"query-input\":{\"@type\":\"PropertyValueSpecification\",\"valueRequired\":true,\"valueName\":\"search_term_string\"}}],\"inLanguage\":\"es\"},{\"@type\":\"Organization\",\"@id\":\"https:\\\/\\\/lescollectionsprivees.com\\\/#organization\",\"name\":\"Les Collections Priv\u00e9es\",\"url\":\"https:\\\/\\\/lescollectionsprivees.com\\\/\",\"logo\":{\"@type\":\"ImageObject\",\"inLanguage\":\"es\",\"@id\":\"https:\\\/\\\/lescollectionsprivees.com\\\/#\\\/schema\\\/logo\\\/image\\\/\",\"url\":\"https:\\\/\\\/lescollectionsprivees.com\\\/wp-content\\\/uploads\\\/2020\\\/02\\\/Logo-Les-Collections-Priv\u00e9es-450x450-1.png\",\"contentUrl\":\"https:\\\/\\\/lescollectionsprivees.com\\\/wp-content\\\/uploads\\\/2020\\\/02\\\/Logo-Les-Collections-Priv\u00e9es-450x450-1.png\",\"width\":450,\"height\":450,\"caption\":\"Les Collections Priv\u00e9es\"},\"image\":{\"@id\":\"https:\\\/\\\/lescollectionsprivees.com\\\/#\\\/schema\\\/logo\\\/image\\\/\"}}]}<\/script>\n<!-- \/ Yoast SEO plugin. -->","yoast_head_json":{"title":"Sucre noir I Perfume mixto 50ml I Collection Rp Paris","description":"Hay algo atractivo y misterioso detr\u00e1s del nombre de az\u00facar negro. Descubra aqu\u00ed la fragancia unisex de la colecci\u00f3n Rp Paris.","robots":{"index":"index","follow":"follow","max-snippet":"max-snippet:-1","max-image-preview":"max-image-preview:large","max-video-preview":"max-video-preview:-1"},"canonical":"https:\/\/lescollectionsprivees.com\/es\/fragancia\/azucar-negro\/","og_locale":"es_ES","og_type":"article","og_title":"Sucre noir I Parfum mixte 50ml I Collection Rp Paris","og_description":"Quelque chose d\u2019attirant et \u00e0 la fois myst\u00e9rieux, se cache derri\u00e8re le nom de sucre noir.\u00a0Ici, d\u00e9couvrez le parfum mixte de la collection Rp Paris !","og_url":"https:\/\/lescollectionsprivees.com\/es\/fragancia\/azucar-negro\/","og_site_name":"Les Collections Priv\u00e9es","article_modified_time":"2023-04-12T10:15:43+00:00","og_image":[{"width":600,"height":600,"url":"https:\/\/lescollectionsprivees.com\/wp-content\/uploads\/2023\/04\/sucre-noir-rp-paris.jpg","type":"image\/jpeg"}],"twitter_card":"summary_large_image","twitter_misc":{"Tiempo de lectura":"2 minutos"},"schema":{"@context":"https:\/\/schema.org","@graph":[{"@type":"WebPage","@id":"https:\/\/lescollectionsprivees.com\/parfum\/sucre-noir\/","url":"https:\/\/lescollectionsprivees.com\/parfum\/sucre-noir\/","name":"Sucre noir I Perfume mixto 50ml I Collection Rp Paris","isPartOf":{"@id":"https:\/\/lescollectionsprivees.com\/#website"},"primaryImageOfPage":{"@id":"https:\/\/lescollectionsprivees.com\/parfum\/sucre-noir\/#primaryimage"},"image":{"@id":"https:\/\/lescollectionsprivees.com\/parfum\/sucre-noir\/#primaryimage"},"thumbnailUrl":"https:\/\/lescollectionsprivees.com\/wp-content\/uploads\/2023\/04\/sucre-noir-rp-paris.jpg","datePublished":"2023-04-12T10:15:42+00:00","dateModified":"2023-04-12T10:15:43+00:00","description":"Hay algo atractivo y misterioso detr\u00e1s del nombre de az\u00facar negro. Descubra aqu\u00ed la fragancia unisex de la colecci\u00f3n Rp Paris.","breadcrumb":{"@id":"https:\/\/lescollectionsprivees.com\/parfum\/sucre-noir\/#breadcrumb"},"inLanguage":"es","potentialAction":[{"@type":"ReadAction","target":["https:\/\/lescollectionsprivees.com\/parfum\/sucre-noir\/"]}]},{"@type":"ImageObject","inLanguage":"es","@id":"https:\/\/lescollectionsprivees.com\/parfum\/sucre-noir\/#primaryimage","url":"https:\/\/lescollectionsprivees.com\/wp-content\/uploads\/2023\/04\/sucre-noir-rp-paris.jpg","contentUrl":"https:\/\/lescollectionsprivees.com\/wp-content\/uploads\/2023\/04\/sucre-noir-rp-paris.jpg","width":600,"height":600,"caption":"Sucre noir - Rp Paris"},{"@type":"BreadcrumbList","@id":"https:\/\/lescollectionsprivees.com\/parfum\/sucre-noir\/#breadcrumb","itemListElement":[{"@type":"ListItem","position":1,"name":"Accueil","item":"https:\/\/lescollectionsprivees.com\/"},{"@type":"ListItem","position":2,"name":"Boutique","item":"https:\/\/lescollectionsprivees.com\/boutique\/"},{"@type":"ListItem","position":3,"name":"Sucre noir &#8211; Rp Paris"}]},{"@type":"WebSite","@id":"https:\/\/lescollectionsprivees.com\/#website","url":"https:\/\/lescollectionsprivees.com\/","name":"Colecciones privadas","description":"","publisher":{"@id":"https:\/\/lescollectionsprivees.com\/#organization"},"potentialAction":[{"@type":"SearchAction","target":{"@type":"EntryPoint","urlTemplate":"https:\/\/lescollectionsprivees.com\/?s={search_term_string}"},"query-input":{"@type":"PropertyValueSpecification","valueRequired":true,"valueName":"search_term_string"}}],"inLanguage":"es"},{"@type":"Organization","@id":"https:\/\/lescollectionsprivees.com\/#organization","name":"Colecciones privadas","url":"https:\/\/lescollectionsprivees.com\/","logo":{"@type":"ImageObject","inLanguage":"es","@id":"https:\/\/lescollectionsprivees.com\/#\/schema\/logo\/image\/","url":"https:\/\/lescollectionsprivees.com\/wp-content\/uploads\/2020\/02\/Logo-Les-Collections-Priv\u00e9es-450x450-1.png","contentUrl":"https:\/\/lescollectionsprivees.com\/wp-content\/uploads\/2020\/02\/Logo-Les-Collections-Priv\u00e9es-450x450-1.png","width":450,"height":450,"caption":"Les Collections Priv\u00e9es"},"image":{"@id":"https:\/\/lescollectionsprivees.com\/#\/schema\/logo\/image\/"}}]}},"_links":{"self":[{"href":"https:\/\/lescollectionsprivees.com\/es\/wp-json\/wp\/v2\/product\/23355","targetHints":{"allow":["GET"]}}],"collection":[{"href":"https:\/\/lescollectionsprivees.com\/es\/wp-json\/wp\/v2\/product"}],"about":[{"href":"https:\/\/lescollectionsprivees.com\/es\/wp-json\/wp\/v2\/types\/product"}],"wp:featuredmedia":[{"embeddable":true,"href":"https:\/\/lescollectionsprivees.com\/es\/wp-json\/wp\/v2\/media\/23357"}],"wp:attachment":[{"href":"https:\/\/lescollectionsprivees.com\/es\/wp-json\/wp\/v2\/media?parent=23355"}],"wp:term":[{"taxonomy":"product_brand","embeddable":true,"href":"https:\/\/lescollectionsprivees.com\/es\/wp-json\/wp\/v2\/product_brand?post=23355"},{"taxonomy":"product_cat","embeddable":true,"href":"https:\/\/lescollectionsprivees.com\/es\/wp-json\/wp\/v2\/product_cat?post=23355"},{"taxonomy":"product_tag","embeddable":true,"href":"https:\/\/lescollectionsprivees.com\/es\/wp-json\/wp\/v2\/product_tag?post=23355"}],"curies":[{"name":"wp","href":"https:\/\/api.w.org\/{rel}","templated":true}]}}