{"id":25662,"date":"2023-08-31T15:17:13","date_gmt":"2023-08-31T15:17:13","guid":{"rendered":"https:\/\/lescollectionsprivees.com\/?post_type=product&#038;p=25662"},"modified":"2023-08-31T15:35:12","modified_gmt":"2023-08-31T15:35:12","slug":"sakeena-eau-de-parfum-100ml-lattafa","status":"publish","type":"product","link":"https:\/\/lescollectionsprivees.com\/es\/parfum\/eau-de-parfum-sakeena-100ml-lattafa\/","title":{"rendered":"Agua de perfume Sakeena 100ml - Lattafa"},"content":{"rendered":"","protected":false},"excerpt":{"rendered":"<p><strong>Notas olfativas :<\/strong><\/p>\n<p><strong>Notas altas<\/strong> Fruta de la pasi\u00f3n, mandarina, acorde oz\u00f3nico<br \/>\n<strong>Notas de coraz\u00f3n<\/strong> Rosa, Azahar, Frambuesa, Zanja del Marinero<br \/>\n<strong>Notas de fondo<\/strong> Vainilla, almizcle, toffee, pralin\u00e9.<\/p>","protected":false},"featured_media":25712,"template":"","meta":[],"product_brand":[],"product_cat":[227,264,207,236,206,208,15],"product_tag":[],"class_list":{"0":"post-25662","1":"product","2":"type-product","3":"status-publish","4":"has-post-thumbnail","6":"product_cat-parfum-lattafa","7":"product_cat-parfum-de-luxe","8":"product_cat-parfum-fleur-doranger","9":"product_cat-parfum-musque","10":"product_cat-parfum-rose","11":"product_cat-parfum-vanille","12":"product_cat-parfums-de-dubai","14":"first","15":"instock","16":"taxable","17":"shipping-taxable","18":"purchasable","19":"product-type-simple"},"yoast_head":"<!-- This site is optimized with the Yoast SEO plugin v27.5 - https:\/\/yoast.com\/product\/yoast-seo-wordpress\/ -->\n<title>Eau de Parfum Sakeena 100ml \u2013 Lattafa - Les Collections Priv\u00e9es<\/title>\n<meta name=\"robots\" content=\"index, follow, max-snippet:-1, max-image-preview:large, max-video-preview:-1\" \/>\n<link rel=\"canonical\" href=\"https:\/\/lescollectionsprivees.com\/es\/fragancia\/sakeena-eau-de-parfum-100ml-lattafa\/\" \/>\n<meta property=\"og:locale\" content=\"es_ES\" \/>\n<meta property=\"og:type\" content=\"article\" \/>\n<meta property=\"og:title\" content=\"Eau de Parfum Sakeena 100ml \u2013 Lattafa - Les Collections Priv\u00e9es\" \/>\n<meta property=\"og:description\" content=\"Notes olfactives :  Notes de t\u00eate : Fruit de la passion, Mandarine, Accord Ozonic Notes de c\u0153ur : Rose, Fleur d&#039;oranger, Framboise, Sale du marin Notes de fond : Vanille, Musc, Tofee, Praline.\" \/>\n<meta property=\"og:url\" content=\"https:\/\/lescollectionsprivees.com\/es\/fragancia\/sakeena-eau-de-parfum-100ml-lattafa\/\" \/>\n<meta property=\"og:site_name\" content=\"Les Collections Priv\u00e9es\" \/>\n<meta property=\"article:modified_time\" content=\"2023-08-31T15:35:12+00:00\" \/>\n<meta property=\"og:image\" content=\"https:\/\/lescollectionsprivees.com\/wp-content\/uploads\/2023\/08\/sakeena-lattafa-eau-de-parfum-pour-femme.jpg\" \/>\n\t<meta property=\"og:image:width\" content=\"800\" \/>\n\t<meta property=\"og:image:height\" content=\"800\" \/>\n\t<meta property=\"og:image:type\" content=\"image\/jpeg\" \/>\n<meta name=\"twitter:card\" content=\"summary_large_image\" \/>\n<script type=\"application\/ld+json\" class=\"yoast-schema-graph\">{\"@context\":\"https:\\\/\\\/schema.org\",\"@graph\":[{\"@type\":\"WebPage\",\"@id\":\"https:\\\/\\\/lescollectionsprivees.com\\\/parfum\\\/eau-de-parfum-sakeena-100ml-lattafa\\\/\",\"url\":\"https:\\\/\\\/lescollectionsprivees.com\\\/parfum\\\/eau-de-parfum-sakeena-100ml-lattafa\\\/\",\"name\":\"Eau de Parfum Sakeena 100ml \u2013 Lattafa - Les Collections Priv\u00e9es\",\"isPartOf\":{\"@id\":\"https:\\\/\\\/lescollectionsprivees.com\\\/#website\"},\"primaryImageOfPage\":{\"@id\":\"https:\\\/\\\/lescollectionsprivees.com\\\/parfum\\\/eau-de-parfum-sakeena-100ml-lattafa\\\/#primaryimage\"},\"image\":{\"@id\":\"https:\\\/\\\/lescollectionsprivees.com\\\/parfum\\\/eau-de-parfum-sakeena-100ml-lattafa\\\/#primaryimage\"},\"thumbnailUrl\":\"https:\\\/\\\/lescollectionsprivees.com\\\/wp-content\\\/uploads\\\/2023\\\/08\\\/sakeena-lattafa-eau-de-parfum-pour-femme.jpg\",\"datePublished\":\"2023-08-31T15:17:13+00:00\",\"dateModified\":\"2023-08-31T15:35:12+00:00\",\"breadcrumb\":{\"@id\":\"https:\\\/\\\/lescollectionsprivees.com\\\/parfum\\\/eau-de-parfum-sakeena-100ml-lattafa\\\/#breadcrumb\"},\"inLanguage\":\"es\",\"potentialAction\":[{\"@type\":\"ReadAction\",\"target\":[\"https:\\\/\\\/lescollectionsprivees.com\\\/parfum\\\/eau-de-parfum-sakeena-100ml-lattafa\\\/\"]}]},{\"@type\":\"ImageObject\",\"inLanguage\":\"es\",\"@id\":\"https:\\\/\\\/lescollectionsprivees.com\\\/parfum\\\/eau-de-parfum-sakeena-100ml-lattafa\\\/#primaryimage\",\"url\":\"https:\\\/\\\/lescollectionsprivees.com\\\/wp-content\\\/uploads\\\/2023\\\/08\\\/sakeena-lattafa-eau-de-parfum-pour-femme.jpg\",\"contentUrl\":\"https:\\\/\\\/lescollectionsprivees.com\\\/wp-content\\\/uploads\\\/2023\\\/08\\\/sakeena-lattafa-eau-de-parfum-pour-femme.jpg\",\"width\":800,\"height\":800},{\"@type\":\"BreadcrumbList\",\"@id\":\"https:\\\/\\\/lescollectionsprivees.com\\\/parfum\\\/eau-de-parfum-sakeena-100ml-lattafa\\\/#breadcrumb\",\"itemListElement\":[{\"@type\":\"ListItem\",\"position\":1,\"name\":\"Accueil\",\"item\":\"https:\\\/\\\/lescollectionsprivees.com\\\/\"},{\"@type\":\"ListItem\",\"position\":2,\"name\":\"Boutique\",\"item\":\"https:\\\/\\\/lescollectionsprivees.com\\\/boutique\\\/\"},{\"@type\":\"ListItem\",\"position\":3,\"name\":\"Eau de Parfum Sakeena 100ml \u2013 Lattafa\"}]},{\"@type\":\"WebSite\",\"@id\":\"https:\\\/\\\/lescollectionsprivees.com\\\/#website\",\"url\":\"https:\\\/\\\/lescollectionsprivees.com\\\/\",\"name\":\"Les Collections Priv\u00e9es\",\"description\":\"\",\"publisher\":{\"@id\":\"https:\\\/\\\/lescollectionsprivees.com\\\/#organization\"},\"potentialAction\":[{\"@type\":\"SearchAction\",\"target\":{\"@type\":\"EntryPoint\",\"urlTemplate\":\"https:\\\/\\\/lescollectionsprivees.com\\\/?s={search_term_string}\"},\"query-input\":{\"@type\":\"PropertyValueSpecification\",\"valueRequired\":true,\"valueName\":\"search_term_string\"}}],\"inLanguage\":\"es\"},{\"@type\":\"Organization\",\"@id\":\"https:\\\/\\\/lescollectionsprivees.com\\\/#organization\",\"name\":\"Les Collections Priv\u00e9es\",\"url\":\"https:\\\/\\\/lescollectionsprivees.com\\\/\",\"logo\":{\"@type\":\"ImageObject\",\"inLanguage\":\"es\",\"@id\":\"https:\\\/\\\/lescollectionsprivees.com\\\/#\\\/schema\\\/logo\\\/image\\\/\",\"url\":\"https:\\\/\\\/lescollectionsprivees.com\\\/wp-content\\\/uploads\\\/2020\\\/02\\\/Logo-Les-Collections-Priv\u00e9es-450x450-1.png\",\"contentUrl\":\"https:\\\/\\\/lescollectionsprivees.com\\\/wp-content\\\/uploads\\\/2020\\\/02\\\/Logo-Les-Collections-Priv\u00e9es-450x450-1.png\",\"width\":450,\"height\":450,\"caption\":\"Les Collections Priv\u00e9es\"},\"image\":{\"@id\":\"https:\\\/\\\/lescollectionsprivees.com\\\/#\\\/schema\\\/logo\\\/image\\\/\"}}]}<\/script>\n<!-- \/ Yoast SEO plugin. -->","yoast_head_json":{"title":"Agua de perfume Sakeena 100ml - Lattafa - Les Collections Priv\u00e9es","robots":{"index":"index","follow":"follow","max-snippet":"max-snippet:-1","max-image-preview":"max-image-preview:large","max-video-preview":"max-video-preview:-1"},"canonical":"https:\/\/lescollectionsprivees.com\/es\/fragancia\/sakeena-eau-de-parfum-100ml-lattafa\/","og_locale":"es_ES","og_type":"article","og_title":"Eau de Parfum Sakeena 100ml \u2013 Lattafa - Les Collections Priv\u00e9es","og_description":"Notes olfactives :  Notes de t\u00eate : Fruit de la passion, Mandarine, Accord Ozonic Notes de c\u0153ur : Rose, Fleur d'oranger, Framboise, Sale du marin Notes de fond : Vanille, Musc, Tofee, Praline.","og_url":"https:\/\/lescollectionsprivees.com\/es\/fragancia\/sakeena-eau-de-parfum-100ml-lattafa\/","og_site_name":"Les Collections Priv\u00e9es","article_modified_time":"2023-08-31T15:35:12+00:00","og_image":[{"width":800,"height":800,"url":"https:\/\/lescollectionsprivees.com\/wp-content\/uploads\/2023\/08\/sakeena-lattafa-eau-de-parfum-pour-femme.jpg","type":"image\/jpeg"}],"twitter_card":"summary_large_image","schema":{"@context":"https:\/\/schema.org","@graph":[{"@type":"WebPage","@id":"https:\/\/lescollectionsprivees.com\/parfum\/eau-de-parfum-sakeena-100ml-lattafa\/","url":"https:\/\/lescollectionsprivees.com\/parfum\/eau-de-parfum-sakeena-100ml-lattafa\/","name":"Agua de perfume Sakeena 100ml - Lattafa - Les Collections Priv\u00e9es","isPartOf":{"@id":"https:\/\/lescollectionsprivees.com\/#website"},"primaryImageOfPage":{"@id":"https:\/\/lescollectionsprivees.com\/parfum\/eau-de-parfum-sakeena-100ml-lattafa\/#primaryimage"},"image":{"@id":"https:\/\/lescollectionsprivees.com\/parfum\/eau-de-parfum-sakeena-100ml-lattafa\/#primaryimage"},"thumbnailUrl":"https:\/\/lescollectionsprivees.com\/wp-content\/uploads\/2023\/08\/sakeena-lattafa-eau-de-parfum-pour-femme.jpg","datePublished":"2023-08-31T15:17:13+00:00","dateModified":"2023-08-31T15:35:12+00:00","breadcrumb":{"@id":"https:\/\/lescollectionsprivees.com\/parfum\/eau-de-parfum-sakeena-100ml-lattafa\/#breadcrumb"},"inLanguage":"es","potentialAction":[{"@type":"ReadAction","target":["https:\/\/lescollectionsprivees.com\/parfum\/eau-de-parfum-sakeena-100ml-lattafa\/"]}]},{"@type":"ImageObject","inLanguage":"es","@id":"https:\/\/lescollectionsprivees.com\/parfum\/eau-de-parfum-sakeena-100ml-lattafa\/#primaryimage","url":"https:\/\/lescollectionsprivees.com\/wp-content\/uploads\/2023\/08\/sakeena-lattafa-eau-de-parfum-pour-femme.jpg","contentUrl":"https:\/\/lescollectionsprivees.com\/wp-content\/uploads\/2023\/08\/sakeena-lattafa-eau-de-parfum-pour-femme.jpg","width":800,"height":800},{"@type":"BreadcrumbList","@id":"https:\/\/lescollectionsprivees.com\/parfum\/eau-de-parfum-sakeena-100ml-lattafa\/#breadcrumb","itemListElement":[{"@type":"ListItem","position":1,"name":"Accueil","item":"https:\/\/lescollectionsprivees.com\/"},{"@type":"ListItem","position":2,"name":"Boutique","item":"https:\/\/lescollectionsprivees.com\/boutique\/"},{"@type":"ListItem","position":3,"name":"Eau de Parfum Sakeena 100ml \u2013 Lattafa"}]},{"@type":"WebSite","@id":"https:\/\/lescollectionsprivees.com\/#website","url":"https:\/\/lescollectionsprivees.com\/","name":"Colecciones privadas","description":"","publisher":{"@id":"https:\/\/lescollectionsprivees.com\/#organization"},"potentialAction":[{"@type":"SearchAction","target":{"@type":"EntryPoint","urlTemplate":"https:\/\/lescollectionsprivees.com\/?s={search_term_string}"},"query-input":{"@type":"PropertyValueSpecification","valueRequired":true,"valueName":"search_term_string"}}],"inLanguage":"es"},{"@type":"Organization","@id":"https:\/\/lescollectionsprivees.com\/#organization","name":"Colecciones privadas","url":"https:\/\/lescollectionsprivees.com\/","logo":{"@type":"ImageObject","inLanguage":"es","@id":"https:\/\/lescollectionsprivees.com\/#\/schema\/logo\/image\/","url":"https:\/\/lescollectionsprivees.com\/wp-content\/uploads\/2020\/02\/Logo-Les-Collections-Priv\u00e9es-450x450-1.png","contentUrl":"https:\/\/lescollectionsprivees.com\/wp-content\/uploads\/2020\/02\/Logo-Les-Collections-Priv\u00e9es-450x450-1.png","width":450,"height":450,"caption":"Les Collections Priv\u00e9es"},"image":{"@id":"https:\/\/lescollectionsprivees.com\/#\/schema\/logo\/image\/"}}]}},"_links":{"self":[{"href":"https:\/\/lescollectionsprivees.com\/es\/wp-json\/wp\/v2\/product\/25662","targetHints":{"allow":["GET"]}}],"collection":[{"href":"https:\/\/lescollectionsprivees.com\/es\/wp-json\/wp\/v2\/product"}],"about":[{"href":"https:\/\/lescollectionsprivees.com\/es\/wp-json\/wp\/v2\/types\/product"}],"wp:featuredmedia":[{"embeddable":true,"href":"https:\/\/lescollectionsprivees.com\/es\/wp-json\/wp\/v2\/media\/25712"}],"wp:attachment":[{"href":"https:\/\/lescollectionsprivees.com\/es\/wp-json\/wp\/v2\/media?parent=25662"}],"wp:term":[{"taxonomy":"product_brand","embeddable":true,"href":"https:\/\/lescollectionsprivees.com\/es\/wp-json\/wp\/v2\/product_brand?post=25662"},{"taxonomy":"product_cat","embeddable":true,"href":"https:\/\/lescollectionsprivees.com\/es\/wp-json\/wp\/v2\/product_cat?post=25662"},{"taxonomy":"product_tag","embeddable":true,"href":"https:\/\/lescollectionsprivees.com\/es\/wp-json\/wp\/v2\/product_tag?post=25662"}],"curies":[{"name":"wp","href":"https:\/\/api.w.org\/{rel}","templated":true}]}}