{"id":26430,"date":"2023-10-18T13:47:46","date_gmt":"2023-10-18T13:47:46","guid":{"rendered":"https:\/\/lescollectionsprivees.com\/?post_type=product&#038;p=26430"},"modified":"2023-10-18T13:52:51","modified_gmt":"2023-10-18T13:52:51","slug":"bab-al-hamra-eau-de-parfum","status":"publish","type":"product","link":"https:\/\/lescollectionsprivees.com\/es\/parfum\/eau-de-parfum-bab-al-hamra\/","title":{"rendered":"Agua de perfume Bab Al Hamra 100ml - Ard Al Zaafaran"},"content":{"rendered":"<p>Conoce la\u00a0<strong>Perfume de hombre Bab Al Hamra,<\/strong> una fragancia generosa que captura el esp\u00edritu misterioso y seductor de Oriente. Inspirada en aromas majestuosos, esta fragancia encarna la elegancia y la virilidad. Con sus notas ricas y sensuales, es la elecci\u00f3n perfecta para el hombre moderno que busca una firma olfativa \u00fanica.<\/p>\n<h2><strong>Perfume Bab Al Hamra, \u00a1para notas olfativas fascinantes!<\/strong><\/h2>\n<p>Descubra las notas olfativas de la fragancia Bab Al Hamra.\u00a0<strong>Una mezcla cautivadora<\/strong>\u00a0Las notas de salida de bergamota y cardamomo aportan un sutil frescor.<\/p>\n<p>Luego, en el coraz\u00f3n, notas de rosa y jazm\u00edn se mezclan con c\u00e1lidas especias. La canela y el clavo, por ejemplo, crean un aura encantadora.<\/p>\n<p>Por \u00faltimo, el s\u00e1ndalo, el pachul\u00ed y el almizcle a\u00f1aden una profundidad irresistible a las notas de fondo.<\/p>\n<h2><strong>Por fin, una fragancia duradera.<\/strong><\/h2>\n<p>Esta composici\u00f3n de Ard Al Zaafaran destaca por su fijaci\u00f3n duradera. Gracias a su composici\u00f3n rica en ingredientes de calidad, esta fragancia permanece presente en la piel durante todo el d\u00eda.\u00a0<strong>a lo largo del d\u00eda<\/strong>Sin perder un \u00e1pice de intensidad. Para un d\u00eda de trabajo o una noche especial, es un compa\u00f1ero elegante y refinado.<\/p>\n<h3><strong>Bab Al Hamra: una botella elegante y sofisticada<\/strong><\/h3>\n<p>Al igual que la fragancia para mujeres<strong>\u00a0<a href=\"https:\/\/lescollectionsprivees.com\/es\/fragancia\/bab-al-wardi-eau-de-parfum\/\">Bab al Wardi<\/a><\/strong>El frasco de la fragancia masculina Bab Al Hamra es un reflejo de la fragancia que contiene. Inspirado en la arquitectura oriental, las l\u00edneas depuradas del frasco y los detalles dorados le confieren un aire de elegancia y refinamiento.\u00a0<strong>aspecto lujoso.<\/strong>\u00a0Su dise\u00f1o atemporal la convierte en una pieza de coleccionista por derecho propio, digna de exhibirse con orgullo.<\/p>\n<p>M\u00e1s que una fragancia, es una experiencia olfativa que transporta los sentidos a tierras lejanas. D\u00e9jate seducir por esta fragancia y deja tu huella all\u00e1 donde vayas.<\/p>","protected":false},"excerpt":{"rendered":"<p><strong>Notas olfativas :<\/strong><\/p>\n<p>Naranja, grosella negra, manzana, pera, melocot\u00f3n, jazm\u00edn, azahar, rosa, pachul\u00ed, s\u00e1ndalo, vainilla, almizcle blanco<\/p>\n<p><strong>Tipo<\/strong> Hombre.<\/p>","protected":false},"featured_media":26432,"template":"","meta":[],"product_brand":[],"product_cat":[274,190,207,202,265,206,208,15],"product_tag":[],"class_list":{"0":"post-26430","1":"product","2":"type-product","3":"status-publish","4":"has-post-thumbnail","6":"product_cat-ard-al-zaafaran","7":"product_cat-hommes","8":"product_cat-parfum-fleur-doranger","9":"product_cat-parfum-homme","10":"product_cat-parfum-patchouli","11":"product_cat-parfum-rose","12":"product_cat-parfum-vanille","13":"product_cat-parfums-de-dubai","15":"first","16":"instock","17":"taxable","18":"shipping-taxable","19":"purchasable","20":"product-type-simple"},"yoast_head":"<!-- This site is optimized with the Yoast SEO plugin v27.5 - https:\/\/yoast.com\/product\/yoast-seo-wordpress\/ -->\n<title>Bab Al Hamra | Eau de parfum masculine 100ml | Ard Al Zaafaran<\/title>\n<meta name=\"description\" content=\"Faites la rencontre avec le\u00a0parfum homme Bab Al Hamra, une fragrance g\u00e9n\u00e9reuse qui capture l&#039;esprit myst\u00e9rieux et s\u00e9duisant de l&#039;Orient.\" \/>\n<meta name=\"robots\" content=\"index, follow, max-snippet:-1, max-image-preview:large, max-video-preview:-1\" \/>\n<link rel=\"canonical\" href=\"https:\/\/lescollectionsprivees.com\/es\/fragancia\/bab-al-hamra-eau-de-parfum\/\" \/>\n<meta property=\"og:locale\" content=\"es_ES\" \/>\n<meta property=\"og:type\" content=\"article\" \/>\n<meta property=\"og:title\" content=\"Bab Al Hamra | Eau de parfum masculine 100ml | Ard Al Zaafaran\" \/>\n<meta property=\"og:description\" content=\"Faites la rencontre avec le\u00a0parfum homme Bab Al Hamra, une fragrance g\u00e9n\u00e9reuse qui capture l&#039;esprit myst\u00e9rieux et s\u00e9duisant de l&#039;Orient.\" \/>\n<meta property=\"og:url\" content=\"https:\/\/lescollectionsprivees.com\/es\/fragancia\/bab-al-hamra-eau-de-parfum\/\" \/>\n<meta property=\"og:site_name\" content=\"Les Collections Priv\u00e9es\" \/>\n<meta property=\"article:modified_time\" content=\"2023-10-18T13:52:51+00:00\" \/>\n<meta property=\"og:image\" content=\"https:\/\/lescollectionsprivees.com\/wp-content\/uploads\/2023\/10\/parfum-bab-al-hamra-ard-al-zaafaran.jpg\" \/>\n\t<meta property=\"og:image:width\" content=\"600\" \/>\n\t<meta property=\"og:image:height\" content=\"600\" \/>\n\t<meta property=\"og:image:type\" content=\"image\/jpeg\" \/>\n<meta name=\"twitter:card\" content=\"summary_large_image\" \/>\n<meta name=\"twitter:label1\" content=\"Tiempo de lectura\" \/>\n\t<meta name=\"twitter:data1\" content=\"2 minutos\" \/>\n<script type=\"application\/ld+json\" class=\"yoast-schema-graph\">{\"@context\":\"https:\\\/\\\/schema.org\",\"@graph\":[{\"@type\":\"WebPage\",\"@id\":\"https:\\\/\\\/lescollectionsprivees.com\\\/parfum\\\/eau-de-parfum-bab-al-hamra\\\/\",\"url\":\"https:\\\/\\\/lescollectionsprivees.com\\\/parfum\\\/eau-de-parfum-bab-al-hamra\\\/\",\"name\":\"Bab Al Hamra | Eau de parfum masculine 100ml | Ard Al Zaafaran\",\"isPartOf\":{\"@id\":\"https:\\\/\\\/lescollectionsprivees.com\\\/#website\"},\"primaryImageOfPage\":{\"@id\":\"https:\\\/\\\/lescollectionsprivees.com\\\/parfum\\\/eau-de-parfum-bab-al-hamra\\\/#primaryimage\"},\"image\":{\"@id\":\"https:\\\/\\\/lescollectionsprivees.com\\\/parfum\\\/eau-de-parfum-bab-al-hamra\\\/#primaryimage\"},\"thumbnailUrl\":\"https:\\\/\\\/lescollectionsprivees.com\\\/wp-content\\\/uploads\\\/2023\\\/10\\\/parfum-bab-al-hamra-ard-al-zaafaran.jpg\",\"datePublished\":\"2023-10-18T13:47:46+00:00\",\"dateModified\":\"2023-10-18T13:52:51+00:00\",\"description\":\"Faites la rencontre avec le\u00a0parfum homme Bab Al Hamra, une fragrance g\u00e9n\u00e9reuse qui capture l'esprit myst\u00e9rieux et s\u00e9duisant de l'Orient.\",\"breadcrumb\":{\"@id\":\"https:\\\/\\\/lescollectionsprivees.com\\\/parfum\\\/eau-de-parfum-bab-al-hamra\\\/#breadcrumb\"},\"inLanguage\":\"es\",\"potentialAction\":[{\"@type\":\"ReadAction\",\"target\":[\"https:\\\/\\\/lescollectionsprivees.com\\\/parfum\\\/eau-de-parfum-bab-al-hamra\\\/\"]}]},{\"@type\":\"ImageObject\",\"inLanguage\":\"es\",\"@id\":\"https:\\\/\\\/lescollectionsprivees.com\\\/parfum\\\/eau-de-parfum-bab-al-hamra\\\/#primaryimage\",\"url\":\"https:\\\/\\\/lescollectionsprivees.com\\\/wp-content\\\/uploads\\\/2023\\\/10\\\/parfum-bab-al-hamra-ard-al-zaafaran.jpg\",\"contentUrl\":\"https:\\\/\\\/lescollectionsprivees.com\\\/wp-content\\\/uploads\\\/2023\\\/10\\\/parfum-bab-al-hamra-ard-al-zaafaran.jpg\",\"width\":600,\"height\":600,\"caption\":\"Eau de parfum Bab Al Hamra 100ml \u2013 Ard Al Zaafaran\"},{\"@type\":\"BreadcrumbList\",\"@id\":\"https:\\\/\\\/lescollectionsprivees.com\\\/parfum\\\/eau-de-parfum-bab-al-hamra\\\/#breadcrumb\",\"itemListElement\":[{\"@type\":\"ListItem\",\"position\":1,\"name\":\"Accueil\",\"item\":\"https:\\\/\\\/lescollectionsprivees.com\\\/\"},{\"@type\":\"ListItem\",\"position\":2,\"name\":\"Boutique\",\"item\":\"https:\\\/\\\/lescollectionsprivees.com\\\/boutique\\\/\"},{\"@type\":\"ListItem\",\"position\":3,\"name\":\"Eau de parfum Bab Al Hamra 100ml \u2013 Ard Al Zaafaran\"}]},{\"@type\":\"WebSite\",\"@id\":\"https:\\\/\\\/lescollectionsprivees.com\\\/#website\",\"url\":\"https:\\\/\\\/lescollectionsprivees.com\\\/\",\"name\":\"Les Collections Priv\u00e9es\",\"description\":\"\",\"publisher\":{\"@id\":\"https:\\\/\\\/lescollectionsprivees.com\\\/#organization\"},\"potentialAction\":[{\"@type\":\"SearchAction\",\"target\":{\"@type\":\"EntryPoint\",\"urlTemplate\":\"https:\\\/\\\/lescollectionsprivees.com\\\/?s={search_term_string}\"},\"query-input\":{\"@type\":\"PropertyValueSpecification\",\"valueRequired\":true,\"valueName\":\"search_term_string\"}}],\"inLanguage\":\"es\"},{\"@type\":\"Organization\",\"@id\":\"https:\\\/\\\/lescollectionsprivees.com\\\/#organization\",\"name\":\"Les Collections Priv\u00e9es\",\"url\":\"https:\\\/\\\/lescollectionsprivees.com\\\/\",\"logo\":{\"@type\":\"ImageObject\",\"inLanguage\":\"es\",\"@id\":\"https:\\\/\\\/lescollectionsprivees.com\\\/#\\\/schema\\\/logo\\\/image\\\/\",\"url\":\"https:\\\/\\\/lescollectionsprivees.com\\\/wp-content\\\/uploads\\\/2020\\\/02\\\/Logo-Les-Collections-Priv\u00e9es-450x450-1.png\",\"contentUrl\":\"https:\\\/\\\/lescollectionsprivees.com\\\/wp-content\\\/uploads\\\/2020\\\/02\\\/Logo-Les-Collections-Priv\u00e9es-450x450-1.png\",\"width\":450,\"height\":450,\"caption\":\"Les Collections Priv\u00e9es\"},\"image\":{\"@id\":\"https:\\\/\\\/lescollectionsprivees.com\\\/#\\\/schema\\\/logo\\\/image\\\/\"}}]}<\/script>\n<!-- \/ Yoast SEO plugin. -->","yoast_head_json":{"title":"Bab Al Hamra | Eau de parfum para hombre 100ml | Ard Al Zaafaran","description":"Conozca la fragancia masculina Bab Al Hamra, un aroma generoso que captura el esp\u00edritu misterioso y seductor de Oriente.","robots":{"index":"index","follow":"follow","max-snippet":"max-snippet:-1","max-image-preview":"max-image-preview:large","max-video-preview":"max-video-preview:-1"},"canonical":"https:\/\/lescollectionsprivees.com\/es\/fragancia\/bab-al-hamra-eau-de-parfum\/","og_locale":"es_ES","og_type":"article","og_title":"Bab Al Hamra | Eau de parfum masculine 100ml | Ard Al Zaafaran","og_description":"Faites la rencontre avec le\u00a0parfum homme Bab Al Hamra, une fragrance g\u00e9n\u00e9reuse qui capture l'esprit myst\u00e9rieux et s\u00e9duisant de l'Orient.","og_url":"https:\/\/lescollectionsprivees.com\/es\/fragancia\/bab-al-hamra-eau-de-parfum\/","og_site_name":"Les Collections Priv\u00e9es","article_modified_time":"2023-10-18T13:52:51+00:00","og_image":[{"width":600,"height":600,"url":"https:\/\/lescollectionsprivees.com\/wp-content\/uploads\/2023\/10\/parfum-bab-al-hamra-ard-al-zaafaran.jpg","type":"image\/jpeg"}],"twitter_card":"summary_large_image","twitter_misc":{"Tiempo de lectura":"2 minutos"},"schema":{"@context":"https:\/\/schema.org","@graph":[{"@type":"WebPage","@id":"https:\/\/lescollectionsprivees.com\/parfum\/eau-de-parfum-bab-al-hamra\/","url":"https:\/\/lescollectionsprivees.com\/parfum\/eau-de-parfum-bab-al-hamra\/","name":"Bab Al Hamra | Eau de parfum para hombre 100ml | Ard Al Zaafaran","isPartOf":{"@id":"https:\/\/lescollectionsprivees.com\/#website"},"primaryImageOfPage":{"@id":"https:\/\/lescollectionsprivees.com\/parfum\/eau-de-parfum-bab-al-hamra\/#primaryimage"},"image":{"@id":"https:\/\/lescollectionsprivees.com\/parfum\/eau-de-parfum-bab-al-hamra\/#primaryimage"},"thumbnailUrl":"https:\/\/lescollectionsprivees.com\/wp-content\/uploads\/2023\/10\/parfum-bab-al-hamra-ard-al-zaafaran.jpg","datePublished":"2023-10-18T13:47:46+00:00","dateModified":"2023-10-18T13:52:51+00:00","description":"Conozca la fragancia masculina Bab Al Hamra, un aroma generoso que captura el esp\u00edritu misterioso y seductor de Oriente.","breadcrumb":{"@id":"https:\/\/lescollectionsprivees.com\/parfum\/eau-de-parfum-bab-al-hamra\/#breadcrumb"},"inLanguage":"es","potentialAction":[{"@type":"ReadAction","target":["https:\/\/lescollectionsprivees.com\/parfum\/eau-de-parfum-bab-al-hamra\/"]}]},{"@type":"ImageObject","inLanguage":"es","@id":"https:\/\/lescollectionsprivees.com\/parfum\/eau-de-parfum-bab-al-hamra\/#primaryimage","url":"https:\/\/lescollectionsprivees.com\/wp-content\/uploads\/2023\/10\/parfum-bab-al-hamra-ard-al-zaafaran.jpg","contentUrl":"https:\/\/lescollectionsprivees.com\/wp-content\/uploads\/2023\/10\/parfum-bab-al-hamra-ard-al-zaafaran.jpg","width":600,"height":600,"caption":"Eau de parfum Bab Al Hamra 100ml \u2013 Ard Al Zaafaran"},{"@type":"BreadcrumbList","@id":"https:\/\/lescollectionsprivees.com\/parfum\/eau-de-parfum-bab-al-hamra\/#breadcrumb","itemListElement":[{"@type":"ListItem","position":1,"name":"Accueil","item":"https:\/\/lescollectionsprivees.com\/"},{"@type":"ListItem","position":2,"name":"Boutique","item":"https:\/\/lescollectionsprivees.com\/boutique\/"},{"@type":"ListItem","position":3,"name":"Eau de parfum Bab Al Hamra 100ml \u2013 Ard Al Zaafaran"}]},{"@type":"WebSite","@id":"https:\/\/lescollectionsprivees.com\/#website","url":"https:\/\/lescollectionsprivees.com\/","name":"Colecciones privadas","description":"","publisher":{"@id":"https:\/\/lescollectionsprivees.com\/#organization"},"potentialAction":[{"@type":"SearchAction","target":{"@type":"EntryPoint","urlTemplate":"https:\/\/lescollectionsprivees.com\/?s={search_term_string}"},"query-input":{"@type":"PropertyValueSpecification","valueRequired":true,"valueName":"search_term_string"}}],"inLanguage":"es"},{"@type":"Organization","@id":"https:\/\/lescollectionsprivees.com\/#organization","name":"Colecciones privadas","url":"https:\/\/lescollectionsprivees.com\/","logo":{"@type":"ImageObject","inLanguage":"es","@id":"https:\/\/lescollectionsprivees.com\/#\/schema\/logo\/image\/","url":"https:\/\/lescollectionsprivees.com\/wp-content\/uploads\/2020\/02\/Logo-Les-Collections-Priv\u00e9es-450x450-1.png","contentUrl":"https:\/\/lescollectionsprivees.com\/wp-content\/uploads\/2020\/02\/Logo-Les-Collections-Priv\u00e9es-450x450-1.png","width":450,"height":450,"caption":"Les Collections Priv\u00e9es"},"image":{"@id":"https:\/\/lescollectionsprivees.com\/#\/schema\/logo\/image\/"}}]}},"_links":{"self":[{"href":"https:\/\/lescollectionsprivees.com\/es\/wp-json\/wp\/v2\/product\/26430","targetHints":{"allow":["GET"]}}],"collection":[{"href":"https:\/\/lescollectionsprivees.com\/es\/wp-json\/wp\/v2\/product"}],"about":[{"href":"https:\/\/lescollectionsprivees.com\/es\/wp-json\/wp\/v2\/types\/product"}],"wp:featuredmedia":[{"embeddable":true,"href":"https:\/\/lescollectionsprivees.com\/es\/wp-json\/wp\/v2\/media\/26432"}],"wp:attachment":[{"href":"https:\/\/lescollectionsprivees.com\/es\/wp-json\/wp\/v2\/media?parent=26430"}],"wp:term":[{"taxonomy":"product_brand","embeddable":true,"href":"https:\/\/lescollectionsprivees.com\/es\/wp-json\/wp\/v2\/product_brand?post=26430"},{"taxonomy":"product_cat","embeddable":true,"href":"https:\/\/lescollectionsprivees.com\/es\/wp-json\/wp\/v2\/product_cat?post=26430"},{"taxonomy":"product_tag","embeddable":true,"href":"https:\/\/lescollectionsprivees.com\/es\/wp-json\/wp\/v2\/product_tag?post=26430"}],"curies":[{"name":"wp","href":"https:\/\/api.w.org\/{rel}","templated":true}]}}