{"id":26433,"date":"2023-10-18T13:51:52","date_gmt":"2023-10-18T13:51:52","guid":{"rendered":"https:\/\/lescollectionsprivees.com\/?post_type=product&#038;p=26433"},"modified":"2023-10-18T13:51:53","modified_gmt":"2023-10-18T13:51:53","slug":"bab-al-wardi-eau-de-parfum","status":"publish","type":"product","link":"https:\/\/lescollectionsprivees.com\/es\/parfum\/eau-de-parfum-bab-al-wardi\/","title":{"rendered":"Agua de perfume Bab Al Wardi 100ml - Ard Al Zaafaran"},"content":{"rendered":"<p><strong>Bab Al Wardi por Ard Al Zaafaran<\/strong>\u00a0es una fragancia cautivadora que atraer\u00e1 a los amantes de los aromas florales. Con sus notas olfativas equilibradas, esta fragancia ofrece una experiencia sensorial inolvidable.<\/p>\n<p>D\u00e9jese hechizar por esta creaci\u00f3n olfativa \u00fanica y descubra la belleza y la sofisticaci\u00f3n de una fragancia sin igual...<\/p>\n<h2><strong>Descubra una fragancia cautivadora para los amantes de los aromas florales<\/strong><\/h2>\n<p>Esta fragancia de Ard Al Zaafaran es sin duda una\u00a0<strong>creaci\u00f3n olfativa<\/strong>\u00a0que mezcla armoniosamente aromas florales con notas c\u00e1lidas. De hecho, esta cautivadora fragancia est\u00e1 dise\u00f1ada para los amantes de los aromas florales que buscan una experiencia olfativa \u00fanica y refinada. Con sus frescas notas de salida, sus notas medias florales y especiadas y sus ricas notas de fondo amaderadas, Bab Al Wardi es una fragancia que evoca la belleza.<\/p>\n<h2><strong>Bab Al Wardi: notas olfativas equilibradas para una experiencia sensorial inolvidable<\/strong><\/h2>\n<p>Seduce desde las primeras notas. En primer lugar, las notas de salida incluyen cedro, c\u00edtricos y rosa, que aportan sutileza. A continuaci\u00f3n, las notas de coraz\u00f3n se revelan con<strong>\u00a0arreglos florales<\/strong>Las fragancias de oud, pimienta rosa y pomelo crean un intrigante contraste entre dulzura floral y especias.<\/p>\n<p>Por \u00faltimo, las notas de fondo de oud, \u00e1mbar, notas amaderadas, cedro y pachul\u00ed aportan profundidad y calidez sensual a la fragancia. Juntas, estas notas olfativas equilibradas crean una experiencia sensorial inolvidable.<\/p>\n<h3><strong>\u00a1Entrega r\u00e1pida y asequible para que pueda disfrutar de Bab Al Wardi!<\/strong><\/h3>\n<p>Ahora que ha ca\u00eddo bajo el hechizo de esta magn\u00edfica fragancia, descubra tambi\u00e9n la versi\u00f3n masculina, <a href=\"https:\/\/lescollectionsprivees.com\/es\/fragancia\/bab-al-hamra-eau-de-parfum\/\"><strong>Bab Al Hamra<\/strong><\/a> \u00a1! Procedente de la c\u00e9lebre perfumer\u00eda Ard Al Zaafaran, esta fragancia le seducir\u00e1 con toda seguridad. Adem\u00e1s, gracias a su env\u00edo r\u00e1pido y econ\u00f3mico, podr\u00e1 disfrutar r\u00e1pidamente de su nueva fragancia.<\/p>\n<p>A su tienda en l\u00ednea le gusta presentar\u00a0<strong>fragancias excepcionales<\/strong>Por eso Ard Al Zaafaran estaba en el punto de mira.<\/p>","protected":false},"excerpt":{"rendered":"<p><strong>Notas olfativas :<\/strong><\/p>\n<p><strong>Notas altas<\/strong> Cedro, c\u00edtricos, rosa<br \/>\n<strong>Notas de coraz\u00f3n<\/strong> Flores, oud, pimienta rosa, pomelo<br \/>\n<strong>Notas de fondo<\/strong> Oud, \u00e1mbar, notas amaderadas, cedro, pachul\u00ed<\/p>\n<p><strong>Tipo<\/strong> Femenino.<\/p>","protected":false},"featured_media":26431,"template":"","meta":[],"product_brand":[],"product_cat":[274,192,201,238,265,206,15],"product_tag":[],"class_list":{"0":"post-26433","1":"product","2":"type-product","3":"status-publish","4":"has-post-thumbnail","6":"product_cat-ard-al-zaafaran","7":"product_cat-femmes-parfums-occidentaux","8":"product_cat-parfum-femme","9":"product_cat-parfum-oud","10":"product_cat-parfum-patchouli","11":"product_cat-parfum-rose","12":"product_cat-parfums-de-dubai","14":"first","15":"instock","16":"taxable","17":"shipping-taxable","18":"purchasable","19":"product-type-simple"},"yoast_head":"<!-- This site is optimized with the Yoast SEO plugin v27.5 - https:\/\/yoast.com\/product\/yoast-seo-wordpress\/ -->\n<title>Bab Al Wardi | Eau de parfum f\u00e9minine 100ml | Ard Al Zaafaran<\/title>\n<meta name=\"description\" content=\"Bab Al Wardi par Ard Al Zaafaran\u00a0est un parfum captivant qui s\u00e9duit les amateurs de parfums floraux. Adoptez-l\u00e0 sans plus attendre !\" \/>\n<meta name=\"robots\" content=\"index, follow, max-snippet:-1, max-image-preview:large, max-video-preview:-1\" \/>\n<link rel=\"canonical\" href=\"https:\/\/lescollectionsprivees.com\/es\/fragancia\/bab-al-wardi-eau-de-parfum\/\" \/>\n<meta property=\"og:locale\" content=\"es_ES\" \/>\n<meta property=\"og:type\" content=\"article\" \/>\n<meta property=\"og:title\" content=\"Bab Al Wardi | Eau de parfum f\u00e9minine 100ml | Ard Al Zaafaran\" \/>\n<meta property=\"og:description\" content=\"Bab Al Wardi par Ard Al Zaafaran\u00a0est un parfum captivant qui s\u00e9duit les amateurs de parfums floraux. Adoptez-l\u00e0 sans plus attendre !\" \/>\n<meta property=\"og:url\" content=\"https:\/\/lescollectionsprivees.com\/es\/fragancia\/bab-al-wardi-eau-de-parfum\/\" \/>\n<meta property=\"og:site_name\" content=\"Les Collections Priv\u00e9es\" \/>\n<meta property=\"article:modified_time\" content=\"2023-10-18T13:51:53+00:00\" \/>\n<meta property=\"og:image\" content=\"https:\/\/lescollectionsprivees.com\/wp-content\/uploads\/2023\/10\/bab-al-wardi-ard-al-zaafaran.jpg\" \/>\n\t<meta property=\"og:image:width\" content=\"600\" \/>\n\t<meta property=\"og:image:height\" content=\"600\" \/>\n\t<meta property=\"og:image:type\" content=\"image\/jpeg\" \/>\n<meta name=\"twitter:card\" content=\"summary_large_image\" \/>\n<meta name=\"twitter:label1\" content=\"Tiempo de lectura\" \/>\n\t<meta name=\"twitter:data1\" content=\"2 minutos\" \/>\n<script type=\"application\/ld+json\" class=\"yoast-schema-graph\">{\"@context\":\"https:\\\/\\\/schema.org\",\"@graph\":[{\"@type\":\"WebPage\",\"@id\":\"https:\\\/\\\/lescollectionsprivees.com\\\/parfum\\\/eau-de-parfum-bab-al-wardi\\\/\",\"url\":\"https:\\\/\\\/lescollectionsprivees.com\\\/parfum\\\/eau-de-parfum-bab-al-wardi\\\/\",\"name\":\"Bab Al Wardi | Eau de parfum f\u00e9minine 100ml | Ard Al Zaafaran\",\"isPartOf\":{\"@id\":\"https:\\\/\\\/lescollectionsprivees.com\\\/#website\"},\"primaryImageOfPage\":{\"@id\":\"https:\\\/\\\/lescollectionsprivees.com\\\/parfum\\\/eau-de-parfum-bab-al-wardi\\\/#primaryimage\"},\"image\":{\"@id\":\"https:\\\/\\\/lescollectionsprivees.com\\\/parfum\\\/eau-de-parfum-bab-al-wardi\\\/#primaryimage\"},\"thumbnailUrl\":\"https:\\\/\\\/lescollectionsprivees.com\\\/wp-content\\\/uploads\\\/2023\\\/10\\\/bab-al-wardi-ard-al-zaafaran.jpg\",\"datePublished\":\"2023-10-18T13:51:52+00:00\",\"dateModified\":\"2023-10-18T13:51:53+00:00\",\"description\":\"Bab Al Wardi par Ard Al Zaafaran\u00a0est un parfum captivant qui s\u00e9duit les amateurs de parfums floraux. Adoptez-l\u00e0 sans plus attendre !\",\"breadcrumb\":{\"@id\":\"https:\\\/\\\/lescollectionsprivees.com\\\/parfum\\\/eau-de-parfum-bab-al-wardi\\\/#breadcrumb\"},\"inLanguage\":\"es\",\"potentialAction\":[{\"@type\":\"ReadAction\",\"target\":[\"https:\\\/\\\/lescollectionsprivees.com\\\/parfum\\\/eau-de-parfum-bab-al-wardi\\\/\"]}]},{\"@type\":\"ImageObject\",\"inLanguage\":\"es\",\"@id\":\"https:\\\/\\\/lescollectionsprivees.com\\\/parfum\\\/eau-de-parfum-bab-al-wardi\\\/#primaryimage\",\"url\":\"https:\\\/\\\/lescollectionsprivees.com\\\/wp-content\\\/uploads\\\/2023\\\/10\\\/bab-al-wardi-ard-al-zaafaran.jpg\",\"contentUrl\":\"https:\\\/\\\/lescollectionsprivees.com\\\/wp-content\\\/uploads\\\/2023\\\/10\\\/bab-al-wardi-ard-al-zaafaran.jpg\",\"width\":600,\"height\":600,\"caption\":\"Eau de parfum Bab Al Wardi 100ml \u2013 Ard Al Zaafaran\"},{\"@type\":\"BreadcrumbList\",\"@id\":\"https:\\\/\\\/lescollectionsprivees.com\\\/parfum\\\/eau-de-parfum-bab-al-wardi\\\/#breadcrumb\",\"itemListElement\":[{\"@type\":\"ListItem\",\"position\":1,\"name\":\"Accueil\",\"item\":\"https:\\\/\\\/lescollectionsprivees.com\\\/\"},{\"@type\":\"ListItem\",\"position\":2,\"name\":\"Boutique\",\"item\":\"https:\\\/\\\/lescollectionsprivees.com\\\/boutique\\\/\"},{\"@type\":\"ListItem\",\"position\":3,\"name\":\"Eau de parfum Bab Al Wardi 100ml \u2013 Ard Al Zaafaran\"}]},{\"@type\":\"WebSite\",\"@id\":\"https:\\\/\\\/lescollectionsprivees.com\\\/#website\",\"url\":\"https:\\\/\\\/lescollectionsprivees.com\\\/\",\"name\":\"Les Collections Priv\u00e9es\",\"description\":\"\",\"publisher\":{\"@id\":\"https:\\\/\\\/lescollectionsprivees.com\\\/#organization\"},\"potentialAction\":[{\"@type\":\"SearchAction\",\"target\":{\"@type\":\"EntryPoint\",\"urlTemplate\":\"https:\\\/\\\/lescollectionsprivees.com\\\/?s={search_term_string}\"},\"query-input\":{\"@type\":\"PropertyValueSpecification\",\"valueRequired\":true,\"valueName\":\"search_term_string\"}}],\"inLanguage\":\"es\"},{\"@type\":\"Organization\",\"@id\":\"https:\\\/\\\/lescollectionsprivees.com\\\/#organization\",\"name\":\"Les Collections Priv\u00e9es\",\"url\":\"https:\\\/\\\/lescollectionsprivees.com\\\/\",\"logo\":{\"@type\":\"ImageObject\",\"inLanguage\":\"es\",\"@id\":\"https:\\\/\\\/lescollectionsprivees.com\\\/#\\\/schema\\\/logo\\\/image\\\/\",\"url\":\"https:\\\/\\\/lescollectionsprivees.com\\\/wp-content\\\/uploads\\\/2020\\\/02\\\/Logo-Les-Collections-Priv\u00e9es-450x450-1.png\",\"contentUrl\":\"https:\\\/\\\/lescollectionsprivees.com\\\/wp-content\\\/uploads\\\/2020\\\/02\\\/Logo-Les-Collections-Priv\u00e9es-450x450-1.png\",\"width\":450,\"height\":450,\"caption\":\"Les Collections Priv\u00e9es\"},\"image\":{\"@id\":\"https:\\\/\\\/lescollectionsprivees.com\\\/#\\\/schema\\\/logo\\\/image\\\/\"}}]}<\/script>\n<!-- \/ Yoast SEO plugin. -->","yoast_head_json":{"title":"Bab Al Wardi | Eau de parfum para mujer 100ml | Ard Al Zaafaran","description":"Bab Al Wardi de Ard Al Zaafaran es una fragancia cautivadora que gustar\u00e1 a los amantes de los aromas florales. \u00a1Ad\u00f3ptela sin m\u00e1s dilaci\u00f3n!","robots":{"index":"index","follow":"follow","max-snippet":"max-snippet:-1","max-image-preview":"max-image-preview:large","max-video-preview":"max-video-preview:-1"},"canonical":"https:\/\/lescollectionsprivees.com\/es\/fragancia\/bab-al-wardi-eau-de-parfum\/","og_locale":"es_ES","og_type":"article","og_title":"Bab Al Wardi | Eau de parfum f\u00e9minine 100ml | Ard Al Zaafaran","og_description":"Bab Al Wardi par Ard Al Zaafaran\u00a0est un parfum captivant qui s\u00e9duit les amateurs de parfums floraux. Adoptez-l\u00e0 sans plus attendre !","og_url":"https:\/\/lescollectionsprivees.com\/es\/fragancia\/bab-al-wardi-eau-de-parfum\/","og_site_name":"Les Collections Priv\u00e9es","article_modified_time":"2023-10-18T13:51:53+00:00","og_image":[{"width":600,"height":600,"url":"https:\/\/lescollectionsprivees.com\/wp-content\/uploads\/2023\/10\/bab-al-wardi-ard-al-zaafaran.jpg","type":"image\/jpeg"}],"twitter_card":"summary_large_image","twitter_misc":{"Tiempo de lectura":"2 minutos"},"schema":{"@context":"https:\/\/schema.org","@graph":[{"@type":"WebPage","@id":"https:\/\/lescollectionsprivees.com\/parfum\/eau-de-parfum-bab-al-wardi\/","url":"https:\/\/lescollectionsprivees.com\/parfum\/eau-de-parfum-bab-al-wardi\/","name":"Bab Al Wardi | Eau de parfum para mujer 100ml | Ard Al Zaafaran","isPartOf":{"@id":"https:\/\/lescollectionsprivees.com\/#website"},"primaryImageOfPage":{"@id":"https:\/\/lescollectionsprivees.com\/parfum\/eau-de-parfum-bab-al-wardi\/#primaryimage"},"image":{"@id":"https:\/\/lescollectionsprivees.com\/parfum\/eau-de-parfum-bab-al-wardi\/#primaryimage"},"thumbnailUrl":"https:\/\/lescollectionsprivees.com\/wp-content\/uploads\/2023\/10\/bab-al-wardi-ard-al-zaafaran.jpg","datePublished":"2023-10-18T13:51:52+00:00","dateModified":"2023-10-18T13:51:53+00:00","description":"Bab Al Wardi de Ard Al Zaafaran es una fragancia cautivadora que gustar\u00e1 a los amantes de los aromas florales. \u00a1Ad\u00f3ptela sin m\u00e1s dilaci\u00f3n!","breadcrumb":{"@id":"https:\/\/lescollectionsprivees.com\/parfum\/eau-de-parfum-bab-al-wardi\/#breadcrumb"},"inLanguage":"es","potentialAction":[{"@type":"ReadAction","target":["https:\/\/lescollectionsprivees.com\/parfum\/eau-de-parfum-bab-al-wardi\/"]}]},{"@type":"ImageObject","inLanguage":"es","@id":"https:\/\/lescollectionsprivees.com\/parfum\/eau-de-parfum-bab-al-wardi\/#primaryimage","url":"https:\/\/lescollectionsprivees.com\/wp-content\/uploads\/2023\/10\/bab-al-wardi-ard-al-zaafaran.jpg","contentUrl":"https:\/\/lescollectionsprivees.com\/wp-content\/uploads\/2023\/10\/bab-al-wardi-ard-al-zaafaran.jpg","width":600,"height":600,"caption":"Eau de parfum Bab Al Wardi 100ml \u2013 Ard Al Zaafaran"},{"@type":"BreadcrumbList","@id":"https:\/\/lescollectionsprivees.com\/parfum\/eau-de-parfum-bab-al-wardi\/#breadcrumb","itemListElement":[{"@type":"ListItem","position":1,"name":"Accueil","item":"https:\/\/lescollectionsprivees.com\/"},{"@type":"ListItem","position":2,"name":"Boutique","item":"https:\/\/lescollectionsprivees.com\/boutique\/"},{"@type":"ListItem","position":3,"name":"Eau de parfum Bab Al Wardi 100ml \u2013 Ard Al Zaafaran"}]},{"@type":"WebSite","@id":"https:\/\/lescollectionsprivees.com\/#website","url":"https:\/\/lescollectionsprivees.com\/","name":"Colecciones privadas","description":"","publisher":{"@id":"https:\/\/lescollectionsprivees.com\/#organization"},"potentialAction":[{"@type":"SearchAction","target":{"@type":"EntryPoint","urlTemplate":"https:\/\/lescollectionsprivees.com\/?s={search_term_string}"},"query-input":{"@type":"PropertyValueSpecification","valueRequired":true,"valueName":"search_term_string"}}],"inLanguage":"es"},{"@type":"Organization","@id":"https:\/\/lescollectionsprivees.com\/#organization","name":"Colecciones privadas","url":"https:\/\/lescollectionsprivees.com\/","logo":{"@type":"ImageObject","inLanguage":"es","@id":"https:\/\/lescollectionsprivees.com\/#\/schema\/logo\/image\/","url":"https:\/\/lescollectionsprivees.com\/wp-content\/uploads\/2020\/02\/Logo-Les-Collections-Priv\u00e9es-450x450-1.png","contentUrl":"https:\/\/lescollectionsprivees.com\/wp-content\/uploads\/2020\/02\/Logo-Les-Collections-Priv\u00e9es-450x450-1.png","width":450,"height":450,"caption":"Les Collections Priv\u00e9es"},"image":{"@id":"https:\/\/lescollectionsprivees.com\/#\/schema\/logo\/image\/"}}]}},"_links":{"self":[{"href":"https:\/\/lescollectionsprivees.com\/es\/wp-json\/wp\/v2\/product\/26433","targetHints":{"allow":["GET"]}}],"collection":[{"href":"https:\/\/lescollectionsprivees.com\/es\/wp-json\/wp\/v2\/product"}],"about":[{"href":"https:\/\/lescollectionsprivees.com\/es\/wp-json\/wp\/v2\/types\/product"}],"wp:featuredmedia":[{"embeddable":true,"href":"https:\/\/lescollectionsprivees.com\/es\/wp-json\/wp\/v2\/media\/26431"}],"wp:attachment":[{"href":"https:\/\/lescollectionsprivees.com\/es\/wp-json\/wp\/v2\/media?parent=26433"}],"wp:term":[{"taxonomy":"product_brand","embeddable":true,"href":"https:\/\/lescollectionsprivees.com\/es\/wp-json\/wp\/v2\/product_brand?post=26433"},{"taxonomy":"product_cat","embeddable":true,"href":"https:\/\/lescollectionsprivees.com\/es\/wp-json\/wp\/v2\/product_cat?post=26433"},{"taxonomy":"product_tag","embeddable":true,"href":"https:\/\/lescollectionsprivees.com\/es\/wp-json\/wp\/v2\/product_tag?post=26433"}],"curies":[{"name":"wp","href":"https:\/\/api.w.org\/{rel}","templated":true}]}}