{"id":26664,"date":"2023-11-08T09:03:53","date_gmt":"2023-11-08T09:03:53","guid":{"rendered":"https:\/\/lescollectionsprivees.com\/?post_type=product&#038;p=26664"},"modified":"2024-08-24T10:13:07","modified_gmt":"2024-08-24T10:13:07","slug":"asateer-eau-de-parfum","status":"publish","type":"product","link":"https:\/\/lescollectionsprivees.com\/es\/parfum\/eau-de-parfum-asateer\/","title":{"rendered":"Asateer Eau de Parfum 100ml - Nabeel Perfumes"},"content":{"rendered":"<p>D\u00e9jese seducir por esta fragancia tan seductora como cautivadora. De hecho<strong>Agua de perfume Asateer<\/strong>\u00a0es una creaci\u00f3n\u00a0<strong>deliciosamente complejo, despertando nuestros sentidos hasta la \u00faltima gota.<\/strong>\u00a0Perm\u00edtanos presentarle sin m\u00e1s dilaci\u00f3n esta fragancia absolutamente refinada.<\/p>\n<h2><strong>L\u00e1nzate a la aventura con esta creaci\u00f3n de Nabeel Perfumes<\/strong><\/h2>\n<p>Al tim\u00f3n de este tentador viaje olfativo se encuentra una casa de perfumes\u00a0<strong>elocuentemente noble. Y deslumbrante calidad.\u00a0<\/strong><\/p>\n<p>De hecho, Nabeel Perfumes es\u00a0<strong>un saber hacer ancestral en el \u00e1mbito de la perfumer\u00eda oriental.<\/strong>\u00a0<strong>Un ajuste moderno e innovador<\/strong>\u00a0seductora.<\/p>\n<p>Elegir Nabeel es garant\u00eda de calidad y exquisitez. As\u00ed que no tarde en descubrir\u00a0<strong>Asateer, reflejando la preciosidad de estas fragantes joyas.<\/strong><\/p>\n<h2><strong>Asateer eau de parfum: cuando complejidad rima con sensualidad<\/strong><\/h2>\n<p>El rastro de este memorable elixir te lleva a un viaje de\u00a0<strong>aromas frescos, salvajes y suaves.<\/strong>\u00a0Y con raz\u00f3n, esta excelente composici\u00f3n se basa en\u00a0<strong>notas de acidez, flores y almizcle.<\/strong>\u00a0Es un c\u00f3ctel que seguro nos transportar\u00e1 con aromas de todo el mundo.<\/p>\n<p>En las primeras notas de Asateer, descubrimos\u00a0<strong>aromas de c\u00edtricos, pomelo, nardo y neroli.<\/strong>\u00a0A continuaci\u00f3n, un toque de especias anuncia el sabroso coraz\u00f3n de esta exquisita fragancia. Las notas de coraz\u00f3n son la mezcla perfecta de flores preciosas y frutas ex\u00f3ticas. Como es\u00a0<strong>jazm\u00edn, magnolia, peon\u00eda rosa, azahar y lichi.<\/strong>\u00a0Por \u00faltimo, nos fundimos en la sensual conclusi\u00f3n de esta maravilla.\u00a0<strong>Oud, almizcle \u00e1mbar y mate<\/strong>\u00a0agasajarnos con\u00a0<strong>\u00a1su voluptuosidad y tenacidad!\u00a0<\/strong><\/p>\n<h3><strong>Ampl\u00ede el placer con nuestra selecci\u00f3n Nabeel<\/strong><\/h3>\n<p>Si desea descubrir los dem\u00e1s tesoros que hemos seleccionado para usted del perfumista Nabeel, no se pierda la categor\u00eda dedicada a \u00e9l en nuestra boutique. Aqu\u00ed podr\u00e1 saborear otras pepitas preciosas. Entre ellas<strong>agua de perfume<\/strong>\u00a0<strong><a href=\"https:\/\/lescollectionsprivees.com\/es\/fragancia\/eau-de-parfum-dahn-al-oud\/\">Dahn al oud<\/a>, <a href=\"https:\/\/lescollectionsprivees.com\/es\/fragancia\/maghateer-eau-de-parfum\/\">Maghateer<\/a> o incluso <a href=\"https:\/\/lescollectionsprivees.com\/es\/fragancia\/eau-de-parfum-al-bashiq\/\">Al Bashiq<\/a>.\u00a0<\/strong><\/p>","protected":false},"excerpt":{"rendered":"<p><strong>Notas olfativas :<\/strong><\/p>\n<p><strong>Notas altas<\/strong> Cashmeran, cuero, p\u00e1mpano, tuberosa, azafr\u00e1n, neroli, notas marinas y c\u00edtricas<br \/>\n<strong>Notas de coraz\u00f3n<\/strong> Azahar, Magnolia, Papiro, Oud, Peon\u00eda rosa, Jazm\u00edn y Litchi<br \/>\n<strong>Notas de fondo<\/strong> \u00c1mbar, almizcle y mate.<\/p>","protected":false},"featured_media":26669,"template":"","meta":[],"product_brand":[],"product_cat":[278,203,201,202,265,208],"product_tag":[],"class_list":{"0":"post-26664","1":"product","2":"type-product","3":"status-publish","4":"has-post-thumbnail","6":"product_cat-nabeel-perfumes","7":"product_cat-parfum-ambre","8":"product_cat-parfum-femme","9":"product_cat-parfum-homme","10":"product_cat-parfum-patchouli","11":"product_cat-parfum-vanille","13":"first","14":"instock","15":"taxable","16":"shipping-taxable","17":"purchasable","18":"product-type-simple"},"yoast_head":"<!-- This site is optimized with the Yoast SEO plugin v27.5 - https:\/\/yoast.com\/product\/yoast-seo-wordpress\/ -->\n<title>Asateer | Eau de parfum 100ml | Nabeel Perfumes<\/title>\n<meta name=\"description\" content=\"L&#039;eau de parfum Asateer\u00a0est une cr\u00e9ation\u00a0d\u00e9licieusement complexe qui \u00e9veille nos sens jusqu&#039;aux derni\u00e8res gouttelettes. Adoptez-l\u00e0 !\" \/>\n<meta name=\"robots\" content=\"index, follow, max-snippet:-1, max-image-preview:large, max-video-preview:-1\" \/>\n<link rel=\"canonical\" href=\"https:\/\/lescollectionsprivees.com\/es\/fragancia\/asateer-eau-de-parfum\/\" \/>\n<meta property=\"og:locale\" content=\"es_ES\" \/>\n<meta property=\"og:type\" content=\"article\" \/>\n<meta property=\"og:title\" content=\"Asateer | Eau de parfum 100ml | Nabeel Perfumes\" \/>\n<meta property=\"og:description\" content=\"L&#039;eau de parfum Asateer\u00a0est une cr\u00e9ation\u00a0d\u00e9licieusement complexe qui \u00e9veille nos sens jusqu&#039;aux derni\u00e8res gouttelettes. Adoptez-l\u00e0 !\" \/>\n<meta property=\"og:url\" content=\"https:\/\/lescollectionsprivees.com\/es\/fragancia\/asateer-eau-de-parfum\/\" \/>\n<meta property=\"og:site_name\" content=\"Les Collections Priv\u00e9es\" \/>\n<meta property=\"article:modified_time\" content=\"2024-08-24T10:13:07+00:00\" \/>\n<meta property=\"og:image\" content=\"https:\/\/lescollectionsprivees.com\/wp-content\/uploads\/2023\/11\/Eau-de-parfum-Asateer-100ml-Nabeel-Perfumes.jpg\" \/>\n\t<meta property=\"og:image:width\" content=\"600\" \/>\n\t<meta property=\"og:image:height\" content=\"600\" \/>\n\t<meta property=\"og:image:type\" content=\"image\/jpeg\" \/>\n<meta name=\"twitter:card\" content=\"summary_large_image\" \/>\n<meta name=\"twitter:label1\" content=\"Tiempo de lectura\" \/>\n\t<meta name=\"twitter:data1\" content=\"2 minutos\" \/>\n<script type=\"application\/ld+json\" class=\"yoast-schema-graph\">{\"@context\":\"https:\\\/\\\/schema.org\",\"@graph\":[{\"@type\":\"WebPage\",\"@id\":\"https:\\\/\\\/lescollectionsprivees.com\\\/parfum\\\/eau-de-parfum-asateer\\\/\",\"url\":\"https:\\\/\\\/lescollectionsprivees.com\\\/parfum\\\/eau-de-parfum-asateer\\\/\",\"name\":\"Asateer | Eau de parfum 100ml | Nabeel Perfumes\",\"isPartOf\":{\"@id\":\"https:\\\/\\\/lescollectionsprivees.com\\\/#website\"},\"primaryImageOfPage\":{\"@id\":\"https:\\\/\\\/lescollectionsprivees.com\\\/parfum\\\/eau-de-parfum-asateer\\\/#primaryimage\"},\"image\":{\"@id\":\"https:\\\/\\\/lescollectionsprivees.com\\\/parfum\\\/eau-de-parfum-asateer\\\/#primaryimage\"},\"thumbnailUrl\":\"https:\\\/\\\/lescollectionsprivees.com\\\/wp-content\\\/uploads\\\/2023\\\/11\\\/Eau-de-parfum-Asateer-100ml-Nabeel-Perfumes.jpg\",\"datePublished\":\"2023-11-08T09:03:53+00:00\",\"dateModified\":\"2024-08-24T10:13:07+00:00\",\"description\":\"L'eau de parfum Asateer\u00a0est une cr\u00e9ation\u00a0d\u00e9licieusement complexe qui \u00e9veille nos sens jusqu'aux derni\u00e8res gouttelettes. Adoptez-l\u00e0 !\",\"breadcrumb\":{\"@id\":\"https:\\\/\\\/lescollectionsprivees.com\\\/parfum\\\/eau-de-parfum-asateer\\\/#breadcrumb\"},\"inLanguage\":\"es\",\"potentialAction\":[{\"@type\":\"ReadAction\",\"target\":[\"https:\\\/\\\/lescollectionsprivees.com\\\/parfum\\\/eau-de-parfum-asateer\\\/\"]}]},{\"@type\":\"ImageObject\",\"inLanguage\":\"es\",\"@id\":\"https:\\\/\\\/lescollectionsprivees.com\\\/parfum\\\/eau-de-parfum-asateer\\\/#primaryimage\",\"url\":\"https:\\\/\\\/lescollectionsprivees.com\\\/wp-content\\\/uploads\\\/2023\\\/11\\\/Eau-de-parfum-Asateer-100ml-Nabeel-Perfumes.jpg\",\"contentUrl\":\"https:\\\/\\\/lescollectionsprivees.com\\\/wp-content\\\/uploads\\\/2023\\\/11\\\/Eau-de-parfum-Asateer-100ml-Nabeel-Perfumes.jpg\",\"width\":600,\"height\":600,\"caption\":\"Eau de parfum Asateer 100ml - Nabeel Perfumes\"},{\"@type\":\"BreadcrumbList\",\"@id\":\"https:\\\/\\\/lescollectionsprivees.com\\\/parfum\\\/eau-de-parfum-asateer\\\/#breadcrumb\",\"itemListElement\":[{\"@type\":\"ListItem\",\"position\":1,\"name\":\"Accueil\",\"item\":\"https:\\\/\\\/lescollectionsprivees.com\\\/\"},{\"@type\":\"ListItem\",\"position\":2,\"name\":\"Boutique\",\"item\":\"https:\\\/\\\/lescollectionsprivees.com\\\/boutique\\\/\"},{\"@type\":\"ListItem\",\"position\":3,\"name\":\"Eau de parfum Asateer 100ml &#8211; Nabeel Perfumes\"}]},{\"@type\":\"WebSite\",\"@id\":\"https:\\\/\\\/lescollectionsprivees.com\\\/#website\",\"url\":\"https:\\\/\\\/lescollectionsprivees.com\\\/\",\"name\":\"Les Collections Priv\u00e9es\",\"description\":\"\",\"publisher\":{\"@id\":\"https:\\\/\\\/lescollectionsprivees.com\\\/#organization\"},\"potentialAction\":[{\"@type\":\"SearchAction\",\"target\":{\"@type\":\"EntryPoint\",\"urlTemplate\":\"https:\\\/\\\/lescollectionsprivees.com\\\/?s={search_term_string}\"},\"query-input\":{\"@type\":\"PropertyValueSpecification\",\"valueRequired\":true,\"valueName\":\"search_term_string\"}}],\"inLanguage\":\"es\"},{\"@type\":\"Organization\",\"@id\":\"https:\\\/\\\/lescollectionsprivees.com\\\/#organization\",\"name\":\"Les Collections Priv\u00e9es\",\"url\":\"https:\\\/\\\/lescollectionsprivees.com\\\/\",\"logo\":{\"@type\":\"ImageObject\",\"inLanguage\":\"es\",\"@id\":\"https:\\\/\\\/lescollectionsprivees.com\\\/#\\\/schema\\\/logo\\\/image\\\/\",\"url\":\"https:\\\/\\\/lescollectionsprivees.com\\\/wp-content\\\/uploads\\\/2020\\\/02\\\/Logo-Les-Collections-Priv\u00e9es-450x450-1.png\",\"contentUrl\":\"https:\\\/\\\/lescollectionsprivees.com\\\/wp-content\\\/uploads\\\/2020\\\/02\\\/Logo-Les-Collections-Priv\u00e9es-450x450-1.png\",\"width\":450,\"height\":450,\"caption\":\"Les Collections Priv\u00e9es\"},\"image\":{\"@id\":\"https:\\\/\\\/lescollectionsprivees.com\\\/#\\\/schema\\\/logo\\\/image\\\/\"}}]}<\/script>\n<!-- \/ Yoast SEO plugin. -->","yoast_head_json":{"title":"Asateer | Eau de parfum 100ml | Nabeel Perfumes","description":"El eau de parfum Asateer es una creaci\u00f3n deliciosamente compleja que despierta nuestros sentidos hasta la \u00faltima gota. \u00a1H\u00e1gala suya!","robots":{"index":"index","follow":"follow","max-snippet":"max-snippet:-1","max-image-preview":"max-image-preview:large","max-video-preview":"max-video-preview:-1"},"canonical":"https:\/\/lescollectionsprivees.com\/es\/fragancia\/asateer-eau-de-parfum\/","og_locale":"es_ES","og_type":"article","og_title":"Asateer | Eau de parfum 100ml | Nabeel Perfumes","og_description":"L'eau de parfum Asateer\u00a0est une cr\u00e9ation\u00a0d\u00e9licieusement complexe qui \u00e9veille nos sens jusqu'aux derni\u00e8res gouttelettes. Adoptez-l\u00e0 !","og_url":"https:\/\/lescollectionsprivees.com\/es\/fragancia\/asateer-eau-de-parfum\/","og_site_name":"Les Collections Priv\u00e9es","article_modified_time":"2024-08-24T10:13:07+00:00","og_image":[{"width":600,"height":600,"url":"https:\/\/lescollectionsprivees.com\/wp-content\/uploads\/2023\/11\/Eau-de-parfum-Asateer-100ml-Nabeel-Perfumes.jpg","type":"image\/jpeg"}],"twitter_card":"summary_large_image","twitter_misc":{"Tiempo de lectura":"2 minutos"},"schema":{"@context":"https:\/\/schema.org","@graph":[{"@type":"WebPage","@id":"https:\/\/lescollectionsprivees.com\/parfum\/eau-de-parfum-asateer\/","url":"https:\/\/lescollectionsprivees.com\/parfum\/eau-de-parfum-asateer\/","name":"Asateer | Eau de parfum 100ml | Nabeel Perfumes","isPartOf":{"@id":"https:\/\/lescollectionsprivees.com\/#website"},"primaryImageOfPage":{"@id":"https:\/\/lescollectionsprivees.com\/parfum\/eau-de-parfum-asateer\/#primaryimage"},"image":{"@id":"https:\/\/lescollectionsprivees.com\/parfum\/eau-de-parfum-asateer\/#primaryimage"},"thumbnailUrl":"https:\/\/lescollectionsprivees.com\/wp-content\/uploads\/2023\/11\/Eau-de-parfum-Asateer-100ml-Nabeel-Perfumes.jpg","datePublished":"2023-11-08T09:03:53+00:00","dateModified":"2024-08-24T10:13:07+00:00","description":"El eau de parfum Asateer es una creaci\u00f3n deliciosamente compleja que despierta nuestros sentidos hasta la \u00faltima gota. \u00a1H\u00e1gala suya!","breadcrumb":{"@id":"https:\/\/lescollectionsprivees.com\/parfum\/eau-de-parfum-asateer\/#breadcrumb"},"inLanguage":"es","potentialAction":[{"@type":"ReadAction","target":["https:\/\/lescollectionsprivees.com\/parfum\/eau-de-parfum-asateer\/"]}]},{"@type":"ImageObject","inLanguage":"es","@id":"https:\/\/lescollectionsprivees.com\/parfum\/eau-de-parfum-asateer\/#primaryimage","url":"https:\/\/lescollectionsprivees.com\/wp-content\/uploads\/2023\/11\/Eau-de-parfum-Asateer-100ml-Nabeel-Perfumes.jpg","contentUrl":"https:\/\/lescollectionsprivees.com\/wp-content\/uploads\/2023\/11\/Eau-de-parfum-Asateer-100ml-Nabeel-Perfumes.jpg","width":600,"height":600,"caption":"Eau de parfum Asateer 100ml - Nabeel Perfumes"},{"@type":"BreadcrumbList","@id":"https:\/\/lescollectionsprivees.com\/parfum\/eau-de-parfum-asateer\/#breadcrumb","itemListElement":[{"@type":"ListItem","position":1,"name":"Accueil","item":"https:\/\/lescollectionsprivees.com\/"},{"@type":"ListItem","position":2,"name":"Boutique","item":"https:\/\/lescollectionsprivees.com\/boutique\/"},{"@type":"ListItem","position":3,"name":"Eau de parfum Asateer 100ml &#8211; Nabeel Perfumes"}]},{"@type":"WebSite","@id":"https:\/\/lescollectionsprivees.com\/#website","url":"https:\/\/lescollectionsprivees.com\/","name":"Colecciones privadas","description":"","publisher":{"@id":"https:\/\/lescollectionsprivees.com\/#organization"},"potentialAction":[{"@type":"SearchAction","target":{"@type":"EntryPoint","urlTemplate":"https:\/\/lescollectionsprivees.com\/?s={search_term_string}"},"query-input":{"@type":"PropertyValueSpecification","valueRequired":true,"valueName":"search_term_string"}}],"inLanguage":"es"},{"@type":"Organization","@id":"https:\/\/lescollectionsprivees.com\/#organization","name":"Colecciones privadas","url":"https:\/\/lescollectionsprivees.com\/","logo":{"@type":"ImageObject","inLanguage":"es","@id":"https:\/\/lescollectionsprivees.com\/#\/schema\/logo\/image\/","url":"https:\/\/lescollectionsprivees.com\/wp-content\/uploads\/2020\/02\/Logo-Les-Collections-Priv\u00e9es-450x450-1.png","contentUrl":"https:\/\/lescollectionsprivees.com\/wp-content\/uploads\/2020\/02\/Logo-Les-Collections-Priv\u00e9es-450x450-1.png","width":450,"height":450,"caption":"Les Collections Priv\u00e9es"},"image":{"@id":"https:\/\/lescollectionsprivees.com\/#\/schema\/logo\/image\/"}}]}},"_links":{"self":[{"href":"https:\/\/lescollectionsprivees.com\/es\/wp-json\/wp\/v2\/product\/26664","targetHints":{"allow":["GET"]}}],"collection":[{"href":"https:\/\/lescollectionsprivees.com\/es\/wp-json\/wp\/v2\/product"}],"about":[{"href":"https:\/\/lescollectionsprivees.com\/es\/wp-json\/wp\/v2\/types\/product"}],"wp:featuredmedia":[{"embeddable":true,"href":"https:\/\/lescollectionsprivees.com\/es\/wp-json\/wp\/v2\/media\/26669"}],"wp:attachment":[{"href":"https:\/\/lescollectionsprivees.com\/es\/wp-json\/wp\/v2\/media?parent=26664"}],"wp:term":[{"taxonomy":"product_brand","embeddable":true,"href":"https:\/\/lescollectionsprivees.com\/es\/wp-json\/wp\/v2\/product_brand?post=26664"},{"taxonomy":"product_cat","embeddable":true,"href":"https:\/\/lescollectionsprivees.com\/es\/wp-json\/wp\/v2\/product_cat?post=26664"},{"taxonomy":"product_tag","embeddable":true,"href":"https:\/\/lescollectionsprivees.com\/es\/wp-json\/wp\/v2\/product_tag?post=26664"}],"curies":[{"name":"wp","href":"https:\/\/api.w.org\/{rel}","templated":true}]}}