{"id":28337,"date":"2024-02-13T16:41:18","date_gmt":"2024-02-13T16:41:18","guid":{"rendered":"https:\/\/lescollectionsprivees.com\/?post_type=product&#038;p=28337"},"modified":"2024-02-13T16:41:31","modified_gmt":"2024-02-13T16:41:31","slug":"eau-de-parfum-my-stone-100-ml-surrati","status":"publish","type":"product","link":"https:\/\/lescollectionsprivees.com\/es\/parfum\/eau-de-parfum-my-stone-100-ml-surrati\/","title":{"rendered":"Agua de perfume My Stone 100 ml - Surrati"},"content":{"rendered":"<p>Descubra My Stone, un eau de parfum cautivador que deja una impresi\u00f3n duradera. Creada por Surrati, una perfumer\u00eda de renombre, esta fragancia es una aut\u00e9ntica obra maestra. Con su mezcla \u00fanica de notas, est\u00e1 dise\u00f1ada para cautivar los sentidos y dejar una impresi\u00f3n duradera.<\/p>\n<h2><strong>Un viaje sensorial con My Stone eau de parfum<\/strong><\/h2>\n<p>Emb\u00e1rquese en un viaje sensorial con el<strong>Agua de perfume My Stone\u00a0<\/strong>y descubra el placer que proporciona. Las notas de salida de bergamota de Calabria y flor de naranjo africano crean una apertura vibrante y refrescante que alegra el \u00e1nimo al instante.<\/p>\n<p>A medida que la fragancia se asienta, surgen notas de coraz\u00f3n de nardo y jazm\u00edn de la India, que a\u00f1aden un toque de elegancia. Por \u00faltimo, las notas de fondo de enebro de Virginia, vainilla de Madagascar y almizcle blanco ofrecen un acabado c\u00e1lido y sensual que perdura en la piel.<\/p>\n<h2><strong>My Stone Eau de Parfum: una fragancia unisex para todos los gustos<\/strong><\/h2>\n<p>Esta creaci\u00f3n es una\u00a0<strong>fragancia vers\u00e1til<\/strong>\u00a0que puede ser disfrutado tanto por hombres como por mujeres. Su equilibrada composici\u00f3n lo hace adecuado para todas las ocasiones. Ya sea un evento formal, una salida informal o una velada rom\u00e1ntica, se adaptar\u00e1 a usted. La fragancia se adapta a la persona que la lleva, creando un aroma \u00fanico, personal y seductor.<\/p>\n<p>Exprese su individualidad con esta fragancia y disfr\u00fatela all\u00e1 donde vaya.<\/p>\n<h3><strong>Fabricado con excelencia y calidad<\/strong><\/h3>\n<p>Surrati es famosa por su compromiso con la excelencia y la calidad.\u00a0<strong><a href=\"https:\/\/luxurious-fragrances.com\/produit\/eau-de-parfum-ameer-al-oud\/\">Ameer al Oud<\/a>\u00a0<\/strong>y My Stone no son una excepci\u00f3n. La fragancia se elabora meticulosamente con los mejores ingredientes, lo que garantiza un aroma lujoso y una larga duraci\u00f3n. El elegante frasco refleja la sofisticaci\u00f3n de la fragancia, convirti\u00e9ndola en un complemento perfecto para cualquier colecci\u00f3n de perfumes. Descubra el arte y la artesan\u00eda de Surrati con fragancias a su medida.<\/p>","protected":false},"excerpt":{"rendered":"<p><strong>Notas olfativas :<\/strong><\/p>\n<p><strong>Notas altas<\/strong> Bergamota de Calabria, Azahar africano<br \/>\n<strong>Notas de coraz\u00f3n<\/strong> Tuberosa, Jazm\u00edn de la India<br \/>\n<strong>Notas de fondo<\/strong> enebro de Virginia, vainilla de Madagascar, almizcle blanco<\/p>","protected":false},"featured_media":28350,"template":"","meta":[],"product_brand":[],"product_cat":[281],"product_tag":[],"class_list":{"0":"post-28337","1":"product","2":"type-product","3":"status-publish","4":"has-post-thumbnail","6":"product_cat-surrati","8":"first","9":"instock","10":"taxable","11":"shipping-taxable","12":"purchasable","13":"product-type-simple"},"yoast_head":"<!-- This site is optimized with the Yoast SEO plugin v27.5 - https:\/\/yoast.com\/product\/yoast-seo-wordpress\/ -->\n<title>Eau de parfum My Stone 100 ml - Surrati - Les Collections Priv\u00e9es<\/title>\n<meta name=\"robots\" content=\"index, follow, max-snippet:-1, max-image-preview:large, max-video-preview:-1\" \/>\n<link rel=\"canonical\" href=\"https:\/\/lescollectionsprivees.com\/es\/fragancia\/eau-de-parfum-my-stone-100-ml-surrati\/\" \/>\n<meta property=\"og:locale\" content=\"es_ES\" \/>\n<meta property=\"og:type\" content=\"article\" \/>\n<meta property=\"og:title\" content=\"Eau de parfum My Stone 100 ml - Surrati - Les Collections Priv\u00e9es\" \/>\n<meta property=\"og:description\" content=\"Notes olfactives :  Notes de T\u00eate : Bergamote de Calabria, Fleur d&#039;oranger d&#039;Afrique Notes de C\u0153ur : Tub\u00e9reuse, Jasmin d&#039;Inde Notes de Fond : Gen\u00e9vrier de Virginie, Vanille de Madagascar, Musc blanc\" \/>\n<meta property=\"og:url\" content=\"https:\/\/lescollectionsprivees.com\/es\/fragancia\/eau-de-parfum-my-stone-100-ml-surrati\/\" \/>\n<meta property=\"og:site_name\" content=\"Les Collections Priv\u00e9es\" \/>\n<meta property=\"article:modified_time\" content=\"2024-02-13T16:41:31+00:00\" \/>\n<meta name=\"twitter:card\" content=\"summary_large_image\" \/>\n<meta name=\"twitter:label1\" content=\"Tiempo de lectura\" \/>\n\t<meta name=\"twitter:data1\" content=\"2 minutos\" \/>\n<script type=\"application\/ld+json\" class=\"yoast-schema-graph\">{\"@context\":\"https:\\\/\\\/schema.org\",\"@graph\":[{\"@type\":\"WebPage\",\"@id\":\"https:\\\/\\\/lescollectionsprivees.com\\\/parfum\\\/eau-de-parfum-my-stone-100-ml-surrati\\\/\",\"url\":\"https:\\\/\\\/lescollectionsprivees.com\\\/parfum\\\/eau-de-parfum-my-stone-100-ml-surrati\\\/\",\"name\":\"Eau de parfum My Stone 100 ml - Surrati - Les Collections Priv\u00e9es\",\"isPartOf\":{\"@id\":\"https:\\\/\\\/lescollectionsprivees.com\\\/#website\"},\"primaryImageOfPage\":{\"@id\":\"https:\\\/\\\/lescollectionsprivees.com\\\/parfum\\\/eau-de-parfum-my-stone-100-ml-surrati\\\/#primaryimage\"},\"image\":{\"@id\":\"https:\\\/\\\/lescollectionsprivees.com\\\/parfum\\\/eau-de-parfum-my-stone-100-ml-surrati\\\/#primaryimage\"},\"thumbnailUrl\":\"https:\\\/\\\/lescollectionsprivees.com\\\/wp-content\\\/uploads\\\/2024\\\/02\\\/eau-de-parfum-my-stone-surrati.jpg\",\"datePublished\":\"2024-02-13T16:41:18+00:00\",\"dateModified\":\"2024-02-13T16:41:31+00:00\",\"breadcrumb\":{\"@id\":\"https:\\\/\\\/lescollectionsprivees.com\\\/parfum\\\/eau-de-parfum-my-stone-100-ml-surrati\\\/#breadcrumb\"},\"inLanguage\":\"es\",\"potentialAction\":[{\"@type\":\"ReadAction\",\"target\":[\"https:\\\/\\\/lescollectionsprivees.com\\\/parfum\\\/eau-de-parfum-my-stone-100-ml-surrati\\\/\"]}]},{\"@type\":\"ImageObject\",\"inLanguage\":\"es\",\"@id\":\"https:\\\/\\\/lescollectionsprivees.com\\\/parfum\\\/eau-de-parfum-my-stone-100-ml-surrati\\\/#primaryimage\",\"url\":\"https:\\\/\\\/lescollectionsprivees.com\\\/wp-content\\\/uploads\\\/2024\\\/02\\\/eau-de-parfum-my-stone-surrati.jpg\",\"contentUrl\":\"https:\\\/\\\/lescollectionsprivees.com\\\/wp-content\\\/uploads\\\/2024\\\/02\\\/eau-de-parfum-my-stone-surrati.jpg\",\"width\":600,\"height\":600},{\"@type\":\"BreadcrumbList\",\"@id\":\"https:\\\/\\\/lescollectionsprivees.com\\\/parfum\\\/eau-de-parfum-my-stone-100-ml-surrati\\\/#breadcrumb\",\"itemListElement\":[{\"@type\":\"ListItem\",\"position\":1,\"name\":\"Accueil\",\"item\":\"https:\\\/\\\/lescollectionsprivees.com\\\/\"},{\"@type\":\"ListItem\",\"position\":2,\"name\":\"Boutique\",\"item\":\"https:\\\/\\\/lescollectionsprivees.com\\\/boutique\\\/\"},{\"@type\":\"ListItem\",\"position\":3,\"name\":\"Eau de parfum My Stone 100 ml &#8211; Surrati\"}]},{\"@type\":\"WebSite\",\"@id\":\"https:\\\/\\\/lescollectionsprivees.com\\\/#website\",\"url\":\"https:\\\/\\\/lescollectionsprivees.com\\\/\",\"name\":\"Les Collections Priv\u00e9es\",\"description\":\"\",\"publisher\":{\"@id\":\"https:\\\/\\\/lescollectionsprivees.com\\\/#organization\"},\"potentialAction\":[{\"@type\":\"SearchAction\",\"target\":{\"@type\":\"EntryPoint\",\"urlTemplate\":\"https:\\\/\\\/lescollectionsprivees.com\\\/?s={search_term_string}\"},\"query-input\":{\"@type\":\"PropertyValueSpecification\",\"valueRequired\":true,\"valueName\":\"search_term_string\"}}],\"inLanguage\":\"es\"},{\"@type\":\"Organization\",\"@id\":\"https:\\\/\\\/lescollectionsprivees.com\\\/#organization\",\"name\":\"Les Collections Priv\u00e9es\",\"url\":\"https:\\\/\\\/lescollectionsprivees.com\\\/\",\"logo\":{\"@type\":\"ImageObject\",\"inLanguage\":\"es\",\"@id\":\"https:\\\/\\\/lescollectionsprivees.com\\\/#\\\/schema\\\/logo\\\/image\\\/\",\"url\":\"https:\\\/\\\/lescollectionsprivees.com\\\/wp-content\\\/uploads\\\/2020\\\/02\\\/Logo-Les-Collections-Priv\u00e9es-450x450-1.png\",\"contentUrl\":\"https:\\\/\\\/lescollectionsprivees.com\\\/wp-content\\\/uploads\\\/2020\\\/02\\\/Logo-Les-Collections-Priv\u00e9es-450x450-1.png\",\"width\":450,\"height\":450,\"caption\":\"Les Collections Priv\u00e9es\"},\"image\":{\"@id\":\"https:\\\/\\\/lescollectionsprivees.com\\\/#\\\/schema\\\/logo\\\/image\\\/\"}}]}<\/script>\n<!-- \/ Yoast SEO plugin. -->","yoast_head_json":{"title":"Agua de perfume My Stone 100 ml - Surrati - Les Collections Priv\u00e9es","robots":{"index":"index","follow":"follow","max-snippet":"max-snippet:-1","max-image-preview":"max-image-preview:large","max-video-preview":"max-video-preview:-1"},"canonical":"https:\/\/lescollectionsprivees.com\/es\/fragancia\/eau-de-parfum-my-stone-100-ml-surrati\/","og_locale":"es_ES","og_type":"article","og_title":"Eau de parfum My Stone 100 ml - Surrati - Les Collections Priv\u00e9es","og_description":"Notes olfactives :  Notes de T\u00eate : Bergamote de Calabria, Fleur d'oranger d'Afrique Notes de C\u0153ur : Tub\u00e9reuse, Jasmin d'Inde Notes de Fond : Gen\u00e9vrier de Virginie, Vanille de Madagascar, Musc blanc","og_url":"https:\/\/lescollectionsprivees.com\/es\/fragancia\/eau-de-parfum-my-stone-100-ml-surrati\/","og_site_name":"Les Collections Priv\u00e9es","article_modified_time":"2024-02-13T16:41:31+00:00","twitter_card":"summary_large_image","twitter_misc":{"Tiempo de lectura":"2 minutos"},"schema":{"@context":"https:\/\/schema.org","@graph":[{"@type":"WebPage","@id":"https:\/\/lescollectionsprivees.com\/parfum\/eau-de-parfum-my-stone-100-ml-surrati\/","url":"https:\/\/lescollectionsprivees.com\/parfum\/eau-de-parfum-my-stone-100-ml-surrati\/","name":"Agua de perfume My Stone 100 ml - Surrati - Les Collections Priv\u00e9es","isPartOf":{"@id":"https:\/\/lescollectionsprivees.com\/#website"},"primaryImageOfPage":{"@id":"https:\/\/lescollectionsprivees.com\/parfum\/eau-de-parfum-my-stone-100-ml-surrati\/#primaryimage"},"image":{"@id":"https:\/\/lescollectionsprivees.com\/parfum\/eau-de-parfum-my-stone-100-ml-surrati\/#primaryimage"},"thumbnailUrl":"https:\/\/lescollectionsprivees.com\/wp-content\/uploads\/2024\/02\/eau-de-parfum-my-stone-surrati.jpg","datePublished":"2024-02-13T16:41:18+00:00","dateModified":"2024-02-13T16:41:31+00:00","breadcrumb":{"@id":"https:\/\/lescollectionsprivees.com\/parfum\/eau-de-parfum-my-stone-100-ml-surrati\/#breadcrumb"},"inLanguage":"es","potentialAction":[{"@type":"ReadAction","target":["https:\/\/lescollectionsprivees.com\/parfum\/eau-de-parfum-my-stone-100-ml-surrati\/"]}]},{"@type":"ImageObject","inLanguage":"es","@id":"https:\/\/lescollectionsprivees.com\/parfum\/eau-de-parfum-my-stone-100-ml-surrati\/#primaryimage","url":"https:\/\/lescollectionsprivees.com\/wp-content\/uploads\/2024\/02\/eau-de-parfum-my-stone-surrati.jpg","contentUrl":"https:\/\/lescollectionsprivees.com\/wp-content\/uploads\/2024\/02\/eau-de-parfum-my-stone-surrati.jpg","width":600,"height":600},{"@type":"BreadcrumbList","@id":"https:\/\/lescollectionsprivees.com\/parfum\/eau-de-parfum-my-stone-100-ml-surrati\/#breadcrumb","itemListElement":[{"@type":"ListItem","position":1,"name":"Accueil","item":"https:\/\/lescollectionsprivees.com\/"},{"@type":"ListItem","position":2,"name":"Boutique","item":"https:\/\/lescollectionsprivees.com\/boutique\/"},{"@type":"ListItem","position":3,"name":"Eau de parfum My Stone 100 ml &#8211; Surrati"}]},{"@type":"WebSite","@id":"https:\/\/lescollectionsprivees.com\/#website","url":"https:\/\/lescollectionsprivees.com\/","name":"Colecciones privadas","description":"","publisher":{"@id":"https:\/\/lescollectionsprivees.com\/#organization"},"potentialAction":[{"@type":"SearchAction","target":{"@type":"EntryPoint","urlTemplate":"https:\/\/lescollectionsprivees.com\/?s={search_term_string}"},"query-input":{"@type":"PropertyValueSpecification","valueRequired":true,"valueName":"search_term_string"}}],"inLanguage":"es"},{"@type":"Organization","@id":"https:\/\/lescollectionsprivees.com\/#organization","name":"Colecciones privadas","url":"https:\/\/lescollectionsprivees.com\/","logo":{"@type":"ImageObject","inLanguage":"es","@id":"https:\/\/lescollectionsprivees.com\/#\/schema\/logo\/image\/","url":"https:\/\/lescollectionsprivees.com\/wp-content\/uploads\/2020\/02\/Logo-Les-Collections-Priv\u00e9es-450x450-1.png","contentUrl":"https:\/\/lescollectionsprivees.com\/wp-content\/uploads\/2020\/02\/Logo-Les-Collections-Priv\u00e9es-450x450-1.png","width":450,"height":450,"caption":"Les Collections Priv\u00e9es"},"image":{"@id":"https:\/\/lescollectionsprivees.com\/#\/schema\/logo\/image\/"}}]}},"_links":{"self":[{"href":"https:\/\/lescollectionsprivees.com\/es\/wp-json\/wp\/v2\/product\/28337","targetHints":{"allow":["GET"]}}],"collection":[{"href":"https:\/\/lescollectionsprivees.com\/es\/wp-json\/wp\/v2\/product"}],"about":[{"href":"https:\/\/lescollectionsprivees.com\/es\/wp-json\/wp\/v2\/types\/product"}],"wp:featuredmedia":[{"embeddable":true,"href":"https:\/\/lescollectionsprivees.com\/es\/wp-json\/wp\/v2\/media\/28350"}],"wp:attachment":[{"href":"https:\/\/lescollectionsprivees.com\/es\/wp-json\/wp\/v2\/media?parent=28337"}],"wp:term":[{"taxonomy":"product_brand","embeddable":true,"href":"https:\/\/lescollectionsprivees.com\/es\/wp-json\/wp\/v2\/product_brand?post=28337"},{"taxonomy":"product_cat","embeddable":true,"href":"https:\/\/lescollectionsprivees.com\/es\/wp-json\/wp\/v2\/product_cat?post=28337"},{"taxonomy":"product_tag","embeddable":true,"href":"https:\/\/lescollectionsprivees.com\/es\/wp-json\/wp\/v2\/product_tag?post=28337"}],"curies":[{"name":"wp","href":"https:\/\/api.w.org\/{rel}","templated":true}]}}