{"id":29841,"date":"2024-06-08T16:17:36","date_gmt":"2024-06-08T16:17:36","guid":{"rendered":"https:\/\/lescollectionsprivees.com\/?post_type=product&#038;p=29841"},"modified":"2026-04-23T13:05:40","modified_gmt":"2026-04-23T13:05:40","slug":"extracto-de-perfume-royal-blend-nero","status":"publish","type":"product","link":"https:\/\/lescollectionsprivees.com\/es\/parfum\/extrait-de-parfum-royal-blend-nero\/","title":{"rendered":"Extracto de Perfume Royal Blend Nero 100ml - French Avenue"},"content":{"rendered":"<p><strong>Extracto de perfume Royal Blend Nero<\/strong> de French Avenue es el ep\u00edtome del lujo y la elegancia. Posicionada como una fragancia de alta gama, ofrece una experiencia olfativa refinada y cautivadora. Desc\u00fabrala ahora...<\/p>\n<h2><strong>El equilibrio perfecto del extracto de perfume Royal Blend Nero <\/strong><\/h2>\n<p>Este <strong>fragancia mixta<\/strong> tiene algo que encanta tanto a hombres como a mujeres. De hecho, su composici\u00f3n es tal que su aroma es realmente \u00fanico.<\/p>\n<ul>\n<li>Notas de salida: mandarina, manzana, vainilla<\/li>\n<li>Notas de coraz\u00f3n: Rosa, Vainilla, Especias, Ylang-ylang<\/li>\n<li>Notas de fondo: oud, almizcle blanco, s\u00e1ndalo, pachul\u00ed<\/li>\n<\/ul>\n<p>La combinaci\u00f3n de notas de salida frescas y afrutadas, notas de coraz\u00f3n florales y especiadas, y notas de fondo amaderadas y almizcladas crea un <strong>despertar<\/strong> cautivadora y sofisticada. La sutil armon\u00eda entre estas notas crea una fragancia \u00fanica. Evoluciona agradablemente a lo largo del d\u00eda, dejando tras de s\u00ed una huella memorable.<\/p>\n<h2><strong>Nuestros consejos de aplicaci\u00f3n del extracto de perfume Royal Blend Nero<\/strong><\/h2>\n<p>Para una fijaci\u00f3n \u00f3ptima, aplique el extracto de perfume Royal Blend Nero en peque\u00f1os toques en las zonas del pulso. De hecho, este extracto est\u00e1 muy bien dosificado y es capaz de proporcionarle una fragancia intensa y duradera.<\/p>\n<p>Adem\u00e1s, tenga cuidado de no frotar la fragancia, ya que esto altera su composici\u00f3n. Una pulverizaci\u00f3n ligera y uniforme revelar\u00e1 plenamente sus complejas notas y prolongar\u00e1 su fijaci\u00f3n en la piel.<\/p>\n<h3><strong>Otras perlas de la marca French Avenue <\/strong><\/h3>\n<p>French Avenue ofrece una gama de fragancias excepcionales, cada una de las cuales ofrece una experiencia olfativa \u00fanica y refinada. Otras fragancias emblem\u00e1ticas de la marca son \"\u00a0<strong>Miraj exclusivo \"<\/strong> con sus notas de vainilla y caf\u00e9. Adem\u00e1s de \"\u00a0<strong>Irida \"<\/strong> una sutil mezcla de cereza y \u00e1mbar, entre otras notas.<\/p>\n<p>De este modo, cada <strong>zumo<\/strong> encarna la elegancia y la sofisticaci\u00f3n, ofreciendo una gama de opciones para los amantes de las fragancias excepcionales.<\/p>","protected":false},"excerpt":{"rendered":"<p><strong>Notas olfativas :<\/strong><\/p>\n<p><strong>Cabeza<\/strong>\u00a0Mandarina, manzana, vainilla<br \/>\n<strong>Coraz\u00f3n<\/strong>\u00a0Rosa, Vainilla, Especias, Ylang-ylang<br \/>\n<strong>Fondo<\/strong>\u00a0Oud, almizcle blanco, s\u00e1ndalo, pachul\u00ed<\/p>","protected":false},"featured_media":29842,"template":"","meta":[],"product_brand":[],"product_cat":[302],"product_tag":[],"class_list":{"0":"post-29841","1":"product","2":"type-product","3":"status-publish","4":"has-post-thumbnail","6":"product_cat-french-avenue","8":"first","9":"instock","10":"taxable","11":"shipping-taxable","12":"purchasable","13":"product-type-simple"},"yoast_head":"<!-- This site is optimized with the Yoast SEO plugin v27.5 - https:\/\/yoast.com\/product\/yoast-seo-wordpress\/ -->\n<title>Royal Blend Nero | Extrait de parfum en 100ml | French Avenue<\/title>\n<meta name=\"description\" content=\"L&#039;extrait de parfum Royal Blend Nero de la marque French Avenue incarne v\u00e9ritablement le luxe et l&#039;\u00e9l\u00e9gance. Adoptez-le rapidement !\" \/>\n<meta name=\"robots\" content=\"index, follow, max-snippet:-1, max-image-preview:large, max-video-preview:-1\" \/>\n<link rel=\"canonical\" href=\"https:\/\/lescollectionsprivees.com\/es\/fragancia\/extracto-de-perfume-royal-blend-nero\/\" \/>\n<meta property=\"og:locale\" content=\"es_ES\" \/>\n<meta property=\"og:type\" content=\"article\" \/>\n<meta property=\"og:title\" content=\"Royal Blend Nero | Extrait de parfum en 100ml | French Avenue\" \/>\n<meta property=\"og:description\" content=\"L&#039;extrait de parfum Royal Blend Nero de la marque French Avenue incarne v\u00e9ritablement le luxe et l&#039;\u00e9l\u00e9gance. Adoptez-le rapidement !\" \/>\n<meta property=\"og:url\" content=\"https:\/\/lescollectionsprivees.com\/es\/fragancia\/extracto-de-perfume-royal-blend-nero\/\" \/>\n<meta property=\"og:site_name\" content=\"Les Collections Priv\u00e9es\" \/>\n<meta property=\"article:modified_time\" content=\"2026-04-23T13:05:40+00:00\" \/>\n<meta property=\"og:image\" content=\"https:\/\/lescollectionsprivees.com\/wp-content\/uploads\/2024\/06\/royal-blend-hero-french-avenue.jpg\" \/>\n\t<meta property=\"og:image:width\" content=\"600\" \/>\n\t<meta property=\"og:image:height\" content=\"600\" \/>\n\t<meta property=\"og:image:type\" content=\"image\/jpeg\" \/>\n<meta name=\"twitter:card\" content=\"summary_large_image\" \/>\n<meta name=\"twitter:label1\" content=\"Tiempo de lectura\" \/>\n\t<meta name=\"twitter:data1\" content=\"2 minutos\" \/>\n<script type=\"application\/ld+json\" class=\"yoast-schema-graph\">{\"@context\":\"https:\\\/\\\/schema.org\",\"@graph\":[{\"@type\":\"WebPage\",\"@id\":\"https:\\\/\\\/lescollectionsprivees.com\\\/parfum\\\/extrait-de-parfum-royal-blend-nero\\\/\",\"url\":\"https:\\\/\\\/lescollectionsprivees.com\\\/parfum\\\/extrait-de-parfum-royal-blend-nero\\\/\",\"name\":\"Royal Blend Nero | Extrait de parfum en 100ml | French Avenue\",\"isPartOf\":{\"@id\":\"https:\\\/\\\/lescollectionsprivees.com\\\/#website\"},\"primaryImageOfPage\":{\"@id\":\"https:\\\/\\\/lescollectionsprivees.com\\\/parfum\\\/extrait-de-parfum-royal-blend-nero\\\/#primaryimage\"},\"image\":{\"@id\":\"https:\\\/\\\/lescollectionsprivees.com\\\/parfum\\\/extrait-de-parfum-royal-blend-nero\\\/#primaryimage\"},\"thumbnailUrl\":\"https:\\\/\\\/lescollectionsprivees.com\\\/wp-content\\\/uploads\\\/2024\\\/06\\\/royal-blend-hero-french-avenue.jpg\",\"datePublished\":\"2024-06-08T16:17:36+00:00\",\"dateModified\":\"2026-04-23T13:05:40+00:00\",\"description\":\"L'extrait de parfum Royal Blend Nero de la marque French Avenue incarne v\u00e9ritablement le luxe et l'\u00e9l\u00e9gance. Adoptez-le rapidement !\",\"breadcrumb\":{\"@id\":\"https:\\\/\\\/lescollectionsprivees.com\\\/parfum\\\/extrait-de-parfum-royal-blend-nero\\\/#breadcrumb\"},\"inLanguage\":\"es\",\"potentialAction\":[{\"@type\":\"ReadAction\",\"target\":[\"https:\\\/\\\/lescollectionsprivees.com\\\/parfum\\\/extrait-de-parfum-royal-blend-nero\\\/\"]}]},{\"@type\":\"ImageObject\",\"inLanguage\":\"es\",\"@id\":\"https:\\\/\\\/lescollectionsprivees.com\\\/parfum\\\/extrait-de-parfum-royal-blend-nero\\\/#primaryimage\",\"url\":\"https:\\\/\\\/lescollectionsprivees.com\\\/wp-content\\\/uploads\\\/2024\\\/06\\\/royal-blend-hero-french-avenue.jpg\",\"contentUrl\":\"https:\\\/\\\/lescollectionsprivees.com\\\/wp-content\\\/uploads\\\/2024\\\/06\\\/royal-blend-hero-french-avenue.jpg\",\"width\":600,\"height\":600,\"caption\":\"Extrait de parfum Royal Blend Nero 100ml \u2013 French Avenue\"},{\"@type\":\"BreadcrumbList\",\"@id\":\"https:\\\/\\\/lescollectionsprivees.com\\\/parfum\\\/extrait-de-parfum-royal-blend-nero\\\/#breadcrumb\",\"itemListElement\":[{\"@type\":\"ListItem\",\"position\":1,\"name\":\"Accueil\",\"item\":\"https:\\\/\\\/lescollectionsprivees.com\\\/\"},{\"@type\":\"ListItem\",\"position\":2,\"name\":\"Boutique\",\"item\":\"https:\\\/\\\/lescollectionsprivees.com\\\/boutique\\\/\"},{\"@type\":\"ListItem\",\"position\":3,\"name\":\"Extrait de parfum Royal Blend Nero 100ml \u2013 French Avenue\"}]},{\"@type\":\"WebSite\",\"@id\":\"https:\\\/\\\/lescollectionsprivees.com\\\/#website\",\"url\":\"https:\\\/\\\/lescollectionsprivees.com\\\/\",\"name\":\"Les Collections Priv\u00e9es\",\"description\":\"\",\"publisher\":{\"@id\":\"https:\\\/\\\/lescollectionsprivees.com\\\/#organization\"},\"potentialAction\":[{\"@type\":\"SearchAction\",\"target\":{\"@type\":\"EntryPoint\",\"urlTemplate\":\"https:\\\/\\\/lescollectionsprivees.com\\\/?s={search_term_string}\"},\"query-input\":{\"@type\":\"PropertyValueSpecification\",\"valueRequired\":true,\"valueName\":\"search_term_string\"}}],\"inLanguage\":\"es\"},{\"@type\":\"Organization\",\"@id\":\"https:\\\/\\\/lescollectionsprivees.com\\\/#organization\",\"name\":\"Les Collections Priv\u00e9es\",\"url\":\"https:\\\/\\\/lescollectionsprivees.com\\\/\",\"logo\":{\"@type\":\"ImageObject\",\"inLanguage\":\"es\",\"@id\":\"https:\\\/\\\/lescollectionsprivees.com\\\/#\\\/schema\\\/logo\\\/image\\\/\",\"url\":\"https:\\\/\\\/lescollectionsprivees.com\\\/wp-content\\\/uploads\\\/2020\\\/02\\\/Logo-Les-Collections-Priv\u00e9es-450x450-1.png\",\"contentUrl\":\"https:\\\/\\\/lescollectionsprivees.com\\\/wp-content\\\/uploads\\\/2020\\\/02\\\/Logo-Les-Collections-Priv\u00e9es-450x450-1.png\",\"width\":450,\"height\":450,\"caption\":\"Les Collections Priv\u00e9es\"},\"image\":{\"@id\":\"https:\\\/\\\/lescollectionsprivees.com\\\/#\\\/schema\\\/logo\\\/image\\\/\"}}]}<\/script>\n<!-- \/ Yoast SEO plugin. -->","yoast_head_json":{"title":"Royal Blend Nero | Extracto de Perfume 100ml | French Avenue","description":"El extracto de perfume Royal Blend Nero de French Avenue es el ep\u00edtome del lujo y la elegancia. \u00a1Ad\u00f3ptelo ahora!","robots":{"index":"index","follow":"follow","max-snippet":"max-snippet:-1","max-image-preview":"max-image-preview:large","max-video-preview":"max-video-preview:-1"},"canonical":"https:\/\/lescollectionsprivees.com\/es\/fragancia\/extracto-de-perfume-royal-blend-nero\/","og_locale":"es_ES","og_type":"article","og_title":"Royal Blend Nero | Extrait de parfum en 100ml | French Avenue","og_description":"L'extrait de parfum Royal Blend Nero de la marque French Avenue incarne v\u00e9ritablement le luxe et l'\u00e9l\u00e9gance. Adoptez-le rapidement !","og_url":"https:\/\/lescollectionsprivees.com\/es\/fragancia\/extracto-de-perfume-royal-blend-nero\/","og_site_name":"Les Collections Priv\u00e9es","article_modified_time":"2026-04-23T13:05:40+00:00","og_image":[{"width":600,"height":600,"url":"https:\/\/lescollectionsprivees.com\/wp-content\/uploads\/2024\/06\/royal-blend-hero-french-avenue.jpg","type":"image\/jpeg"}],"twitter_card":"summary_large_image","twitter_misc":{"Tiempo de lectura":"2 minutos"},"schema":{"@context":"https:\/\/schema.org","@graph":[{"@type":"WebPage","@id":"https:\/\/lescollectionsprivees.com\/parfum\/extrait-de-parfum-royal-blend-nero\/","url":"https:\/\/lescollectionsprivees.com\/parfum\/extrait-de-parfum-royal-blend-nero\/","name":"Royal Blend Nero | Extracto de Perfume 100ml | French Avenue","isPartOf":{"@id":"https:\/\/lescollectionsprivees.com\/#website"},"primaryImageOfPage":{"@id":"https:\/\/lescollectionsprivees.com\/parfum\/extrait-de-parfum-royal-blend-nero\/#primaryimage"},"image":{"@id":"https:\/\/lescollectionsprivees.com\/parfum\/extrait-de-parfum-royal-blend-nero\/#primaryimage"},"thumbnailUrl":"https:\/\/lescollectionsprivees.com\/wp-content\/uploads\/2024\/06\/royal-blend-hero-french-avenue.jpg","datePublished":"2024-06-08T16:17:36+00:00","dateModified":"2026-04-23T13:05:40+00:00","description":"El extracto de perfume Royal Blend Nero de French Avenue es el ep\u00edtome del lujo y la elegancia. \u00a1Ad\u00f3ptelo ahora!","breadcrumb":{"@id":"https:\/\/lescollectionsprivees.com\/parfum\/extrait-de-parfum-royal-blend-nero\/#breadcrumb"},"inLanguage":"es","potentialAction":[{"@type":"ReadAction","target":["https:\/\/lescollectionsprivees.com\/parfum\/extrait-de-parfum-royal-blend-nero\/"]}]},{"@type":"ImageObject","inLanguage":"es","@id":"https:\/\/lescollectionsprivees.com\/parfum\/extrait-de-parfum-royal-blend-nero\/#primaryimage","url":"https:\/\/lescollectionsprivees.com\/wp-content\/uploads\/2024\/06\/royal-blend-hero-french-avenue.jpg","contentUrl":"https:\/\/lescollectionsprivees.com\/wp-content\/uploads\/2024\/06\/royal-blend-hero-french-avenue.jpg","width":600,"height":600,"caption":"Extrait de parfum Royal Blend Nero 100ml \u2013 French Avenue"},{"@type":"BreadcrumbList","@id":"https:\/\/lescollectionsprivees.com\/parfum\/extrait-de-parfum-royal-blend-nero\/#breadcrumb","itemListElement":[{"@type":"ListItem","position":1,"name":"Accueil","item":"https:\/\/lescollectionsprivees.com\/"},{"@type":"ListItem","position":2,"name":"Boutique","item":"https:\/\/lescollectionsprivees.com\/boutique\/"},{"@type":"ListItem","position":3,"name":"Extrait de parfum Royal Blend Nero 100ml \u2013 French Avenue"}]},{"@type":"WebSite","@id":"https:\/\/lescollectionsprivees.com\/#website","url":"https:\/\/lescollectionsprivees.com\/","name":"Colecciones privadas","description":"","publisher":{"@id":"https:\/\/lescollectionsprivees.com\/#organization"},"potentialAction":[{"@type":"SearchAction","target":{"@type":"EntryPoint","urlTemplate":"https:\/\/lescollectionsprivees.com\/?s={search_term_string}"},"query-input":{"@type":"PropertyValueSpecification","valueRequired":true,"valueName":"search_term_string"}}],"inLanguage":"es"},{"@type":"Organization","@id":"https:\/\/lescollectionsprivees.com\/#organization","name":"Colecciones privadas","url":"https:\/\/lescollectionsprivees.com\/","logo":{"@type":"ImageObject","inLanguage":"es","@id":"https:\/\/lescollectionsprivees.com\/#\/schema\/logo\/image\/","url":"https:\/\/lescollectionsprivees.com\/wp-content\/uploads\/2020\/02\/Logo-Les-Collections-Priv\u00e9es-450x450-1.png","contentUrl":"https:\/\/lescollectionsprivees.com\/wp-content\/uploads\/2020\/02\/Logo-Les-Collections-Priv\u00e9es-450x450-1.png","width":450,"height":450,"caption":"Les Collections Priv\u00e9es"},"image":{"@id":"https:\/\/lescollectionsprivees.com\/#\/schema\/logo\/image\/"}}]}},"_links":{"self":[{"href":"https:\/\/lescollectionsprivees.com\/es\/wp-json\/wp\/v2\/product\/29841","targetHints":{"allow":["GET"]}}],"collection":[{"href":"https:\/\/lescollectionsprivees.com\/es\/wp-json\/wp\/v2\/product"}],"about":[{"href":"https:\/\/lescollectionsprivees.com\/es\/wp-json\/wp\/v2\/types\/product"}],"wp:featuredmedia":[{"embeddable":true,"href":"https:\/\/lescollectionsprivees.com\/es\/wp-json\/wp\/v2\/media\/29842"}],"wp:attachment":[{"href":"https:\/\/lescollectionsprivees.com\/es\/wp-json\/wp\/v2\/media?parent=29841"}],"wp:term":[{"taxonomy":"product_brand","embeddable":true,"href":"https:\/\/lescollectionsprivees.com\/es\/wp-json\/wp\/v2\/product_brand?post=29841"},{"taxonomy":"product_cat","embeddable":true,"href":"https:\/\/lescollectionsprivees.com\/es\/wp-json\/wp\/v2\/product_cat?post=29841"},{"taxonomy":"product_tag","embeddable":true,"href":"https:\/\/lescollectionsprivees.com\/es\/wp-json\/wp\/v2\/product_tag?post=29841"}],"curies":[{"name":"wp","href":"https:\/\/api.w.org\/{rel}","templated":true}]}}