{"id":30519,"date":"2024-08-05T14:41:36","date_gmt":"2024-08-05T14:41:36","guid":{"rendered":"https:\/\/lescollectionsprivees.com\/?post_type=product&#038;p=30519"},"modified":"2026-03-23T22:11:56","modified_gmt":"2026-03-23T22:11:56","slug":"eau-de-parfum-mango-punch","status":"publish","type":"product","link":"https:\/\/lescollectionsprivees.com\/es\/parfum\/eau-de-parfum-mango-punch\/","title":{"rendered":"Eau de parfum Mango Punch 100ml - Emir by Paris Corner"},"content":{"rendered":"<p>Descubra <strong>Agua de perfume Mango Punch<\/strong>una creaci\u00f3n olfativa de Paris Corner que promete despertar sus sentidos y alegrarle el d\u00eda. Este <strong>fragancia unisex<\/strong> 100 ml es una aut\u00e9ntica celebraci\u00f3n del mango. La fruta tropical por excelencia, ofrece una experiencia olfativa refrescante y energizante.<\/p>\n<h2><strong>Ponche de mango: \u00a1una explosi\u00f3n afrutada!<\/strong><\/h2>\n<p>Desde las primeras notas, nuestro <strong>agua de perfume afrutada<\/strong> atrae el olfato con su composici\u00f3n audaz y vibrante. En la salida, una explosi\u00f3n de mango jugoso y dulce invade los sentidos. Le siguen notas c\u00edtricas chispeantes que aportan un frescor inmediato. Esta apertura afrutada y picante evoca al instante la energ\u00eda de un c\u00f3ctel tropical. Prepara los sentidos para un soleado viaje olfativo.<\/p>\n<p>A continuaci\u00f3n, el coraz\u00f3n de la fragancia revela toda su complejidad con un delicado bouquet floral. Notas de jazm\u00edn y <strong>azahar<\/strong> se mezclan armoniosamente con la dulzura del mango. A\u00f1adiendo un toque de sofisticaci\u00f3n y feminidad a la <strong>fragancia<\/strong>.<\/p>\n<p>Esta combinaci\u00f3n floral y afrutada crea el equilibrio perfecto entre exotismo y elegancia. Aportando <strong>Fragancia Mango Punch<\/strong> su car\u00e1cter \u00fanico y adictivo.<\/p>\n<p>Por \u00faltimo, el<strong> base de fragancia<\/strong> completa esta sinfon\u00eda olfativa con notas de s\u00e1ndalo y almizcle blanco. El s\u00e1ndalo aporta una calidez envolvente y una profundidad sensual. El almizcle blanco garantiza una fijaci\u00f3n duradera en la piel. El resultado es un acabado suave y cremoso. Un delicioso contraste con la explosi\u00f3n afrutada del principio.<\/p>\n<h2><strong>Una fragancia ideal para todas las estaciones <\/strong><\/h2>\n<p>Este <strong>botella<\/strong> no es s\u00f3lo una fragancia, es una invitaci\u00f3n a viajar, una escapada sensorial a tierras tropicales. Evoca el calor del sol sobre la piel, la suavidad de la brisa veraniega y la simple alegr\u00eda de saborear una fruta perfectamente madura. Su versatilidad la convierte en una elecci\u00f3n ideal para todas las estaciones, aportando un toque de sol incluso a los d\u00edas m\u00e1s grises.<\/p>\n<p>Paris Corner ha sabido encontrar el aroma del verano y meterlo en un frasco. Esta fragancia es una celebraci\u00f3n de la alegr\u00eda de vivir, la frescura y el optimismo. Tanto si es fan de <strong>fragancias afrutadas<\/strong> o simplemente busca una fragancia que le transporte instant\u00e1neamente a horizontes soleados: esta fragancia es para usted. <strong>fragancia<\/strong> le conquistar\u00e1 con su vivacidad y encanto tropical.<\/p>\n<h3><strong>\u00bfC\u00f3mo utilizar el perfume Mango Punch? <\/strong><\/h3>\n<p>Le aconsejamos que se concentre en los puntos c\u00e1lidos del cuerpo, como la nuca, las mu\u00f1ecas o el pecho. Tambi\u00e9n te aconsejamos que no frotes la piel con el perfume una vez aplicado, sino que lo dejes secar bien.<\/p>\n<p><strong>V\u00e9ase tambi\u00e9n: <a href=\"https:\/\/lescollectionsprivees.com\/es\/fragancia\/eau-de-parfum-arcana\/\">Arcana<\/a>Rinc\u00f3n de Par\u00eds<\/strong><\/p>","protected":false},"excerpt":{"rendered":"<p><strong>Notas olfativas :<\/strong><\/p>\n<p><strong>Notas altas<\/strong> Mango, Mora, Pimienta<\/p>\n<p><strong>Notas de coraz\u00f3n<\/strong> Jazm\u00edn, Iris, Loto<\/p>\n<p><strong>Notas de fondo<\/strong> Vainilla, rosa, pachul\u00ed<\/p>","protected":false},"featured_media":30541,"template":"","meta":[],"product_brand":[],"product_cat":[210,265,304,206,208,300],"product_tag":[],"class_list":{"0":"post-30519","1":"product","2":"type-product","3":"status-publish","4":"has-post-thumbnail","6":"product_cat-parfum-jasmin","7":"product_cat-parfum-patchouli","8":"product_cat-parfum-poivre","9":"product_cat-parfum-rose","10":"product_cat-parfum-vanille","11":"product_cat-paris-corner","13":"first","14":"instock","15":"taxable","16":"shipping-taxable","17":"purchasable","18":"product-type-simple"},"yoast_head":"<!-- This site is optimized with the Yoast SEO plugin v27.5 - https:\/\/yoast.com\/product\/yoast-seo-wordpress\/ -->\n<title>Mango Punch | Fragrance mixte | \u00c9mir by Paris Corner<\/title>\n<meta name=\"description\" content=\"D\u00e9couvrez l\u2019eau de parfum Mango Punch, une cr\u00e9ation olfactive de la maison Paris Corner qui promet de r\u00e9veiller vos sens et d&#039;illuminer vos journ\u00e9es.\" \/>\n<meta name=\"robots\" content=\"index, follow, max-snippet:-1, max-image-preview:large, max-video-preview:-1\" \/>\n<link rel=\"canonical\" href=\"https:\/\/lescollectionsprivees.com\/es\/fragancia\/eau-de-parfum-mango-punch\/\" \/>\n<meta property=\"og:locale\" content=\"es_ES\" \/>\n<meta property=\"og:type\" content=\"article\" \/>\n<meta property=\"og:title\" content=\"Mango Punch | Fragrance mixte | \u00c9mir by Paris Corner\" \/>\n<meta property=\"og:description\" content=\"D\u00e9couvrez l\u2019eau de parfum Mango Punch, une cr\u00e9ation olfactive de la maison Paris Corner qui promet de r\u00e9veiller vos sens et d&#039;illuminer vos journ\u00e9es.\" \/>\n<meta property=\"og:url\" content=\"https:\/\/lescollectionsprivees.com\/es\/fragancia\/eau-de-parfum-mango-punch\/\" \/>\n<meta property=\"og:site_name\" content=\"Les Collections Priv\u00e9es\" \/>\n<meta property=\"article:modified_time\" content=\"2026-03-23T22:11:56+00:00\" \/>\n<meta property=\"og:image\" content=\"https:\/\/lescollectionsprivees.com\/wp-content\/uploads\/2024\/08\/eau-de-parfum-mango-punch-paris-corner.jpeg\" \/>\n\t<meta property=\"og:image:width\" content=\"600\" \/>\n\t<meta property=\"og:image:height\" content=\"600\" \/>\n\t<meta property=\"og:image:type\" content=\"image\/jpeg\" \/>\n<meta name=\"twitter:card\" content=\"summary_large_image\" \/>\n<meta name=\"twitter:label1\" content=\"Tiempo de lectura\" \/>\n\t<meta name=\"twitter:data1\" content=\"3 minutos\" \/>\n<script type=\"application\/ld+json\" class=\"yoast-schema-graph\">{\"@context\":\"https:\\\/\\\/schema.org\",\"@graph\":[{\"@type\":\"WebPage\",\"@id\":\"https:\\\/\\\/lescollectionsprivees.com\\\/parfum\\\/eau-de-parfum-mango-punch\\\/\",\"url\":\"https:\\\/\\\/lescollectionsprivees.com\\\/parfum\\\/eau-de-parfum-mango-punch\\\/\",\"name\":\"Mango Punch | Fragrance mixte | \u00c9mir by Paris Corner\",\"isPartOf\":{\"@id\":\"https:\\\/\\\/lescollectionsprivees.com\\\/#website\"},\"primaryImageOfPage\":{\"@id\":\"https:\\\/\\\/lescollectionsprivees.com\\\/parfum\\\/eau-de-parfum-mango-punch\\\/#primaryimage\"},\"image\":{\"@id\":\"https:\\\/\\\/lescollectionsprivees.com\\\/parfum\\\/eau-de-parfum-mango-punch\\\/#primaryimage\"},\"thumbnailUrl\":\"https:\\\/\\\/lescollectionsprivees.com\\\/wp-content\\\/uploads\\\/2024\\\/08\\\/eau-de-parfum-mango-punch-paris-corner.jpeg\",\"datePublished\":\"2024-08-05T14:41:36+00:00\",\"dateModified\":\"2026-03-23T22:11:56+00:00\",\"description\":\"D\u00e9couvrez l\u2019eau de parfum Mango Punch, une cr\u00e9ation olfactive de la maison Paris Corner qui promet de r\u00e9veiller vos sens et d'illuminer vos journ\u00e9es.\",\"breadcrumb\":{\"@id\":\"https:\\\/\\\/lescollectionsprivees.com\\\/parfum\\\/eau-de-parfum-mango-punch\\\/#breadcrumb\"},\"inLanguage\":\"es\",\"potentialAction\":[{\"@type\":\"ReadAction\",\"target\":[\"https:\\\/\\\/lescollectionsprivees.com\\\/parfum\\\/eau-de-parfum-mango-punch\\\/\"]}]},{\"@type\":\"ImageObject\",\"inLanguage\":\"es\",\"@id\":\"https:\\\/\\\/lescollectionsprivees.com\\\/parfum\\\/eau-de-parfum-mango-punch\\\/#primaryimage\",\"url\":\"https:\\\/\\\/lescollectionsprivees.com\\\/wp-content\\\/uploads\\\/2024\\\/08\\\/eau-de-parfum-mango-punch-paris-corner.jpeg\",\"contentUrl\":\"https:\\\/\\\/lescollectionsprivees.com\\\/wp-content\\\/uploads\\\/2024\\\/08\\\/eau-de-parfum-mango-punch-paris-corner.jpeg\",\"width\":600,\"height\":600,\"caption\":\"Eau de parfum Mango Punch 100ml - Emir by Paris Corner\"},{\"@type\":\"BreadcrumbList\",\"@id\":\"https:\\\/\\\/lescollectionsprivees.com\\\/parfum\\\/eau-de-parfum-mango-punch\\\/#breadcrumb\",\"itemListElement\":[{\"@type\":\"ListItem\",\"position\":1,\"name\":\"Accueil\",\"item\":\"https:\\\/\\\/lescollectionsprivees.com\\\/\"},{\"@type\":\"ListItem\",\"position\":2,\"name\":\"Boutique\",\"item\":\"https:\\\/\\\/lescollectionsprivees.com\\\/boutique\\\/\"},{\"@type\":\"ListItem\",\"position\":3,\"name\":\"Eau de parfum Mango Punch 100ml &#8211; Emir by Paris Corner\"}]},{\"@type\":\"WebSite\",\"@id\":\"https:\\\/\\\/lescollectionsprivees.com\\\/#website\",\"url\":\"https:\\\/\\\/lescollectionsprivees.com\\\/\",\"name\":\"Les Collections Priv\u00e9es\",\"description\":\"\",\"publisher\":{\"@id\":\"https:\\\/\\\/lescollectionsprivees.com\\\/#organization\"},\"potentialAction\":[{\"@type\":\"SearchAction\",\"target\":{\"@type\":\"EntryPoint\",\"urlTemplate\":\"https:\\\/\\\/lescollectionsprivees.com\\\/?s={search_term_string}\"},\"query-input\":{\"@type\":\"PropertyValueSpecification\",\"valueRequired\":true,\"valueName\":\"search_term_string\"}}],\"inLanguage\":\"es\"},{\"@type\":\"Organization\",\"@id\":\"https:\\\/\\\/lescollectionsprivees.com\\\/#organization\",\"name\":\"Les Collections Priv\u00e9es\",\"url\":\"https:\\\/\\\/lescollectionsprivees.com\\\/\",\"logo\":{\"@type\":\"ImageObject\",\"inLanguage\":\"es\",\"@id\":\"https:\\\/\\\/lescollectionsprivees.com\\\/#\\\/schema\\\/logo\\\/image\\\/\",\"url\":\"https:\\\/\\\/lescollectionsprivees.com\\\/wp-content\\\/uploads\\\/2020\\\/02\\\/Logo-Les-Collections-Priv\u00e9es-450x450-1.png\",\"contentUrl\":\"https:\\\/\\\/lescollectionsprivees.com\\\/wp-content\\\/uploads\\\/2020\\\/02\\\/Logo-Les-Collections-Priv\u00e9es-450x450-1.png\",\"width\":450,\"height\":450,\"caption\":\"Les Collections Priv\u00e9es\"},\"image\":{\"@id\":\"https:\\\/\\\/lescollectionsprivees.com\\\/#\\\/schema\\\/logo\\\/image\\\/\"}}]}<\/script>\n<!-- \/ Yoast SEO plugin. -->","yoast_head_json":{"title":"Mango Punch | Fragancia Mixta | \u00c9mir by Paris Corner","description":"Descubra el eau de parfum Mango Punch, una creaci\u00f3n olfativa de Paris Corner que promete despertar sus sentidos y alegrarle el d\u00eda.","robots":{"index":"index","follow":"follow","max-snippet":"max-snippet:-1","max-image-preview":"max-image-preview:large","max-video-preview":"max-video-preview:-1"},"canonical":"https:\/\/lescollectionsprivees.com\/es\/fragancia\/eau-de-parfum-mango-punch\/","og_locale":"es_ES","og_type":"article","og_title":"Mango Punch | Fragrance mixte | \u00c9mir by Paris Corner","og_description":"D\u00e9couvrez l\u2019eau de parfum Mango Punch, une cr\u00e9ation olfactive de la maison Paris Corner qui promet de r\u00e9veiller vos sens et d'illuminer vos journ\u00e9es.","og_url":"https:\/\/lescollectionsprivees.com\/es\/fragancia\/eau-de-parfum-mango-punch\/","og_site_name":"Les Collections Priv\u00e9es","article_modified_time":"2026-03-23T22:11:56+00:00","og_image":[{"width":600,"height":600,"url":"https:\/\/lescollectionsprivees.com\/wp-content\/uploads\/2024\/08\/eau-de-parfum-mango-punch-paris-corner.jpeg","type":"image\/jpeg"}],"twitter_card":"summary_large_image","twitter_misc":{"Tiempo de lectura":"3 minutos"},"schema":{"@context":"https:\/\/schema.org","@graph":[{"@type":"WebPage","@id":"https:\/\/lescollectionsprivees.com\/parfum\/eau-de-parfum-mango-punch\/","url":"https:\/\/lescollectionsprivees.com\/parfum\/eau-de-parfum-mango-punch\/","name":"Mango Punch | Fragancia Mixta | \u00c9mir by Paris Corner","isPartOf":{"@id":"https:\/\/lescollectionsprivees.com\/#website"},"primaryImageOfPage":{"@id":"https:\/\/lescollectionsprivees.com\/parfum\/eau-de-parfum-mango-punch\/#primaryimage"},"image":{"@id":"https:\/\/lescollectionsprivees.com\/parfum\/eau-de-parfum-mango-punch\/#primaryimage"},"thumbnailUrl":"https:\/\/lescollectionsprivees.com\/wp-content\/uploads\/2024\/08\/eau-de-parfum-mango-punch-paris-corner.jpeg","datePublished":"2024-08-05T14:41:36+00:00","dateModified":"2026-03-23T22:11:56+00:00","description":"Descubra el eau de parfum Mango Punch, una creaci\u00f3n olfativa de Paris Corner que promete despertar sus sentidos y alegrarle el d\u00eda.","breadcrumb":{"@id":"https:\/\/lescollectionsprivees.com\/parfum\/eau-de-parfum-mango-punch\/#breadcrumb"},"inLanguage":"es","potentialAction":[{"@type":"ReadAction","target":["https:\/\/lescollectionsprivees.com\/parfum\/eau-de-parfum-mango-punch\/"]}]},{"@type":"ImageObject","inLanguage":"es","@id":"https:\/\/lescollectionsprivees.com\/parfum\/eau-de-parfum-mango-punch\/#primaryimage","url":"https:\/\/lescollectionsprivees.com\/wp-content\/uploads\/2024\/08\/eau-de-parfum-mango-punch-paris-corner.jpeg","contentUrl":"https:\/\/lescollectionsprivees.com\/wp-content\/uploads\/2024\/08\/eau-de-parfum-mango-punch-paris-corner.jpeg","width":600,"height":600,"caption":"Eau de parfum Mango Punch 100ml - Emir by Paris Corner"},{"@type":"BreadcrumbList","@id":"https:\/\/lescollectionsprivees.com\/parfum\/eau-de-parfum-mango-punch\/#breadcrumb","itemListElement":[{"@type":"ListItem","position":1,"name":"Accueil","item":"https:\/\/lescollectionsprivees.com\/"},{"@type":"ListItem","position":2,"name":"Boutique","item":"https:\/\/lescollectionsprivees.com\/boutique\/"},{"@type":"ListItem","position":3,"name":"Eau de parfum Mango Punch 100ml &#8211; Emir by Paris Corner"}]},{"@type":"WebSite","@id":"https:\/\/lescollectionsprivees.com\/#website","url":"https:\/\/lescollectionsprivees.com\/","name":"Colecciones privadas","description":"","publisher":{"@id":"https:\/\/lescollectionsprivees.com\/#organization"},"potentialAction":[{"@type":"SearchAction","target":{"@type":"EntryPoint","urlTemplate":"https:\/\/lescollectionsprivees.com\/?s={search_term_string}"},"query-input":{"@type":"PropertyValueSpecification","valueRequired":true,"valueName":"search_term_string"}}],"inLanguage":"es"},{"@type":"Organization","@id":"https:\/\/lescollectionsprivees.com\/#organization","name":"Colecciones privadas","url":"https:\/\/lescollectionsprivees.com\/","logo":{"@type":"ImageObject","inLanguage":"es","@id":"https:\/\/lescollectionsprivees.com\/#\/schema\/logo\/image\/","url":"https:\/\/lescollectionsprivees.com\/wp-content\/uploads\/2020\/02\/Logo-Les-Collections-Priv\u00e9es-450x450-1.png","contentUrl":"https:\/\/lescollectionsprivees.com\/wp-content\/uploads\/2020\/02\/Logo-Les-Collections-Priv\u00e9es-450x450-1.png","width":450,"height":450,"caption":"Les Collections Priv\u00e9es"},"image":{"@id":"https:\/\/lescollectionsprivees.com\/#\/schema\/logo\/image\/"}}]}},"_links":{"self":[{"href":"https:\/\/lescollectionsprivees.com\/es\/wp-json\/wp\/v2\/product\/30519","targetHints":{"allow":["GET"]}}],"collection":[{"href":"https:\/\/lescollectionsprivees.com\/es\/wp-json\/wp\/v2\/product"}],"about":[{"href":"https:\/\/lescollectionsprivees.com\/es\/wp-json\/wp\/v2\/types\/product"}],"wp:featuredmedia":[{"embeddable":true,"href":"https:\/\/lescollectionsprivees.com\/es\/wp-json\/wp\/v2\/media\/30541"}],"wp:attachment":[{"href":"https:\/\/lescollectionsprivees.com\/es\/wp-json\/wp\/v2\/media?parent=30519"}],"wp:term":[{"taxonomy":"product_brand","embeddable":true,"href":"https:\/\/lescollectionsprivees.com\/es\/wp-json\/wp\/v2\/product_brand?post=30519"},{"taxonomy":"product_cat","embeddable":true,"href":"https:\/\/lescollectionsprivees.com\/es\/wp-json\/wp\/v2\/product_cat?post=30519"},{"taxonomy":"product_tag","embeddable":true,"href":"https:\/\/lescollectionsprivees.com\/es\/wp-json\/wp\/v2\/product_tag?post=30519"}],"curies":[{"name":"wp","href":"https:\/\/api.w.org\/{rel}","templated":true}]}}