{"id":31415,"date":"2024-10-09T19:04:18","date_gmt":"2024-10-09T19:04:18","guid":{"rendered":"https:\/\/lescollectionsprivees.com\/?post_type=product&#038;p=31415"},"modified":"2024-10-09T19:04:18","modified_gmt":"2024-10-09T19:04:18","slug":"safeer-al-hub-everlasting","status":"publish","type":"product","link":"https:\/\/lescollectionsprivees.com\/es\/parfum\/safeer-al-hub-everlasting\/","title":{"rendered":"Eau de parfum Safeer Al Hub (Eterno) 100ml - Ard Al Zaafaran"},"content":{"rendered":"<p><strong>Ard Al Zaafaran<\/strong> nos encanta con su \u00faltima creaci\u00f3n, <strong>Safeer Al Hub Everlasting<\/strong>a <strong>fragancia unisex<\/strong> que redefine la elegancia olfativa. Esta fragancia exclusiva combina frescura, especias y <strong>notas amaderadas<\/strong> para obtener un resultado sorprendente.<\/p>\n<h2><strong>Sumergirse en el coraz\u00f3n de Safeer Al Hub Everlasting<\/strong><\/h2>\n<p>La sinfon\u00eda olfativa de este <strong>fragancia oriental<\/strong> se desarrolla en tres actos. Comienza de forma vigorizante, con las notas iniciales del <strong>bergamota<\/strong>el <a href=\"https:\/\/lescollectionsprivees.com\/es\/fragancia\/eau-de-parfum-vainilla-limon\/\"><strong>lim\u00f3n<\/strong><\/a> y <strong>especias<\/strong> forman una combinaci\u00f3n energizante. La frescura de <strong>c\u00edtricos<\/strong>realzada por especias cuidadosamente seleccionadas, despierta los sentidos. Adem\u00e1s, prepara al usuario para un viaje olfativo inolvidable.<\/p>\n<p>Luego nos seduce suavemente el coraz\u00f3n floral hechizante de esta fragancia, compuesto por <strong>jazm\u00edn<\/strong>de <strong>rosa<\/strong> y <strong>canela<\/strong>. Este <strong>ramo real<\/strong> a\u00f1ade un toque sensual a la fragancia, junto con el toque de originalidad de la canela.<\/p>\n<p>Por \u00faltimo, esta partitura termina con un tr\u00edo formado por el <strong>s\u00e1ndalo<\/strong>el <strong>almizcle<\/strong> y el<strong>\u00e1mbar<\/strong>. Juntos, garantizan una longevidad excepcional de la fragancia.<\/p>\n<h2><strong>\u00bfPara qui\u00e9n es Safeer Al Hub Everlasting?<\/strong><\/h2>\n<p>Es para hombres y mujeres que buscan una fragancia tan vers\u00e1til para el d\u00eda a d\u00eda como para las ocasiones especiales. Su composici\u00f3n equilibrada la convierte en una opci\u00f3n ideal para los amantes de las fragancias que no quieren pasar desapercibidos.<\/p>\n<p>Ard Al Zaafaran consigue combinar frescura, calidez y profundidad en esta sinfon\u00eda de aromas. No espere m\u00e1s para fijarse en esta fragancia, apta para todos los sexos y todas las estaciones. Y su duraci\u00f3n est\u00e1 garantizada.<\/p>\n<h3><strong>La tradici\u00f3n se une a la modernidad olfativa<\/strong><\/h3>\n<p>Por \u00faltimo, Safeer Al Hub Everlasting, de Ard Al Zaafaran, es una obra imprescindible para los conocedores del <strong>fragancias refinadas<\/strong>. Su excepcional calidad lo convierte en una inversi\u00f3n olfativa de primer orden, que promete realzar cada momento de su d\u00eda.<\/p>","protected":false},"excerpt":{"rendered":"<p><strong>Notas olfativas :<\/strong><\/p>\n<p><strong>Notas altas<\/strong> Bergamota, Lim\u00f3n, Especias<br \/>\n<strong>Notas de coraz\u00f3n<\/strong> Jazm\u00edn, rosa, canela<br \/>\n<strong>Notas de fondo<\/strong> S\u00e1ndalo, almizcle, \u00e1mbar<\/p>\n<p><strong>Tipo<\/strong> Mixto.<\/p>","protected":false},"featured_media":31416,"template":"","meta":[],"product_brand":[],"product_cat":[274,203,204,210,206],"product_tag":[],"class_list":{"0":"post-31415","1":"product","2":"type-product","3":"status-publish","4":"has-post-thumbnail","6":"product_cat-ard-al-zaafaran","7":"product_cat-parfum-ambre","8":"product_cat-parfum-citron","9":"product_cat-parfum-jasmin","10":"product_cat-parfum-rose","12":"first","13":"instock","14":"taxable","15":"shipping-taxable","16":"purchasable","17":"product-type-simple"},"yoast_head":"<!-- This site is optimized with the Yoast SEO plugin v27.5 - https:\/\/yoast.com\/product\/yoast-seo-wordpress\/ -->\n<title>Safeer Al Hub Everlasting (Bleu) | Parfum pour homme et femme<\/title>\n<meta name=\"description\" content=\"Ard Al Zaafaran nous enchante avec sa derni\u00e8re cr\u00e9ation, Safeer Al Hub Everlasting, un parfum unisexe qui red\u00e9finit l&#039;\u00e9l\u00e9gance olfactive\" \/>\n<meta name=\"robots\" content=\"index, follow, max-snippet:-1, max-image-preview:large, max-video-preview:-1\" \/>\n<link rel=\"canonical\" href=\"https:\/\/lescollectionsprivees.com\/es\/fragancia\/safeer-al-hub-everlasting\/\" \/>\n<meta property=\"og:locale\" content=\"es_ES\" \/>\n<meta property=\"og:type\" content=\"article\" \/>\n<meta property=\"og:title\" content=\"Safeer Al Hub Everlasting (Bleu) | Parfum pour homme et femme\" \/>\n<meta property=\"og:description\" content=\"Ard Al Zaafaran nous enchante avec sa derni\u00e8re cr\u00e9ation, Safeer Al Hub Everlasting, un parfum unisexe qui red\u00e9finit l&#039;\u00e9l\u00e9gance olfactive\" \/>\n<meta property=\"og:url\" content=\"https:\/\/lescollectionsprivees.com\/es\/fragancia\/safeer-al-hub-everlasting\/\" \/>\n<meta property=\"og:site_name\" content=\"Les Collections Priv\u00e9es\" \/>\n<meta property=\"og:image\" content=\"https:\/\/lescollectionsprivees.com\/wp-content\/uploads\/2024\/10\/safer-al-hub-everstanding.jpg\" \/>\n\t<meta property=\"og:image:width\" content=\"600\" \/>\n\t<meta property=\"og:image:height\" content=\"600\" \/>\n\t<meta property=\"og:image:type\" content=\"image\/jpeg\" \/>\n<meta name=\"twitter:card\" content=\"summary_large_image\" \/>\n<meta name=\"twitter:label1\" content=\"Tiempo de lectura\" \/>\n\t<meta name=\"twitter:data1\" content=\"2 minutos\" \/>\n<script type=\"application\/ld+json\" class=\"yoast-schema-graph\">{\"@context\":\"https:\\\/\\\/schema.org\",\"@graph\":[{\"@type\":\"WebPage\",\"@id\":\"https:\\\/\\\/lescollectionsprivees.com\\\/parfum\\\/safeer-al-hub-everlasting\\\/\",\"url\":\"https:\\\/\\\/lescollectionsprivees.com\\\/parfum\\\/safeer-al-hub-everlasting\\\/\",\"name\":\"Safeer Al Hub Everlasting (Bleu) | Parfum pour homme et femme\",\"isPartOf\":{\"@id\":\"https:\\\/\\\/lescollectionsprivees.com\\\/#website\"},\"primaryImageOfPage\":{\"@id\":\"https:\\\/\\\/lescollectionsprivees.com\\\/parfum\\\/safeer-al-hub-everlasting\\\/#primaryimage\"},\"image\":{\"@id\":\"https:\\\/\\\/lescollectionsprivees.com\\\/parfum\\\/safeer-al-hub-everlasting\\\/#primaryimage\"},\"thumbnailUrl\":\"https:\\\/\\\/lescollectionsprivees.com\\\/wp-content\\\/uploads\\\/2024\\\/10\\\/safer-al-hub-everstanding.jpg\",\"datePublished\":\"2024-10-09T19:04:18+00:00\",\"description\":\"Ard Al Zaafaran nous enchante avec sa derni\u00e8re cr\u00e9ation, Safeer Al Hub Everlasting, un parfum unisexe qui red\u00e9finit l'\u00e9l\u00e9gance olfactive\",\"breadcrumb\":{\"@id\":\"https:\\\/\\\/lescollectionsprivees.com\\\/parfum\\\/safeer-al-hub-everlasting\\\/#breadcrumb\"},\"inLanguage\":\"es\",\"potentialAction\":[{\"@type\":\"ReadAction\",\"target\":[\"https:\\\/\\\/lescollectionsprivees.com\\\/parfum\\\/safeer-al-hub-everlasting\\\/\"]}]},{\"@type\":\"ImageObject\",\"inLanguage\":\"es\",\"@id\":\"https:\\\/\\\/lescollectionsprivees.com\\\/parfum\\\/safeer-al-hub-everlasting\\\/#primaryimage\",\"url\":\"https:\\\/\\\/lescollectionsprivees.com\\\/wp-content\\\/uploads\\\/2024\\\/10\\\/safer-al-hub-everstanding.jpg\",\"contentUrl\":\"https:\\\/\\\/lescollectionsprivees.com\\\/wp-content\\\/uploads\\\/2024\\\/10\\\/safer-al-hub-everstanding.jpg\",\"width\":600,\"height\":600,\"caption\":\"Safeer Al Hub Everlasting\"},{\"@type\":\"BreadcrumbList\",\"@id\":\"https:\\\/\\\/lescollectionsprivees.com\\\/parfum\\\/safeer-al-hub-everlasting\\\/#breadcrumb\",\"itemListElement\":[{\"@type\":\"ListItem\",\"position\":1,\"name\":\"Accueil\",\"item\":\"https:\\\/\\\/lescollectionsprivees.com\\\/\"},{\"@type\":\"ListItem\",\"position\":2,\"name\":\"Boutique\",\"item\":\"https:\\\/\\\/lescollectionsprivees.com\\\/boutique\\\/\"},{\"@type\":\"ListItem\",\"position\":3,\"name\":\"Eau de parfum Safeer Al Hub (Everlasting) 100ml &#8211; Ard Al Zaafaran\"}]},{\"@type\":\"WebSite\",\"@id\":\"https:\\\/\\\/lescollectionsprivees.com\\\/#website\",\"url\":\"https:\\\/\\\/lescollectionsprivees.com\\\/\",\"name\":\"Les Collections Priv\u00e9es\",\"description\":\"\",\"publisher\":{\"@id\":\"https:\\\/\\\/lescollectionsprivees.com\\\/#organization\"},\"potentialAction\":[{\"@type\":\"SearchAction\",\"target\":{\"@type\":\"EntryPoint\",\"urlTemplate\":\"https:\\\/\\\/lescollectionsprivees.com\\\/?s={search_term_string}\"},\"query-input\":{\"@type\":\"PropertyValueSpecification\",\"valueRequired\":true,\"valueName\":\"search_term_string\"}}],\"inLanguage\":\"es\"},{\"@type\":\"Organization\",\"@id\":\"https:\\\/\\\/lescollectionsprivees.com\\\/#organization\",\"name\":\"Les Collections Priv\u00e9es\",\"url\":\"https:\\\/\\\/lescollectionsprivees.com\\\/\",\"logo\":{\"@type\":\"ImageObject\",\"inLanguage\":\"es\",\"@id\":\"https:\\\/\\\/lescollectionsprivees.com\\\/#\\\/schema\\\/logo\\\/image\\\/\",\"url\":\"https:\\\/\\\/lescollectionsprivees.com\\\/wp-content\\\/uploads\\\/2020\\\/02\\\/Logo-Les-Collections-Priv\u00e9es-450x450-1.png\",\"contentUrl\":\"https:\\\/\\\/lescollectionsprivees.com\\\/wp-content\\\/uploads\\\/2020\\\/02\\\/Logo-Les-Collections-Priv\u00e9es-450x450-1.png\",\"width\":450,\"height\":450,\"caption\":\"Les Collections Priv\u00e9es\"},\"image\":{\"@id\":\"https:\\\/\\\/lescollectionsprivees.com\\\/#\\\/schema\\\/logo\\\/image\\\/\"}}]}<\/script>\n<!-- \/ Yoast SEO plugin. -->","yoast_head_json":{"title":"Safeer Al Hub Everlasting (Azul) | Fragancia para hombres y mujeres","description":"Ard Al Zaafaran nos deleita con su \u00faltima creaci\u00f3n, Safeer Al Hub Everlasting, una fragancia unisex que redefine la elegancia olfativa.","robots":{"index":"index","follow":"follow","max-snippet":"max-snippet:-1","max-image-preview":"max-image-preview:large","max-video-preview":"max-video-preview:-1"},"canonical":"https:\/\/lescollectionsprivees.com\/es\/fragancia\/safeer-al-hub-everlasting\/","og_locale":"es_ES","og_type":"article","og_title":"Safeer Al Hub Everlasting (Bleu) | Parfum pour homme et femme","og_description":"Ard Al Zaafaran nous enchante avec sa derni\u00e8re cr\u00e9ation, Safeer Al Hub Everlasting, un parfum unisexe qui red\u00e9finit l'\u00e9l\u00e9gance olfactive","og_url":"https:\/\/lescollectionsprivees.com\/es\/fragancia\/safeer-al-hub-everlasting\/","og_site_name":"Les Collections Priv\u00e9es","og_image":[{"width":600,"height":600,"url":"https:\/\/lescollectionsprivees.com\/wp-content\/uploads\/2024\/10\/safer-al-hub-everstanding.jpg","type":"image\/jpeg"}],"twitter_card":"summary_large_image","twitter_misc":{"Tiempo de lectura":"2 minutos"},"schema":{"@context":"https:\/\/schema.org","@graph":[{"@type":"WebPage","@id":"https:\/\/lescollectionsprivees.com\/parfum\/safeer-al-hub-everlasting\/","url":"https:\/\/lescollectionsprivees.com\/parfum\/safeer-al-hub-everlasting\/","name":"Safeer Al Hub Everlasting (Azul) | Fragancia para hombres y mujeres","isPartOf":{"@id":"https:\/\/lescollectionsprivees.com\/#website"},"primaryImageOfPage":{"@id":"https:\/\/lescollectionsprivees.com\/parfum\/safeer-al-hub-everlasting\/#primaryimage"},"image":{"@id":"https:\/\/lescollectionsprivees.com\/parfum\/safeer-al-hub-everlasting\/#primaryimage"},"thumbnailUrl":"https:\/\/lescollectionsprivees.com\/wp-content\/uploads\/2024\/10\/safer-al-hub-everstanding.jpg","datePublished":"2024-10-09T19:04:18+00:00","description":"Ard Al Zaafaran nos deleita con su \u00faltima creaci\u00f3n, Safeer Al Hub Everlasting, una fragancia unisex que redefine la elegancia olfativa.","breadcrumb":{"@id":"https:\/\/lescollectionsprivees.com\/parfum\/safeer-al-hub-everlasting\/#breadcrumb"},"inLanguage":"es","potentialAction":[{"@type":"ReadAction","target":["https:\/\/lescollectionsprivees.com\/parfum\/safeer-al-hub-everlasting\/"]}]},{"@type":"ImageObject","inLanguage":"es","@id":"https:\/\/lescollectionsprivees.com\/parfum\/safeer-al-hub-everlasting\/#primaryimage","url":"https:\/\/lescollectionsprivees.com\/wp-content\/uploads\/2024\/10\/safer-al-hub-everstanding.jpg","contentUrl":"https:\/\/lescollectionsprivees.com\/wp-content\/uploads\/2024\/10\/safer-al-hub-everstanding.jpg","width":600,"height":600,"caption":"Safeer Al Hub Everlasting"},{"@type":"BreadcrumbList","@id":"https:\/\/lescollectionsprivees.com\/parfum\/safeer-al-hub-everlasting\/#breadcrumb","itemListElement":[{"@type":"ListItem","position":1,"name":"Accueil","item":"https:\/\/lescollectionsprivees.com\/"},{"@type":"ListItem","position":2,"name":"Boutique","item":"https:\/\/lescollectionsprivees.com\/boutique\/"},{"@type":"ListItem","position":3,"name":"Eau de parfum Safeer Al Hub (Everlasting) 100ml &#8211; Ard Al Zaafaran"}]},{"@type":"WebSite","@id":"https:\/\/lescollectionsprivees.com\/#website","url":"https:\/\/lescollectionsprivees.com\/","name":"Colecciones privadas","description":"","publisher":{"@id":"https:\/\/lescollectionsprivees.com\/#organization"},"potentialAction":[{"@type":"SearchAction","target":{"@type":"EntryPoint","urlTemplate":"https:\/\/lescollectionsprivees.com\/?s={search_term_string}"},"query-input":{"@type":"PropertyValueSpecification","valueRequired":true,"valueName":"search_term_string"}}],"inLanguage":"es"},{"@type":"Organization","@id":"https:\/\/lescollectionsprivees.com\/#organization","name":"Colecciones privadas","url":"https:\/\/lescollectionsprivees.com\/","logo":{"@type":"ImageObject","inLanguage":"es","@id":"https:\/\/lescollectionsprivees.com\/#\/schema\/logo\/image\/","url":"https:\/\/lescollectionsprivees.com\/wp-content\/uploads\/2020\/02\/Logo-Les-Collections-Priv\u00e9es-450x450-1.png","contentUrl":"https:\/\/lescollectionsprivees.com\/wp-content\/uploads\/2020\/02\/Logo-Les-Collections-Priv\u00e9es-450x450-1.png","width":450,"height":450,"caption":"Les Collections Priv\u00e9es"},"image":{"@id":"https:\/\/lescollectionsprivees.com\/#\/schema\/logo\/image\/"}}]}},"_links":{"self":[{"href":"https:\/\/lescollectionsprivees.com\/es\/wp-json\/wp\/v2\/product\/31415","targetHints":{"allow":["GET"]}}],"collection":[{"href":"https:\/\/lescollectionsprivees.com\/es\/wp-json\/wp\/v2\/product"}],"about":[{"href":"https:\/\/lescollectionsprivees.com\/es\/wp-json\/wp\/v2\/types\/product"}],"wp:featuredmedia":[{"embeddable":true,"href":"https:\/\/lescollectionsprivees.com\/es\/wp-json\/wp\/v2\/media\/31416"}],"wp:attachment":[{"href":"https:\/\/lescollectionsprivees.com\/es\/wp-json\/wp\/v2\/media?parent=31415"}],"wp:term":[{"taxonomy":"product_brand","embeddable":true,"href":"https:\/\/lescollectionsprivees.com\/es\/wp-json\/wp\/v2\/product_brand?post=31415"},{"taxonomy":"product_cat","embeddable":true,"href":"https:\/\/lescollectionsprivees.com\/es\/wp-json\/wp\/v2\/product_cat?post=31415"},{"taxonomy":"product_tag","embeddable":true,"href":"https:\/\/lescollectionsprivees.com\/es\/wp-json\/wp\/v2\/product_tag?post=31415"}],"curies":[{"name":"wp","href":"https:\/\/api.w.org\/{rel}","templated":true}]}}