{"id":31439,"date":"2024-10-13T16:52:31","date_gmt":"2024-10-13T16:52:31","guid":{"rendered":"https:\/\/lescollectionsprivees.com\/?post_type=product&#038;p=31439"},"modified":"2026-05-16T12:41:14","modified_gmt":"2026-05-16T12:41:14","slug":"liquido-marron","status":"publish","type":"product","link":"https:\/\/lescollectionsprivees.com\/es\/parfum\/liquid-brun\/","title":{"rendered":"Eau de parfum Liquid brun 100ml - French Avenue"},"content":{"rendered":"<p>Descubra <strong>Marr\u00f3n l\u00edquido<\/strong>a <strong>fragancias masculinas<\/strong> firmado <strong>Avenida de Francia<\/strong> donde confluyen notas amaderadas y gourmand. Esta fragancia \u00fanica ofrece una experiencia olfativa memorable que sin duda dejar\u00e1 una impresi\u00f3n duradera.<\/p>\n<h2><strong>Descripci\u00f3n detallada de Liquid Brun eau de parfum<\/strong><\/h2>\n<p>Esta fragancia unisex le transporta a un mundo de frescura y refinamiento, desde la primera impresi\u00f3n. La <strong>bergamota<\/strong> une sus fuerzas a <strong>cardamomo<\/strong>Esto crea una apertura energizante. El <a href=\"https:\/\/lescollectionsprivees.com\/es\/fragancia\/tahara-intima-de-almizcle-aromatizada-con-azahar\/\"><strong>azahar<\/strong><\/a> suaviza el d\u00fao, a\u00f1adiendo un delicado toque floral.<\/p>\n<p>Posteriormente, el <strong>vainilla<\/strong><strong> bourbon<\/strong> y el <strong>canela<\/strong> se revelan en el coraz\u00f3n de la fragancia. El resultado es una dulzura picante irresistible. El <strong>elemento resina<\/strong> tambi\u00e9n se a\u00f1ade a esta combinaci\u00f3n gourmand para potenciar el efecto general. Es este ingrediente el que crea un discreto toque de sensualidad que dura todo el d\u00eda.<\/p>\n<p>Por \u00faltimo, la partitura termina con notas de fondo cuidadosamente seleccionadas. El sitio <strong>pralin\u00e9<\/strong> a\u00f1ade un inesperado toque gourmet, mientras que el<strong>ambroxan<\/strong> a\u00f1ade una calidez ambarina. En <strong>madera de guayaco<\/strong> para completar la composici\u00f3n.<\/p>\n<h2><strong>Liquid Brun de French Avenue: la personificaci\u00f3n del carisma moderno<\/strong><\/h2>\n<p>Una de las principales bazas de esta fragancia unisex es su versatilidad. Dise\u00f1ada para adaptarse a todas las estaciones, esta fragancia le acompa\u00f1ar\u00e1 con facilidad desde la oficina hasta la m\u00e1s elegante de las veladas. Su composici\u00f3n la hace tan apropiada para un d\u00eda informal como para una ocasi\u00f3n especial.<\/p>\n<p>Liquid Brun encarna al hombre contempor\u00e1neo en toda su complejidad: elegante sin ser pretencioso, moderno pero atemporal. Con su mezcla \u00fanica de <strong>notas amaderadas<\/strong>Con sus notas especiadas y gourmand, crea una firma olfativa verdaderamente inolvidable, dejando a su paso un aura de misterio y seducci\u00f3n. Seguro que capta el inter\u00e9s de los que te rodean.<\/p>\n<h3><strong>Atr\u00e9vase a ser extraordinario para destacar entre la multitud<\/strong><\/h3>\n<p>Liquid Brun eau de parfum es <strong>la elecci\u00f3n perfecta para el hombre que se atreve a destacar entre la multitud<\/strong>. Tanto si busca una fragancia de autor como una fragancia especial para ocasiones especiales, cumplir\u00e1 todas sus expectativas. D\u00e9jese seducir por su complejidad olfativa y su elegancia.<\/p>","protected":false},"excerpt":{"rendered":"<p><strong>Notas olfativas :<\/strong><\/p>\n<p><strong>Notas altas<\/strong> Canela, bergamota, cardamomo, azahar<br \/>\n<strong>Notas de coraz\u00f3n<\/strong> Vainilla Bourbon, elemis<br \/>\n<strong>Notas de fondo<\/strong> Almizcle, pralin\u00e9, ambroxan, madera de guayaco<\/p>\n<p><strong>Tipo<\/strong> Hombre.<\/p>","protected":false},"featured_media":31440,"template":"","meta":[],"product_brand":[],"product_cat":[302,203,207,202,208],"product_tag":[],"class_list":{"0":"post-31439","1":"product","2":"type-product","3":"status-publish","4":"has-post-thumbnail","6":"product_cat-french-avenue","7":"product_cat-parfum-ambre","8":"product_cat-parfum-fleur-doranger","9":"product_cat-parfum-homme","10":"product_cat-parfum-vanille","12":"first","13":"instock","14":"taxable","15":"shipping-taxable","16":"purchasable","17":"product-type-simple"},"yoast_head":"<!-- This site is optimized with the Yoast SEO plugin v27.5 - https:\/\/yoast.com\/product\/yoast-seo-wordpress\/ -->\n<title>Liquid brun | Fragrance masculine de la marque French Avenue<\/title>\n<meta name=\"description\" content=\"D\u00e9couvrez l&#039;eau de parfum Liquid Brun, un parfum masculin sign\u00e9 French Avenue o\u00f9 se rencontrent des notes bois\u00e9es et gourmandes.\" \/>\n<meta name=\"robots\" content=\"index, follow, max-snippet:-1, max-image-preview:large, max-video-preview:-1\" \/>\n<link rel=\"canonical\" href=\"https:\/\/lescollectionsprivees.com\/es\/fragancia\/liquido-marron\/\" \/>\n<meta property=\"og:locale\" content=\"es_ES\" \/>\n<meta property=\"og:type\" content=\"article\" \/>\n<meta property=\"og:title\" content=\"Liquid brun | Fragrance masculine de la marque French Avenue\" \/>\n<meta property=\"og:description\" content=\"D\u00e9couvrez l&#039;eau de parfum Liquid Brun, un parfum masculin sign\u00e9 French Avenue o\u00f9 se rencontrent des notes bois\u00e9es et gourmandes.\" \/>\n<meta property=\"og:url\" content=\"https:\/\/lescollectionsprivees.com\/es\/fragancia\/liquido-marron\/\" \/>\n<meta property=\"og:site_name\" content=\"Les Collections Priv\u00e9es\" \/>\n<meta property=\"article:modified_time\" content=\"2026-05-16T12:41:14+00:00\" \/>\n<meta property=\"og:image\" content=\"https:\/\/lescollectionsprivees.com\/wp-content\/uploads\/2024\/10\/liquid-brun-french-avenue.jpg\" \/>\n\t<meta property=\"og:image:width\" content=\"600\" \/>\n\t<meta property=\"og:image:height\" content=\"600\" \/>\n\t<meta property=\"og:image:type\" content=\"image\/jpeg\" \/>\n<meta name=\"twitter:card\" content=\"summary_large_image\" \/>\n<meta name=\"twitter:label1\" content=\"Tiempo de lectura\" \/>\n\t<meta name=\"twitter:data1\" content=\"3 minutos\" \/>\n<script type=\"application\/ld+json\" class=\"yoast-schema-graph\">{\"@context\":\"https:\\\/\\\/schema.org\",\"@graph\":[{\"@type\":\"WebPage\",\"@id\":\"https:\\\/\\\/lescollectionsprivees.com\\\/parfum\\\/liquid-brun\\\/\",\"url\":\"https:\\\/\\\/lescollectionsprivees.com\\\/parfum\\\/liquid-brun\\\/\",\"name\":\"Liquid brun | Fragrance masculine de la marque French Avenue\",\"isPartOf\":{\"@id\":\"https:\\\/\\\/lescollectionsprivees.com\\\/#website\"},\"primaryImageOfPage\":{\"@id\":\"https:\\\/\\\/lescollectionsprivees.com\\\/parfum\\\/liquid-brun\\\/#primaryimage\"},\"image\":{\"@id\":\"https:\\\/\\\/lescollectionsprivees.com\\\/parfum\\\/liquid-brun\\\/#primaryimage\"},\"thumbnailUrl\":\"https:\\\/\\\/lescollectionsprivees.com\\\/wp-content\\\/uploads\\\/2024\\\/10\\\/liquid-brun-french-avenue.jpg\",\"datePublished\":\"2024-10-13T16:52:31+00:00\",\"dateModified\":\"2026-05-16T12:41:14+00:00\",\"description\":\"D\u00e9couvrez l'eau de parfum Liquid Brun, un parfum masculin sign\u00e9 French Avenue o\u00f9 se rencontrent des notes bois\u00e9es et gourmandes.\",\"breadcrumb\":{\"@id\":\"https:\\\/\\\/lescollectionsprivees.com\\\/parfum\\\/liquid-brun\\\/#breadcrumb\"},\"inLanguage\":\"es\",\"potentialAction\":[{\"@type\":\"ReadAction\",\"target\":[\"https:\\\/\\\/lescollectionsprivees.com\\\/parfum\\\/liquid-brun\\\/\"]}]},{\"@type\":\"ImageObject\",\"inLanguage\":\"es\",\"@id\":\"https:\\\/\\\/lescollectionsprivees.com\\\/parfum\\\/liquid-brun\\\/#primaryimage\",\"url\":\"https:\\\/\\\/lescollectionsprivees.com\\\/wp-content\\\/uploads\\\/2024\\\/10\\\/liquid-brun-french-avenue.jpg\",\"contentUrl\":\"https:\\\/\\\/lescollectionsprivees.com\\\/wp-content\\\/uploads\\\/2024\\\/10\\\/liquid-brun-french-avenue.jpg\",\"width\":600,\"height\":600,\"caption\":\"Eau de parfum Liquid brun 100ml - French Avenue\"},{\"@type\":\"BreadcrumbList\",\"@id\":\"https:\\\/\\\/lescollectionsprivees.com\\\/parfum\\\/liquid-brun\\\/#breadcrumb\",\"itemListElement\":[{\"@type\":\"ListItem\",\"position\":1,\"name\":\"Accueil\",\"item\":\"https:\\\/\\\/lescollectionsprivees.com\\\/\"},{\"@type\":\"ListItem\",\"position\":2,\"name\":\"Boutique\",\"item\":\"https:\\\/\\\/lescollectionsprivees.com\\\/boutique\\\/\"},{\"@type\":\"ListItem\",\"position\":3,\"name\":\"Eau de parfum Liquid brun 100ml &#8211; French Avenue\"}]},{\"@type\":\"WebSite\",\"@id\":\"https:\\\/\\\/lescollectionsprivees.com\\\/#website\",\"url\":\"https:\\\/\\\/lescollectionsprivees.com\\\/\",\"name\":\"Les Collections Priv\u00e9es\",\"description\":\"\",\"publisher\":{\"@id\":\"https:\\\/\\\/lescollectionsprivees.com\\\/#organization\"},\"potentialAction\":[{\"@type\":\"SearchAction\",\"target\":{\"@type\":\"EntryPoint\",\"urlTemplate\":\"https:\\\/\\\/lescollectionsprivees.com\\\/?s={search_term_string}\"},\"query-input\":{\"@type\":\"PropertyValueSpecification\",\"valueRequired\":true,\"valueName\":\"search_term_string\"}}],\"inLanguage\":\"es\"},{\"@type\":\"Organization\",\"@id\":\"https:\\\/\\\/lescollectionsprivees.com\\\/#organization\",\"name\":\"Les Collections Priv\u00e9es\",\"url\":\"https:\\\/\\\/lescollectionsprivees.com\\\/\",\"logo\":{\"@type\":\"ImageObject\",\"inLanguage\":\"es\",\"@id\":\"https:\\\/\\\/lescollectionsprivees.com\\\/#\\\/schema\\\/logo\\\/image\\\/\",\"url\":\"https:\\\/\\\/lescollectionsprivees.com\\\/wp-content\\\/uploads\\\/2020\\\/02\\\/Logo-Les-Collections-Priv\u00e9es-450x450-1.png\",\"contentUrl\":\"https:\\\/\\\/lescollectionsprivees.com\\\/wp-content\\\/uploads\\\/2020\\\/02\\\/Logo-Les-Collections-Priv\u00e9es-450x450-1.png\",\"width\":450,\"height\":450,\"caption\":\"Les Collections Priv\u00e9es\"},\"image\":{\"@id\":\"https:\\\/\\\/lescollectionsprivees.com\\\/#\\\/schema\\\/logo\\\/image\\\/\"}}]}<\/script>\n<!-- \/ Yoast SEO plugin. -->","yoast_head_json":{"title":"Liquid brun | Fragancia de hombre por French Avenue","description":"Descubra Liquid Brun eau de parfum, una fragancia masculina de French Avenue que combina notas amaderadas y gourmand.","robots":{"index":"index","follow":"follow","max-snippet":"max-snippet:-1","max-image-preview":"max-image-preview:large","max-video-preview":"max-video-preview:-1"},"canonical":"https:\/\/lescollectionsprivees.com\/es\/fragancia\/liquido-marron\/","og_locale":"es_ES","og_type":"article","og_title":"Liquid brun | Fragrance masculine de la marque French Avenue","og_description":"D\u00e9couvrez l'eau de parfum Liquid Brun, un parfum masculin sign\u00e9 French Avenue o\u00f9 se rencontrent des notes bois\u00e9es et gourmandes.","og_url":"https:\/\/lescollectionsprivees.com\/es\/fragancia\/liquido-marron\/","og_site_name":"Les Collections Priv\u00e9es","article_modified_time":"2026-05-16T12:41:14+00:00","og_image":[{"width":600,"height":600,"url":"https:\/\/lescollectionsprivees.com\/wp-content\/uploads\/2024\/10\/liquid-brun-french-avenue.jpg","type":"image\/jpeg"}],"twitter_card":"summary_large_image","twitter_misc":{"Tiempo de lectura":"3 minutos"},"schema":{"@context":"https:\/\/schema.org","@graph":[{"@type":"WebPage","@id":"https:\/\/lescollectionsprivees.com\/parfum\/liquid-brun\/","url":"https:\/\/lescollectionsprivees.com\/parfum\/liquid-brun\/","name":"Liquid brun | Fragancia de hombre por French Avenue","isPartOf":{"@id":"https:\/\/lescollectionsprivees.com\/#website"},"primaryImageOfPage":{"@id":"https:\/\/lescollectionsprivees.com\/parfum\/liquid-brun\/#primaryimage"},"image":{"@id":"https:\/\/lescollectionsprivees.com\/parfum\/liquid-brun\/#primaryimage"},"thumbnailUrl":"https:\/\/lescollectionsprivees.com\/wp-content\/uploads\/2024\/10\/liquid-brun-french-avenue.jpg","datePublished":"2024-10-13T16:52:31+00:00","dateModified":"2026-05-16T12:41:14+00:00","description":"Descubra Liquid Brun eau de parfum, una fragancia masculina de French Avenue que combina notas amaderadas y gourmand.","breadcrumb":{"@id":"https:\/\/lescollectionsprivees.com\/parfum\/liquid-brun\/#breadcrumb"},"inLanguage":"es","potentialAction":[{"@type":"ReadAction","target":["https:\/\/lescollectionsprivees.com\/parfum\/liquid-brun\/"]}]},{"@type":"ImageObject","inLanguage":"es","@id":"https:\/\/lescollectionsprivees.com\/parfum\/liquid-brun\/#primaryimage","url":"https:\/\/lescollectionsprivees.com\/wp-content\/uploads\/2024\/10\/liquid-brun-french-avenue.jpg","contentUrl":"https:\/\/lescollectionsprivees.com\/wp-content\/uploads\/2024\/10\/liquid-brun-french-avenue.jpg","width":600,"height":600,"caption":"Eau de parfum Liquid brun 100ml - French Avenue"},{"@type":"BreadcrumbList","@id":"https:\/\/lescollectionsprivees.com\/parfum\/liquid-brun\/#breadcrumb","itemListElement":[{"@type":"ListItem","position":1,"name":"Accueil","item":"https:\/\/lescollectionsprivees.com\/"},{"@type":"ListItem","position":2,"name":"Boutique","item":"https:\/\/lescollectionsprivees.com\/boutique\/"},{"@type":"ListItem","position":3,"name":"Eau de parfum Liquid brun 100ml &#8211; French Avenue"}]},{"@type":"WebSite","@id":"https:\/\/lescollectionsprivees.com\/#website","url":"https:\/\/lescollectionsprivees.com\/","name":"Colecciones privadas","description":"","publisher":{"@id":"https:\/\/lescollectionsprivees.com\/#organization"},"potentialAction":[{"@type":"SearchAction","target":{"@type":"EntryPoint","urlTemplate":"https:\/\/lescollectionsprivees.com\/?s={search_term_string}"},"query-input":{"@type":"PropertyValueSpecification","valueRequired":true,"valueName":"search_term_string"}}],"inLanguage":"es"},{"@type":"Organization","@id":"https:\/\/lescollectionsprivees.com\/#organization","name":"Colecciones privadas","url":"https:\/\/lescollectionsprivees.com\/","logo":{"@type":"ImageObject","inLanguage":"es","@id":"https:\/\/lescollectionsprivees.com\/#\/schema\/logo\/image\/","url":"https:\/\/lescollectionsprivees.com\/wp-content\/uploads\/2020\/02\/Logo-Les-Collections-Priv\u00e9es-450x450-1.png","contentUrl":"https:\/\/lescollectionsprivees.com\/wp-content\/uploads\/2020\/02\/Logo-Les-Collections-Priv\u00e9es-450x450-1.png","width":450,"height":450,"caption":"Les Collections Priv\u00e9es"},"image":{"@id":"https:\/\/lescollectionsprivees.com\/#\/schema\/logo\/image\/"}}]}},"_links":{"self":[{"href":"https:\/\/lescollectionsprivees.com\/es\/wp-json\/wp\/v2\/product\/31439","targetHints":{"allow":["GET"]}}],"collection":[{"href":"https:\/\/lescollectionsprivees.com\/es\/wp-json\/wp\/v2\/product"}],"about":[{"href":"https:\/\/lescollectionsprivees.com\/es\/wp-json\/wp\/v2\/types\/product"}],"wp:featuredmedia":[{"embeddable":true,"href":"https:\/\/lescollectionsprivees.com\/es\/wp-json\/wp\/v2\/media\/31440"}],"wp:attachment":[{"href":"https:\/\/lescollectionsprivees.com\/es\/wp-json\/wp\/v2\/media?parent=31439"}],"wp:term":[{"taxonomy":"product_brand","embeddable":true,"href":"https:\/\/lescollectionsprivees.com\/es\/wp-json\/wp\/v2\/product_brand?post=31439"},{"taxonomy":"product_cat","embeddable":true,"href":"https:\/\/lescollectionsprivees.com\/es\/wp-json\/wp\/v2\/product_cat?post=31439"},{"taxonomy":"product_tag","embeddable":true,"href":"https:\/\/lescollectionsprivees.com\/es\/wp-json\/wp\/v2\/product_tag?post=31439"}],"curies":[{"name":"wp","href":"https:\/\/api.w.org\/{rel}","templated":true}]}}