{"id":31714,"date":"2024-11-03T16:53:28","date_gmt":"2024-11-03T16:53:28","guid":{"rendered":"https:\/\/lescollectionsprivees.com\/?post_type=product&#038;p=31714"},"modified":"2025-08-10T11:31:23","modified_gmt":"2025-08-10T11:31:23","slug":"perfume-maia-collection-privee-convivium-paris","status":"publish","type":"product","link":"https:\/\/lescollectionsprivees.com\/es\/parfum\/parfum-maia-collection-privee-convivium-paris\/","title":{"rendered":"Extracto de perfume Ma\u00efa - Colecci\u00f3n Privada (Convivium Paris)"},"content":{"rendered":"","protected":false},"excerpt":{"rendered":"<p><strong><u>Datos t\u00e9cnicos :<\/u><\/strong><\/p>\n<p><strong>Nombre del perfume<\/strong> : Ma\u00efa<br \/>\n<strong>Marca<\/strong>\u00a0Colecci\u00f3n privada<br \/>\n<strong>Tipo<\/strong>\u00a0Unisex<br \/>\n<strong>Capacidad<\/strong>\u00a050 ml<\/p>\n<p><strong>Perfil olfativo :<\/strong><\/p>\n<p><b>Afrutado.<\/b><\/p>","protected":false},"featured_media":31781,"template":"","meta":[],"product_brand":[],"product_cat":[313],"product_tag":[],"class_list":{"0":"post-31714","1":"product","2":"type-product","3":"status-publish","4":"has-post-thumbnail","6":"product_cat-convivium-paris-cp","8":"first","9":"instock","10":"taxable","11":"shipping-taxable","12":"purchasable","13":"product-type-simple"},"yoast_head":"<!-- This site is optimized with the Yoast SEO plugin v27.5 - https:\/\/yoast.com\/product\/yoast-seo-wordpress\/ -->\n<title>Ma\u00efa Convivium Paris | Extrait de parfum en 50ml<\/title>\n<meta name=\"description\" content=\"Shoppez sans plus attendre l&#039;extrait de parfum Ma\u00efa 50ml Collection Priv\u00e9e (Convivium Paris). Livraison rapide et soign\u00e9e !\" \/>\n<meta name=\"robots\" content=\"index, follow, max-snippet:-1, max-image-preview:large, max-video-preview:-1\" \/>\n<link rel=\"canonical\" href=\"https:\/\/lescollectionsprivees.com\/es\/fragancia\/perfume-maia-collection-privee-convivium-paris\/\" \/>\n<meta property=\"og:locale\" content=\"es_ES\" \/>\n<meta property=\"og:type\" content=\"article\" \/>\n<meta property=\"og:title\" content=\"Ma\u00efa Convivium Paris | Extrait de parfum en 50ml\" \/>\n<meta property=\"og:description\" content=\"Shoppez sans plus attendre l&#039;extrait de parfum Ma\u00efa 50ml Collection Priv\u00e9e (Convivium Paris). Livraison rapide et soign\u00e9e !\" \/>\n<meta property=\"og:url\" content=\"https:\/\/lescollectionsprivees.com\/es\/fragancia\/perfume-maia-collection-privee-convivium-paris\/\" \/>\n<meta property=\"og:site_name\" content=\"Les Collections Priv\u00e9es\" \/>\n<meta property=\"article:modified_time\" content=\"2025-08-10T11:31:23+00:00\" \/>\n<meta property=\"og:image\" content=\"https:\/\/lescollectionsprivees.com\/wp-content\/uploads\/2024\/11\/Extrait-de-parfum-Maia-Collection-Privee-Convivium-Paris.jpg\" \/>\n\t<meta property=\"og:image:width\" content=\"600\" \/>\n\t<meta property=\"og:image:height\" content=\"600\" \/>\n\t<meta property=\"og:image:type\" content=\"image\/jpeg\" \/>\n<meta name=\"twitter:card\" content=\"summary_large_image\" \/>\n<meta name=\"twitter:label1\" content=\"Tiempo de lectura\" \/>\n\t<meta name=\"twitter:data1\" content=\"1 minuto\" \/>\n<script type=\"application\/ld+json\" class=\"yoast-schema-graph\">{\"@context\":\"https:\\\/\\\/schema.org\",\"@graph\":[{\"@type\":\"WebPage\",\"@id\":\"https:\\\/\\\/lescollectionsprivees.com\\\/parfum\\\/parfum-maia-collection-privee-convivium-paris\\\/\",\"url\":\"https:\\\/\\\/lescollectionsprivees.com\\\/parfum\\\/parfum-maia-collection-privee-convivium-paris\\\/\",\"name\":\"Ma\u00efa Convivium Paris | Extrait de parfum en 50ml\",\"isPartOf\":{\"@id\":\"https:\\\/\\\/lescollectionsprivees.com\\\/#website\"},\"primaryImageOfPage\":{\"@id\":\"https:\\\/\\\/lescollectionsprivees.com\\\/parfum\\\/parfum-maia-collection-privee-convivium-paris\\\/#primaryimage\"},\"image\":{\"@id\":\"https:\\\/\\\/lescollectionsprivees.com\\\/parfum\\\/parfum-maia-collection-privee-convivium-paris\\\/#primaryimage\"},\"thumbnailUrl\":\"https:\\\/\\\/lescollectionsprivees.com\\\/wp-content\\\/uploads\\\/2024\\\/11\\\/Extrait-de-parfum-Maia-Collection-Privee-Convivium-Paris.jpg\",\"datePublished\":\"2024-11-03T16:53:28+00:00\",\"dateModified\":\"2025-08-10T11:31:23+00:00\",\"description\":\"Shoppez sans plus attendre l'extrait de parfum Ma\u00efa 50ml Collection Priv\u00e9e (Convivium Paris). Livraison rapide et soign\u00e9e !\",\"breadcrumb\":{\"@id\":\"https:\\\/\\\/lescollectionsprivees.com\\\/parfum\\\/parfum-maia-collection-privee-convivium-paris\\\/#breadcrumb\"},\"inLanguage\":\"es\",\"potentialAction\":[{\"@type\":\"ReadAction\",\"target\":[\"https:\\\/\\\/lescollectionsprivees.com\\\/parfum\\\/parfum-maia-collection-privee-convivium-paris\\\/\"]}]},{\"@type\":\"ImageObject\",\"inLanguage\":\"es\",\"@id\":\"https:\\\/\\\/lescollectionsprivees.com\\\/parfum\\\/parfum-maia-collection-privee-convivium-paris\\\/#primaryimage\",\"url\":\"https:\\\/\\\/lescollectionsprivees.com\\\/wp-content\\\/uploads\\\/2024\\\/11\\\/Extrait-de-parfum-Maia-Collection-Privee-Convivium-Paris.jpg\",\"contentUrl\":\"https:\\\/\\\/lescollectionsprivees.com\\\/wp-content\\\/uploads\\\/2024\\\/11\\\/Extrait-de-parfum-Maia-Collection-Privee-Convivium-Paris.jpg\",\"width\":600,\"height\":600,\"caption\":\"Extrait de parfum Ma\u00efa - Collection Priv\u00e9e (Convivium Paris)\"},{\"@type\":\"BreadcrumbList\",\"@id\":\"https:\\\/\\\/lescollectionsprivees.com\\\/parfum\\\/parfum-maia-collection-privee-convivium-paris\\\/#breadcrumb\",\"itemListElement\":[{\"@type\":\"ListItem\",\"position\":1,\"name\":\"Accueil\",\"item\":\"https:\\\/\\\/lescollectionsprivees.com\\\/\"},{\"@type\":\"ListItem\",\"position\":2,\"name\":\"Boutique\",\"item\":\"https:\\\/\\\/lescollectionsprivees.com\\\/boutique\\\/\"},{\"@type\":\"ListItem\",\"position\":3,\"name\":\"Extrait de parfum Ma\u00efa &#8211; Collection Priv\u00e9e (Convivium Paris)\"}]},{\"@type\":\"WebSite\",\"@id\":\"https:\\\/\\\/lescollectionsprivees.com\\\/#website\",\"url\":\"https:\\\/\\\/lescollectionsprivees.com\\\/\",\"name\":\"Les Collections Priv\u00e9es\",\"description\":\"\",\"publisher\":{\"@id\":\"https:\\\/\\\/lescollectionsprivees.com\\\/#organization\"},\"potentialAction\":[{\"@type\":\"SearchAction\",\"target\":{\"@type\":\"EntryPoint\",\"urlTemplate\":\"https:\\\/\\\/lescollectionsprivees.com\\\/?s={search_term_string}\"},\"query-input\":{\"@type\":\"PropertyValueSpecification\",\"valueRequired\":true,\"valueName\":\"search_term_string\"}}],\"inLanguage\":\"es\"},{\"@type\":\"Organization\",\"@id\":\"https:\\\/\\\/lescollectionsprivees.com\\\/#organization\",\"name\":\"Les Collections Priv\u00e9es\",\"url\":\"https:\\\/\\\/lescollectionsprivees.com\\\/\",\"logo\":{\"@type\":\"ImageObject\",\"inLanguage\":\"es\",\"@id\":\"https:\\\/\\\/lescollectionsprivees.com\\\/#\\\/schema\\\/logo\\\/image\\\/\",\"url\":\"https:\\\/\\\/lescollectionsprivees.com\\\/wp-content\\\/uploads\\\/2020\\\/02\\\/Logo-Les-Collections-Priv\u00e9es-450x450-1.png\",\"contentUrl\":\"https:\\\/\\\/lescollectionsprivees.com\\\/wp-content\\\/uploads\\\/2020\\\/02\\\/Logo-Les-Collections-Priv\u00e9es-450x450-1.png\",\"width\":450,\"height\":450,\"caption\":\"Les Collections Priv\u00e9es\"},\"image\":{\"@id\":\"https:\\\/\\\/lescollectionsprivees.com\\\/#\\\/schema\\\/logo\\\/image\\\/\"}}]}<\/script>\n<!-- \/ Yoast SEO plugin. -->","yoast_head_json":{"title":"Ma\u00efa Convivium Paris | Extracto de Perfume 50ml","description":"Comprar Ma\u00efa extracto de perfume 50ml Collection Priv\u00e9e (Convivium Paris) ahora. \u00a1Entrega r\u00e1pida y meticulosa!","robots":{"index":"index","follow":"follow","max-snippet":"max-snippet:-1","max-image-preview":"max-image-preview:large","max-video-preview":"max-video-preview:-1"},"canonical":"https:\/\/lescollectionsprivees.com\/es\/fragancia\/perfume-maia-collection-privee-convivium-paris\/","og_locale":"es_ES","og_type":"article","og_title":"Ma\u00efa Convivium Paris | Extrait de parfum en 50ml","og_description":"Shoppez sans plus attendre l'extrait de parfum Ma\u00efa 50ml Collection Priv\u00e9e (Convivium Paris). Livraison rapide et soign\u00e9e !","og_url":"https:\/\/lescollectionsprivees.com\/es\/fragancia\/perfume-maia-collection-privee-convivium-paris\/","og_site_name":"Les Collections Priv\u00e9es","article_modified_time":"2025-08-10T11:31:23+00:00","og_image":[{"width":600,"height":600,"url":"https:\/\/lescollectionsprivees.com\/wp-content\/uploads\/2024\/11\/Extrait-de-parfum-Maia-Collection-Privee-Convivium-Paris.jpg","type":"image\/jpeg"}],"twitter_card":"summary_large_image","twitter_misc":{"Tiempo de lectura":"1 minuto"},"schema":{"@context":"https:\/\/schema.org","@graph":[{"@type":"WebPage","@id":"https:\/\/lescollectionsprivees.com\/parfum\/parfum-maia-collection-privee-convivium-paris\/","url":"https:\/\/lescollectionsprivees.com\/parfum\/parfum-maia-collection-privee-convivium-paris\/","name":"Ma\u00efa Convivium Paris | Extracto de Perfume 50ml","isPartOf":{"@id":"https:\/\/lescollectionsprivees.com\/#website"},"primaryImageOfPage":{"@id":"https:\/\/lescollectionsprivees.com\/parfum\/parfum-maia-collection-privee-convivium-paris\/#primaryimage"},"image":{"@id":"https:\/\/lescollectionsprivees.com\/parfum\/parfum-maia-collection-privee-convivium-paris\/#primaryimage"},"thumbnailUrl":"https:\/\/lescollectionsprivees.com\/wp-content\/uploads\/2024\/11\/Extrait-de-parfum-Maia-Collection-Privee-Convivium-Paris.jpg","datePublished":"2024-11-03T16:53:28+00:00","dateModified":"2025-08-10T11:31:23+00:00","description":"Comprar Ma\u00efa extracto de perfume 50ml Collection Priv\u00e9e (Convivium Paris) ahora. \u00a1Entrega r\u00e1pida y meticulosa!","breadcrumb":{"@id":"https:\/\/lescollectionsprivees.com\/parfum\/parfum-maia-collection-privee-convivium-paris\/#breadcrumb"},"inLanguage":"es","potentialAction":[{"@type":"ReadAction","target":["https:\/\/lescollectionsprivees.com\/parfum\/parfum-maia-collection-privee-convivium-paris\/"]}]},{"@type":"ImageObject","inLanguage":"es","@id":"https:\/\/lescollectionsprivees.com\/parfum\/parfum-maia-collection-privee-convivium-paris\/#primaryimage","url":"https:\/\/lescollectionsprivees.com\/wp-content\/uploads\/2024\/11\/Extrait-de-parfum-Maia-Collection-Privee-Convivium-Paris.jpg","contentUrl":"https:\/\/lescollectionsprivees.com\/wp-content\/uploads\/2024\/11\/Extrait-de-parfum-Maia-Collection-Privee-Convivium-Paris.jpg","width":600,"height":600,"caption":"Extrait de parfum Ma\u00efa - Collection Priv\u00e9e (Convivium Paris)"},{"@type":"BreadcrumbList","@id":"https:\/\/lescollectionsprivees.com\/parfum\/parfum-maia-collection-privee-convivium-paris\/#breadcrumb","itemListElement":[{"@type":"ListItem","position":1,"name":"Accueil","item":"https:\/\/lescollectionsprivees.com\/"},{"@type":"ListItem","position":2,"name":"Boutique","item":"https:\/\/lescollectionsprivees.com\/boutique\/"},{"@type":"ListItem","position":3,"name":"Extrait de parfum Ma\u00efa &#8211; Collection Priv\u00e9e (Convivium Paris)"}]},{"@type":"WebSite","@id":"https:\/\/lescollectionsprivees.com\/#website","url":"https:\/\/lescollectionsprivees.com\/","name":"Colecciones privadas","description":"","publisher":{"@id":"https:\/\/lescollectionsprivees.com\/#organization"},"potentialAction":[{"@type":"SearchAction","target":{"@type":"EntryPoint","urlTemplate":"https:\/\/lescollectionsprivees.com\/?s={search_term_string}"},"query-input":{"@type":"PropertyValueSpecification","valueRequired":true,"valueName":"search_term_string"}}],"inLanguage":"es"},{"@type":"Organization","@id":"https:\/\/lescollectionsprivees.com\/#organization","name":"Colecciones privadas","url":"https:\/\/lescollectionsprivees.com\/","logo":{"@type":"ImageObject","inLanguage":"es","@id":"https:\/\/lescollectionsprivees.com\/#\/schema\/logo\/image\/","url":"https:\/\/lescollectionsprivees.com\/wp-content\/uploads\/2020\/02\/Logo-Les-Collections-Priv\u00e9es-450x450-1.png","contentUrl":"https:\/\/lescollectionsprivees.com\/wp-content\/uploads\/2020\/02\/Logo-Les-Collections-Priv\u00e9es-450x450-1.png","width":450,"height":450,"caption":"Les Collections Priv\u00e9es"},"image":{"@id":"https:\/\/lescollectionsprivees.com\/#\/schema\/logo\/image\/"}}]}},"_links":{"self":[{"href":"https:\/\/lescollectionsprivees.com\/es\/wp-json\/wp\/v2\/product\/31714","targetHints":{"allow":["GET"]}}],"collection":[{"href":"https:\/\/lescollectionsprivees.com\/es\/wp-json\/wp\/v2\/product"}],"about":[{"href":"https:\/\/lescollectionsprivees.com\/es\/wp-json\/wp\/v2\/types\/product"}],"wp:featuredmedia":[{"embeddable":true,"href":"https:\/\/lescollectionsprivees.com\/es\/wp-json\/wp\/v2\/media\/31781"}],"wp:attachment":[{"href":"https:\/\/lescollectionsprivees.com\/es\/wp-json\/wp\/v2\/media?parent=31714"}],"wp:term":[{"taxonomy":"product_brand","embeddable":true,"href":"https:\/\/lescollectionsprivees.com\/es\/wp-json\/wp\/v2\/product_brand?post=31714"},{"taxonomy":"product_cat","embeddable":true,"href":"https:\/\/lescollectionsprivees.com\/es\/wp-json\/wp\/v2\/product_cat?post=31714"},{"taxonomy":"product_tag","embeddable":true,"href":"https:\/\/lescollectionsprivees.com\/es\/wp-json\/wp\/v2\/product_tag?post=31714"}],"curies":[{"name":"wp","href":"https:\/\/api.w.org\/{rel}","templated":true}]}}